{"id":889,"date":"2024-10-09T14:49:40","date_gmt":"2024-10-09T12:49:40","guid":{"rendered":"https:\/\/www.marmottine.fr\/mag\/?page_id=889"},"modified":"2024-10-11T08:37:27","modified_gmt":"2024-10-11T06:37:27","slug":"bijoux-personnalises-en-bois","status":"publish","type":"page","link":"https:\/\/www.marmottine.fr\/mag\/guides\/bijoux-personnalises\/matieres\/bijoux-personnalises-en-bois","title":{"rendered":"Quel prix pour des bijoux personnalis\u00e9s en bois ?"},"content":{"rendered":"<h1><span class=\"ez-toc-section\" id=\"Quel_prix_pour_des_bijoux_personnalises_en_bois\"><\/span><b>Quel prix pour des bijoux personnalis\u00e9s en bois ?<\/b><span class=\"ez-toc-section-end\"><\/span><\/h1><div id=\"ez-toc-container\" class=\"ez-toc-v2_0_69_1 counter-hierarchy ez-toc-counter ez-toc-grey ez-toc-container-direction\">\n<div class=\"ez-toc-title-container\">\n<p class=\"ez-toc-title\" style=\"cursor:inherit\">Sommaire<\/p>\n<span class=\"ez-toc-title-toggle\"><a href=\"#\" class=\"ez-toc-pull-right ez-toc-btn ez-toc-btn-xs ez-toc-btn-default ez-toc-toggle\" aria-label=\"Toggle Table of Content\"><span class=\"ez-toc-js-icon-con\"><span class=\"\"><span class=\"eztoc-hide\" style=\"display:none;\">Toggle<\/span><span class=\"ez-toc-icon-toggle-span\"><svg style=\"fill: #999;color:#999\" xmlns=\"http:\/\/www.w3.org\/2000\/svg\" class=\"list-377408\" width=\"20px\" height=\"20px\" viewBox=\"0 0 24 24\" fill=\"none\"><path d=\"M6 6H4v2h2V6zm14 0H8v2h12V6zM4 11h2v2H4v-2zm16 0H8v2h12v-2zM4 16h2v2H4v-2zm16 0H8v2h12v-2z\" fill=\"currentColor\"><\/path><\/svg><svg style=\"fill: #999;color:#999\" class=\"arrow-unsorted-368013\" xmlns=\"http:\/\/www.w3.org\/2000\/svg\" width=\"10px\" height=\"10px\" viewBox=\"0 0 24 24\" version=\"1.2\" baseProfile=\"tiny\"><path d=\"M18.2 9.3l-6.2-6.3-6.2 6.3c-.2.2-.3.4-.3.7s.1.5.3.7c.2.2.4.3.7.3h11c.3 0 .5-.1.7-.3.2-.2.3-.5.3-.7s-.1-.5-.3-.7zM5.8 14.7l6.2 6.3 6.2-6.3c.2-.2.3-.5.3-.7s-.1-.5-.3-.7c-.2-.2-.4-.3-.7-.3h-11c-.3 0-.5.1-.7.3-.2.2-.3.5-.3.7s.1.5.3.7z\"\/><\/svg><\/span><\/span><\/span><\/a><\/span><\/div>\n<nav><ul class='ez-toc-list ez-toc-list-level-1 ' ><li class='ez-toc-page-1 ez-toc-heading-level-1'><a class=\"ez-toc-link ez-toc-heading-1\" href=\"https:\/\/www.marmottine.fr\/mag\/guides\/bijoux-personnalises\/matieres\/bijoux-personnalises-en-bois\/#Quel_prix_pour_des_bijoux_personnalises_en_bois\" title=\"Quel prix pour des bijoux personnalis\u00e9s en bois ?\">Quel prix pour des bijoux personnalis\u00e9s en bois ?<\/a><ul class='ez-toc-list-level-2' ><li class='ez-toc-heading-level-2'><a class=\"ez-toc-link ez-toc-heading-2\" href=\"https:\/\/www.marmottine.fr\/mag\/guides\/bijoux-personnalises\/matieres\/bijoux-personnalises-en-bois\/#Pourquoi_choisir_des_bijoux_personnalises_en_bois\" title=\"Pourquoi choisir des bijoux personnalis\u00e9s en bois ?\">Pourquoi choisir des bijoux personnalis\u00e9s en bois ?<\/a><\/li><li class='ez-toc-page-1 ez-toc-heading-level-2'><a class=\"ez-toc-link ez-toc-heading-3\" href=\"https:\/\/www.marmottine.fr\/mag\/guides\/bijoux-personnalises\/matieres\/bijoux-personnalises-en-bois\/#Les_facteurs_influencant_le_prix_des_bijoux_en_bois_personnalises\" title=\"Les facteurs influen\u00e7ant le prix des bijoux en bois personnalis\u00e9s\">Les facteurs influen\u00e7ant le prix des bijoux en bois personnalis\u00e9s<\/a><\/li><li class='ez-toc-page-1 ez-toc-heading-level-2'><a class=\"ez-toc-link ez-toc-heading-4\" href=\"https:\/\/www.marmottine.fr\/mag\/guides\/bijoux-personnalises\/matieres\/bijoux-personnalises-en-bois\/#Quel_prix_pour_des_bijoux_en_bois_personnalisables\" title=\"Quel prix pour des bijoux en bois personnalisables ?\">Quel prix pour des bijoux en bois personnalisables ?<\/a><\/li><li class='ez-toc-page-1 ez-toc-heading-level-2'><a class=\"ez-toc-link ez-toc-heading-5\" href=\"https:\/\/www.marmottine.fr\/mag\/guides\/bijoux-personnalises\/matieres\/bijoux-personnalises-en-bois\/#Comment_choisir_le_bon_artisan_pour_ses_bijoux_en_bois_personnalises\" title=\"Comment choisir le bon artisan pour ses bijoux en bois personnalis\u00e9s ?\">Comment choisir le bon artisan pour ses bijoux en bois personnalis\u00e9s ?<\/a><\/li><\/ul><\/li><\/ul><\/nav><\/div>\n\n<figure id=\"attachment_938\" aria-describedby=\"caption-attachment-938\" style=\"width: 1200px\" class=\"wp-caption alignnone\"><img loading=\"lazy\" decoding=\"async\" class=\"size-full wp-image-938\" src=\"https:\/\/www.marmottine.fr\/mag\/wp-content\/uploads\/2024\/10\/bijou-bois.jpg\" alt=\"bijou bois\" width=\"1200\" height=\"800\" srcset=\"https:\/\/www.marmottine.fr\/mag\/wp-content\/uploads\/2024\/10\/bijou-bois.jpg 1200w, https:\/\/www.marmottine.fr\/mag\/wp-content\/uploads\/2024\/10\/bijou-bois-300x200.jpg 300w, https:\/\/www.marmottine.fr\/mag\/wp-content\/uploads\/2024\/10\/bijou-bois-1024x683.jpg 1024w, https:\/\/www.marmottine.fr\/mag\/wp-content\/uploads\/2024\/10\/bijou-bois-768x512.jpg 768w\" sizes=\"(max-width: 1200px) 100vw, 1200px\" \/><figcaption id=\"caption-attachment-938\" class=\"wp-caption-text\">bijou bois<\/figcaption><\/figure>\n<p><span style=\"font-weight: 400;\">Caract\u00e8re fort et unique, le charme des <\/span><b>bijoux artisanaux et naturels en bois<\/b><span style=\"font-weight: 400;\"> s\u00e9duit de plus en plus. Le bois, <strong>mat\u00e9riau traditionnel de la personnalisation<\/strong>, sera id\u00e9al pour offrir ou s&rsquo;offrir un cadeau original. Alliant esth\u00e9tique, \u00e9thique et cr\u00e9ativit\u00e9, les bijoux en bois personnalis\u00e9s sont des pi\u00e8ces uniques que l&rsquo;on garde avec soin et qui ne peuvent \u00eatre trouv\u00e9es nul part ailleurs. Comprenez ce qui influe sur le prix de ces cr\u00e9ations gr\u00e2ce \u00e0 notre guide complet et faites <a href=\"https:\/\/www.marmottine.fr\/mag\/guides\/bijoux-personnalises\/matieres\">le bon choix en fonction de la mati\u00e8re du bijou<\/a>, de <\/span><b>vos envies et de votre budget<\/b><span style=\"font-weight: 400;\"> !\u00a0<\/span><\/p>\n<h2><span class=\"ez-toc-section\" id=\"Pourquoi_choisir_des_bijoux_personnalises_en_bois\"><\/span><b>Pourquoi choisir des bijoux personnalis\u00e9s en bois ?<\/b><span class=\"ez-toc-section-end\"><\/span><\/h2>\n<p><span style=\"font-weight: 400;\">Les bijoux en bois personnalis\u00e9s ont de multiples avantages. Tout d&rsquo;abord, ils sont <\/span><b>\u00e9cologiques<\/b><span style=\"font-weight: 400;\">. Et oui, car la plupart du temps ces <span style=\"text-decoration: underline;\">bijoux sont produits \u00e0 partir de bois issus du circuit durable<\/span> : un choix responsable donc pour l&rsquo;environnement. En plus d&rsquo;\u00eatre \u00e9cologiques, ils sont \u00e9galement <\/span><b>\u00e9conomiques<\/b><span style=\"font-weight: 400;\"> : on les trouve en g\u00e9n\u00e9ral \u00e0 des prix bien moins \u00e9lev\u00e9s que les bijoux con\u00e7us en mati\u00e8res et pierres pr\u00e9cieuses.\u00a0<\/span><\/p>\n<p><span style=\"font-weight: 400;\">On peut aussi leur attribuer des qualit\u00e9s <\/span><b>esth\u00e9tiques et de confort<\/b><span style=\"font-weight: 400;\"> : ce type de cr\u00e9ations sont l\u00e9g\u00e8res et souvent plus agr\u00e9ables \u00e0 porter que d&rsquo;autres sortes de bijoux. Le bois offre aussi et surtout des <\/span><b>options de personnalisation quasi-infinies<\/b><span style=\"font-weight: 400;\">. Du choix du bois \u00e0 la gravure en passant par l&rsquo;incrustation de mat\u00e9riaux externes, chaque bijoux en bois est r\u00e9alis\u00e9 avec soin pour r\u00e9pondre \u00e0 vos besoins, \u00e0 vos envies et vous permettre ainsi d&rsquo;obtenir un r\u00e9sultat qui refl\u00e8te vos go\u00fbts et votre personnalit\u00e9 !\u00a0<\/span><\/p>\n<h2><span class=\"ez-toc-section\" id=\"Les_facteurs_influencant_le_prix_des_bijoux_en_bois_personnalises\"><\/span><b>Les facteurs influen\u00e7ant le prix des bijoux en bois personnalis\u00e9s<\/b><span class=\"ez-toc-section-end\"><\/span><\/h2>\n<p><span style=\"font-weight: 400;\">\u00c0 la vue de tous les avantages offerts par ce type de bijoux, on peut rapidement se poser des questions quant <span style=\"text-decoration: underline;\">au prix de ces r\u00e9alisations<\/span>. Voici donc les diff\u00e9rents facteurs qui vont impacter le prix de ces cr\u00e9ations :<\/span><\/p>\n<ul>\n<li style=\"font-weight: 400;\" aria-level=\"1\"><span style=\"font-weight: 400;\">Le <\/span><b>type de bois<\/b><span style=\"font-weight: 400;\"> utilis\u00e9 : si vous optez pour un bois rare, il est tout \u00e0 fait \u00e9vident que le prix du bijoux obtenu sera plus \u00e9lev\u00e9 que si vous choisissez un bois plus classique.<\/span><\/li>\n<li style=\"font-weight: 400;\" aria-level=\"1\"><span style=\"font-weight: 400;\">Le <\/span><b>niveau de personnalisation<\/b><span style=\"font-weight: 400;\"> souhait\u00e9 : du simple ajout d&rsquo;une gravure \u00e0 l&rsquo;incrustation de pierres pr\u00e9cieuses, le prix d&rsquo;un bijoux en bois personnalis\u00e9 peut consid\u00e9rablement varier en fonction du niveau de personnalisation du produit. Une demande complexe n\u00e9cessite forc\u00e9ment plus de temps et donc un tarif plus \u00e9lev\u00e9.<\/span><\/li>\n<li style=\"font-weight: 400;\" aria-level=\"1\"><span style=\"font-weight: 400;\">Le <\/span><b>temps de fabrication<\/b><span style=\"font-weight: 400;\"> n\u00e9cessaire : comme nous venons de bri\u00e8vement l&rsquo;\u00e9voquer, le temps pass\u00e9 \u00e0 la cr\u00e9ation aura son r\u00f4le \u00e0 jouer dans le montant final du bijoux.<\/span><\/li>\n<li style=\"font-weight: 400;\" aria-level=\"1\"><span style=\"font-weight: 400;\">Le <\/span><b>niveau de savoir-faire de l&rsquo;artisan<\/b><span style=\"font-weight: 400;\"> : sachez aussi qu&rsquo;en faisant appel \u00e0 des professionnels renomm\u00e9s, le prix de la facture risque de grimper car vous paierez pour un savoir-faire plus grand, issus de plusieurs ann\u00e9es de travail.<\/span><\/li>\n<li style=\"font-weight: 400;\" aria-level=\"1\"><span style=\"font-weight: 400;\">Les finitions et autres mat\u00e9riaux utilis\u00e9s : de toute \u00e9vidence, ajouter des finitions sophistiqu\u00e9es \u00e0 votre bijou en fera augmenter la valeur. Il s&rsquo;agit donc d&rsquo;un aspect \u00e0 garder en t\u00eate pour ne pas d\u00e9passer votre budget.<\/span><\/li>\n<\/ul>\n<p><span style=\"font-weight: 400;\">Si nous connaissons maintenant les <\/span><b>facteurs qui influent sur le prix d&rsquo;un bijou personnalis\u00e9 en bois<\/b><span style=\"font-weight: 400;\">, on ne sait toujours pas vraiment quel budget pr\u00e9voir pour ce type de cr\u00e9ation. Et bien, c&rsquo;est ce que nous allons voir tout de suite !\u00a0<\/span><\/p>\n<h2><span class=\"ez-toc-section\" id=\"Quel_prix_pour_des_bijoux_en_bois_personnalisables\"><\/span><b>Quel prix pour des bijoux en bois personnalisables ?<\/b><span class=\"ez-toc-section-end\"><\/span><\/h2>\n<figure id=\"attachment_939\" aria-describedby=\"caption-attachment-939\" style=\"width: 1198px\" class=\"wp-caption alignnone\"><img loading=\"lazy\" decoding=\"async\" class=\"size-full wp-image-939\" src=\"https:\/\/www.marmottine.fr\/mag\/wp-content\/uploads\/2024\/10\/bijou-en-bois.jpg\" alt=\"bijou en bois\" width=\"1198\" height=\"800\" srcset=\"https:\/\/www.marmottine.fr\/mag\/wp-content\/uploads\/2024\/10\/bijou-en-bois.jpg 1198w, https:\/\/www.marmottine.fr\/mag\/wp-content\/uploads\/2024\/10\/bijou-en-bois-300x200.jpg 300w, https:\/\/www.marmottine.fr\/mag\/wp-content\/uploads\/2024\/10\/bijou-en-bois-1024x684.jpg 1024w, https:\/\/www.marmottine.fr\/mag\/wp-content\/uploads\/2024\/10\/bijou-en-bois-768x513.jpg 768w\" sizes=\"(max-width: 1198px) 100vw, 1198px\" \/><figcaption id=\"caption-attachment-939\" class=\"wp-caption-text\">bijou en bois<\/figcaption><\/figure>\n<p><span style=\"font-weight: 400;\">Pour vous donner une id\u00e9e pr\u00e9cise, voici quelques <\/span><b>prix indicatifs<\/b><span style=\"font-weight: 400;\"> que vous pourrez retrouver si vous souhaitez faire l&rsquo;acquisition d&rsquo;un bijou personnalis\u00e9 en bois. Un <\/span><b>bracelet en bois<\/b><span style=\"font-weight: 400;\"> par exemple, peut voir son prix varier entre 20 et 150 euros en fonction de diff\u00e9rents crit\u00e8res : bois utilis\u00e9s, gravures ou encore incrustation.<\/span><\/p>\n<p><span style=\"font-weight: 400;\">Les <\/span><b>colliers<\/b><span style=\"font-weight: 400;\"> quant \u00e0 eux peuvent voir leur prix varier de 30 \u00e0 200 euros pour les plus chers. En effet, ce type de pi\u00e8ce est tout simplement plus grande qu&rsquo;un bracelet. Cela demande donc naturellement plus de temps et de ressources, ce qui fait augmenter le prix. Les <\/span><b>bagues ou les boucles d&rsquo;oreilles<\/b><span style=\"font-weight: 400;\"> en bois peuvent s&rsquo;acheter pour 30 euros pour les moins ch\u00e8res, et pour plus de 100 euros pour les plus grands.\u00a0<\/span><\/p>\n<p><span style=\"font-weight: 400;\">Ces diff\u00e9rences s&rsquo;expliquent par la finesse et la minutie demand\u00e9es lors de la conception de ces bijoux. Comme vous le voyez, <span style=\"text-decoration: underline;\">malgr\u00e9 des prix tr\u00e8s variables<\/span>, il semble qu&rsquo;il faille <\/span><b>compter en moyenne 50 euros pour un bijou en bois<\/b><span style=\"font-weight: 400;\"> ne n\u00e9cessitant pas un travail trop complexe et de trop grande ampleur.\u00a0<\/span><\/p>\n<h2><span class=\"ez-toc-section\" id=\"Comment_choisir_le_bon_artisan_pour_ses_bijoux_en_bois_personnalises\"><\/span><b>Comment choisir le bon artisan pour ses bijoux en bois personnalis\u00e9s ?<\/b><span class=\"ez-toc-section-end\"><\/span><\/h2>\n<p><span style=\"font-weight: 400;\">Votre choix de cadeau est fait : cette ann\u00e9e, vous opterez pour un <strong>bijoux en bois personnalis\u00e9<\/strong> ! Excellente d\u00e9cision, mais maintenant, il vous faudra <\/span><b>trouver un partenaire de confiance<\/b><span style=\"font-weight: 400;\"> pour mener \u00e0 bien la r\u00e9alisation de votre projet. Pour choisir le prestataire id\u00e9al, voici quelques pistes. Vous pouvez commencer par regarder les avis laiss\u00e9s par les pr\u00e9c\u00e9dents acheteurs sur les moteurs de recherche. Si cela peut vous aiguiller dans un premier temps, ce n&rsquo;est s\u00fbrement pas suffisant pour faire votre choix. Faites une premi\u00e8re s\u00e9lection des artisans qui vous int\u00e9ressent, puis demandez-leur de voir des exemples de leurs r\u00e9alisations.<\/span><\/p>\n<p><span style=\"font-weight: 400;\"><span style=\"text-decoration: underline;\">Si le style montr\u00e9 vous correspond<\/span>, n&rsquo;h\u00e9sitez pas \u00e0 entrer dans les d\u00e9tails et \u00e0 pr\u00e9senter votre projet au professionnel pour que vous puissiez voir ensemble les possibilit\u00e9s et les <\/span><b>modalit\u00e9s de r\u00e9alisation<\/b><span style=\"font-weight: 400;\">. Enfin, vous pourrez demander plusieurs devis aupr\u00e8s de diff\u00e9rents prestataires pour ensuite comparer et faire votre choix final.\u00a0<\/span><\/p>\n<p><span style=\"font-weight: 400;\">Et voil\u00e0 ! Vous savez maintenant tout ce qu&rsquo;il y a \u00e0 savoir sur l&rsquo;achat de bijoux en bois personnalis\u00e9. Vous h\u00e9sitez encore ? Sachez que vous pouvez retrouver de nombreux conseils sur notre site. Vous \u00eates s\u00fbrs de vous ? Alors nous vous invitons \u00e0 d\u00e9couvrir notre <\/span><b>collection de bijoux uniques, personnalisables et de qualit\u00e9<\/b><span style=\"font-weight: 400;\"> con\u00e7us pour durer et r\u00e9pondre \u00e0 toutes vos attentes et vos besoins ! La Marmottine, ce sont des centaines de r\u00e9f\u00e9rences propos\u00e9es par nos soins depuis bient\u00f4t 20 ans. V\u00e9ritables piliers dans le domaine, nous avons \u00e0 c\u0153ur de vous proposer un choix vari\u00e9 de cr\u00e9ations en bois personnalis\u00e9es pour toutes vos occasions !\u00a0<\/span><\/p>\n<p><span style=\"font-weight: 400;\">Une question ? Besoin d&rsquo;un conseil ? Nous sommes l\u00e0 pour vous aider. N&rsquo;h\u00e9sitez pas \u00e0 nous contacter et nous serons ravis de faire de votre projet une r\u00e9alit\u00e9. En attendant, nous vous souhaitons une agr\u00e9able visite de notre boutique en ligne et esp\u00e9rons que ces quelques conseils vous aideront dans votre projet d&rsquo;achat de bijoux personnalis\u00e9s en bois.\u00a0<\/span><\/p>\n","protected":false},"excerpt":{"rendered":"<p>Quel prix pour des bijoux personnalis\u00e9s en bois ? Caract\u00e8re fort et unique, le charme des bijoux artisanaux et naturels [&hellip;]<\/p>\n","protected":false},"author":4,"featured_media":938,"parent":854,"menu_order":12,"comment_status":"closed","ping_status":"closed","template":"","meta":{"site-sidebar-layout":"default","site-content-layout":"","ast-site-content-layout":"default","site-content-style":"default","site-sidebar-style":"default","ast-global-header-display":"","ast-banner-title-visibility":"","ast-main-header-display":"","ast-hfb-above-header-display":"","ast-hfb-below-header-display":"","ast-hfb-mobile-header-display":"","site-post-title":"","ast-breadcrumbs-content":"","ast-featured-img":"","footer-sml-layout":"","theme-transparent-header-meta":"default","adv-header-id-meta":"","stick-header-meta":"","header-above-stick-meta":"","header-main-stick-meta":"","header-below-stick-meta":"","astra-migrate-meta-layouts":"set","ast-page-background-enabled":"default","ast-page-background-meta":{"desktop":{"background-color":"var(--ast-global-color-4)","background-image":"","background-repeat":"repeat","background-position":"center center","background-size":"auto","background-attachment":"scroll","background-type":"","background-media":"","overlay-type":"","overlay-color":"","overlay-gradient":""},"tablet":{"background-color":"","background-image":"","background-repeat":"repeat","background-position":"center center","background-size":"auto","background-attachment":"scroll","background-type":"","background-media":"","overlay-type":"","overlay-color":"","overlay-gradient":""},"mobile":{"background-color":"","background-image":"","background-repeat":"repeat","background-position":"center center","background-size":"auto","background-attachment":"scroll","background-type":"","background-media":"","overlay-type":"","overlay-color":"","overlay-gradient":""}},"ast-content-background-meta":{"desktop":{"background-color":"var(--ast-global-color-5)","background-image":"","background-repeat":"repeat","background-position":"center center","background-size":"auto","background-attachment":"scroll","background-type":"","background-media":"","overlay-type":"","overlay-color":"","overlay-gradient":""},"tablet":{"background-color":"var(--ast-global-color-5)","background-image":"","background-repeat":"repeat","background-position":"center center","background-size":"auto","background-attachment":"scroll","background-type":"","background-media":"","overlay-type":"","overlay-color":"","overlay-gradient":""},"mobile":{"background-color":"var(--ast-global-color-5)","background-image":"","background-repeat":"repeat","background-position":"center center","background-size":"auto","background-attachment":"scroll","background-type":"","background-media":"","overlay-type":"","overlay-color":"","overlay-gradient":""}},"footnotes":""},"aioseo_notices":[],"_links":{"self":[{"href":"https:\/\/www.marmottine.fr\/mag\/wp-json\/wp\/v2\/pages\/889"}],"collection":[{"href":"https:\/\/www.marmottine.fr\/mag\/wp-json\/wp\/v2\/pages"}],"about":[{"href":"https:\/\/www.marmottine.fr\/mag\/wp-json\/wp\/v2\/types\/page"}],"author":[{"embeddable":true,"href":"https:\/\/www.marmottine.fr\/mag\/wp-json\/wp\/v2\/users\/4"}],"replies":[{"embeddable":true,"href":"https:\/\/www.marmottine.fr\/mag\/wp-json\/wp\/v2\/comments?post=889"}],"version-history":[{"count":4,"href":"https:\/\/www.marmottine.fr\/mag\/wp-json\/wp\/v2\/pages\/889\/revisions"}],"predecessor-version":[{"id":950,"href":"https:\/\/www.marmottine.fr\/mag\/wp-json\/wp\/v2\/pages\/889\/revisions\/950"}],"up":[{"embeddable":true,"href":"https:\/\/www.marmottine.fr\/mag\/wp-json\/wp\/v2\/pages\/854"}],"wp:featuredmedia":[{"embeddable":true,"href":"https:\/\/www.marmottine.fr\/mag\/wp-json\/wp\/v2\/media\/938"}],"wp:attachment":[{"href":"https:\/\/www.marmottine.fr\/mag\/wp-json\/wp\/v2\/media?parent=889"}],"curies":[{"name":"wp","href":"https:\/\/api.w.org\/{rel}","templated":true}]}}