{"id":882,"date":"2024-10-09T13:52:51","date_gmt":"2024-10-09T11:52:51","guid":{"rendered":"https:\/\/www.marmottine.fr\/mag\/?page_id=882"},"modified":"2024-10-11T08:37:04","modified_gmt":"2024-10-11T06:37:04","slug":"bijoux-personnalises-en-metal","status":"publish","type":"page","link":"https:\/\/www.marmottine.fr\/mag\/guides\/bijoux-personnalises\/matieres\/bijoux-personnalises-en-metal","title":{"rendered":"Quel prix pour les bijoux personnalis\u00e9s en m\u00e9tal ?"},"content":{"rendered":"<h1><span class=\"ez-toc-section\" id=\"Quel_prix_pour_les_bijoux_personnalises_en_metal\"><\/span><b>Quel prix pour les bijoux personnalis\u00e9s en m\u00e9tal ?<\/b><span class=\"ez-toc-section-end\"><\/span><\/h1><div id=\"ez-toc-container\" class=\"ez-toc-v2_0_69_1 counter-hierarchy ez-toc-counter ez-toc-grey ez-toc-container-direction\">\n<div class=\"ez-toc-title-container\">\n<p class=\"ez-toc-title\" style=\"cursor:inherit\">Sommaire<\/p>\n<span class=\"ez-toc-title-toggle\"><a href=\"#\" class=\"ez-toc-pull-right ez-toc-btn ez-toc-btn-xs ez-toc-btn-default ez-toc-toggle\" aria-label=\"Toggle Table of Content\"><span class=\"ez-toc-js-icon-con\"><span class=\"\"><span class=\"eztoc-hide\" style=\"display:none;\">Toggle<\/span><span class=\"ez-toc-icon-toggle-span\"><svg style=\"fill: #999;color:#999\" xmlns=\"http:\/\/www.w3.org\/2000\/svg\" class=\"list-377408\" width=\"20px\" height=\"20px\" viewBox=\"0 0 24 24\" fill=\"none\"><path d=\"M6 6H4v2h2V6zm14 0H8v2h12V6zM4 11h2v2H4v-2zm16 0H8v2h12v-2zM4 16h2v2H4v-2zm16 0H8v2h12v-2z\" fill=\"currentColor\"><\/path><\/svg><svg style=\"fill: #999;color:#999\" class=\"arrow-unsorted-368013\" xmlns=\"http:\/\/www.w3.org\/2000\/svg\" width=\"10px\" height=\"10px\" viewBox=\"0 0 24 24\" version=\"1.2\" baseProfile=\"tiny\"><path d=\"M18.2 9.3l-6.2-6.3-6.2 6.3c-.2.2-.3.4-.3.7s.1.5.3.7c.2.2.4.3.7.3h11c.3 0 .5-.1.7-.3.2-.2.3-.5.3-.7s-.1-.5-.3-.7zM5.8 14.7l6.2 6.3 6.2-6.3c.2-.2.3-.5.3-.7s-.1-.5-.3-.7c-.2-.2-.4-.3-.7-.3h-11c-.3 0-.5.1-.7.3-.2.2-.3.5-.3.7s.1.5.3.7z\"\/><\/svg><\/span><\/span><\/span><\/a><\/span><\/div>\n<nav><ul class='ez-toc-list ez-toc-list-level-1 ' ><li class='ez-toc-page-1 ez-toc-heading-level-1'><a class=\"ez-toc-link ez-toc-heading-1\" href=\"https:\/\/www.marmottine.fr\/mag\/guides\/bijoux-personnalises\/matieres\/bijoux-personnalises-en-metal\/#Quel_prix_pour_les_bijoux_personnalises_en_metal\" title=\"Quel prix pour les bijoux personnalis\u00e9s en m\u00e9tal ?\">Quel prix pour les bijoux personnalis\u00e9s en m\u00e9tal ?<\/a><ul class='ez-toc-list-level-2' ><li class='ez-toc-heading-level-2'><a class=\"ez-toc-link ez-toc-heading-2\" href=\"https:\/\/www.marmottine.fr\/mag\/guides\/bijoux-personnalises\/matieres\/bijoux-personnalises-en-metal\/#Voici_comment_sont_constitues_les_frais_des_bijoux_personnalises_en_metal\" title=\"Voici comment sont constitu\u00e9s les frais des bijoux personnalis\u00e9s en m\u00e9tal\">Voici comment sont constitu\u00e9s les frais des bijoux personnalis\u00e9s en m\u00e9tal<\/a><ul class='ez-toc-list-level-3' ><li class='ez-toc-heading-level-3'><a class=\"ez-toc-link ez-toc-heading-3\" href=\"https:\/\/www.marmottine.fr\/mag\/guides\/bijoux-personnalises\/matieres\/bijoux-personnalises-en-metal\/#1_Le_materiau\" title=\"1. Le mat\u00e9riau\">1. Le mat\u00e9riau<\/a><\/li><li class='ez-toc-page-1 ez-toc-heading-level-3'><a class=\"ez-toc-link ez-toc-heading-4\" href=\"https:\/\/www.marmottine.fr\/mag\/guides\/bijoux-personnalises\/matieres\/bijoux-personnalises-en-metal\/#2_Le_sertissage\" title=\"2. Le sertissage\">2. Le sertissage<\/a><\/li><li class='ez-toc-page-1 ez-toc-heading-level-3'><a class=\"ez-toc-link ez-toc-heading-5\" href=\"https:\/\/www.marmottine.fr\/mag\/guides\/bijoux-personnalises\/matieres\/bijoux-personnalises-en-metal\/#3_La_gravure\" title=\"3. La gravure\">3. La gravure<\/a><\/li><li class='ez-toc-page-1 ez-toc-heading-level-3'><a class=\"ez-toc-link ez-toc-heading-6\" href=\"https:\/\/www.marmottine.fr\/mag\/guides\/bijoux-personnalises\/matieres\/bijoux-personnalises-en-metal\/#4_La_qualite\" title=\"4. La qualit\u00e9\">4. La qualit\u00e9<\/a><\/li><li class='ez-toc-page-1 ez-toc-heading-level-3'><a class=\"ez-toc-link ez-toc-heading-7\" href=\"https:\/\/www.marmottine.fr\/mag\/guides\/bijoux-personnalises\/matieres\/bijoux-personnalises-en-metal\/#5_Les_fournisseurs_dalliances\" title=\"5. Les fournisseurs d&rsquo;alliances\">5. Les fournisseurs d&rsquo;alliances<\/a><\/li><\/ul><\/li><li class='ez-toc-page-1 ez-toc-heading-level-2'><a class=\"ez-toc-link ez-toc-heading-8\" href=\"https:\/\/www.marmottine.fr\/mag\/guides\/bijoux-personnalises\/matieres\/bijoux-personnalises-en-metal\/#Couts_particuliers_cas_des_alliances_en_metal\" title=\"Co\u00fbts particuliers : cas des alliances en m\u00e9tal\">Co\u00fbts particuliers : cas des alliances en m\u00e9tal<\/a><ul class='ez-toc-list-level-3' ><li class='ez-toc-heading-level-3'><a class=\"ez-toc-link ez-toc-heading-9\" href=\"https:\/\/www.marmottine.fr\/mag\/guides\/bijoux-personnalises\/matieres\/bijoux-personnalises-en-metal\/#Agrandir_ou_reduire_lalliance_en_metal_couts\" title=\"Agrandir ou r\u00e9duire l&rsquo;alliance en m\u00e9tal : co\u00fbts\">Agrandir ou r\u00e9duire l&rsquo;alliance en m\u00e9tal : co\u00fbts<\/a><\/li><li class='ez-toc-page-1 ez-toc-heading-level-3'><a class=\"ez-toc-link ez-toc-heading-10\" href=\"https:\/\/www.marmottine.fr\/mag\/guides\/bijoux-personnalises\/matieres\/bijoux-personnalises-en-metal\/#Couts_de_la_transformation_dune_ancienne_alliance_en_metal\" title=\"Co\u00fbts de la transformation d&rsquo;une ancienne alliance en m\u00e9tal\">Co\u00fbts de la transformation d&rsquo;une ancienne alliance en m\u00e9tal<\/a><\/li><\/ul><\/li><li class='ez-toc-page-1 ez-toc-heading-level-2'><a class=\"ez-toc-link ez-toc-heading-11\" href=\"https:\/\/www.marmottine.fr\/mag\/guides\/bijoux-personnalises\/matieres\/bijoux-personnalises-en-metal\/#Comment_trouver_le_bon_prix_pour_votre_bijou_personnalise_en_metal\" title=\"Comment trouver le bon prix pour votre bijou personnalis\u00e9 en m\u00e9tal ?\">Comment trouver le bon prix pour votre bijou personnalis\u00e9 en m\u00e9tal ?<\/a><\/li><li class='ez-toc-page-1 ez-toc-heading-level-2'><a class=\"ez-toc-link ez-toc-heading-12\" href=\"https:\/\/www.marmottine.fr\/mag\/guides\/bijoux-personnalises\/matieres\/bijoux-personnalises-en-metal\/#Acheter_des_bijoux_personnalises_en_metal_et_pas_cher_chez_nous\" title=\"Acheter des bijoux personnalis\u00e9s en m\u00e9tal et pas cher chez nous\">Acheter des bijoux personnalis\u00e9s en m\u00e9tal et pas cher chez nous<\/a><\/li><li class='ez-toc-page-1 ez-toc-heading-level-2'><a class=\"ez-toc-link ez-toc-heading-13\" href=\"https:\/\/www.marmottine.fr\/mag\/guides\/bijoux-personnalises\/matieres\/bijoux-personnalises-en-metal\/#Conclusion\" title=\"Conclusion\">Conclusion<\/a><\/li><\/ul><\/li><\/ul><\/nav><\/div>\n\n<figure id=\"attachment_924\" aria-describedby=\"caption-attachment-924\" style=\"width: 1200px\" class=\"wp-caption alignnone\"><img loading=\"lazy\" decoding=\"async\" class=\"size-full wp-image-924\" src=\"https:\/\/www.marmottine.fr\/mag\/wp-content\/uploads\/2024\/10\/bijoux-personnalises-metal.jpg\" alt=\"bijoux personnalises metal\" width=\"1200\" height=\"800\" srcset=\"https:\/\/www.marmottine.fr\/mag\/wp-content\/uploads\/2024\/10\/bijoux-personnalises-metal.jpg 1200w, https:\/\/www.marmottine.fr\/mag\/wp-content\/uploads\/2024\/10\/bijoux-personnalises-metal-300x200.jpg 300w, https:\/\/www.marmottine.fr\/mag\/wp-content\/uploads\/2024\/10\/bijoux-personnalises-metal-1024x683.jpg 1024w, https:\/\/www.marmottine.fr\/mag\/wp-content\/uploads\/2024\/10\/bijoux-personnalises-metal-768x512.jpg 768w\" sizes=\"(max-width: 1200px) 100vw, 1200px\" \/><figcaption id=\"caption-attachment-924\" class=\"wp-caption-text\">bijoux personnalises m\u00e9tal<\/figcaption><\/figure>\n<p><b>Les co\u00fbts des bijoux personnalis\u00e9s en m\u00e9tal<\/b><span style=\"font-weight: 400;\"> varient consid\u00e9rablement. Ils d\u00e9pendent de facteurs tels que les mat\u00e9riaux, les d\u00e9tails (gravures, sertissage des pierres, etc.), la fabrication et le fournisseur.\u00a0<\/span><\/p>\n<p><span style=\"font-weight: 400;\">Dans cet article, vous d\u00e9couvrirez \u00e0 quels co\u00fbts vous devez vous attendre pour l&rsquo;<\/span><b>achat de bijoux personnalis\u00e9s<\/b><span style=\"font-weight: 400;\"> en m\u00e9tal. De quoi d\u00e9pendent ces co\u00fbts et comment vous pouvez finalement <a href=\"https:\/\/www.marmottine.fr\/mag\/guides\/bijoux-personnalises\/matieres\">trouver des bijoux personnalis\u00e9s selon leur mati\u00e8re<\/a> qui correspondent \u00e0 votre budget<\/span><\/p>\n<h2><span class=\"ez-toc-section\" id=\"Voici_comment_sont_constitues_les_frais_des_bijoux_personnalises_en_metal\"><\/span><b>Voici comment sont constitu\u00e9s les frais des bijoux personnalis\u00e9s en m\u00e9tal<\/b><span class=\"ez-toc-section-end\"><\/span><\/h2>\n<p><span style=\"font-weight: 400;\">Le co\u00fbt de ces bijoux d\u00e9pend de divers facteurs. Ci-dessous, nous aimerions vous pr\u00e9senter les plus importants d\u2019entre eux.<\/span><\/p>\n<h3><span class=\"ez-toc-section\" id=\"1_Le_materiau\"><\/span><b>1. Le mat\u00e9riau<\/b><span class=\"ez-toc-section-end\"><\/span><\/h3>\n<p><span style=\"font-weight: 400;\">L\u2019un des <\/span><b>facteurs cl\u00e9s affectant le prix des bijoux personnalis\u00e9s en m\u00e9tal<\/b><span style=\"font-weight: 400;\"> est le mat\u00e9riau. Que vous choisissiez des bijoux en argent, en or, en platine, en titane ou en acier, cela fait (entre autres) une grande diff\u00e9rence sur le co\u00fbt total de votre article.<\/span><\/p>\n<h3><span class=\"ez-toc-section\" id=\"2_Le_sertissage\"><\/span><b>2. Le sertissage<\/b><span class=\"ez-toc-section-end\"><\/span><\/h3>\n<p><span style=\"font-weight: 400;\">Diamant, oui ou non ? Du point de vue du co\u00fbt, cette question est importante. En effet, les diamants font grimper le <\/span><b>prix d&rsquo;un bijou<\/b><span style=\"font-weight: 400;\"> de mani\u00e8re significative. Mais, combien co\u00fbte concr\u00e8tement un bijou avec diamant ? Le prix final d\u00e9pend de facteurs tels que la puret\u00e9 et le nombre de pierres ainsi que le nombre total de carats. Il est donc impossible de fixer le prix d&rsquo;un bijou serti de diamants.<\/span><\/p>\n<p><span style=\"font-weight: 400;\">En r\u00e8gle g\u00e9n\u00e9rale, plus les diamants ont de carats (donc de poids), plus ils sont chers. Les gros diamants sont plus rares et, pour cette seule raison, plus chers que les petits.<\/span><\/p>\n<p><span style=\"font-weight: 400;\">Si votre bijou est serti de pierres, mais que vous ne souhaitez pas d\u00e9penser autant, le zircon pourrait \u00eatre le bon choix pour vous : il s&rsquo;agit de pierres pr\u00e9cieuses (lorsqu&rsquo;elles sont bien taill\u00e9es) qu&rsquo;il est impossible de distinguer des vrais diamants, du moins pour les non-initi\u00e9s. Les diamants artificiels, qui sont cultiv\u00e9s en laboratoire au lieu d&rsquo;\u00eatre extraits dans des mines, constituent en outre une nouvelle variante plus durable.<\/span><\/p>\n<p><span style=\"font-weight: 400;\">Important \u00e0 savoir : si les zircons offrent une alternative plus abordable au diamant, leur duret\u00e9 moindre les rend moins r\u00e9sistants aux rayures et \u00e0 l&rsquo;usure \u00e0 long terme.<\/span><\/p>\n<h3><span class=\"ez-toc-section\" id=\"3_La_gravure\"><\/span><b>3. La gravure<\/b><span class=\"ez-toc-section-end\"><\/span><\/h3>\n<p><span style=\"font-weight: 400;\">La gravure est l&rsquo;un des moyens les plus populaires de personnaliser les bijoux. Mais, elle repr\u00e9sente aussi un facteur de co\u00fbt suppl\u00e9mentaire. Selon le type, la taille et le travail n\u00e9cessaire, <\/span><b>le co\u00fbt d&rsquo;une gravure<\/b><span style=\"font-weight: 400;\"> augmente plus ou moins le prix total.<\/span><\/p>\n<p><span style=\"font-weight: 400;\">Quoi qu&rsquo;il en soit, les id\u00e9es de gravure de bijoux en m\u00e9tal sont nombreuses. Si vous souhaitez embellir les v\u00f4tres avec une gravure personnalis\u00e9e, vous pouvez le faire.<\/span><\/p>\n<h3><span class=\"ez-toc-section\" id=\"4_La_qualite\"><\/span><b>4. La qualit\u00e9<\/b><span class=\"ez-toc-section-end\"><\/span><\/h3>\n<p><span style=\"font-weight: 400;\">En principe, c&rsquo;est \u00e0 vous de d\u00e9cider quel revendeur de bijoux vous convient le mieux. Si vous \u00eates satisfait de l&rsquo;encadrement, du service et du prix, le revendeur en question est probablement celui qu&rsquo;il vous faut. Chez nous, par exemple, vous trouverez des bijoux en m\u00e9tal fabriqu\u00e9s par des cr\u00e9ateurs locaux ici en France. Ceux-ci garantissent un haut niveau de qualit\u00e9 et d&rsquo;originalit\u00e9.<\/span><\/p>\n<h3><span class=\"ez-toc-section\" id=\"5_Les_fournisseurs_dalliances\"><\/span><b>5. Les fournisseurs d&rsquo;alliances<\/b><span class=\"ez-toc-section-end\"><\/span><\/h3>\n<p><span style=\"font-weight: 400;\">Choisissez un fournisseur qui vous offre un service de qualit\u00e9, une assistance sur-mesure et des prix \u00e0 la hauteur de vos attentes. Les co\u00fbts varient en fonction de l&rsquo;endroit o\u00f9 vous commandez ou faites fabriquer vos bijoux en m\u00e9tal. Alors, faites le bon choix et commandez sur notre site.<\/span><\/p>\n<h2><span class=\"ez-toc-section\" id=\"Couts_particuliers_cas_des_alliances_en_metal\"><\/span><b>Co\u00fbts particuliers : cas des alliances en m\u00e9tal<\/b><span class=\"ez-toc-section-end\"><\/span><\/h2>\n<figure id=\"attachment_923\" aria-describedby=\"caption-attachment-923\" style=\"width: 1200px\" class=\"wp-caption alignnone\"><img loading=\"lazy\" decoding=\"async\" class=\"size-full wp-image-923\" src=\"https:\/\/www.marmottine.fr\/mag\/wp-content\/uploads\/2024\/10\/bague-personnalisable-metal.jpg\" alt=\"bague personnalisable metal\" width=\"1200\" height=\"800\" srcset=\"https:\/\/www.marmottine.fr\/mag\/wp-content\/uploads\/2024\/10\/bague-personnalisable-metal.jpg 1200w, https:\/\/www.marmottine.fr\/mag\/wp-content\/uploads\/2024\/10\/bague-personnalisable-metal-300x200.jpg 300w, https:\/\/www.marmottine.fr\/mag\/wp-content\/uploads\/2024\/10\/bague-personnalisable-metal-1024x683.jpg 1024w, https:\/\/www.marmottine.fr\/mag\/wp-content\/uploads\/2024\/10\/bague-personnalisable-metal-768x512.jpg 768w\" sizes=\"(max-width: 1200px) 100vw, 1200px\" \/><figcaption id=\"caption-attachment-923\" class=\"wp-caption-text\">bague personnalisable metal<\/figcaption><\/figure>\n<p><span style=\"font-weight: 400;\">\u00c0 quoi faut-il penser lors de l&rsquo;achat d&rsquo;alliances en m\u00e9tal ? Dans certains cas, <\/span><b>les alliances en m\u00e9tal co\u00fbtent de l&rsquo;argent<\/b><span style=\"font-weight: 400;\">, non seulement au d\u00e9but, mais \u00e9galement au fil des ann\u00e9es et de leur utilisation. Nous vous indiquons ci-dessous les co\u00fbts suppl\u00e9mentaires que vous pourriez avoir \u00e0 supporter.<\/span><\/p>\n<h3><span class=\"ez-toc-section\" id=\"Agrandir_ou_reduire_lalliance_en_metal_couts\"><\/span><b>Agrandir ou r\u00e9duire l&rsquo;alliance en m\u00e9tal : co\u00fbts<\/b><span class=\"ez-toc-section-end\"><\/span><\/h3>\n<p><span style=\"font-weight: 400;\">Il peut arriver qu&rsquo;avec le temps, ces alliances ne s&rsquo;ajustent plus correctement ; elles peuvent devenir trop \u00e9troites ou trop larges. Seul un agrandissement ou une r\u00e9duction professionnelle de l&rsquo;alliance peut y rem\u00e9dier. Les prix varient ici en fonction de la complexit\u00e9.<\/span><\/p>\n<h3><span class=\"ez-toc-section\" id=\"Couts_de_la_transformation_dune_ancienne_alliance_en_metal\"><\/span><b>Co\u00fbts de la transformation d&rsquo;une ancienne alliance en m\u00e9tal<\/b><span class=\"ez-toc-section-end\"><\/span><\/h3>\n<p><span style=\"font-weight: 400;\">Les transformations sont toujours individuelles, c&rsquo;est pourquoi les prix varient aussi fortement. En fonction de ce que vous souhaitez faire modifier sur vos <\/span><b>alliances en m\u00e9tal<\/b><span style=\"font-weight: 400;\">, vous devez vous attendre \u00e0 des co\u00fbts plus ou moins \u00e9lev\u00e9s.<\/span><\/p>\n<h2><span class=\"ez-toc-section\" id=\"Comment_trouver_le_bon_prix_pour_votre_bijou_personnalise_en_metal\"><\/span><b>Comment trouver le bon prix pour votre bijou personnalis\u00e9 en m\u00e9tal ?<\/b><span class=\"ez-toc-section-end\"><\/span><\/h2>\n<p><span style=\"font-weight: 400;\">Nous vous recommandons de ne pas d\u00e9penser plus que ce que vous pouvez supporter pour un bijou personnalis\u00e9 en m\u00e9tal. Si l&rsquo;investissement fait un trou dans votre budget, vous ne pourrez pas (s&rsquo;il s&rsquo;agit par exemple, d&rsquo;un cadeau pour un proche) offrir ce bijou sans avoir un sentiment de malaise. Et, cela ne devrait pas \u00eatre le cas pour un si bel acte !<\/span><\/p>\n<p><span style=\"font-weight: 400;\">Posez-vous les questions suivantes avant d&rsquo;acheter :<\/span><\/p>\n<ul>\n<li style=\"font-weight: 400;\" aria-level=\"1\"><span style=\"font-weight: 400;\">Est-ce que j&rsquo;ai actuellement des \u00e9conomies dont je peux disposer librement ?<\/span><\/li>\n<li style=\"font-weight: 400;\" aria-level=\"1\"><span style=\"font-weight: 400;\">Des d\u00e9penses importantes sont-elles pr\u00e9vues prochainement ?<\/span><\/li>\n<li style=\"font-weight: 400;\" aria-level=\"1\"><span style=\"font-weight: 400;\">Ai-je besoin d&rsquo;un coussin financier pour une raison quelconque ?<\/span><\/li>\n<\/ul>\n<p><span style=\"font-weight: 400;\">Une fois que vous aurez r\u00e9pondu \u00e0 ces questions, il vous sera peut-\u00eatre plus facile de calculer le montant dont vous disposez pour <\/span><b>un bijou personnalis\u00e9 en m\u00e9tal<\/b><span style=\"font-weight: 400;\">. De plus, il est important de savoir \u00e0 quoi ressemble votre style de vie en dehors des d\u00e9penses n\u00e9cessaires.<\/span><\/p>\n<h2><span class=\"ez-toc-section\" id=\"Acheter_des_bijoux_personnalises_en_metal_et_pas_cher_chez_nous\"><\/span><b>Acheter des bijoux personnalis\u00e9s en m\u00e9tal et pas cher chez nous<\/b><span class=\"ez-toc-section-end\"><\/span><\/h2>\n<figure id=\"attachment_925\" aria-describedby=\"caption-attachment-925\" style=\"width: 1200px\" class=\"wp-caption alignnone\"><img loading=\"lazy\" decoding=\"async\" class=\"size-full wp-image-925\" src=\"https:\/\/www.marmottine.fr\/mag\/wp-content\/uploads\/2024\/10\/pendentif-personnalise-or-1.jpg\" alt=\"pendentif personnalise or\" width=\"1200\" height=\"800\" srcset=\"https:\/\/www.marmottine.fr\/mag\/wp-content\/uploads\/2024\/10\/pendentif-personnalise-or-1.jpg 1200w, https:\/\/www.marmottine.fr\/mag\/wp-content\/uploads\/2024\/10\/pendentif-personnalise-or-1-300x200.jpg 300w, https:\/\/www.marmottine.fr\/mag\/wp-content\/uploads\/2024\/10\/pendentif-personnalise-or-1-1024x683.jpg 1024w, https:\/\/www.marmottine.fr\/mag\/wp-content\/uploads\/2024\/10\/pendentif-personnalise-or-1-768x512.jpg 768w\" sizes=\"(max-width: 1200px) 100vw, 1200px\" \/><figcaption id=\"caption-attachment-925\" class=\"wp-caption-text\">pendentif personnalise or<\/figcaption><\/figure>\n<p><span style=\"font-weight: 400;\">Si vous avez encore des doutes quant au choix du cadeau \u00e0 offrir \u00e0 un proche, nous avons la solution pour vous ! Qu&rsquo;il s&rsquo;agisse d&rsquo;un anniversaire, de la Saint-Valentin ou de tout autre \u00e9v\u00e9nement marquant, un bijou personnalis\u00e9 en m\u00e9tal est un pr\u00e9sent unique et charg\u00e9 d&rsquo;\u00e9motion. Il existe une large gamme de bijoux personnalis\u00e9s en m\u00e9tal dans notre boutique en ligne. Entre bagues, bracelets, cha\u00eenes et pendentifs, vous trouverez forc\u00e9ment le bijou qui vous convient. Vous pouvez \u00e9galement y <\/span><b>commander des alliances et des bagues de fian\u00e7ailles sur mesure<\/b><span style=\"font-weight: 400;\">.\u00a0<\/span><\/p>\n<p><span style=\"font-weight: 400;\">Pour tout <\/span><b>achat de bijoux en m\u00e9tal avec personnalisation<\/b><span style=\"font-weight: 400;\">, contactez-nous ! Surtout, n&rsquo;h\u00e9sitez pas \u00e0 nous demander des conseils, nous vous ferons un plaisir de vous guider.<\/span><\/p>\n<h2><span class=\"ez-toc-section\" id=\"Conclusion\"><\/span><b>Conclusion<\/b><span class=\"ez-toc-section-end\"><\/span><\/h2>\n<p><span style=\"font-weight: 400;\">Le <\/span><b>co\u00fbt des bijoux personnalis\u00e9s en m\u00e9tal<\/b><span style=\"font-weight: 400;\"> d\u00e9pend de diff\u00e9rents facteurs tels que le mat\u00e9riau, la qualit\u00e9, les d\u00e9tails comme les pierres et les gravures ainsi que le fournisseur. Vous seul devez d\u00e9cider quels aspects de vos bijoux sont importants pour vous et pour quel montant vous souhaitez d\u00e9penser. Aucune r\u00e8gle n&rsquo;existe concernant le montant que vous \u00ab devriez \u00bb d\u00e9penser pour ceux-ci. Ce qui compte, c&rsquo;est que vous soyez satisfait des bijoux et des co\u00fbts qui y sont li\u00e9s.<\/span><\/p>\n","protected":false},"excerpt":{"rendered":"<p>Quel prix pour les bijoux personnalis\u00e9s en m\u00e9tal ? Les co\u00fbts des bijoux personnalis\u00e9s en m\u00e9tal varient consid\u00e9rablement. Ils d\u00e9pendent [&hellip;]<\/p>\n","protected":false},"author":4,"featured_media":0,"parent":854,"menu_order":9,"comment_status":"closed","ping_status":"closed","template":"","meta":{"site-sidebar-layout":"default","site-content-layout":"","ast-site-content-layout":"default","site-content-style":"default","site-sidebar-style":"default","ast-global-header-display":"","ast-banner-title-visibility":"","ast-main-header-display":"","ast-hfb-above-header-display":"","ast-hfb-below-header-display":"","ast-hfb-mobile-header-display":"","site-post-title":"","ast-breadcrumbs-content":"","ast-featured-img":"","footer-sml-layout":"","theme-transparent-header-meta":"default","adv-header-id-meta":"","stick-header-meta":"","header-above-stick-meta":"","header-main-stick-meta":"","header-below-stick-meta":"","astra-migrate-meta-layouts":"set","ast-page-background-enabled":"default","ast-page-background-meta":{"desktop":{"background-color":"var(--ast-global-color-4)","background-image":"","background-repeat":"repeat","background-position":"center center","background-size":"auto","background-attachment":"scroll","background-type":"","background-media":"","overlay-type":"","overlay-color":"","overlay-gradient":""},"tablet":{"background-color":"","background-image":"","background-repeat":"repeat","background-position":"center center","background-size":"auto","background-attachment":"scroll","background-type":"","background-media":"","overlay-type":"","overlay-color":"","overlay-gradient":""},"mobile":{"background-color":"","background-image":"","background-repeat":"repeat","background-position":"center center","background-size":"auto","background-attachment":"scroll","background-type":"","background-media":"","overlay-type":"","overlay-color":"","overlay-gradient":""}},"ast-content-background-meta":{"desktop":{"background-color":"var(--ast-global-color-5)","background-image":"","background-repeat":"repeat","background-position":"center center","background-size":"auto","background-attachment":"scroll","background-type":"","background-media":"","overlay-type":"","overlay-color":"","overlay-gradient":""},"tablet":{"background-color":"var(--ast-global-color-5)","background-image":"","background-repeat":"repeat","background-position":"center center","background-size":"auto","background-attachment":"scroll","background-type":"","background-media":"","overlay-type":"","overlay-color":"","overlay-gradient":""},"mobile":{"background-color":"var(--ast-global-color-5)","background-image":"","background-repeat":"repeat","background-position":"center center","background-size":"auto","background-attachment":"scroll","background-type":"","background-media":"","overlay-type":"","overlay-color":"","overlay-gradient":""}},"footnotes":""},"aioseo_notices":[],"_links":{"self":[{"href":"https:\/\/www.marmottine.fr\/mag\/wp-json\/wp\/v2\/pages\/882"}],"collection":[{"href":"https:\/\/www.marmottine.fr\/mag\/wp-json\/wp\/v2\/pages"}],"about":[{"href":"https:\/\/www.marmottine.fr\/mag\/wp-json\/wp\/v2\/types\/page"}],"author":[{"embeddable":true,"href":"https:\/\/www.marmottine.fr\/mag\/wp-json\/wp\/v2\/users\/4"}],"replies":[{"embeddable":true,"href":"https:\/\/www.marmottine.fr\/mag\/wp-json\/wp\/v2\/comments?post=882"}],"version-history":[{"count":4,"href":"https:\/\/www.marmottine.fr\/mag\/wp-json\/wp\/v2\/pages\/882\/revisions"}],"predecessor-version":[{"id":947,"href":"https:\/\/www.marmottine.fr\/mag\/wp-json\/wp\/v2\/pages\/882\/revisions\/947"}],"up":[{"embeddable":true,"href":"https:\/\/www.marmottine.fr\/mag\/wp-json\/wp\/v2\/pages\/854"}],"wp:attachment":[{"href":"https:\/\/www.marmottine.fr\/mag\/wp-json\/wp\/v2\/media?parent=882"}],"curies":[{"name":"wp","href":"https:\/\/api.w.org\/{rel}","templated":true}]}}