{"id":878,"date":"2024-10-09T13:50:18","date_gmt":"2024-10-09T11:50:18","guid":{"rendered":"https:\/\/www.marmottine.fr\/mag\/?page_id=878"},"modified":"2024-10-11T08:36:52","modified_gmt":"2024-10-11T06:36:52","slug":"bijoux-personnalises-en-or","status":"publish","type":"page","link":"https:\/\/www.marmottine.fr\/mag\/guides\/bijoux-personnalises\/matieres\/bijoux-personnalises-en-or","title":{"rendered":"Quel prix pour les bijoux personnalis\u00e9s en or ?"},"content":{"rendered":"<h1><span class=\"ez-toc-section\" id=\"Quel_prix_pour_les_bijoux_personnalises_en_or\"><\/span><b>Quel prix pour les bijoux personnalis\u00e9s en or ?<\/b><span class=\"ez-toc-section-end\"><\/span><\/h1><div id=\"ez-toc-container\" class=\"ez-toc-v2_0_69_1 counter-hierarchy ez-toc-counter ez-toc-grey ez-toc-container-direction\">\n<div class=\"ez-toc-title-container\">\n<p class=\"ez-toc-title\" style=\"cursor:inherit\">Sommaire<\/p>\n<span class=\"ez-toc-title-toggle\"><a href=\"#\" class=\"ez-toc-pull-right ez-toc-btn ez-toc-btn-xs ez-toc-btn-default ez-toc-toggle\" aria-label=\"Toggle Table of Content\"><span class=\"ez-toc-js-icon-con\"><span class=\"\"><span class=\"eztoc-hide\" style=\"display:none;\">Toggle<\/span><span class=\"ez-toc-icon-toggle-span\"><svg style=\"fill: #999;color:#999\" xmlns=\"http:\/\/www.w3.org\/2000\/svg\" class=\"list-377408\" width=\"20px\" height=\"20px\" viewBox=\"0 0 24 24\" fill=\"none\"><path d=\"M6 6H4v2h2V6zm14 0H8v2h12V6zM4 11h2v2H4v-2zm16 0H8v2h12v-2zM4 16h2v2H4v-2zm16 0H8v2h12v-2z\" fill=\"currentColor\"><\/path><\/svg><svg style=\"fill: #999;color:#999\" class=\"arrow-unsorted-368013\" xmlns=\"http:\/\/www.w3.org\/2000\/svg\" width=\"10px\" height=\"10px\" viewBox=\"0 0 24 24\" version=\"1.2\" baseProfile=\"tiny\"><path d=\"M18.2 9.3l-6.2-6.3-6.2 6.3c-.2.2-.3.4-.3.7s.1.5.3.7c.2.2.4.3.7.3h11c.3 0 .5-.1.7-.3.2-.2.3-.5.3-.7s-.1-.5-.3-.7zM5.8 14.7l6.2 6.3 6.2-6.3c.2-.2.3-.5.3-.7s-.1-.5-.3-.7c-.2-.2-.4-.3-.7-.3h-11c-.3 0-.5.1-.7.3-.2.2-.3.5-.3.7s.1.5.3.7z\"\/><\/svg><\/span><\/span><\/span><\/a><\/span><\/div>\n<nav><ul class='ez-toc-list ez-toc-list-level-1 ' ><li class='ez-toc-page-1 ez-toc-heading-level-1'><a class=\"ez-toc-link ez-toc-heading-1\" href=\"https:\/\/www.marmottine.fr\/mag\/guides\/bijoux-personnalises\/matieres\/bijoux-personnalises-en-or\/#Quel_prix_pour_les_bijoux_personnalises_en_or\" title=\"Quel prix pour les bijoux personnalis\u00e9s en or ?\">Quel prix pour les bijoux personnalis\u00e9s en or ?<\/a><ul class='ez-toc-list-level-2' ><li class='ez-toc-heading-level-2'><a class=\"ez-toc-link ez-toc-heading-2\" href=\"https:\/\/www.marmottine.fr\/mag\/guides\/bijoux-personnalises\/matieres\/bijoux-personnalises-en-or\/#Quels_bijoux_peuvent_etre_personnalises\" title=\"Quels bijoux peuvent \u00eatre personnalis\u00e9s ?\">Quels bijoux peuvent \u00eatre personnalis\u00e9s ?<\/a><ul class='ez-toc-list-level-3' ><li class='ez-toc-heading-level-3'><a class=\"ez-toc-link ez-toc-heading-3\" href=\"https:\/\/www.marmottine.fr\/mag\/guides\/bijoux-personnalises\/matieres\/bijoux-personnalises-en-or\/#Les_bagues_en_or\" title=\"Les bagues en or\">Les bagues en or<\/a><\/li><li class='ez-toc-page-1 ez-toc-heading-level-3'><a class=\"ez-toc-link ez-toc-heading-4\" href=\"https:\/\/www.marmottine.fr\/mag\/guides\/bijoux-personnalises\/matieres\/bijoux-personnalises-en-or\/#Les_boucles_doreilles_en_or\" title=\"Les boucles d&rsquo;oreilles en or\">Les boucles d&rsquo;oreilles en or<\/a><\/li><li class='ez-toc-page-1 ez-toc-heading-level-3'><a class=\"ez-toc-link ez-toc-heading-5\" href=\"https:\/\/www.marmottine.fr\/mag\/guides\/bijoux-personnalises\/matieres\/bijoux-personnalises-en-or\/#Les_colliers_en_or\" title=\"Les colliers en or\">Les colliers en or<\/a><\/li><li class='ez-toc-page-1 ez-toc-heading-level-3'><a class=\"ez-toc-link ez-toc-heading-6\" href=\"https:\/\/www.marmottine.fr\/mag\/guides\/bijoux-personnalises\/matieres\/bijoux-personnalises-en-or\/#Les_bracelets_en_or\" title=\"Les bracelets en or\">Les bracelets en or<\/a><\/li><li class='ez-toc-page-1 ez-toc-heading-level-3'><a class=\"ez-toc-link ez-toc-heading-7\" href=\"https:\/\/www.marmottine.fr\/mag\/guides\/bijoux-personnalises\/matieres\/bijoux-personnalises-en-or\/#Les_montres_en_or\" title=\"Les montres en or\">Les montres en or<\/a><\/li><\/ul><\/li><li class='ez-toc-page-1 ez-toc-heading-level-2'><a class=\"ez-toc-link ez-toc-heading-8\" href=\"https:\/\/www.marmottine.fr\/mag\/guides\/bijoux-personnalises\/matieres\/bijoux-personnalises-en-or\/#A_qui_offrir_des_bijoux_personnalises_en_or\" title=\"\u00c0 qui offrir des bijoux personnalis\u00e9s en or ?\">\u00c0 qui offrir des bijoux personnalis\u00e9s en or ?<\/a><\/li><li class='ez-toc-page-1 ez-toc-heading-level-2'><a class=\"ez-toc-link ez-toc-heading-9\" href=\"https:\/\/www.marmottine.fr\/mag\/guides\/bijoux-personnalises\/matieres\/bijoux-personnalises-en-or\/#Comment_choisir_les_options_de_personnalisation_des_bijoux_en_or\" title=\"Comment choisir les options de personnalisation des bijoux en or ?\">Comment choisir les options de personnalisation des bijoux en or ?<\/a><\/li><\/ul><\/li><\/ul><\/nav><\/div>\n\n<figure id=\"attachment_912\" aria-describedby=\"caption-attachment-912\" style=\"width: 1200px\" class=\"wp-caption alignnone\"><img loading=\"lazy\" decoding=\"async\" class=\"size-full wp-image-912\" src=\"https:\/\/www.marmottine.fr\/mag\/wp-content\/uploads\/2024\/10\/pendentif-personnalise-or.jpg\" alt=\"pendentif personnalise or\" width=\"1200\" height=\"800\" srcset=\"https:\/\/www.marmottine.fr\/mag\/wp-content\/uploads\/2024\/10\/pendentif-personnalise-or.jpg 1200w, https:\/\/www.marmottine.fr\/mag\/wp-content\/uploads\/2024\/10\/pendentif-personnalise-or-300x200.jpg 300w, https:\/\/www.marmottine.fr\/mag\/wp-content\/uploads\/2024\/10\/pendentif-personnalise-or-1024x683.jpg 1024w, https:\/\/www.marmottine.fr\/mag\/wp-content\/uploads\/2024\/10\/pendentif-personnalise-or-768x512.jpg 768w\" sizes=\"(max-width: 1200px) 100vw, 1200px\" \/><figcaption id=\"caption-attachment-912\" class=\"wp-caption-text\">pendentif personnalise or<\/figcaption><\/figure>\n<p><span style=\"font-weight: 400;\"><a href=\"https:\/\/www.marmottine.fr\/mag\/guides\/bijoux-personnalises\/matieres\">Personnaliser des bijoux selon la mati\u00e8re<\/a> est le meilleur moyen de cr\u00e9er des \u00e9l\u00e9ments uniques, personnels et qui ont une forte symbolique. Il s&rsquo;agit d&rsquo;une id\u00e9e de cadeau id\u00e9ale pour faire plaisir \u00e0 une personne qui vous est ch\u00e8re. Plusieurs types de bijoux en or peuvent \u00eatre personnalis\u00e9s, diff\u00e9rentes options sont disponibles et sont propos\u00e9es \u00e0 une large gamme de prix.<\/span><\/p>\n<h2><span class=\"ez-toc-section\" id=\"Quels_bijoux_peuvent_etre_personnalises\"><\/span><b>Quels bijoux peuvent \u00eatre personnalis\u00e9s ?<\/b><span class=\"ez-toc-section-end\"><\/span><\/h2>\n<p><span style=\"font-weight: 400;\">Une grande partie des bijoux peut \u00eatre personnalis\u00e9e. Sauf certaines exceptions, il est possible d&rsquo;ajouter une touche unique \u00e0 tous vos objets pr\u00e9cieux. Voici les bijoux qui sont le plus couramment personnalis\u00e9s aupr\u00e8s des professionnels.<\/span><\/p>\n<h3><span class=\"ez-toc-section\" id=\"Les_bagues_en_or\"><\/span><b>Les bagues en or<\/b><span class=\"ez-toc-section-end\"><\/span><\/h3>\n<p><span style=\"font-weight: 400;\">Les <\/span><b>bagues en or sont les bijoux les plus couramment personnalis\u00e9s<\/b><span style=\"font-weight: 400;\">. Elles peuvent avoir une tr\u00e8s forte symbolique, notamment lorsqu&rsquo;il s&rsquo;agit d&rsquo;une bague de fian\u00e7ailles ou de mariage. Il est donc logique de vouloir en faire des objets tr\u00e8s personnels et qui comprennent un \u00e9l\u00e9ment qui les d\u00e9marque.<\/span><\/p>\n<p><span style=\"font-weight: 400;\">La <\/span><b>personnalisation des bagues<\/b><span style=\"font-weight: 400;\"> peut \u00eatre faite de plusieurs fa\u00e7ons : gravures, insertion de pierres pr\u00e9cieuses, choix de la nature de l&rsquo;or, etc. Le plus souvent, les personnes qui souhaitent personnaliser leurs bagues optent pour la gravure. Que ce soit une date, des initiales, un message ou autres, cela leur octroie une grande valeur symbolique et les charge d&rsquo;un souvenir ind\u00e9l\u00e9bile. Le prix des bagues en or personnalis\u00e9es varie fortement en fonction de la valeur du bijou en lui-m\u00eame et des options de personnalisation choisies. Il peut aller de 200 \u20ac \u00e0 plusieurs milliers d&rsquo;euros.<\/span><\/p>\n<h3><span class=\"ez-toc-section\" id=\"Les_boucles_doreilles_en_or\"><\/span><b>Les boucles d&rsquo;oreilles en or<\/b><span class=\"ez-toc-section-end\"><\/span><\/h3>\n<p><span style=\"font-weight: 400;\">La <\/span><b>personnalisation des boucles d&rsquo;oreilles en or<\/b><span style=\"font-weight: 400;\"> est un peu particuli\u00e8re. Du fait de leur forme et de leur nature, ces bijoux offrent des options limit\u00e9es. Il est cependant possible de choisir le design, les pierres pr\u00e9cieuses et la forme du pendant.<\/span><\/p>\n<p><span style=\"font-weight: 400;\">Certains bijoutiers proposent de fa\u00e7onner les boucles d&rsquo;oreilles de sorte qu&rsquo;elles r\u00e9pondent \u00e0 toutes les envies. Du syst\u00e8me de fermeture au motif, en passant par le type de m\u00e9tal, vous pourrez cr\u00e9er un bijou qui vous correspond parfaitement. Le prix des boucles d&rsquo;oreilles en or personnalis\u00e9es sont disponibles \u00e0 des prix qui d\u00e9butent \u00e0 partir de 150 \u20ac. Toutefois, en fonction des options, ce prix peut vite d\u00e9passer les 1000 euros.<\/span><\/p>\n<h3><span class=\"ez-toc-section\" id=\"Les_colliers_en_or\"><\/span><b>Les colliers en or<\/b><span class=\"ez-toc-section-end\"><\/span><\/h3>\n<p><span style=\"font-weight: 400;\">Les colliers en or personnalis\u00e9s sont de v\u00e9ritables incontournables lorsqu&rsquo;il s&rsquo;agit d&rsquo;offrir un bijou unique. Un large choix d&rsquo;options de personnalisation est disponible : du choix du pendentif qui peut prendre toutes les formes, \u00e0 la forme des boucles de la cha\u00eene, les possibilit\u00e9s sont infinies.<\/span><\/p>\n<p><span style=\"font-weight: 400;\">Selon vos pr\u00e9f\u00e9rences et votre budget, vous pourrez choisir d&rsquo;ajouter des pierres pr\u00e9cieuses, des perles ou opter pour un m\u00e9daillon qui contient un message ou une photo. Le prix des colliers en or personnalis\u00e9s peut aller, pour ce type de bijou, de quelques centaines d&rsquo;euros \u00e0 plusieurs milliers d&rsquo;euros.<\/span><\/p>\n<h3><span class=\"ez-toc-section\" id=\"Les_bracelets_en_or\"><\/span><b>Les bracelets en or<\/b><span class=\"ez-toc-section-end\"><\/span><\/h3>\n<figure id=\"attachment_910\" aria-describedby=\"caption-attachment-910\" style=\"width: 1200px\" class=\"wp-caption alignnone\"><img loading=\"lazy\" decoding=\"async\" class=\"size-full wp-image-910\" src=\"https:\/\/www.marmottine.fr\/mag\/wp-content\/uploads\/2024\/10\/bracelet-personnalise-or.jpg\" alt=\"bracelet personnalise or\" width=\"1200\" height=\"800\" srcset=\"https:\/\/www.marmottine.fr\/mag\/wp-content\/uploads\/2024\/10\/bracelet-personnalise-or.jpg 1200w, https:\/\/www.marmottine.fr\/mag\/wp-content\/uploads\/2024\/10\/bracelet-personnalise-or-300x200.jpg 300w, https:\/\/www.marmottine.fr\/mag\/wp-content\/uploads\/2024\/10\/bracelet-personnalise-or-1024x683.jpg 1024w, https:\/\/www.marmottine.fr\/mag\/wp-content\/uploads\/2024\/10\/bracelet-personnalise-or-768x512.jpg 768w\" sizes=\"(max-width: 1200px) 100vw, 1200px\" \/><figcaption id=\"caption-attachment-910\" class=\"wp-caption-text\">bracelet personnalise or<\/figcaption><\/figure>\n<p><span style=\"font-weight: 400;\">Les <\/span><b>bracelets en or<\/b><span style=\"font-weight: 400;\"> sont g\u00e9n\u00e9ralement des bijoux offerts lors d&rsquo;occasions ou de c\u00e9l\u00e9brations sp\u00e9ciales. Il s&rsquo;agit \u00e9galement d&rsquo;\u00e9l\u00e9ments qui permettent d&rsquo;affirmer un style en ajoutant une touche unique.<\/span><\/p>\n<p><span style=\"font-weight: 400;\">Tr\u00e8s naturellement, de nombreuses personnes choisissent de personnaliser leurs bracelets en or. Pour ce faire, plusieurs options sont disponibles : choix des gravures, des formes, du type de m\u00e9tal ou encore du syst\u00e8me de fermeture.<\/span><\/p>\n<p><span style=\"font-weight: 400;\">Parmi les mod\u00e8les les plus populaires, on peut citer les bracelets \u00e0 breloques. Ces derniers offrent la possibilit\u00e9 d&rsquo;ajouter des charms. Ils s&rsquo;adaptent ainsi aux \u00e9volutions de votre vie en int\u00e9grant tous vos souvenirs marquants.<\/span><\/p>\n<p><span style=\"font-weight: 400;\">En g\u00e9n\u00e9ral, le prix d&rsquo;un bracelet en or personnalis\u00e9 se situe aux alentours de 200 \u20ac. Cependant, ce tarif d\u00e9pend de la valeur du bracelet en lui-m\u00eame. Les mod\u00e8les les plus imposants ou les plus finement r\u00e9alis\u00e9s peuvent d\u00e9passer 10 000 euros.<\/span><\/p>\n<h3><span class=\"ez-toc-section\" id=\"Les_montres_en_or\"><\/span><b>Les montres en or<\/b><span class=\"ez-toc-section-end\"><\/span><\/h3>\n<p><span style=\"font-weight: 400;\">Les <\/span><b>montres en or<\/b><span style=\"font-weight: 400;\"> allient \u00e9l\u00e9gance et design moderne. Ce sont de v\u00e9ritables bijoux tendance, qui sont aussi bien appr\u00e9ci\u00e9s par les hommes, les femmes et les plus jeunes.<\/span><\/p>\n<p><span style=\"font-weight: 400;\">Diverses <\/span><b>options de personnalisation<\/b><span style=\"font-weight: 400;\"> sont possibles : la gravure ou l&rsquo;impression d&rsquo;initiales, d&rsquo;un message ou d&rsquo;une photo, le choix du cadrant ou du bracelet, s\u00e9lectionner la couleur de la montre, etc.<\/span><\/p>\n<p><span style=\"font-weight: 400;\">Selon les mod\u00e8les, les mat\u00e9riaux et les options de personnalisation choisies, le prix des montres en or personnalis\u00e9es peut aller de 100 \u20ac \u00e0 une dizaine de milliers d&rsquo;euros.<\/span><\/p>\n<h2><span class=\"ez-toc-section\" id=\"A_qui_offrir_des_bijoux_personnalises_en_or\"><\/span><b>\u00c0 qui offrir des bijoux personnalis\u00e9s en or ?<\/b><span class=\"ez-toc-section-end\"><\/span><\/h2>\n<p><span style=\"font-weight: 400;\">Les <\/span><b>bijoux en or personnalis\u00e9s<\/b><span style=\"font-weight: 400;\"> peuvent \u00eatre port\u00e9s par tous les membres de la famille. Les bijoux pour homme sont habituellement plus imposants, il s&rsquo;agit notamment de montres, de m\u00e9dailles, de chevali\u00e8res, de cha\u00eenes ou de bracelets.<\/span><\/p>\n<p><span style=\"font-weight: 400;\">Bien plus que des objets esth\u00e9tiques, les bijoux pour hommes sont tr\u00e8s souvent porteurs d&rsquo;un sens, d&rsquo;un message ou v\u00e9hiculent des sentiments. Ils sont donc tr\u00e8s souvent personnalis\u00e9s.<\/span><\/p>\n<p><span style=\"font-weight: 400;\">Les hommes ressentent une certaine fiert\u00e9 lorsqu&rsquo;ils portent ce type de bijoux, ils les exhibent fi\u00e8rement, c&rsquo;est d&rsquo;autant plus vrai lorsqu&rsquo;ils \u00e9voquent des souvenirs sp\u00e9ciaux ou la famille.<\/span><\/p>\n<p><span style=\"font-weight: 400;\">Il existe \u00e9galement des <\/span><b>bijoux en or personnalisables pour les enfants<\/b><span style=\"font-weight: 400;\">. Du bijou grav\u00e9 pour b\u00e9b\u00e9, qui est tr\u00e8s souvent le premier cadeau qu&rsquo;on offre \u00e0 son enfant, aux articles plus tendances destin\u00e9s aux ados, un large choix est disponible.<\/span><\/p>\n<p><span style=\"font-weight: 400;\">Les bijoux en or pour enfants sont disponibles en or blanc ou jaune, 9 ou 18 carats.<\/span><\/p>\n<p><span style=\"font-weight: 400;\">Les prix des bijoux en or pour homme ou enfant varient tr\u00e8s fortement. Disponibles \u00e0 partir d&rsquo;une centaine d&rsquo;euros, ils peuvent facilement d\u00e9passer plusieurs milliers d&rsquo;euros.<\/span><\/p>\n<h2><span class=\"ez-toc-section\" id=\"Comment_choisir_les_options_de_personnalisation_des_bijoux_en_or\"><\/span><b>Comment choisir les options de personnalisation des bijoux en or ?<\/b><span class=\"ez-toc-section-end\"><\/span><\/h2>\n<figure id=\"attachment_911\" aria-describedby=\"caption-attachment-911\" style=\"width: 1200px\" class=\"wp-caption alignnone\"><img loading=\"lazy\" decoding=\"async\" class=\"size-full wp-image-911\" src=\"https:\/\/www.marmottine.fr\/mag\/wp-content\/uploads\/2024\/10\/medaille-personnalise-or.jpg\" alt=\"m\u00e9daille personnalis\u00e9e or\" width=\"1200\" height=\"800\" srcset=\"https:\/\/www.marmottine.fr\/mag\/wp-content\/uploads\/2024\/10\/medaille-personnalise-or.jpg 1200w, https:\/\/www.marmottine.fr\/mag\/wp-content\/uploads\/2024\/10\/medaille-personnalise-or-300x200.jpg 300w, https:\/\/www.marmottine.fr\/mag\/wp-content\/uploads\/2024\/10\/medaille-personnalise-or-1024x683.jpg 1024w, https:\/\/www.marmottine.fr\/mag\/wp-content\/uploads\/2024\/10\/medaille-personnalise-or-768x512.jpg 768w\" sizes=\"(max-width: 1200px) 100vw, 1200px\" \/><figcaption id=\"caption-attachment-911\" class=\"wp-caption-text\">m\u00e9daille personnalis\u00e9e or<\/figcaption><\/figure>\n<p><span style=\"font-weight: 400;\">Lorsque vous souhaitez personnaliser un bijou en or, vous devrez tenir compte de plusieurs \u00e9l\u00e9ments. Cela vous permettra de cr\u00e9er un objet unique qui plaira forc\u00e9ment \u00e0 la personne \u00e0 laquelle vous le destinez :<\/span><\/p>\n<ul>\n<li style=\"font-weight: 400;\" aria-level=\"1\"><span style=\"font-weight: 400;\">optez pour un bijou qui correspond au style de la personne \u00e0 qui vous souhaitez l&rsquo;offrir ;<\/span><\/li>\n<li style=\"font-weight: 400;\" aria-level=\"1\"><span style=\"font-weight: 400;\">lorsqu&rsquo;il s&rsquo;agit d&rsquo;un cadeau, il est conseill\u00e9 de choisir une option de personnalisation discr\u00e8te, telle qu&rsquo;une gravure d&rsquo;initiales ou d&rsquo;un message ;<\/span><\/li>\n<li style=\"font-weight: 400;\" aria-level=\"1\"><span style=\"font-weight: 400;\">pensez \u00e0 la nature du message que vous souhaitez transmettre, il doit avoir une signification sp\u00e9ciale pour vous deux ;<\/span><\/li>\n<li style=\"font-weight: 400;\" aria-level=\"1\"><span style=\"font-weight: 400;\">n&rsquo;h\u00e9sitez pas \u00e0 consulter l&rsquo;artisan ou le bijoutier, il vous donnera de bons conseils et pourra m\u00eame vous aider \u00e0 trouver des id\u00e9es originales ;<\/span><\/li>\n<\/ul>\n<p><span style=\"font-weight: 400;\">Les bijoux en or personnalis\u00e9s sont une excellente id\u00e9e de cadeau \u00e0 offrir \u00e0 une personne qui vous est ch\u00e8re. En plus de leur valeur mon\u00e9taire, ils peuvent avoir une tr\u00e8s grande valeur sentimentale. Vous pouvez les fa\u00e7onner selon vos envies pour en faire des objets uniques et sp\u00e9ciaux porteurs de souvenirs marquants, de moments agr\u00e9ables ou pour marquer une occasion sp\u00e9ciale.<\/span><\/p>\n","protected":false},"excerpt":{"rendered":"<p>Quel prix pour les bijoux personnalis\u00e9s en or ? Personnaliser des bijoux selon la mati\u00e8re est le meilleur moyen de [&hellip;]<\/p>\n","protected":false},"author":4,"featured_media":912,"parent":854,"menu_order":7,"comment_status":"closed","ping_status":"closed","template":"","meta":{"site-sidebar-layout":"default","site-content-layout":"","ast-site-content-layout":"default","site-content-style":"default","site-sidebar-style":"default","ast-global-header-display":"","ast-banner-title-visibility":"","ast-main-header-display":"","ast-hfb-above-header-display":"","ast-hfb-below-header-display":"","ast-hfb-mobile-header-display":"","site-post-title":"","ast-breadcrumbs-content":"","ast-featured-img":"","footer-sml-layout":"","theme-transparent-header-meta":"default","adv-header-id-meta":"","stick-header-meta":"","header-above-stick-meta":"","header-main-stick-meta":"","header-below-stick-meta":"","astra-migrate-meta-layouts":"set","ast-page-background-enabled":"default","ast-page-background-meta":{"desktop":{"background-color":"var(--ast-global-color-4)","background-image":"","background-repeat":"repeat","background-position":"center center","background-size":"auto","background-attachment":"scroll","background-type":"","background-media":"","overlay-type":"","overlay-color":"","overlay-gradient":""},"tablet":{"background-color":"","background-image":"","background-repeat":"repeat","background-position":"center center","background-size":"auto","background-attachment":"scroll","background-type":"","background-media":"","overlay-type":"","overlay-color":"","overlay-gradient":""},"mobile":{"background-color":"","background-image":"","background-repeat":"repeat","background-position":"center center","background-size":"auto","background-attachment":"scroll","background-type":"","background-media":"","overlay-type":"","overlay-color":"","overlay-gradient":""}},"ast-content-background-meta":{"desktop":{"background-color":"var(--ast-global-color-5)","background-image":"","background-repeat":"repeat","background-position":"center center","background-size":"auto","background-attachment":"scroll","background-type":"","background-media":"","overlay-type":"","overlay-color":"","overlay-gradient":""},"tablet":{"background-color":"var(--ast-global-color-5)","background-image":"","background-repeat":"repeat","background-position":"center center","background-size":"auto","background-attachment":"scroll","background-type":"","background-media":"","overlay-type":"","overlay-color":"","overlay-gradient":""},"mobile":{"background-color":"var(--ast-global-color-5)","background-image":"","background-repeat":"repeat","background-position":"center center","background-size":"auto","background-attachment":"scroll","background-type":"","background-media":"","overlay-type":"","overlay-color":"","overlay-gradient":""}},"footnotes":""},"aioseo_notices":[],"_links":{"self":[{"href":"https:\/\/www.marmottine.fr\/mag\/wp-json\/wp\/v2\/pages\/878"}],"collection":[{"href":"https:\/\/www.marmottine.fr\/mag\/wp-json\/wp\/v2\/pages"}],"about":[{"href":"https:\/\/www.marmottine.fr\/mag\/wp-json\/wp\/v2\/types\/page"}],"author":[{"embeddable":true,"href":"https:\/\/www.marmottine.fr\/mag\/wp-json\/wp\/v2\/users\/4"}],"replies":[{"embeddable":true,"href":"https:\/\/www.marmottine.fr\/mag\/wp-json\/wp\/v2\/comments?post=878"}],"version-history":[{"count":4,"href":"https:\/\/www.marmottine.fr\/mag\/wp-json\/wp\/v2\/pages\/878\/revisions"}],"predecessor-version":[{"id":945,"href":"https:\/\/www.marmottine.fr\/mag\/wp-json\/wp\/v2\/pages\/878\/revisions\/945"}],"up":[{"embeddable":true,"href":"https:\/\/www.marmottine.fr\/mag\/wp-json\/wp\/v2\/pages\/854"}],"wp:featuredmedia":[{"embeddable":true,"href":"https:\/\/www.marmottine.fr\/mag\/wp-json\/wp\/v2\/media\/912"}],"wp:attachment":[{"href":"https:\/\/www.marmottine.fr\/mag\/wp-json\/wp\/v2\/media?parent=878"}],"curies":[{"name":"wp","href":"https:\/\/api.w.org\/{rel}","templated":true}]}}