{"id":876,"date":"2024-10-09T13:48:58","date_gmt":"2024-10-09T11:48:58","guid":{"rendered":"https:\/\/www.marmottine.fr\/mag\/?page_id=876"},"modified":"2024-10-11T08:36:46","modified_gmt":"2024-10-11T06:36:46","slug":"bijoux-personnalises-en-ligne","status":"publish","type":"page","link":"https:\/\/www.marmottine.fr\/mag\/guides\/bijoux-personnalises\/matieres\/bijoux-personnalises-en-ligne","title":{"rendered":"Quel prix pour les bijoux personnalis\u00e9s en ligne ?"},"content":{"rendered":"<h1><span class=\"ez-toc-section\" id=\"Quel_prix_pour_les_bijoux_personnalises_en_ligne\"><\/span><b>Quel prix pour les bijoux personnalis\u00e9s en ligne ?<\/b><span class=\"ez-toc-section-end\"><\/span><\/h1><div id=\"ez-toc-container\" class=\"ez-toc-v2_0_69_1 counter-hierarchy ez-toc-counter ez-toc-grey ez-toc-container-direction\">\n<div class=\"ez-toc-title-container\">\n<p class=\"ez-toc-title\" style=\"cursor:inherit\">Sommaire<\/p>\n<span class=\"ez-toc-title-toggle\"><a href=\"#\" class=\"ez-toc-pull-right ez-toc-btn ez-toc-btn-xs ez-toc-btn-default ez-toc-toggle\" aria-label=\"Toggle Table of Content\"><span class=\"ez-toc-js-icon-con\"><span class=\"\"><span class=\"eztoc-hide\" style=\"display:none;\">Toggle<\/span><span class=\"ez-toc-icon-toggle-span\"><svg style=\"fill: #999;color:#999\" xmlns=\"http:\/\/www.w3.org\/2000\/svg\" class=\"list-377408\" width=\"20px\" height=\"20px\" viewBox=\"0 0 24 24\" fill=\"none\"><path d=\"M6 6H4v2h2V6zm14 0H8v2h12V6zM4 11h2v2H4v-2zm16 0H8v2h12v-2zM4 16h2v2H4v-2zm16 0H8v2h12v-2z\" fill=\"currentColor\"><\/path><\/svg><svg style=\"fill: #999;color:#999\" class=\"arrow-unsorted-368013\" xmlns=\"http:\/\/www.w3.org\/2000\/svg\" width=\"10px\" height=\"10px\" viewBox=\"0 0 24 24\" version=\"1.2\" baseProfile=\"tiny\"><path d=\"M18.2 9.3l-6.2-6.3-6.2 6.3c-.2.2-.3.4-.3.7s.1.5.3.7c.2.2.4.3.7.3h11c.3 0 .5-.1.7-.3.2-.2.3-.5.3-.7s-.1-.5-.3-.7zM5.8 14.7l6.2 6.3 6.2-6.3c.2-.2.3-.5.3-.7s-.1-.5-.3-.7c-.2-.2-.4-.3-.7-.3h-11c-.3 0-.5.1-.7.3-.2.2-.3.5-.3.7s.1.5.3.7z\"\/><\/svg><\/span><\/span><\/span><\/a><\/span><\/div>\n<nav><ul class='ez-toc-list ez-toc-list-level-1 ' ><li class='ez-toc-page-1 ez-toc-heading-level-1'><a class=\"ez-toc-link ez-toc-heading-1\" href=\"https:\/\/www.marmottine.fr\/mag\/guides\/bijoux-personnalises\/matieres\/bijoux-personnalises-en-ligne\/#Quel_prix_pour_les_bijoux_personnalises_en_ligne\" title=\"Quel prix pour les bijoux personnalis\u00e9s en ligne ?\">Quel prix pour les bijoux personnalis\u00e9s en ligne ?<\/a><ul class='ez-toc-list-level-2' ><li class='ez-toc-heading-level-2'><a class=\"ez-toc-link ez-toc-heading-2\" href=\"https:\/\/www.marmottine.fr\/mag\/guides\/bijoux-personnalises\/matieres\/bijoux-personnalises-en-ligne\/#Les_bijoux_personnalises_une_idee_vraiment_originale\" title=\"Les bijoux personnalis\u00e9s, une id\u00e9e vraiment originale ?\">Les bijoux personnalis\u00e9s, une id\u00e9e vraiment originale ?<\/a><\/li><li class='ez-toc-page-1 ez-toc-heading-level-2'><a class=\"ez-toc-link ez-toc-heading-3\" href=\"https:\/\/www.marmottine.fr\/mag\/guides\/bijoux-personnalises\/matieres\/bijoux-personnalises-en-ligne\/#Des_bijoux_personnalises_en_ligne_pour_tous_les_gouts_et_tous_les_budgets\" title=\"Des bijoux personnalis\u00e9s en ligne pour tous les go\u00fbts et tous les budgets\">Des bijoux personnalis\u00e9s en ligne pour tous les go\u00fbts et tous les budgets<\/a><\/li><li class='ez-toc-page-1 ez-toc-heading-level-2'><a class=\"ez-toc-link ez-toc-heading-4\" href=\"https:\/\/www.marmottine.fr\/mag\/guides\/bijoux-personnalises\/matieres\/bijoux-personnalises-en-ligne\/#Un_cadeau_pour_faire_plaisir_les_bijoux_personnalises_en_ligne\" title=\"Un cadeau pour faire plaisir : les bijoux personnalis\u00e9s en ligne\u00a0\">Un cadeau pour faire plaisir : les bijoux personnalis\u00e9s en ligne\u00a0<\/a><\/li><\/ul><\/li><\/ul><\/nav><\/div>\n\n<figure id=\"attachment_907\" aria-describedby=\"caption-attachment-907\" style=\"width: 1200px\" class=\"wp-caption alignnone\"><img loading=\"lazy\" decoding=\"async\" class=\"size-full wp-image-907\" src=\"https:\/\/www.marmottine.fr\/mag\/wp-content\/uploads\/2024\/10\/pendentif-personnalise-en-ligne.jpg\" alt=\"pendentif personnalise en ligne\" width=\"1200\" height=\"800\" srcset=\"https:\/\/www.marmottine.fr\/mag\/wp-content\/uploads\/2024\/10\/pendentif-personnalise-en-ligne.jpg 1200w, https:\/\/www.marmottine.fr\/mag\/wp-content\/uploads\/2024\/10\/pendentif-personnalise-en-ligne-300x200.jpg 300w, https:\/\/www.marmottine.fr\/mag\/wp-content\/uploads\/2024\/10\/pendentif-personnalise-en-ligne-1024x683.jpg 1024w, https:\/\/www.marmottine.fr\/mag\/wp-content\/uploads\/2024\/10\/pendentif-personnalise-en-ligne-768x512.jpg 768w\" sizes=\"(max-width: 1200px) 100vw, 1200px\" \/><figcaption id=\"caption-attachment-907\" class=\"wp-caption-text\">pendentif personnalise en ligne<\/figcaption><\/figure>\n<h2><span class=\"ez-toc-section\" id=\"Les_bijoux_personnalises_une_idee_vraiment_originale\"><\/span><b>Les bijoux personnalis\u00e9s, une id\u00e9e vraiment originale ?<\/b><span class=\"ez-toc-section-end\"><\/span><\/h2>\n<p><span style=\"font-weight: 400;\">L\u2019univers du bijou est intemporel, s\u2019adapte aux diff\u00e9rentes tendances et ne cesse d\u2019\u00eatre source d\u2019innovations et de nouveaut\u00e9s. <a href=\"https:\/\/www.marmottine.fr\/mag\/guides\/bijoux-personnalises\/matieres\">Une multitude de mati\u00e8res pour les bijoux sont utilis\u00e9es<\/a> <span style=\"text-decoration: underline;\">pour correspondre aux go\u00fbts<\/span>, affinit\u00e9s et budgets de chacun. Devenus un<span style=\"text-decoration: underline;\"> r\u00e9el ph\u00e9nom\u00e8ne de mode et tendance<\/span>, les bijoux personnalis\u00e9s sont devenus des <\/span><b>incontournables dans la mode et le luxe<\/b><span style=\"font-weight: 400;\">. Ils incarnent plus qu\u2019un simple accessoire : ils refl\u00e8tent une dimension personnelle, \u00e9motionnelle, et pr\u00e9cieuse, propre \u00e0 chaque personne et sont uniques.<\/span><\/p>\n<p><span style=\"font-weight: 400;\">Si vous souhaitez offrir ou avoir un bijou unique, les <span style=\"text-decoration: underline;\">bijoux personnalis\u00e9s en ligne sont parfaits<\/span>, disponibles pour tous les budgets et d\u00e9sirs. L\u2019avantage est \u00e9galement de pouvoir adapter votre bijou selon vos envies : sa taille, le design, la pierre\u2026\u2028Alors, vous vous demandez comment choisir votre bijou ? Laissez-vous guider !<\/span><\/p>\n<p><span style=\"font-weight: 400;\">Que vous ayez un <\/span><b>budget plus ou moins important<\/b><span style=\"font-weight: 400;\">, le choix de bijoux personnalis\u00e9s disponibles est vaste. Les pendentifs et bracelets tendances se d\u00e9clinent dans des styles et mati\u00e8res diff\u00e9rents, qu\u2019ils soient pour femmes, hommes ou enfants. Selon votre budget, vous pourrez avoir le choix entre <\/span><b>l\u2019argent, l\u2019or blanc et jaune, plaqu\u00e9 or<\/b><span style=\"font-weight: 400;\"> comme \u00e9l\u00e9ment principal de votre bijou. Les prix varient selon les d\u00e9tails et la dimension du bijou personnalis\u00e9, mais \u00e9galement selon les autres mati\u00e8res associ\u00e9es telles que du cuir et du textile.<\/span><\/p>\n<h2><span class=\"ez-toc-section\" id=\"Des_bijoux_personnalises_en_ligne_pour_tous_les_gouts_et_tous_les_budgets\"><\/span><b>Des bijoux personnalis\u00e9s en ligne pour tous les go\u00fbts et tous les budgets<\/b><span class=\"ez-toc-section-end\"><\/span><\/h2>\n<figure id=\"attachment_906\" aria-describedby=\"caption-attachment-906\" style=\"width: 1200px\" class=\"wp-caption alignnone\"><img loading=\"lazy\" decoding=\"async\" class=\"size-full wp-image-906\" src=\"https:\/\/www.marmottine.fr\/mag\/wp-content\/uploads\/2024\/10\/montre-gravee-en-ligne.jpg\" alt=\"montre grav\u00e9e en ligne\" width=\"1200\" height=\"800\" srcset=\"https:\/\/www.marmottine.fr\/mag\/wp-content\/uploads\/2024\/10\/montre-gravee-en-ligne.jpg 1200w, https:\/\/www.marmottine.fr\/mag\/wp-content\/uploads\/2024\/10\/montre-gravee-en-ligne-300x200.jpg 300w, https:\/\/www.marmottine.fr\/mag\/wp-content\/uploads\/2024\/10\/montre-gravee-en-ligne-1024x683.jpg 1024w, https:\/\/www.marmottine.fr\/mag\/wp-content\/uploads\/2024\/10\/montre-gravee-en-ligne-768x512.jpg 768w\" sizes=\"(max-width: 1200px) 100vw, 1200px\" \/><figcaption id=\"caption-attachment-906\" class=\"wp-caption-text\">montre grav\u00e9e en ligne<\/figcaption><\/figure>\n<p><span style=\"font-weight: 400;\">L\u2019entr\u00e9e de gamme du march\u00e9 des bijoux personnalis\u00e9s est <\/span><b>abordable pour tous<\/b><span style=\"font-weight: 400;\">, et peut \u00eatre un cadeau unique et pr\u00e9cieux, \u00e0 <span style=\"text-decoration: underline;\">offrir pour un \u00e9v\u00e9nement sp\u00e9cial<\/span> ou pour montrer \u00e0 quel point vous tenez \u00e0 la personne \u00e0 qui vous l\u2019offrez. C\u2019est un cadeau qui sera forc\u00e9ment ch\u00e9ri et adul\u00e9 pendant des ann\u00e9es et qui constituera un souvenir inoubliable. Les bijoux bracelet en cordon liberty assortis d\u2019une ou de plusieurs m\u00e9dailles grav\u00e9es d\u2019initiales sont un exemple parfait de bijou personnalis\u00e9 unique accessible \u00e0 tous. La forme des charms est aussi personnalisable, de quoi multiplier les \u00e9tapes de personnalisation afin que ce bijou soit exclusif.<\/span><\/p>\n<p><span style=\"font-weight: 400;\">La tendance de graver les initiales est ind\u00e9modable et fera un effet sensationnel aupr\u00e8s de vos proches si vous d\u00e9cidez de leur offrir un bijou personnalis\u00e9. La forme des charms est aussi personnalisable, en forme de cercles, de c\u0153urs, d\u2019\u00e9toiles de tr\u00e8fles, ou de papillons, c\u2019est vous qui d\u00e9cidez. La couleur des cordons est \u00e0 choisir parmi une multitude de combinaisons color\u00e9es existantes en ligne, avec des <\/span><b>motifs fleuris, des d\u00e9grad\u00e9s, mais aussi \u00e9pur\u00e9s et plus discrets<\/b><span style=\"font-weight: 400;\">.<\/span><\/p>\n<p><span style=\"font-weight: 400;\">Le prix peut \u00eatre plus \u00e9lev\u00e9 si vous choisissez un bijou personnalis\u00e9 avec une cha\u00eene, qu\u2019elle soit en or, argent, pierres pr\u00e9cieuses ou cuir. Le cuir apporte un aspect chic et \u00e9l\u00e9gant aux bracelets, l\u2019or ou l\u2019argent apportera un aspect ind\u00e9modable et plus pr\u00e9cieux, les pierres pr\u00e9cieuses telles que l\u2019agate, lapis-lazuli et pierres de soleil donnent une sensation <\/span><b>mystique et originale<\/b><span style=\"font-weight: 400;\"> au bijou personnalis\u00e9.<\/span><\/p>\n<p><span style=\"font-weight: 400;\">Les pendentifs, tels que les <\/span><b>m\u00e9dailles et m\u00e9daillons<\/b><span style=\"font-weight: 400;\"> proposent \u00e9galement des <\/span><b>finitions de personnalisations vari\u00e9es<\/b><span style=\"font-weight: 400;\">, telles que la couleur de la m\u00e9daille, la gravure \u00e0 y apposer, et le choix de la typographie \u00e0 utiliser pour la gravure. Toujours en \u00e9tant abordable et en entr\u00e9e de gamme, les m\u00e9dailles et m\u00e9daillons sont <\/span><b>des cadeaux qui marqueront pour toujours<\/b><span style=\"font-weight: 400;\">, et laisseront un agr\u00e9able souvenir \u00e0 la personne qui la portera.<\/span><\/p>\n<p><span style=\"font-weight: 400;\">Les possibilit\u00e9s de personnalisation disponibles sont plus importantes si vous souhaitez offrir ou avoir un bijou d\u2019une plus haute valeur. Les pendentifs peuvent \u00eatre grav\u00e9s avec plus de d\u00e9tails, notamment avec des empreintes, \u00e0 offrir pour la naissance d\u2019un enfant par exemple, ou d\u2019une phrase, v\u00e9ritable d\u00e9claration d\u2019amour \u00e0 votre moiti\u00e9. Voici les \u00e9l\u00e9ments et caract\u00e9ristiques qui augmentent le prix mais \u00e9galement la valeur mat\u00e9rielle et sentimentale d\u2019un bijou personnalis\u00e9 :\u2028\u2028<\/span><\/p>\n<ul>\n<li style=\"font-weight: 400;\" aria-level=\"1\"><span style=\"font-weight: 400;\">la mati\u00e8re pr\u00e9cieuse du bijou;<\/span><\/li>\n<li style=\"font-weight: 400;\" aria-level=\"1\"><span style=\"font-weight: 400;\">les dimensions;<\/span><\/li>\n<li style=\"font-weight: 400;\" aria-level=\"1\"><span style=\"font-weight: 400;\">les d\u00e9tails de la gravure;<\/span><\/li>\n<\/ul>\n<p><span style=\"font-weight: 400;\">Ces \u00e9l\u00e9ments vous permettent d\u2019\u00e9valuer ce que vous souhaitez offrir comme <span style=\"text-decoration: underline;\">bijou \u00e0 personnaliser directement en ligne<\/span>. Plus la gravure sera d\u00e9taill\u00e9e et la mati\u00e8re souhait\u00e9e pr\u00e9cieuse et rare, plus le budget de votre bijou sera important. Les m\u00e9dailles grav\u00e9es pour des bracelets peuvent \u00eatre en or blanc ou or jaune, avec par exemple 18 carats de valeur pour une m\u00e9daille. Plus les carats sont \u00e9lev\u00e9s, plus la valeur mat\u00e9rielle du bijou sera importante. Ce syst\u00e8me de valeur est identique pour l\u2019or blanc et rose et l\u2019argent.<\/span><\/p>\n<h2><span class=\"ez-toc-section\" id=\"Un_cadeau_pour_faire_plaisir_les_bijoux_personnalises_en_ligne\"><\/span><b>Un cadeau pour faire plaisir : les bijoux personnalis\u00e9s en ligne\u00a0<\/b><span class=\"ez-toc-section-end\"><\/span><\/h2>\n<figure id=\"attachment_905\" aria-describedby=\"caption-attachment-905\" style=\"width: 1200px\" class=\"wp-caption alignnone\"><img loading=\"lazy\" decoding=\"async\" class=\"size-full wp-image-905\" src=\"https:\/\/www.marmottine.fr\/mag\/wp-content\/uploads\/2024\/10\/bijou-personnalise-en-ligne.jpg\" alt=\"bijou personnalis\u00e9 en ligne\" width=\"1200\" height=\"800\" srcset=\"https:\/\/www.marmottine.fr\/mag\/wp-content\/uploads\/2024\/10\/bijou-personnalise-en-ligne.jpg 1200w, https:\/\/www.marmottine.fr\/mag\/wp-content\/uploads\/2024\/10\/bijou-personnalise-en-ligne-300x200.jpg 300w, https:\/\/www.marmottine.fr\/mag\/wp-content\/uploads\/2024\/10\/bijou-personnalise-en-ligne-1024x683.jpg 1024w, https:\/\/www.marmottine.fr\/mag\/wp-content\/uploads\/2024\/10\/bijou-personnalise-en-ligne-768x512.jpg 768w\" sizes=\"(max-width: 1200px) 100vw, 1200px\" \/><figcaption id=\"caption-attachment-905\" class=\"wp-caption-text\">bijou personnalis\u00e9 en ligne<\/figcaption><\/figure>\n<p><span style=\"font-weight: 400;\">Les bijoux en or ou argent, qu\u2019ils soient pour <\/span><b>femmes, hommes ou enfants<\/b><span style=\"font-weight: 400;\">, sont des biens pr\u00e9cieux, qui peuvent \u00eatre port\u00e9s ou <span style=\"text-decoration: underline;\">conserv\u00e9s toute une vie<\/span>. Ils sont intemporels et prennent de la valeur au fil des ann\u00e9es. Ce sont des accessoires ind\u00e9modables, \u00e0 <\/span><b>forte valeur sentimentale et \u00e9motionnelle<\/b><span style=\"font-weight: 400;\"> pour celui ou celle qui les porte. Mais les bijoux personnalis\u00e9s ne sont pas seulement que des accessoires, ce sont des expressions profondes et intimes de notre identit\u00e9 et ils t\u00e9moignent d\u2019une r\u00e9elle affection.<\/span><\/p>\n<p><span style=\"font-weight: 400;\">Que vous choisissiez de <\/span><b>surprendre un proche avec un bijou personnalis\u00e9<\/b><span style=\"font-weight: 400;\"> sur mesure, ou de vous offrir un accessoire unique et durable, les bijoux personnalis\u00e9s sont une id\u00e9e originale et qui fera toujours son effet. Chaque bijou personnalis\u00e9 a des options de personnalisation diff\u00e9rentes, jusqu\u2019au choix de finition de surface (polie ou bross\u00e9e) pour les m\u00e9daillons les plus chers.<\/span><\/p>\n<p><span style=\"font-weight: 400;\">Les bijoux personnalis\u00e9s en ligne ont bien des atouts, ils sont \u00e9galement <\/span><b>rentables et durables<\/b><span style=\"font-weight: 400;\"> tout en \u00e9tant d\u2019une qualit\u00e9 exemplaire. Un bijou personnalis\u00e9 peut cr\u00e9er ou renforcer un lien fort si vous l\u2019offrez \u00e0 une personne qui vous est ch\u00e8re. C\u2019est un accessoire qui ne s\u2019oublie pas, qui peut m\u00eame devenir symbolique, et \u00eatre <\/span><b>transmis de g\u00e9n\u00e9ration en g\u00e9n\u00e9ration<\/b><span style=\"font-weight: 400;\">, comme un h\u00e9ritage familial. Il n\u2019y a rien de mieux qu\u2019un bijou personnalis\u00e9 con\u00e7u sp\u00e9cialement pour vous ou un proche pour vous correspondre ainsi que pour <\/span><b>s\u2019harmoniser avec votre style, votre personnalit\u00e9<\/b><span style=\"font-weight: 400;\">.<\/span><\/p>\n<p><span style=\"font-weight: 400;\">\u00c9tant durables, vertueux, pr\u00e9cieux, et uniques, ces <span style=\"text-decoration: underline;\">bijoux \u00e0 personnaliser en ligne<\/span>, accessibles pour tous les budgets sont parfaits pour se faire plaisir ou faire plaisir \u00e0 une personne que vous aimez. Il est impossible de ne pas trouver ce qui vous conviendrait tant le choix en mati\u00e8res, formes, textures, couleurs, et prix est large et vari\u00e9. <\/span><b>Les bijoux personnalis\u00e9s peuvent \u00eatre tout aussi magnifiques que des bijoux plus classiques et accessibles sans se ruiner<\/b><span style=\"font-weight: 400;\">.<\/span><\/p>\n<p><span style=\"font-weight: 400;\">Quels prix co\u00fbtent les bijoux personnalis\u00e9s en ligne ? Si on r\u00e9sume, les prix sont \u00e0 port\u00e9e de tous, pour tous les budgets et les envies !<\/span><\/p>\n","protected":false},"excerpt":{"rendered":"<p>Quel prix pour les bijoux personnalis\u00e9s en ligne ? Les bijoux personnalis\u00e9s, une id\u00e9e vraiment originale ? L\u2019univers du bijou [&hellip;]<\/p>\n","protected":false},"author":4,"featured_media":907,"parent":854,"menu_order":6,"comment_status":"closed","ping_status":"closed","template":"","meta":{"site-sidebar-layout":"default","site-content-layout":"","ast-site-content-layout":"default","site-content-style":"default","site-sidebar-style":"default","ast-global-header-display":"","ast-banner-title-visibility":"","ast-main-header-display":"","ast-hfb-above-header-display":"","ast-hfb-below-header-display":"","ast-hfb-mobile-header-display":"","site-post-title":"","ast-breadcrumbs-content":"","ast-featured-img":"","footer-sml-layout":"","theme-transparent-header-meta":"default","adv-header-id-meta":"","stick-header-meta":"","header-above-stick-meta":"","header-main-stick-meta":"","header-below-stick-meta":"","astra-migrate-meta-layouts":"set","ast-page-background-enabled":"default","ast-page-background-meta":{"desktop":{"background-color":"var(--ast-global-color-4)","background-image":"","background-repeat":"repeat","background-position":"center center","background-size":"auto","background-attachment":"scroll","background-type":"","background-media":"","overlay-type":"","overlay-color":"","overlay-gradient":""},"tablet":{"background-color":"","background-image":"","background-repeat":"repeat","background-position":"center center","background-size":"auto","background-attachment":"scroll","background-type":"","background-media":"","overlay-type":"","overlay-color":"","overlay-gradient":""},"mobile":{"background-color":"","background-image":"","background-repeat":"repeat","background-position":"center center","background-size":"auto","background-attachment":"scroll","background-type":"","background-media":"","overlay-type":"","overlay-color":"","overlay-gradient":""}},"ast-content-background-meta":{"desktop":{"background-color":"var(--ast-global-color-5)","background-image":"","background-repeat":"repeat","background-position":"center center","background-size":"auto","background-attachment":"scroll","background-type":"","background-media":"","overlay-type":"","overlay-color":"","overlay-gradient":""},"tablet":{"background-color":"var(--ast-global-color-5)","background-image":"","background-repeat":"repeat","background-position":"center center","background-size":"auto","background-attachment":"scroll","background-type":"","background-media":"","overlay-type":"","overlay-color":"","overlay-gradient":""},"mobile":{"background-color":"var(--ast-global-color-5)","background-image":"","background-repeat":"repeat","background-position":"center center","background-size":"auto","background-attachment":"scroll","background-type":"","background-media":"","overlay-type":"","overlay-color":"","overlay-gradient":""}},"footnotes":""},"aioseo_notices":[],"_links":{"self":[{"href":"https:\/\/www.marmottine.fr\/mag\/wp-json\/wp\/v2\/pages\/876"}],"collection":[{"href":"https:\/\/www.marmottine.fr\/mag\/wp-json\/wp\/v2\/pages"}],"about":[{"href":"https:\/\/www.marmottine.fr\/mag\/wp-json\/wp\/v2\/types\/page"}],"author":[{"embeddable":true,"href":"https:\/\/www.marmottine.fr\/mag\/wp-json\/wp\/v2\/users\/4"}],"replies":[{"embeddable":true,"href":"https:\/\/www.marmottine.fr\/mag\/wp-json\/wp\/v2\/comments?post=876"}],"version-history":[{"count":4,"href":"https:\/\/www.marmottine.fr\/mag\/wp-json\/wp\/v2\/pages\/876\/revisions"}],"predecessor-version":[{"id":944,"href":"https:\/\/www.marmottine.fr\/mag\/wp-json\/wp\/v2\/pages\/876\/revisions\/944"}],"up":[{"embeddable":true,"href":"https:\/\/www.marmottine.fr\/mag\/wp-json\/wp\/v2\/pages\/854"}],"wp:featuredmedia":[{"embeddable":true,"href":"https:\/\/www.marmottine.fr\/mag\/wp-json\/wp\/v2\/media\/907"}],"wp:attachment":[{"href":"https:\/\/www.marmottine.fr\/mag\/wp-json\/wp\/v2\/media?parent=876"}],"curies":[{"name":"wp","href":"https:\/\/api.w.org\/{rel}","templated":true}]}}