{"id":832,"date":"2024-10-08T14:18:11","date_gmt":"2024-10-08T12:18:11","guid":{"rendered":"https:\/\/www.marmottine.fr\/mag\/?page_id=832"},"modified":"2024-10-11T08:33:15","modified_gmt":"2024-10-11T06:33:15","slug":"bijoux-personnalises-musulmans","status":"publish","type":"page","link":"https:\/\/www.marmottine.fr\/mag\/guides\/bijoux-personnalises\/types\/bijoux-personnalises-musulmans","title":{"rendered":"Quels sont les types de bijoux personnalis\u00e9s musulmans ?"},"content":{"rendered":"<h1><span class=\"ez-toc-section\" id=\"Quels_sont_les_types_de_bijoux_personnalises_musulmans\"><\/span><b>Quels sont les types de bijoux personnalis\u00e9s musulmans<\/b><span class=\"ez-toc-section-end\"><\/span><\/h1><div id=\"ez-toc-container\" class=\"ez-toc-v2_0_69_1 counter-hierarchy ez-toc-counter ez-toc-grey ez-toc-container-direction\">\n<div class=\"ez-toc-title-container\">\n<p class=\"ez-toc-title\" style=\"cursor:inherit\">Sommaire<\/p>\n<span class=\"ez-toc-title-toggle\"><a href=\"#\" class=\"ez-toc-pull-right ez-toc-btn ez-toc-btn-xs ez-toc-btn-default ez-toc-toggle\" aria-label=\"Toggle Table of Content\"><span class=\"ez-toc-js-icon-con\"><span class=\"\"><span class=\"eztoc-hide\" style=\"display:none;\">Toggle<\/span><span class=\"ez-toc-icon-toggle-span\"><svg style=\"fill: #999;color:#999\" xmlns=\"http:\/\/www.w3.org\/2000\/svg\" class=\"list-377408\" width=\"20px\" height=\"20px\" viewBox=\"0 0 24 24\" fill=\"none\"><path d=\"M6 6H4v2h2V6zm14 0H8v2h12V6zM4 11h2v2H4v-2zm16 0H8v2h12v-2zM4 16h2v2H4v-2zm16 0H8v2h12v-2z\" fill=\"currentColor\"><\/path><\/svg><svg style=\"fill: #999;color:#999\" class=\"arrow-unsorted-368013\" xmlns=\"http:\/\/www.w3.org\/2000\/svg\" width=\"10px\" height=\"10px\" viewBox=\"0 0 24 24\" version=\"1.2\" baseProfile=\"tiny\"><path d=\"M18.2 9.3l-6.2-6.3-6.2 6.3c-.2.2-.3.4-.3.7s.1.5.3.7c.2.2.4.3.7.3h11c.3 0 .5-.1.7-.3.2-.2.3-.5.3-.7s-.1-.5-.3-.7zM5.8 14.7l6.2 6.3 6.2-6.3c.2-.2.3-.5.3-.7s-.1-.5-.3-.7c-.2-.2-.4-.3-.7-.3h-11c-.3 0-.5.1-.7.3-.2.2-.3.5-.3.7s.1.5.3.7z\"\/><\/svg><\/span><\/span><\/span><\/a><\/span><\/div>\n<nav><ul class='ez-toc-list ez-toc-list-level-1 ' ><li class='ez-toc-page-1 ez-toc-heading-level-1'><a class=\"ez-toc-link ez-toc-heading-1\" href=\"https:\/\/www.marmottine.fr\/mag\/guides\/bijoux-personnalises\/types\/bijoux-personnalises-musulmans\/#Quels_sont_les_types_de_bijoux_personnalises_musulmans\" title=\"Quels sont les types de bijoux personnalis\u00e9s musulmans\">Quels sont les types de bijoux personnalis\u00e9s musulmans<\/a><ul class='ez-toc-list-level-2' ><li class='ez-toc-heading-level-2'><a class=\"ez-toc-link ez-toc-heading-2\" href=\"https:\/\/www.marmottine.fr\/mag\/guides\/bijoux-personnalises\/types\/bijoux-personnalises-musulmans\/#Origine_et_symbolique_des_bijoux_musulmans\" title=\"Origine et symbolique des bijoux musulmans\">Origine et symbolique des bijoux musulmans<\/a><\/li><li class='ez-toc-page-1 ez-toc-heading-level-2'><a class=\"ez-toc-link ez-toc-heading-3\" href=\"https:\/\/www.marmottine.fr\/mag\/guides\/bijoux-personnalises\/types\/bijoux-personnalises-musulmans\/#Comment_selectionner_un_bijou_personnalise_musulman\" title=\"Comment s\u00e9lectionner un bijou personnalis\u00e9 musulman ?\">Comment s\u00e9lectionner un bijou personnalis\u00e9 musulman ?<\/a><ul class='ez-toc-list-level-3' ><li class='ez-toc-heading-level-3'><a class=\"ez-toc-link ez-toc-heading-4\" href=\"https:\/\/www.marmottine.fr\/mag\/guides\/bijoux-personnalises\/types\/bijoux-personnalises-musulmans\/#Materiaux_et_qualite\" title=\"Mat\u00e9riaux et qualit\u00e9\">Mat\u00e9riaux et qualit\u00e9<\/a><\/li><li class='ez-toc-page-1 ez-toc-heading-level-3'><a class=\"ez-toc-link ez-toc-heading-5\" href=\"https:\/\/www.marmottine.fr\/mag\/guides\/bijoux-personnalises\/types\/bijoux-personnalises-musulmans\/#Symboles_et_inscriptions\" title=\"Symboles et inscriptions\">Symboles et inscriptions<\/a><\/li><li class='ez-toc-page-1 ez-toc-heading-level-3'><a class=\"ez-toc-link ez-toc-heading-6\" href=\"https:\/\/www.marmottine.fr\/mag\/guides\/bijoux-personnalises\/types\/bijoux-personnalises-musulmans\/#Motifs_geometriques_orientaux\" title=\"Motifs g\u00e9om\u00e9triques orientaux\">Motifs g\u00e9om\u00e9triques orientaux<\/a><\/li><li class='ez-toc-page-1 ez-toc-heading-level-3'><a class=\"ez-toc-link ez-toc-heading-7\" href=\"https:\/\/www.marmottine.fr\/mag\/guides\/bijoux-personnalises\/types\/bijoux-personnalises-musulmans\/#Types_de_bijoux\" title=\"Types de bijoux\">Types de bijoux<\/a><\/li><li class='ez-toc-page-1 ez-toc-heading-level-3'><a class=\"ez-toc-link ez-toc-heading-8\" href=\"https:\/\/www.marmottine.fr\/mag\/guides\/bijoux-personnalises\/types\/bijoux-personnalises-musulmans\/#Personnalisation\" title=\"Personnalisation\">Personnalisation<\/a><\/li><\/ul><\/li><li class='ez-toc-page-1 ez-toc-heading-level-2'><a class=\"ez-toc-link ez-toc-heading-9\" href=\"https:\/\/www.marmottine.fr\/mag\/guides\/bijoux-personnalises\/types\/bijoux-personnalises-musulmans\/#Bijouteries_musulmanes_et_conseils_pratiques\" title=\"Bijouteries musulmanes et conseils pratiques\">Bijouteries musulmanes et conseils pratiques<\/a><\/li><li class='ez-toc-page-1 ez-toc-heading-level-2'><a class=\"ez-toc-link ez-toc-heading-10\" href=\"https:\/\/www.marmottine.fr\/mag\/guides\/bijoux-personnalises\/types\/bijoux-personnalises-musulmans\/#La_main_de_Fatma\" title=\"La main de Fatma\">La main de Fatma<\/a><ul class='ez-toc-list-level-3' ><li class='ez-toc-heading-level-3'><a class=\"ez-toc-link ez-toc-heading-11\" href=\"https:\/\/www.marmottine.fr\/mag\/guides\/bijoux-personnalises\/types\/bijoux-personnalises-musulmans\/#Acquerir_une_main_de_Fatma_pour_quelle_occasion\" title=\"Acqu\u00e9rir une main de Fatma pour quelle occasion ?\">Acqu\u00e9rir une main de Fatma pour quelle occasion ?<\/a><\/li><li class='ez-toc-page-1 ez-toc-heading-level-3'><a class=\"ez-toc-link ez-toc-heading-12\" href=\"https:\/\/www.marmottine.fr\/mag\/guides\/bijoux-personnalises\/types\/bijoux-personnalises-musulmans\/#Quel_bijou_Fatma_pour_un_enfant\" title=\"Quel bijou Fatma pour un enfant ?\">Quel bijou Fatma pour un enfant ?<\/a><\/li><li class='ez-toc-page-1 ez-toc-heading-level-3'><a class=\"ez-toc-link ez-toc-heading-13\" href=\"https:\/\/www.marmottine.fr\/mag\/guides\/bijoux-personnalises\/types\/bijoux-personnalises-musulmans\/#Quel_bijou_Fatma_pour_un_adulte\" title=\"Quel bijou Fatma pour un adulte ?\">Quel bijou Fatma pour un adulte ?<\/a><\/li><\/ul><\/li><li class='ez-toc-page-1 ez-toc-heading-level-2'><a class=\"ez-toc-link ez-toc-heading-14\" href=\"https:\/\/www.marmottine.fr\/mag\/guides\/bijoux-personnalises\/types\/bijoux-personnalises-musulmans\/#Une_excellente_idee_de_cadeaux\" title=\"Une excellente id\u00e9e de cadeaux\">Une excellente id\u00e9e de cadeaux<\/a><\/li><\/ul><\/li><\/ul><\/nav><\/div>\n\n<figure id=\"attachment_836\" aria-describedby=\"caption-attachment-836\" style=\"width: 1200px\" class=\"wp-caption alignnone\"><img loading=\"lazy\" decoding=\"async\" class=\"size-full wp-image-836\" src=\"https:\/\/www.marmottine.fr\/mag\/wp-content\/uploads\/2024\/10\/bijoux-personnalises-musulmans.jpg\" alt=\"bijoux personnalis\u00e9s musulmans\" width=\"1200\" height=\"800\" srcset=\"https:\/\/www.marmottine.fr\/mag\/wp-content\/uploads\/2024\/10\/bijoux-personnalises-musulmans.jpg 1200w, https:\/\/www.marmottine.fr\/mag\/wp-content\/uploads\/2024\/10\/bijoux-personnalises-musulmans-300x200.jpg 300w, https:\/\/www.marmottine.fr\/mag\/wp-content\/uploads\/2024\/10\/bijoux-personnalises-musulmans-1024x683.jpg 1024w, https:\/\/www.marmottine.fr\/mag\/wp-content\/uploads\/2024\/10\/bijoux-personnalises-musulmans-768x512.jpg 768w\" sizes=\"(max-width: 1200px) 100vw, 1200px\" \/><figcaption id=\"caption-attachment-836\" class=\"wp-caption-text\">bijoux personnalis\u00e9s musulmans<\/figcaption><\/figure>\n<p><span style=\"font-weight: 400;\">Les bijoux personnalis\u00e9s musulmans transcendent leur simple fonctionnalit\u00e9 d&rsquo;accessoires. Ils rassemblent <span style=\"text-decoration: underline;\">la tradition, la foi et la modernit\u00e9,<\/span> en laissant \u00e0 chacun le droit d&rsquo;exprimer sa propre identit\u00e9. Suivez-nous pour <a href=\"https:\/\/www.marmottine.fr\/mag\/guides\/bijoux-personnalises\/types\">conna\u00eetre les types de bijoux personnalis\u00e9s<\/a> musulmans, leur symbolique, et comment les identifier pour garantir un cadeau magnifique \u00e0 l&rsquo;\u00eatre aim\u00e9.<\/span><\/p>\n<h2><span class=\"ez-toc-section\" id=\"Origine_et_symbolique_des_bijoux_musulmans\"><\/span><b>Origine et symbolique des bijoux musulmans<\/b><span class=\"ez-toc-section-end\"><\/span><\/h2>\n<p><span style=\"font-weight: 400;\">Les bijoux musulmans viennent de la nuit des temps. Ils sont enracin\u00e9s dans <span style=\"text-decoration: underline;\">les traditions et la culture islamique<\/span>. Souvent orn\u00e9s de symboles religieux et de calligraphies arabes, <\/span><b>ils \u00e9voquent les noms d&rsquo;Allah, les versets du Coran ou des pri\u00e8res<\/b><span style=\"font-weight: 400;\">. D&rsquo;ailleurs, ces splendides bijoux font office de rappels permanents \u00e0 la foi et \u00e0 la spiritualit\u00e9.<\/span><\/p>\n<p><span style=\"font-weight: 400;\">Quant aux bijoux personnalis\u00e9s, ils ajoutent une touche personnelle \u00e0 ces symboles. En gravant un pr\u00e9nom, une date ou un message sp\u00e9cial, vous les transformez en objets uniques, charg\u00e9s de significations profondes pour le destinataire. Prenez par exemple, un collier avec le pr\u00e9nom en arabe qui <\/span><b>symbolise l&rsquo;identit\u00e9 et l&rsquo;h\u00e9ritage culturel de l&rsquo;\u00eatre qui le porte<\/b><span style=\"font-weight: 400;\">.<\/span><\/p>\n<h2><span class=\"ez-toc-section\" id=\"Comment_selectionner_un_bijou_personnalise_musulman\"><\/span><b>Comment s\u00e9lectionner un bijou personnalis\u00e9 musulman ?<\/b><span class=\"ez-toc-section-end\"><\/span><\/h2>\n<p><span style=\"font-weight: 400;\">Si votre choix se porte sur un <span style=\"text-decoration: underline;\">bijou personnalis\u00e9 musulman<\/span>, assurez-vous qu&rsquo;il r\u00e9ponde \u00e0 tous vos crit\u00e8res.<\/span><\/p>\n<h3><span class=\"ez-toc-section\" id=\"Materiaux_et_qualite\"><\/span><b>Mat\u00e9riaux et qualit\u00e9<\/b><span class=\"ez-toc-section-end\"><\/span><\/h3>\n<p><span style=\"font-weight: 400;\">Les mat\u00e9riaux comme l&rsquo;or, l&rsquo;argent ou le plaqu\u00e9 or, sont un gage de grande qualit\u00e9. Ces mat\u00e9riaux sont aussi <span style=\"text-decoration: underline;\">durables que respectueux<\/span> des traditions islamiques.<\/span><\/p>\n<h3><span class=\"ez-toc-section\" id=\"Symboles_et_inscriptions\"><\/span><b>Symboles et inscriptions<\/b><span class=\"ez-toc-section-end\"><\/span><\/h3>\n<p><span style=\"font-weight: 400;\">S\u00e9lectionnez des symboles ou des inscriptions qui refl\u00e8tent une signification particuli\u00e8re pour vous ou pour l&rsquo;\u00eatre \u00e0 qui vous l&rsquo;offrez. En principe, les noms d&rsquo;Allah, les versets du Coran, ou les courtes pri\u00e8res sont des options traditionnelles.<\/span><\/p>\n<h3><span class=\"ez-toc-section\" id=\"Motifs_geometriques_orientaux\"><\/span><b>Motifs g\u00e9om\u00e9triques orientaux<\/b><span class=\"ez-toc-section-end\"><\/span><\/h3>\n<p><b>L&rsquo;art islamique regorge de motifs g\u00e9om\u00e9triques infinis<\/b><span style=\"font-weight: 400;\">, v\u00e9ritable source d&rsquo;inspiration pour les <span style=\"text-decoration: underline;\">bijoux musulmans personnalis\u00e9s<\/span>. Imaginez des entrelacs d\u00e9licats en gravure sur vos bijoux. Ils \u00e9voquent la beaut\u00e9 divine et entourent chaque pi\u00e8ce d&rsquo;une aura de spiritualit\u00e9.<\/span><\/p>\n<h3><span class=\"ez-toc-section\" id=\"Types_de_bijoux\"><\/span><b>Types de bijoux<\/b><span class=\"ez-toc-section-end\"><\/span><\/h3>\n<p><span style=\"font-weight: 400;\">Vous avez l&#8217;embarras du choix parmi <\/span><b>\u00a0des colliers, des bracelets, des bagues et des boucles d&rsquo;oreilles<\/b><span style=\"font-weight: 400;\">. Rem\u00e9morez-vous les habitudes vestimentaires de la personne et ses pr\u00e9f\u00e9rences.<\/span><\/p>\n<h3><span class=\"ez-toc-section\" id=\"Personnalisation\"><\/span><b>Personnalisation<\/b><span class=\"ez-toc-section-end\"><\/span><\/h3>\n<p><span style=\"font-weight: 400;\">Il est \u00e9galement important de v\u00e9rifier la possibilit\u00e9 de personnaliser le bijou selon vos exigences. <\/span><b>La gravure du pr\u00e9nom en arabe est un choix populaire<\/b><span style=\"font-weight: 400;\">, mais rien ne vous emp\u00eache de graver des dates m\u00e9morables ou des <span style=\"text-decoration: underline;\">messages affectifs<\/span>.<\/span><\/p>\n<h2><span class=\"ez-toc-section\" id=\"Bijouteries_musulmanes_et_conseils_pratiques\"><\/span><b>Bijouteries musulmanes et conseils pratiques<\/b><span class=\"ez-toc-section-end\"><\/span><\/h2>\n<p><span style=\"font-weight: 400;\">\u00c0 l&rsquo;heure d&rsquo;aujourd&rsquo;hui, il existe une pl\u00e9thore de bijouteries sp\u00e9cialis\u00e9es dans les<span style=\"text-decoration: underline;\"> bijoux musulmans sur-mesure<\/span>. Lisez ces quelques conseils pour vous conforter dans votre choix.<\/span><\/p>\n<ol>\n<li style=\"font-weight: 400;\" aria-level=\"1\"><span style=\"font-weight: 400;\">Effectuez une recherche approfondie parmi les sites comme Jamilah, Miss Boule, Bijoux Musulman et Muslim Mine. Par ailleurs, ils pr\u00e9sentent une vaste gamme de bijoux personnalis\u00e9s de haute qualit\u00e9.<\/span><\/li>\n<li style=\"font-weight: 400;\" aria-level=\"1\"><span style=\"font-weight: 400;\">Regardez les avis clients qui vont vous \u00e9clairer sur <span style=\"text-decoration: underline;\">la qualit\u00e9 des articles<\/span> et du service client.<\/span><\/li>\n<li style=\"font-weight: 400;\" aria-level=\"1\"><span style=\"font-weight: 400;\">V\u00e9rifiez les possibilit\u00e9s de personnalisation. La bijouterie concern\u00e9e dispose-t-elle d&rsquo;un atelier de confection qui respecte vos attentes ?<\/span><\/li>\n<li style=\"font-weight: 400;\" aria-level=\"1\"><span style=\"font-weight: 400;\">Assurez-vous d&rsquo;un bon service apr\u00e8s-vente. Il s&rsquo;agit d&rsquo;un maillon essentiel pour <span style=\"text-decoration: underline;\">garantir la satisfaction de votre achat<\/span>. Regardez \u00e9galement les politiques de retour et de garantie.<\/span><\/li>\n<\/ol>\n<h2><span class=\"ez-toc-section\" id=\"La_main_de_Fatma\"><\/span><b>La main de Fatma<\/b><span class=\"ez-toc-section-end\"><\/span><\/h2>\n<p><span style=\"font-weight: 400;\">Savez-vous que la main de Fatma porte \u00e9galement le nom de Khamsa ? Ce symbole est riche en signification <span style=\"text-decoration: underline;\">dans diff\u00e9rentes cultures<\/span>, notamment dans le monde arabe et juif. <\/span><b>Elle incarne la force, la protection et la b\u00e9n\u00e9diction<\/b><span style=\"font-weight: 400;\">. Elle fait r\u00e9f\u00e9rence \u00e0 Fatma, fille du proph\u00e8te Mahomet. De plus, on la per\u00e7oit g\u00e9n\u00e9ralement comme un talisman contre le mauvais \u0153il.<\/span><\/p>\n<h3><span class=\"ez-toc-section\" id=\"Acquerir_une_main_de_Fatma_pour_quelle_occasion\"><\/span><b>Acqu\u00e9rir une main de Fatma pour quelle occasion ?<\/b><span class=\"ez-toc-section-end\"><\/span><\/h3>\n<p><span style=\"font-weight: 400;\">Ce geste est charg\u00e9 d&rsquo;intentions positives. Ainsi, <\/span><b>vous pouvez la visualiser sur le site Marmottine <\/b><span style=\"font-weight: 400;\">pour l&rsquo;offrir lors de c\u00e9r\u00e9monies de naissance. Le nouveau-n\u00e9 est alors prot\u00e9g\u00e9 des influences n\u00e9gatives. Ce cadeau, tr\u00e8s pris\u00e9 lors des mariages, apporte protection et prosp\u00e9rit\u00e9 au couple. Pendant les f\u00eates religieuses et les anniversaires, ce bijou exprime des v\u0153ux de bonheur et de sant\u00e9. Ce symbole renforce aussi les liens familiaux et amplifie les \u00e9nergies positives dans l&rsquo;existence de l&rsquo;individu.<\/span><\/p>\n<h3><span class=\"ez-toc-section\" id=\"Quel_bijou_Fatma_pour_un_enfant\"><\/span><b>Quel bijou Fatma pour un enfant ?<\/b><span class=\"ez-toc-section-end\"><\/span><\/h3>\n<p><span style=\"font-weight: 400;\">Vous avez l&rsquo;intention d&rsquo;offrir ce bijou \u00e0 un enfant ? De plus, il se d\u00e9cline \u00e0 merveille en collier ou en bracelet. Les designs simplifi\u00e9s, color\u00e9s, attirent l&rsquo;attention des plus petits. Un pendentif en or ou en argent, serti de pierres semi-pr\u00e9cieuses, apporte une touche de magie. <\/span><b>Ces bijoux sont dot\u00e9s d&rsquo;une connotation spirituelle<\/b><span style=\"font-weight: 400;\">. L&rsquo;enfant sera entour\u00e9 d&rsquo;une aura protectrice tout au long de sa croissance. De plus, l&rsquo;aspect ludique et original de ces bijoux permet d&rsquo;initier les enfants \u00e0 <span style=\"text-decoration: underline;\">la culture et aux traditions<\/span>.<\/span><\/p>\n<h3><span class=\"ez-toc-section\" id=\"Quel_bijou_Fatma_pour_un_adulte\"><\/span><b>Quel bijou Fatma pour un adulte ?<\/b><span class=\"ez-toc-section-end\"><\/span><\/h3>\n<p><span style=\"font-weight: 400;\">Que vous aimiez les bracelets d\u00e9licats ou les colliers imposants, la main de fatma se d\u00e9cline en de nombreuses variantes ! Afin d&rsquo;accentuer la richesse du symbole, pr\u00e9f\u00e9rez des <\/span><b>mat\u00e9riaux comme l&rsquo;or, l&rsquo;argent ou les pierres pr\u00e9cieuses<\/b><span style=\"font-weight: 400;\">. L&rsquo;\u00e9l\u00e9gance est de mise avec un bracelet en argent orn\u00e9 de motifs de la main de Fatma. Pour un look plus chic, un pendentif en or richement d\u00e9cor\u00e9, s&rsquo;impose <span style=\"text-decoration: underline;\">lors de grandes occasions<\/span>. \u00c0 bien des \u00e9gards, ces bijoux ne sont pas uniquement des accessoires de mode, mais \u00e9galement des talismans, forgeant l&rsquo;identit\u00e9 spirituelle de l&rsquo;individu.<\/span><\/p>\n<h2><span class=\"ez-toc-section\" id=\"Une_excellente_idee_de_cadeaux\"><\/span><b>Une excellente id\u00e9e de cadeaux<\/b><span class=\"ez-toc-section-end\"><\/span><\/h2>\n<p>&nbsp;<\/p>\n<p><span style=\"font-weight: 400;\">Les moments sacr\u00e9s de l&rsquo;existence m\u00e9ritent d&rsquo;\u00eatre c\u00e9l\u00e9br\u00e9s avec un bijou personnalis\u00e9 musulman. Lien profond entre vos \u00e2mes et vos c\u0153urs. Consid\u00e9rez-les comme des h\u00e9ritages qui traverseront les g\u00e9n\u00e9rations, signes d&rsquo;un amour \u00e9ternel. Chaque bijou personnalis\u00e9 musulman repr\u00e9sente <span style=\"text-decoration: underline;\">un tr\u00e9sor intemporel<\/span>. Il communique votre affection lors des c\u00e9l\u00e9brations telles que les <\/span><b>anniversaires, les f\u00eates religieuses comme l&rsquo;A\u00efd ou les mariages<\/b><span style=\"font-weight: 400;\">. Ce bijou, cr\u00e9\u00e9 sur mesure, est une \u0153uvre d&rsquo;art qui c\u00e9l\u00e8bre votre amour et votre <span style=\"text-decoration: underline;\">identit\u00e9 culturelle et religieuse<\/span>.<\/span><\/p>\n<p><span style=\"font-weight: 400;\">Notez ces quelques id\u00e9es de bijoux personnalis\u00e9s qui peuvent devenir des cadeaux exceptionnels.<\/span><\/p>\n<ul>\n<li style=\"font-weight: 400;\" aria-level=\"1\"><span style=\"font-weight: 400;\">Colliers avec pr\u00e9nom en calligraphie arabe.<\/span><\/li>\n<li style=\"font-weight: 400;\" aria-level=\"1\"><span style=\"font-weight: 400;\">Bracelets grav\u00e9s avec une inscription sp\u00e9ciale, comme une pri\u00e8re ou un verset du Coran.<\/span><\/li>\n<li style=\"font-weight: 400;\" aria-level=\"1\"><span style=\"font-weight: 400;\">Bagues personnalis\u00e9es <span style=\"text-decoration: underline;\">avec une gravure<\/span> comme symbole d&rsquo;engagement et de d\u00e9votion.<\/span><\/li>\n<li style=\"font-weight: 400;\" aria-level=\"1\"><span style=\"font-weight: 400;\">Boucles d&rsquo;oreilles de symboles islamiques.<\/span><\/li>\n<li style=\"font-weight: 400;\" aria-level=\"1\"><span style=\"font-weight: 400;\">Main de Fatma, symbole d&rsquo;amour, de protection et de force, h\u00e9ritage culturel pour chacun.<\/span><\/li>\n<\/ul>\n<p><span style=\"font-weight: 400;\">Les bijoux personnalis\u00e9s musulmans sont des d\u00e9clarations puissantes, des t\u00e9moignages spirituels de nos croyances et de notre h\u00e9ritage. Ils affichent des <span style=\"text-decoration: underline;\">symboles forts<\/span> qui transcendent les modes passag\u00e8res. En arborant ce bijou, vous d\u00e9voilez au monde une part de votre \u00e2me. Privil\u00e9giez ce don inestimable <span style=\"text-decoration: underline;\">aux membres de votre famille<\/span>, \u00e0 vos amis, et immortalisez ainsi les pages de votre riche histoire familiale.<\/span><\/p>\n","protected":false},"excerpt":{"rendered":"<p>Quels sont les types de bijoux personnalis\u00e9s musulmans Les bijoux personnalis\u00e9s musulmans transcendent leur simple fonctionnalit\u00e9 d&rsquo;accessoires. Ils rassemblent la [&hellip;]<\/p>\n","protected":false},"author":4,"featured_media":0,"parent":247,"menu_order":4,"comment_status":"closed","ping_status":"closed","template":"","meta":{"site-sidebar-layout":"default","site-content-layout":"","ast-site-content-layout":"default","site-content-style":"default","site-sidebar-style":"default","ast-global-header-display":"","ast-banner-title-visibility":"","ast-main-header-display":"","ast-hfb-above-header-display":"","ast-hfb-below-header-display":"","ast-hfb-mobile-header-display":"","site-post-title":"","ast-breadcrumbs-content":"","ast-featured-img":"","footer-sml-layout":"","theme-transparent-header-meta":"default","adv-header-id-meta":"","stick-header-meta":"","header-above-stick-meta":"","header-main-stick-meta":"","header-below-stick-meta":"","astra-migrate-meta-layouts":"set","ast-page-background-enabled":"default","ast-page-background-meta":{"desktop":{"background-color":"var(--ast-global-color-4)","background-image":"","background-repeat":"repeat","background-position":"center center","background-size":"auto","background-attachment":"scroll","background-type":"","background-media":"","overlay-type":"","overlay-color":"","overlay-gradient":""},"tablet":{"background-color":"","background-image":"","background-repeat":"repeat","background-position":"center center","background-size":"auto","background-attachment":"scroll","background-type":"","background-media":"","overlay-type":"","overlay-color":"","overlay-gradient":""},"mobile":{"background-color":"","background-image":"","background-repeat":"repeat","background-position":"center center","background-size":"auto","background-attachment":"scroll","background-type":"","background-media":"","overlay-type":"","overlay-color":"","overlay-gradient":""}},"ast-content-background-meta":{"desktop":{"background-color":"var(--ast-global-color-5)","background-image":"","background-repeat":"repeat","background-position":"center center","background-size":"auto","background-attachment":"scroll","background-type":"","background-media":"","overlay-type":"","overlay-color":"","overlay-gradient":""},"tablet":{"background-color":"var(--ast-global-color-5)","background-image":"","background-repeat":"repeat","background-position":"center center","background-size":"auto","background-attachment":"scroll","background-type":"","background-media":"","overlay-type":"","overlay-color":"","overlay-gradient":""},"mobile":{"background-color":"var(--ast-global-color-5)","background-image":"","background-repeat":"repeat","background-position":"center center","background-size":"auto","background-attachment":"scroll","background-type":"","background-media":"","overlay-type":"","overlay-color":"","overlay-gradient":""}},"footnotes":""},"aioseo_notices":[],"_links":{"self":[{"href":"https:\/\/www.marmottine.fr\/mag\/wp-json\/wp\/v2\/pages\/832"}],"collection":[{"href":"https:\/\/www.marmottine.fr\/mag\/wp-json\/wp\/v2\/pages"}],"about":[{"href":"https:\/\/www.marmottine.fr\/mag\/wp-json\/wp\/v2\/types\/page"}],"author":[{"embeddable":true,"href":"https:\/\/www.marmottine.fr\/mag\/wp-json\/wp\/v2\/users\/4"}],"replies":[{"embeddable":true,"href":"https:\/\/www.marmottine.fr\/mag\/wp-json\/wp\/v2\/comments?post=832"}],"version-history":[{"count":3,"href":"https:\/\/www.marmottine.fr\/mag\/wp-json\/wp\/v2\/pages\/832\/revisions"}],"predecessor-version":[{"id":837,"href":"https:\/\/www.marmottine.fr\/mag\/wp-json\/wp\/v2\/pages\/832\/revisions\/837"}],"up":[{"embeddable":true,"href":"https:\/\/www.marmottine.fr\/mag\/wp-json\/wp\/v2\/pages\/247"}],"wp:attachment":[{"href":"https:\/\/www.marmottine.fr\/mag\/wp-json\/wp\/v2\/media?parent=832"}],"curies":[{"name":"wp","href":"https:\/\/api.w.org\/{rel}","templated":true}]}}