{"id":821,"date":"2024-10-08T13:45:27","date_gmt":"2024-10-08T11:45:27","guid":{"rendered":"https:\/\/www.marmottine.fr\/mag\/?page_id=821"},"modified":"2024-10-11T08:35:20","modified_gmt":"2024-10-11T06:35:20","slug":"le-manege-a-bijoux","status":"publish","type":"page","link":"https:\/\/www.marmottine.fr\/mag\/guides\/bijoux-personnalises\/par-marque\/le-manege-a-bijoux","title":{"rendered":"Quel choix de bijoux personnalis\u00e9s chez Le Man\u00e8ge \u00e0 Bijoux ?"},"content":{"rendered":"<h1><span class=\"ez-toc-section\" id=\"Quel_choix_de_bijoux_personnalises_chez_Le_Manege_a_Bijoux\"><\/span><b>Quel choix de bijoux personnalis\u00e9s chez Le Man\u00e8ge \u00e0 Bijoux ?<\/b><span class=\"ez-toc-section-end\"><\/span><\/h1><div id=\"ez-toc-container\" class=\"ez-toc-v2_0_69_1 counter-hierarchy ez-toc-counter ez-toc-grey ez-toc-container-direction\">\n<div class=\"ez-toc-title-container\">\n<p class=\"ez-toc-title\" style=\"cursor:inherit\">Sommaire<\/p>\n<span class=\"ez-toc-title-toggle\"><a href=\"#\" class=\"ez-toc-pull-right ez-toc-btn ez-toc-btn-xs ez-toc-btn-default ez-toc-toggle\" aria-label=\"Toggle Table of Content\"><span class=\"ez-toc-js-icon-con\"><span class=\"\"><span class=\"eztoc-hide\" style=\"display:none;\">Toggle<\/span><span class=\"ez-toc-icon-toggle-span\"><svg style=\"fill: #999;color:#999\" xmlns=\"http:\/\/www.w3.org\/2000\/svg\" class=\"list-377408\" width=\"20px\" height=\"20px\" viewBox=\"0 0 24 24\" fill=\"none\"><path d=\"M6 6H4v2h2V6zm14 0H8v2h12V6zM4 11h2v2H4v-2zm16 0H8v2h12v-2zM4 16h2v2H4v-2zm16 0H8v2h12v-2z\" fill=\"currentColor\"><\/path><\/svg><svg style=\"fill: #999;color:#999\" class=\"arrow-unsorted-368013\" xmlns=\"http:\/\/www.w3.org\/2000\/svg\" width=\"10px\" height=\"10px\" viewBox=\"0 0 24 24\" version=\"1.2\" baseProfile=\"tiny\"><path d=\"M18.2 9.3l-6.2-6.3-6.2 6.3c-.2.2-.3.4-.3.7s.1.5.3.7c.2.2.4.3.7.3h11c.3 0 .5-.1.7-.3.2-.2.3-.5.3-.7s-.1-.5-.3-.7zM5.8 14.7l6.2 6.3 6.2-6.3c.2-.2.3-.5.3-.7s-.1-.5-.3-.7c-.2-.2-.4-.3-.7-.3h-11c-.3 0-.5.1-.7.3-.2.2-.3.5-.3.7s.1.5.3.7z\"\/><\/svg><\/span><\/span><\/span><\/a><\/span><\/div>\n<nav><ul class='ez-toc-list ez-toc-list-level-1 ' ><li class='ez-toc-page-1 ez-toc-heading-level-1'><a class=\"ez-toc-link ez-toc-heading-1\" href=\"https:\/\/www.marmottine.fr\/mag\/guides\/bijoux-personnalises\/par-marque\/le-manege-a-bijoux\/#Quel_choix_de_bijoux_personnalises_chez_Le_Manege_a_Bijoux\" title=\"Quel choix de bijoux personnalis\u00e9s chez Le Man\u00e8ge \u00e0 Bijoux ?\">Quel choix de bijoux personnalis\u00e9s chez Le Man\u00e8ge \u00e0 Bijoux ?<\/a><ul class='ez-toc-list-level-2' ><li class='ez-toc-heading-level-2'><a class=\"ez-toc-link ez-toc-heading-2\" href=\"https:\/\/www.marmottine.fr\/mag\/guides\/bijoux-personnalises\/par-marque\/le-manege-a-bijoux\/#Pourquoi_choisir_un_bijou_personnalise\" title=\"Pourquoi choisir un bijou personnalis\u00e9 ?\">Pourquoi choisir un bijou personnalis\u00e9 ?<\/a><\/li><li class='ez-toc-page-1 ez-toc-heading-level-2'><a class=\"ez-toc-link ez-toc-heading-3\" href=\"https:\/\/www.marmottine.fr\/mag\/guides\/bijoux-personnalises\/par-marque\/le-manege-a-bijoux\/#Les_elements_a_verifier_pour_bien_choisir_un_bijou_personnalise\" title=\"Les \u00e9l\u00e9ments \u00e0 v\u00e9rifier pour bien choisir un bijou personnalis\u00e9\">Les \u00e9l\u00e9ments \u00e0 v\u00e9rifier pour bien choisir un bijou personnalis\u00e9<\/a><ul class='ez-toc-list-level-3' ><li class='ez-toc-heading-level-3'><a class=\"ez-toc-link ez-toc-heading-4\" href=\"https:\/\/www.marmottine.fr\/mag\/guides\/bijoux-personnalises\/par-marque\/le-manege-a-bijoux\/#Le_type_de_bijou_selon_les_gouts\" title=\"Le type de bijou selon les go\u00fbts\">Le type de bijou selon les go\u00fbts<\/a><\/li><li class='ez-toc-page-1 ez-toc-heading-level-3'><a class=\"ez-toc-link ez-toc-heading-5\" href=\"https:\/\/www.marmottine.fr\/mag\/guides\/bijoux-personnalises\/par-marque\/le-manege-a-bijoux\/#La_matiere_du_bijou_personnalise\" title=\"La mati\u00e8re du bijou personnalis\u00e9\">La mati\u00e8re du bijou personnalis\u00e9<\/a><\/li><li class='ez-toc-page-1 ez-toc-heading-level-3'><a class=\"ez-toc-link ez-toc-heading-6\" href=\"https:\/\/www.marmottine.fr\/mag\/guides\/bijoux-personnalises\/par-marque\/le-manege-a-bijoux\/#La_personne_a_qui_le_bijou_est_destine_et_loccasion\" title=\"La personne \u00e0 qui le bijou est destin\u00e9 et l\u2019occasion\">La personne \u00e0 qui le bijou est destin\u00e9 et l\u2019occasion<\/a><\/li><li class='ez-toc-page-1 ez-toc-heading-level-3'><a class=\"ez-toc-link ez-toc-heading-7\" href=\"https:\/\/www.marmottine.fr\/mag\/guides\/bijoux-personnalises\/par-marque\/le-manege-a-bijoux\/#Le_prix_du_bijou_personnalise\" title=\"Le prix du bijou personnalis\u00e9\">Le prix du bijou personnalis\u00e9<\/a><\/li><\/ul><\/li><li class='ez-toc-page-1 ez-toc-heading-level-2'><a class=\"ez-toc-link ez-toc-heading-8\" href=\"https:\/\/www.marmottine.fr\/mag\/guides\/bijoux-personnalises\/par-marque\/le-manege-a-bijoux\/#Quand_offrir_un_bijou_personnalise\" title=\"Quand offrir un bijou personnalis\u00e9 ?\">Quand offrir un bijou personnalis\u00e9 ?<\/a><\/li><li class='ez-toc-page-1 ez-toc-heading-level-2'><a class=\"ez-toc-link ez-toc-heading-9\" href=\"https:\/\/www.marmottine.fr\/mag\/guides\/bijoux-personnalises\/par-marque\/le-manege-a-bijoux\/#Les_differents_bijoux_personnalises_proposes_par_Le_Manege_a_Bijoux\" title=\"Les diff\u00e9rents bijoux personnalis\u00e9s propos\u00e9s par Le Man\u00e8ge \u00e0 Bijoux\">Les diff\u00e9rents bijoux personnalis\u00e9s propos\u00e9s par Le Man\u00e8ge \u00e0 Bijoux<\/a><\/li><\/ul><\/li><\/ul><\/nav><\/div>\n\n<figure id=\"attachment_824\" aria-describedby=\"caption-attachment-824\" style=\"width: 1200px\" class=\"wp-caption alignnone\"><img loading=\"lazy\" decoding=\"async\" class=\"size-full wp-image-824\" src=\"https:\/\/www.marmottine.fr\/mag\/wp-content\/uploads\/2024\/10\/LE-MANEGE-A-BIJOUX-PHOTO.jpg\" alt=\"LE MANEGE A BIJOUX-PHOTO\" width=\"1200\" height=\"800\" srcset=\"https:\/\/www.marmottine.fr\/mag\/wp-content\/uploads\/2024\/10\/LE-MANEGE-A-BIJOUX-PHOTO.jpg 1200w, https:\/\/www.marmottine.fr\/mag\/wp-content\/uploads\/2024\/10\/LE-MANEGE-A-BIJOUX-PHOTO-300x200.jpg 300w, https:\/\/www.marmottine.fr\/mag\/wp-content\/uploads\/2024\/10\/LE-MANEGE-A-BIJOUX-PHOTO-1024x683.jpg 1024w, https:\/\/www.marmottine.fr\/mag\/wp-content\/uploads\/2024\/10\/LE-MANEGE-A-BIJOUX-PHOTO-768x512.jpg 768w\" sizes=\"(max-width: 1200px) 100vw, 1200px\" \/><figcaption id=\"caption-attachment-824\" class=\"wp-caption-text\">LE MANEGE A BIJOUX-PHOTO<\/figcaption><\/figure>\n<p><span style=\"font-weight: 400;\">Vous avez un cadeau \u00e0 faire \u00e0 votre partenaire ou l\u2019un de vos proches, mais vous manquez d\u2019id\u00e9es ? Cette fois-ci, vous d\u00e9sirez faire les choses en grand et offrir un <span style=\"text-decoration: underline;\">cadeau unique et original<\/span> ? Alors le mieux, pour vous, est de vous tourner vers un bijou. Mais pas n\u2019importe lequel. Choisissez un <a href=\"https:\/\/www.marmottine.fr\/mag\/guides\/bijoux-personnalises\/par-marque\">bijou personnalis\u00e9 de marque<\/a>.<\/span><\/p>\n<h2><span class=\"ez-toc-section\" id=\"Pourquoi_choisir_un_bijou_personnalise\"><\/span><b>Pourquoi choisir un bijou personnalis\u00e9 ?<\/b><span class=\"ez-toc-section-end\"><\/span><\/h2>\n<p><span style=\"font-weight: 400;\">Autrefois, quand il s\u2019agissait d\u2019offrir un cadeau, la plupart des gens optaient pour un bijou. Seulement, au fil des ann\u00e9es, les bijoux ont commenc\u00e9 \u00e0 tous se ressembler et \u00e0 <\/span><b>perdre un peu de leur int\u00e9r\u00eat<\/b><span style=\"font-weight: 400;\">. Mais depuis peu, le bijou personnalis\u00e9 \u00e0 fait son apparition et a consid\u00e9rablement gagn\u00e9 en popularit\u00e9. Tr\u00e8s tendance, ce type de bijou permet d\u2019offrir des cadeaux vraiment uniques et qui font plaisir \u00e0 tous les coups.<\/span><\/p>\n<p><span style=\"font-weight: 400;\">Mais concr\u00e8tement, <\/span><b>qu\u2019est-ce qu\u2019un bijou personnalis\u00e9<\/b><span style=\"font-weight: 400;\"> ? Il s\u2019agit d\u2019un bijou qui est destin\u00e9 \u00e0 <span style=\"text-decoration: underline;\">recevoir une gravure<\/span>, aussi bien des chiffres que des caract\u00e8res. Ainsi, il est possible d\u2019obtenir un bijou avec un pr\u00e9nom, des initiales ou une date de naissance ou de rencontre, par exemple. De cette mani\u00e8re, vous avez la possibilit\u00e9 d\u2019offrir un cadeau personnalis\u00e9 et que personne d\u2019autre ne poss\u00e8dera.<\/span><\/p>\n<p><span style=\"font-weight: 400;\">La particularit\u00e9 du bijou personnalis\u00e9 est qu\u2019il permet de <\/span><b>d\u00e9livrer un message touchant<\/b><span style=\"font-weight: 400;\"> et plein d\u2019amour. Que ce soit pour un homme ou pour une femme, c\u2019est <span style=\"text-decoration: underline;\">un cadeau qui fait toujours plaisir<\/span>. Par cons\u00e9quent, si vous manquez d\u2019id\u00e9es, pensez au bijou personnalis\u00e9, vous ne le regretterez pas.<\/span><\/p>\n<h2><span class=\"ez-toc-section\" id=\"Les_elements_a_verifier_pour_bien_choisir_un_bijou_personnalise\"><\/span><b>Les \u00e9l\u00e9ments \u00e0 v\u00e9rifier pour bien choisir un bijou personnalis\u00e9<\/b><span class=\"ez-toc-section-end\"><\/span><\/h2>\n<p><b>Choisir le bon bijou<\/b><span style=\"font-weight: 400;\"> est important pour ne pas se tromper, surtout lorsqu\u2019il s\u2019agit d\u2019un cadeau destin\u00e9 \u00e0 une personne qui vous est ch\u00e8re. Ainsi, pour faire le meilleur choix possible, il y a <span style=\"text-decoration: underline;\">plusieurs crit\u00e8res de s\u00e9lection<\/span> qui vous aideront \u00e0 trouver le bijou personnalis\u00e9 qu\u2019il vous faut.<\/span><\/p>\n<h3><span class=\"ez-toc-section\" id=\"Le_type_de_bijou_selon_les_gouts\"><\/span><b>Le type de bijou selon les go\u00fbts<\/b><span class=\"ez-toc-section-end\"><\/span><\/h3>\n<p><span style=\"font-weight: 400;\">Il existe \u00e9norm\u00e9ment de bijoux diff\u00e9rents tels que les bracelets, les bagues, les colliers, les pendentifs, les boucles d\u2019oreilles\u2026 Certaines personnes ont des pr\u00e9f\u00e9rences sur les bijoux. Par exemple, de nombreuses personnes n\u2019aiment pas porter de bagues ou d\u2019autres n\u2019ont pas les oreilles perc\u00e9es et ne peuvent donc pas mettre de boucles d\u2019oreilles.<\/span><\/p>\n<p><span style=\"font-weight: 400;\">Vous devez donc bien <\/span><b>prendre en compte les go\u00fbts de la personne<\/b><span style=\"font-weight: 400;\"> \u00e0 qui vous allez offrir ce cadeau si vous voulez lui faire vraiment plaisir. L\u2019avantage est que vous avez \u00e9norm\u00e9ment de choix en mati\u00e8re de bijoux, ce qui veut dire que vous ne rencontrerez aucune difficult\u00e9 \u00e0 <span style=\"text-decoration: underline;\">trouver le mod\u00e8le parfait<\/span>.<\/span><\/p>\n<h3><span class=\"ez-toc-section\" id=\"La_matiere_du_bijou_personnalise\"><\/span><b>La mati\u00e8re du bijou personnalis\u00e9<\/b><span class=\"ez-toc-section-end\"><\/span><\/h3>\n<p><span style=\"font-weight: 400;\"><span style=\"text-decoration: underline;\">La mati\u00e8re d\u2019un bijou<\/span> est un crit\u00e8re essentiel qui va avoir de l\u2019influence aussi bien sur le prix que sur la qualit\u00e9. Or, argent, plaqu\u00e9 or, acier inoxydable\u2026 Faites votre s\u00e9lection parmi ces diff\u00e9rents mat\u00e9riaux. Pensez \u00e9galement \u00e0 la couleur. L\u2019or, par exemple, existe en jaune, blanc ou rose.<\/span><\/p>\n<p><span style=\"font-weight: 400;\">Par ailleurs, selon les bijoux, vous trouverez \u00e9galement des mod\u00e8les surmont\u00e9s de strass, de pierres pr\u00e9cieuses ou de perles. Il y a beaucoup de vari\u00e9t\u00e9s, alors pourquoi ne pas ne profiter ? Qui n&rsquo;aime pas recevoir un bijou en cadeau ? Les bijoux sont des valeurs s\u00fbres, car ils plaisent \u00e0 tout le monde, quel que soit l&rsquo;\u00e2ge.<\/span><\/p>\n<h3><span class=\"ez-toc-section\" id=\"La_personne_a_qui_le_bijou_est_destine_et_loccasion\"><\/span><b>La personne \u00e0 qui le bijou est destin\u00e9 et l\u2019occasion<\/b><span class=\"ez-toc-section-end\"><\/span><\/h3>\n<p><span style=\"font-weight: 400;\">En fonction de la personne qui va recevoir votre bijou personnalis\u00e9, vous devez opter pour un mod\u00e8le diff\u00e9rent. En effet, vous ne pouvez pas offrir le m\u00eame bijou \u00e0 un homme, une femme ou un enfant. De m\u00eame, selon l\u2019occasion, l\u00e0 encore <\/span><b>le choix devra \u00eatre diff\u00e9rent<\/b><span style=\"font-weight: 400;\">.\u00a0<\/span><\/p>\n<p><span style=\"font-weight: 400;\">Pour le bapt\u00eame d\u2019un enfant, la m\u00e9daille sera beaucoup plus adapt\u00e9e. En revanche, pour la f\u00eate des m\u00e8res ou des p\u00e8res, le bracelet personnalisable fera un tr\u00e8s joli cadeau. Dans tous les cas, prenez le temps de trouver le bon mod\u00e8le. N&rsquo;h\u00e9sitez pas \u00e0 demander conseil si vous rencontrez des difficult\u00e9s \u00e0 trouver <span style=\"text-decoration: underline;\">le bon bijou en fonction de l&rsquo;occasion<\/span>.<\/span><\/p>\n<h3><span class=\"ez-toc-section\" id=\"Le_prix_du_bijou_personnalise\"><\/span><b>Le prix du bijou personnalis\u00e9<\/b><span class=\"ez-toc-section-end\"><\/span><\/h3>\n<p><span style=\"font-weight: 400;\">Le dernier \u00e9l\u00e9ment \u00e0 ne pas n\u00e9gliger lors du choix d\u2019un bijou personnalis\u00e9 <\/span><b>est le prix<\/b><span style=\"font-weight: 400;\">. Comme expliqu\u00e9 pr\u00e9c\u00e9demment, le type de bijou et sa mati\u00e8re influent sur le prix de vente. Un mod\u00e8le en or co\u00fbtera forc\u00e9ment plus cher qu\u2019un bijou en acier inoxydable. Mais les bijoux en or se pr\u00eatent mieux <span style=\"text-decoration: underline;\">\u00e0 certaines occasions<\/span>. Pour un anniversaire de mariage, par exemple, il est plus judicieux d\u2019offrir une bague en or plut\u00f4t qu\u2019en plaqu\u00e9 or ou en acier.<\/span><\/p>\n<p><span style=\"font-weight: 400;\">Le plus simple pour vous est de <\/span><b>d\u00e9finir un budget \u00e0 l\u2019avance<\/b><span style=\"font-weight: 400;\"> afin de savoir d\u00e9j\u00e0 vers quelle gamme de bijoux vous tourner. D\u2019autant plus que la personnalisation ajoute un co\u00fbt suppl\u00e9mentaire \u00e0 prendre en compte dans votre budget. En fonction des bijouteries, le prix de la personnalisation sera plus ou moins \u00e9lev\u00e9. Renseignez-vous bien avant de prendre votre d\u00e9cision.<\/span><\/p>\n<h2><span class=\"ez-toc-section\" id=\"Quand_offrir_un_bijou_personnalise\"><\/span><b>Quand offrir un bijou personnalis\u00e9 ?<\/b><span class=\"ez-toc-section-end\"><\/span><\/h2>\n<p><span style=\"font-weight: 400;\">Vous vous demandez \u00e0 quelle occasion est-il possible d\u2019offrir un bijou personnalis\u00e9 ? Ce type de cadeau a pour but de montrer \u00e0 la personne concern\u00e9e \u00e0 quel point vous l\u2019aimez et vous tenez \u00e0 elle. Ce qui veut dire que <\/span><b>toutes les occasions sont id\u00e9ales<\/b><span style=\"font-weight: 400;\"> pour offrir ce genre de pr\u00e9sent :<\/span><\/p>\n<ul>\n<li><span style=\"font-weight: 400;\"> Anniversaire<\/span><\/li>\n<li><span style=\"font-weight: 400;\"> Bapt\u00eame<\/span><\/li>\n<li><span style=\"font-weight: 400;\"> Communion<\/span><\/li>\n<li><span style=\"font-weight: 400;\"> Saint Valentin<\/span><\/li>\n<li><span style=\"font-weight: 400;\"> No\u00ebl<\/span><\/li>\n<li><span style=\"font-weight: 400;\"> F\u00eate des m\u00e8res<\/span><\/li>\n<li><span style=\"font-weight: 400;\"> F\u00eate des p\u00e8res<\/span><\/li>\n<li><span style=\"font-weight: 400;\"> Obtention d\u2019un dipl\u00f4me<\/span><\/li>\n<li><span style=\"font-weight: 400;\"> Ou pour faire plaisir sans occasion particuli\u00e8re<\/span><\/li>\n<\/ul>\n<p><span style=\"font-weight: 400;\">Alors plut\u00f4t que d\u2019offrir les m\u00eames cadeaux chaque ann\u00e9e, optez plut\u00f4t pour <span style=\"text-decoration: underline;\">un bijou qui a du sens<\/span> et qui d\u00e9livre un message fort et symbolique !<\/span><\/p>\n<h2><span class=\"ez-toc-section\" id=\"Les_differents_bijoux_personnalises_proposes_par_Le_Manege_a_Bijoux\"><\/span><b>Les diff\u00e9rents bijoux personnalis\u00e9s propos\u00e9s par Le Man\u00e8ge \u00e0 Bijoux<\/b><span class=\"ez-toc-section-end\"><\/span><\/h2>\n<p><span style=\"font-weight: 400;\">La bijouterie Le Man\u00e8ge \u00e0 Bijoux vous propose un <\/span><b>grand choix de bijoux<\/b><span style=\"font-weight: 400;\"> pouvant \u00eatre personnalis\u00e9s selon vos besoins. Faites votre s\u00e9lection parmi des gourmettes, des bracelets, des m\u00e9dailles, des pendentifs, des alliances, des chevali\u00e8res\u2026 Profitez de bijoux de qualit\u00e9 \u00e0 prix int\u00e9ressants et faites enfin plaisir \u00e0 tous vos proches et amis.<\/span><\/p>\n<p><span style=\"font-weight: 400;\">De nos jours, les <span style=\"text-decoration: underline;\">bijoux personnalis\u00e9s<\/span> sont de plus en plus demand\u00e9s, surtout lorsque certaines f\u00eates approchent. Il existe de tr\u00e8s nombreux bijoux abordables et qui conviennent \u00e0 tous les budgets. Si vous voulez g\u00e2ter tout votre entourage en offrant des cadeaux originaux, ne n\u00e9gligez pas les bijoux personnalis\u00e9s. Maintenant que vous connaissez <span style=\"text-decoration: underline;\">tous les crit\u00e8res pour bien les choisir<\/span>, il ne vous reste plus qu\u2019\u00e0 partir \u00e0 la recherche du plus beau des cadeaux.<\/span><\/p>\n","protected":false},"excerpt":{"rendered":"<p>Quel choix de bijoux personnalis\u00e9s chez Le Man\u00e8ge \u00e0 Bijoux ? Vous avez un cadeau \u00e0 faire \u00e0 votre partenaire [&hellip;]<\/p>\n","protected":false},"author":4,"featured_media":824,"parent":647,"menu_order":4,"comment_status":"closed","ping_status":"closed","template":"","meta":{"site-sidebar-layout":"default","site-content-layout":"","ast-site-content-layout":"default","site-content-style":"default","site-sidebar-style":"default","ast-global-header-display":"","ast-banner-title-visibility":"","ast-main-header-display":"","ast-hfb-above-header-display":"","ast-hfb-below-header-display":"","ast-hfb-mobile-header-display":"","site-post-title":"","ast-breadcrumbs-content":"","ast-featured-img":"","footer-sml-layout":"","theme-transparent-header-meta":"default","adv-header-id-meta":"","stick-header-meta":"","header-above-stick-meta":"","header-main-stick-meta":"","header-below-stick-meta":"","astra-migrate-meta-layouts":"set","ast-page-background-enabled":"default","ast-page-background-meta":{"desktop":{"background-color":"var(--ast-global-color-4)","background-image":"","background-repeat":"repeat","background-position":"center center","background-size":"auto","background-attachment":"scroll","background-type":"","background-media":"","overlay-type":"","overlay-color":"","overlay-gradient":""},"tablet":{"background-color":"","background-image":"","background-repeat":"repeat","background-position":"center center","background-size":"auto","background-attachment":"scroll","background-type":"","background-media":"","overlay-type":"","overlay-color":"","overlay-gradient":""},"mobile":{"background-color":"","background-image":"","background-repeat":"repeat","background-position":"center center","background-size":"auto","background-attachment":"scroll","background-type":"","background-media":"","overlay-type":"","overlay-color":"","overlay-gradient":""}},"ast-content-background-meta":{"desktop":{"background-color":"var(--ast-global-color-5)","background-image":"","background-repeat":"repeat","background-position":"center center","background-size":"auto","background-attachment":"scroll","background-type":"","background-media":"","overlay-type":"","overlay-color":"","overlay-gradient":""},"tablet":{"background-color":"var(--ast-global-color-5)","background-image":"","background-repeat":"repeat","background-position":"center center","background-size":"auto","background-attachment":"scroll","background-type":"","background-media":"","overlay-type":"","overlay-color":"","overlay-gradient":""},"mobile":{"background-color":"var(--ast-global-color-5)","background-image":"","background-repeat":"repeat","background-position":"center center","background-size":"auto","background-attachment":"scroll","background-type":"","background-media":"","overlay-type":"","overlay-color":"","overlay-gradient":""}},"footnotes":""},"aioseo_notices":[],"_links":{"self":[{"href":"https:\/\/www.marmottine.fr\/mag\/wp-json\/wp\/v2\/pages\/821"}],"collection":[{"href":"https:\/\/www.marmottine.fr\/mag\/wp-json\/wp\/v2\/pages"}],"about":[{"href":"https:\/\/www.marmottine.fr\/mag\/wp-json\/wp\/v2\/types\/page"}],"author":[{"embeddable":true,"href":"https:\/\/www.marmottine.fr\/mag\/wp-json\/wp\/v2\/users\/4"}],"replies":[{"embeddable":true,"href":"https:\/\/www.marmottine.fr\/mag\/wp-json\/wp\/v2\/comments?post=821"}],"version-history":[{"count":3,"href":"https:\/\/www.marmottine.fr\/mag\/wp-json\/wp\/v2\/pages\/821\/revisions"}],"predecessor-version":[{"id":825,"href":"https:\/\/www.marmottine.fr\/mag\/wp-json\/wp\/v2\/pages\/821\/revisions\/825"}],"up":[{"embeddable":true,"href":"https:\/\/www.marmottine.fr\/mag\/wp-json\/wp\/v2\/pages\/647"}],"wp:featuredmedia":[{"embeddable":true,"href":"https:\/\/www.marmottine.fr\/mag\/wp-json\/wp\/v2\/media\/824"}],"wp:attachment":[{"href":"https:\/\/www.marmottine.fr\/mag\/wp-json\/wp\/v2\/media?parent=821"}],"curies":[{"name":"wp","href":"https:\/\/api.w.org\/{rel}","templated":true}]}}