{"id":817,"date":"2024-10-08T13:43:01","date_gmt":"2024-10-08T11:43:01","guid":{"rendered":"https:\/\/www.marmottine.fr\/mag\/?page_id=817"},"modified":"2024-10-11T08:35:14","modified_gmt":"2024-10-11T06:35:14","slug":"pandora","status":"publish","type":"page","link":"https:\/\/www.marmottine.fr\/mag\/guides\/bijoux-personnalises\/par-marque\/pandora","title":{"rendered":"Quel choix de bijoux personnalis\u00e9s chez Pandora ?"},"content":{"rendered":"<h1><span class=\"ez-toc-section\" id=\"Quel_choix_de_bijoux_personnalises_chez_Pandora\"><\/span><b>Quel choix de bijoux personnalis\u00e9s chez Pandora ?<\/b><span class=\"ez-toc-section-end\"><\/span><\/h1><div id=\"ez-toc-container\" class=\"ez-toc-v2_0_69_1 counter-hierarchy ez-toc-counter ez-toc-grey ez-toc-container-direction\">\n<div class=\"ez-toc-title-container\">\n<p class=\"ez-toc-title\" style=\"cursor:inherit\">Sommaire<\/p>\n<span class=\"ez-toc-title-toggle\"><a href=\"#\" class=\"ez-toc-pull-right ez-toc-btn ez-toc-btn-xs ez-toc-btn-default ez-toc-toggle\" aria-label=\"Toggle Table of Content\"><span class=\"ez-toc-js-icon-con\"><span class=\"\"><span class=\"eztoc-hide\" style=\"display:none;\">Toggle<\/span><span class=\"ez-toc-icon-toggle-span\"><svg style=\"fill: #999;color:#999\" xmlns=\"http:\/\/www.w3.org\/2000\/svg\" class=\"list-377408\" width=\"20px\" height=\"20px\" viewBox=\"0 0 24 24\" fill=\"none\"><path d=\"M6 6H4v2h2V6zm14 0H8v2h12V6zM4 11h2v2H4v-2zm16 0H8v2h12v-2zM4 16h2v2H4v-2zm16 0H8v2h12v-2z\" fill=\"currentColor\"><\/path><\/svg><svg style=\"fill: #999;color:#999\" class=\"arrow-unsorted-368013\" xmlns=\"http:\/\/www.w3.org\/2000\/svg\" width=\"10px\" height=\"10px\" viewBox=\"0 0 24 24\" version=\"1.2\" baseProfile=\"tiny\"><path d=\"M18.2 9.3l-6.2-6.3-6.2 6.3c-.2.2-.3.4-.3.7s.1.5.3.7c.2.2.4.3.7.3h11c.3 0 .5-.1.7-.3.2-.2.3-.5.3-.7s-.1-.5-.3-.7zM5.8 14.7l6.2 6.3 6.2-6.3c.2-.2.3-.5.3-.7s-.1-.5-.3-.7c-.2-.2-.4-.3-.7-.3h-11c-.3 0-.5.1-.7.3-.2.2-.3.5-.3.7s.1.5.3.7z\"\/><\/svg><\/span><\/span><\/span><\/a><\/span><\/div>\n<nav><ul class='ez-toc-list ez-toc-list-level-1 ' ><li class='ez-toc-page-1 ez-toc-heading-level-1'><a class=\"ez-toc-link ez-toc-heading-1\" href=\"https:\/\/www.marmottine.fr\/mag\/guides\/bijoux-personnalises\/par-marque\/pandora\/#Quel_choix_de_bijoux_personnalises_chez_Pandora\" title=\"Quel choix de bijoux personnalis\u00e9s chez Pandora ?\">Quel choix de bijoux personnalis\u00e9s chez Pandora ?<\/a><ul class='ez-toc-list-level-2' ><li class='ez-toc-heading-level-2'><a class=\"ez-toc-link ez-toc-heading-2\" href=\"https:\/\/www.marmottine.fr\/mag\/guides\/bijoux-personnalises\/par-marque\/pandora\/#Un_grand_choix_de_bijoux\" title=\"Un grand choix de bijoux\u00a0\u00a0\">Un grand choix de bijoux\u00a0\u00a0<\/a><ul class='ez-toc-list-level-3' ><li class='ez-toc-heading-level-3'><a class=\"ez-toc-link ez-toc-heading-3\" href=\"https:\/\/www.marmottine.fr\/mag\/guides\/bijoux-personnalises\/par-marque\/pandora\/#Des_bijoux_personnalises_pour_chaque_occasion\" title=\"Des bijoux personnalis\u00e9s pour chaque occasion\">Des bijoux personnalis\u00e9s pour chaque occasion<\/a><\/li><\/ul><\/li><li class='ez-toc-page-1 ez-toc-heading-level-2'><a class=\"ez-toc-link ez-toc-heading-4\" href=\"https:\/\/www.marmottine.fr\/mag\/guides\/bijoux-personnalises\/par-marque\/pandora\/#Un_service_de_gravure\" title=\"Un service de gravure\">Un service de gravure<\/a><\/li><li class='ez-toc-page-1 ez-toc-heading-level-2'><a class=\"ez-toc-link ez-toc-heading-5\" href=\"https:\/\/www.marmottine.fr\/mag\/guides\/bijoux-personnalises\/par-marque\/pandora\/#Pourquoi_opter_pour_un_bijou_personnalise_Pandora\" title=\"Pourquoi opter pour un bijou personnalis\u00e9 Pandora ?\">Pourquoi opter pour un bijou personnalis\u00e9 Pandora ?<\/a><ul class='ez-toc-list-level-3' ><li class='ez-toc-heading-level-3'><a class=\"ez-toc-link ez-toc-heading-6\" href=\"https:\/\/www.marmottine.fr\/mag\/guides\/bijoux-personnalises\/par-marque\/pandora\/#Des_bijoux_accessibles\" title=\"Des bijoux accessibles\">Des bijoux accessibles<\/a><\/li><li class='ez-toc-page-1 ez-toc-heading-level-3'><a class=\"ez-toc-link ez-toc-heading-7\" href=\"https:\/\/www.marmottine.fr\/mag\/guides\/bijoux-personnalises\/par-marque\/pandora\/#Des_bijoux_personnalisables\" title=\"Des bijoux personnalisables\">Des bijoux personnalisables<\/a><\/li><li class='ez-toc-page-1 ez-toc-heading-level-3'><a class=\"ez-toc-link ez-toc-heading-8\" href=\"https:\/\/www.marmottine.fr\/mag\/guides\/bijoux-personnalises\/par-marque\/pandora\/#Des_bijoux_durables\" title=\"Des bijoux durables\">Des bijoux durables<\/a><\/li><li class='ez-toc-page-1 ez-toc-heading-level-3'><a class=\"ez-toc-link ez-toc-heading-9\" href=\"https:\/\/www.marmottine.fr\/mag\/guides\/bijoux-personnalises\/par-marque\/pandora\/#Des_bijoux_tres_esthetiques\" title=\"Des bijoux tr\u00e8s esth\u00e9tiques\">Des bijoux tr\u00e8s esth\u00e9tiques<\/a><\/li><li class='ez-toc-page-1 ez-toc-heading-level-3'><a class=\"ez-toc-link ez-toc-heading-10\" href=\"https:\/\/www.marmottine.fr\/mag\/guides\/bijoux-personnalises\/par-marque\/pandora\/#Des_bijoux_issus_de_belles_valeurs\" title=\"Des bijoux issus de belles valeurs\">Des bijoux issus de belles valeurs<\/a><\/li><\/ul><\/li><\/ul><\/li><\/ul><\/nav><\/div>\n\n<figure id=\"attachment_819\" aria-describedby=\"caption-attachment-819\" style=\"width: 1200px\" class=\"wp-caption alignnone\"><img loading=\"lazy\" decoding=\"async\" class=\"size-full wp-image-819\" src=\"https:\/\/www.marmottine.fr\/mag\/wp-content\/uploads\/2024\/10\/PANDORA-PHOTO.jpg\" alt=\"PANDORA-PHOTO\" width=\"1200\" height=\"800\" srcset=\"https:\/\/www.marmottine.fr\/mag\/wp-content\/uploads\/2024\/10\/PANDORA-PHOTO.jpg 1200w, https:\/\/www.marmottine.fr\/mag\/wp-content\/uploads\/2024\/10\/PANDORA-PHOTO-300x200.jpg 300w, https:\/\/www.marmottine.fr\/mag\/wp-content\/uploads\/2024\/10\/PANDORA-PHOTO-1024x683.jpg 1024w, https:\/\/www.marmottine.fr\/mag\/wp-content\/uploads\/2024\/10\/PANDORA-PHOTO-768x512.jpg 768w\" sizes=\"(max-width: 1200px) 100vw, 1200px\" \/><figcaption id=\"caption-attachment-819\" class=\"wp-caption-text\">PANDORA-PHOTO<\/figcaption><\/figure>\n<p><span style=\"font-weight: 400;\">Pandora est une <a href=\"https:\/\/www.marmottine.fr\/mag\/guides\/bijoux-personnalises\/par-marque\">marque de bijoux personnalis\u00e9s<\/a> qui <span style=\"text-decoration: underline;\">fait partie des plus r\u00e9put\u00e9es en France<\/span>. Elle s\u2019est rapidement d\u00e9velopp\u00e9e (en seulement une dizaine d\u2019ann\u00e9es) et poss\u00e8de \u00e0 ce jour plus de 10 000 boutiques implant\u00e9es dans une soixantaine de pays diff\u00e9rents. La marque doit en grande partie son succ\u00e8s \u00e0 ses embl\u00e9matiques bracelets agr\u00e9ment\u00e9s de \u00ab charms \u00bb (que l\u2019on appelle breloques en fran\u00e7ais) \u00e9l\u00e9gants et discrets. Si le concept \u00e9tait d\u00e9j\u00e0 connu en France, Pandora a su marquer les esprits en imposant un style raffin\u00e9 et chic.<\/span><\/p>\n<h2><span class=\"ez-toc-section\" id=\"Un_grand_choix_de_bijoux\"><\/span><b>Un grand choix de bijoux\u00a0\u00a0<\/b><span class=\"ez-toc-section-end\"><\/span><\/h2>\n<p><span style=\"font-weight: 400;\">La marque propose un <\/span><b>tr\u00e8s vaste choix<\/b><span style=\"font-weight: 400;\"> de bracelets, bagues, boucles d\u2019oreilles et colliers, sans oublier les fameux charms qui ont fait sa r\u00e9putation. Les bijoux sont propos\u00e9s en argent, pour mettre votre teint en valeur, ou en or jaune ou rose pour illuminer votre style et compl\u00e9ter vos tenues avec \u00e9l\u00e9gance.<\/span><\/p>\n<p><span style=\"font-weight: 400;\">Pandora r\u00e9alise tr\u00e8s r\u00e9guli\u00e8rement des <span style=\"text-decoration: underline;\">collections sp\u00e9ciales en collaboration avec d\u2019autres grandes marques<\/span> ou licences. Parmi les plus connues, on retrouve notamment Disney, Harry Potter, Marvel ou encore Game of Thrones. La marque sort aussi des collections sp\u00e9cifiques en fonction des saisons, notamment pour l\u2019\u00e9t\u00e9, No\u00ebl ou la Saint Valentin. Elle attache \u00e9galement une importance toute particuli\u00e8re aux \u00e9v\u00e8nements culturels, comme le d\u00e9montre sa collection d\u00e9di\u00e9e aux Jeux Olympiques de Paris 2024.<\/span><\/p>\n<p><span style=\"font-weight: 400;\">Concernant les bijoux disponibles, vous Pandora propose un tr\u00e8s vaste choix pour convenir \u00e0 tous les go\u00fbts. Ainsi, vous pouvez offrir ou vous faire plaisir avec :<\/span><\/p>\n<ul>\n<li style=\"font-weight: 400;\" aria-level=\"1\"><b>Des bracelets<\/b><span style=\"font-weight: 400;\"> : bracelets \u00e0 charms, cha\u00eenes, joncs, coulissants ou en cuir ;<\/span><\/li>\n<li style=\"font-weight: 400;\" aria-level=\"1\"><b>Des boucles d\u2019oreilles<\/b><span style=\"font-weight: 400;\"> : pendantes, cr\u00e9oles, perles ou clous ;<\/span><\/li>\n<li style=\"font-weight: 400;\" aria-level=\"1\"><b>Des bagues<\/b><span style=\"font-weight: 400;\"> : d\u00e9coratives ou alliances, orn\u00e9es de perles ou de motifs, et m\u00eame superposables ;<\/span><\/li>\n<li style=\"font-weight: 400;\" aria-level=\"1\"><b>Des colliers<\/b><span style=\"font-weight: 400;\"> : en perles ou avec pendentif ;<\/span><\/li>\n<li style=\"font-weight: 400;\" aria-level=\"1\"><b>Des charms<\/b><span style=\"font-weight: 400;\"> qui repr\u00e9sentent tous les moments de votre vie, mais aussi des espaceurs ou des charms gravables.<\/span><\/li>\n<\/ul>\n<h3><span class=\"ez-toc-section\" id=\"Des_bijoux_personnalises_pour_chaque_occasion\"><\/span><b>Des bijoux personnalis\u00e9s pour chaque occasion<\/b><span class=\"ez-toc-section-end\"><\/span><\/h3>\n<p><span style=\"font-weight: 400;\">Pandora propose \u00e0 ses clients des <\/span><b>bijoux totalement personnalisables<\/b><span style=\"font-weight: 400;\"> en fonction de leurs go\u00fbts. Mais la marque va au-del\u00e0 de cela : elle vous invite <span style=\"text-decoration: underline;\">\u00e0 choisir vos charms en fonction des valeurs symboliques<\/span> qui vous tiennent \u00e0 c\u0153ur (notamment avec la gamme Essence), ou pour illustrer les moments inoubliables de votre vie, comme une naissance, un voyage, un anniversaire, etc.<\/span><\/p>\n<p><span style=\"font-weight: 400;\">L\u2019objectif de la marque Pandora est de vous aider \u00e0 cr\u00e9er un bijou qui vous ressemble et qui <\/span><b>raconte votre histoire<\/b><span style=\"font-weight: 400;\"> avec toutes ses facettes et ses singularit\u00e9s. C\u2019est pourquoi elle a d\u00e9velopp\u00e9 un grand nombre de collections inspir\u00e9es des <span style=\"text-decoration: underline;\">moments importants de la vie<\/span>. Par exemple, dans sa collection intitul\u00e9e \u00ab Moments \u00bb, Pandora illustre toutes les occasions pouvant \u00eatre c\u00e9l\u00e9br\u00e9es gr\u00e2ce \u00e0 des th\u00e8mes tr\u00e8s vari\u00e9s :<\/span><\/p>\n<ul>\n<li style=\"font-weight: 400;\" aria-level=\"1\"><span style=\"font-weight: 400;\">Les voyages et les loisirs ;<\/span><\/li>\n<li style=\"font-weight: 400;\" aria-level=\"1\"><span style=\"font-weight: 400;\">Les animaux ;<\/span><\/li>\n<li style=\"font-weight: 400;\" aria-level=\"1\"><span style=\"font-weight: 400;\">L\u2019amour ;<\/span><\/li>\n<li style=\"font-weight: 400;\" aria-level=\"1\"><span style=\"font-weight: 400;\">La famille et les amis ;<\/span><\/li>\n<li style=\"font-weight: 400;\" aria-level=\"1\"><span style=\"font-weight: 400;\">La nature ;<\/span><\/li>\n<li style=\"font-weight: 400;\" aria-level=\"1\"><span style=\"font-weight: 400;\">Les constellations ;<\/span><\/li>\n<li style=\"font-weight: 400;\" aria-level=\"1\"><span style=\"font-weight: 400;\">L\u2019\u00e9l\u00e9gance ;<\/span><\/li>\n<li style=\"font-weight: 400;\" aria-level=\"1\"><span style=\"font-weight: 400;\">Les contes de f\u00e9es ;<\/span><\/li>\n<li style=\"font-weight: 400;\" aria-level=\"1\"><span style=\"font-weight: 400;\">Les c\u00e9l\u00e9brations.<\/span><\/li>\n<\/ul>\n<p><span style=\"font-weight: 400;\">Pandora vous permet ainsi <\/span><b>d\u2019exprimer toute votre personnalit\u00e9<\/b><span style=\"font-weight: 400;\">, de c\u00e9l\u00e9brer votre unicit\u00e9, et de <span style=\"text-decoration: underline;\">mettre en valeur les belles histoires<\/span> que vous avez \u00e0 raconter. C\u2019est pourquoi la marque a cr\u00e9\u00e9 un tr\u00e8s grand nombre de charms, afin de pouvoir correspondre de fa\u00e7on presque exhaustive \u00e0 toutes les valeurs auxquelles vous pouvez vous identifier, et \u00e0 tous les \u00e9v\u00e8nements marquants que vous pouvez vivre.<\/span><\/p>\n<h2><span class=\"ez-toc-section\" id=\"Un_service_de_gravure\"><\/span><b>Un service de gravure<\/b><span class=\"ez-toc-section-end\"><\/span><\/h2>\n<p><span style=\"font-weight: 400;\">Pour pousser la personnalisation encore plus loin, la marque Pandora vous propose un <\/span><b>service de gravure<\/b><span style=\"font-weight: 400;\"> en boutique. Il est disponible pour certains charms, comme les plaques rondes, les plaques c\u0153urs, les m\u00e9daillons ou encore les plaques rectangulaires.<\/span><\/p>\n<p><span style=\"font-weight: 400;\">Vous avez ainsi la possibilit\u00e9 de <span style=\"text-decoration: underline;\">personnaliser votre bijou avec la gravure de votre choix<\/span>, en faisant inscrire une ou plusieurs lettres et\/ou symboles. Par exemple, vous pouvez faire graver un pr\u00e9nom, des initiales, une date, ou m\u00eame une phrase courte. Vous avez \u00e9galement la possibilit\u00e9 d\u2019opter pour l\u2019un des nombreux symboles qui sont disponibles en boutique.<\/span><\/p>\n<p><span style=\"font-weight: 400;\">Concernant le texte, plusieurs polices d\u2019\u00e9criture sont \u00e0 votre disposition, afin de vous permettre de cr\u00e9er <\/span><b>un bijou totalement personnalis\u00e9 et unique<\/b><span style=\"font-weight: 400;\">. Les motifs, quant \u00e0 eux, sont nombreux. C\u0153ur, tr\u00e8fle \u00e0 quatre feuilles, g\u00e2teau d\u2019anniversaire, b\u00e9b\u00e9 endormi, chapeau de dipl\u00f4m\u00e9, alliances, patte d\u2019animal ou encore rose des vents : tous ces designs pourront vous aider \u00e0 marquer un moment important de votre vie. De plus, si vous affectionnez l\u2019astrologie, les 12 signes du zodiaque sont \u00e9galement disponibles pour la gravure.<\/span><\/p>\n<p><span style=\"font-weight: 400;\">Pour faire faire une gravure en boutique, vous devez simplement vous pr\u00e9senter avec votre bijou et la facture d\u2019achat correspondante. Il n\u2019y a aucune limite dans le temps : vous pouvez donc faire graver un bijou quelque temps apr\u00e8s l\u2019avoir achet\u00e9. Vous pourrez alors choisir votre gravure, et opter pour faire graver l\u2019une ou les deux faces du charm.<\/span><\/p>\n<h2><span class=\"ez-toc-section\" id=\"Pourquoi_opter_pour_un_bijou_personnalise_Pandora\"><\/span><b>Pourquoi opter pour un bijou personnalis\u00e9 Pandora ?<\/b><span class=\"ez-toc-section-end\"><\/span><\/h2>\n<p><span style=\"font-weight: 400;\">Les bijoux sont une partie non n\u00e9gligeable d\u2019une tenue vestimentaire, et servent \u00e0 la mettre en valeur. Parmi toutes les marques de joaillerie existantes, Pandora a su se d\u00e9marquer gr\u00e2ce \u00e0 <\/span><b>quelques atouts non n\u00e9gligeables<\/b><span style=\"font-weight: 400;\">.<\/span><\/p>\n<h3><span class=\"ez-toc-section\" id=\"Des_bijoux_accessibles\"><\/span><b>Des bijoux accessibles<\/b><span class=\"ez-toc-section-end\"><\/span><\/h3>\n<p><span style=\"font-weight: 400;\">Cette marque poss\u00e8de l\u2019un des <\/span><b>meilleurs rapports qualit\u00e9\/prix<\/b><span style=\"font-weight: 400;\"> du march\u00e9 et propose r\u00e9guli\u00e8rement des promotions, ce qui repr\u00e9sente une bonne occasion de se faire plaisir. De plus, en achetant les charms l\u2019un apr\u00e8s l\u2019autre, il est tout \u00e0 fait possible d\u2019avoir un bijou Pandora \u00e0 petit prix.<\/span><\/p>\n<h3><span class=\"ez-toc-section\" id=\"Des_bijoux_personnalisables\"><\/span><b>Des bijoux personnalisables<\/b><span class=\"ez-toc-section-end\"><\/span><\/h3>\n<p><span style=\"font-weight: 400;\">Comme mentionn\u00e9 pr\u00e9c\u00e9demment, la force de la marque repose sur son offre tr\u00e8s vaste de bijoux personnalisables. Vous pouvez ainsi cr\u00e9er un objet unique, qui vous correspondra parfaitement.<\/span><\/p>\n<h3><span class=\"ez-toc-section\" id=\"Des_bijoux_durables\"><\/span><b>Des bijoux durables<\/b><span class=\"ez-toc-section-end\"><\/span><\/h3>\n<p><span style=\"font-weight: 400;\">Les bijoux de la marque Pandora sont r\u00e9put\u00e9s pour leur <\/span><b>long\u00e9vit\u00e9 dans le temps<\/b><span style=\"font-weight: 400;\">, m\u00eame apr\u00e8s les avoir port\u00e9s quotidiennement. Cela est d\u00fb aux mat\u00e9riaux utilis\u00e9s pour leur fabrication, qui sont choisis pour leur grande qualit\u00e9 :<\/span><\/p>\n<ul>\n<li style=\"font-weight: 400;\" aria-level=\"1\"><span style=\"font-weight: 400;\">L&rsquo;or,<\/span><\/li>\n<li style=\"font-weight: 400;\" aria-level=\"1\"><span style=\"font-weight: 400;\">L&rsquo;argent sterling,<\/span><\/li>\n<li style=\"font-weight: 400;\" aria-level=\"1\"><span style=\"font-weight: 400;\">Les perles,<\/span><\/li>\n<li style=\"font-weight: 400;\" aria-level=\"1\"><span style=\"font-weight: 400;\">Les pierres pr\u00e9cieuses.<\/span><\/li>\n<\/ul>\n<p><span style=\"font-weight: 400;\">Il s\u2019agit de mat\u00e9riaux tr\u00e8s r\u00e9sistants, insensibles aux intemp\u00e9ries comme la poussi\u00e8re, le soleil ou la pluie.<\/span><\/p>\n<h3><span class=\"ez-toc-section\" id=\"Des_bijoux_tres_esthetiques\"><\/span><b>Des bijoux tr\u00e8s esth\u00e9tiques<\/b><span class=\"ez-toc-section-end\"><\/span><\/h3>\n<p><span style=\"font-weight: 400;\">La fonction premi\u00e8re d\u2019un bijou est d\u2019\u00eatre beau : c\u2019est le cas des mod\u00e8les sign\u00e9s Pandora, qui donnent une <span style=\"text-decoration: underline;\">grande importance au design de leurs bijoux<\/span>. Les formes et les motifs de leurs produits sont raffin\u00e9s, uniques et tr\u00e8s esth\u00e9tiques.<\/span><\/p>\n<h3><span class=\"ez-toc-section\" id=\"Des_bijoux_issus_de_belles_valeurs\"><\/span><b>Des bijoux issus de belles valeurs<\/b><span class=\"ez-toc-section-end\"><\/span><\/h3>\n<p><span style=\"font-weight: 400;\">La marque poss\u00e8de une politique stricte en ce qui concerne l\u2019exploitation de ressources naturelles. Elle met la priorit\u00e9 sur des <span style=\"text-decoration: underline;\">pratiques durables et des techniques de production douces<\/span>. Elle tend \u00e0 limiter au maximum son impact sur l\u2019environnement. De plus, Pandora est engag\u00e9e et soutient plusieurs \u0153uvres humanitaires.<\/span><\/p>\n","protected":false},"excerpt":{"rendered":"<p>Quel choix de bijoux personnalis\u00e9s chez Pandora ? Pandora est une marque de bijoux personnalis\u00e9s qui fait partie des plus [&hellip;]<\/p>\n","protected":false},"author":4,"featured_media":819,"parent":647,"menu_order":3,"comment_status":"closed","ping_status":"closed","template":"","meta":{"site-sidebar-layout":"default","site-content-layout":"","ast-site-content-layout":"default","site-content-style":"default","site-sidebar-style":"default","ast-global-header-display":"","ast-banner-title-visibility":"","ast-main-header-display":"","ast-hfb-above-header-display":"","ast-hfb-below-header-display":"","ast-hfb-mobile-header-display":"","site-post-title":"","ast-breadcrumbs-content":"","ast-featured-img":"","footer-sml-layout":"","theme-transparent-header-meta":"default","adv-header-id-meta":"","stick-header-meta":"","header-above-stick-meta":"","header-main-stick-meta":"","header-below-stick-meta":"","astra-migrate-meta-layouts":"set","ast-page-background-enabled":"default","ast-page-background-meta":{"desktop":{"background-color":"var(--ast-global-color-4)","background-image":"","background-repeat":"repeat","background-position":"center center","background-size":"auto","background-attachment":"scroll","background-type":"","background-media":"","overlay-type":"","overlay-color":"","overlay-gradient":""},"tablet":{"background-color":"","background-image":"","background-repeat":"repeat","background-position":"center center","background-size":"auto","background-attachment":"scroll","background-type":"","background-media":"","overlay-type":"","overlay-color":"","overlay-gradient":""},"mobile":{"background-color":"","background-image":"","background-repeat":"repeat","background-position":"center center","background-size":"auto","background-attachment":"scroll","background-type":"","background-media":"","overlay-type":"","overlay-color":"","overlay-gradient":""}},"ast-content-background-meta":{"desktop":{"background-color":"var(--ast-global-color-5)","background-image":"","background-repeat":"repeat","background-position":"center center","background-size":"auto","background-attachment":"scroll","background-type":"","background-media":"","overlay-type":"","overlay-color":"","overlay-gradient":""},"tablet":{"background-color":"var(--ast-global-color-5)","background-image":"","background-repeat":"repeat","background-position":"center center","background-size":"auto","background-attachment":"scroll","background-type":"","background-media":"","overlay-type":"","overlay-color":"","overlay-gradient":""},"mobile":{"background-color":"var(--ast-global-color-5)","background-image":"","background-repeat":"repeat","background-position":"center center","background-size":"auto","background-attachment":"scroll","background-type":"","background-media":"","overlay-type":"","overlay-color":"","overlay-gradient":""}},"footnotes":""},"aioseo_notices":[],"_links":{"self":[{"href":"https:\/\/www.marmottine.fr\/mag\/wp-json\/wp\/v2\/pages\/817"}],"collection":[{"href":"https:\/\/www.marmottine.fr\/mag\/wp-json\/wp\/v2\/pages"}],"about":[{"href":"https:\/\/www.marmottine.fr\/mag\/wp-json\/wp\/v2\/types\/page"}],"author":[{"embeddable":true,"href":"https:\/\/www.marmottine.fr\/mag\/wp-json\/wp\/v2\/users\/4"}],"replies":[{"embeddable":true,"href":"https:\/\/www.marmottine.fr\/mag\/wp-json\/wp\/v2\/comments?post=817"}],"version-history":[{"count":2,"href":"https:\/\/www.marmottine.fr\/mag\/wp-json\/wp\/v2\/pages\/817\/revisions"}],"predecessor-version":[{"id":820,"href":"https:\/\/www.marmottine.fr\/mag\/wp-json\/wp\/v2\/pages\/817\/revisions\/820"}],"up":[{"embeddable":true,"href":"https:\/\/www.marmottine.fr\/mag\/wp-json\/wp\/v2\/pages\/647"}],"wp:featuredmedia":[{"embeddable":true,"href":"https:\/\/www.marmottine.fr\/mag\/wp-json\/wp\/v2\/media\/819"}],"wp:attachment":[{"href":"https:\/\/www.marmottine.fr\/mag\/wp-json\/wp\/v2\/media?parent=817"}],"curies":[{"name":"wp","href":"https:\/\/api.w.org\/{rel}","templated":true}]}}