{"id":809,"date":"2024-10-08T12:06:06","date_gmt":"2024-10-08T10:06:06","guid":{"rendered":"https:\/\/www.marmottine.fr\/mag\/?page_id=809"},"modified":"2024-10-11T08:34:58","modified_gmt":"2024-10-11T06:34:58","slug":"little-boo","status":"publish","type":"page","link":"https:\/\/www.marmottine.fr\/mag\/guides\/bijoux-personnalises\/par-marque\/little-boo","title":{"rendered":"Quel choix de bijoux personnalis\u00e9s chez Little Boo ?"},"content":{"rendered":"<h1><span class=\"ez-toc-section\" id=\"Quel_choix_de_bijoux_personnalises_chez_Little_Boo\"><\/span><b>Quel choix de bijoux personnalis\u00e9s chez Little Boo ?<\/b><span class=\"ez-toc-section-end\"><\/span><\/h1><div id=\"ez-toc-container\" class=\"ez-toc-v2_0_69_1 counter-hierarchy ez-toc-counter ez-toc-grey ez-toc-container-direction\">\n<div class=\"ez-toc-title-container\">\n<p class=\"ez-toc-title\" style=\"cursor:inherit\">Sommaire<\/p>\n<span class=\"ez-toc-title-toggle\"><a href=\"#\" class=\"ez-toc-pull-right ez-toc-btn ez-toc-btn-xs ez-toc-btn-default ez-toc-toggle\" aria-label=\"Toggle Table of Content\"><span class=\"ez-toc-js-icon-con\"><span class=\"\"><span class=\"eztoc-hide\" style=\"display:none;\">Toggle<\/span><span class=\"ez-toc-icon-toggle-span\"><svg style=\"fill: #999;color:#999\" xmlns=\"http:\/\/www.w3.org\/2000\/svg\" class=\"list-377408\" width=\"20px\" height=\"20px\" viewBox=\"0 0 24 24\" fill=\"none\"><path d=\"M6 6H4v2h2V6zm14 0H8v2h12V6zM4 11h2v2H4v-2zm16 0H8v2h12v-2zM4 16h2v2H4v-2zm16 0H8v2h12v-2z\" fill=\"currentColor\"><\/path><\/svg><svg style=\"fill: #999;color:#999\" class=\"arrow-unsorted-368013\" xmlns=\"http:\/\/www.w3.org\/2000\/svg\" width=\"10px\" height=\"10px\" viewBox=\"0 0 24 24\" version=\"1.2\" baseProfile=\"tiny\"><path d=\"M18.2 9.3l-6.2-6.3-6.2 6.3c-.2.2-.3.4-.3.7s.1.5.3.7c.2.2.4.3.7.3h11c.3 0 .5-.1.7-.3.2-.2.3-.5.3-.7s-.1-.5-.3-.7zM5.8 14.7l6.2 6.3 6.2-6.3c.2-.2.3-.5.3-.7s-.1-.5-.3-.7c-.2-.2-.4-.3-.7-.3h-11c-.3 0-.5.1-.7.3-.2.2-.3.5-.3.7s.1.5.3.7z\"\/><\/svg><\/span><\/span><\/span><\/a><\/span><\/div>\n<nav><ul class='ez-toc-list ez-toc-list-level-1 ' ><li class='ez-toc-page-1 ez-toc-heading-level-1'><a class=\"ez-toc-link ez-toc-heading-1\" href=\"https:\/\/www.marmottine.fr\/mag\/guides\/bijoux-personnalises\/par-marque\/little-boo\/#Quel_choix_de_bijoux_personnalises_chez_Little_Boo\" title=\"Quel choix de bijoux personnalis\u00e9s chez Little Boo ?\">Quel choix de bijoux personnalis\u00e9s chez Little Boo ?<\/a><ul class='ez-toc-list-level-2' ><li class='ez-toc-heading-level-2'><a class=\"ez-toc-link ez-toc-heading-2\" href=\"https:\/\/www.marmottine.fr\/mag\/guides\/bijoux-personnalises\/par-marque\/little-boo\/#Bijoux_pour_femmes_tout_savoir_sur_les_plus_beaux_modeles_de_la_marque\" title=\"Bijoux pour femmes : tout savoir sur les plus beaux mod\u00e8les de la marque\">Bijoux pour femmes : tout savoir sur les plus beaux mod\u00e8les de la marque<\/a><ul class='ez-toc-list-level-3' ><li class='ez-toc-heading-level-3'><a class=\"ez-toc-link ez-toc-heading-3\" href=\"https:\/\/www.marmottine.fr\/mag\/guides\/bijoux-personnalises\/par-marque\/little-boo\/#Colliers_et_pendentifs\" title=\"Colliers et pendentifs\">Colliers et pendentifs<\/a><\/li><li class='ez-toc-page-1 ez-toc-heading-level-3'><a class=\"ez-toc-link ez-toc-heading-4\" href=\"https:\/\/www.marmottine.fr\/mag\/guides\/bijoux-personnalises\/par-marque\/little-boo\/#Bracelets\" title=\"Bracelets\">Bracelets<\/a><\/li><li class='ez-toc-page-1 ez-toc-heading-level-3'><a class=\"ez-toc-link ez-toc-heading-5\" href=\"https:\/\/www.marmottine.fr\/mag\/guides\/bijoux-personnalises\/par-marque\/little-boo\/#Bagues_et_boucles_doreilles\" title=\"Bagues et boucles d&rsquo;oreilles\">Bagues et boucles d&rsquo;oreilles<\/a><\/li><\/ul><\/li><li class='ez-toc-page-1 ez-toc-heading-level-2'><a class=\"ez-toc-link ez-toc-heading-6\" href=\"https:\/\/www.marmottine.fr\/mag\/guides\/bijoux-personnalises\/par-marque\/little-boo\/#Une_large_gamme_de_bijoux_pour_hommes_adaptee_a_tous_les_styles\" title=\"Une large gamme de bijoux pour hommes adapt\u00e9e \u00e0 tous les styles\">Une large gamme de bijoux pour hommes adapt\u00e9e \u00e0 tous les styles<\/a><ul class='ez-toc-list-level-3' ><li class='ez-toc-heading-level-3'><a class=\"ez-toc-link ez-toc-heading-7\" href=\"https:\/\/www.marmottine.fr\/mag\/guides\/bijoux-personnalises\/par-marque\/little-boo\/#De_tres_beaux_colliers_et_pendentifs\" title=\"De tr\u00e8s beaux colliers et pendentifs\">De tr\u00e8s beaux colliers et pendentifs<\/a><\/li><li class='ez-toc-page-1 ez-toc-heading-level-3'><a class=\"ez-toc-link ez-toc-heading-8\" href=\"https:\/\/www.marmottine.fr\/mag\/guides\/bijoux-personnalises\/par-marque\/little-boo\/#Des_bracelets_sobres_au_look_masculin\" title=\"Des bracelets sobres au look masculin\">Des bracelets sobres au look masculin<\/a><\/li><li class='ez-toc-page-1 ez-toc-heading-level-3'><a class=\"ez-toc-link ez-toc-heading-9\" href=\"https:\/\/www.marmottine.fr\/mag\/guides\/bijoux-personnalises\/par-marque\/little-boo\/#Des_bagues_pour_les_grandes_occasions\" title=\"Des bagues pour les grandes occasions\">Des bagues pour les grandes occasions<\/a><\/li><\/ul><\/li><li class='ez-toc-page-1 ez-toc-heading-level-2'><a class=\"ez-toc-link ez-toc-heading-10\" href=\"https:\/\/www.marmottine.fr\/mag\/guides\/bijoux-personnalises\/par-marque\/little-boo\/#Bien_choisir_ses_bijoux_pour_enfants\" title=\"Bien choisir ses bijoux pour enfants\">Bien choisir ses bijoux pour enfants<\/a><\/li><li class='ez-toc-page-1 ez-toc-heading-level-2'><a class=\"ez-toc-link ez-toc-heading-11\" href=\"https:\/\/www.marmottine.fr\/mag\/guides\/bijoux-personnalises\/par-marque\/little-boo\/#Privilegiez_loriginalite_avec_les_bijoux_photograves\" title=\"Privil\u00e9giez l&rsquo;originalit\u00e9 avec les bijoux photograv\u00e9s\">Privil\u00e9giez l&rsquo;originalit\u00e9 avec les bijoux photograv\u00e9s<\/a><\/li><\/ul><\/li><\/ul><\/nav><\/div>\n\n<figure id=\"attachment_811\" aria-describedby=\"caption-attachment-811\" style=\"width: 1200px\" class=\"wp-caption alignnone\"><img loading=\"lazy\" decoding=\"async\" class=\"size-full wp-image-811\" src=\"https:\/\/www.marmottine.fr\/mag\/wp-content\/uploads\/2024\/10\/LITTLEBOO-PHOTO.jpg\" alt=\"LITTLEBOO-PHOTO\" width=\"1200\" height=\"800\" srcset=\"https:\/\/www.marmottine.fr\/mag\/wp-content\/uploads\/2024\/10\/LITTLEBOO-PHOTO.jpg 1200w, https:\/\/www.marmottine.fr\/mag\/wp-content\/uploads\/2024\/10\/LITTLEBOO-PHOTO-300x200.jpg 300w, https:\/\/www.marmottine.fr\/mag\/wp-content\/uploads\/2024\/10\/LITTLEBOO-PHOTO-1024x683.jpg 1024w, https:\/\/www.marmottine.fr\/mag\/wp-content\/uploads\/2024\/10\/LITTLEBOO-PHOTO-768x512.jpg 768w\" sizes=\"(max-width: 1200px) 100vw, 1200px\" \/><figcaption id=\"caption-attachment-811\" class=\"wp-caption-text\">LITTLEBOO-PHOTO<\/figcaption><\/figure>\n<p><span style=\"font-weight: 400;\">Boutique sp\u00e9cialis\u00e9e dans les bijoux personnalis\u00e9s, Little Boo propose de <span style=\"text-decoration: underline;\">tr\u00e8s jolis mod\u00e8les<\/span> adapt\u00e9s \u00e0 toutes les occasions et aux go\u00fbts de chacun. Joaillerie fine, alliances, bijoux de naissance : tout est possible avec Little Boo ! Afin de vous aider \u00e0 faire le bon choix et \u00e0 trouver le bijou parfait pour vous, nous avons r\u00e9dig\u00e9 un petit guide d&rsquo;achat vous pr\u00e9sentant les diff\u00e9rentes <a href=\"https:\/\/www.marmottine.fr\/mag\/guides\/bijoux-personnalises\/par-marque\">gammes de bijoux personnalis\u00e9s de la marque<\/a>.<\/span><\/p>\n<h2><span class=\"ez-toc-section\" id=\"Bijoux_pour_femmes_tout_savoir_sur_les_plus_beaux_modeles_de_la_marque\"><\/span><b>Bijoux pour femmes : tout savoir sur les plus beaux mod\u00e8les de la marque<\/b><span class=\"ez-toc-section-end\"><\/span><\/h2>\n<h3><span class=\"ez-toc-section\" id=\"Colliers_et_pendentifs\"><\/span><b>Colliers et pendentifs<\/b><span class=\"ez-toc-section-end\"><\/span><\/h3>\n<p><span style=\"font-weight: 400;\">Disponibles sous diff\u00e9rentes formes et coloris, les colliers et pendentif Little Boo sont ravissants et plaisent \u00e0 tout le monde. Certains mod\u00e8les, <span style=\"text-decoration: underline;\">sobres et \u00e9l\u00e9gants<\/span>, arborent un look classique, tandis que d&rsquo;autres sont beaucoup plus originaux. \u00c0 vous de choisir ce qui vous convient le mieux.<\/span><\/p>\n<p><b>Pour la personnalisation<\/b><span style=\"font-weight: 400;\">, en plus de la mati\u00e8re (or ou argent) <\/span><b>vous pourrez choisir<\/b><span style=\"font-weight: 400;\"> :<\/span><\/p>\n<ul>\n<li style=\"font-weight: 400;\" aria-level=\"1\"><span style=\"font-weight: 400;\">la gravure ou les gravures \u00e0 apposer sur votre bijou<\/span><\/li>\n<li style=\"font-weight: 400;\" aria-level=\"1\"><span style=\"font-weight: 400;\">la police d&rsquo;\u00e9criture de la gravure<\/span><\/li>\n<li style=\"font-weight: 400;\" aria-level=\"1\"><span style=\"font-weight: 400;\">la longueur de la cha\u00eene<\/span><\/li>\n<li style=\"font-weight: 400;\" aria-level=\"1\"><span style=\"font-weight: 400;\">le type de cha\u00eene (mailles \u00ab\u00a0for\u00e7at\u00a0\u00bb ou \u00ab\u00a0boules\u00a0\u00bb)<\/span><\/li>\n<\/ul>\n<p><span style=\"font-weight: 400;\">Certains mod\u00e8les, plus fantaisistes, vous proposent encore plus d&rsquo;<span style=\"text-decoration: underline;\">options de customisation<\/span>. <\/span><b>Pierres, perles, couleur du cordon<\/b><span style=\"font-weight: 400;\">, gravure d&rsquo;un <\/span><b>signe astrologique<\/b><span style=\"font-weight: 400;\"> ou encore ajout de <\/span><b>charms en forme de lettres<\/b><span style=\"font-weight: 400;\"> : de nombreuses possibilit\u00e9s vous attendent !<\/span><\/p>\n<h3><span class=\"ez-toc-section\" id=\"Bracelets\"><\/span><b>Bracelets<\/b><span class=\"ez-toc-section-end\"><\/span><\/h3>\n<p><span style=\"font-weight: 400;\">Comme pour les colliers, les bracelets sont personnalisables, tant au niveau des gravures, qu&rsquo;au niveau de la couleur des pierres et des cordons. Des lettres sous forme de petits pendentifs peuvent \u00e9galement \u00eatre ajout\u00e9es. La taille des bracelets est bien entendu ajustable \u00e0 celle de votre poignet.<\/span><\/p>\n<p><span style=\"font-weight: 400;\">Outre les bracelets \u00e0 m\u00e9daillon, le site propose aussi de superbes <\/span><b>bracelets joncs<\/b><span style=\"font-weight: 400;\">. Pour celles et ceux qui ne conna\u00eetraient pas ce genre de bijoux, les bracelets joncs sont des bracelets qui prennent la forme d&rsquo;un cercle rigide. En plus d&rsquo;\u00eatre tr\u00e8s jolis, ces mod\u00e8les sont id\u00e9als pour les gravures. Ils peuvent accueillir des textes plus longs et de<span style=\"text-decoration: underline;\"> petits symboles<\/span>. <strong>De quoi \u00e9veiller la cr\u00e9ativit\u00e9<\/strong> !<\/span><\/p>\n<h3><span class=\"ez-toc-section\" id=\"Bagues_et_boucles_doreilles\"><\/span><b>Bagues et boucles d&rsquo;oreilles<\/b><span class=\"ez-toc-section-end\"><\/span><\/h3>\n<p><span style=\"font-weight: 400;\">La plupart des bagues peuvent \u00eatre personnalis\u00e9es. Certains mod\u00e8les, tels que \u00ab\u00a0Colette\u00a0\u00bb et \u00ab\u00a0Canc\u00fan\u00a0\u00bb poss\u00e8dent un m\u00e9daillon sur lequel vous pouvez <span style=\"text-decoration: underline;\">graver du texte ou de petits dessins<\/span>. D&rsquo;autres bagues, \u00e0 l&rsquo;image du mod\u00e8le \u00ab\u00a0Lilly\u00a0\u00bb, accueillent une lettre en leur centre. Vous pouvez ainsi porter l&rsquo;initiale d&rsquo;une personne ch\u00e8re \u00e0 votre c\u0153ur. Les tr\u00e8s belles bagues de la s\u00e9rie \u00ab\u00a0Astro\u00a0\u00bb sont customisables selon votre signe du zodiaque.<\/span><\/p>\n<p><span style=\"font-weight: 400;\">Le site poss\u00e8de \u00e9galement une collection d&rsquo;<\/span><b>alliances personnalisables<\/b><span style=\"font-weight: 400;\"> en or et en argent. Des mod\u00e8les fins et sobres aux mod\u00e8les plus originaux, la majorit\u00e9 des bagues de mariage peuvent \u00eatre grav\u00e9es avec les initiales, le nom de votre conjoint ou bien votre date de mariage.<\/span><\/p>\n<p><span style=\"font-weight: 400;\">Plus limit\u00e9e, mais de bonne qualit\u00e9, la gamme des boucles d&rsquo;oreilles comprend de tr\u00e8s <span style=\"text-decoration: underline;\">belles parures customisables<\/span> par la gravure de symboles ou de textes. Certains mod\u00e8les prennent la forme d&rsquo;un charm repr\u00e9sentant une lettre de l&rsquo;alphabet ou un signe du zodiaque.<\/span><\/p>\n<h2><span class=\"ez-toc-section\" id=\"Une_large_gamme_de_bijoux_pour_hommes_adaptee_a_tous_les_styles\"><\/span><b>Une large gamme de bijoux pour hommes adapt\u00e9e \u00e0 tous les styles<\/b><span class=\"ez-toc-section-end\"><\/span><\/h2>\n<h3><span class=\"ez-toc-section\" id=\"De_tres_beaux_colliers_et_pendentifs\"><\/span><b>De tr\u00e8s beaux colliers et pendentifs<\/b><span class=\"ez-toc-section-end\"><\/span><\/h3>\n<p><span style=\"font-weight: 400;\">Les colliers pour hommes prennent la <\/span><b>forme de m\u00e9daillon, de plaque militaire<\/b><span style=\"font-weight: 400;\"> ou de <\/span><b>simple barrette<\/b><span style=\"font-weight: 400;\">. D&rsquo;un style \u00e9pur\u00e9 et viril, les pendentifs Little Boo peuvent \u00eatre offerts \u00e0 tous les hommes de votre entourage.<\/span><\/p>\n<p><span style=\"font-weight: 400;\">La plupart des m\u00e9dailles peuvent \u00eatre grav\u00e9es avec du texte ou des dessins. Vous pouvez bien entendu choisir la police d&rsquo;\u00e9criture, ainsi que la longueur et le type de cha\u00eene (\u00ab\u00a0for\u00e7at\u00a0\u00bb ou \u00ab\u00a0boules\u00a0\u00bb). D&rsquo;autres r\u00e9f\u00e9rences, comme les mod\u00e8les \u00ab\u00a0Mae\u00a0\u00bb ou \u00ab\u00a0Memoria\u00a0\u00bb, vous proposent de graver uniquement des initiales ou des dates sous forme de calendriers.<\/span><\/p>\n<h3><span class=\"ez-toc-section\" id=\"Des_bracelets_sobres_au_look_masculin\"><\/span><b>Des bracelets sobres au look masculin<\/b><span class=\"ez-toc-section-end\"><\/span><\/h3>\n<p><span style=\"font-weight: 400;\">Le site pr\u00e9sente une large vari\u00e9t\u00e9 de bracelets pour hommes. Tous sont personnalisables par la gravure, le choix de la mati\u00e8re et du coloris du cordon. Vous pouvez ainsi trouver des mod\u00e8les qui vous ressemblent, parmi une gamme assez originale. Voici un bref aper\u00e7u de ce que la marque vous propose :<\/span><\/p>\n<ul>\n<li style=\"font-weight: 400;\" aria-level=\"1\"><span style=\"font-weight: 400;\">bracelets avec cordon<\/span><\/li>\n<li style=\"font-weight: 400;\" aria-level=\"1\"><span style=\"font-weight: 400;\">bracelets joncs<\/span><\/li>\n<li style=\"font-weight: 400;\" aria-level=\"1\"><span style=\"font-weight: 400;\">bracelets avec plaque (simple ou imitation lame de rasoir)<\/span><\/li>\n<li style=\"font-weight: 400;\" aria-level=\"1\"><span style=\"font-weight: 400;\">bracelets avec m\u00e9daille (pleine, perc\u00e9e ou avec strass)<\/span><\/li>\n<\/ul>\n<h3><span class=\"ez-toc-section\" id=\"Des_bagues_pour_les_grandes_occasions\"><\/span><b>Des bagues pour les grandes occasions<\/b><span class=\"ez-toc-section-end\"><\/span><\/h3>\n<p><span style=\"font-weight: 400;\">La gamme des bagues est plus limit\u00e9e pour les hommes. La majorit\u00e9 des mod\u00e8les sont des alliances qui peuvent \u00eatre modifi\u00e9es \u00e0 votre guise gr\u00e2ce \u00e0 la gravure. En or ou en argent, ces <\/span><b>anneaux au look sobre et masculin<\/b><span style=\"font-weight: 400;\"> s&rsquo;adapteront parfaitement \u00e0 tous ces messieurs. Comme pour les autres mod\u00e8les, les gravures peuvent prendre la forme de textes et de symboles.<\/span><\/p>\n<h2><span class=\"ez-toc-section\" id=\"Bien_choisir_ses_bijoux_pour_enfants\"><\/span><b>Bien choisir ses bijoux pour enfants<\/b><span class=\"ez-toc-section-end\"><\/span><\/h2>\n<p><span style=\"font-weight: 400;\">C\u00f4te colliers, la marque se montre originale. De tr\u00e8s beaux mod\u00e8les, tout mignons, raviront vos enfants autant par leur aspect que par <span style=\"text-decoration: underline;\">leur caract\u00e8re personnalisable<\/span>. En dehors des bijoux classiques, tels que les m\u00e9dailles \u00e0 graver et les <\/span><b>pierres de naissance<\/b><span style=\"font-weight: 400;\">, vous trouverez \u00e9galement des mod\u00e8les plus color\u00e9s et enfantins. Les colliers \u00ab\u00a0Petit c\u0153ur rouge\u00a0\u00bb et \u00ab\u00a0Romy\u00a0\u00bb (collier compos\u00e9 de charms formant un pr\u00e9nom) sont particuli\u00e8rement r\u00e9ussis.<\/span><\/p>\n<p><span style=\"font-weight: 400;\">En ce qui concerne les bracelets, de jolies parures sont disponibles. La plupart des mod\u00e8les sont compos\u00e9s d&rsquo;un cordon de la couleur de votre choix, d&rsquo;une m\u00e9daille \u00e0 graver et d&rsquo;une petite breloque en forme de c\u0153ur, d&rsquo;\u00e9toile ou de tr\u00e8fle. Certaines r\u00e9f\u00e9rences un peu plus haut de gamme, comme \u00ab\u00a0P&rsquo;tit loup\u00a0\u00bb, sont dot\u00e9es d&rsquo;une cha\u00eene en m\u00e9tal.<\/span><\/p>\n<h2><span class=\"ez-toc-section\" id=\"Privilegiez_loriginalite_avec_les_bijoux_photograves\"><\/span><b>Privil\u00e9giez l&rsquo;originalit\u00e9 avec les bijoux photograv\u00e9s<\/b><span class=\"ez-toc-section-end\"><\/span><\/h2>\n<p><span style=\"font-weight: 400;\">En plus de tous les bijoux pr\u00e9sent\u00e9s ci-dessus, Little Boo met \u00e0 votre disposition des m\u00e9dailles et des plaques sur lesquelles <\/span><b>peuvent \u00eatre grav\u00e9s des photos et des dessins<\/b><span style=\"font-weight: 400;\">. Voil\u00e0 un moyen original de personnaliser ses bijoux. Finis les simples textes, que certains trouveront trop impersonnels. Avec la photogravure, vous pouvez imprimer des images de toute sorte :<\/span><\/p>\n<ul>\n<li style=\"font-weight: 400;\" aria-level=\"1\"><span style=\"font-weight: 400;\">photographie<\/span><\/li>\n<li style=\"font-weight: 400;\" aria-level=\"1\"><span style=\"font-weight: 400;\">dessin<\/span><\/li>\n<li style=\"font-weight: 400;\" aria-level=\"1\"><span style=\"font-weight: 400;\">symbole<\/span><\/li>\n<li style=\"font-weight: 400;\" aria-level=\"1\"><span style=\"font-weight: 400;\">texte manuscrit<\/span><\/li>\n<li style=\"font-weight: 400;\" aria-level=\"1\"><span style=\"font-weight: 400;\">signature personnelle<\/span><\/li>\n<\/ul>\n<p><span style=\"font-weight: 400;\">Ces plaques et m\u00e9dailles peuvent \u00eatre offertes \u00e0 tous vos proches, de vos enfants \u00e0 vos grands-parents. Elles <\/span><b>font d&rsquo;excellents souvenirs<\/b><span style=\"font-weight: 400;\"> et rappellent l&rsquo;amour que vous portez \u00e0 ceux qui vous sont chers.<\/span><\/p>\n<p><span style=\"font-weight: 400;\">G\u00e9n\u00e9ralement port\u00e9s en collier ou en bracelet, ces m\u00e9daillons peuvent aussi faire de beaux porte-cl\u00e9s. Comme pour tous ses bijoux, la marque vous laisse le choix entre des mod\u00e8les en or et en argent. Vous pouvez \u00e9galement choisir la longueur et le type de cha\u00eene, voire la police d&rsquo;\u00e9criture <span style=\"text-decoration: underline;\">pour les inscriptions non manuscrites<\/span>.<\/span><\/p>\n","protected":false},"excerpt":{"rendered":"<p>Quel choix de bijoux personnalis\u00e9s chez Little Boo ? Boutique sp\u00e9cialis\u00e9e dans les bijoux personnalis\u00e9s, Little Boo propose de tr\u00e8s [&hellip;]<\/p>\n","protected":false},"author":4,"featured_media":811,"parent":647,"menu_order":1,"comment_status":"closed","ping_status":"closed","template":"","meta":{"site-sidebar-layout":"default","site-content-layout":"","ast-site-content-layout":"default","site-content-style":"default","site-sidebar-style":"default","ast-global-header-display":"","ast-banner-title-visibility":"","ast-main-header-display":"","ast-hfb-above-header-display":"","ast-hfb-below-header-display":"","ast-hfb-mobile-header-display":"","site-post-title":"","ast-breadcrumbs-content":"","ast-featured-img":"","footer-sml-layout":"","theme-transparent-header-meta":"default","adv-header-id-meta":"","stick-header-meta":"","header-above-stick-meta":"","header-main-stick-meta":"","header-below-stick-meta":"","astra-migrate-meta-layouts":"set","ast-page-background-enabled":"default","ast-page-background-meta":{"desktop":{"background-color":"var(--ast-global-color-4)","background-image":"","background-repeat":"repeat","background-position":"center center","background-size":"auto","background-attachment":"scroll","background-type":"","background-media":"","overlay-type":"","overlay-color":"","overlay-gradient":""},"tablet":{"background-color":"","background-image":"","background-repeat":"repeat","background-position":"center center","background-size":"auto","background-attachment":"scroll","background-type":"","background-media":"","overlay-type":"","overlay-color":"","overlay-gradient":""},"mobile":{"background-color":"","background-image":"","background-repeat":"repeat","background-position":"center center","background-size":"auto","background-attachment":"scroll","background-type":"","background-media":"","overlay-type":"","overlay-color":"","overlay-gradient":""}},"ast-content-background-meta":{"desktop":{"background-color":"var(--ast-global-color-5)","background-image":"","background-repeat":"repeat","background-position":"center center","background-size":"auto","background-attachment":"scroll","background-type":"","background-media":"","overlay-type":"","overlay-color":"","overlay-gradient":""},"tablet":{"background-color":"var(--ast-global-color-5)","background-image":"","background-repeat":"repeat","background-position":"center center","background-size":"auto","background-attachment":"scroll","background-type":"","background-media":"","overlay-type":"","overlay-color":"","overlay-gradient":""},"mobile":{"background-color":"var(--ast-global-color-5)","background-image":"","background-repeat":"repeat","background-position":"center center","background-size":"auto","background-attachment":"scroll","background-type":"","background-media":"","overlay-type":"","overlay-color":"","overlay-gradient":""}},"footnotes":""},"aioseo_notices":[],"_links":{"self":[{"href":"https:\/\/www.marmottine.fr\/mag\/wp-json\/wp\/v2\/pages\/809"}],"collection":[{"href":"https:\/\/www.marmottine.fr\/mag\/wp-json\/wp\/v2\/pages"}],"about":[{"href":"https:\/\/www.marmottine.fr\/mag\/wp-json\/wp\/v2\/types\/page"}],"author":[{"embeddable":true,"href":"https:\/\/www.marmottine.fr\/mag\/wp-json\/wp\/v2\/users\/4"}],"replies":[{"embeddable":true,"href":"https:\/\/www.marmottine.fr\/mag\/wp-json\/wp\/v2\/comments?post=809"}],"version-history":[{"count":2,"href":"https:\/\/www.marmottine.fr\/mag\/wp-json\/wp\/v2\/pages\/809\/revisions"}],"predecessor-version":[{"id":812,"href":"https:\/\/www.marmottine.fr\/mag\/wp-json\/wp\/v2\/pages\/809\/revisions\/812"}],"up":[{"embeddable":true,"href":"https:\/\/www.marmottine.fr\/mag\/wp-json\/wp\/v2\/pages\/647"}],"wp:featuredmedia":[{"embeddable":true,"href":"https:\/\/www.marmottine.fr\/mag\/wp-json\/wp\/v2\/media\/811"}],"wp:attachment":[{"href":"https:\/\/www.marmottine.fr\/mag\/wp-json\/wp\/v2\/media?parent=809"}],"curies":[{"name":"wp","href":"https:\/\/api.w.org\/{rel}","templated":true}]}}