{"id":805,"date":"2024-10-08T11:59:51","date_gmt":"2024-10-08T09:59:51","guid":{"rendered":"https:\/\/www.marmottine.fr\/mag\/?page_id=805"},"modified":"2024-10-11T08:34:48","modified_gmt":"2024-10-11T06:34:48","slug":"bijoulia","status":"publish","type":"page","link":"https:\/\/www.marmottine.fr\/mag\/guides\/bijoux-personnalises\/par-marque\/bijoulia","title":{"rendered":"Quel choix de bijoux personnalis\u00e9s chez Bijoulia ?"},"content":{"rendered":"<h1><span class=\"ez-toc-section\" id=\"Quel_choix_de_bijoux_personnalises_chez_Bijoulia\"><\/span><b>Quel choix de bijoux personnalis\u00e9s chez Bijoulia ?<\/b><span class=\"ez-toc-section-end\"><\/span><\/h1><div id=\"ez-toc-container\" class=\"ez-toc-v2_0_69_1 counter-hierarchy ez-toc-counter ez-toc-grey ez-toc-container-direction\">\n<div class=\"ez-toc-title-container\">\n<p class=\"ez-toc-title\" style=\"cursor:inherit\">Sommaire<\/p>\n<span class=\"ez-toc-title-toggle\"><a href=\"#\" class=\"ez-toc-pull-right ez-toc-btn ez-toc-btn-xs ez-toc-btn-default ez-toc-toggle\" aria-label=\"Toggle Table of Content\"><span class=\"ez-toc-js-icon-con\"><span class=\"\"><span class=\"eztoc-hide\" style=\"display:none;\">Toggle<\/span><span class=\"ez-toc-icon-toggle-span\"><svg style=\"fill: #999;color:#999\" xmlns=\"http:\/\/www.w3.org\/2000\/svg\" class=\"list-377408\" width=\"20px\" height=\"20px\" viewBox=\"0 0 24 24\" fill=\"none\"><path d=\"M6 6H4v2h2V6zm14 0H8v2h12V6zM4 11h2v2H4v-2zm16 0H8v2h12v-2zM4 16h2v2H4v-2zm16 0H8v2h12v-2z\" fill=\"currentColor\"><\/path><\/svg><svg style=\"fill: #999;color:#999\" class=\"arrow-unsorted-368013\" xmlns=\"http:\/\/www.w3.org\/2000\/svg\" width=\"10px\" height=\"10px\" viewBox=\"0 0 24 24\" version=\"1.2\" baseProfile=\"tiny\"><path d=\"M18.2 9.3l-6.2-6.3-6.2 6.3c-.2.2-.3.4-.3.7s.1.5.3.7c.2.2.4.3.7.3h11c.3 0 .5-.1.7-.3.2-.2.3-.5.3-.7s-.1-.5-.3-.7zM5.8 14.7l6.2 6.3 6.2-6.3c.2-.2.3-.5.3-.7s-.1-.5-.3-.7c-.2-.2-.4-.3-.7-.3h-11c-.3 0-.5.1-.7.3-.2.2-.3.5-.3.7s.1.5.3.7z\"\/><\/svg><\/span><\/span><\/span><\/a><\/span><\/div>\n<nav><ul class='ez-toc-list ez-toc-list-level-1 ' ><li class='ez-toc-page-1 ez-toc-heading-level-1'><a class=\"ez-toc-link ez-toc-heading-1\" href=\"https:\/\/www.marmottine.fr\/mag\/guides\/bijoux-personnalises\/par-marque\/bijoulia\/#Quel_choix_de_bijoux_personnalises_chez_Bijoulia\" title=\"Quel choix de bijoux personnalis\u00e9s chez Bijoulia ?\">Quel choix de bijoux personnalis\u00e9s chez Bijoulia ?<\/a><ul class='ez-toc-list-level-2' ><li class='ez-toc-heading-level-2'><a class=\"ez-toc-link ez-toc-heading-2\" href=\"https:\/\/www.marmottine.fr\/mag\/guides\/bijoux-personnalises\/par-marque\/bijoulia\/#Quel_choix_de_bijoux_personnalises_chez_Bijoulia-2\" title=\"Quel choix de bijoux personnalis\u00e9s chez Bijoulia ?\">Quel choix de bijoux personnalis\u00e9s chez Bijoulia ?<\/a><\/li><li class='ez-toc-page-1 ez-toc-heading-level-2'><a class=\"ez-toc-link ez-toc-heading-3\" href=\"https:\/\/www.marmottine.fr\/mag\/guides\/bijoux-personnalises\/par-marque\/bijoulia\/#Un_large_choix_de_bijoux\" title=\"Un large choix de bijoux\">Un large choix de bijoux<\/a><\/li><li class='ez-toc-page-1 ez-toc-heading-level-2'><a class=\"ez-toc-link ez-toc-heading-4\" href=\"https:\/\/www.marmottine.fr\/mag\/guides\/bijoux-personnalises\/par-marque\/bijoulia\/#Quels_types_de_personnalisation_sont_disponibles\" title=\"Quels types de personnalisation sont disponibles ?\u00a0\">Quels types de personnalisation sont disponibles ?\u00a0<\/a><\/li><li class='ez-toc-page-1 ez-toc-heading-level-2'><a class=\"ez-toc-link ez-toc-heading-5\" href=\"https:\/\/www.marmottine.fr\/mag\/guides\/bijoux-personnalises\/par-marque\/bijoulia\/#Comment_choisir_la_personnalisation_parfaite_pour_son_bijou\" title=\"Comment choisir la personnalisation parfaite pour son bijou ?\u00a0\">Comment choisir la personnalisation parfaite pour son bijou ?\u00a0<\/a><\/li><li class='ez-toc-page-1 ez-toc-heading-level-2'><a class=\"ez-toc-link ez-toc-heading-6\" href=\"https:\/\/www.marmottine.fr\/mag\/guides\/bijoux-personnalises\/par-marque\/bijoulia\/#Le_plaquage_or_est-il_de_qualite\" title=\"Le plaquage or est-il de qualit\u00e9 ?\u00a0\">Le plaquage or est-il de qualit\u00e9 ?\u00a0<\/a><\/li><li class='ez-toc-page-1 ez-toc-heading-level-2'><a class=\"ez-toc-link ez-toc-heading-7\" href=\"https:\/\/www.marmottine.fr\/mag\/guides\/bijoux-personnalises\/par-marque\/bijoulia\/#Quels_sont_les_parametres_importants_a_prendre_en_compte_avant_doffrir_un_bijou\" title=\"Quels sont les param\u00e8tres importants \u00e0 prendre en compte avant d\u2019offrir un bijou ?\u00a0\">Quels sont les param\u00e8tres importants \u00e0 prendre en compte avant d\u2019offrir un bijou ?\u00a0<\/a><\/li><li class='ez-toc-page-1 ez-toc-heading-level-2'><a class=\"ez-toc-link ez-toc-heading-8\" href=\"https:\/\/www.marmottine.fr\/mag\/guides\/bijoux-personnalises\/par-marque\/bijoulia\/#Comment_se_passe_la_livraison\" title=\"Comment se passe la livraison ?\u00a0\">Comment se passe la livraison ?\u00a0<\/a><\/li><li class='ez-toc-page-1 ez-toc-heading-level-2'><a class=\"ez-toc-link ez-toc-heading-9\" href=\"https:\/\/www.marmottine.fr\/mag\/guides\/bijoux-personnalises\/par-marque\/bijoulia\/#Les_retours_sont-ils_possibles_sur_Bijouliafr\" title=\"Les retours sont-ils possibles sur Bijoulia.fr ?\u00a0\">Les retours sont-ils possibles sur Bijoulia.fr ?\u00a0<\/a><\/li><\/ul><\/li><\/ul><\/nav><\/div>\n\n<figure id=\"attachment_807\" aria-describedby=\"caption-attachment-807\" style=\"width: 1200px\" class=\"wp-caption alignnone\"><img loading=\"lazy\" decoding=\"async\" class=\"size-full wp-image-807\" src=\"https:\/\/www.marmottine.fr\/mag\/wp-content\/uploads\/2024\/10\/BIJOULIA-PHOTO.jpg\" alt=\"BIJOULIA-PHOTO\" width=\"1200\" height=\"800\" srcset=\"https:\/\/www.marmottine.fr\/mag\/wp-content\/uploads\/2024\/10\/BIJOULIA-PHOTO.jpg 1200w, https:\/\/www.marmottine.fr\/mag\/wp-content\/uploads\/2024\/10\/BIJOULIA-PHOTO-300x200.jpg 300w, https:\/\/www.marmottine.fr\/mag\/wp-content\/uploads\/2024\/10\/BIJOULIA-PHOTO-1024x683.jpg 1024w, https:\/\/www.marmottine.fr\/mag\/wp-content\/uploads\/2024\/10\/BIJOULIA-PHOTO-768x512.jpg 768w\" sizes=\"(max-width: 1200px) 100vw, 1200px\" \/><figcaption id=\"caption-attachment-807\" class=\"wp-caption-text\">BIJOULIA-PHOTO<\/figcaption><\/figure>\n<p><span style=\"font-weight: 400;\">Une occasion \u00e0 f\u00eater ? Une date \u00e0 graver \u00e9ternellement ? <span style=\"text-decoration: underline;\">Un cadeau juste pour faire plaisir<\/span> ? Ne cherchez plus, Bijoulia est une adresse qui saura \u00e0 coup s\u00fbr vous permettre de trouver la bague, le bracelet ou encore le collier <\/span><b>qui saura vous ravir, l\u2019\u00e9lu(e) de votre c\u0153ur ou l\u2019un de vos proches<\/b><span style=\"font-weight: 400;\">. Avec des milliers de bijoux personnalisables de dizaines de fa\u00e7ons diff\u00e9rentes, ce site de vente vous permettra de <a href=\"https:\/\/www.marmottine.fr\/mag\/guides\/bijoux-personnalises\/par-marque\">trouver le bijou parfait pour une multitude d\u2019occasions gr\u00e2ce \u00e0 cette marque<\/a>. Voici donc un petit guide pour vous retrouver dans <\/span><b>l\u2019offre pl\u00e9thorique que propose Bijoulia<\/b><span style=\"font-weight: 400;\"> et \u00eatre s\u00fbr de faire plaisir ou de se faire plaisir !<\/span><\/p>\n<h2><span class=\"ez-toc-section\" id=\"Quel_choix_de_bijoux_personnalises_chez_Bijoulia-2\"><\/span><b>Quel choix de bijoux personnalis\u00e9s chez Bijoulia ?<\/b><span class=\"ez-toc-section-end\"><\/span><\/h2>\n<p><span style=\"font-weight: 400;\">Le site de vente en ligne Bijoulia.fr se pr\u00e9sente comme un magasin de bijoux \u00ab dans le vent \u00bb et \u00ab bourr\u00e9e de personnalit\u00e9 \u00bb. Et difficile de les contredire sur ces deux points. D\u2019abord, l\u2019offre est tr\u00e8s large et s\u2019adresse \u00e0 un public \u00e0 la recherche \u00e0 la fois de <\/span><b>grands classiques, mais aussi de pi\u00e8ces plus fantaisistes<\/b><span style=\"font-weight: 400;\">. Ensuite, la grande force du site internet r\u00e9side dans l\u2019offre de personnalisation. Elle aussi tr\u00e8s impressionnante, elle permet de <\/span><b>faire graver ou de d\u00e9couper certaines pi\u00e8ces<\/b><span style=\"font-weight: 400;\"> avec pr\u00e9cision pour un rendu le plus fid\u00e8le possible \u00e0 ce que souhaite le client.<\/span><\/p>\n<h2><span class=\"ez-toc-section\" id=\"Un_large_choix_de_bijoux\"><\/span><b>Un large choix de bijoux<\/b><span class=\"ez-toc-section-end\"><\/span><\/h2>\n<p><span style=\"font-weight: 400;\">L\u2019offre de bijoux est tr\u00e8s large allant du bracelet, \u00e0 la bague en passant par la <span style=\"text-decoration: underline;\">cha\u00eene et les pendentifs, les boucles d\u2019oreilles ou encore les boutons de manchette<\/span>. Cette offre se d\u00e9cline <\/span><b>pour les femmes, les hommes et \u00e9galement pour les enfants.<\/b><span style=\"font-weight: 400;\"> Cette large palette d\u2019options se veut en accord avec la mode et les tendances du moment. On y retrouve aussi les grands classiques et le site ne s\u2019interdit pas non plus quelques fantaisies et nouveaut\u00e9s pour ses clients les plus exigeants. Ainsi des bracelets confectionn\u00e9s avec des perles en bois, des gourmettes plaqu\u00e9es or, des pendentifs nombreux et vari\u00e9s, et <\/span><b>\u00e9videmment des bagues avec diamant<\/b><span style=\"font-weight: 400;\">\u2026 Le choix est tellement large que peu trouveront chaussure \u00e0 leur pied.<\/span><\/p>\n<h2><span class=\"ez-toc-section\" id=\"Quels_types_de_personnalisation_sont_disponibles\"><\/span><b>Quels types de personnalisation sont disponibles ?\u00a0<\/b><span class=\"ez-toc-section-end\"><\/span><\/h2>\n<p><span style=\"font-weight: 400;\">Comme expliqu\u00e9 plus haut, la grande force de Bijoulia.fr repose sur la personnalisation. Il n\u2019existe aucun bijou sur ce site qui n\u2019est pas personnalisable. \u00c9videmment, si vous ne le souhaitez pas, la personnalisation n\u2019est absolument pas obligatoire. En revanche, si cela vous int\u00e9resse, alors vous allez \u00eatre servi ! <\/span><b>Graver au diamant un pr\u00e9nom, des lettres, un symbole<\/b><span style=\"font-weight: 400;\">, mettre une date sous une bague, ou derri\u00e8re une gourmette, \u00e9crire plusieurs lignes de texte, ajouter un c\u0153ur ou des \u00e9toiles\u2026 l\u2019offre se pr\u00e9sente comme tr\u00e8s large et saura offrir une tr\u00e8s grande palette de choix aux plus inventifs, mais aussi saura inspirer les moins cr\u00e9atifs d\u2019entre vous.\u00a0<\/span><\/p>\n<h2><span class=\"ez-toc-section\" id=\"Comment_choisir_la_personnalisation_parfaite_pour_son_bijou\"><\/span><b>Comment choisir la personnalisation parfaite pour son bijou ?\u00a0<\/b><span class=\"ez-toc-section-end\"><\/span><\/h2>\n<p><span style=\"font-weight: 400;\">Et, justement, pour ceux qui n\u2019ont pas beaucoup d\u2019id\u00e9es pour graver un bijou, voici quelques id\u00e9es pour \u00eatre s\u00fbr de plaire.<\/span><\/p>\n<ul>\n<li style=\"font-weight: 400;\" aria-level=\"1\"><b>Les dates<\/b><span style=\"font-weight: 400;\"> : c\u2019est un grand classique de la bijouterie, graver le jour, le mois et l\u2019ann\u00e9e d\u2019une rencontre, d\u2019une naissance, d\u2019un mariage ou d\u2019un grand \u00e9v\u00e9nement\u2026 Cela pla\u00eet toujours, m\u00eame s\u2019il vaut mieux \u00eatre s\u00fbr d\u2019avoir la bonne date !\u00a0<\/span><\/li>\n<li style=\"font-weight: 400;\" aria-level=\"1\"><b>Les pr\u00e9noms<\/b><span style=\"font-weight: 400;\"> : autre grand classique, les pr\u00e9noms. De celui d\u2019un enfant pour une naissance \u00e0 ceux du couple pour une bague de fian\u00e7ailles.\u00a0<\/span><\/li>\n<li style=\"font-weight: 400;\" aria-level=\"1\"><b>Un texte<\/b><span style=\"font-weight: 400;\"> : la possibilit\u00e9 d\u2019\u00e9crire plusieurs lignes permet \u00e9galement d\u2019\u00e9crire un petit texte. \u00c9videmment, rien de trop long, mais cela pourrait \u00eatre l\u2019occasion d\u2019\u00e9crire quelques mots pour dire \u00e0 l\u2019autre ce que l\u2019on ressent, un moment \u00e9vocateur de la relation\u2026<\/span><\/li>\n<li style=\"font-weight: 400;\" aria-level=\"1\"><b>Une citation<\/b><span style=\"font-weight: 400;\"> : la citation d\u2019un film, d\u2019une chanson, d\u2019un livre peut aussi \u00eatre une bonne alternative, notamment si elle trouve une signification dans l\u2019histoire partag\u00e9e de celui qui offre et celui qui re\u00e7oit.\u00a0<\/span><\/li>\n<\/ul>\n<h2><span class=\"ez-toc-section\" id=\"Le_plaquage_or_est-il_de_qualite\"><\/span><b>Le plaquage or est-il de qualit\u00e9 ?\u00a0<\/b><span class=\"ez-toc-section-end\"><\/span><\/h2>\n<p><span style=\"font-weight: 400;\">Lorsque l\u2019on ach\u00e8te des bijoux en ligne, on peut s\u2019inqui\u00e9ter de la qualit\u00e9 des objets. Bijoulia apporte cependant des \u00e9l\u00e9ments de r\u00e9ponse sur <span style=\"text-decoration: underline;\">la qualit\u00e9<\/span> de son plaquage or. Le plaquage est une fine pellicule d\u2019or qui offre une belle couleur et une bonne r\u00e9sistance. <\/span><b>Il s\u2019agit d\u2019or 18 carats<\/b><span style=\"font-weight: 400;\">. Le m\u00e9tal d\u2019origine, lui, est constitu\u00e9 d\u2019un alliage de cuivre, de laiton et de zinc. Ce plaquage or ne dure pas dans le temps cependant, et finira par dispara\u00eetre.<\/span><\/p>\n<h2><span class=\"ez-toc-section\" id=\"Quels_sont_les_parametres_importants_a_prendre_en_compte_avant_doffrir_un_bijou\"><\/span><b>Quels sont les param\u00e8tres importants \u00e0 prendre en compte avant d\u2019offrir un bijou ?\u00a0<\/b><span class=\"ez-toc-section-end\"><\/span><\/h2>\n<p><span style=\"font-weight: 400;\">Si vous souhaitez l\u2019offrir, il faudra faire attention \u00e0 plusieurs param\u00e8tres, car comme nous le verrons plus tard, les retours pour les objets personnalis\u00e9s ne sont pas si faciles. Pour le choix, observez d\u2019abord ce qu\u2019il ou elle porte d\u00e9j\u00e0, et observez s\u2019il ou elle les porte r\u00e9guli\u00e8rement. Un conseil tout b\u00eate, mais avant d\u2019offrir une boucle d\u2019oreille, v\u00e9rifiez que la personne a les oreilles perc\u00e9es ! <\/span><b>Si vous avez un doute<\/b><span style=\"font-weight: 400;\">, privil\u00e9giez le classique, les valeurs s\u00fbres et les bijoux simples. <\/span><b>Les tailles sont \u00e9galement importantes<\/b><span style=\"font-weight: 400;\"> : essayez de mesurer les tailles des bagues, colliers qu\u2019il ou elle porte d\u00e9j\u00e0.\u00a0<\/span><\/p>\n<h2><span class=\"ez-toc-section\" id=\"Comment_se_passe_la_livraison\"><\/span><b>Comment se passe la livraison ?\u00a0<\/b><span class=\"ez-toc-section-end\"><\/span><\/h2>\n<p><span style=\"font-weight: 400;\">Une fois le choix fait, le paiement s\u00e9curis\u00e9 r\u00e9alis\u00e9 (carte bancaire, PayPal ou virement bancaire), il ne restera plus qu\u2019\u00e0 attendre votre livraison. \u00c9videmment, si vous avez choisi la personnalisation, il faudra \u00eatre un peu plus patient. Les d\u00e9lais sont signal\u00e9s sur chaque fiche des produits et <\/span><b>il est possible d\u2019\u00eatre livr\u00e9 en 24 heures<\/b><span style=\"font-weight: 400;\">, notamment si la commande a \u00e9t\u00e9 r\u00e9alis\u00e9e avant 11h le matin. La livraison est possible en France, Belgique et au Luxembourg, et il est possible de suivre son colis gr\u00e2ce \u00e0 un num\u00e9ro fourni par la boutique en ligne.\u00a0<\/span><\/p>\n<h2><span class=\"ez-toc-section\" id=\"Les_retours_sont-ils_possibles_sur_Bijouliafr\"><\/span><b>Les retours sont-ils possibles sur Bijoulia.fr ?\u00a0<\/b><span class=\"ez-toc-section-end\"><\/span><\/h2>\n<p><span style=\"font-weight: 400;\">Pas la bonne taille, une erreur dans la personnalisation, un bijou qui ne pla\u00eet pas\u2026 Il se peut que tout ne se passe pas comme pr\u00e9vu. Attention cependant, <\/span><b>les retours des objets personnalis\u00e9s ne sont pas possibles<\/b><span style=\"font-weight: 400;\">, m\u00eame pour un simple changement de taille. Pour les bijoux non personnalis\u00e9s, en revanche, aucun souci. M\u00eame chose si la gravure n\u2019est pas parfaite ou pr\u00e9sente des d\u00e9fauts.<\/span><\/p>\n<p><span style=\"font-weight: 400;\">Voil\u00e0, vous savez tout ! Bon shopping !<\/span><\/p>\n","protected":false},"excerpt":{"rendered":"<p>Quel choix de bijoux personnalis\u00e9s chez Bijoulia ? Une occasion \u00e0 f\u00eater ? Une date \u00e0 graver \u00e9ternellement ? Un [&hellip;]<\/p>\n","protected":false},"author":4,"featured_media":807,"parent":647,"menu_order":0,"comment_status":"closed","ping_status":"closed","template":"","meta":{"site-sidebar-layout":"default","site-content-layout":"","ast-site-content-layout":"default","site-content-style":"default","site-sidebar-style":"default","ast-global-header-display":"","ast-banner-title-visibility":"","ast-main-header-display":"","ast-hfb-above-header-display":"","ast-hfb-below-header-display":"","ast-hfb-mobile-header-display":"","site-post-title":"","ast-breadcrumbs-content":"","ast-featured-img":"","footer-sml-layout":"","theme-transparent-header-meta":"default","adv-header-id-meta":"","stick-header-meta":"","header-above-stick-meta":"","header-main-stick-meta":"","header-below-stick-meta":"","astra-migrate-meta-layouts":"set","ast-page-background-enabled":"default","ast-page-background-meta":{"desktop":{"background-color":"var(--ast-global-color-4)","background-image":"","background-repeat":"repeat","background-position":"center center","background-size":"auto","background-attachment":"scroll","background-type":"","background-media":"","overlay-type":"","overlay-color":"","overlay-gradient":""},"tablet":{"background-color":"","background-image":"","background-repeat":"repeat","background-position":"center center","background-size":"auto","background-attachment":"scroll","background-type":"","background-media":"","overlay-type":"","overlay-color":"","overlay-gradient":""},"mobile":{"background-color":"","background-image":"","background-repeat":"repeat","background-position":"center center","background-size":"auto","background-attachment":"scroll","background-type":"","background-media":"","overlay-type":"","overlay-color":"","overlay-gradient":""}},"ast-content-background-meta":{"desktop":{"background-color":"var(--ast-global-color-5)","background-image":"","background-repeat":"repeat","background-position":"center center","background-size":"auto","background-attachment":"scroll","background-type":"","background-media":"","overlay-type":"","overlay-color":"","overlay-gradient":""},"tablet":{"background-color":"var(--ast-global-color-5)","background-image":"","background-repeat":"repeat","background-position":"center center","background-size":"auto","background-attachment":"scroll","background-type":"","background-media":"","overlay-type":"","overlay-color":"","overlay-gradient":""},"mobile":{"background-color":"var(--ast-global-color-5)","background-image":"","background-repeat":"repeat","background-position":"center center","background-size":"auto","background-attachment":"scroll","background-type":"","background-media":"","overlay-type":"","overlay-color":"","overlay-gradient":""}},"footnotes":""},"aioseo_notices":[],"_links":{"self":[{"href":"https:\/\/www.marmottine.fr\/mag\/wp-json\/wp\/v2\/pages\/805"}],"collection":[{"href":"https:\/\/www.marmottine.fr\/mag\/wp-json\/wp\/v2\/pages"}],"about":[{"href":"https:\/\/www.marmottine.fr\/mag\/wp-json\/wp\/v2\/types\/page"}],"author":[{"embeddable":true,"href":"https:\/\/www.marmottine.fr\/mag\/wp-json\/wp\/v2\/users\/4"}],"replies":[{"embeddable":true,"href":"https:\/\/www.marmottine.fr\/mag\/wp-json\/wp\/v2\/comments?post=805"}],"version-history":[{"count":2,"href":"https:\/\/www.marmottine.fr\/mag\/wp-json\/wp\/v2\/pages\/805\/revisions"}],"predecessor-version":[{"id":808,"href":"https:\/\/www.marmottine.fr\/mag\/wp-json\/wp\/v2\/pages\/805\/revisions\/808"}],"up":[{"embeddable":true,"href":"https:\/\/www.marmottine.fr\/mag\/wp-json\/wp\/v2\/pages\/647"}],"wp:featuredmedia":[{"embeddable":true,"href":"https:\/\/www.marmottine.fr\/mag\/wp-json\/wp\/v2\/media\/807"}],"wp:attachment":[{"href":"https:\/\/www.marmottine.fr\/mag\/wp-json\/wp\/v2\/media?parent=805"}],"curies":[{"name":"wp","href":"https:\/\/api.w.org\/{rel}","templated":true}]}}