{"id":798,"date":"2024-10-08T11:00:09","date_gmt":"2024-10-08T09:00:09","guid":{"rendered":"https:\/\/www.marmottine.fr\/mag\/?page_id=798"},"modified":"2024-10-11T08:34:32","modified_gmt":"2024-10-11T06:34:32","slug":"pour-des-fiancailles","status":"publish","type":"page","link":"https:\/\/www.marmottine.fr\/mag\/guides\/bijoux-personnalises\/choisir-selon-occasion\/pour-des-fiancailles","title":{"rendered":"Quels sont les bijoux personnalis\u00e9s pour des fian\u00e7ailles ?"},"content":{"rendered":"<h1><span class=\"ez-toc-section\" id=\"Quels_sont_les_bijoux_personnalises_pour_des_fiancailles\"><\/span><b>Quels sont les bijoux personnalis\u00e9s pour des fian\u00e7ailles ?<\/b><span class=\"ez-toc-section-end\"><\/span><\/h1><div id=\"ez-toc-container\" class=\"ez-toc-v2_0_69_1 counter-hierarchy ez-toc-counter ez-toc-grey ez-toc-container-direction\">\n<div class=\"ez-toc-title-container\">\n<p class=\"ez-toc-title\" style=\"cursor:inherit\">Sommaire<\/p>\n<span class=\"ez-toc-title-toggle\"><a href=\"#\" class=\"ez-toc-pull-right ez-toc-btn ez-toc-btn-xs ez-toc-btn-default ez-toc-toggle\" aria-label=\"Toggle Table of Content\"><span class=\"ez-toc-js-icon-con\"><span class=\"\"><span class=\"eztoc-hide\" style=\"display:none;\">Toggle<\/span><span class=\"ez-toc-icon-toggle-span\"><svg style=\"fill: #999;color:#999\" xmlns=\"http:\/\/www.w3.org\/2000\/svg\" class=\"list-377408\" width=\"20px\" height=\"20px\" viewBox=\"0 0 24 24\" fill=\"none\"><path d=\"M6 6H4v2h2V6zm14 0H8v2h12V6zM4 11h2v2H4v-2zm16 0H8v2h12v-2zM4 16h2v2H4v-2zm16 0H8v2h12v-2z\" fill=\"currentColor\"><\/path><\/svg><svg style=\"fill: #999;color:#999\" class=\"arrow-unsorted-368013\" xmlns=\"http:\/\/www.w3.org\/2000\/svg\" width=\"10px\" height=\"10px\" viewBox=\"0 0 24 24\" version=\"1.2\" baseProfile=\"tiny\"><path d=\"M18.2 9.3l-6.2-6.3-6.2 6.3c-.2.2-.3.4-.3.7s.1.5.3.7c.2.2.4.3.7.3h11c.3 0 .5-.1.7-.3.2-.2.3-.5.3-.7s-.1-.5-.3-.7zM5.8 14.7l6.2 6.3 6.2-6.3c.2-.2.3-.5.3-.7s-.1-.5-.3-.7c-.2-.2-.4-.3-.7-.3h-11c-.3 0-.5.1-.7.3-.2.2-.3.5-.3.7s.1.5.3.7z\"\/><\/svg><\/span><\/span><\/span><\/a><\/span><\/div>\n<nav><ul class='ez-toc-list ez-toc-list-level-1 ' ><li class='ez-toc-page-1 ez-toc-heading-level-1'><a class=\"ez-toc-link ez-toc-heading-1\" href=\"https:\/\/www.marmottine.fr\/mag\/guides\/bijoux-personnalises\/choisir-selon-occasion\/pour-des-fiancailles\/#Quels_sont_les_bijoux_personnalises_pour_des_fiancailles\" title=\"Quels sont les bijoux personnalis\u00e9s pour des fian\u00e7ailles ?\">Quels sont les bijoux personnalis\u00e9s pour des fian\u00e7ailles ?<\/a><ul class='ez-toc-list-level-2' ><li class='ez-toc-heading-level-2'><a class=\"ez-toc-link ez-toc-heading-2\" href=\"https:\/\/www.marmottine.fr\/mag\/guides\/bijoux-personnalises\/choisir-selon-occasion\/pour-des-fiancailles\/#Quest-ce_quun_bijou_personnalise\" title=\"Qu&rsquo;est-ce qu&rsquo;un bijou personnalis\u00e9 ?\">Qu&rsquo;est-ce qu&rsquo;un bijou personnalis\u00e9 ?<\/a><\/li><li class='ez-toc-page-1 ez-toc-heading-level-2'><a class=\"ez-toc-link ez-toc-heading-3\" href=\"https:\/\/www.marmottine.fr\/mag\/guides\/bijoux-personnalises\/choisir-selon-occasion\/pour-des-fiancailles\/#Differents_types_de_bijoux_personnalises_pour_fiancailles\" title=\"Diff\u00e9rents types de bijoux personnalis\u00e9s pour fian\u00e7ailles\">Diff\u00e9rents types de bijoux personnalis\u00e9s pour fian\u00e7ailles<\/a><\/li><li class='ez-toc-page-1 ez-toc-heading-level-2'><a class=\"ez-toc-link ez-toc-heading-4\" href=\"https:\/\/www.marmottine.fr\/mag\/guides\/bijoux-personnalises\/choisir-selon-occasion\/pour-des-fiancailles\/#Quelles_pierres_precieuses_choisir_pour_une_bague_de_fiancailles_personnalisee\" title=\"Quelles pierres pr\u00e9cieuses choisir pour une bague de fian\u00e7ailles personnalis\u00e9e ?\">Quelles pierres pr\u00e9cieuses choisir pour une bague de fian\u00e7ailles personnalis\u00e9e ?<\/a><\/li><li class='ez-toc-page-1 ez-toc-heading-level-2'><a class=\"ez-toc-link ez-toc-heading-5\" href=\"https:\/\/www.marmottine.fr\/mag\/guides\/bijoux-personnalises\/choisir-selon-occasion\/pour-des-fiancailles\/#Bijoux_personnalises_accessoires_parfaits_pour_les_fiancailles\" title=\"Bijoux personnalis\u00e9s : accessoires parfaits pour les fian\u00e7ailles\">Bijoux personnalis\u00e9s : accessoires parfaits pour les fian\u00e7ailles<\/a><\/li><li class='ez-toc-page-1 ez-toc-heading-level-2'><a class=\"ez-toc-link ez-toc-heading-6\" href=\"https:\/\/www.marmottine.fr\/mag\/guides\/bijoux-personnalises\/choisir-selon-occasion\/pour-des-fiancailles\/#FAQ_pour_les_bijoux_des_futurs_maries\" title=\"FAQ pour les bijoux des futurs mari\u00e9s :\">FAQ pour les bijoux des futurs mari\u00e9s :<\/a><\/li><\/ul><\/li><\/ul><\/nav><\/div>\n\n<figure id=\"attachment_801\" aria-describedby=\"caption-attachment-801\" style=\"width: 1200px\" class=\"wp-caption alignnone\"><img loading=\"lazy\" decoding=\"async\" class=\"size-full wp-image-801\" src=\"https:\/\/www.marmottine.fr\/mag\/wp-content\/uploads\/2024\/10\/bracelets-personnalises-amour.jpg\" alt=\"bracelets personnalises amour\" width=\"1200\" height=\"800\" srcset=\"https:\/\/www.marmottine.fr\/mag\/wp-content\/uploads\/2024\/10\/bracelets-personnalises-amour.jpg 1200w, https:\/\/www.marmottine.fr\/mag\/wp-content\/uploads\/2024\/10\/bracelets-personnalises-amour-300x200.jpg 300w, https:\/\/www.marmottine.fr\/mag\/wp-content\/uploads\/2024\/10\/bracelets-personnalises-amour-1024x683.jpg 1024w, https:\/\/www.marmottine.fr\/mag\/wp-content\/uploads\/2024\/10\/bracelets-personnalises-amour-768x512.jpg 768w\" sizes=\"(max-width: 1200px) 100vw, 1200px\" \/><figcaption id=\"caption-attachment-801\" class=\"wp-caption-text\">bracelets personnalises amour<\/figcaption><\/figure>\n<p><span style=\"font-weight: 400;\">Vous \u00eates encore \u00e0 la recherche du cadeau id\u00e9al pour cette occasion tr\u00e8s sp\u00e9ciale que sont les fian\u00e7ailles ?<\/span><\/p>\n<p><span style=\"font-weight: 400;\">Dans ce cas, les <\/span><a href=\"https:\/\/www.marmottine.fr\/mag\/guides\/bijoux-personnalises\/choisir-selon-occasion\"><b>bijoux personnalis\u00e9s pour ces occasions<\/b><\/a><span style=\"font-weight: 400;\">\u00a0sont plus demand\u00e9s que jamais et de plus en plus populaires.<\/span><\/p>\n<p><span style=\"font-weight: 400;\">Mais qu&rsquo;est-ce qui rend les bijoux personnalis\u00e9s si sp\u00e9ciaux ? Quels sont les d\u00e9tails \u00e0 prendre en compte lors de l&rsquo;achat et qu&rsquo;est-ce qu&rsquo;un <\/span><b>bijou personnalis\u00e9 pour fian\u00e7ailles<\/b><span style=\"font-weight: 400;\"> ?<\/span><\/p>\n<h2><span class=\"ez-toc-section\" id=\"Quest-ce_quun_bijou_personnalise\"><\/span><b>Qu&rsquo;est-ce qu&rsquo;un bijou personnalis\u00e9 ?<\/b><span class=\"ez-toc-section-end\"><\/span><\/h2>\n<p><span style=\"font-weight: 400;\">Avant de choisir le bijou qui vous convient, il est n\u00e9cessaire de clarifier ce qui caract\u00e9rise les bijoux personnalis\u00e9s. Les colliers, bracelets, bagues ou boucles d&rsquo;oreilles personnalis\u00e9s sont toujours des id\u00e9es de cadeaux originales qui conviennent \u00e0 des <\/span><b>occasions tr\u00e8s particuli\u00e8res telles que les fian\u00e7ailles<\/b><span style=\"font-weight: 400;\">. Gr\u00e2ce \u00e0 ce cadeau unique, la personne \u00e0 qui vous l&rsquo;offrez prend conscience de votre affection, car un bijou personnalis\u00e9 est toujours choisi avec soin et n&rsquo;est offert qu&rsquo;\u00e0 des personnes bien pr\u00e9cises. Les accessoires sont g\u00e9n\u00e9ralement dot\u00e9s d&rsquo;une gravure en filigrane qui contient <span style=\"text-decoration: underline;\">des messages personnels<\/span>, des d\u00e9dicaces ou une date tr\u00e8s particuli\u00e8re.<\/span><\/p>\n<h2><span class=\"ez-toc-section\" id=\"Differents_types_de_bijoux_personnalises_pour_fiancailles\"><\/span><b>Diff\u00e9rents types de bijoux personnalis\u00e9s pour fian\u00e7ailles<\/b><span class=\"ez-toc-section-end\"><\/span><\/h2>\n<figure id=\"attachment_802\" aria-describedby=\"caption-attachment-802\" style=\"width: 1200px\" class=\"wp-caption alignnone\"><img loading=\"lazy\" decoding=\"async\" class=\"size-full wp-image-802\" src=\"https:\/\/www.marmottine.fr\/mag\/wp-content\/uploads\/2024\/10\/medaille-coeur-personnalisable.jpg\" alt=\"medaille coeur personnalisable\" width=\"1200\" height=\"800\" srcset=\"https:\/\/www.marmottine.fr\/mag\/wp-content\/uploads\/2024\/10\/medaille-coeur-personnalisable.jpg 1200w, https:\/\/www.marmottine.fr\/mag\/wp-content\/uploads\/2024\/10\/medaille-coeur-personnalisable-300x200.jpg 300w, https:\/\/www.marmottine.fr\/mag\/wp-content\/uploads\/2024\/10\/medaille-coeur-personnalisable-1024x683.jpg 1024w, https:\/\/www.marmottine.fr\/mag\/wp-content\/uploads\/2024\/10\/medaille-coeur-personnalisable-768x512.jpg 768w\" sizes=\"(max-width: 1200px) 100vw, 1200px\" \/><figcaption id=\"caption-attachment-802\" class=\"wp-caption-text\">medaille coeur personnalisable<\/figcaption><\/figure>\n<p><span style=\"font-weight: 400;\">Vous vous demandez certainement quels types de <span style=\"text-decoration: underline;\">bijoux personnalis\u00e9s acheter pour les fian\u00e7ailles ?<\/span> Sur ce site, vous trouverez un <\/span><b>large choix de bijoux de fian\u00e7ailles<\/b><span style=\"font-weight: 400;\"> qui se pr\u00eatent parfaitement \u00e0 la personnalisation. Vous y trouverez des designs vari\u00e9s, tant\u00f4t \u00e9l\u00e9gants, tant\u00f4t ludiques, qui r\u00e9pondent \u00e0 tous les go\u00fbts. Des bagues sophistiqu\u00e9es, aux bracelets romantiques et ludiques, en passant par les colliers ou pendentifs extravagants. Chez nous, tous les souhaits sont exauc\u00e9s, et vous pourrez bient\u00f4t surprendre votre bien-aim\u00e9(e) avec un bijou tr\u00e8s sp\u00e9cial.<\/span><\/p>\n<p><span style=\"font-weight: 400;\">Dans la plupart des cas, les gens optent pour des bagues \u00e0 pierres pr\u00e9cieuses, qui peuvent se distinguer les unes des autres par leur forme, leur mat\u00e9riau et leur couleur. Il existe aussi des bagues serties de pr\u00e9cieuses color\u00e9es (saphir, rubis, \u00e9meraude), avec des gravures personnalis\u00e9es, ou encore en forme originale.\u00a0<\/span><\/p>\n<p><span style=\"font-weight: 400;\">En plus des bagues, vous pouvez opter pour des <span style=\"text-decoration: underline;\">pendentifs personnalis\u00e9s<\/span> pour fian\u00e7ailles en forme de c\u0153ur, de signe astrologique, de lettres ou de figures g\u00e9ographiques comme un triangle ou un cercle. Mettez l&rsquo;accent sur des pendentifs dor\u00e9s, argent\u00e9s ou ros\u00e9s, qui apporteront une touche de raffinement \u00e0 votre collier ou bracelet. Si vous ne trouvez pas de pendentif qui vous convient, vous pouvez aussi opter pour de fines plaquettes qui offrent suffisamment de place pour une belle gravure et qui s&rsquo;adapteront parfaitement \u00e0 votre bracelet.<\/span><\/p>\n<p><span style=\"font-weight: 400;\">Comme les bagues sont g\u00e9n\u00e9ralement plut\u00f4t \u00e9troites et offrent donc une surface plus petite pour la gravure de mots, <\/span><b>les initiales ou la gravure d&rsquo;une date<\/b><span style=\"font-weight: 400;\"> particuli\u00e8re sont les plus appropri\u00e9es.<\/span><\/p>\n<h2><span class=\"ez-toc-section\" id=\"Quelles_pierres_precieuses_choisir_pour_une_bague_de_fiancailles_personnalisee\"><\/span><b>Quelles pierres pr\u00e9cieuses choisir pour une bague de fian\u00e7ailles personnalis\u00e9e ?<\/b><span class=\"ez-toc-section-end\"><\/span><\/h2>\n<p><span style=\"font-weight: 400;\">Les combinaisons et la composition des <\/span><b>bagues de fian\u00e7ailles personnalis\u00e9es<\/b><span style=\"font-weight: 400;\"> sont infinies. Dans ce paragraphe, nous vous pr\u00e9cisons quelles pierres sont tr\u00e8s souvent choisies par les futurs \u00e9poux.\u00a0<\/span><\/p>\n<p><span style=\"font-weight: 400;\"><span style=\"text-decoration: underline;\">Les pierres pr\u00e9cieuses<\/span> avec lesquelles des bagues de fian\u00e7ailles peuvent \u00eatre r\u00e9alis\u00e9es sont :<\/span><\/p>\n<ul>\n<li style=\"font-weight: 400;\" aria-level=\"1\"><span style=\"font-weight: 400;\">le diamant, le plus recherch\u00e9 par les mari\u00e9es comme vous ;<\/span><\/li>\n<li style=\"font-weight: 400;\" aria-level=\"1\"><span style=\"font-weight: 400;\">l&rsquo;\u00e9meraude, la pierre verte charg\u00e9e d&rsquo;\u00e9nergie positive ;<\/span><\/li>\n<li style=\"font-weight: 400;\" aria-level=\"1\"><span style=\"font-weight: 400;\">le saphir, la pierre bleue qui symbolise la puret\u00e9 et la fid\u00e9lit\u00e9 ;<\/span><\/li>\n<li style=\"font-weight: 400;\" aria-level=\"1\"><span style=\"font-weight: 400;\">l&rsquo;aigue-marine, pierre bleu clair qui symbolise l&rsquo;amour stable, heureux et serein ;<\/span><\/li>\n<li style=\"font-weight: 400;\" aria-level=\"1\"><span style=\"font-weight: 400;\">le rubis, pierre rouge repr\u00e9sentant l&rsquo;amour et la passion sans fin.<\/span><\/li>\n<\/ul>\n<p><span style=\"font-weight: 400;\">Les pierres peuvent \u00eatre assorties. Ainsi, on trouve des <\/span><b>bagues de fian\u00e7ailles personnalis\u00e9es avec des rubis et diamants<\/b><span style=\"font-weight: 400;\">, par exemple, ou avec des \u00e9meraudes et diamants, etc.<\/span><\/p>\n<p><span style=\"font-weight: 400;\">En outre, les pierres pr\u00e9cieuses de la bague de demande en mariage peuvent avoir des tailles diff\u00e9rentes.<\/span><\/p>\n<p><span style=\"font-weight: 400;\">Voici quelques-unes des tailles des <\/span><b>pierres pour les bagues de fian\u00e7ailles personnalis\u00e9es<\/b><span style=\"font-weight: 400;\"> :\u00a0<\/span><b><\/b><\/p>\n<ul>\n<li aria-level=\"1\"><b>Carr\u00e9 ou princesse<\/b><\/li>\n<\/ul>\n<p><span style=\"font-weight: 400;\">La taille carr\u00e9e ou princesse s\u00e9duit les futurs mari\u00e9s comme vous par sa ligne minimale. C&rsquo;est l&rsquo;une des tailles les plus brillantes, mais aussi la plus difficile \u00e0 r\u00e9aliser en raison de la pr\u00e9cision avec laquelle les quatre pointes doivent \u00eatre faites.<\/span><b><\/b><\/p>\n<ul>\n<li aria-level=\"1\"><b>Taille \u00e9meraude<\/b><\/li>\n<\/ul>\n<p><span style=\"font-weight: 400;\">Nomm\u00e9e d&rsquo;apr\u00e8s la pierre qui la met le plus en valeur, elle pr\u00e9sente une forme l\u00e9g\u00e8rement allong\u00e9e \u00e0 <span style=\"text-decoration: underline;\">l&rsquo;allure vintage et \u00e9l\u00e9gante<\/span>.<\/span><b><\/b><\/p>\n<ul>\n<li aria-level=\"1\"><b>Ronde brillant<\/b><\/li>\n<\/ul>\n<p><span style=\"font-weight: 400;\">Raffin\u00e9e, avec ses lignes \u00e9pur\u00e9es, la taille \u00ab\u00a0Brillant\u00a0\u00bb, avec sa forme ronde, permet \u00e0 n&rsquo;importe quelle pierre pr\u00e9cieuse d&rsquo;\u00e9maner tout son \u00e9clat.<\/span><b><\/b><\/p>\n<ul>\n<li aria-level=\"1\"><b>Ovale<\/b><\/li>\n<\/ul>\n<p><span style=\"font-weight: 400;\">Tr\u00e8s chic, la taille ovale est l&rsquo;une des plus pris\u00e9es par les futures mari\u00e9es qui sont d&rsquo;\u00e9ternelles princesses, \u00e0 l&rsquo;image de Kate Middleton.<\/span><b><\/b><\/p>\n<ul>\n<li aria-level=\"1\"><b>Marquise<\/b><\/li>\n<\/ul>\n<p><span style=\"font-weight: 400;\">La taille marquise a une forme ovale, mais avec deux extr\u00e9mit\u00e9s pointues. Elle est appel\u00e9e ainsi parce qu&rsquo;elle a \u00e9t\u00e9 demand\u00e9e par le roi de France, Louis XV, pour ressembler au sourire de la marquise de Pompadour.<\/span><b><\/b><\/p>\n<ul>\n<li aria-level=\"1\"><b>La goutte d&rsquo;eau<\/b><\/li>\n<\/ul>\n<p><span style=\"font-weight: 400;\">La taille en goutte d&rsquo;eau est le m\u00e9lange parfait entre la taille \u00ab\u00a0Brillant\u00a0\u00bb et la taille marquise. Parmi les plus recherch\u00e9es, elle est la taille de pr\u00e9dilection des pierres multi-carats (c&rsquo;est-\u00e0-dire l&rsquo;unit\u00e9 de mesure des diamants et de toutes les pierres pr\u00e9cieuses).<\/span><b><\/b><\/p>\n<ul>\n<li aria-level=\"1\"><b>En forme de c\u0153ur<\/b><\/li>\n<\/ul>\n<p><span style=\"font-weight: 400;\">Certainement la plus romantique, la taille en c\u0153ur est aussi l&rsquo;une des plus difficiles \u00e0 r\u00e9aliser et est g\u00e9n\u00e9ralement utilis\u00e9e sur des pierres de plus grande taille.<\/span><\/p>\n<h2><span class=\"ez-toc-section\" id=\"Bijoux_personnalises_accessoires_parfaits_pour_les_fiancailles\"><\/span><b>Bijoux personnalis\u00e9s : accessoires parfaits pour les fian\u00e7ailles<\/b><span class=\"ez-toc-section-end\"><\/span><\/h2>\n<figure id=\"attachment_803\" aria-describedby=\"caption-attachment-803\" style=\"width: 1200px\" class=\"wp-caption alignnone\"><img loading=\"lazy\" decoding=\"async\" class=\"size-full wp-image-803\" src=\"https:\/\/www.marmottine.fr\/mag\/wp-content\/uploads\/2024\/10\/medaille-coeur-personnalisee-empreintes.jpg\" alt=\"medaille coeur personnalis\u00e9e empreintes\" width=\"1200\" height=\"800\" srcset=\"https:\/\/www.marmottine.fr\/mag\/wp-content\/uploads\/2024\/10\/medaille-coeur-personnalisee-empreintes.jpg 1200w, https:\/\/www.marmottine.fr\/mag\/wp-content\/uploads\/2024\/10\/medaille-coeur-personnalisee-empreintes-300x200.jpg 300w, https:\/\/www.marmottine.fr\/mag\/wp-content\/uploads\/2024\/10\/medaille-coeur-personnalisee-empreintes-1024x683.jpg 1024w, https:\/\/www.marmottine.fr\/mag\/wp-content\/uploads\/2024\/10\/medaille-coeur-personnalisee-empreintes-768x512.jpg 768w\" sizes=\"(max-width: 1200px) 100vw, 1200px\" \/><figcaption id=\"caption-attachment-803\" class=\"wp-caption-text\">medaille coeur personnalis\u00e9e empreintes<\/figcaption><\/figure>\n<p><span style=\"font-weight: 400;\">Comme nous l&rsquo;avons d\u00e9j\u00e0 mentionn\u00e9, les cha\u00eenes, bagues ou bracelets grav\u00e9s sont des <\/span><b>accessoires de choix<\/b><span style=\"font-weight: 400;\"> pour cette occasion particuli\u00e8re que sont les fian\u00e7ailles. Avec les bijoux \u00e0 graver de notre boutique, vous devenez litt\u00e9ralement le cr\u00e9ateur de votre propre accessoire et vous pouvez transformer un bijou qui, \u00e0 premi\u00e8re vue, peut sembler plut\u00f4t simple, en un objet tr\u00e8s sp\u00e9cial.<\/span><\/p>\n<p><span style=\"font-weight: 400;\">Immortalisez vos <\/span><b>messages personnels sur les bijoux de votre choix<\/b><span style=\"font-weight: 400;\"> et faites plaisir \u00e0 vos partenaires.<\/span><\/p>\n<p><span style=\"font-weight: 400;\">Si vous ne savez pas encore quelle gravure convient le mieux \u00e0 <span style=\"text-decoration: underline;\">votre bijou pour fian\u00e7ailles<\/span>, voici quelques id\u00e9es :<\/span><\/p>\n<ul>\n<li style=\"font-weight: 400;\" aria-level=\"1\"><span style=\"font-weight: 400;\">une date importante qui vous lie vous et votre partenaire ;<\/span><\/li>\n<li style=\"font-weight: 400;\" aria-level=\"1\"><span style=\"font-weight: 400;\">le nom ou les initiales de votre fianc\u00e9(e) ;<\/span><\/li>\n<li style=\"font-weight: 400;\" aria-level=\"1\"><span style=\"font-weight: 400;\">une devise de vie ou une sagesse des symboles et des formes comme un c\u0153ur ou un signe d&rsquo;infini.<\/span><\/li>\n<\/ul>\n<p><span style=\"font-weight: 400;\">Toutes les id\u00e9es viennent du c\u0153ur, de sorte que la personne avec qui vous partagerez ce bijou personnalis\u00e9, portera toujours une partie de vous avec elle \u00e0 l&rsquo;avenir.<\/span><\/p>\n<h2><span class=\"ez-toc-section\" id=\"FAQ_pour_les_bijoux_des_futurs_maries\"><\/span><strong>FAQ pour les bijoux des futurs mari\u00e9s :<\/strong><span class=\"ez-toc-section-end\"><\/span><\/h2>\n<p><span style=\"font-weight: 400;\">Voici la FAQ des futurs mari\u00e9s sur les r\u00e8gles \u00e0 suivre lorsqu&rsquo;on porte une bague de fian\u00e7ailles.<\/span><\/p>\n<ol>\n<li style=\"font-weight: 400;\" aria-level=\"1\"><span style=\"text-decoration: underline;\"><span style=\"font-weight: 400;\">\u00c0 quel doigt mets-tu la bague de fian\u00e7ailles ?<\/span><\/span><\/li>\n<\/ol>\n<p><span style=\"font-weight: 400;\">La bague de fian\u00e7ailles se porte \u00e0 l&rsquo;annulaire gauche.<\/span><\/p>\n<ol>\n<li style=\"font-weight: 400;\" aria-level=\"1\"><span style=\"text-decoration: underline;\"><span style=\"font-weight: 400;\">\u00c0 quelle main porte-t-on la bague de fian\u00e7ailles ?<\/span><\/span><\/li>\n<\/ol>\n<p><span style=\"font-weight: 400;\"><strong>La bague de fian\u00e7ailles<\/strong> est port\u00e9e \u00e0 la main gauche au moment de la demande en mariage et avant le mariage. Apr\u00e8s le mariage, elle peut \u00eatre port\u00e9e soit \u00e0 la main gauche, \u00e0 l&rsquo;annulaire pr\u00e9c\u00e9dant l&rsquo;alliance, soit \u00e0 l&rsquo;annulaire de la main droite.<\/span><\/p>\n<ol>\n<li style=\"font-weight: 400;\" aria-level=\"1\"><span style=\"text-decoration: underline;\"><span style=\"font-weight: 400;\">Que faire de la bague de fian\u00e7ailles le jour du mariage ?<\/span><\/span><\/li>\n<\/ol>\n<p><span style=\"font-weight: 400;\">Vous pouvez porter votre bague de fian\u00e7ailles le jour de votre mariage, mais pas \u00e0 l&rsquo;annulaire gauche, car celui-ci doit <strong>laisser de la place \u00e0 votre alliance<\/strong>. La bague de fian\u00e7ailles passe donc \u00e0 l&rsquo;annulaire droit.<\/span><\/p>\n<p><span style=\"font-weight: 400;\">Par ailleurs, nous vous recommandons de ne pas la porter le jour de votre mariage si votre bague est tr\u00e8s voyante et color\u00e9e.<\/span><\/p>\n","protected":false},"excerpt":{"rendered":"<p>Quels sont les bijoux personnalis\u00e9s pour des fian\u00e7ailles ? Vous \u00eates encore \u00e0 la recherche du cadeau id\u00e9al pour cette [&hellip;]<\/p>\n","protected":false},"author":4,"featured_media":801,"parent":440,"menu_order":3,"comment_status":"closed","ping_status":"closed","template":"","meta":{"site-sidebar-layout":"default","site-content-layout":"","ast-site-content-layout":"default","site-content-style":"default","site-sidebar-style":"default","ast-global-header-display":"","ast-banner-title-visibility":"","ast-main-header-display":"","ast-hfb-above-header-display":"","ast-hfb-below-header-display":"","ast-hfb-mobile-header-display":"","site-post-title":"","ast-breadcrumbs-content":"","ast-featured-img":"","footer-sml-layout":"","theme-transparent-header-meta":"default","adv-header-id-meta":"","stick-header-meta":"","header-above-stick-meta":"","header-main-stick-meta":"","header-below-stick-meta":"","astra-migrate-meta-layouts":"set","ast-page-background-enabled":"default","ast-page-background-meta":{"desktop":{"background-color":"var(--ast-global-color-4)","background-image":"","background-repeat":"repeat","background-position":"center center","background-size":"auto","background-attachment":"scroll","background-type":"","background-media":"","overlay-type":"","overlay-color":"","overlay-gradient":""},"tablet":{"background-color":"","background-image":"","background-repeat":"repeat","background-position":"center center","background-size":"auto","background-attachment":"scroll","background-type":"","background-media":"","overlay-type":"","overlay-color":"","overlay-gradient":""},"mobile":{"background-color":"","background-image":"","background-repeat":"repeat","background-position":"center center","background-size":"auto","background-attachment":"scroll","background-type":"","background-media":"","overlay-type":"","overlay-color":"","overlay-gradient":""}},"ast-content-background-meta":{"desktop":{"background-color":"var(--ast-global-color-5)","background-image":"","background-repeat":"repeat","background-position":"center center","background-size":"auto","background-attachment":"scroll","background-type":"","background-media":"","overlay-type":"","overlay-color":"","overlay-gradient":""},"tablet":{"background-color":"var(--ast-global-color-5)","background-image":"","background-repeat":"repeat","background-position":"center center","background-size":"auto","background-attachment":"scroll","background-type":"","background-media":"","overlay-type":"","overlay-color":"","overlay-gradient":""},"mobile":{"background-color":"var(--ast-global-color-5)","background-image":"","background-repeat":"repeat","background-position":"center center","background-size":"auto","background-attachment":"scroll","background-type":"","background-media":"","overlay-type":"","overlay-color":"","overlay-gradient":""}},"footnotes":""},"aioseo_notices":[],"_links":{"self":[{"href":"https:\/\/www.marmottine.fr\/mag\/wp-json\/wp\/v2\/pages\/798"}],"collection":[{"href":"https:\/\/www.marmottine.fr\/mag\/wp-json\/wp\/v2\/pages"}],"about":[{"href":"https:\/\/www.marmottine.fr\/mag\/wp-json\/wp\/v2\/types\/page"}],"author":[{"embeddable":true,"href":"https:\/\/www.marmottine.fr\/mag\/wp-json\/wp\/v2\/users\/4"}],"replies":[{"embeddable":true,"href":"https:\/\/www.marmottine.fr\/mag\/wp-json\/wp\/v2\/comments?post=798"}],"version-history":[{"count":3,"href":"https:\/\/www.marmottine.fr\/mag\/wp-json\/wp\/v2\/pages\/798\/revisions"}],"predecessor-version":[{"id":804,"href":"https:\/\/www.marmottine.fr\/mag\/wp-json\/wp\/v2\/pages\/798\/revisions\/804"}],"up":[{"embeddable":true,"href":"https:\/\/www.marmottine.fr\/mag\/wp-json\/wp\/v2\/pages\/440"}],"wp:featuredmedia":[{"embeddable":true,"href":"https:\/\/www.marmottine.fr\/mag\/wp-json\/wp\/v2\/media\/801"}],"wp:attachment":[{"href":"https:\/\/www.marmottine.fr\/mag\/wp-json\/wp\/v2\/media?parent=798"}],"curies":[{"name":"wp","href":"https:\/\/api.w.org\/{rel}","templated":true}]}}