{"id":792,"date":"2024-10-08T10:58:59","date_gmt":"2024-10-08T08:58:59","guid":{"rendered":"https:\/\/www.marmottine.fr\/mag\/?page_id=792"},"modified":"2024-11-04T18:20:42","modified_gmt":"2024-11-04T17:20:42","slug":"pour-un-mariage","status":"publish","type":"page","link":"https:\/\/www.marmottine.fr\/mag\/guides\/bijoux-personnalises\/choisir-selon-occasion\/pour-un-mariage","title":{"rendered":"Quels sont les bijoux personnalis\u00e9s pour un mariage ?"},"content":{"rendered":"<h1><span class=\"ez-toc-section\" id=\"Quels_sont_les_bijoux_personnalises_pour_un_mariage\"><\/span><b>Quels sont les bijoux personnalis\u00e9s pour un mariage ?<\/b><span class=\"ez-toc-section-end\"><\/span><\/h1><div id=\"ez-toc-container\" class=\"ez-toc-v2_0_69_1 counter-hierarchy ez-toc-counter ez-toc-grey ez-toc-container-direction\">\n<div class=\"ez-toc-title-container\">\n<p class=\"ez-toc-title\" style=\"cursor:inherit\">Sommaire<\/p>\n<span class=\"ez-toc-title-toggle\"><a href=\"#\" class=\"ez-toc-pull-right ez-toc-btn ez-toc-btn-xs ez-toc-btn-default ez-toc-toggle\" aria-label=\"Toggle Table of Content\"><span class=\"ez-toc-js-icon-con\"><span class=\"\"><span class=\"eztoc-hide\" style=\"display:none;\">Toggle<\/span><span class=\"ez-toc-icon-toggle-span\"><svg style=\"fill: #999;color:#999\" xmlns=\"http:\/\/www.w3.org\/2000\/svg\" class=\"list-377408\" width=\"20px\" height=\"20px\" viewBox=\"0 0 24 24\" fill=\"none\"><path d=\"M6 6H4v2h2V6zm14 0H8v2h12V6zM4 11h2v2H4v-2zm16 0H8v2h12v-2zM4 16h2v2H4v-2zm16 0H8v2h12v-2z\" fill=\"currentColor\"><\/path><\/svg><svg style=\"fill: #999;color:#999\" class=\"arrow-unsorted-368013\" xmlns=\"http:\/\/www.w3.org\/2000\/svg\" width=\"10px\" height=\"10px\" viewBox=\"0 0 24 24\" version=\"1.2\" baseProfile=\"tiny\"><path d=\"M18.2 9.3l-6.2-6.3-6.2 6.3c-.2.2-.3.4-.3.7s.1.5.3.7c.2.2.4.3.7.3h11c.3 0 .5-.1.7-.3.2-.2.3-.5.3-.7s-.1-.5-.3-.7zM5.8 14.7l6.2 6.3 6.2-6.3c.2-.2.3-.5.3-.7s-.1-.5-.3-.7c-.2-.2-.4-.3-.7-.3h-11c-.3 0-.5.1-.7.3-.2.2-.3.5-.3.7s.1.5.3.7z\"\/><\/svg><\/span><\/span><\/span><\/a><\/span><\/div>\n<nav><ul class='ez-toc-list ez-toc-list-level-1 ' ><li class='ez-toc-page-1 ez-toc-heading-level-1'><a class=\"ez-toc-link ez-toc-heading-1\" href=\"https:\/\/www.marmottine.fr\/mag\/guides\/bijoux-personnalises\/choisir-selon-occasion\/pour-un-mariage\/#Quels_sont_les_bijoux_personnalises_pour_un_mariage\" title=\"Quels sont les bijoux personnalis\u00e9s pour un mariage ?\">Quels sont les bijoux personnalis\u00e9s pour un mariage ?<\/a><ul class='ez-toc-list-level-2' ><li class='ez-toc-heading-level-2'><a class=\"ez-toc-link ez-toc-heading-2\" href=\"https:\/\/www.marmottine.fr\/mag\/guides\/bijoux-personnalises\/choisir-selon-occasion\/pour-un-mariage\/#Les_alliances_personnalisees\" title=\"Les alliances personnalis\u00e9es\">Les alliances personnalis\u00e9es<\/a><\/li><li class='ez-toc-page-1 ez-toc-heading-level-2'><a class=\"ez-toc-link ez-toc-heading-3\" href=\"https:\/\/www.marmottine.fr\/mag\/guides\/bijoux-personnalises\/choisir-selon-occasion\/pour-un-mariage\/#Les_pendentifs_et_colliers_pour_la_mariee\" title=\"Les pendentifs et colliers pour la mari\u00e9e\">Les pendentifs et colliers pour la mari\u00e9e<\/a><\/li><li class='ez-toc-page-1 ez-toc-heading-level-2'><a class=\"ez-toc-link ez-toc-heading-4\" href=\"https:\/\/www.marmottine.fr\/mag\/guides\/bijoux-personnalises\/choisir-selon-occasion\/pour-un-mariage\/#Les_boucles_doreilles_personnalisees\" title=\"Les boucles d&rsquo;oreilles personnalis\u00e9es\">Les boucles d&rsquo;oreilles personnalis\u00e9es<\/a><\/li><li class='ez-toc-page-1 ez-toc-heading-level-2'><a class=\"ez-toc-link ez-toc-heading-5\" href=\"https:\/\/www.marmottine.fr\/mag\/guides\/bijoux-personnalises\/choisir-selon-occasion\/pour-un-mariage\/#Les_bracelets_et_gourmettes_pour_la_famille\" title=\"Les bracelets et gourmettes pour la famille\">Les bracelets et gourmettes pour la famille<\/a><\/li><li class='ez-toc-page-1 ez-toc-heading-level-2'><a class=\"ez-toc-link ez-toc-heading-6\" href=\"https:\/\/www.marmottine.fr\/mag\/guides\/bijoux-personnalises\/choisir-selon-occasion\/pour-un-mariage\/#Les_boutons_de_manchette_pour_le_marie\" title=\"Les boutons de manchette pour le mari\u00e9\">Les boutons de manchette pour le mari\u00e9<\/a><\/li><li class='ez-toc-page-1 ez-toc-heading-level-2'><a class=\"ez-toc-link ez-toc-heading-7\" href=\"https:\/\/www.marmottine.fr\/mag\/guides\/bijoux-personnalises\/choisir-selon-occasion\/pour-un-mariage\/#Comment_choisir_ses_bijoux_personnalises_pour_un_mariage\" title=\"Comment choisir ses bijoux personnalis\u00e9s pour un mariage ?\">Comment choisir ses bijoux personnalis\u00e9s pour un mariage ?<\/a><\/li><\/ul><\/li><\/ul><\/nav><\/div>\n\n<figure id=\"attachment_794\" aria-describedby=\"caption-attachment-794\" style=\"width: 1200px\" class=\"wp-caption alignnone\"><img loading=\"lazy\" decoding=\"async\" class=\"size-full wp-image-794\" src=\"https:\/\/www.marmottine.fr\/mag\/wp-content\/uploads\/2024\/10\/alliances-personnalisees-mariage.jpg\" alt=\"alliances personnalisees mariage\" width=\"1200\" height=\"800\" srcset=\"https:\/\/www.marmottine.fr\/mag\/wp-content\/uploads\/2024\/10\/alliances-personnalisees-mariage.jpg 1200w, https:\/\/www.marmottine.fr\/mag\/wp-content\/uploads\/2024\/10\/alliances-personnalisees-mariage-300x200.jpg 300w, https:\/\/www.marmottine.fr\/mag\/wp-content\/uploads\/2024\/10\/alliances-personnalisees-mariage-1024x683.jpg 1024w, https:\/\/www.marmottine.fr\/mag\/wp-content\/uploads\/2024\/10\/alliances-personnalisees-mariage-768x512.jpg 768w\" sizes=\"(max-width: 1200px) 100vw, 1200px\" \/><figcaption id=\"caption-attachment-794\" class=\"wp-caption-text\">alliances personnalisees mariage<\/figcaption><\/figure>\n<p><span style=\"font-weight: 400;\">Moment le plus m\u00e9morable dans la vie d&rsquo;un couple, le mariage est un \u00e9v\u00e9nement qui marque \u00e0 jamais les c\u0153urs et les esprits. Afin de rendre cette journ\u00e9e unique, il est essentiel d&rsquo;accorder une importance \u00e0 chaque d\u00e9tail, en particulier au niveau des <a href=\"https:\/\/www.marmottine.fr\/mag\/guides\/bijoux-personnalises\/choisir-selon-occasion\">bijoux selon chaque occasion<\/a>. <\/span><b>Symboles d&rsquo;amour et d&rsquo;engagement<\/b><span style=\"font-weight: 400;\">, ces accessoires prennent une place centrale dans cette c\u00e9l\u00e9bration. En personnalisant ces pi\u00e8ces pr\u00e9cieuses, vous pouvez cr\u00e9er des souvenirs durables qui refl\u00e8tent \u00e0 la fois votre histoire et votre personnalit\u00e9. Des <\/span><b>alliances grav\u00e9es<\/b><span style=\"font-weight: 400;\"> jusqu&rsquo;aux boutons de manchettes sur mesure, les possibilit\u00e9s de personnalisation sont infinies pour ce jour sp\u00e9cial.<\/span><\/p>\n<h2><span class=\"ez-toc-section\" id=\"Les_alliances_personnalisees\"><\/span><b>Les alliances personnalis\u00e9es<\/b><span class=\"ez-toc-section-end\"><\/span><\/h2>\n<p><span style=\"font-weight: 400;\">Bien plus que de simples bijoux, les alliances expriment <span style=\"text-decoration: underline;\">l&rsquo;amour \u00e9ternel, la fid\u00e9lit\u00e9 et l&rsquo;engagement<\/span> entre deux personnes. Afin d&rsquo;ajouter une dimension encore plus significative \u00e0 cet objet, il est pr\u00e9f\u00e9rable de le personnaliser. Parmi les options les plus populaires, il y a la gravure. Cette technique permet d&rsquo;inscrire des pr\u00e9noms, des dates, des citations ou des repr\u00e9sentations sp\u00e9cifiques sur la bague. Par ailleurs, le choix du m\u00e9tal joue \u00e9galement un r\u00f4le crucial dans ce processus. Qu&rsquo;il s&rsquo;agisse d&rsquo;or blanc, d&rsquo;or jaune, d&rsquo;or rose, de platine ou de palladium, chaque m\u00e9tal apporte un style distinctif.<\/span><\/p>\n<p><span style=\"font-weight: 400;\">Pour une touche d&rsquo;originalit\u00e9, il est m\u00eame possible <span style=\"text-decoration: underline;\">d&rsquo;int\u00e9grer des pierres pr\u00e9cieuses<\/span> comme les diamants, les saphirs ou les \u00e9meraudes. Les alliances peuvent aussi \u00eatre con\u00e7ues sur mesure, avec des textures, des designs et des motifs qui mettent en valeur le lien des mari\u00e9s. Si vous recherchez un bijou unique, vous pouvez opter pour des mod\u00e8les en forme de couronne, des impressions d&#8217;empreinte ou encore des gravures inspir\u00e9es par la nature. Gr\u00e2ce aux nombreuses options disponibles, les couples auront l&rsquo;opportunit\u00e9 de laisser un <\/span><b>souvenir intemporel<\/b><span style=\"font-weight: 400;\"> qui les accompagnera tout au long de leur vie.<\/span><\/p>\n<h2><span class=\"ez-toc-section\" id=\"Les_pendentifs_et_colliers_pour_la_mariee\"><\/span><b>Les pendentifs et colliers pour la mari\u00e9e<\/b><span class=\"ez-toc-section-end\"><\/span><\/h2>\n<p><span style=\"font-weight: 400;\">\u00c0 part la bague de mariage, les pendentifs et les colliers sont des ornements incontournables pour la mari\u00e9e. En effet, ils subliment sa tenue d&rsquo;une mani\u00e8re plus \u00e9l\u00e9gante. Lorsqu&rsquo;il s&rsquo;agit de personnalisation, plusieurs s&rsquo;offrent \u00e0 vous, notamment :<\/span><\/p>\n<ul>\n<li style=\"font-weight: 400;\" aria-level=\"1\"><span style=\"font-weight: 400;\">la gravure (initiales, date du mariage, message intime, etc.) ;<\/span><\/li>\n<li style=\"font-weight: 400;\" aria-level=\"1\"><span style=\"font-weight: 400;\">la forme du pendentif (c\u0153ur, fleur, ancre, infini, etc.) ;<\/span><\/li>\n<li style=\"font-weight: 400;\" aria-level=\"1\"><span style=\"font-weight: 400;\">l&rsquo;ajout de gemmes (perles, rubis, \u00e9meraude, topaze, tanzanite, etc.).<\/span><\/li>\n<\/ul>\n<p><span style=\"font-weight: 400;\">Une autre id\u00e9e originale consiste \u00e0 incorporer des \u00e9l\u00e9ments significatifs dans le design du collier. Si vous d\u00e9sirez symboliser votre serment, par exemple, vous pouvez opter pour un bijou en forme de cadenas ou de cl\u00e9. Certaines mari\u00e9es choisissent \u00e9galement de personnaliser cet accessoire avec des signes repr\u00e9sentant leur h\u00e9ritage ou leur culture. C&rsquo;est le cas des motifs tribaux, celtiques ou orientaux, une fa\u00e7on originale de <\/span><b>rendre hommage \u00e0 leurs origines<\/b><span style=\"font-weight: 400;\">. De plus, ces pendentifs personnalis\u00e9s peuvent contenir des photos de sorte \u00e0 cr\u00e9er un <span style=\"text-decoration: underline;\">lien durable entre les mari\u00e9s<\/span>. Bien con\u00e7us, ils deviennent un v\u00e9ritable reflet de l&rsquo;union lors du mariage.<\/span><\/p>\n<h2><span class=\"ez-toc-section\" id=\"Les_boucles_doreilles_personnalisees\"><\/span><b>Les boucles d&rsquo;oreilles personnalis\u00e9es<\/b><span class=\"ez-toc-section-end\"><\/span><\/h2>\n<p><span style=\"font-weight: 400;\">Afin de sublimer la mari\u00e9e pendant la c\u00e9r\u00e9monie, elle peut porter des <\/span><b>boucles d&rsquo;oreilles personnalis\u00e9es<\/b><span style=\"font-weight: 400;\">. La plupart du temps, ce bijou est choisi pour compl\u00e9ter la coiffure ou le collier. Si certaines femmes pr\u00e9f\u00e8rent inclure des motifs \u00e0 l&rsquo;arri\u00e8re des boucles, d&rsquo;autres optent pour des versions plus voyantes avec un design asym\u00e9trique. Selon vos convenances, vous pouvez modifier leur forme pour qu&rsquo;elles ressemblent \u00e0 des \u00e9toiles, des lunes, des fleurs, etc.<\/span><\/p>\n<p><span style=\"font-weight: 400;\">Dans le cas d&rsquo;un mariage \u00e0 th\u00e8me, les boucles d&rsquo;oreilles peuvent \u00eatre <span style=\"text-decoration: underline;\">adapt\u00e9es au style de l&rsquo;\u00e9v\u00e8nement<\/span>. S&rsquo;il s&rsquo;agit d&rsquo;un mariage vintage, le mieux est de privil\u00e9gier les mod\u00e8les g\u00e9om\u00e9triques dot\u00e9s de perles ou de cristaux. Quant \u00e0 un mariage boh\u00e8me, il faut personnaliser l&rsquo;accessoire avec des plumes et des pierres naturelles. Ainsi, ces ornements conf\u00e8rent <span style=\"text-decoration: underline;\">une touche personnelle \u00e0 la tenue de la mari\u00e9e<\/span> et se fondent \u00e0 merveille dans l&rsquo;ambiance g\u00e9n\u00e9rale.<\/span><\/p>\n<h2><span class=\"ez-toc-section\" id=\"Les_bracelets_et_gourmettes_pour_la_famille\"><\/span><b>Les bracelets et gourmettes pour la famille<\/b><span class=\"ez-toc-section-end\"><\/span><\/h2>\n<figure id=\"attachment_796\" aria-describedby=\"caption-attachment-796\" style=\"width: 1200px\" class=\"wp-caption alignnone\"><img loading=\"lazy\" decoding=\"async\" class=\"size-full wp-image-796\" src=\"https:\/\/www.marmottine.fr\/mag\/wp-content\/uploads\/2024\/10\/bracelet-personnalise-porte-bonheur.jpg\" alt=\"bracelet personnalise porte bonheur\" width=\"1200\" height=\"800\" srcset=\"https:\/\/www.marmottine.fr\/mag\/wp-content\/uploads\/2024\/10\/bracelet-personnalise-porte-bonheur.jpg 1200w, https:\/\/www.marmottine.fr\/mag\/wp-content\/uploads\/2024\/10\/bracelet-personnalise-porte-bonheur-300x200.jpg 300w, https:\/\/www.marmottine.fr\/mag\/wp-content\/uploads\/2024\/10\/bracelet-personnalise-porte-bonheur-1024x683.jpg 1024w, https:\/\/www.marmottine.fr\/mag\/wp-content\/uploads\/2024\/10\/bracelet-personnalise-porte-bonheur-768x512.jpg 768w\" sizes=\"(max-width: 1200px) 100vw, 1200px\" \/><figcaption id=\"caption-attachment-796\" class=\"wp-caption-text\">bracelet personnalise porte bonheur<\/figcaption><\/figure>\n<p><span style=\"font-weight: 400;\"><span style=\"text-decoration: underline;\">Pouvant \u00eatre port\u00e9s par toute la famille<\/span>, les bracelets et les gourmettes t\u00e9moignent de l&rsquo;appartenance \u00e0 un clan ou \u00e0 un groupe. Gr\u00e2ce \u00e0 ce bijou, vous pouvez donc faire comprendre aux invit\u00e9s que vous avez des proches unis et soud\u00e9s. Pour l&rsquo;\u00e9pouse, un bracelet d\u00e9licat orn\u00e9 de perles peut valoriser l&rsquo;\u00e9l\u00e9gance de la robe de mari\u00e9e. Si n\u00e9cessaire, vous pouvez y inscrire des initiales ou d&rsquo;autres repr\u00e9sentations qui particularisent votre lignage.<\/span><\/p>\n<p><span style=\"font-weight: 400;\">Pour le mari\u00e9, une <\/span><b>gourmette sobre en or<\/b><span style=\"font-weight: 400;\"> ou en argent peut \u00eatre un compl\u00e9ment parfait pour son costume. Par ailleurs, elle peut aussi \u00eatre un <span style=\"text-decoration: underline;\">cadeau significatif<\/span> pour les proches masculins, \u00e0 savoir les p\u00e8res ou les t\u00e9moins. Il ne faut pas oublier que ce type d&rsquo;accessoire est une belle fa\u00e7on de remercier les demoiselles d&rsquo;honneur. En portant la m\u00eame gourmette, les membres de la famille auront la chance d&rsquo;afficher leur complicit\u00e9.<\/span><\/p>\n<h2><span class=\"ez-toc-section\" id=\"Les_boutons_de_manchette_pour_le_marie\"><\/span><b>Les boutons de manchette pour le mari\u00e9<\/b><span class=\"ez-toc-section-end\"><\/span><\/h2>\n<figure id=\"attachment_795\" aria-describedby=\"caption-attachment-795\" style=\"width: 1200px\" class=\"wp-caption alignnone\"><img loading=\"lazy\" decoding=\"async\" class=\"size-full wp-image-795\" src=\"https:\/\/www.marmottine.fr\/mag\/wp-content\/uploads\/2024\/10\/boutons-de-manchette-personnalises-homme.jpg\" alt=\"boutons de manchette personnalises homme\" width=\"1200\" height=\"800\" srcset=\"https:\/\/www.marmottine.fr\/mag\/wp-content\/uploads\/2024\/10\/boutons-de-manchette-personnalises-homme.jpg 1200w, https:\/\/www.marmottine.fr\/mag\/wp-content\/uploads\/2024\/10\/boutons-de-manchette-personnalises-homme-300x200.jpg 300w, https:\/\/www.marmottine.fr\/mag\/wp-content\/uploads\/2024\/10\/boutons-de-manchette-personnalises-homme-1024x683.jpg 1024w, https:\/\/www.marmottine.fr\/mag\/wp-content\/uploads\/2024\/10\/boutons-de-manchette-personnalises-homme-768x512.jpg 768w\" sizes=\"(max-width: 1200px) 100vw, 1200px\" \/><figcaption id=\"caption-attachment-795\" class=\"wp-caption-text\">boutons de manchette personnalises homme<\/figcaption><\/figure>\n<p><span style=\"font-weight: 400;\">Les bijoux personnalis\u00e9s pour un mariage ne sont pas uniquement r\u00e9serv\u00e9s \u00e0 la mari\u00e9e. En effet, l&rsquo;\u00e9poux a le droit de porter des ornements uniques qui <span style=\"text-decoration: underline;\">s&rsquo;accorde \u00e0 sa personnalit\u00e9<\/span> et \u00e0 son apparence le jour de la c\u00e9r\u00e9monie. Raffin\u00e9s et subtils, les boutons de manchettes sont un choix id\u00e9al. Une fois grav\u00e9s avec un symbole sp\u00e9cial, ils apportent une note discr\u00e8te, mais significative \u00e0 son look. En g\u00e9n\u00e9ral, ces attaches d\u00e9coratives sont fabriqu\u00e9es en argent, en or ou m\u00eame en mat\u00e9riaux plus modernes comme le titane.<\/span><\/p>\n<p><span style=\"font-weight: 400;\">Outre les boutons de manchette, le mari\u00e9 peut \u00e9galement opter pour d&rsquo;autres <\/span><b>bijoux personnalis\u00e9s<\/b><span style=\"font-weight: 400;\"> tels que les \u00e9pingles \u00e0 cravate. V\u00e9ritables pi\u00e8ces ma\u00eetresses du costume, ces derni\u00e8res doivent \u00eatre assorties \u00e0 la boutonni\u00e8re pour garantir une harmonie visuelle saisissante. Tout comme les autres bijoux personnalis\u00e9s, elles peuvent comporter un message, un motif ou une date marquante.<\/span><\/p>\n<h2><span class=\"ez-toc-section\" id=\"Comment_choisir_ses_bijoux_personnalises_pour_un_mariage\"><\/span><b>Comment choisir ses bijoux personnalis\u00e9s pour un mariage ?<\/b><span class=\"ez-toc-section-end\"><\/span><\/h2>\n<p><span style=\"font-weight: 400;\">Choisir des bijoux personnalis\u00e9s pour un mariage est une d\u00e9cision importante puisqu&rsquo;ils deviendront <\/span><b>des souvenirs pr\u00e9cieux<\/b><span style=\"font-weight: 400;\"> pour ce jour m\u00e9morable. Afin de faire le bon choix, il faut tenir compte de plusieurs crit\u00e8res :<\/span><\/p>\n<ul>\n<li style=\"font-weight: 400;\" aria-level=\"1\"><span style=\"font-weight: 400;\">le style du mariage ;<\/span><\/li>\n<li style=\"font-weight: 400;\" aria-level=\"1\"><span style=\"font-weight: 400;\">la tenue des mari\u00e9s, des t\u00e9moins ainsi que des gar\u00e7ons et demoiselles d&rsquo;honneur ;<\/span><\/li>\n<li style=\"font-weight: 400;\" aria-level=\"1\"><span style=\"font-weight: 400;\">les \u00e9l\u00e9ments symboliques ;<\/span><\/li>\n<li style=\"font-weight: 400;\" aria-level=\"1\"><span style=\"font-weight: 400;\">la durabilit\u00e9 des joyaux.<\/span><\/li>\n<\/ul>\n<p><span style=\"font-weight: 400;\">Tout d&rsquo;abord, il est indispensable de consid\u00e9rer le th\u00e8me de l&rsquo;\u00e9v\u00e8nement, classique, moderne, vintage, ou encore boh\u00e8me. Ensuite, les bijoux doivent compl\u00e9ter le costume de l&rsquo;\u00e9poux et la robe de mari\u00e9e. Un collier d\u00e9licat, par exemple, peut sublimer une robe d\u00e9collet\u00e9e. Pensez aussi \u00e0 int\u00e9grer des d\u00e9tails distinctifs dans <\/span><b>la personnalisation<\/b><span style=\"font-weight: 400;\">. \u00c0 l&rsquo;aide de la gravure, vous avez la possibilit\u00e9 d&rsquo;inscrire des pr\u00e9noms, <a href=\"https:\/\/www.marmottine.fr\/mag\/guides\/bijoux-personnalises\/choisir-selon-occasion\/pour-un-mariage\/pour-votre-mariage-creez-votre-alliance-personnalisee-a-votre-image\">des phrases touchantes ou la date du mariage<\/a>. Enfin, il est primordial de prendre en compte la durabilit\u00e9 des ornements. Privil\u00e9giez des pi\u00e8ces qui pourront toujours \u00eatre port\u00e9es apr\u00e8s l&rsquo;\u00e9v\u00e9nement. M\u00eame si vous allez les mettre occasionnellement, elles auront une valeur sentimentale inestimable. Si possible, il est recommand\u00e9 de travailler <\/span><b>avec un bijoutier exp\u00e9riment\u00e9<\/b><span style=\"font-weight: 400;\"> pour obtenir des accessoires de qualit\u00e9.<\/span><\/p>\n","protected":false},"excerpt":{"rendered":"<p>Quels sont les bijoux personnalis\u00e9s pour un mariage ? Moment le plus m\u00e9morable dans la vie d&rsquo;un couple, le mariage [&hellip;]<\/p>\n","protected":false},"author":4,"featured_media":794,"parent":440,"menu_order":2,"comment_status":"closed","ping_status":"closed","template":"","meta":{"site-sidebar-layout":"default","site-content-layout":"","ast-site-content-layout":"default","site-content-style":"default","site-sidebar-style":"default","ast-global-header-display":"","ast-banner-title-visibility":"","ast-main-header-display":"","ast-hfb-above-header-display":"","ast-hfb-below-header-display":"","ast-hfb-mobile-header-display":"","site-post-title":"","ast-breadcrumbs-content":"","ast-featured-img":"","footer-sml-layout":"","theme-transparent-header-meta":"default","adv-header-id-meta":"","stick-header-meta":"","header-above-stick-meta":"","header-main-stick-meta":"","header-below-stick-meta":"","astra-migrate-meta-layouts":"set","ast-page-background-enabled":"default","ast-page-background-meta":{"desktop":{"background-color":"var(--ast-global-color-4)","background-image":"","background-repeat":"repeat","background-position":"center center","background-size":"auto","background-attachment":"scroll","background-type":"","background-media":"","overlay-type":"","overlay-color":"","overlay-gradient":""},"tablet":{"background-color":"","background-image":"","background-repeat":"repeat","background-position":"center center","background-size":"auto","background-attachment":"scroll","background-type":"","background-media":"","overlay-type":"","overlay-color":"","overlay-gradient":""},"mobile":{"background-color":"","background-image":"","background-repeat":"repeat","background-position":"center center","background-size":"auto","background-attachment":"scroll","background-type":"","background-media":"","overlay-type":"","overlay-color":"","overlay-gradient":""}},"ast-content-background-meta":{"desktop":{"background-color":"var(--ast-global-color-5)","background-image":"","background-repeat":"repeat","background-position":"center center","background-size":"auto","background-attachment":"scroll","background-type":"","background-media":"","overlay-type":"","overlay-color":"","overlay-gradient":""},"tablet":{"background-color":"var(--ast-global-color-5)","background-image":"","background-repeat":"repeat","background-position":"center center","background-size":"auto","background-attachment":"scroll","background-type":"","background-media":"","overlay-type":"","overlay-color":"","overlay-gradient":""},"mobile":{"background-color":"var(--ast-global-color-5)","background-image":"","background-repeat":"repeat","background-position":"center center","background-size":"auto","background-attachment":"scroll","background-type":"","background-media":"","overlay-type":"","overlay-color":"","overlay-gradient":""}},"footnotes":""},"aioseo_notices":[],"_links":{"self":[{"href":"https:\/\/www.marmottine.fr\/mag\/wp-json\/wp\/v2\/pages\/792"}],"collection":[{"href":"https:\/\/www.marmottine.fr\/mag\/wp-json\/wp\/v2\/pages"}],"about":[{"href":"https:\/\/www.marmottine.fr\/mag\/wp-json\/wp\/v2\/types\/page"}],"author":[{"embeddable":true,"href":"https:\/\/www.marmottine.fr\/mag\/wp-json\/wp\/v2\/users\/4"}],"replies":[{"embeddable":true,"href":"https:\/\/www.marmottine.fr\/mag\/wp-json\/wp\/v2\/comments?post=792"}],"version-history":[{"count":3,"href":"https:\/\/www.marmottine.fr\/mag\/wp-json\/wp\/v2\/pages\/792\/revisions"}],"predecessor-version":[{"id":1281,"href":"https:\/\/www.marmottine.fr\/mag\/wp-json\/wp\/v2\/pages\/792\/revisions\/1281"}],"up":[{"embeddable":true,"href":"https:\/\/www.marmottine.fr\/mag\/wp-json\/wp\/v2\/pages\/440"}],"wp:featuredmedia":[{"embeddable":true,"href":"https:\/\/www.marmottine.fr\/mag\/wp-json\/wp\/v2\/media\/794"}],"wp:attachment":[{"href":"https:\/\/www.marmottine.fr\/mag\/wp-json\/wp\/v2\/media?parent=792"}],"curies":[{"name":"wp","href":"https:\/\/api.w.org\/{rel}","templated":true}]}}