{"id":772,"date":"2024-10-11T08:33:39","date_gmt":"2024-10-11T06:33:39","guid":{"rendered":"https:\/\/www.marmottine.fr\/mag\/?page_id=772"},"modified":"2024-11-04T18:22:40","modified_gmt":"2024-11-04T17:22:40","slug":"choisir-bola-personnalise","status":"publish","type":"page","link":"https:\/\/www.marmottine.fr\/mag\/guides\/bijoux-personnalises\/choisir\/choisir-bola-personnalise","title":{"rendered":"Que choisir comme bola personnalis\u00e9 ?"},"content":{"rendered":"<h1><span class=\"ez-toc-section\" id=\"Que_choisir_comme_bola_personnalise\"><\/span><b>Que choisir comme bola personnalis\u00e9 ?<\/b><span class=\"ez-toc-section-end\"><\/span><\/h1><div id=\"ez-toc-container\" class=\"ez-toc-v2_0_69_1 counter-hierarchy ez-toc-counter ez-toc-grey ez-toc-container-direction\">\n<div class=\"ez-toc-title-container\">\n<p class=\"ez-toc-title\" style=\"cursor:inherit\">Sommaire<\/p>\n<span class=\"ez-toc-title-toggle\"><a href=\"#\" class=\"ez-toc-pull-right ez-toc-btn ez-toc-btn-xs ez-toc-btn-default ez-toc-toggle\" aria-label=\"Toggle Table of Content\"><span class=\"ez-toc-js-icon-con\"><span class=\"\"><span class=\"eztoc-hide\" style=\"display:none;\">Toggle<\/span><span class=\"ez-toc-icon-toggle-span\"><svg style=\"fill: #999;color:#999\" xmlns=\"http:\/\/www.w3.org\/2000\/svg\" class=\"list-377408\" width=\"20px\" height=\"20px\" viewBox=\"0 0 24 24\" fill=\"none\"><path d=\"M6 6H4v2h2V6zm14 0H8v2h12V6zM4 11h2v2H4v-2zm16 0H8v2h12v-2zM4 16h2v2H4v-2zm16 0H8v2h12v-2z\" fill=\"currentColor\"><\/path><\/svg><svg style=\"fill: #999;color:#999\" class=\"arrow-unsorted-368013\" xmlns=\"http:\/\/www.w3.org\/2000\/svg\" width=\"10px\" height=\"10px\" viewBox=\"0 0 24 24\" version=\"1.2\" baseProfile=\"tiny\"><path d=\"M18.2 9.3l-6.2-6.3-6.2 6.3c-.2.2-.3.4-.3.7s.1.5.3.7c.2.2.4.3.7.3h11c.3 0 .5-.1.7-.3.2-.2.3-.5.3-.7s-.1-.5-.3-.7zM5.8 14.7l6.2 6.3 6.2-6.3c.2-.2.3-.5.3-.7s-.1-.5-.3-.7c-.2-.2-.4-.3-.7-.3h-11c-.3 0-.5.1-.7.3-.2.2-.3.5-.3.7s.1.5.3.7z\"\/><\/svg><\/span><\/span><\/span><\/a><\/span><\/div>\n<nav><ul class='ez-toc-list ez-toc-list-level-1 ' ><li class='ez-toc-page-1 ez-toc-heading-level-1'><a class=\"ez-toc-link ez-toc-heading-1\" href=\"https:\/\/www.marmottine.fr\/mag\/guides\/bijoux-personnalises\/choisir\/choisir-bola-personnalise\/#Que_choisir_comme_bola_personnalise\" title=\"Que choisir comme bola personnalis\u00e9 ?\">Que choisir comme bola personnalis\u00e9 ?<\/a><ul class='ez-toc-list-level-2' ><li class='ez-toc-heading-level-2'><a class=\"ez-toc-link ez-toc-heading-2\" href=\"https:\/\/www.marmottine.fr\/mag\/guides\/bijoux-personnalises\/choisir\/choisir-bola-personnalise\/#Les_differents_styles_de_bola_de_grossesse_personnalise\" title=\"Les diff\u00e9rents styles de bola de grossesse personnalis\u00e9\">Les diff\u00e9rents styles de bola de grossesse personnalis\u00e9<\/a><\/li><li class='ez-toc-page-1 ez-toc-heading-level-2'><a class=\"ez-toc-link ez-toc-heading-3\" href=\"https:\/\/www.marmottine.fr\/mag\/guides\/bijoux-personnalises\/choisir\/choisir-bola-personnalise\/#Quelles_sont_les_options_de_personnalisations_disponibles_pour_un_bola\" title=\"Quelles sont les options de personnalisations disponibles pour un bola ?\">Quelles sont les options de personnalisations disponibles pour un bola ?<\/a><\/li><li class='ez-toc-page-1 ez-toc-heading-level-2'><a class=\"ez-toc-link ez-toc-heading-4\" href=\"https:\/\/www.marmottine.fr\/mag\/guides\/bijoux-personnalises\/choisir\/choisir-bola-personnalise\/#Quelques_conseils_sur_le_choix_du_materiau_de_votre_bola_personnalise\" title=\"Quelques conseils sur le choix du mat\u00e9riau de votre bola personnalis\u00e9\">Quelques conseils sur le choix du mat\u00e9riau de votre bola personnalis\u00e9<\/a><\/li><li class='ez-toc-page-1 ez-toc-heading-level-2'><a class=\"ez-toc-link ez-toc-heading-5\" href=\"https:\/\/www.marmottine.fr\/mag\/guides\/bijoux-personnalises\/choisir\/choisir-bola-personnalise\/#Comment_choisir_le_bola_de_grossesse_personnalise_ideal\" title=\"Comment choisir le bola de grossesse personnalis\u00e9 id\u00e9al ?\">Comment choisir le bola de grossesse personnalis\u00e9 id\u00e9al ?<\/a><\/li><li class='ez-toc-page-1 ez-toc-heading-level-2'><a class=\"ez-toc-link ez-toc-heading-6\" href=\"https:\/\/www.marmottine.fr\/mag\/guides\/bijoux-personnalises\/choisir\/choisir-bola-personnalise\/#Pourquoi_personnaliser_un_bola\" title=\"Pourquoi personnaliser un bola ?\">Pourquoi personnaliser un bola ?<\/a><\/li><li class='ez-toc-page-1 ez-toc-heading-level-2'><a class=\"ez-toc-link ez-toc-heading-7\" href=\"https:\/\/www.marmottine.fr\/mag\/guides\/bijoux-personnalises\/choisir\/choisir-bola-personnalise\/#Le_bola_personnalise_un_cadeau_de_grossesse_parfait\" title=\"Le bola personnalis\u00e9, un cadeau de grossesse parfait\">Le bola personnalis\u00e9, un cadeau de grossesse parfait<\/a><\/li><\/ul><\/li><\/ul><\/nav><\/div>\n\n<figure id=\"attachment_768\" aria-describedby=\"caption-attachment-768\" style=\"width: 1200px\" class=\"wp-caption alignnone\"><img loading=\"lazy\" decoding=\"async\" class=\"size-full wp-image-768\" src=\"https:\/\/www.marmottine.fr\/mag\/wp-content\/uploads\/2024\/10\/bola-personnalise-charms.jpg\" alt=\"bola personnalise charms\" width=\"1200\" height=\"800\" srcset=\"https:\/\/www.marmottine.fr\/mag\/wp-content\/uploads\/2024\/10\/bola-personnalise-charms.jpg 1200w, https:\/\/www.marmottine.fr\/mag\/wp-content\/uploads\/2024\/10\/bola-personnalise-charms-300x200.jpg 300w, https:\/\/www.marmottine.fr\/mag\/wp-content\/uploads\/2024\/10\/bola-personnalise-charms-1024x683.jpg 1024w, https:\/\/www.marmottine.fr\/mag\/wp-content\/uploads\/2024\/10\/bola-personnalise-charms-768x512.jpg 768w\" sizes=\"(max-width: 1200px) 100vw, 1200px\" \/><figcaption id=\"caption-attachment-768\" class=\"wp-caption-text\">bola personnalise charms<\/figcaption><\/figure>\n<p><span style=\"font-weight: 400;\">Loin d&rsquo;\u00eatre un bijou ordinaire, <\/span><b>le bola est un accessoire qui accompagne les futures mamans tout au long de leur grossesse<\/b><span style=\"font-weight: 400;\">. Originaire du Mexique et de l&rsquo;Indon\u00e9sie, ce pendentif a la particularit\u00e9 d&rsquo;\u00e9mettre un doux tintement apaisant le b\u00e9b\u00e9. Con\u00e7u pour cr\u00e9er un <span style=\"text-decoration: underline;\">lien sp\u00e9cial entre la m\u00e8re et l&rsquo;enfant<\/span>, cet ornement allie esth\u00e9tique et bien-\u00eatre. Gr\u00e2ce \u00e0 <a href=\"https:\/\/www.marmottine.fr\/mag\/guides\/bijoux-personnalises\/choisir\">un mod\u00e8le personnalis\u00e9<\/a>, vous pouvez ajouter <\/span><b>une touche unique et \u00e9motionnelle<\/b><span style=\"font-weight: 400;\"> \u00e0 cet accessoire d\u00e9j\u00e0 charg\u00e9 de symbolisme. Quels genres de styles privil\u00e9gier ? Quelles sont les options de personnalisations disponibles pour un bola ? Pourquoi se tourner vers la personnalisation ?<\/span><\/p>\n<h2><span class=\"ez-toc-section\" id=\"Les_differents_styles_de_bola_de_grossesse_personnalise\"><\/span><b>Les diff\u00e9rents styles de bola de grossesse personnalis\u00e9<\/b><span class=\"ez-toc-section-end\"><\/span><\/h2>\n<p><span style=\"font-weight: 400;\">Afin de s&rsquo;adapter aux go\u00fbts et \u00e0 la personnalit\u00e9 de <span style=\"text-decoration: underline;\">chaque femme enceinte<\/span>, le bola de grossesse se d\u00e9cline en diff\u00e9rents styles. Parmi les plus populaires, il y a la <\/span><b>version classique<\/b><span style=\"font-weight: 400;\"> qui est souvent en or ou en argent avec une finition simple et \u00e9l\u00e9gante. En tant que bijou intemporel, il peut aussi bien \u00eatre port\u00e9 durant la p\u00e9riode pr\u00e9natale qu&rsquo;apr\u00e8s la naissance du b\u00e9b\u00e9. Pour celles qui pr\u00e9f\u00e8rent un style plus naturel, elles peuvent opter pour un <\/span><b>bola boh\u00e8me chic<\/b><span style=\"font-weight: 400;\">. Ce dernier se distingue par ses ornements suppl\u00e9mentaires tels que des motifs floraux, d&rsquo;arbres de vie ou encore de symboles spirituels.<\/span><\/p>\n<p><span style=\"font-weight: 400;\">Quant au bola moderne, il joue avec les formes g\u00e9om\u00e9triques, les couleurs minimalistes et les lignes \u00e9pur\u00e9es. Pour un look contemporain, vous pouvez l&rsquo;associer avec des <\/span><b>gravures raffin\u00e9es<\/b><span style=\"font-weight: 400;\"> ainsi que des pendentifs abstraits. En principe, cet ornement convient aux futures mamans \u00e0 la recherche d&rsquo;un joyau \u00e0 la fois <span style=\"text-decoration: underline;\">tendance et original<\/span>.<\/span><\/p>\n<h2><span class=\"ez-toc-section\" id=\"Quelles_sont_les_options_de_personnalisations_disponibles_pour_un_bola\"><\/span><b>Quelles sont les options de personnalisations disponibles pour un bola ?<\/b><span class=\"ez-toc-section-end\"><\/span><\/h2>\n<p><span style=\"font-weight: 400;\">Il faut savoir qu&rsquo;il existe diff\u00e9rentes mani\u00e8res de <span style=\"text-decoration: underline;\">personnaliser un bola de grossesse<\/span>. Concernant les options disponibles, ce sont :<\/span><\/p>\n<ul>\n<li style=\"font-weight: 400;\" aria-level=\"1\"><span style=\"font-weight: 400;\">la gravure ;<\/span><\/li>\n<li style=\"font-weight: 400;\" aria-level=\"1\"><span style=\"font-weight: 400;\">l&rsquo;ajout d&rsquo;accessoire suppl\u00e9mentaire ;<\/span><\/li>\n<li style=\"font-weight: 400;\" aria-level=\"1\"><span style=\"font-weight: 400;\">l&rsquo;int\u00e9gration de motifs ;<\/span><\/li>\n<li style=\"font-weight: 400;\" aria-level=\"1\"><span style=\"font-weight: 400;\">le choix des mat\u00e9riaux et des couleurs.<\/span><\/li>\n<\/ul>\n<p><span style=\"font-weight: 400;\">Dans un premier temps, la gravure permet de <span style=\"text-decoration: underline;\">marquer des \u00e9l\u00e9ments<\/span> tels que le pr\u00e9nom de l&rsquo;enfant, sa date de naissance ou un message intime. En plus d&rsquo;ajouter une dimension personnelle, cela rend le bola encore plus pr\u00e9cieux. Ensuite, l&rsquo;ajout de charms ou de pendentifs additionnels est une solution \u00e0 prendre en consid\u00e9ration. Si vous d\u00e9sirez que ce collier soit unique, <\/span><b>vous pouvez le personnaliser avec des motifs symboliques<\/b><span style=\"font-weight: 400;\">. Des repr\u00e9sentations comme des empreintes, arbres de vie, c\u0153urs ou \u00e9toiles peuvent \u00e9voquer les valeurs importantes de l&rsquo;amour, la famille et la protection. Enfin, la personnalisation peut \u00e9galement inclure le choix des mat\u00e9riaux et des couleurs.<\/span><\/p>\n<h2><span class=\"ez-toc-section\" id=\"Quelques_conseils_sur_le_choix_du_materiau_de_votre_bola_personnalise\"><\/span><b>Quelques conseils sur le choix du mat\u00e9riau de votre bola personnalis\u00e9<\/b><span class=\"ez-toc-section-end\"><\/span><\/h2>\n<figure id=\"attachment_770\" aria-describedby=\"caption-attachment-770\" style=\"width: 1200px\" class=\"wp-caption alignnone\"><img loading=\"lazy\" decoding=\"async\" class=\"size-full wp-image-770\" src=\"https:\/\/www.marmottine.fr\/mag\/wp-content\/uploads\/2024\/10\/bola-personnalise.jpg\" alt=\"bola personnalise\" width=\"1200\" height=\"800\" srcset=\"https:\/\/www.marmottine.fr\/mag\/wp-content\/uploads\/2024\/10\/bola-personnalise.jpg 1200w, https:\/\/www.marmottine.fr\/mag\/wp-content\/uploads\/2024\/10\/bola-personnalise-300x200.jpg 300w, https:\/\/www.marmottine.fr\/mag\/wp-content\/uploads\/2024\/10\/bola-personnalise-1024x683.jpg 1024w, https:\/\/www.marmottine.fr\/mag\/wp-content\/uploads\/2024\/10\/bola-personnalise-768x512.jpg 768w\" sizes=\"(max-width: 1200px) 100vw, 1200px\" \/><figcaption id=\"caption-attachment-770\" class=\"wp-caption-text\">bola personnalise<\/figcaption><\/figure>\n<p><span style=\"font-weight: 400;\">Pour garantir la durabilit\u00e9 et l&rsquo;esth\u00e9tique du bola personnalis\u00e9, il est crucial de <\/span><b>s\u00e9lectionner le bon mat\u00e9riau<\/b><span style=\"font-weight: 400;\">. Celui-ci influence non seulement l&rsquo;apparence du bijou, mais aussi son confort ainsi que sa r\u00e9sistance dans le temps. L&rsquo;argent sterling, par exemple, est l&rsquo;un des mat\u00e9riaux les plus pris\u00e9s pour ce type d&rsquo;accessoire. Durable et hypoallerg\u00e9nique, il offre une brillance intemporelle et s&rsquo;accorde facilement avec n&rsquo;importe quel v\u00eatement.<\/span><\/p>\n<p><span style=\"font-weight: 400;\">Dans le cas o\u00f9 vous souhaitez avoir un look raffin\u00e9, vous pouvez choisir le plaqu\u00e9 or. Disponible en or jaune, blanc ou rose, ce composant apporte une <span style=\"text-decoration: underline;\">touche de sophistication tout en restant abordable<\/span>. Les futures mamans qui appr\u00e9cient les objets \u00e0 la mode peuvent se tourner vers l&rsquo;or rose en raison de sa modernit\u00e9 et de sa douceur. Sachez que certains bolas sont fabriqu\u00e9s en laiton ou en cuivre, des mat\u00e9riaux plus naturels et parfaits pour un style <\/span><b>vintage ou artisanal<\/b><span style=\"font-weight: 400;\">. En effet, ces m\u00e9taux poss\u00e8dent une patine chaleureuse qui leur conf\u00e8re un charme unique.<\/span><\/p>\n<h2><span class=\"ez-toc-section\" id=\"Comment_choisir_le_bola_de_grossesse_personnalise_ideal\"><\/span><b>Comment choisir le bola de grossesse personnalis\u00e9 id\u00e9al ?<\/b><span class=\"ez-toc-section-end\"><\/span><\/h2>\n<p><span style=\"font-weight: 400;\">Lorsqu&rsquo;il s&rsquo;agit de choisir le <span style=\"text-decoration: underline;\">bola de grossesse personnalis\u00e9 id\u00e9al<\/span>, il est essentiel de se baser sur quelques \u00e9l\u00e9ments cl\u00e9s. De ce fait, voici les crit\u00e8res \u00e0 prendre en compte :<\/span><\/p>\n<ul>\n<li style=\"font-weight: 400;\" aria-level=\"1\"><span style=\"font-weight: 400;\">le style personnel ;<\/span><\/li>\n<li style=\"font-weight: 400;\" aria-level=\"1\"><span style=\"font-weight: 400;\">la personnalisation ;<\/span><\/li>\n<li style=\"font-weight: 400;\" aria-level=\"1\"><span style=\"font-weight: 400;\">le confort et la taille ;<\/span><\/li>\n<li style=\"font-weight: 400;\" aria-level=\"1\"><span style=\"font-weight: 400;\">la qualit\u00e9 des mat\u00e9riaux.<\/span><\/li>\n<\/ul>\n<p><span style=\"font-weight: 400;\">En principe, ce collier en forme de boule doit correspondre aux go\u00fbts et \u00e0 la personnalit\u00e9 de la future maman. Si certaines femmes pr\u00e9f\u00e8rent un design simple, d&rsquo;autres opteront pour un <\/span><b>mod\u00e8le plus styl\u00e9<\/b><span style=\"font-weight: 400;\">. En d&rsquo;autres termes, trouver un bola qui s&rsquo;harmonise avec son accoutrement permet de le <span style=\"text-decoration: underline;\">porter r\u00e9guli\u00e8rement avec plaisir<\/span>. \u00c0 propos de la personnalisation, cela peut \u00eatre <\/span><b>la gravure d&rsquo;un nom, d&rsquo;une date ou d&rsquo;un symbole charg\u00e9 de sens<\/b><span style=\"font-weight: 400;\">. Vu que le pendentif va \u00eatre port\u00e9 tout au long de la grossesse, il doit donc \u00eatre confortable. Veillez \u00e0 choisir <\/span><b>un bijou de taille adapt\u00e9e<\/b><span style=\"font-weight: 400;\">, ni trop l\u00e9ger ni trop lourd. La qualit\u00e9 des mat\u00e9riaux est aussi indispensable pour assurer la durabilit\u00e9 de l&rsquo;ornement. Si possible, privil\u00e9giez l&rsquo;argent ou l&rsquo;or afin d&rsquo;\u00eatre s\u00fbr d&rsquo;avoir un accessoire r\u00e9sistant et hypoallerg\u00e9nique.<\/span><\/p>\n<h2><span class=\"ez-toc-section\" id=\"Pourquoi_personnaliser_un_bola\"><\/span><b>Pourquoi personnaliser un bola ?<\/b><span class=\"ez-toc-section-end\"><\/span><\/h2>\n<p><span style=\"font-weight: 400;\">Chaque grossesse est une exp\u00e9rience unique. Tr\u00e8s sp\u00e9cial, le <\/span><b>bola personnalis\u00e9<\/b><span style=\"font-weight: 400;\"> est utilis\u00e9 pour refl\u00e9ter cette singularit\u00e9 \u00e0 travers des d\u00e9tails qui marquent cette p\u00e9riode. En imprimant la date de l&rsquo;\u00e9chographie ou l&rsquo;initial du pr\u00e9nom du b\u00e9b\u00e9, vous aurez la chance de concevoir un v\u00e9ritable tr\u00e9sor que vous garderez pr\u00e9cieusement. En plus d&rsquo;ajouter une dimension \u00e9motionnelle, <\/span><b>la personnalisation permet de cr\u00e9er un bijou qui correspond parfaitement au style de la maman<\/b><span style=\"font-weight: 400;\">. Qu&rsquo;il soit grav\u00e9, <span style=\"text-decoration: underline;\">agr\u00e9ment\u00e9 de charms<\/span> ou de pierres symboliques, le bola devient un accessoire \u00e9l\u00e9gant qui s&rsquo;int\u00e8gre \u00e0 la garde-robe de la future maman.<\/span><\/p>\n<p><span style=\"font-weight: 400;\">Dans tous les cas, ce genre de collier est un souvenir durable qui pourra \u00eatre conserv\u00e9 apr\u00e8s la naissance, ou m\u00eame transmis en h\u00e9ritage \u00e0 l&rsquo;enfant. En d\u00e9cidant de personnaliser le bola, vous allez ainsi transformer un joli bijou en une pi\u00e8ce qui a beaucoup de signification. Porteuse d&rsquo;amour, ce joyau restera <\/span><b>un bien familial qui relie les g\u00e9n\u00e9rations \u00e0 venir<\/b><span style=\"font-weight: 400;\">.<\/span><\/p>\n<h2><span class=\"ez-toc-section\" id=\"Le_bola_personnalise_un_cadeau_de_grossesse_parfait\"><\/span><b>Le bola personnalis\u00e9, un cadeau de grossesse parfait<\/b><span class=\"ez-toc-section-end\"><\/span><\/h2>\n<figure id=\"attachment_769\" aria-describedby=\"caption-attachment-769\" style=\"width: 1200px\" class=\"wp-caption alignnone\"><img loading=\"lazy\" decoding=\"async\" class=\"size-full wp-image-769\" src=\"https:\/\/www.marmottine.fr\/mag\/wp-content\/uploads\/2024\/10\/bola-personnalise-femme-enceinte.jpg\" alt=\"bola personnalise femme enceinte\" width=\"1200\" height=\"800\" srcset=\"https:\/\/www.marmottine.fr\/mag\/wp-content\/uploads\/2024\/10\/bola-personnalise-femme-enceinte.jpg 1200w, https:\/\/www.marmottine.fr\/mag\/wp-content\/uploads\/2024\/10\/bola-personnalise-femme-enceinte-300x200.jpg 300w, https:\/\/www.marmottine.fr\/mag\/wp-content\/uploads\/2024\/10\/bola-personnalise-femme-enceinte-1024x683.jpg 1024w, https:\/\/www.marmottine.fr\/mag\/wp-content\/uploads\/2024\/10\/bola-personnalise-femme-enceinte-768x512.jpg 768w\" sizes=\"(max-width: 1200px) 100vw, 1200px\" \/><figcaption id=\"caption-attachment-769\" class=\"wp-caption-text\">bola personnalise femme enceinte<\/figcaption><\/figure>\n<p><span style=\"font-weight: 400;\">Combinant \u00e9l\u00e9gance et symbolisme, le bola personnalis\u00e9 est un cadeau id\u00e9al \u00e0 offrir pendant la grossesse et apr\u00e8s la naissance. Bien plus qu&rsquo;un simple accessoire, il est con\u00e7u pour accompagner la femme enceinte et apaiser le b\u00e9b\u00e9 gr\u00e2ce \u00e0 son doux tintement. <\/span><b>Le fait de personnaliser ce bola ajoute une dimension encore plus sp\u00e9ciale<\/b><span style=\"font-weight: 400;\">. Une fois personnalis\u00e9, cet ornement devient un <span style=\"text-decoration: underline;\">souvenir inestimable<\/span> avec une grande valeur sentimentale. Comme vous le savez d\u00e9j\u00e0, il peut aussi comporter des \u00e9l\u00e9ments suppl\u00e9mentaires comme des charms ou des pendentifs qui repr\u00e9sentent des symboles d&rsquo;amour et de protection.<\/span><\/p>\n<p><span style=\"font-weight: 400;\"><a href=\"https:\/\/www.marmottine.fr\/mag\/guides\/bijoux-personnalises\/choisir\/choisir-bola-personnalise\/connaissez-vous-le-bola-ce-drole-de-bijou-de-maternite\">Cadeau polyvalent, le bola personnalis\u00e9<\/a> est adapt\u00e9 \u00e0 de nombreuses situations, notamment une baby shower ou une f\u00eate pr\u00e9natale. N\u00e9anmoins, vous pouvez l&rsquo;offrir comme un geste attentionn\u00e9 pour une amie ou un membre de la famille. Peu importe l&rsquo;occasion, <\/span><b>ce pendentif demeure un bijou t\u00e9moignant de votre affection envers votre enfant<\/b><span style=\"font-weight: 400;\">.<\/span><\/p>\n","protected":false},"excerpt":{"rendered":"<p>Que choisir comme bola personnalis\u00e9 ? Loin d&rsquo;\u00eatre un bijou ordinaire, le bola est un accessoire qui accompagne les futures [&hellip;]<\/p>\n","protected":false},"author":4,"featured_media":768,"parent":205,"menu_order":0,"comment_status":"closed","ping_status":"closed","template":"","meta":{"site-sidebar-layout":"default","site-content-layout":"","ast-site-content-layout":"default","site-content-style":"default","site-sidebar-style":"default","ast-global-header-display":"","ast-banner-title-visibility":"","ast-main-header-display":"","ast-hfb-above-header-display":"","ast-hfb-below-header-display":"","ast-hfb-mobile-header-display":"","site-post-title":"","ast-breadcrumbs-content":"","ast-featured-img":"","footer-sml-layout":"","theme-transparent-header-meta":"default","adv-header-id-meta":"","stick-header-meta":"","header-above-stick-meta":"","header-main-stick-meta":"","header-below-stick-meta":"","astra-migrate-meta-layouts":"set","ast-page-background-enabled":"default","ast-page-background-meta":{"desktop":{"background-color":"var(--ast-global-color-4)","background-image":"","background-repeat":"repeat","background-position":"center center","background-size":"auto","background-attachment":"scroll","background-type":"","background-media":"","overlay-type":"","overlay-color":"","overlay-gradient":""},"tablet":{"background-color":"","background-image":"","background-repeat":"repeat","background-position":"center center","background-size":"auto","background-attachment":"scroll","background-type":"","background-media":"","overlay-type":"","overlay-color":"","overlay-gradient":""},"mobile":{"background-color":"","background-image":"","background-repeat":"repeat","background-position":"center center","background-size":"auto","background-attachment":"scroll","background-type":"","background-media":"","overlay-type":"","overlay-color":"","overlay-gradient":""}},"ast-content-background-meta":{"desktop":{"background-color":"var(--ast-global-color-5)","background-image":"","background-repeat":"repeat","background-position":"center center","background-size":"auto","background-attachment":"scroll","background-type":"","background-media":"","overlay-type":"","overlay-color":"","overlay-gradient":""},"tablet":{"background-color":"var(--ast-global-color-5)","background-image":"","background-repeat":"repeat","background-position":"center center","background-size":"auto","background-attachment":"scroll","background-type":"","background-media":"","overlay-type":"","overlay-color":"","overlay-gradient":""},"mobile":{"background-color":"var(--ast-global-color-5)","background-image":"","background-repeat":"repeat","background-position":"center center","background-size":"auto","background-attachment":"scroll","background-type":"","background-media":"","overlay-type":"","overlay-color":"","overlay-gradient":""}},"footnotes":""},"aioseo_notices":[],"_links":{"self":[{"href":"https:\/\/www.marmottine.fr\/mag\/wp-json\/wp\/v2\/pages\/772"}],"collection":[{"href":"https:\/\/www.marmottine.fr\/mag\/wp-json\/wp\/v2\/pages"}],"about":[{"href":"https:\/\/www.marmottine.fr\/mag\/wp-json\/wp\/v2\/types\/page"}],"author":[{"embeddable":true,"href":"https:\/\/www.marmottine.fr\/mag\/wp-json\/wp\/v2\/users\/4"}],"replies":[{"embeddable":true,"href":"https:\/\/www.marmottine.fr\/mag\/wp-json\/wp\/v2\/comments?post=772"}],"version-history":[{"count":2,"href":"https:\/\/www.marmottine.fr\/mag\/wp-json\/wp\/v2\/pages\/772\/revisions"}],"predecessor-version":[{"id":1284,"href":"https:\/\/www.marmottine.fr\/mag\/wp-json\/wp\/v2\/pages\/772\/revisions\/1284"}],"up":[{"embeddable":true,"href":"https:\/\/www.marmottine.fr\/mag\/wp-json\/wp\/v2\/pages\/205"}],"wp:featuredmedia":[{"embeddable":true,"href":"https:\/\/www.marmottine.fr\/mag\/wp-json\/wp\/v2\/media\/768"}],"wp:attachment":[{"href":"https:\/\/www.marmottine.fr\/mag\/wp-json\/wp\/v2\/media?parent=772"}],"curies":[{"name":"wp","href":"https:\/\/api.w.org\/{rel}","templated":true}]}}