{"id":766,"date":"2024-10-08T10:15:39","date_gmt":"2024-10-08T08:15:39","guid":{"rendered":"https:\/\/www.marmottine.fr\/mag\/?page_id=766"},"modified":"2024-10-11T08:33:47","modified_gmt":"2024-10-11T06:33:47","slug":"choisir-chaine-personnalisee","status":"publish","type":"page","link":"https:\/\/www.marmottine.fr\/mag\/guides\/bijoux-personnalises\/choisir\/choisir-chaine-personnalisee","title":{"rendered":"Que choisir comme cha\u00eene personnalis\u00e9e ?"},"content":{"rendered":"<h1><span class=\"ez-toc-section\" id=\"Que_choisir_comme_chaine_personnalisee\"><\/span><b>Que choisir comme cha\u00eene personnalis\u00e9e ?<\/b><span class=\"ez-toc-section-end\"><\/span><\/h1><div id=\"ez-toc-container\" class=\"ez-toc-v2_0_69_1 counter-hierarchy ez-toc-counter ez-toc-grey ez-toc-container-direction\">\n<div class=\"ez-toc-title-container\">\n<p class=\"ez-toc-title\" style=\"cursor:inherit\">Sommaire<\/p>\n<span class=\"ez-toc-title-toggle\"><a href=\"#\" class=\"ez-toc-pull-right ez-toc-btn ez-toc-btn-xs ez-toc-btn-default ez-toc-toggle\" aria-label=\"Toggle Table of Content\"><span class=\"ez-toc-js-icon-con\"><span class=\"\"><span class=\"eztoc-hide\" style=\"display:none;\">Toggle<\/span><span class=\"ez-toc-icon-toggle-span\"><svg style=\"fill: #999;color:#999\" xmlns=\"http:\/\/www.w3.org\/2000\/svg\" class=\"list-377408\" width=\"20px\" height=\"20px\" viewBox=\"0 0 24 24\" fill=\"none\"><path d=\"M6 6H4v2h2V6zm14 0H8v2h12V6zM4 11h2v2H4v-2zm16 0H8v2h12v-2zM4 16h2v2H4v-2zm16 0H8v2h12v-2z\" fill=\"currentColor\"><\/path><\/svg><svg style=\"fill: #999;color:#999\" class=\"arrow-unsorted-368013\" xmlns=\"http:\/\/www.w3.org\/2000\/svg\" width=\"10px\" height=\"10px\" viewBox=\"0 0 24 24\" version=\"1.2\" baseProfile=\"tiny\"><path d=\"M18.2 9.3l-6.2-6.3-6.2 6.3c-.2.2-.3.4-.3.7s.1.5.3.7c.2.2.4.3.7.3h11c.3 0 .5-.1.7-.3.2-.2.3-.5.3-.7s-.1-.5-.3-.7zM5.8 14.7l6.2 6.3 6.2-6.3c.2-.2.3-.5.3-.7s-.1-.5-.3-.7c-.2-.2-.4-.3-.7-.3h-11c-.3 0-.5.1-.7.3-.2.2-.3.5-.3.7s.1.5.3.7z\"\/><\/svg><\/span><\/span><\/span><\/a><\/span><\/div>\n<nav><ul class='ez-toc-list ez-toc-list-level-1 ' ><li class='ez-toc-page-1 ez-toc-heading-level-1'><a class=\"ez-toc-link ez-toc-heading-1\" href=\"https:\/\/www.marmottine.fr\/mag\/guides\/bijoux-personnalises\/choisir\/choisir-chaine-personnalisee\/#Que_choisir_comme_chaine_personnalisee\" title=\"Que choisir comme cha\u00eene personnalis\u00e9e ?\">Que choisir comme cha\u00eene personnalis\u00e9e ?<\/a><ul class='ez-toc-list-level-2' ><li class='ez-toc-heading-level-2'><a class=\"ez-toc-link ez-toc-heading-2\" href=\"https:\/\/www.marmottine.fr\/mag\/guides\/bijoux-personnalises\/choisir\/choisir-chaine-personnalisee\/#Colliers_prenom_en_or_des_bijoux_qui_vous_ressemblent\" title=\"Colliers pr\u00e9nom en or : des bijoux qui vous ressemblent\">Colliers pr\u00e9nom en or : des bijoux qui vous ressemblent<\/a><\/li><li class='ez-toc-page-1 ez-toc-heading-level-2'><a class=\"ez-toc-link ez-toc-heading-3\" href=\"https:\/\/www.marmottine.fr\/mag\/guides\/bijoux-personnalises\/choisir\/choisir-chaine-personnalisee\/#Une_large_gamme_de_colliers_en_argent_graves_a_votre_nom\" title=\"Une large gamme de colliers en argent grav\u00e9s \u00e0 votre nom\">Une large gamme de colliers en argent grav\u00e9s \u00e0 votre nom<\/a><\/li><li class='ez-toc-page-1 ez-toc-heading-level-2'><a class=\"ez-toc-link ez-toc-heading-4\" href=\"https:\/\/www.marmottine.fr\/mag\/guides\/bijoux-personnalises\/choisir\/choisir-chaine-personnalisee\/#De_lor_rose_pour_des_colliers_prenom_unique\" title=\"De l&rsquo;or rose pour des colliers pr\u00e9nom unique\">De l&rsquo;or rose pour des colliers pr\u00e9nom unique<\/a><\/li><li class='ez-toc-page-1 ez-toc-heading-level-2'><a class=\"ez-toc-link ez-toc-heading-5\" href=\"https:\/\/www.marmottine.fr\/mag\/guides\/bijoux-personnalises\/choisir\/choisir-chaine-personnalisee\/#Colliers_prenoms_pour_mamans_immortalisez_votre_lien\" title=\"Colliers pr\u00e9noms pour mamans : immortalisez votre lien\">Colliers pr\u00e9noms pour mamans : immortalisez votre lien<\/a><\/li><li class='ez-toc-page-1 ez-toc-heading-level-2'><a class=\"ez-toc-link ez-toc-heading-6\" href=\"https:\/\/www.marmottine.fr\/mag\/guides\/bijoux-personnalises\/choisir\/choisir-chaine-personnalisee\/#Un_collier_prenom_unique_pour_un_papa_unique\" title=\"Un collier pr\u00e9nom unique pour un papa unique\">Un collier pr\u00e9nom unique pour un papa unique<\/a><\/li><li class='ez-toc-page-1 ez-toc-heading-level-2'><a class=\"ez-toc-link ez-toc-heading-7\" href=\"https:\/\/www.marmottine.fr\/mag\/guides\/bijoux-personnalises\/choisir\/choisir-chaine-personnalisee\/#Celebrez_lamour_avec_des_colliers_prenoms_pour_la_Saint-Valentin\" title=\"C\u00e9l\u00e9brez l&rsquo;amour avec des colliers pr\u00e9noms pour la Saint-Valentin\">C\u00e9l\u00e9brez l&rsquo;amour avec des colliers pr\u00e9noms pour la Saint-Valentin<\/a><\/li><li class='ez-toc-page-1 ez-toc-heading-level-2'><a class=\"ez-toc-link ez-toc-heading-8\" href=\"https:\/\/www.marmottine.fr\/mag\/guides\/bijoux-personnalises\/choisir\/choisir-chaine-personnalisee\/#Creez_votre_collier_sur-mesure_avec_vos_photos_preferees\" title=\"Cr\u00e9ez votre collier sur-mesure avec vos photos pr\u00e9f\u00e9r\u00e9es\">Cr\u00e9ez votre collier sur-mesure avec vos photos pr\u00e9f\u00e9r\u00e9es<\/a><\/li><li class='ez-toc-page-1 ez-toc-heading-level-2'><a class=\"ez-toc-link ez-toc-heading-9\" href=\"https:\/\/www.marmottine.fr\/mag\/guides\/bijoux-personnalises\/choisir\/choisir-chaine-personnalisee\/#Faites_le_choix_dune_chaine_personnalisee_prenom_chez_nous\" title=\"Faites le choix d&rsquo;une cha\u00eene personnalis\u00e9e pr\u00e9nom chez nous\">Faites le choix d&rsquo;une cha\u00eene personnalis\u00e9e pr\u00e9nom chez nous<\/a><\/li><\/ul><\/li><\/ul><\/nav><\/div>\n\n<figure id=\"attachment_777\" aria-describedby=\"caption-attachment-777\" style=\"width: 1200px\" class=\"wp-caption alignnone\"><img loading=\"lazy\" decoding=\"async\" class=\"size-full wp-image-777\" src=\"https:\/\/www.marmottine.fr\/mag\/wp-content\/uploads\/2024\/10\/chaine-personnalise.jpg\" alt=\"chaine personnalisee\" width=\"1200\" height=\"800\" srcset=\"https:\/\/www.marmottine.fr\/mag\/wp-content\/uploads\/2024\/10\/chaine-personnalise.jpg 1200w, https:\/\/www.marmottine.fr\/mag\/wp-content\/uploads\/2024\/10\/chaine-personnalise-300x200.jpg 300w, https:\/\/www.marmottine.fr\/mag\/wp-content\/uploads\/2024\/10\/chaine-personnalise-1024x683.jpg 1024w, https:\/\/www.marmottine.fr\/mag\/wp-content\/uploads\/2024\/10\/chaine-personnalise-768x512.jpg 768w\" sizes=\"(max-width: 1200px) 100vw, 1200px\" \/><figcaption id=\"caption-attachment-777\" class=\"wp-caption-text\">chaine personnalisee<\/figcaption><\/figure>\n<p><span style=\"font-weight: 400;\">Les <\/span><b>bijoux en m\u00e9taux pr\u00e9cieux<\/b><span style=\"font-weight: 400;\"> ne perdront probablement jamais leur valeur. Depuis l&rsquo;Antiquit\u00e9, ces accessoires ne servent pas seulement \u00e0 d\u00e9corer, mais \u00e9galement \u00e0 souligner le statut particulier de leurs propri\u00e9taires. Rois, tsars, marchands, conqu\u00e9rants, empereurs &#8211; il ne s&rsquo;agit l\u00e0 que d&rsquo;une petite partie des personnes associ\u00e9es aux m\u00e9taux pr\u00e9cieux. Ce qui signifie que ces derniers sont d\u00e9j\u00e0 devenus un symbole de pouvoir et de richesse. En outre, les joailliers eux-m\u00eames appr\u00e9cient ces m\u00e9taux pour leur r\u00e9sistance et leur souplesse lors du traitement.<\/span><\/p>\n<p><span style=\"font-weight: 400;\">Le bijou le plus populaire, tant pour les femmes que pour les hommes, est bien entendu la cha\u00eene. Mais <a href=\"https:\/\/www.marmottine.fr\/mag\/guides\/bijoux-personnalises\/choisir\">comment savoir celle qu&rsquo;il faut choisir et comment la personnaliser ?<\/a> Nous allons dans cet article, nous attarder sur des <\/span><b>mod\u00e8les de cha\u00eenes personnalis\u00e9s<\/b><span style=\"font-weight: 400;\"> avec des pr\u00e9noms et images.\u00a0<\/span><\/p>\n<p><span style=\"font-weight: 400;\">Commen\u00e7ons par le fait que les cha\u00eenes personnalis\u00e9es peuvent \u00eatre fabriqu\u00e9es dans plusieurs types de m\u00e9taux pr\u00e9cieux :<\/span><\/p>\n<h2><span class=\"ez-toc-section\" id=\"Colliers_prenom_en_or_des_bijoux_qui_vous_ressemblent\"><\/span><b>Colliers pr\u00e9nom en or : des bijoux qui vous ressemblent<\/b><span class=\"ez-toc-section-end\"><\/span><\/h2>\n<figure id=\"attachment_778\" aria-describedby=\"caption-attachment-778\" style=\"width: 1200px\" class=\"wp-caption alignnone\"><img loading=\"lazy\" decoding=\"async\" class=\"size-full wp-image-778\" src=\"https:\/\/www.marmottine.fr\/mag\/wp-content\/uploads\/2024\/10\/collier-prenom-personnalise.jpg\" alt=\"collier prenom personnalise\" width=\"1200\" height=\"800\" srcset=\"https:\/\/www.marmottine.fr\/mag\/wp-content\/uploads\/2024\/10\/collier-prenom-personnalise.jpg 1200w, https:\/\/www.marmottine.fr\/mag\/wp-content\/uploads\/2024\/10\/collier-prenom-personnalise-300x200.jpg 300w, https:\/\/www.marmottine.fr\/mag\/wp-content\/uploads\/2024\/10\/collier-prenom-personnalise-1024x683.jpg 1024w, https:\/\/www.marmottine.fr\/mag\/wp-content\/uploads\/2024\/10\/collier-prenom-personnalise-768x512.jpg 768w\" sizes=\"(max-width: 1200px) 100vw, 1200px\" \/><figcaption id=\"caption-attachment-778\" class=\"wp-caption-text\">collier prenom personnalise<\/figcaption><\/figure>\n<p><span style=\"font-weight: 400;\">L&rsquo;or, le m\u00e9tal des rois, est appr\u00e9ci\u00e9 depuis des milliers d&rsquo;ann\u00e9es <span style=\"text-decoration: underline;\">pour son \u00e9clat et sa durabilit\u00e9<\/span>. Nos colliers pr\u00e9nom en or ne font pas exception. Chaque collier pr\u00e9nom est fabriqu\u00e9 en or de haute qualit\u00e9 et est garanti pour durer, quelle que soit la fr\u00e9quence \u00e0 laquelle vous le portez.<\/span><\/p>\n<p><span style=\"font-weight: 400;\">L&rsquo;\u00e9clat dor\u00e9 de ces cha\u00eenes ajoute une touche de luxe et d&rsquo;\u00e9l\u00e9gance \u00e0 n&rsquo;importe quelle tenue. Que ce soit pour un usage quotidien ou pour des occasions sp\u00e9ciales, un collier pr\u00e9nom en or est un v\u00e9ritable <\/span><b>accroche-regard et un accessoire<\/b><span style=\"font-weight: 400;\"> que vous adorerez porter encore et encore.<\/span><\/p>\n<p><span style=\"font-weight: 400;\">De plus, nos <\/span><b>colliers pr\u00e9nom en or<\/b><span style=\"font-weight: 400;\"> sont des cadeaux parfaits pour les <span style=\"text-decoration: underline;\">personnes sp\u00e9ciales de votre vie<\/span>. N&rsquo;oubliez pas que vous ne pouvez jamais vous tromper avec l&rsquo;or. Alors pourquoi ne pas acheter un collier pr\u00e9nom aussi rayonnant que la personne qui le portera ?<\/span><\/p>\n<h2><span class=\"ez-toc-section\" id=\"Une_large_gamme_de_colliers_en_argent_graves_a_votre_nom\"><\/span><b>Une large gamme de colliers en argent grav\u00e9s \u00e0 votre nom<\/b><span class=\"ez-toc-section-end\"><\/span><\/h2>\n<p><span style=\"font-weight: 400;\">Connu pour son \u00e9clat frais et \u00e9l\u00e9gant, l\u2019argent a un attrait intemporel. Nos colliers pr\u00e9nom en argent capturent cette beaut\u00e9, offrant un <\/span><b>bijou polyvalent<\/b><span style=\"font-weight: 400;\"> qui s&rsquo;adapte \u00e0 tous les styles.<\/span><\/p>\n<p><span style=\"font-weight: 400;\">Que vous recherchiez un ajout subtil \u00e0 votre tenue de tous les jours ou une pi\u00e8ce tendance <span style=\"text-decoration: underline;\">pour une occasion sp\u00e9ciale<\/span>, un collier pr\u00e9nom en argent est toujours un excellent choix. L&rsquo;\u00e9clat fin de l&rsquo;argent souligne la gravure du nom et fait de cet accessoire un bijou personnel et sp\u00e9cial.<\/span><\/p>\n<p><span style=\"font-weight: 400;\">Ne vous inqui\u00e9tez pas si l&rsquo;argent n&rsquo;est pas votre premier choix. Notre s\u00e9lection de colliers pr\u00e9nom personnalis\u00e9s va de l\u2019or \u00e0 l\u2019or rose et \u00e0 l\u2019argent. Vous pouvez donc \u00eatre s\u00fbr d&rsquo;acheter le <span style=\"text-decoration: underline;\">collier pr\u00e9nom parfait<\/span> qui correspond \u00e0 vos go\u00fbts individuels.<\/span><\/p>\n<h2><span class=\"ez-toc-section\" id=\"De_lor_rose_pour_des_colliers_prenom_unique\"><\/span><b>De l&rsquo;or rose pour des colliers pr\u00e9nom unique<\/b><span class=\"ez-toc-section-end\"><\/span><\/h2>\n<p><span style=\"font-weight: 400;\">L\u2019or rose est devenu de plus en plus populaire ces derni\u00e8res ann\u00e9es. Avec ses reflets chauds et roses, il offre une alternative unique \u00e0 l&rsquo;or et \u00e0 l&rsquo;argent traditionnels. Nos colliers pr\u00e9nom en or rose capturent parfaitement cette romance moderne et ajoutent une <span style=\"text-decoration: underline;\">touche d&rsquo;\u00e9l\u00e9gance<\/span> \u00e0 n&rsquo;importe quelle tenue.<\/span><\/p>\n<p><span style=\"font-weight: 400;\">Que vous le portiez seul ou que vous le combiniez avec d&rsquo;autres colliers en diff\u00e9rents m\u00e9taux pour un look superpos\u00e9 tendance, un <\/span><b>collier pr\u00e9nom en or rose<\/b><span style=\"font-weight: 400;\"> ajoute une touche sp\u00e9ciale. Et, avec votre nom ou celui d&rsquo;un proche dessus, il devient un accessoire que vous garderez toujours pr\u00e8s de votre c\u0153ur.<\/span><\/p>\n<p><span style=\"font-weight: 400;\">Alors, vous cherchez quelque chose de sp\u00e9cial ? Pourquoi ne pas essayer quelque chose de nouveau et opter pour un collier pr\u00e9nom en or rose ?<\/span><\/p>\n<h2><span class=\"ez-toc-section\" id=\"Colliers_prenoms_pour_mamans_immortalisez_votre_lien\"><\/span><b>Colliers pr\u00e9noms pour mamans : immortalisez votre lien<\/b><span class=\"ez-toc-section-end\"><\/span><\/h2>\n<p><span style=\"font-weight: 400;\">Nos colliers pr\u00e9nom ne sont pas seulement des accessoires \u00e9l\u00e9gants, ils peuvent \u00e9galement \u00eatre utilis\u00e9s pour c\u00e9l\u00e9brer des relations sp\u00e9ciales. Quoi de plus sp\u00e9cial que le lien entre une m\u00e8re et son enfant ? C&rsquo;est pour cette raison que nous proposons dans notre gamme une s\u00e9lection sp\u00e9ciale de <\/span><b>colliers pr\u00e9nom pour les mamans<\/b><span style=\"font-weight: 400;\">.<\/span><\/p>\n<p><span style=\"font-weight: 400;\">Ces colliers peuvent porter les noms des enfants et servir de merveilleux rappel de l&rsquo;amour profond et inconditionnel qu&rsquo;une m\u00e8re ressent pour ses enfants. Ils ne sont pas seulement \u00e0 la mode, mais aussi remplis d&rsquo;\u00e9motions et de souvenirs qu&rsquo;une m\u00e8re peut garder pr\u00e8s de son c\u0153ur partout o\u00f9 elle va.<\/span><\/p>\n<p><span style=\"font-weight: 400;\">Que ce soit pour la f\u00eate des M\u00e8res, un anniversaire ou tout simplement pour surprendre votre maman, un collier pr\u00e9nom personnalis\u00e9 est un geste d&rsquo;amour qu&rsquo;elle appr\u00e9ciera \u00e0 coup s\u00fbr. Ainsi, vous pouvez non seulement acheter un collier pr\u00e9nom, mais encore <span style=\"text-decoration: underline;\">donner de l&rsquo;amour<\/span> et de l&rsquo;appr\u00e9ciation.<\/span><\/p>\n<h2><span class=\"ez-toc-section\" id=\"Un_collier_prenom_unique_pour_un_papa_unique\"><\/span><b>Un collier pr\u00e9nom unique pour un papa unique<\/b><span class=\"ez-toc-section-end\"><\/span><\/h2>\n<p><span style=\"font-weight: 400;\">Les m\u00e8res ne sont pas les seules \u00e0 jouer un r\u00f4le particulier dans notre vie, les p\u00e8res aussi m\u00e9ritent qu&rsquo;on <span style=\"text-decoration: underline;\">leur rende hommage<\/span>. C&rsquo;est pourquoi nous proposons \u00e9galement des colliers pr\u00e9noms sp\u00e9ciaux pour les p\u00e8res. Ces <\/span><b>colliers personnalis\u00e9s<\/b><span style=\"font-weight: 400;\"> peuvent porter le nom des enfants, une date particuli\u00e8re ou un message significatif. Ils sont l&rsquo;expression de l&rsquo;estime et de l&rsquo;amour qu&rsquo;un p\u00e8re m\u00e9rite.<\/span><\/p>\n<p><span style=\"font-weight: 400;\">Nos colliers pr\u00e9noms pour p\u00e8res sont robustes, \u00e9l\u00e9gants et adapt\u00e9s \u00e0 la vie quotidienne. Ils sont le <span style=\"text-decoration: underline;\">cadeau parfait<\/span> pour la f\u00eate des P\u00e8res, les anniversaires ou tout uniquement pour montrer \u00e0 votre p\u00e8re combien il compte pour vous.<\/span><\/p>\n<p><span style=\"font-weight: 400;\">Qu&rsquo;il soit plut\u00f4t du genre d\u00e9contract\u00e9, pr\u00e9f\u00e9rant les jeans et les t-shirts, ou qu&rsquo;il pr\u00e9f\u00e8re s&rsquo;habiller de mani\u00e8re plus chic, un collier pr\u00e9nom personnalis\u00e9 enrichira certainement sa garde-robe. Alors, pourquoi ne pas acheter aujourd&rsquo;hui un collier pr\u00e9nom et lui offrir un cadeau qu&rsquo;il pourra toujours porter sur lui ?<\/span><\/p>\n<h2><span class=\"ez-toc-section\" id=\"Celebrez_lamour_avec_des_colliers_prenoms_pour_la_Saint-Valentin\"><\/span><b>C\u00e9l\u00e9brez l&rsquo;amour avec des colliers pr\u00e9noms pour la Saint-Valentin<\/b><span class=\"ez-toc-section-end\"><\/span><\/h2>\n<p><span style=\"font-weight: 400;\">La Saint-Valentin est un jour d&rsquo;amour, et quoi de plus beau que de c\u00e9l\u00e9brer l&rsquo;amour en offrant \u00e0 sa moiti\u00e9 un cadeau unique et personnalis\u00e9 ? Nos <\/span><b>colliers pr\u00e9noms pour la Saint-Valentin<\/b><span style=\"font-weight: 400;\"> sont exactement ce qu&rsquo;il vous faut. Ils sont le moyen id\u00e9al d&rsquo;exprimer votre amour et votre estime.<\/span><\/p>\n<p><span style=\"font-weight: 400;\">Que vous fassiez graver <span style=\"text-decoration: underline;\">le collier avec vos noms<\/span>, la date de votre premi\u00e8re rencontre ou un petit message affectueux, vous pouvez \u00eatre s\u00fbr que ce <span style=\"text-decoration: underline;\">cadeau vient du c\u0153ur<\/span> et sera appr\u00e9ci\u00e9. Gr\u00e2ce \u00e0 notre technologie de gravure de haute qualit\u00e9 et \u00e0 notre souci du d\u00e9tail, chaque collier pr\u00e9nom est aussi unique et sp\u00e9cial que votre amour.<\/span><\/p>\n<p><span style=\"font-weight: 400;\">C&rsquo;est le <\/span><b>cadeau parfait<\/b><span style=\"font-weight: 400;\"> pour montrer votre amour et cr\u00e9er un souvenir pr\u00e9cieux qui durera \u00e9ternellement.<\/span><\/p>\n<h2><span class=\"ez-toc-section\" id=\"Creez_votre_collier_sur-mesure_avec_vos_photos_preferees\"><\/span><b>Cr\u00e9ez votre collier sur-mesure avec vos photos pr\u00e9f\u00e9r\u00e9es<\/b><span class=\"ez-toc-section-end\"><\/span><\/h2>\n<figure id=\"attachment_776\" aria-describedby=\"caption-attachment-776\" style=\"width: 1200px\" class=\"wp-caption alignnone\"><img loading=\"lazy\" decoding=\"async\" class=\"size-full wp-image-776\" src=\"https:\/\/www.marmottine.fr\/mag\/wp-content\/uploads\/2024\/10\/chaine-medaille-personnalisee-sur-mesure.jpg\" alt=\"chaine medaille personnalisee sur mesure\" width=\"1200\" height=\"800\" srcset=\"https:\/\/www.marmottine.fr\/mag\/wp-content\/uploads\/2024\/10\/chaine-medaille-personnalisee-sur-mesure.jpg 1200w, https:\/\/www.marmottine.fr\/mag\/wp-content\/uploads\/2024\/10\/chaine-medaille-personnalisee-sur-mesure-300x200.jpg 300w, https:\/\/www.marmottine.fr\/mag\/wp-content\/uploads\/2024\/10\/chaine-medaille-personnalisee-sur-mesure-1024x683.jpg 1024w, https:\/\/www.marmottine.fr\/mag\/wp-content\/uploads\/2024\/10\/chaine-medaille-personnalisee-sur-mesure-768x512.jpg 768w\" sizes=\"(max-width: 1200px) 100vw, 1200px\" \/><figcaption id=\"caption-attachment-776\" class=\"wp-caption-text\">chaine medaille personnalisee sur mesure<\/figcaption><\/figure>\n<p><span style=\"font-weight: 400;\">Un collier avec photo est quelque chose de tr\u00e8s individuel et personnel. On a ainsi toujours son partenaire, ses petits-enfants ou son animal pr\u00e9f\u00e9r\u00e9 avec soi.<\/span><\/p>\n<p><span style=\"font-weight: 400;\">Comme ces <\/span><b>cha\u00eenes personnalis\u00e9es avec une image<\/b><span style=\"font-weight: 400;\"> sont tr\u00e8s appr\u00e9ci\u00e9es, il existe aussi des pendentifs sp\u00e9ciaux dans lesquels on peut ins\u00e9rer une image : les m\u00e9daillons. Ils existent dans de nombreuses formes et designs.<\/span><\/p>\n<p><span style=\"font-weight: 400;\">La particularit\u00e9 chez nous est qu&rsquo;il est possible d&rsquo;ins\u00e9rer une image dans le pendentif et d&rsquo;y ajouter <span style=\"text-decoration: underline;\">une gravure selon vos souhaits<\/span> : doublement personnalis\u00e9 pour ainsi dire.<\/span><\/p>\n<h2><span class=\"ez-toc-section\" id=\"Faites_le_choix_dune_chaine_personnalisee_prenom_chez_nous\"><\/span><b>Faites le choix d&rsquo;une cha\u00eene personnalis\u00e9e pr\u00e9nom chez nous<\/b><span class=\"ez-toc-section-end\"><\/span><\/h2>\n<p><span style=\"font-weight: 400;\">Si vous \u00eates \u00e0 la recherche d&rsquo;un cadeau qui vient du c\u0153ur et qui, en plus, <span style=\"text-decoration: underline;\">porte une touche personnelle<\/span> ? Alors opter pour un collier personnalis\u00e9 parmi les nombreuses marques telles que :\u00a0<\/span><\/p>\n<ul>\n<li style=\"font-weight: 400;\" aria-level=\"1\"><span style=\"font-weight: 400;\">Augis ;<\/span><\/li>\n<li style=\"font-weight: 400;\" aria-level=\"1\"><span style=\"font-weight: 400;\">Clio Blue ;<\/span><\/li>\n<li style=\"font-weight: 400;\" aria-level=\"1\"><span style=\"font-weight: 400;\">B.doo<\/span><\/li>\n<li style=\"font-weight: 400;\" aria-level=\"1\"><span style=\"font-weight: 400;\">Lafami ;<\/span><\/li>\n<li style=\"font-weight: 400;\" aria-level=\"1\"><span style=\"font-weight: 400;\">etc.<\/span><\/li>\n<\/ul>\n<p><span style=\"font-weight: 400;\">Imaginez que vous ayez un collier qui non seulement brille et <span style=\"text-decoration: underline;\">donne la touche finale \u00e0 votre tenue<\/span>, mais qui porte aussi votre nom ou celui d&rsquo;un proche.<\/span><\/p>\n<p><span style=\"font-weight: 400;\">Nos <\/span><b>pendentifs et colliers<\/b><span style=\"font-weight: 400;\"> ont un design noble et \u00e9l\u00e9gant et peuvent \u00eatre personnalis\u00e9s par vous avec une gravure. Choisissez parmi de nombreuses polices et ic\u00f4nes diff\u00e9rentes celles qui vous conviennent le mieux et cr\u00e9ez ainsi une v\u00e9ritable pi\u00e8ce unique &#8211; id\u00e9ale comme cadeau pour presque toutes les occasions.<\/span><\/p>\n","protected":false},"excerpt":{"rendered":"<p>Que choisir comme cha\u00eene personnalis\u00e9e ? Les bijoux en m\u00e9taux pr\u00e9cieux ne perdront probablement jamais leur valeur. Depuis l&rsquo;Antiquit\u00e9, ces [&hellip;]<\/p>\n","protected":false},"author":4,"featured_media":777,"parent":205,"menu_order":9,"comment_status":"closed","ping_status":"closed","template":"","meta":{"site-sidebar-layout":"default","site-content-layout":"","ast-site-content-layout":"default","site-content-style":"default","site-sidebar-style":"default","ast-global-header-display":"","ast-banner-title-visibility":"","ast-main-header-display":"","ast-hfb-above-header-display":"","ast-hfb-below-header-display":"","ast-hfb-mobile-header-display":"","site-post-title":"","ast-breadcrumbs-content":"","ast-featured-img":"","footer-sml-layout":"","theme-transparent-header-meta":"default","adv-header-id-meta":"","stick-header-meta":"","header-above-stick-meta":"","header-main-stick-meta":"","header-below-stick-meta":"","astra-migrate-meta-layouts":"set","ast-page-background-enabled":"default","ast-page-background-meta":{"desktop":{"background-color":"var(--ast-global-color-4)","background-image":"","background-repeat":"repeat","background-position":"center center","background-size":"auto","background-attachment":"scroll","background-type":"","background-media":"","overlay-type":"","overlay-color":"","overlay-gradient":""},"tablet":{"background-color":"","background-image":"","background-repeat":"repeat","background-position":"center center","background-size":"auto","background-attachment":"scroll","background-type":"","background-media":"","overlay-type":"","overlay-color":"","overlay-gradient":""},"mobile":{"background-color":"","background-image":"","background-repeat":"repeat","background-position":"center center","background-size":"auto","background-attachment":"scroll","background-type":"","background-media":"","overlay-type":"","overlay-color":"","overlay-gradient":""}},"ast-content-background-meta":{"desktop":{"background-color":"var(--ast-global-color-5)","background-image":"","background-repeat":"repeat","background-position":"center center","background-size":"auto","background-attachment":"scroll","background-type":"","background-media":"","overlay-type":"","overlay-color":"","overlay-gradient":""},"tablet":{"background-color":"var(--ast-global-color-5)","background-image":"","background-repeat":"repeat","background-position":"center center","background-size":"auto","background-attachment":"scroll","background-type":"","background-media":"","overlay-type":"","overlay-color":"","overlay-gradient":""},"mobile":{"background-color":"var(--ast-global-color-5)","background-image":"","background-repeat":"repeat","background-position":"center center","background-size":"auto","background-attachment":"scroll","background-type":"","background-media":"","overlay-type":"","overlay-color":"","overlay-gradient":""}},"footnotes":""},"aioseo_notices":[],"_links":{"self":[{"href":"https:\/\/www.marmottine.fr\/mag\/wp-json\/wp\/v2\/pages\/766"}],"collection":[{"href":"https:\/\/www.marmottine.fr\/mag\/wp-json\/wp\/v2\/pages"}],"about":[{"href":"https:\/\/www.marmottine.fr\/mag\/wp-json\/wp\/v2\/types\/page"}],"author":[{"embeddable":true,"href":"https:\/\/www.marmottine.fr\/mag\/wp-json\/wp\/v2\/users\/4"}],"replies":[{"embeddable":true,"href":"https:\/\/www.marmottine.fr\/mag\/wp-json\/wp\/v2\/comments?post=766"}],"version-history":[{"count":3,"href":"https:\/\/www.marmottine.fr\/mag\/wp-json\/wp\/v2\/pages\/766\/revisions"}],"predecessor-version":[{"id":779,"href":"https:\/\/www.marmottine.fr\/mag\/wp-json\/wp\/v2\/pages\/766\/revisions\/779"}],"up":[{"embeddable":true,"href":"https:\/\/www.marmottine.fr\/mag\/wp-json\/wp\/v2\/pages\/205"}],"wp:featuredmedia":[{"embeddable":true,"href":"https:\/\/www.marmottine.fr\/mag\/wp-json\/wp\/v2\/media\/777"}],"wp:attachment":[{"href":"https:\/\/www.marmottine.fr\/mag\/wp-json\/wp\/v2\/media?parent=766"}],"curies":[{"name":"wp","href":"https:\/\/api.w.org\/{rel}","templated":true}]}}