{"id":760,"date":"2024-10-08T10:06:31","date_gmt":"2024-10-08T08:06:31","guid":{"rendered":"https:\/\/www.marmottine.fr\/mag\/?page_id=760"},"modified":"2024-10-11T08:36:14","modified_gmt":"2024-10-11T06:36:14","slug":"comment-choisir-un-bijou-personnalise-photo","status":"publish","type":"page","link":"https:\/\/www.marmottine.fr\/mag\/guides\/bijoux-personnalises\/forme\/comment-choisir-un-bijou-personnalise-photo","title":{"rendered":"Comment choisir un bijou personnalis\u00e9 photo ?"},"content":{"rendered":"<h1><span class=\"ez-toc-section\" id=\"Comment_choisir_un_bijou_personnalise_photo\"><\/span><b>Comment choisir un bijou personnalis\u00e9 photo ?<\/b><span class=\"ez-toc-section-end\"><\/span><\/h1><div id=\"ez-toc-container\" class=\"ez-toc-v2_0_69_1 counter-hierarchy ez-toc-counter ez-toc-grey ez-toc-container-direction\">\n<div class=\"ez-toc-title-container\">\n<p class=\"ez-toc-title\" style=\"cursor:inherit\">Sommaire<\/p>\n<span class=\"ez-toc-title-toggle\"><a href=\"#\" class=\"ez-toc-pull-right ez-toc-btn ez-toc-btn-xs ez-toc-btn-default ez-toc-toggle\" aria-label=\"Toggle Table of Content\"><span class=\"ez-toc-js-icon-con\"><span class=\"\"><span class=\"eztoc-hide\" style=\"display:none;\">Toggle<\/span><span class=\"ez-toc-icon-toggle-span\"><svg style=\"fill: #999;color:#999\" xmlns=\"http:\/\/www.w3.org\/2000\/svg\" class=\"list-377408\" width=\"20px\" height=\"20px\" viewBox=\"0 0 24 24\" fill=\"none\"><path d=\"M6 6H4v2h2V6zm14 0H8v2h12V6zM4 11h2v2H4v-2zm16 0H8v2h12v-2zM4 16h2v2H4v-2zm16 0H8v2h12v-2z\" fill=\"currentColor\"><\/path><\/svg><svg style=\"fill: #999;color:#999\" class=\"arrow-unsorted-368013\" xmlns=\"http:\/\/www.w3.org\/2000\/svg\" width=\"10px\" height=\"10px\" viewBox=\"0 0 24 24\" version=\"1.2\" baseProfile=\"tiny\"><path d=\"M18.2 9.3l-6.2-6.3-6.2 6.3c-.2.2-.3.4-.3.7s.1.5.3.7c.2.2.4.3.7.3h11c.3 0 .5-.1.7-.3.2-.2.3-.5.3-.7s-.1-.5-.3-.7zM5.8 14.7l6.2 6.3 6.2-6.3c.2-.2.3-.5.3-.7s-.1-.5-.3-.7c-.2-.2-.4-.3-.7-.3h-11c-.3 0-.5.1-.7.3-.2.2-.3.5-.3.7s.1.5.3.7z\"\/><\/svg><\/span><\/span><\/span><\/a><\/span><\/div>\n<nav><ul class='ez-toc-list ez-toc-list-level-1 ' ><li class='ez-toc-page-1 ez-toc-heading-level-1'><a class=\"ez-toc-link ez-toc-heading-1\" href=\"https:\/\/www.marmottine.fr\/mag\/guides\/bijoux-personnalises\/forme\/comment-choisir-un-bijou-personnalise-photo\/#Comment_choisir_un_bijou_personnalise_photo\" title=\"Comment choisir un bijou personnalis\u00e9 photo ?\">Comment choisir un bijou personnalis\u00e9 photo ?<\/a><ul class='ez-toc-list-level-2' ><li class='ez-toc-heading-level-2'><a class=\"ez-toc-link ez-toc-heading-2\" href=\"https:\/\/www.marmottine.fr\/mag\/guides\/bijoux-personnalises\/forme\/comment-choisir-un-bijou-personnalise-photo\/#Quels_sont_les_criteres_de_choix_dun_bijou_personnalise_photo\" title=\"Quels sont les crit\u00e8res de choix d&rsquo;un bijou personnalis\u00e9 photo ?\">Quels sont les crit\u00e8res de choix d&rsquo;un bijou personnalis\u00e9 photo ?<\/a><ul class='ez-toc-list-level-3' ><li class='ez-toc-heading-level-3'><a class=\"ez-toc-link ez-toc-heading-3\" href=\"https:\/\/www.marmottine.fr\/mag\/guides\/bijoux-personnalises\/forme\/comment-choisir-un-bijou-personnalise-photo\/#Materiaux\" title=\"Mat\u00e9riaux\">Mat\u00e9riaux<\/a><\/li><li class='ez-toc-page-1 ez-toc-heading-level-3'><a class=\"ez-toc-link ez-toc-heading-4\" href=\"https:\/\/www.marmottine.fr\/mag\/guides\/bijoux-personnalises\/forme\/comment-choisir-un-bijou-personnalise-photo\/#Styles\" title=\"Styles\">Styles<\/a><\/li><li class='ez-toc-page-1 ez-toc-heading-level-3'><a class=\"ez-toc-link ez-toc-heading-5\" href=\"https:\/\/www.marmottine.fr\/mag\/guides\/bijoux-personnalises\/forme\/comment-choisir-un-bijou-personnalise-photo\/#La_personnalisation\" title=\"La personnalisation\">La personnalisation<\/a><\/li><li class='ez-toc-page-1 ez-toc-heading-level-3'><a class=\"ez-toc-link ez-toc-heading-6\" href=\"https:\/\/www.marmottine.fr\/mag\/guides\/bijoux-personnalises\/forme\/comment-choisir-un-bijou-personnalise-photo\/#Confort\" title=\"Confort\">Confort<\/a><\/li><\/ul><\/li><li class='ez-toc-page-1 ez-toc-heading-level-2'><a class=\"ez-toc-link ez-toc-heading-7\" href=\"https:\/\/www.marmottine.fr\/mag\/guides\/bijoux-personnalises\/forme\/comment-choisir-un-bijou-personnalise-photo\/#Comment_choisir_un_collier_personnalise_photo\" title=\"Comment choisir un collier personnalis\u00e9 photo ?\">Comment choisir un collier personnalis\u00e9 photo ?<\/a><\/li><li class='ez-toc-page-1 ez-toc-heading-level-2'><a class=\"ez-toc-link ez-toc-heading-8\" href=\"https:\/\/www.marmottine.fr\/mag\/guides\/bijoux-personnalises\/forme\/comment-choisir-un-bijou-personnalise-photo\/#Comment_choisir_un_bracelet_a_graver_avec_une_photo\" title=\"Comment choisir un bracelet \u00e0 graver avec une photo ?\">Comment choisir un bracelet \u00e0 graver avec une photo ?<\/a><\/li><li class='ez-toc-page-1 ez-toc-heading-level-2'><a class=\"ez-toc-link ez-toc-heading-9\" href=\"https:\/\/www.marmottine.fr\/mag\/guides\/bijoux-personnalises\/forme\/comment-choisir-un-bijou-personnalise-photo\/#Comment_choisir_la_personnalisation_a_apposer_sur_un_bijou\" title=\"Comment choisir la personnalisation \u00e0 apposer sur un bijou ?\">Comment choisir la personnalisation \u00e0 apposer sur un bijou ?<\/a><\/li><li class='ez-toc-page-1 ez-toc-heading-level-2'><a class=\"ez-toc-link ez-toc-heading-10\" href=\"https:\/\/www.marmottine.fr\/mag\/guides\/bijoux-personnalises\/forme\/comment-choisir-un-bijou-personnalise-photo\/#Bijou_personnalise_photo_le_choix_de_la_matiere\" title=\"Bijou personnalis\u00e9 photo : le choix de la mati\u00e8re\">Bijou personnalis\u00e9 photo : le choix de la mati\u00e8re<\/a><\/li><\/ul><\/li><\/ul><\/nav><\/div>\n\n<figure id=\"attachment_763\" aria-describedby=\"caption-attachment-763\" style=\"width: 1200px\" class=\"wp-caption alignnone\"><img loading=\"lazy\" decoding=\"async\" class=\"size-full wp-image-763\" src=\"https:\/\/www.marmottine.fr\/mag\/wp-content\/uploads\/2024\/10\/bijou-personnalise-photo.jpg\" alt=\"bijou personnalise photo\" width=\"1200\" height=\"800\" srcset=\"https:\/\/www.marmottine.fr\/mag\/wp-content\/uploads\/2024\/10\/bijou-personnalise-photo.jpg 1200w, https:\/\/www.marmottine.fr\/mag\/wp-content\/uploads\/2024\/10\/bijou-personnalise-photo-300x200.jpg 300w, https:\/\/www.marmottine.fr\/mag\/wp-content\/uploads\/2024\/10\/bijou-personnalise-photo-1024x683.jpg 1024w, https:\/\/www.marmottine.fr\/mag\/wp-content\/uploads\/2024\/10\/bijou-personnalise-photo-768x512.jpg 768w\" sizes=\"(max-width: 1200px) 100vw, 1200px\" \/><figcaption id=\"caption-attachment-763\" class=\"wp-caption-text\">bijou personnalise photo<\/figcaption><\/figure>\n<p><span style=\"font-weight: 400;\">Un bijou photo n&rsquo;est pas qu&rsquo;une simple pi\u00e8ce pour <span style=\"text-decoration: underline;\">se mettre en valeur<\/span>. C&rsquo;est une fa\u00e7on intime et authentique d&#8217;emporter avec vous un moment, un endroit ou un <strong>souvenir marquant<\/strong>. Afin de vous aider dans le choix du bon <a href=\"https:\/\/www.marmottine.fr\/mag\/guides\/bijoux-personnalises\/forme\">bijou \u00e0 graver<\/a> qui vous correspond le plus, voici quelques crit\u00e8res \u00e0 prendre en compte lorsque vous souhaitez choisir un <span style=\"text-decoration: underline;\">bijou personnalis\u00e9 photo<\/span> : mat\u00e9riaux, styles et personnalisation.<\/span><\/p>\n<h2><span class=\"ez-toc-section\" id=\"Quels_sont_les_criteres_de_choix_dun_bijou_personnalise_photo\"><\/span><b>Quels sont les crit\u00e8res de choix d&rsquo;un bijou personnalis\u00e9 photo ?<\/b><span class=\"ez-toc-section-end\"><\/span><\/h2>\n<p><span style=\"font-weight: 400;\">Voici quelques crit\u00e8res \u00e0 prendre en compte pour le choix d&rsquo;un bijou personnalis\u00e9 photo.<\/span><\/p>\n<h3><span class=\"ez-toc-section\" id=\"Materiaux\"><\/span><b>Mat\u00e9riaux<\/b><span class=\"ez-toc-section-end\"><\/span><\/h3>\n<p><span style=\"font-weight: 400;\">Le choix du mat\u00e9riau est primordial. Les composants du bijou photo sur lequel vous jetez votre d\u00e9volu, d\u00e9termine aussi bien <strong>sa durabilit\u00e9<\/strong>, mais \u00e9galement le rendu visuel de votre bijou.<\/span><\/p>\n<p><span style=\"font-weight: 400;\">Les<strong> bijoux photo<\/strong> confectionn\u00e9s \u00e0 base de corde incarnent l&rsquo;essence m\u00eame de <span style=\"text-decoration: underline;\">l&rsquo;esth\u00e9tique et de l&rsquo;innovation<\/span>. Les bracelets personnalis\u00e9s avec photo, par exemple, sont fabriqu\u00e9s pour une finition attrayante et une solidit\u00e9 optimale. Fabriqu\u00e9s avec minutie \u00e0 partir de corde tr\u00e8s r\u00e9sistante, ils peuvent \u00eatre port\u00e9s pour s&rsquo;adapter naturellement aux hommes ou aux femmes, rendant ces joyaux non seulement \u00e9l\u00e9gants, mais alliables \u00e0 tous styles d&rsquo;habillement.<\/span><\/p>\n<p><span style=\"font-weight: 400;\">Si vous \u00eates \u00e0 la recherche d&rsquo;un rendu lustr\u00e9 et raffin\u00e9, optez pour les bijoux en acier. En d&rsquo;autres termes, l&rsquo;acier inoxydable est une mati\u00e8re durable, ad\u00e9quate pour confectionner un bijou \u00e0 porter quotidiennement et en tout temps. Le <strong>bracelet gourmette<\/strong> photo personnalis\u00e9 en est une <span style=\"text-decoration: underline;\">parfaite illustration<\/span>. Vous pourriez aussi \u00eatre attir\u00e9 par les colliers et les pendentifs projection photo, un \u00e9quilibre authentique entre finesse et durabilit\u00e9. L&rsquo;acier inoxydable est disponible en plusieurs types et pr\u00e9sente beaucoup d&rsquo;avantages.<\/span><\/p>\n<h3><span class=\"ez-toc-section\" id=\"Styles\"><\/span><b>Styles<\/b><span class=\"ez-toc-section-end\"><\/span><\/h3>\n<p><span style=\"font-weight: 400;\">Il existe une panoplie de mod\u00e8les de bijoux photo qui peuvent convenir \u00e0 tous types de personnes. <span style=\"text-decoration: underline;\">Le choix du style de bijou<\/span> repr\u00e9sente un facteur essentiel \u00e0 ne pas n\u00e9gliger. Au moment du choix de votre bijou photo, pensez \u00e0 l&rsquo;esth\u00e9tique qui met en valeur vos go\u00fbts personnels et votre personnalit\u00e9. Chaque pi\u00e8ce propose un moyen authentique de graver vos moments les plus marquants.<\/span><\/p>\n<p><span style=\"font-weight: 400;\">Les adeptes d&rsquo;\u00e9l\u00e9gance et de finesse pourront appr\u00e9cier sans doute le collier <\/span><b>photo personnalis\u00e9 floral<\/b><span style=\"font-weight: 400;\">. Il se caract\u00e9rise par sa f\u00e9minit\u00e9 et sa d\u00e9licatesse.<\/span><\/p>\n<p><span style=\"font-weight: 400;\">Pour une allure singuli\u00e8re et \u00e9l\u00e9gante, optez pour un bracelet cha\u00eene photo pour affiner votre look. Il apporte une touche compl\u00e8tement tendance et contemporaine. Sa solide mise au point en fait un joyau unique qui tape \u00e0 l&rsquo;\u0153il.<\/span><\/p>\n<p><span style=\"font-weight: 400;\">En ce qui concerne la <strong>bague photo projection<\/strong> par exemple, elle attire les regards de par sa conception unique. Brillante et pleine d&rsquo;\u00e9clat, elle ne manquera pas d&rsquo;ajouter une touche de rayonnement \u00e0 votre d\u00e9marche. Profitez des looks d&rsquo;\u00e9t\u00e9 qui feront forte impression avec des bagues photo projection.<\/span><\/p>\n<h3><span class=\"ez-toc-section\" id=\"La_personnalisation\"><\/span><b>La personnalisation<\/b><span class=\"ez-toc-section-end\"><\/span><\/h3>\n<p><span style=\"font-weight: 400;\">La personnalisation modifie un simple bijou en un pr\u00e9sent sp\u00e9cial et unique. Lors de l&rsquo;achat d&rsquo;un bijou photo, n&rsquo;omettez surtout pas de prendre en consid\u00e9ration des alternatives de personnalisation accessibles telles que l&rsquo;incorporation d&rsquo;image et les gravures. <strong>L&rsquo;option de personnalisation<\/strong> apporte une certaine <span style=\"text-decoration: underline;\">authenticit\u00e9 aux bijoux photo<\/span>. Chaque m\u00e9thode de mise au point propose une fa\u00e7on originale de capturer vos moments priv\u00e9s.<\/span><\/p>\n<p><span style=\"font-weight: 400;\">La gravure, adopt\u00e9e pour les <strong>bracelets photo<\/strong>, immortalise une image sp\u00e9ciale de fa\u00e7on \u00e9l\u00e9gante et subtile. Cette forme de personnalisation procure une texture palpable aux bijoux, donnant de l&rsquo;\u00e9clat \u00e0 votre photo. L&rsquo;association d&rsquo;images, tout comme sur un bracelet avec photo int\u00e9gr\u00e9, cr\u00e9e une sensation de bien-\u00eatre en <span style=\"text-decoration: underline;\">encapsulant vos souvenirs<\/span> imm\u00e9diatement sur votre bague ou un collier. Votre gravure y est minutieusement dispos\u00e9e, cr\u00e9ant une relation durable et intime avec votre bijou.<\/span><\/p>\n<p><span style=\"font-weight: 400;\">La projection, une m\u00e9thode avanc\u00e9e mise en avant pour des <span style=\"text-decoration: underline;\">colliers photo personnalis\u00e9s<\/span>, permet de mettre en lumi\u00e8re une photo privil\u00e9gi\u00e9e \u00e0 l&rsquo;int\u00e9rieur d&rsquo;une bague. Cette technique high-tech d\u00e9gage un effet exceptionnel, faisant de votre bijou un r\u00e9el objet d&rsquo;attirance.<\/span><\/p>\n<h3><span class=\"ez-toc-section\" id=\"Confort\"><\/span><b>Confort<\/b><span class=\"ez-toc-section-end\"><\/span><\/h3>\n<p><span style=\"font-weight: 400;\">Le confort joue un r\u00f4le primordial dans la s\u00e9lection d&rsquo;un bijou photo, surtout si vous envisagez de <span style=\"text-decoration: underline;\">le porter au quotidien<\/span>. Assurez-vous que le joyau soit <strong>confortable et \u00e0 la bonne taille<\/strong>. Les bracelets avec photo personnalis\u00e9e sont r\u00e9glables, ce qui vous permet de les ajuster de fa\u00e7on pr\u00e9cise.<\/span><\/p>\n<h2><span class=\"ez-toc-section\" id=\"Comment_choisir_un_collier_personnalise_photo\"><\/span><b>Comment choisir un collier personnalis\u00e9 photo ?<\/b><span class=\"ez-toc-section-end\"><\/span><\/h2>\n<figure id=\"attachment_764\" aria-describedby=\"caption-attachment-764\" style=\"width: 1200px\" class=\"wp-caption alignnone\"><img loading=\"lazy\" decoding=\"async\" class=\"size-full wp-image-764\" src=\"https:\/\/www.marmottine.fr\/mag\/wp-content\/uploads\/2024\/10\/medaille-personnalisee-photo-empreinte.jpg\" alt=\"medaille personnalisee photo empreinte\" width=\"1200\" height=\"800\" srcset=\"https:\/\/www.marmottine.fr\/mag\/wp-content\/uploads\/2024\/10\/medaille-personnalisee-photo-empreinte.jpg 1200w, https:\/\/www.marmottine.fr\/mag\/wp-content\/uploads\/2024\/10\/medaille-personnalisee-photo-empreinte-300x200.jpg 300w, https:\/\/www.marmottine.fr\/mag\/wp-content\/uploads\/2024\/10\/medaille-personnalisee-photo-empreinte-1024x683.jpg 1024w, https:\/\/www.marmottine.fr\/mag\/wp-content\/uploads\/2024\/10\/medaille-personnalisee-photo-empreinte-768x512.jpg 768w\" sizes=\"(max-width: 1200px) 100vw, 1200px\" \/><figcaption id=\"caption-attachment-764\" class=\"wp-caption-text\">medaille personnalisee photo empreinte<\/figcaption><\/figure>\n<p><span style=\"font-weight: 400;\">Dans le domaine des bijoux personnalisables avec photo, le collier est l&rsquo;une des pi\u00e8ces les plus r\u00e9pandues. Elle existe d\u00e9j\u00e0 depuis plusieurs ann\u00e9es. Le collier\/pendentif a de nos jours un but principalement esth\u00e9tique. En ce qui concerne le collier personnalis\u00e9 photo, Marmottine, <\/span><b>expert en joaillerie, vous<\/b><span style=\"font-weight: 400;\"> aide dans votre choix en apportant une r\u00e9ponse \u00e0 la question suivante : comment s\u00e9lectionner un pendentif ou un collier \u00e0 graver ? En fonction de vos envies, de vos souhaits de personnalisation, de votre habillement, de vos croyances religieuses ou encore de votre personnalit\u00e9, <span style=\"text-decoration: underline;\">un accompagnement de qualit\u00e9<\/span> vous est propos\u00e9 pour le choix de votre collier.<\/span><\/p>\n<h2><span class=\"ez-toc-section\" id=\"Comment_choisir_un_bracelet_a_graver_avec_une_photo\"><\/span><b>Comment choisir un bracelet \u00e0 graver avec une photo ?<\/b><span class=\"ez-toc-section-end\"><\/span><\/h2>\n<p><span style=\"font-weight: 400;\">De m\u00eame que les colliers, les bracelets sont \u00e9galement tr\u00e8s r\u00e9pandus. Pour orner un poignet avec style, les <\/span><b>bijoux personnalis\u00e9s photo<\/b><span style=\"font-weight: 400;\"> sont tr\u00e8s demand\u00e9s aussi bien chez les femmes que chez les hommes. La s\u00e9lection des bracelets personnalisables est une d\u00e9marche que vous devez confier \u00e0 un bijoutier sp\u00e9cialis\u00e9.<\/span><\/p>\n<p><span style=\"font-weight: 400;\">En fonction de la morphologie de votre poignet, de vos envies et de bien d&rsquo;autres facteurs, vous allez devenir un sp\u00e9cialiste des bons choix pour vos bracelets. Aussi essentiel que le choix d&rsquo;une montre de valeur, <\/span><b>Marmottine vous apporte toute son expertise<\/b><span style=\"font-weight: 400;\"> afin de choisir vos bracelets grav\u00e9s.<\/span><\/p>\n<h2><span class=\"ez-toc-section\" id=\"Comment_choisir_la_personnalisation_a_apposer_sur_un_bijou\"><\/span><b>Comment choisir la personnalisation \u00e0 apposer sur un bijou ?<\/b><span class=\"ez-toc-section-end\"><\/span><\/h2>\n<p><span style=\"font-weight: 400;\">La personnalisation sur un bijou est une t\u00e2che unique, si vous souhaitez apporter une <strong>touche personnelle \u00e0 votre joyau<\/strong>. Cela rendra le bijou authentique et ce qui va provoquer l&rsquo;effet recherch\u00e9 lorsqu&rsquo;on l&rsquo;offre en cadeau \u00e0 un ami ou un proche. Personnaliser un collier ou une bague est un travail \u00e0 faire avec beaucoup de professionnalisme. Vous avez la possibilit\u00e9 de <span style=\"text-decoration: underline;\">commander en ligne<\/span> et en quelques clics seulement, une tr\u00e8s large gamme de produits avec une personnalisation.<\/span><\/p>\n<p><span style=\"font-weight: 400;\">Que ce soit avec l&rsquo;impression d&rsquo;une photo, un collier ou une gravure personnelle, il existe toute une multitude de <strong>possibilit\u00e9s de personnalisation<\/strong> : avec un nom, une photo, une image, un message, un design (ou un motif) ou encore une date. N&rsquo;h\u00e9sitez pas \u00e0 contacter Marmottine, nous vous aidons \u00e0 choisir les meilleures personnalisations \u00e0 apposer sur un bijou.<\/span><\/p>\n<h2><span class=\"ez-toc-section\" id=\"Bijou_personnalise_photo_le_choix_de_la_matiere\"><\/span><b>Bijou personnalis\u00e9 photo : le choix de la mati\u00e8re<\/b><span class=\"ez-toc-section-end\"><\/span><\/h2>\n<figure id=\"attachment_762\" aria-describedby=\"caption-attachment-762\" style=\"width: 1200px\" class=\"wp-caption alignnone\"><img loading=\"lazy\" decoding=\"async\" class=\"size-full wp-image-762\" src=\"https:\/\/www.marmottine.fr\/mag\/wp-content\/uploads\/2024\/10\/bague-personnalise-photo-dessin.jpg\" alt=\"bague personnalise photo dessin\" width=\"1200\" height=\"800\" srcset=\"https:\/\/www.marmottine.fr\/mag\/wp-content\/uploads\/2024\/10\/bague-personnalise-photo-dessin.jpg 1200w, https:\/\/www.marmottine.fr\/mag\/wp-content\/uploads\/2024\/10\/bague-personnalise-photo-dessin-300x200.jpg 300w, https:\/\/www.marmottine.fr\/mag\/wp-content\/uploads\/2024\/10\/bague-personnalise-photo-dessin-1024x683.jpg 1024w, https:\/\/www.marmottine.fr\/mag\/wp-content\/uploads\/2024\/10\/bague-personnalise-photo-dessin-768x512.jpg 768w\" sizes=\"(max-width: 1200px) 100vw, 1200px\" \/><figcaption id=\"caption-attachment-762\" class=\"wp-caption-text\">bague personnalise photo dessin<\/figcaption><\/figure>\n<p><span style=\"font-weight: 400;\"><strong>Trois principales mati\u00e8res<\/strong> sont exploit\u00e9es pour la personnalisation des bijoux. L&rsquo;acier inoxydable, l&rsquo;argent et le plaqu\u00e9 or sont les grands \u00e9l\u00e9ments qui composent :<\/span><\/p>\n<ul>\n<li style=\"font-weight: 400;\" aria-level=\"1\"><span style=\"font-weight: 400;\">Les bracelets,<\/span><\/li>\n<li style=\"font-weight: 400;\" aria-level=\"1\"><span style=\"font-weight: 400;\">Les boucles d&rsquo;oreille,<\/span><\/li>\n<li style=\"font-weight: 400;\" aria-level=\"1\"><span style=\"font-weight: 400;\">Les bagues et les colliers.<\/span><\/li>\n<\/ul>\n<p><span style=\"font-weight: 400;\">Suivant vos pr\u00e9f\u00e9rences, vos moyens ou <\/span><b>l&rsquo;esth\u00e9tique des bijoux<\/b><span style=\"font-weight: 400;\">, le choix de la mati\u00e8re de vos joyaux personnalisables est une \u00e9tape cruciale pour affiner votre \u00e9l\u00e9gance. <span style=\"text-decoration: underline;\">Suivez les conseils et les recommandations<\/span> d&rsquo;experts comme Marmottine en rapport aux diff\u00e9rents motifs de bijoux pour faire le meilleur choix.<\/span><\/p>\n","protected":false},"excerpt":{"rendered":"<p>Comment choisir un bijou personnalis\u00e9 photo ? Un bijou photo n&rsquo;est pas qu&rsquo;une simple pi\u00e8ce pour se mettre en valeur. [&hellip;]<\/p>\n","protected":false},"author":4,"featured_media":763,"parent":119,"menu_order":14,"comment_status":"closed","ping_status":"closed","template":"","meta":{"site-sidebar-layout":"default","site-content-layout":"","ast-site-content-layout":"default","site-content-style":"default","site-sidebar-style":"default","ast-global-header-display":"","ast-banner-title-visibility":"","ast-main-header-display":"","ast-hfb-above-header-display":"","ast-hfb-below-header-display":"","ast-hfb-mobile-header-display":"","site-post-title":"","ast-breadcrumbs-content":"","ast-featured-img":"","footer-sml-layout":"","theme-transparent-header-meta":"default","adv-header-id-meta":"","stick-header-meta":"","header-above-stick-meta":"","header-main-stick-meta":"","header-below-stick-meta":"","astra-migrate-meta-layouts":"set","ast-page-background-enabled":"default","ast-page-background-meta":{"desktop":{"background-color":"var(--ast-global-color-4)","background-image":"","background-repeat":"repeat","background-position":"center center","background-size":"auto","background-attachment":"scroll","background-type":"","background-media":"","overlay-type":"","overlay-color":"","overlay-gradient":""},"tablet":{"background-color":"","background-image":"","background-repeat":"repeat","background-position":"center center","background-size":"auto","background-attachment":"scroll","background-type":"","background-media":"","overlay-type":"","overlay-color":"","overlay-gradient":""},"mobile":{"background-color":"","background-image":"","background-repeat":"repeat","background-position":"center center","background-size":"auto","background-attachment":"scroll","background-type":"","background-media":"","overlay-type":"","overlay-color":"","overlay-gradient":""}},"ast-content-background-meta":{"desktop":{"background-color":"var(--ast-global-color-5)","background-image":"","background-repeat":"repeat","background-position":"center center","background-size":"auto","background-attachment":"scroll","background-type":"","background-media":"","overlay-type":"","overlay-color":"","overlay-gradient":""},"tablet":{"background-color":"var(--ast-global-color-5)","background-image":"","background-repeat":"repeat","background-position":"center center","background-size":"auto","background-attachment":"scroll","background-type":"","background-media":"","overlay-type":"","overlay-color":"","overlay-gradient":""},"mobile":{"background-color":"var(--ast-global-color-5)","background-image":"","background-repeat":"repeat","background-position":"center center","background-size":"auto","background-attachment":"scroll","background-type":"","background-media":"","overlay-type":"","overlay-color":"","overlay-gradient":""}},"footnotes":""},"aioseo_notices":[],"_links":{"self":[{"href":"https:\/\/www.marmottine.fr\/mag\/wp-json\/wp\/v2\/pages\/760"}],"collection":[{"href":"https:\/\/www.marmottine.fr\/mag\/wp-json\/wp\/v2\/pages"}],"about":[{"href":"https:\/\/www.marmottine.fr\/mag\/wp-json\/wp\/v2\/types\/page"}],"author":[{"embeddable":true,"href":"https:\/\/www.marmottine.fr\/mag\/wp-json\/wp\/v2\/users\/4"}],"replies":[{"embeddable":true,"href":"https:\/\/www.marmottine.fr\/mag\/wp-json\/wp\/v2\/comments?post=760"}],"version-history":[{"count":2,"href":"https:\/\/www.marmottine.fr\/mag\/wp-json\/wp\/v2\/pages\/760\/revisions"}],"predecessor-version":[{"id":765,"href":"https:\/\/www.marmottine.fr\/mag\/wp-json\/wp\/v2\/pages\/760\/revisions\/765"}],"up":[{"embeddable":true,"href":"https:\/\/www.marmottine.fr\/mag\/wp-json\/wp\/v2\/pages\/119"}],"wp:featuredmedia":[{"embeddable":true,"href":"https:\/\/www.marmottine.fr\/mag\/wp-json\/wp\/v2\/media\/763"}],"wp:attachment":[{"href":"https:\/\/www.marmottine.fr\/mag\/wp-json\/wp\/v2\/media?parent=760"}],"curies":[{"name":"wp","href":"https:\/\/api.w.org\/{rel}","templated":true}]}}