{"id":746,"date":"2024-10-08T09:02:09","date_gmt":"2024-10-08T07:02:09","guid":{"rendered":"https:\/\/www.marmottine.fr\/mag\/?page_id=746"},"modified":"2024-10-11T08:35:59","modified_gmt":"2024-10-11T06:35:59","slug":"comment-choisir-un-bijou-personnalise-ovale","status":"publish","type":"page","link":"https:\/\/www.marmottine.fr\/mag\/guides\/bijoux-personnalises\/forme\/comment-choisir-un-bijou-personnalise-ovale","title":{"rendered":"Comment choisir un bijou personnalis\u00e9 ovale ?"},"content":{"rendered":"<h1><span class=\"ez-toc-section\" id=\"Comment_choisir_un_bijou_personnalise_ovale\"><\/span><b>Comment choisir un bijou personnalis\u00e9 ovale ?<\/b><span class=\"ez-toc-section-end\"><\/span><\/h1><div id=\"ez-toc-container\" class=\"ez-toc-v2_0_69_1 counter-hierarchy ez-toc-counter ez-toc-grey ez-toc-container-direction\">\n<div class=\"ez-toc-title-container\">\n<p class=\"ez-toc-title\" style=\"cursor:inherit\">Sommaire<\/p>\n<span class=\"ez-toc-title-toggle\"><a href=\"#\" class=\"ez-toc-pull-right ez-toc-btn ez-toc-btn-xs ez-toc-btn-default ez-toc-toggle\" aria-label=\"Toggle Table of Content\"><span class=\"ez-toc-js-icon-con\"><span class=\"\"><span class=\"eztoc-hide\" style=\"display:none;\">Toggle<\/span><span class=\"ez-toc-icon-toggle-span\"><svg style=\"fill: #999;color:#999\" xmlns=\"http:\/\/www.w3.org\/2000\/svg\" class=\"list-377408\" width=\"20px\" height=\"20px\" viewBox=\"0 0 24 24\" fill=\"none\"><path d=\"M6 6H4v2h2V6zm14 0H8v2h12V6zM4 11h2v2H4v-2zm16 0H8v2h12v-2zM4 16h2v2H4v-2zm16 0H8v2h12v-2z\" fill=\"currentColor\"><\/path><\/svg><svg style=\"fill: #999;color:#999\" class=\"arrow-unsorted-368013\" xmlns=\"http:\/\/www.w3.org\/2000\/svg\" width=\"10px\" height=\"10px\" viewBox=\"0 0 24 24\" version=\"1.2\" baseProfile=\"tiny\"><path d=\"M18.2 9.3l-6.2-6.3-6.2 6.3c-.2.2-.3.4-.3.7s.1.5.3.7c.2.2.4.3.7.3h11c.3 0 .5-.1.7-.3.2-.2.3-.5.3-.7s-.1-.5-.3-.7zM5.8 14.7l6.2 6.3 6.2-6.3c.2-.2.3-.5.3-.7s-.1-.5-.3-.7c-.2-.2-.4-.3-.7-.3h-11c-.3 0-.5.1-.7.3-.2.2-.3.5-.3.7s.1.5.3.7z\"\/><\/svg><\/span><\/span><\/span><\/a><\/span><\/div>\n<nav><ul class='ez-toc-list ez-toc-list-level-1 ' ><li class='ez-toc-page-1 ez-toc-heading-level-1'><a class=\"ez-toc-link ez-toc-heading-1\" href=\"https:\/\/www.marmottine.fr\/mag\/guides\/bijoux-personnalises\/forme\/comment-choisir-un-bijou-personnalise-ovale\/#Comment_choisir_un_bijou_personnalise_ovale\" title=\"Comment choisir un bijou personnalis\u00e9 ovale ?\">Comment choisir un bijou personnalis\u00e9 ovale ?<\/a><ul class='ez-toc-list-level-2' ><li class='ez-toc-heading-level-2'><a class=\"ez-toc-link ez-toc-heading-2\" href=\"https:\/\/www.marmottine.fr\/mag\/guides\/bijoux-personnalises\/forme\/comment-choisir-un-bijou-personnalise-ovale\/#Pourquoi_opter_pour_un_bijou_personnalise_de_forme_ovale\" title=\"Pourquoi opter pour un bijou personnalis\u00e9 de forme ovale ?\">Pourquoi opter pour un bijou personnalis\u00e9 de forme ovale ?<\/a><\/li><li class='ez-toc-page-1 ez-toc-heading-level-2'><a class=\"ez-toc-link ez-toc-heading-3\" href=\"https:\/\/www.marmottine.fr\/mag\/guides\/bijoux-personnalises\/forme\/comment-choisir-un-bijou-personnalise-ovale\/#Les_differents_types_de_bijoux_ovales_personnalises\" title=\"Les diff\u00e9rents types de bijoux ovales personnalis\u00e9s\">Les diff\u00e9rents types de bijoux ovales personnalis\u00e9s<\/a><\/li><li class='ez-toc-page-1 ez-toc-heading-level-2'><a class=\"ez-toc-link ez-toc-heading-4\" href=\"https:\/\/www.marmottine.fr\/mag\/guides\/bijoux-personnalises\/forme\/comment-choisir-un-bijou-personnalise-ovale\/#Quels_sont_les_criteres_pour_choisir_votre_bijou_personnalise_ovale\" title=\"Quels sont les crit\u00e8res pour choisir votre bijou personnalis\u00e9 ovale ?\">Quels sont les crit\u00e8res pour choisir votre bijou personnalis\u00e9 ovale ?<\/a><\/li><li class='ez-toc-page-1 ez-toc-heading-level-2'><a class=\"ez-toc-link ez-toc-heading-5\" href=\"https:\/\/www.marmottine.fr\/mag\/guides\/bijoux-personnalises\/forme\/comment-choisir-un-bijou-personnalise-ovale\/#Quelques_conseils_pour_faire_le_bon_choix\" title=\"Quelques conseils pour faire le bon choix\">Quelques conseils pour faire le bon choix<\/a><\/li><\/ul><\/li><\/ul><\/nav><\/div>\n\n<p>&nbsp;<\/p>\n<figure id=\"attachment_751\" aria-describedby=\"caption-attachment-751\" style=\"width: 1200px\" class=\"wp-caption alignnone\"><img loading=\"lazy\" decoding=\"async\" class=\"size-full wp-image-751\" src=\"https:\/\/www.marmottine.fr\/mag\/wp-content\/uploads\/2024\/10\/bijoux-personnalises-ovale.jpg\" alt=\"bijoux personnalises ovale\" width=\"1200\" height=\"800\" srcset=\"https:\/\/www.marmottine.fr\/mag\/wp-content\/uploads\/2024\/10\/bijoux-personnalises-ovale.jpg 1200w, https:\/\/www.marmottine.fr\/mag\/wp-content\/uploads\/2024\/10\/bijoux-personnalises-ovale-300x200.jpg 300w, https:\/\/www.marmottine.fr\/mag\/wp-content\/uploads\/2024\/10\/bijoux-personnalises-ovale-1024x683.jpg 1024w, https:\/\/www.marmottine.fr\/mag\/wp-content\/uploads\/2024\/10\/bijoux-personnalises-ovale-768x512.jpg 768w\" sizes=\"(max-width: 1200px) 100vw, 1200px\" \/><figcaption id=\"caption-attachment-751\" class=\"wp-caption-text\">bijoux personnalises ovale<\/figcaption><\/figure>\n<p><span style=\"font-weight: 400;\">Acheter un <\/span><a href=\"https:\/\/www.marmottine.fr\/mag\/guides\/bijoux-personnalises\/forme\">bijou personnalis\u00e9 selon sa forme<\/a><span style=\"font-weight: 400;\">\u00a0est une fa\u00e7on unique de marquer un moment important ou d&rsquo;exprimer sa cr\u00e9ativit\u00e9. Parmi les mod\u00e8les les plus \u00e9l\u00e9gants et intemporels, il y a <\/span><b>le bijou ovale qui se distingue par ses courbes \u00e0 la fois harmonieuses et douces<\/b><span style=\"font-weight: 400;\">. Que ce soit pour cr\u00e9er une pi\u00e8ce originale refl\u00e9tant votre style ou pour offrir un cadeau symbolique, ce genre de joyau se pr\u00eate \u00e0 toutes les envies. Afin de choisir l&rsquo;accessoire id\u00e9al, vous devez consid\u00e9rer quelques crit\u00e8res essentiels comme <\/span><b>les mat\u00e9riaux, le design ou encore le type de gravure<\/b><span style=\"font-weight: 400;\">.<\/span><\/p>\n<h2><span class=\"ez-toc-section\" id=\"Pourquoi_opter_pour_un_bijou_personnalise_de_forme_ovale\"><\/span><b>Pourquoi opter pour un bijou personnalis\u00e9 de forme ovale ?<\/b><span class=\"ez-toc-section-end\"><\/span><\/h2>\n<p><b>Polyvalent et classe, le bijou ovale est un incontournable de la joaillerie<\/b><span style=\"font-weight: 400;\">. Caract\u00e9ris\u00e9e par sa fluidit\u00e9, cette forme \u00e9voque l&rsquo;infini et symbolise l&rsquo;amour. De ce fait, se tourner vers cet ornement, c&rsquo;est choisir un mod\u00e8le intemporel qui transcende les modes et qui s&rsquo;adapte \u00e0 diverses occasions. Qu&rsquo;il s&rsquo;agisse de <\/span><b>fian\u00e7ailles<\/b><span style=\"font-weight: 400;\">, de <\/span><b>mariage<\/b><span style=\"font-weight: 400;\">, d&rsquo;<\/span><b>anniversaire<\/b><span style=\"font-weight: 400;\"> ou d&rsquo;autres \u00e9v\u00e9nements marquants, ce bijou est la parure parfaite.<\/span><\/p>\n<p><span style=\"font-weight: 400;\">L&rsquo;un des grands <span style=\"text-decoration: underline;\">avantages du bijou ovale<\/span> est sa capacit\u00e9 \u00e0 flatter diff\u00e9rentes morphologies. En effet, il peut \u00eatre associ\u00e9 \u00e0 n&rsquo;importe quel style vestimentaire sans ruiner le look. \u00c0 l&rsquo;inverse des formes plus g\u00e9om\u00e9triques, il apporte une douceur visuelle convenant aussi bien aux apparences classiques qu&rsquo;aux allures modernes.<\/span><\/p>\n<p><span style=\"font-weight: 400;\">En termes de personnalisation, cette forme offre de <span style=\"text-decoration: underline;\">nombreuses possibilit\u00e9s cr\u00e9atives<\/span>. Elle permet d&rsquo;<\/span><b>int\u00e9grer des gravures d\u00e9licates, d&rsquo;incruster des gemmes ou m\u00eame d&rsquo;ajouter des motifs uniques<\/b><span style=\"font-weight: 400;\">. Peu importe le type de bijou s\u00e9lectionn\u00e9, l&rsquo;ovale donne une sensation de mouvement ainsi que de continuit\u00e9. Dans tous les cas, cet accessoire est parfait pour symboliser un moment inoubliable ou pour inscrire un message.<\/span><\/p>\n<h2><span class=\"ez-toc-section\" id=\"Les_differents_types_de_bijoux_ovales_personnalises\"><\/span><b>Les diff\u00e9rents types de bijoux ovales personnalis\u00e9s<\/b><span class=\"ez-toc-section-end\"><\/span><\/h2>\n<figure id=\"attachment_750\" aria-describedby=\"caption-attachment-750\" style=\"width: 1200px\" class=\"wp-caption alignnone\"><img loading=\"lazy\" decoding=\"async\" class=\"size-full wp-image-750\" src=\"https:\/\/www.marmottine.fr\/mag\/wp-content\/uploads\/2024\/10\/bague-personnalisee-ovale.jpg\" alt=\"bague-personnalisee-ovale\" width=\"1200\" height=\"800\" srcset=\"https:\/\/www.marmottine.fr\/mag\/wp-content\/uploads\/2024\/10\/bague-personnalisee-ovale.jpg 1200w, https:\/\/www.marmottine.fr\/mag\/wp-content\/uploads\/2024\/10\/bague-personnalisee-ovale-300x200.jpg 300w, https:\/\/www.marmottine.fr\/mag\/wp-content\/uploads\/2024\/10\/bague-personnalisee-ovale-1024x683.jpg 1024w, https:\/\/www.marmottine.fr\/mag\/wp-content\/uploads\/2024\/10\/bague-personnalisee-ovale-768x512.jpg 768w\" sizes=\"(max-width: 1200px) 100vw, 1200px\" \/><figcaption id=\"caption-attachment-750\" class=\"wp-caption-text\">bague-personnalisee-ovale<\/figcaption><\/figure>\n<p><span style=\"font-weight: 400;\">Dans les bijouteries, vous pouvez trouver plusieurs types de bijoux ovales, mais les plus courants sont :<\/span><\/p>\n<ul>\n<li style=\"font-weight: 400;\" aria-level=\"1\"><span style=\"font-weight: 400;\">les bagues ;<\/span><\/li>\n<li style=\"font-weight: 400;\" aria-level=\"1\"><span style=\"font-weight: 400;\">les colliers ;<\/span><\/li>\n<li style=\"font-weight: 400;\" aria-level=\"1\"><span style=\"font-weight: 400;\">les bracelets ;<\/span><\/li>\n<li style=\"font-weight: 400;\" aria-level=\"1\"><span style=\"font-weight: 400;\">les boucles d&rsquo;oreilles.<\/span><\/li>\n<\/ul>\n<p><span style=\"font-weight: 400;\">Appr\u00e9ci\u00e9es pour leur \u00e9l\u00e9gance, les bagues ovales ont la particularit\u00e9 de mettre en valeur les pierres pr\u00e9cieuses. Si vous souhaitez personnaliser cet anneau, le mieux est de privil\u00e9gier les gemmes telles que <\/span><b>le saphir, le diamant ou l&rsquo;\u00e9meraude<\/b><span style=\"font-weight: 400;\">. Afin de le rendre encore plus sp\u00e9cial, il suffit de faire une <span style=\"text-decoration: underline;\">gravure \u00e0 l&rsquo;int\u00e9rieur<\/span> ou sur les c\u00f4t\u00e9s. Sur le plan visuel, la forme ovale allonge le doigt et donne un aspect raffin\u00e9. Pour des occasions comme les fian\u00e7ailles, c&rsquo;est un choix populaire.<\/span><\/p>\n<p><span style=\"font-weight: 400;\">Pi\u00e8ce de joaillerie ind\u00e9modable, <\/span><b>le collier ovale est un accessoire qui peut \u00eatre personnalis\u00e9 \u00e0 l&rsquo;infini<\/b><span style=\"font-weight: 400;\">. Selon vos pr\u00e9f\u00e9rences personnelles, vous pouvez y <span style=\"text-decoration: underline;\">imprimer des initiales<\/span>, une illustration, une phrase, une date, etc. Certains pendentifs permettent d&rsquo;ins\u00e9rer une petite photo \u00e0 l&rsquo;int\u00e9rieur, ce qui en fait un v\u00e9ritable souvenir \u00e0 porter pr\u00e8s du c\u0153ur. Qu&rsquo;il soit en argent, en platine ou en or, ce joyau se porte non seulement pendant les occasions formelles, mais aussi dans la vie de tous les jours.<\/span><\/p>\n<p><b>Pour les personnes qui cherchent un ornement discret et classe, ils peuvent opter pour le bracelet avec des breloques ovales<\/b><span style=\"font-weight: 400;\">. Ces derniers sont g\u00e9n\u00e9ralement l\u00e9gers, ce qui assure un confort maximal pour un port au quotidien. Dans le cas o\u00f9 vous avez l&rsquo;intention d&rsquo;offrir un pr\u00e9sent \u00e0 quelqu&rsquo;un, ce bracelet personnalis\u00e9 est une excellente id\u00e9e de cadeau.<\/span><\/p>\n<p><span style=\"font-weight: 400;\">Gr\u00e2ce \u00e0 des boucles d&rsquo;oreilles ovales, vous allez sublimer l&rsquo;ensemble de votre tenue et faire ressortir votre f\u00e9minit\u00e9. En fonction du style, elles peuvent \u00eatre simples, avec une forme minimaliste ou orn\u00e9e de diamants et de rubis. N\u00e9anmoins, il est possible d&rsquo;inclure des inscriptions sur la monture, des motifs subtils ou encore des jeux de textures.<\/span><\/p>\n<h2><span class=\"ez-toc-section\" id=\"Quels_sont_les_criteres_pour_choisir_votre_bijou_personnalise_ovale\"><\/span><b>Quels sont les crit\u00e8res pour choisir votre bijou personnalis\u00e9 ovale ?<\/b><span class=\"ez-toc-section-end\"><\/span><\/h2>\n<figure id=\"attachment_752\" aria-describedby=\"caption-attachment-752\" style=\"width: 1200px\" class=\"wp-caption alignnone\"><img loading=\"lazy\" decoding=\"async\" class=\"size-full wp-image-752\" src=\"https:\/\/www.marmottine.fr\/mag\/wp-content\/uploads\/2024\/10\/bracelet-personnalise-ovale.jpg\" alt=\"bague-personnalisee-ovale\" width=\"1200\" height=\"800\" srcset=\"https:\/\/www.marmottine.fr\/mag\/wp-content\/uploads\/2024\/10\/bracelet-personnalise-ovale.jpg 1200w, https:\/\/www.marmottine.fr\/mag\/wp-content\/uploads\/2024\/10\/bracelet-personnalise-ovale-300x200.jpg 300w, https:\/\/www.marmottine.fr\/mag\/wp-content\/uploads\/2024\/10\/bracelet-personnalise-ovale-1024x683.jpg 1024w, https:\/\/www.marmottine.fr\/mag\/wp-content\/uploads\/2024\/10\/bracelet-personnalise-ovale-768x512.jpg 768w\" sizes=\"(max-width: 1200px) 100vw, 1200px\" \/><figcaption id=\"caption-attachment-752\" class=\"wp-caption-text\">bague-personnalisee-ovale<\/figcaption><\/figure>\n<p><span style=\"font-weight: 400;\">En principe, le choix d&rsquo;un bijou personnalis\u00e9 de forme ovale repose <span style=\"text-decoration: underline;\">sur plusieurs crit\u00e8res<\/span>. Afin d&rsquo;avoir une pi\u00e8ce originale adapt\u00e9e \u00e0 vos go\u00fbts ou \u00e0 ceux du destinataire, il faut consid\u00e9rer :<\/span><\/p>\n<ul>\n<li style=\"font-weight: 400;\" aria-level=\"1\"><span style=\"font-weight: 400;\">le mat\u00e9riau ;<\/span><\/li>\n<li style=\"font-weight: 400;\" aria-level=\"1\"><span style=\"font-weight: 400;\">la taille ;<\/span><\/li>\n<li style=\"font-weight: 400;\" aria-level=\"1\"><span style=\"font-weight: 400;\">la personnalisation ;<\/span><\/li>\n<li style=\"font-weight: 400;\" aria-level=\"1\"><span style=\"font-weight: 400;\">le budget.<\/span><\/li>\n<\/ul>\n<p><span style=\"font-weight: 400;\">Lorsque vous allez acheter ce genre d&rsquo;accessoire, le premier \u00e9l\u00e9ment \u00e0 prendre en compte est son mat\u00e9riau. La plupart du temps, cet ornement est fabriqu\u00e9 en or, en platine, en argent ou en acier inoxydable. L&rsquo;or, qu&rsquo;il soit jaune, blanc ou rose, offre une touche classique et un aspect distingu\u00e9. Quant au platine et \u00e0 l&rsquo;argent, ils sont d\u00e9di\u00e9s \u00e0 ceux qui aiment un look plus branch\u00e9.<\/span><\/p>\n<p><b>Le bijou personnalis\u00e9 ovale doit \u00eatre s\u00e9lectionn\u00e9 en fonction de la morphologie et des pr\u00e9f\u00e9rences esth\u00e9tiques<\/b><span style=\"font-weight: 400;\">. Si vous adorez les mod\u00e8les audacieux, par exemple, vous pouvez choisir une bague ovale imposante. Dans le cas contraire, un petit pendentif d\u00e9licat suffira \u00e0 <span style=\"text-decoration: underline;\">r\u00e9pondre \u00e0 vos attentes<\/span>. Pour une sensation de l\u00e9g\u00e8ret\u00e9, il faut que les proportions soient harmonieuses.<\/span><\/p>\n<p><span style=\"font-weight: 400;\">\u00c0 propos de la personnalisation, vous avez acc\u00e8s \u00e0 une vari\u00e9t\u00e9 de solutions. La gravure est l&rsquo;option la plus courante puisqu&rsquo;elle permet d&rsquo;ajouter toutes sortes de repr\u00e9sentations sur le joyau. Autrement, vous pouvez y incruster des pierres pr\u00e9cieuses ou semi-pr\u00e9cieuses.<\/span><\/p>\n<p><span style=\"font-weight: 400;\">N&rsquo;oubliez pas de v\u00e9rifier votre budget. En g\u00e9n\u00e9ral, <\/span><b>le prix du bijou personnalis\u00e9 ovale d\u00e9pend du mat\u00e9riau utilis\u00e9, des dimensions et de la personnalisation<\/b><span style=\"font-weight: 400;\">. Vu que le co\u00fbt varie selon plusieurs \u00e9l\u00e9ments, il est indispensable de trouver un \u00e9quilibre entre vos envies et les d\u00e9penses associ\u00e9es.<\/span><\/p>\n<h2><span class=\"ez-toc-section\" id=\"Quelques_conseils_pour_faire_le_bon_choix\"><\/span><b>Quelques conseils pour faire le bon choix<\/b><span class=\"ez-toc-section-end\"><\/span><\/h2>\n<p><span style=\"font-weight: 400;\">Afin de trouver le bijou ovale personnalis\u00e9 id\u00e9al, vous devez d&rsquo;abord d\u00e9finir l&rsquo;occasion pour laquelle il est destin\u00e9. En effet, un ornement pour des fian\u00e7ailles ou un mariage a une signification diff\u00e9rente de celui offert pour une naissance ou un anniversaire. Pour des \u00e9v\u00e8nements sp\u00e9ciaux, il est pr\u00e9f\u00e9rable de privil\u00e9gier des mat\u00e9riaux nobles comme l&rsquo;or ou le platine. Pour les occasions plus modestes, il vaut mieux un mod\u00e8le en argent.<\/span><\/p>\n<p><span style=\"font-weight: 400;\">Ensuite, il est conseill\u00e9 de <\/span><b>tenir compte de vos go\u00fbts personnels<\/b><span style=\"font-weight: 400;\">. Avant tout, le choix de la personnalisation doit refl\u00e9ter le caract\u00e8re de son porteur. Si la personne aime les accessoires moins voyants, optez pour un bracelet ou un collier avec des gravures fines. Pour quelqu&rsquo;un qui aime se faire remarquer, un joyau orn\u00e9 de pierres pr\u00e9cieuses ou de breloques volumineuses peut convenir. Enfin, pensez \u00e0 la qualit\u00e9 et la durabilit\u00e9 du bijou. Choisissez un mat\u00e9riau capable de r\u00e9sister \u00e0 l&rsquo;usure quotidienne, en particulier si l&rsquo;ornement va \u00eatre port\u00e9 r\u00e9guli\u00e8rement.<\/span><\/p>\n<p><span style=\"font-weight: 400;\">En somme, opter pour un <span style=\"text-decoration: underline;\">bijou personnalis\u00e9 ovale<\/span> permet d&rsquo;avoir une pi\u00e8ce aussi bien symbolique qu&rsquo;\u00e9l\u00e9gante. Gr\u00e2ce \u00e0 son contour lisse, <\/span><b>ce joyau convient \u00e0 une multitude de styles et d&rsquo;occasions<\/b><span style=\"font-weight: 400;\">. De ce fait, vous pouvez le retrouver sous forme de bague, bracelet, pendentif ou encore boucles d&rsquo;oreilles. En personnalisant cet accessoire, vous avez la possibilit\u00e9 de choisir les mat\u00e9riaux, d&rsquo;ajouter des pierres pr\u00e9cieuses et d&rsquo;y graver vos propres inscriptions.<\/span><\/p>\n","protected":false},"excerpt":{"rendered":"<p>Comment choisir un bijou personnalis\u00e9 ovale ? &nbsp; Acheter un bijou personnalis\u00e9 selon sa forme\u00a0est une fa\u00e7on unique de marquer [&hellip;]<\/p>\n","protected":false},"author":4,"featured_media":751,"parent":119,"menu_order":12,"comment_status":"closed","ping_status":"closed","template":"","meta":{"site-sidebar-layout":"default","site-content-layout":"","ast-site-content-layout":"default","site-content-style":"default","site-sidebar-style":"default","ast-global-header-display":"","ast-banner-title-visibility":"","ast-main-header-display":"","ast-hfb-above-header-display":"","ast-hfb-below-header-display":"","ast-hfb-mobile-header-display":"","site-post-title":"","ast-breadcrumbs-content":"","ast-featured-img":"","footer-sml-layout":"","theme-transparent-header-meta":"default","adv-header-id-meta":"","stick-header-meta":"","header-above-stick-meta":"","header-main-stick-meta":"","header-below-stick-meta":"","astra-migrate-meta-layouts":"set","ast-page-background-enabled":"default","ast-page-background-meta":{"desktop":{"background-color":"var(--ast-global-color-4)","background-image":"","background-repeat":"repeat","background-position":"center center","background-size":"auto","background-attachment":"scroll","background-type":"","background-media":"","overlay-type":"","overlay-color":"","overlay-gradient":""},"tablet":{"background-color":"","background-image":"","background-repeat":"repeat","background-position":"center center","background-size":"auto","background-attachment":"scroll","background-type":"","background-media":"","overlay-type":"","overlay-color":"","overlay-gradient":""},"mobile":{"background-color":"","background-image":"","background-repeat":"repeat","background-position":"center center","background-size":"auto","background-attachment":"scroll","background-type":"","background-media":"","overlay-type":"","overlay-color":"","overlay-gradient":""}},"ast-content-background-meta":{"desktop":{"background-color":"var(--ast-global-color-5)","background-image":"","background-repeat":"repeat","background-position":"center center","background-size":"auto","background-attachment":"scroll","background-type":"","background-media":"","overlay-type":"","overlay-color":"","overlay-gradient":""},"tablet":{"background-color":"var(--ast-global-color-5)","background-image":"","background-repeat":"repeat","background-position":"center center","background-size":"auto","background-attachment":"scroll","background-type":"","background-media":"","overlay-type":"","overlay-color":"","overlay-gradient":""},"mobile":{"background-color":"var(--ast-global-color-5)","background-image":"","background-repeat":"repeat","background-position":"center center","background-size":"auto","background-attachment":"scroll","background-type":"","background-media":"","overlay-type":"","overlay-color":"","overlay-gradient":""}},"footnotes":""},"aioseo_notices":[],"_links":{"self":[{"href":"https:\/\/www.marmottine.fr\/mag\/wp-json\/wp\/v2\/pages\/746"}],"collection":[{"href":"https:\/\/www.marmottine.fr\/mag\/wp-json\/wp\/v2\/pages"}],"about":[{"href":"https:\/\/www.marmottine.fr\/mag\/wp-json\/wp\/v2\/types\/page"}],"author":[{"embeddable":true,"href":"https:\/\/www.marmottine.fr\/mag\/wp-json\/wp\/v2\/users\/4"}],"replies":[{"embeddable":true,"href":"https:\/\/www.marmottine.fr\/mag\/wp-json\/wp\/v2\/comments?post=746"}],"version-history":[{"count":4,"href":"https:\/\/www.marmottine.fr\/mag\/wp-json\/wp\/v2\/pages\/746\/revisions"}],"predecessor-version":[{"id":753,"href":"https:\/\/www.marmottine.fr\/mag\/wp-json\/wp\/v2\/pages\/746\/revisions\/753"}],"up":[{"embeddable":true,"href":"https:\/\/www.marmottine.fr\/mag\/wp-json\/wp\/v2\/pages\/119"}],"wp:featuredmedia":[{"embeddable":true,"href":"https:\/\/www.marmottine.fr\/mag\/wp-json\/wp\/v2\/media\/751"}],"wp:attachment":[{"href":"https:\/\/www.marmottine.fr\/mag\/wp-json\/wp\/v2\/media?parent=746"}],"curies":[{"name":"wp","href":"https:\/\/api.w.org\/{rel}","templated":true}]}}