{"id":740,"date":"2024-10-08T08:54:41","date_gmt":"2024-10-08T06:54:41","guid":{"rendered":"https:\/\/www.marmottine.fr\/mag\/?page_id=740"},"modified":"2024-10-11T08:35:51","modified_gmt":"2024-10-11T06:35:51","slug":"comment-choisir-un-bijou-personnalise-carre","status":"publish","type":"page","link":"https:\/\/www.marmottine.fr\/mag\/guides\/bijoux-personnalises\/forme\/comment-choisir-un-bijou-personnalise-carre","title":{"rendered":"Comment choisir un bijou personnalis\u00e9 carr\u00e9 ?"},"content":{"rendered":"<h1><span class=\"ez-toc-section\" id=\"Comment_choisir_un_bijou_personnalise_carre\"><\/span><b>Comment choisir un bijou personnalis\u00e9 carr\u00e9 ?<\/b><span class=\"ez-toc-section-end\"><\/span><\/h1><div id=\"ez-toc-container\" class=\"ez-toc-v2_0_69_1 counter-hierarchy ez-toc-counter ez-toc-grey ez-toc-container-direction\">\n<div class=\"ez-toc-title-container\">\n<p class=\"ez-toc-title\" style=\"cursor:inherit\">Sommaire<\/p>\n<span class=\"ez-toc-title-toggle\"><a href=\"#\" class=\"ez-toc-pull-right ez-toc-btn ez-toc-btn-xs ez-toc-btn-default ez-toc-toggle\" aria-label=\"Toggle Table of Content\"><span class=\"ez-toc-js-icon-con\"><span class=\"\"><span class=\"eztoc-hide\" style=\"display:none;\">Toggle<\/span><span class=\"ez-toc-icon-toggle-span\"><svg style=\"fill: #999;color:#999\" xmlns=\"http:\/\/www.w3.org\/2000\/svg\" class=\"list-377408\" width=\"20px\" height=\"20px\" viewBox=\"0 0 24 24\" fill=\"none\"><path d=\"M6 6H4v2h2V6zm14 0H8v2h12V6zM4 11h2v2H4v-2zm16 0H8v2h12v-2zM4 16h2v2H4v-2zm16 0H8v2h12v-2z\" fill=\"currentColor\"><\/path><\/svg><svg style=\"fill: #999;color:#999\" class=\"arrow-unsorted-368013\" xmlns=\"http:\/\/www.w3.org\/2000\/svg\" width=\"10px\" height=\"10px\" viewBox=\"0 0 24 24\" version=\"1.2\" baseProfile=\"tiny\"><path d=\"M18.2 9.3l-6.2-6.3-6.2 6.3c-.2.2-.3.4-.3.7s.1.5.3.7c.2.2.4.3.7.3h11c.3 0 .5-.1.7-.3.2-.2.3-.5.3-.7s-.1-.5-.3-.7zM5.8 14.7l6.2 6.3 6.2-6.3c.2-.2.3-.5.3-.7s-.1-.5-.3-.7c-.2-.2-.4-.3-.7-.3h-11c-.3 0-.5.1-.7.3-.2.2-.3.5-.3.7s.1.5.3.7z\"\/><\/svg><\/span><\/span><\/span><\/a><\/span><\/div>\n<nav><ul class='ez-toc-list ez-toc-list-level-1 ' ><li class='ez-toc-page-1 ez-toc-heading-level-1'><a class=\"ez-toc-link ez-toc-heading-1\" href=\"https:\/\/www.marmottine.fr\/mag\/guides\/bijoux-personnalises\/forme\/comment-choisir-un-bijou-personnalise-carre\/#Comment_choisir_un_bijou_personnalise_carre\" title=\"Comment choisir un bijou personnalis\u00e9 carr\u00e9 ?\">Comment choisir un bijou personnalis\u00e9 carr\u00e9 ?<\/a><ul class='ez-toc-list-level-2' ><li class='ez-toc-heading-level-2'><a class=\"ez-toc-link ez-toc-heading-2\" href=\"https:\/\/www.marmottine.fr\/mag\/guides\/bijoux-personnalises\/forme\/comment-choisir-un-bijou-personnalise-carre\/#Le_bijou_de_forme_carree_entre_le_classique_et_loriginalite\" title=\"Le bijou de forme carr\u00e9e, entre le classique et l\u2019originalit\u00e9\u00a0\">Le bijou de forme carr\u00e9e, entre le classique et l\u2019originalit\u00e9\u00a0<\/a><\/li><li class='ez-toc-page-1 ez-toc-heading-level-2'><a class=\"ez-toc-link ez-toc-heading-3\" href=\"https:\/\/www.marmottine.fr\/mag\/guides\/bijoux-personnalises\/forme\/comment-choisir-un-bijou-personnalise-carre\/#Le_grand_classique_la_chevaliere\" title=\"Le grand classique : la chevali\u00e8re\">Le grand classique : la chevali\u00e8re<\/a><\/li><li class='ez-toc-page-1 ez-toc-heading-level-2'><a class=\"ez-toc-link ez-toc-heading-4\" href=\"https:\/\/www.marmottine.fr\/mag\/guides\/bijoux-personnalises\/forme\/comment-choisir-un-bijou-personnalise-carre\/#Les_autres_types_de_bague_carree\" title=\"Les autres types de bague carr\u00e9e\">Les autres types de bague carr\u00e9e<\/a><\/li><li class='ez-toc-page-1 ez-toc-heading-level-2'><a class=\"ez-toc-link ez-toc-heading-5\" href=\"https:\/\/www.marmottine.fr\/mag\/guides\/bijoux-personnalises\/forme\/comment-choisir-un-bijou-personnalise-carre\/#Les_pendentifs_et_les_boucles_doreilles\" title=\"Les pendentifs et les boucles d\u2019oreilles\">Les pendentifs et les boucles d\u2019oreilles<\/a><\/li><li class='ez-toc-page-1 ez-toc-heading-level-2'><a class=\"ez-toc-link ez-toc-heading-6\" href=\"https:\/\/www.marmottine.fr\/mag\/guides\/bijoux-personnalises\/forme\/comment-choisir-un-bijou-personnalise-carre\/#Quelle_personnalisation_pour_un_bijou_carre\" title=\"Quelle personnalisation pour un bijou carr\u00e9 ?\u00a0\">Quelle personnalisation pour un bijou carr\u00e9 ?\u00a0<\/a><\/li><li class='ez-toc-page-1 ez-toc-heading-level-2'><a class=\"ez-toc-link ez-toc-heading-7\" href=\"https:\/\/www.marmottine.fr\/mag\/guides\/bijoux-personnalises\/forme\/comment-choisir-un-bijou-personnalise-carre\/#Comment_choisir_la_personnalisation_parfaite_pour_son_bijou_carre\" title=\"Comment choisir la personnalisation parfaite pour son bijou carr\u00e9 ?\u00a0\">Comment choisir la personnalisation parfaite pour son bijou carr\u00e9 ?\u00a0<\/a><\/li><li class='ez-toc-page-1 ez-toc-heading-level-2'><a class=\"ez-toc-link ez-toc-heading-8\" href=\"https:\/\/www.marmottine.fr\/mag\/guides\/bijoux-personnalises\/forme\/comment-choisir-un-bijou-personnalise-carre\/#Quels_sont_les_parametres_importants_a_prendre_en_compte_avant_doffrir_un_bijou\" title=\"Quels sont les param\u00e8tres importants \u00e0 prendre en compte avant d\u2019offrir un bijou ?\u00a0\">Quels sont les param\u00e8tres importants \u00e0 prendre en compte avant d\u2019offrir un bijou ?\u00a0<\/a><\/li><li class='ez-toc-page-1 ez-toc-heading-level-2'><a class=\"ez-toc-link ez-toc-heading-9\" href=\"https:\/\/www.marmottine.fr\/mag\/guides\/bijoux-personnalises\/forme\/comment-choisir-un-bijou-personnalise-carre\/#Attention_aux_retours\" title=\"Attention aux retours\">Attention aux retours<\/a><\/li><\/ul><\/li><\/ul><\/nav><\/div>\n\n<figure id=\"attachment_744\" aria-describedby=\"caption-attachment-744\" style=\"width: 1200px\" class=\"wp-caption alignnone\"><img loading=\"lazy\" decoding=\"async\" class=\"size-full wp-image-744\" src=\"https:\/\/www.marmottine.fr\/mag\/wp-content\/uploads\/2024\/10\/bracelet-jonc-carre-personnalise.jpg\" alt=\"bracelet-jonc-carre-personnalise\" width=\"1200\" height=\"800\" srcset=\"https:\/\/www.marmottine.fr\/mag\/wp-content\/uploads\/2024\/10\/bracelet-jonc-carre-personnalise.jpg 1200w, https:\/\/www.marmottine.fr\/mag\/wp-content\/uploads\/2024\/10\/bracelet-jonc-carre-personnalise-300x200.jpg 300w, https:\/\/www.marmottine.fr\/mag\/wp-content\/uploads\/2024\/10\/bracelet-jonc-carre-personnalise-1024x683.jpg 1024w, https:\/\/www.marmottine.fr\/mag\/wp-content\/uploads\/2024\/10\/bracelet-jonc-carre-personnalise-768x512.jpg 768w\" sizes=\"(max-width: 1200px) 100vw, 1200px\" \/><figcaption id=\"caption-attachment-744\" class=\"wp-caption-text\">bracelet-jonc-carre-personnalise<\/figcaption><\/figure>\n<p><span style=\"font-weight: 400;\">Vous souhaitez vous offrir un joli cadeau pour une occasion particuli\u00e8re ? Ou encore offrir \u00e0 <span style=\"text-decoration: underline;\">celui ou celle qui partage votre vie<\/span> un symbole de votre amour ou un simple objet qui vous rappelle de beaux souvenirs ? \u00c9videmment, rapidement vient l\u2019id\u00e9e du bijou ! Mais il est parfois difficile de s\u2019y retrouver dans l\u2019offre assez impressionnante, et certaines et surtout certains \u2013 oui messieurs, vous pouvez le dire \u2013 sont <\/span><b>souvent d\u00e9sempar\u00e9s quand il s\u2019agit de trouver le cadeau parfait<\/b><span style=\"font-weight: 400;\">. Et encore un petit peu plus quand il s\u2019agit de <span style=\"text-decoration: underline;\">trouver la personnalisation parfaite<\/span> qui rendra unique votre bijou. Mais pas de pression, aujourd&rsquo;hui, on vous explique tout pour choisir le cadeau parfait, avec des <a href=\"https:\/\/www.marmottine.fr\/mag\/guides\/bijoux-personnalises\/forme\">bijoux de forme \u00e0 personnaliser<\/a>. Ou on vous donne quelques id\u00e9es pour vous faire plaisir !<\/span><\/p>\n<h2><span class=\"ez-toc-section\" id=\"Le_bijou_de_forme_carree_entre_le_classique_et_loriginalite\"><\/span><b>Le bijou de forme carr\u00e9e, entre le classique et l\u2019originalit\u00e9\u00a0<\/b><span class=\"ez-toc-section-end\"><\/span><\/h2>\n<p><span style=\"font-weight: 400;\">Malgr\u00e9 le fait qu\u2019elle soit un peu moins en vue que d\u2019autres formes plus \u00ab modernes \u00bb, <\/span><b>la forme carr\u00e9e a toujours \u00e9t\u00e9 un grand classique<\/b><span style=\"font-weight: 400;\"> de la bijouterie. On le trouve notamment sur les bagues, avec ces petits diamants ou \u00e9meraudes cern\u00e9s d\u2019un contour en or ou en argent carr\u00e9. C\u2019est aussi le cas des chevali\u00e8res, symbole de force et de puissance depuis des centaines d\u2019ann\u00e9es, sur certaines boucles d\u2019oreilles ou encore, et bien que ce soit plus rare, dans certains pendentifs et bracelets. La forme carr\u00e9e est ainsi une <span style=\"text-decoration: underline;\">forme historique de la bijouterie<\/span>. Une mani\u00e8re d\u2019\u00eatre tr\u00e8s classique, sophistiqu\u00e9, et pour le coup, une forme qui ira avec tous les types de v\u00eatements et qui correspondra, except\u00e9 pour les boucles d\u2019oreilles, \u00e0 toutes les morphologies physiques, types de visage ou forme des mains.\u00a0<\/span><\/p>\n<h2><span class=\"ez-toc-section\" id=\"Le_grand_classique_la_chevaliere\"><\/span><b>Le grand classique : la chevali\u00e8re<\/b><span class=\"ez-toc-section-end\"><\/span><\/h2>\n<p><span style=\"font-weight: 400;\">Parmi les <span style=\"text-decoration: underline;\">grands classiques<\/span> des bijoux carr\u00e9s, on trouve \u00e9videmment la chevali\u00e8re. C\u2019est un bijou principalement masculin qui \u00e9tait port\u00e9 par les nobles et les personnalit\u00e9s de haut rang par le pass\u00e9. Les bijoutiers de l\u2019\u00e9poque y ornaient le blason ou l\u2019embl\u00e8me d\u2019une famille qui permettait de sceller les documents et les courriers. Aujourd\u2019hui, <\/span><b>tout le monde peut en porter une<\/b><span style=\"font-weight: 400;\">, et il en existe des classiques sans inscription, mais chez certains bijoutiers, vous pouvez y faire graver ce qui vous plaira. Un classique ind\u00e9modable qui plaira \u00e0 une belle partie de la branche masculine !\u00a0<\/span><\/p>\n<h2><span class=\"ez-toc-section\" id=\"Les_autres_types_de_bague_carree\"><\/span><b>Les autres types de bague carr\u00e9e<\/b><span class=\"ez-toc-section-end\"><\/span><\/h2>\n<figure id=\"attachment_743\" aria-describedby=\"caption-attachment-743\" style=\"width: 1200px\" class=\"wp-caption alignnone\"><img loading=\"lazy\" decoding=\"async\" class=\"size-full wp-image-743\" src=\"https:\/\/www.marmottine.fr\/mag\/wp-content\/uploads\/2024\/10\/bijoux-personnalises-carre-pierre.jpg\" alt=\"bijoux personnalises carre pierre\" width=\"1200\" height=\"800\" srcset=\"https:\/\/www.marmottine.fr\/mag\/wp-content\/uploads\/2024\/10\/bijoux-personnalises-carre-pierre.jpg 1200w, https:\/\/www.marmottine.fr\/mag\/wp-content\/uploads\/2024\/10\/bijoux-personnalises-carre-pierre-300x200.jpg 300w, https:\/\/www.marmottine.fr\/mag\/wp-content\/uploads\/2024\/10\/bijoux-personnalises-carre-pierre-1024x683.jpg 1024w, https:\/\/www.marmottine.fr\/mag\/wp-content\/uploads\/2024\/10\/bijoux-personnalises-carre-pierre-768x512.jpg 768w\" sizes=\"(max-width: 1200px) 100vw, 1200px\" \/><figcaption id=\"caption-attachment-743\" class=\"wp-caption-text\">bijoux personnalises carre pierre<\/figcaption><\/figure>\n<p><span style=\"font-weight: 400;\">Pour les femmes, les <strong>bagues carr\u00e9es<\/strong> sont \u00e9galement tr\u00e8s appr\u00e9ci\u00e9es. Il y a d\u2019abord certains mod\u00e8les qui sont strictement carr\u00e9s. C\u2019est-\u00e0-dire que l\u2019anneau n\u2019en est un que pour la partie qui va venir contre le doigt. De l\u2019autre c\u00f4t\u00e9, on aura un carr\u00e9. Attention cependant, cela peut ne pas \u00eatre tr\u00e8s confortable et certaines femmes n\u2019appr\u00e9cieront gu\u00e8re. Pour tomber juste, l\u2019anneau classique surmont\u00e9 d\u2019un carr\u00e9 dans lequel sera incrust\u00e9e une pierre plus ou moins pr\u00e9cieuse selon le budget sera <\/span><\/p>\n<p><span style=\"font-weight: 400;\">pl\u00e9biscit\u00e9. Ce type de bague est tr\u00e8s classique, mais fait toujours son petit effet. <\/span><b>Certaines bagues de fian\u00e7ailles<\/b><span style=\"font-weight: 400;\"> peuvent d\u2019ailleurs \u00e9galement avoir ce type de construction. Preuve de leur beaut\u00e9 et de leur symbolique tr\u00e8s forte.\u00a0<\/span><\/p>\n<h2><span class=\"ez-toc-section\" id=\"Les_pendentifs_et_les_boucles_doreilles\"><\/span><b>Les pendentifs et les boucles d\u2019oreilles<\/b><span class=\"ez-toc-section-end\"><\/span><\/h2>\n<p><span style=\"font-weight: 400;\">C\u00f4t\u00e9 pendentif, le choix est souvent maigre, puisqu\u2019on pr\u00e9f\u00e9rera les formes arrondies, ovales ou rectangulaires. Ceci dit, un <strong>pendentif carr\u00e9<\/strong> peut avoir sa touche d\u2019originalit\u00e9 et certaines pierres peuvent tout \u00e0 fait faire l\u2019affaire pour orner un collier de mani\u00e8re sophistiqu\u00e9e et discr\u00e8te. Discr\u00e8te, car oui, en g\u00e9n\u00e9ral, les pendentifs de forme carr\u00e9e sont plut\u00f4t petits. Pour les boucles d\u2019oreilles, <\/span><b>le choix est beaucoup plus large<\/b><span style=\"font-weight: 400;\">, tant pour les femmes que pour les hommes. Discr\u00e8tes avec un simple bijou carr\u00e9 coll\u00e9 \u00e0 l\u2019oreille, ou plus large de type \u00ab cr\u00e9ole \u00bb, mais carr\u00e9, elles sont du plus bel effet.\u00a0<\/span><\/p>\n<h2><span class=\"ez-toc-section\" id=\"Quelle_personnalisation_pour_un_bijou_carre\"><\/span><b>Quelle personnalisation pour un bijou carr\u00e9 ?\u00a0<\/b><span class=\"ez-toc-section-end\"><\/span><\/h2>\n<figure id=\"attachment_742\" aria-describedby=\"caption-attachment-742\" style=\"width: 1200px\" class=\"wp-caption alignnone\"><img loading=\"lazy\" decoding=\"async\" class=\"size-full wp-image-742\" src=\"https:\/\/www.marmottine.fr\/mag\/wp-content\/uploads\/2024\/10\/bijou-personnalise-carre.jpg\" alt=\"bijou personnalise carr\u00e9\" width=\"1200\" height=\"800\" srcset=\"https:\/\/www.marmottine.fr\/mag\/wp-content\/uploads\/2024\/10\/bijou-personnalise-carre.jpg 1200w, https:\/\/www.marmottine.fr\/mag\/wp-content\/uploads\/2024\/10\/bijou-personnalise-carre-300x200.jpg 300w, https:\/\/www.marmottine.fr\/mag\/wp-content\/uploads\/2024\/10\/bijou-personnalise-carre-1024x683.jpg 1024w, https:\/\/www.marmottine.fr\/mag\/wp-content\/uploads\/2024\/10\/bijou-personnalise-carre-768x512.jpg 768w\" sizes=\"(max-width: 1200px) 100vw, 1200px\" \/><figcaption id=\"caption-attachment-742\" class=\"wp-caption-text\">bijou personnalise carr\u00e9<\/figcaption><\/figure>\n<p><span style=\"font-weight: 400;\">Une fois votre choix r\u00e9alis\u00e9, il sera temps de s\u2019int\u00e9resser \u00e0 la personnalisation. Car il existe de nombreuses mani\u00e8res de rendre votre <span style=\"text-decoration: underline;\">bijou carr\u00e9 unique<\/span>. On pense ainsi \u00e0 une inscription particuli\u00e8re sur une chevali\u00e8re, une date grav\u00e9e en dessous d\u2019une bague de fian\u00e7ailles\u2026 De nombreuses choses sont possibles gr\u00e2ce aux <strong>commandes en ligne<\/strong> aujourd\u2019hui.\u00a0<\/span><\/p>\n<h2><span class=\"ez-toc-section\" id=\"Comment_choisir_la_personnalisation_parfaite_pour_son_bijou_carre\"><\/span><b>Comment choisir la personnalisation parfaite pour son bijou carr\u00e9 ?\u00a0<\/b><span class=\"ez-toc-section-end\"><\/span><\/h2>\n<p><span style=\"font-weight: 400;\">Faisons ensemble un petit tour des possibilit\u00e9s pour <strong>personnaliser son bijou<\/strong> pour ceux qui n\u2019ont pas beaucoup d\u2019id\u00e9es.<\/span><\/p>\n<ul>\n<li style=\"font-weight: 400;\" aria-level=\"1\"><span style=\"font-weight: 400;\"><span style=\"text-decoration: underline;\">Une date<\/span> : on parle ici d\u2019un grand classique de la bijouterie ! Vous pouvez ainsi graver le jour, le mois et l\u2019ann\u00e9e d\u2019une naissance, d\u2019un mariage, d\u2019une rencontre ou d\u2019un grand \u00e9v\u00e9nement\u2026 Attention cependant, soyez s\u00fbr de votre coup avant d\u2019envoyer la date !\u00a0<\/span><\/li>\n<li style=\"font-weight: 400;\" aria-level=\"1\"><span style=\"font-weight: 400;\"><span style=\"text-decoration: underline;\">Des pr\u00e9noms<\/span> : il est aussi possible de faire graver des pr\u00e9noms ou des initiales. On pense rapidement \u00e0 celui d\u2019un enfant <strong>pour une naissance<\/strong> ou \u00e0 ceux du couple.\u00a0<\/span><\/li>\n<li style=\"font-weight: 400;\" aria-level=\"1\"><span style=\"font-weight: 400;\"><span style=\"text-decoration: underline;\">Un texte<\/span> : sur un pendentif ou \u00e0 l\u2019int\u00e9rieur d\u2019une bague, il est \u00e9galement possible d\u2019\u00e9crire un petit mot. \u00c9videmment, il faudra \u00eatre minimaliste, mais un \u00ab je t\u2019aime \u00bb, un surnom pourra \u00eatre grav\u00e9 assez facilement.\u00a0<\/span><\/li>\n<li style=\"font-weight: 400;\" aria-level=\"1\"><span style=\"font-weight: 400;\"><span style=\"text-decoration: underline;\">Une citation<\/span> : l\u00e0, il faudra voir selon la taille, et comme les pendentifs sont souvent petits, il sera possiblement difficile de le faire. Mais avec le bon bijou, pourquoi ne pas inscrire une situation \u00e9vocatrice ?\u00a0<\/span><\/li>\n<\/ul>\n<h2><span class=\"ez-toc-section\" id=\"Quels_sont_les_parametres_importants_a_prendre_en_compte_avant_doffrir_un_bijou\"><\/span><b>Quels sont les param\u00e8tres importants \u00e0 prendre en compte avant d\u2019offrir un bijou ?\u00a0<\/b><span class=\"ez-toc-section-end\"><\/span><\/h2>\n<p><span style=\"font-weight: 400;\">Alors attention cependant, si vous commandez un bijou pour l\u2019offrir. Il faudra faire attention \u00e0 plusieurs choses. D\u2019autant plus si les bijoux sont personnalis\u00e9s, car les retours sont parfois compliqu\u00e9s. D\u2019abord, pour choisir le bijou, on vous recommande d\u2019observer les bijoux que celui ou celle \u00e0 qui vous souhaitez offrir ce cadeau porte. <\/span><b>Le choix d\u2019une forme carr\u00e9e peut \u00eatre audacieux<\/b><span style=\"font-weight: 400;\"> s\u2019il ou elle n\u2019en a pas, mais son c\u00f4t\u00e9 traditionnel et classique peut \u00eatre un atout. Les tailles sont \u00e9galement tr\u00e8s importantes. N\u2019h\u00e9sitez pas \u00e0 mesurer les bagues, les colliers qu\u2019il ou elle porte d\u00e9j\u00e0.\u00a0<\/span><\/p>\n<h2><span class=\"ez-toc-section\" id=\"Attention_aux_retours\"><\/span><b>Attention aux retours<\/b><span class=\"ez-toc-section-end\"><\/span><\/h2>\n<p><span style=\"font-weight: 400;\">Des mesures et choses \u00e0 faire absolument, car dans le cas d&rsquo;un <strong>bijou carr\u00e9 personnalis\u00e9<\/strong>, de nombreuses bijouteries et sites de vente refuseront de le r\u00e9cup\u00e9rer s&rsquo;il ne convient pas. En effet, marqu\u00e9 sp\u00e9cifiquement pour vous, il ne sera pas possible de trouver quelqu&rsquo;un d&rsquo;autre pour acheter ce bijou pour le vendeur. Prudence donc !\u00a0<\/span><\/p>\n<p><span style=\"font-weight: 400;\">Voil\u00e0, \u00e0 vous de jouer pour <span style=\"text-decoration: underline;\">votre bijou carr\u00e9<\/span> !<\/span><\/p>\n<p>&nbsp;<\/p>\n","protected":false},"excerpt":{"rendered":"<p>Comment choisir un bijou personnalis\u00e9 carr\u00e9 ? Vous souhaitez vous offrir un joli cadeau pour une occasion particuli\u00e8re ? Ou [&hellip;]<\/p>\n","protected":false},"author":4,"featured_media":744,"parent":119,"menu_order":11,"comment_status":"closed","ping_status":"closed","template":"","meta":{"site-sidebar-layout":"default","site-content-layout":"","ast-site-content-layout":"default","site-content-style":"default","site-sidebar-style":"default","ast-global-header-display":"","ast-banner-title-visibility":"","ast-main-header-display":"","ast-hfb-above-header-display":"","ast-hfb-below-header-display":"","ast-hfb-mobile-header-display":"","site-post-title":"","ast-breadcrumbs-content":"","ast-featured-img":"","footer-sml-layout":"","theme-transparent-header-meta":"default","adv-header-id-meta":"","stick-header-meta":"","header-above-stick-meta":"","header-main-stick-meta":"","header-below-stick-meta":"","astra-migrate-meta-layouts":"set","ast-page-background-enabled":"default","ast-page-background-meta":{"desktop":{"background-color":"var(--ast-global-color-4)","background-image":"","background-repeat":"repeat","background-position":"center center","background-size":"auto","background-attachment":"scroll","background-type":"","background-media":"","overlay-type":"","overlay-color":"","overlay-gradient":""},"tablet":{"background-color":"","background-image":"","background-repeat":"repeat","background-position":"center center","background-size":"auto","background-attachment":"scroll","background-type":"","background-media":"","overlay-type":"","overlay-color":"","overlay-gradient":""},"mobile":{"background-color":"","background-image":"","background-repeat":"repeat","background-position":"center center","background-size":"auto","background-attachment":"scroll","background-type":"","background-media":"","overlay-type":"","overlay-color":"","overlay-gradient":""}},"ast-content-background-meta":{"desktop":{"background-color":"var(--ast-global-color-5)","background-image":"","background-repeat":"repeat","background-position":"center center","background-size":"auto","background-attachment":"scroll","background-type":"","background-media":"","overlay-type":"","overlay-color":"","overlay-gradient":""},"tablet":{"background-color":"var(--ast-global-color-5)","background-image":"","background-repeat":"repeat","background-position":"center center","background-size":"auto","background-attachment":"scroll","background-type":"","background-media":"","overlay-type":"","overlay-color":"","overlay-gradient":""},"mobile":{"background-color":"var(--ast-global-color-5)","background-image":"","background-repeat":"repeat","background-position":"center center","background-size":"auto","background-attachment":"scroll","background-type":"","background-media":"","overlay-type":"","overlay-color":"","overlay-gradient":""}},"footnotes":""},"aioseo_notices":[],"_links":{"self":[{"href":"https:\/\/www.marmottine.fr\/mag\/wp-json\/wp\/v2\/pages\/740"}],"collection":[{"href":"https:\/\/www.marmottine.fr\/mag\/wp-json\/wp\/v2\/pages"}],"about":[{"href":"https:\/\/www.marmottine.fr\/mag\/wp-json\/wp\/v2\/types\/page"}],"author":[{"embeddable":true,"href":"https:\/\/www.marmottine.fr\/mag\/wp-json\/wp\/v2\/users\/4"}],"replies":[{"embeddable":true,"href":"https:\/\/www.marmottine.fr\/mag\/wp-json\/wp\/v2\/comments?post=740"}],"version-history":[{"count":2,"href":"https:\/\/www.marmottine.fr\/mag\/wp-json\/wp\/v2\/pages\/740\/revisions"}],"predecessor-version":[{"id":745,"href":"https:\/\/www.marmottine.fr\/mag\/wp-json\/wp\/v2\/pages\/740\/revisions\/745"}],"up":[{"embeddable":true,"href":"https:\/\/www.marmottine.fr\/mag\/wp-json\/wp\/v2\/pages\/119"}],"wp:featuredmedia":[{"embeddable":true,"href":"https:\/\/www.marmottine.fr\/mag\/wp-json\/wp\/v2\/media\/744"}],"wp:attachment":[{"href":"https:\/\/www.marmottine.fr\/mag\/wp-json\/wp\/v2\/media?parent=740"}],"curies":[{"name":"wp","href":"https:\/\/api.w.org\/{rel}","templated":true}]}}