{"id":732,"date":"2024-10-08T08:43:56","date_gmt":"2024-10-08T06:43:56","guid":{"rendered":"https:\/\/www.marmottine.fr\/mag\/?page_id=732"},"modified":"2024-10-11T08:35:43","modified_gmt":"2024-10-11T06:35:43","slug":"comment-choisir-un-bijou-personnalise-fleur","status":"publish","type":"page","link":"https:\/\/www.marmottine.fr\/mag\/guides\/bijoux-personnalises\/forme\/comment-choisir-un-bijou-personnalise-fleur","title":{"rendered":"Comment choisir un bijou personnalis\u00e9 fleur ?"},"content":{"rendered":"<h1><span class=\"ez-toc-section\" id=\"Comment_choisir_un_bijou_personnalise_fleur\"><\/span><b>Comment choisir un bijou personnalis\u00e9 fleur ?<\/b><span class=\"ez-toc-section-end\"><\/span><\/h1><div id=\"ez-toc-container\" class=\"ez-toc-v2_0_69_1 counter-hierarchy ez-toc-counter ez-toc-grey ez-toc-container-direction\">\n<div class=\"ez-toc-title-container\">\n<p class=\"ez-toc-title\" style=\"cursor:inherit\">Sommaire<\/p>\n<span class=\"ez-toc-title-toggle\"><a href=\"#\" class=\"ez-toc-pull-right ez-toc-btn ez-toc-btn-xs ez-toc-btn-default ez-toc-toggle\" aria-label=\"Toggle Table of Content\"><span class=\"ez-toc-js-icon-con\"><span class=\"\"><span class=\"eztoc-hide\" style=\"display:none;\">Toggle<\/span><span class=\"ez-toc-icon-toggle-span\"><svg style=\"fill: #999;color:#999\" xmlns=\"http:\/\/www.w3.org\/2000\/svg\" class=\"list-377408\" width=\"20px\" height=\"20px\" viewBox=\"0 0 24 24\" fill=\"none\"><path d=\"M6 6H4v2h2V6zm14 0H8v2h12V6zM4 11h2v2H4v-2zm16 0H8v2h12v-2zM4 16h2v2H4v-2zm16 0H8v2h12v-2z\" fill=\"currentColor\"><\/path><\/svg><svg style=\"fill: #999;color:#999\" class=\"arrow-unsorted-368013\" xmlns=\"http:\/\/www.w3.org\/2000\/svg\" width=\"10px\" height=\"10px\" viewBox=\"0 0 24 24\" version=\"1.2\" baseProfile=\"tiny\"><path d=\"M18.2 9.3l-6.2-6.3-6.2 6.3c-.2.2-.3.4-.3.7s.1.5.3.7c.2.2.4.3.7.3h11c.3 0 .5-.1.7-.3.2-.2.3-.5.3-.7s-.1-.5-.3-.7zM5.8 14.7l6.2 6.3 6.2-6.3c.2-.2.3-.5.3-.7s-.1-.5-.3-.7c-.2-.2-.4-.3-.7-.3h-11c-.3 0-.5.1-.7.3-.2.2-.3.5-.3.7s.1.5.3.7z\"\/><\/svg><\/span><\/span><\/span><\/a><\/span><\/div>\n<nav><ul class='ez-toc-list ez-toc-list-level-1 ' ><li class='ez-toc-page-1 ez-toc-heading-level-1'><a class=\"ez-toc-link ez-toc-heading-1\" href=\"https:\/\/www.marmottine.fr\/mag\/guides\/bijoux-personnalises\/forme\/comment-choisir-un-bijou-personnalise-fleur\/#Comment_choisir_un_bijou_personnalise_fleur\" title=\"Comment choisir un bijou personnalis\u00e9 fleur ?\">Comment choisir un bijou personnalis\u00e9 fleur ?<\/a><ul class='ez-toc-list-level-2' ><li class='ez-toc-heading-level-2'><a class=\"ez-toc-link ez-toc-heading-2\" href=\"https:\/\/www.marmottine.fr\/mag\/guides\/bijoux-personnalises\/forme\/comment-choisir-un-bijou-personnalise-fleur\/#Quest-ce_quun_bijou_personnalise_fleur\" title=\"Qu\u2019est-ce qu\u2019un bijou personnalis\u00e9 fleur ?\">Qu\u2019est-ce qu\u2019un bijou personnalis\u00e9 fleur ?<\/a><\/li><li class='ez-toc-page-1 ez-toc-heading-level-2'><a class=\"ez-toc-link ez-toc-heading-3\" href=\"https:\/\/www.marmottine.fr\/mag\/guides\/bijoux-personnalises\/forme\/comment-choisir-un-bijou-personnalise-fleur\/#A_quelle_occasion_offrir_un_bijou_personnalise_fleur\" title=\"\u00c0 quelle occasion offrir un bijou personnalis\u00e9 fleur ?\">\u00c0 quelle occasion offrir un bijou personnalis\u00e9 fleur ?<\/a><\/li><li class='ez-toc-page-1 ez-toc-heading-level-2'><a class=\"ez-toc-link ez-toc-heading-4\" href=\"https:\/\/www.marmottine.fr\/mag\/guides\/bijoux-personnalises\/forme\/comment-choisir-un-bijou-personnalise-fleur\/#Quels_sont_les_differents_types_de_bijoux_personnalises_fleur\" title=\"Quels sont les diff\u00e9rents types de bijoux personnalis\u00e9s fleur ?\">Quels sont les diff\u00e9rents types de bijoux personnalis\u00e9s fleur ?<\/a><\/li><li class='ez-toc-page-1 ez-toc-heading-level-2'><a class=\"ez-toc-link ez-toc-heading-5\" href=\"https:\/\/www.marmottine.fr\/mag\/guides\/bijoux-personnalises\/forme\/comment-choisir-un-bijou-personnalise-fleur\/#Les_criteres_pour_bien_choisir_un_bijou_personnalise_fleur\" title=\"Les crit\u00e8res pour bien choisir un bijou personnalis\u00e9 fleur\">Les crit\u00e8res pour bien choisir un bijou personnalis\u00e9 fleur<\/a><ul class='ez-toc-list-level-3' ><li class='ez-toc-heading-level-3'><a class=\"ez-toc-link ez-toc-heading-6\" href=\"https:\/\/www.marmottine.fr\/mag\/guides\/bijoux-personnalises\/forme\/comment-choisir-un-bijou-personnalise-fleur\/#A_qui_est_destine_le_bijou_et_a_quelle_occasion_il_va_etre_offert\" title=\"\u00c0 qui est destin\u00e9 le bijou et \u00e0 quelle occasion il va \u00eatre offert\">\u00c0 qui est destin\u00e9 le bijou et \u00e0 quelle occasion il va \u00eatre offert<\/a><\/li><li class='ez-toc-page-1 ez-toc-heading-level-3'><a class=\"ez-toc-link ez-toc-heading-7\" href=\"https:\/\/www.marmottine.fr\/mag\/guides\/bijoux-personnalises\/forme\/comment-choisir-un-bijou-personnalise-fleur\/#Le_materiau_de_fabrication\" title=\"Le mat\u00e9riau de fabrication\">Le mat\u00e9riau de fabrication<\/a><\/li><li class='ez-toc-page-1 ez-toc-heading-level-3'><a class=\"ez-toc-link ez-toc-heading-8\" href=\"https:\/\/www.marmottine.fr\/mag\/guides\/bijoux-personnalises\/forme\/comment-choisir-un-bijou-personnalise-fleur\/#Le_type_et_le_style_de_bijou\" title=\"Le type et le style de bijou\">Le type et le style de bijou<\/a><\/li><li class='ez-toc-page-1 ez-toc-heading-level-3'><a class=\"ez-toc-link ez-toc-heading-9\" href=\"https:\/\/www.marmottine.fr\/mag\/guides\/bijoux-personnalises\/forme\/comment-choisir-un-bijou-personnalise-fleur\/#La_fleur_et_sa_signification\" title=\"La fleur et sa signification\">La fleur et sa signification<\/a><\/li><li class='ez-toc-page-1 ez-toc-heading-level-3'><a class=\"ez-toc-link ez-toc-heading-10\" href=\"https:\/\/www.marmottine.fr\/mag\/guides\/bijoux-personnalises\/forme\/comment-choisir-un-bijou-personnalise-fleur\/#Le_prix\" title=\"Le prix\">Le prix<\/a><\/li><\/ul><\/li><li class='ez-toc-page-1 ez-toc-heading-level-2'><a class=\"ez-toc-link ez-toc-heading-11\" href=\"https:\/\/www.marmottine.fr\/mag\/guides\/bijoux-personnalises\/forme\/comment-choisir-un-bijou-personnalise-fleur\/#Comment_bien_entretenir_un_bijou_personnalise_fleur\" title=\"Comment bien entretenir un bijou personnalis\u00e9 fleur ?\">Comment bien entretenir un bijou personnalis\u00e9 fleur ?<\/a><\/li><\/ul><\/li><\/ul><\/nav><\/div>\n\n<figure id=\"attachment_734\" aria-describedby=\"caption-attachment-734\" style=\"width: 1200px\" class=\"wp-caption alignnone\"><img loading=\"lazy\" decoding=\"async\" class=\"size-full wp-image-734\" src=\"https:\/\/www.marmottine.fr\/mag\/wp-content\/uploads\/2024\/10\/bijoux-personnalises-fleur.jpg\" alt=\"bijoux-personnalises-fleur\" width=\"1200\" height=\"800\" srcset=\"https:\/\/www.marmottine.fr\/mag\/wp-content\/uploads\/2024\/10\/bijoux-personnalises-fleur.jpg 1200w, https:\/\/www.marmottine.fr\/mag\/wp-content\/uploads\/2024\/10\/bijoux-personnalises-fleur-300x200.jpg 300w, https:\/\/www.marmottine.fr\/mag\/wp-content\/uploads\/2024\/10\/bijoux-personnalises-fleur-1024x683.jpg 1024w, https:\/\/www.marmottine.fr\/mag\/wp-content\/uploads\/2024\/10\/bijoux-personnalises-fleur-768x512.jpg 768w\" sizes=\"(max-width: 1200px) 100vw, 1200px\" \/><figcaption id=\"caption-attachment-734\" class=\"wp-caption-text\">bijoux-personnalises-fleur<\/figcaption><\/figure>\n<p><span style=\"font-weight: 400;\">En mati\u00e8re de bijoux, il existe un tr\u00e8s grand choix de <a href=\"https:\/\/www.marmottine.fr\/mag\/guides\/bijoux-personnalises\/forme\">personnalisation selon la forme<\/a>. En pour cause, les bijoux sont parfaits pour \u00eatre offerts et <span style=\"text-decoration: underline;\">port\u00e9s en toutes occasions<\/span>, que ce soit par un homme, une femme ou un enfant. Mais depuis quelques ann\u00e9es, la grande tendance est aux bijoux personnalis\u00e9s repr\u00e9sentant des fleurs. Mais pourquoi ces bijoux attirent autant et surtout, comment faire pour bien le choisir ?<\/span><\/p>\n<h2><span class=\"ez-toc-section\" id=\"Quest-ce_quun_bijou_personnalise_fleur\"><\/span><b>Qu\u2019est-ce qu\u2019un bijou personnalis\u00e9 fleur ?<\/b><span class=\"ez-toc-section-end\"><\/span><\/h2>\n<p><span style=\"font-weight: 400;\">Le bijou personnalis\u00e9 fleur est tout simplement un <\/span><b>bijou repr\u00e9sentant une fleur<\/b><span style=\"font-weight: 400;\"> et sur lequel il est possible de faire graver des chiffres ou des caract\u00e8res. Ainsi, on peut choisir de personnaliser un bijou en faisant graver un pr\u00e9nom, des initiales, une date de naissance ou une date importante. Offrir un tel bijou veut dire beaucoup, aussi bien pour la personne qui l\u2019offre que pour celle qui le re\u00e7oit.<\/span><\/p>\n<p><span style=\"font-weight: 400;\">En effet, <\/span><b>la fleur sur les bijoux est hautement symbolique<\/b><span style=\"font-weight: 400;\">. Il existe un tr\u00e8s grand nombre de fleurs et chacune d&rsquo;elles <span style=\"text-decoration: underline;\">a sa propre signification<\/span>. Voici quelques exemples :<\/span><\/p>\n<ul>\n<li style=\"font-weight: 400;\" aria-level=\"1\"><span style=\"font-weight: 400;\">La rose est un symbole d\u2019amour, de passion, d\u2019affection<\/span><\/li>\n<li style=\"font-weight: 400;\" aria-level=\"1\"><span style=\"font-weight: 400;\">L\u2019iris est un symbole d\u2019espoir, de sagesse<\/span><\/li>\n<li style=\"font-weight: 400;\" aria-level=\"1\"><span style=\"font-weight: 400;\">La marguerite est un symbole de puret\u00e9, de simplicit\u00e9\u2026<\/span><\/li>\n<\/ul>\n<p><span style=\"font-weight: 400;\">N\u2019h\u00e9sitez pas \u00e0 vous renseigner sur <span style=\"text-decoration: underline;\">le langage des fleurs<\/span> afin de trouver la fleur qui correspond le mieux \u00e0 la personne \u00e0 qui est destin\u00e9e ce cadeau et \u00e0 la situation.<\/span><\/p>\n<h2><span class=\"ez-toc-section\" id=\"A_quelle_occasion_offrir_un_bijou_personnalise_fleur\"><\/span><b>\u00c0 quelle occasion offrir un bijou personnalis\u00e9 fleur ?<\/b><span class=\"ez-toc-section-end\"><\/span><\/h2>\n<figure id=\"attachment_736\" aria-describedby=\"caption-attachment-736\" style=\"width: 1200px\" class=\"wp-caption alignnone\"><img loading=\"lazy\" decoding=\"async\" class=\"size-full wp-image-736\" src=\"https:\/\/www.marmottine.fr\/mag\/wp-content\/uploads\/2024\/10\/boucles-doreilles-fleur.jpg\" alt=\"boucles-doreilles-fleur\" width=\"1200\" height=\"800\" srcset=\"https:\/\/www.marmottine.fr\/mag\/wp-content\/uploads\/2024\/10\/boucles-doreilles-fleur.jpg 1200w, https:\/\/www.marmottine.fr\/mag\/wp-content\/uploads\/2024\/10\/boucles-doreilles-fleur-300x200.jpg 300w, https:\/\/www.marmottine.fr\/mag\/wp-content\/uploads\/2024\/10\/boucles-doreilles-fleur-1024x683.jpg 1024w, https:\/\/www.marmottine.fr\/mag\/wp-content\/uploads\/2024\/10\/boucles-doreilles-fleur-768x512.jpg 768w\" sizes=\"(max-width: 1200px) 100vw, 1200px\" \/><figcaption id=\"caption-attachment-736\" class=\"wp-caption-text\">boucles-doreilles-fleur<\/figcaption><\/figure>\n<p><span style=\"font-weight: 400;\">Vous pouvez offrir un bijou personnalis\u00e9 fleur \u00e0 <\/span><b>n\u2019importe quelle occasion<\/b><span style=\"font-weight: 400;\">. Bapt\u00eame, Saint Valentin, No\u00ebl, anniversaire ou simplement pour faire plaisir, toutes les occasions sont bonnes pour offrir un tel bijou. Offrir un bijou fait toujours plaisir et encore plus lorsqu\u2019il est personnalis\u00e9.<\/span><\/p>\n<p><span style=\"font-weight: 400;\">Et pour cause, quand vous faites le choix de personnaliser un bijou, c\u2019est pour montrer \u00e0 la personne \u00e0 qui vous allez l\u2019offrir, <\/span><b>\u00e0 quel point vous l\u2019aimez<\/b><span style=\"font-weight: 400;\"> et vous tenez \u00e0 elle. Vous faites la d\u00e9marche de faire graver, par exemple, une date symbolique qui touchera forc\u00e9ment la personne concern\u00e9e.<\/span><\/p>\n<h2><span class=\"ez-toc-section\" id=\"Quels_sont_les_differents_types_de_bijoux_personnalises_fleur\"><\/span><b>Quels sont les diff\u00e9rents types de bijoux personnalis\u00e9s fleur ?<\/b><span class=\"ez-toc-section-end\"><\/span><\/h2>\n<p><span style=\"font-weight: 400;\">Les bijoux personnalis\u00e9s fleur peuvent prendre diff\u00e9rentes formes. G\u00e9n\u00e9ralement, on retrouve la fleur sur les pendentifs, les bracelets, les boucles d\u2019oreilles et les bagues. Il y a aussi les broches qui sont tr\u00e8s appr\u00e9ci\u00e9es des femmes. Pour un enfant <span style=\"text-decoration: underline;\">lors d\u2019un bapt\u00eame<\/span>, la cha\u00eene avec un <\/span><b>pendentif en forme de fleur<\/b><span style=\"font-weight: 400;\"> peut \u00eatre un tr\u00e8s beau cadeau.<\/span><\/p>\n<p><span style=\"font-weight: 400;\">Quels que soient vos go\u00fbts en mati\u00e8re de bijou, vous en trouverez toujours un qui fera battre votre c\u0153ur ou celui de la personne qui recevra votre cadeau. La <\/span><b>personnalisation de bijoux<\/b><span style=\"font-weight: 400;\"> est relativement int\u00e9ressante, car elle va les sublimer.\u00a0<\/span><\/p>\n<h2><span class=\"ez-toc-section\" id=\"Les_criteres_pour_bien_choisir_un_bijou_personnalise_fleur\"><\/span><b>Les crit\u00e8res pour bien choisir un bijou personnalis\u00e9 fleur<\/b><span class=\"ez-toc-section-end\"><\/span><\/h2>\n<figure id=\"attachment_735\" aria-describedby=\"caption-attachment-735\" style=\"width: 1200px\" class=\"wp-caption alignnone\"><img loading=\"lazy\" decoding=\"async\" class=\"size-full wp-image-735\" src=\"https:\/\/www.marmottine.fr\/mag\/wp-content\/uploads\/2024\/10\/bola-fleur-de-vie.jpg\" alt=\"bola-fleur-de-vie\" width=\"1200\" height=\"800\" srcset=\"https:\/\/www.marmottine.fr\/mag\/wp-content\/uploads\/2024\/10\/bola-fleur-de-vie.jpg 1200w, https:\/\/www.marmottine.fr\/mag\/wp-content\/uploads\/2024\/10\/bola-fleur-de-vie-300x200.jpg 300w, https:\/\/www.marmottine.fr\/mag\/wp-content\/uploads\/2024\/10\/bola-fleur-de-vie-1024x683.jpg 1024w, https:\/\/www.marmottine.fr\/mag\/wp-content\/uploads\/2024\/10\/bola-fleur-de-vie-768x512.jpg 768w\" sizes=\"(max-width: 1200px) 100vw, 1200px\" \/><figcaption id=\"caption-attachment-735\" class=\"wp-caption-text\">bola-fleur-de-vie<\/figcaption><\/figure>\n<p><span style=\"font-weight: 400;\">Maintenant que vous savez ce que sont les <span style=\"text-decoration: underline;\">bijoux personnalis\u00e9s fleur<\/span>, quels sont les diff\u00e9rents types et lors de quelles occasions les offrir, entrons dans le vif du sujet : <\/span><b>comment bien les choisir<\/b><span style=\"font-weight: 400;\"> ? Vous devez baser votre choix sur diff\u00e9rents crit\u00e8res de s\u00e9lection dont voici les principaux :<\/span><\/p>\n<h3><span class=\"ez-toc-section\" id=\"A_qui_est_destine_le_bijou_et_a_quelle_occasion_il_va_etre_offert\"><\/span><b>\u00c0 qui est destin\u00e9 le bijou et \u00e0 quelle occasion il va \u00eatre offert<\/b><span class=\"ez-toc-section-end\"><\/span><\/h3>\n<p><span style=\"font-weight: 400;\">Le premier crit\u00e8re \u00e0 prendre en compte avant d\u2019acheter un bijou personnalis\u00e9 fleur est le sexe et l\u2019\u00e2ge de la personne \u00e0 qui est destin\u00e9 le cadeau ainsi que l\u2019occasion. On n\u2019offre pas le m\u00eame type de bijou \u00e0 un homme, une femme ou un enfant. De m\u00eame, <span style=\"text-decoration: underline;\">le bijou \u00e0 offrir<\/span> ne sera pas le m\u00eame pour la Saint Valentin ou pour un bapt\u00eame.<\/span><\/p>\n<h3><span class=\"ez-toc-section\" id=\"Le_materiau_de_fabrication\"><\/span><b>Le mat\u00e9riau de fabrication<\/b><span class=\"ez-toc-section-end\"><\/span><\/h3>\n<p><span style=\"font-weight: 400;\">Il existe <\/span><b>des bijoux en or<\/b><span style=\"font-weight: 400;\">, en argent, en plaqu\u00e9 or ou encore en acier inoxydable. L\u2019or est un mat\u00e9riau pr\u00e9cieux et tr\u00e8s r\u00e9sistant. Vous pouvez facilement conserver un <span style=\"text-decoration: underline;\">bijou en or<\/span> pendant de tr\u00e8s longues ann\u00e9es sans jamais qu\u2019il ne s&rsquo;ab\u00eeme. Toutefois, l\u2019or co\u00fbte assez cher par rapport aux autres mati\u00e8res. Pour un bapt\u00eame ou un cadeau de naissance, il est pr\u00e9f\u00e9rable de choisir un bijou en or (or jaune, or blanc ou or rose).<\/span><\/p>\n<p><span style=\"font-weight: 400;\">L\u2019argent est un mat\u00e9riau tout aussi r\u00e9sistant que l\u2019or, mais dont le prix est un peu plus abordable. De nos jours, de plus en plus de personnes appr\u00e9cient les bijoux en argent, car ils sont modernes et tr\u00e8s \u00e9l\u00e9gants. L\u2019argent est robuste, durable et ne se raye pas. C\u2019est une mati\u00e8re qui se pr\u00eate bien aux colliers et aux bracelets, entre autres.<\/span><\/p>\n<p><span style=\"font-weight: 400;\">Le plaqu\u00e9 or est une tr\u00e8s bonne alternative \u00e0 l\u2019or. C\u2019est un mat\u00e9riau plut\u00f4t r\u00e9sistant et dont le prix est bien moins \u00e9lev\u00e9. D\u2019apparence, le bijou en plaqu\u00e9 or ressemble beaucoup \u00e0 un bijou en or. Par cons\u00e9quent, si vous n\u2019avez pas les moyens de prendre de l\u2019or, le plaqu\u00e9 peut \u00eatre une tr\u00e8s bonne id\u00e9e.<\/span><\/p>\n<h3><span class=\"ez-toc-section\" id=\"Le_type_et_le_style_de_bijou\"><\/span><b>Le type et le style de bijou<\/b><span class=\"ez-toc-section-end\"><\/span><\/h3>\n<p><span style=\"font-weight: 400;\">Ce crit\u00e8re se choisit par rapport \u00e0 la personne qui recevra ce bijou. Si cette derni\u00e8re ne porte jamais de boucles d\u2019oreilles, alors choisissez plut\u00f4t un collier ou un bracelet. Si vous faites le choix de prendre une bague, vous devez \u00eatre s\u00fbr(e) de la taille des doigts. Si vous ne savez pas vraiment vers quel <\/span><b>type et style de bijoux<\/b><span style=\"font-weight: 400;\"> vous tourner, vous pouvez demander conseil.<\/span><\/p>\n<h3><span class=\"ez-toc-section\" id=\"La_fleur_et_sa_signification\"><\/span><b>La fleur et sa signification<\/b><span class=\"ez-toc-section-end\"><\/span><\/h3>\n<p><span style=\"font-weight: 400;\">Comme il est question de <span style=\"text-decoration: underline;\">bijoux personnalis\u00e9s fleur<\/span>, vous devez vous renseigner sur la signification des diff\u00e9rentes fleurs afin de d\u00e9livrer le bon message. Vous pouvez offrir un symbole de puret\u00e9 pour la naissance d\u2019un enfant et un symbole d\u2019amour et de passion \u00e0 <span style=\"text-decoration: underline;\">l\u2019homme ou la femme de votre vie<\/span>.<\/span><\/p>\n<h3><span class=\"ez-toc-section\" id=\"Le_prix\"><\/span><b>Le prix<\/b><span class=\"ez-toc-section-end\"><\/span><\/h3>\n<p><span style=\"font-weight: 400;\">Enfin, le dernier crit\u00e8re \u00e0 prendre en compte est le prix du bijou. D\u00e9finissez un budget et recherchez diff\u00e9rents mod\u00e8les de bijoux. De cette mani\u00e8re, vous pourrez trouver celui qui sera parfait comme cadeau et qui entrera dans votre budget. Attention, <\/span><b>renseignez-vous sur la personnalisation<\/b><span style=\"font-weight: 400;\">, car elle n&rsquo;est g\u00e9n\u00e9ralement pas gratuite.<\/span><\/p>\n<h2><span class=\"ez-toc-section\" id=\"Comment_bien_entretenir_un_bijou_personnalise_fleur\"><\/span><b>Comment bien entretenir un bijou personnalis\u00e9 fleur ?<\/b><span class=\"ez-toc-section-end\"><\/span><\/h2>\n<p><span style=\"font-weight: 400;\">Avec le temps, les bijoux peuvent perdre de leur \u00e9clat. C\u2019est pourquoi il est primordial de bien les entretenir et de les nettoyer r\u00e9guli\u00e8rement. Mais attention, selon la mati\u00e8re, il y a certains gestes \u00e0 r\u00e9aliser pour ne pas ab\u00eemer vos bijoux. Id\u00e9alement, pour un nettoyage en douceur, optez pour un <\/span><b>chiffon doux et l\u00e9g\u00e8rement humide<\/b><span style=\"font-weight: 400;\"> ainsi qu\u2019un peu de savon doux. En revanche, n\u2019utilisez jamais de produits chimiques, au risque de d\u00e9t\u00e9riorer vos bijoux.<\/span><\/p>\n<p><span style=\"font-weight: 400;\">Apr\u00e8s le nettoyage, s\u00e9chez-les bien. En effet, certaines mati\u00e8res peuvent oxyder. Quoi qu\u2019il en soit, si vous avez des doutes sur la fa\u00e7on de bien nettoyer vos bijoux personnalis\u00e9s fleur, sachez que vous pouvez vous tourner vers un professionnel. Ce dernier saura utiliser les bons produits <span style=\"text-decoration: underline;\">selon le type de bijou<\/span> que vous poss\u00e9dez.<\/span><\/p>\n<p><span style=\"font-weight: 400;\">D\u00e9sormais, vous savez exactement comment choisir un bijou personnalis\u00e9 fleur, alors <span style=\"text-decoration: underline;\">profitez de tous nos conseils<\/span> et partez \u00e0 la recherche du bijou parfait.<\/span><\/p>\n","protected":false},"excerpt":{"rendered":"<p>Comment choisir un bijou personnalis\u00e9 fleur ? En mati\u00e8re de bijoux, il existe un tr\u00e8s grand choix de personnalisation selon [&hellip;]<\/p>\n","protected":false},"author":4,"featured_media":734,"parent":119,"menu_order":10,"comment_status":"closed","ping_status":"closed","template":"","meta":{"site-sidebar-layout":"default","site-content-layout":"","ast-site-content-layout":"default","site-content-style":"default","site-sidebar-style":"default","ast-global-header-display":"","ast-banner-title-visibility":"","ast-main-header-display":"","ast-hfb-above-header-display":"","ast-hfb-below-header-display":"","ast-hfb-mobile-header-display":"","site-post-title":"","ast-breadcrumbs-content":"","ast-featured-img":"","footer-sml-layout":"","theme-transparent-header-meta":"default","adv-header-id-meta":"","stick-header-meta":"","header-above-stick-meta":"","header-main-stick-meta":"","header-below-stick-meta":"","astra-migrate-meta-layouts":"set","ast-page-background-enabled":"default","ast-page-background-meta":{"desktop":{"background-color":"var(--ast-global-color-4)","background-image":"","background-repeat":"repeat","background-position":"center center","background-size":"auto","background-attachment":"scroll","background-type":"","background-media":"","overlay-type":"","overlay-color":"","overlay-gradient":""},"tablet":{"background-color":"","background-image":"","background-repeat":"repeat","background-position":"center center","background-size":"auto","background-attachment":"scroll","background-type":"","background-media":"","overlay-type":"","overlay-color":"","overlay-gradient":""},"mobile":{"background-color":"","background-image":"","background-repeat":"repeat","background-position":"center center","background-size":"auto","background-attachment":"scroll","background-type":"","background-media":"","overlay-type":"","overlay-color":"","overlay-gradient":""}},"ast-content-background-meta":{"desktop":{"background-color":"var(--ast-global-color-5)","background-image":"","background-repeat":"repeat","background-position":"center center","background-size":"auto","background-attachment":"scroll","background-type":"","background-media":"","overlay-type":"","overlay-color":"","overlay-gradient":""},"tablet":{"background-color":"var(--ast-global-color-5)","background-image":"","background-repeat":"repeat","background-position":"center center","background-size":"auto","background-attachment":"scroll","background-type":"","background-media":"","overlay-type":"","overlay-color":"","overlay-gradient":""},"mobile":{"background-color":"var(--ast-global-color-5)","background-image":"","background-repeat":"repeat","background-position":"center center","background-size":"auto","background-attachment":"scroll","background-type":"","background-media":"","overlay-type":"","overlay-color":"","overlay-gradient":""}},"footnotes":""},"aioseo_notices":[],"_links":{"self":[{"href":"https:\/\/www.marmottine.fr\/mag\/wp-json\/wp\/v2\/pages\/732"}],"collection":[{"href":"https:\/\/www.marmottine.fr\/mag\/wp-json\/wp\/v2\/pages"}],"about":[{"href":"https:\/\/www.marmottine.fr\/mag\/wp-json\/wp\/v2\/types\/page"}],"author":[{"embeddable":true,"href":"https:\/\/www.marmottine.fr\/mag\/wp-json\/wp\/v2\/users\/4"}],"replies":[{"embeddable":true,"href":"https:\/\/www.marmottine.fr\/mag\/wp-json\/wp\/v2\/comments?post=732"}],"version-history":[{"count":2,"href":"https:\/\/www.marmottine.fr\/mag\/wp-json\/wp\/v2\/pages\/732\/revisions"}],"predecessor-version":[{"id":737,"href":"https:\/\/www.marmottine.fr\/mag\/wp-json\/wp\/v2\/pages\/732\/revisions\/737"}],"up":[{"embeddable":true,"href":"https:\/\/www.marmottine.fr\/mag\/wp-json\/wp\/v2\/pages\/119"}],"wp:featuredmedia":[{"embeddable":true,"href":"https:\/\/www.marmottine.fr\/mag\/wp-json\/wp\/v2\/media\/734"}],"wp:attachment":[{"href":"https:\/\/www.marmottine.fr\/mag\/wp-json\/wp\/v2\/media?parent=732"}],"curies":[{"name":"wp","href":"https:\/\/api.w.org\/{rel}","templated":true}]}}