{"id":665,"date":"2024-05-21T10:20:41","date_gmt":"2024-05-21T08:20:41","guid":{"rendered":"https:\/\/www.marmottine.fr\/mag\/?page_id=665"},"modified":"2024-05-21T15:52:22","modified_gmt":"2024-05-21T13:52:22","slug":"mon-bijou-perso","status":"publish","type":"page","link":"https:\/\/www.marmottine.fr\/mag\/guides\/bijoux-personnalises\/par-marque\/mon-bijou-perso","title":{"rendered":"Que propose Mon Bijou Perso comme bijoux personnalis\u00e9s ?"},"content":{"rendered":"<h1><span class=\"ez-toc-section\" id=\"Que_propose_Mon_Bijou_Perso_comme_bijoux_personnalises\"><\/span>Que propose Mon Bijou Perso comme bijoux personnalis\u00e9s ?<span class=\"ez-toc-section-end\"><\/span><\/h1><div id=\"ez-toc-container\" class=\"ez-toc-v2_0_69_1 counter-hierarchy ez-toc-counter ez-toc-grey ez-toc-container-direction\">\n<div class=\"ez-toc-title-container\">\n<p class=\"ez-toc-title\" style=\"cursor:inherit\">Sommaire<\/p>\n<span class=\"ez-toc-title-toggle\"><a href=\"#\" class=\"ez-toc-pull-right ez-toc-btn ez-toc-btn-xs ez-toc-btn-default ez-toc-toggle\" aria-label=\"Toggle Table of Content\"><span class=\"ez-toc-js-icon-con\"><span class=\"\"><span class=\"eztoc-hide\" style=\"display:none;\">Toggle<\/span><span class=\"ez-toc-icon-toggle-span\"><svg style=\"fill: #999;color:#999\" xmlns=\"http:\/\/www.w3.org\/2000\/svg\" class=\"list-377408\" width=\"20px\" height=\"20px\" viewBox=\"0 0 24 24\" fill=\"none\"><path d=\"M6 6H4v2h2V6zm14 0H8v2h12V6zM4 11h2v2H4v-2zm16 0H8v2h12v-2zM4 16h2v2H4v-2zm16 0H8v2h12v-2z\" fill=\"currentColor\"><\/path><\/svg><svg style=\"fill: #999;color:#999\" class=\"arrow-unsorted-368013\" xmlns=\"http:\/\/www.w3.org\/2000\/svg\" width=\"10px\" height=\"10px\" viewBox=\"0 0 24 24\" version=\"1.2\" baseProfile=\"tiny\"><path d=\"M18.2 9.3l-6.2-6.3-6.2 6.3c-.2.2-.3.4-.3.7s.1.5.3.7c.2.2.4.3.7.3h11c.3 0 .5-.1.7-.3.2-.2.3-.5.3-.7s-.1-.5-.3-.7zM5.8 14.7l6.2 6.3 6.2-6.3c.2-.2.3-.5.3-.7s-.1-.5-.3-.7c-.2-.2-.4-.3-.7-.3h-11c-.3 0-.5.1-.7.3-.2.2-.3.5-.3.7s.1.5.3.7z\"\/><\/svg><\/span><\/span><\/span><\/a><\/span><\/div>\n<nav><ul class='ez-toc-list ez-toc-list-level-1 ' ><li class='ez-toc-page-1 ez-toc-heading-level-1'><a class=\"ez-toc-link ez-toc-heading-1\" href=\"https:\/\/www.marmottine.fr\/mag\/guides\/bijoux-personnalises\/par-marque\/mon-bijou-perso\/#Que_propose_Mon_Bijou_Perso_comme_bijoux_personnalises\" title=\"Que propose Mon Bijou Perso comme bijoux personnalis\u00e9s ?\">Que propose Mon Bijou Perso comme bijoux personnalis\u00e9s ?<\/a><ul class='ez-toc-list-level-2' ><li class='ez-toc-heading-level-2'><a class=\"ez-toc-link ez-toc-heading-2\" href=\"https:\/\/www.marmottine.fr\/mag\/guides\/bijoux-personnalises\/par-marque\/mon-bijou-perso\/#Quelle_est_lhistoire_du_collier_prenom_decoupe_de_Mon_Bijou_Perso\" title=\"Quelle est l\u2019histoire du collier pr\u00e9nom d\u00e9coup\u00e9 de Mon Bijou Perso\u00a0?\">Quelle est l\u2019histoire du collier pr\u00e9nom d\u00e9coup\u00e9 de Mon Bijou Perso\u00a0?<\/a><\/li><li class='ez-toc-page-1 ez-toc-heading-level-2'><a class=\"ez-toc-link ez-toc-heading-3\" href=\"https:\/\/www.marmottine.fr\/mag\/guides\/bijoux-personnalises\/par-marque\/mon-bijou-perso\/#Quels_sont_les_bijoux_personnalises_pour_femme_de_Mon_Bijou_Perso\" title=\"Quels sont les bijoux personnalis\u00e9s pour femme de Mon Bijou Perso\u00a0?\">Quels sont les bijoux personnalis\u00e9s pour femme de Mon Bijou Perso\u00a0?<\/a><\/li><li class='ez-toc-page-1 ez-toc-heading-level-2'><a class=\"ez-toc-link ez-toc-heading-4\" href=\"https:\/\/www.marmottine.fr\/mag\/guides\/bijoux-personnalises\/par-marque\/mon-bijou-perso\/#Quels_sont_les_bijoux_personnalises_pour_enfant_de_Mon_Bijou_Perso\" title=\"Quels sont les bijoux personnalis\u00e9s pour enfant de Mon Bijou Perso\u00a0?\">Quels sont les bijoux personnalis\u00e9s pour enfant de Mon Bijou Perso\u00a0?<\/a><\/li><li class='ez-toc-page-1 ez-toc-heading-level-2'><a class=\"ez-toc-link ez-toc-heading-5\" href=\"https:\/\/www.marmottine.fr\/mag\/guides\/bijoux-personnalises\/par-marque\/mon-bijou-perso\/#Quels_sont_les_bijoux_personnalises_pour_homme_de_Mon_Bijou_Perso\" title=\"Quels sont les bijoux personnalis\u00e9s pour homme de Mon Bijou Perso\u00a0?\">Quels sont les bijoux personnalis\u00e9s pour homme de Mon Bijou Perso\u00a0?<\/a><\/li><li class='ez-toc-page-1 ez-toc-heading-level-2'><a class=\"ez-toc-link ez-toc-heading-6\" href=\"https:\/\/www.marmottine.fr\/mag\/guides\/bijoux-personnalises\/par-marque\/mon-bijou-perso\/#Quels_sont_les_bijoux_personnalises_en_or_de_Mon_Bijou_Perso\" title=\"Quels sont les bijoux personnalis\u00e9s en or de Mon Bijou Perso\u00a0?\">Quels sont les bijoux personnalis\u00e9s en or de Mon Bijou Perso\u00a0?<\/a><\/li><li class='ez-toc-page-1 ez-toc-heading-level-2'><a class=\"ez-toc-link ez-toc-heading-7\" href=\"https:\/\/www.marmottine.fr\/mag\/guides\/bijoux-personnalises\/par-marque\/mon-bijou-perso\/#Comment_choisir_un_duo_de_bijoux_personnalises_chez_Mon_Bijou_Perso\" title=\"Comment choisir un duo de bijoux personnalis\u00e9s chez Mon Bijou Perso\u00a0?\">Comment choisir un duo de bijoux personnalis\u00e9s chez Mon Bijou Perso\u00a0?<\/a><\/li><li class='ez-toc-page-1 ez-toc-heading-level-2'><a class=\"ez-toc-link ez-toc-heading-8\" href=\"https:\/\/www.marmottine.fr\/mag\/guides\/bijoux-personnalises\/par-marque\/mon-bijou-perso\/#Comment_choisir_son_prenom_decoupe_chez_Mon_Bijou_Perso\" title=\"Comment choisir son pr\u00e9nom d\u00e9coup\u00e9 chez Mon Bijou Perso\u00a0?\">Comment choisir son pr\u00e9nom d\u00e9coup\u00e9 chez Mon Bijou Perso\u00a0?<\/a><\/li><\/ul><\/li><\/ul><\/nav><\/div>\n\n<figure id=\"attachment_370\" aria-describedby=\"caption-attachment-370\" style=\"width: 800px\" class=\"wp-caption alignnone\"><img loading=\"lazy\" decoding=\"async\" class=\"size-full wp-image-370\" src=\"https:\/\/www.marmottine.fr\/mag\/wp-content\/uploads\/2024\/03\/G1050-PORTE.jpg\" alt=\"collier pr\u00e9nom personnalis\u00e9\" width=\"800\" height=\"800\" srcset=\"https:\/\/www.marmottine.fr\/mag\/wp-content\/uploads\/2024\/03\/G1050-PORTE.jpg 800w, https:\/\/www.marmottine.fr\/mag\/wp-content\/uploads\/2024\/03\/G1050-PORTE-300x300.jpg 300w, https:\/\/www.marmottine.fr\/mag\/wp-content\/uploads\/2024\/03\/G1050-PORTE-150x150.jpg 150w, https:\/\/www.marmottine.fr\/mag\/wp-content\/uploads\/2024\/03\/G1050-PORTE-768x768.jpg 768w\" sizes=\"(max-width: 800px) 100vw, 800px\" \/><figcaption id=\"caption-attachment-370\" class=\"wp-caption-text\">collier pr\u00e9nom personnalis\u00e9<\/figcaption><\/figure>\n<p>Mon Bijou Perso est <strong><a href=\"https:\/\/www.marmottine.fr\/mag\/guides\/bijoux-personnalises#Quels_bijoux_personnalises_choisir_par_marque\">une marque de bijoux personnalis\u00e9s et grav\u00e9s<\/a><\/strong> pour la femme, l\u2019homme et l\u2019enfant bas\u00e9 \u00e0 Lyon. La fondatrice est l\u2019h\u00e9riti\u00e8re d\u2019une dynastie de bijoutiers qui s\u2019est fait conna\u00eetre d\u00e8s le milieu du si\u00e8cle dernier par ses colliers pr\u00e9noms. Sonia d\u00e9cide d\u2019ouvrir sa propre bijouterie en ligne dans sa ville natale pour cr\u00e9er et distribuer ses propres bijoux personnalis\u00e9s et ainsi perdurer le savoir-faire familial.<\/p>\n<h2><span class=\"ez-toc-section\" id=\"Quelle_est_lhistoire_du_collier_prenom_decoupe_de_Mon_Bijou_Perso\"><\/span>Quelle est l\u2019histoire du collier pr\u00e9nom d\u00e9coup\u00e9 de Mon Bijou Perso\u00a0?<span class=\"ez-toc-section-end\"><\/span><\/h2>\n<p>Le grand p\u00e8re puis le p\u00e8re de Sonia, la fondatrice de <strong>Mon Bijou Perso<\/strong>, se sont fait conna\u00eetre par la fabrication des fameux <strong>colliers pr\u00e9noms<\/strong>, \u00e0 l\u2019\u00e9poque d\u00e9coup\u00e9s \u00e0 la scie. Tr\u00e8s en vogue dans les ann\u00e9es 70, le collier pr\u00e9nom \u00e9tait pass\u00e9 de mode. Depuis quelques saisons, il revient en force dans les collections de bijoux, jusqu\u2019\u00e0 devenir LE bijou personnalis\u00e9 le plus pris\u00e9.<\/p>\n<p>Sonia d\u00e9cide de cr\u00e9er sa propre marque, une marque de bijoux personnalis\u00e9s, en ligne, ancr\u00e9e dans son \u00e9poque, qui puise ses racines dans son histoire familiale. La d\u00e9coupe laser a remplac\u00e9 la scie, mais le savoir-faire est l\u00e0.<\/p>\n<p>Mon Bijou Perso, atelier d\u2019\u00e9motions, est n\u00e9, perdurant le savoir-faire ancestral, et le succ\u00e8s est au rendez-vous. Depuis, la boutique en ligne a \u00e9toff\u00e9 sa gamme \u00e0 d\u2019autres bijoux personnalis\u00e9s, grav\u00e9s \u00e0 l\u2019atelier.<\/p>\n<h2><span class=\"ez-toc-section\" id=\"Quels_sont_les_bijoux_personnalises_pour_femme_de_Mon_Bijou_Perso\"><\/span>Quels sont les bijoux personnalis\u00e9s pour femme de Mon Bijou Perso\u00a0?<span class=\"ez-toc-section-end\"><\/span><\/h2>\n<p>En plus des <strong>bijoux pr\u00e9nom<\/strong> (colliers ou bracelets) Mon Bijou Perso propose un large choix de bijoux personnalis\u00e9s pour femme\u00a0: des bracelets, colliers, bagues, porte-cl\u00e9s et cha\u00eenes de chevilles.<\/p>\n<p>Sur cordon, sur cha\u00eene ou sur tissu Liberty, les bijoux sont grav\u00e9s \u00e0 la machine.<\/p>\n<p>Tous les bijoux propos\u00e9s sont en argent, en argent ros\u00e9, en plaqu\u00e9 or et certains sont en or 18 carats.<\/p>\n<p>Les bijoux sont grav\u00e9s dans l\u2019atelier lyonnais.<\/p>\n<p>Que ce soit pour une maman ou une grand-m\u00e8re, toutes les occasions sont bonnes pour offrir un bijou personnalis\u00e9 Mon Bijou Perso.<\/p>\n<h2><span class=\"ez-toc-section\" id=\"Quels_sont_les_bijoux_personnalises_pour_enfant_de_Mon_Bijou_Perso\"><\/span>Quels sont les bijoux personnalis\u00e9s pour enfant de Mon Bijou Perso\u00a0?<span class=\"ez-toc-section-end\"><\/span><\/h2>\n<p>L\u2019offre de <strong>bijoux personnalis\u00e9s pour enfants<\/strong> de la marque est tr\u00e8s vaste et correspond \u00e0 des id\u00e9es de cadeau pour tous les \u00e9v\u00e9nements de leur petite vie, de la <strong>naissance<\/strong> au <strong>bapt\u00eame<\/strong> en passant par la <strong>communion<\/strong>.<\/p>\n<p>En plus des colliers, pendentifs et bracelets, la boutique propose des <strong>gourmettes identit\u00e9 b\u00e9b\u00e9<\/strong>, bijou embl\u00e9matique de la petite enfance. La gourmette est souvent le premier bijou que l\u2019on offre \u00e0 un enfant, et il est toujours personnalis\u00e9 avec son pr\u00e9nom et sa date de naissance.<\/p>\n<p>Le collier pr\u00e9nom est un incontournable des id\u00e9es de cadeaux pour enfant, car il convient \u00e0 tous les \u00e2ges.<\/p>\n<p>Les bracelets cordons remportent beaucoup de succ\u00e8s avec leur nuancier aux couleurs irr\u00e9sistibles.<\/p>\n<p>Certains mod\u00e8les en acrylique ont le double avantage d\u2019\u00eatre r\u00e9sistants et tr\u00e8s abordables.<\/p>\n<h2><span class=\"ez-toc-section\" id=\"Quels_sont_les_bijoux_personnalises_pour_homme_de_Mon_Bijou_Perso\"><\/span>Quels sont les bijoux personnalis\u00e9s pour homme de Mon Bijou Perso\u00a0?<span class=\"ez-toc-section-end\"><\/span><\/h2>\n<p>Les hommes ne sont pas en reste \u00e0 l\u2019atelier lyonnais qui leur a consacr\u00e9 une collection de bijoux personnalis\u00e9s irr\u00e9sistibles. En argent ou en plaqu\u00e9 or, Mon Bijou Perso propose des bracelets, pendentifs, boutons de manchettes et porte-cl\u00e9s personnalis\u00e9s pour homme.<\/p>\n<p>Quel que soit le style et l\u2019\u00e2ge de monsieur, le bijou personnalis\u00e9 raconte une histoire, son histoire, et il le porte fi\u00e8rement en souvenir de l\u2019\u00e9v\u00e9nement ou de la personne \u00e0 qui il se rapporte.<\/p>\n<p>Les bijoux personnalis\u00e9s pour homme de Mon Bijou Perso existent dans de nombreuses mati\u00e8res que l\u2019on retrouve r\u00e9guli\u00e8rement dans l\u2019univers masculin\u00a0: acier, acier mat ou brillant, acier noir, argent, mat ou brillant, plaqu\u00e9 or ou or 18 carats.<\/p>\n<p>Le choix est vaste et la boutique propose des id\u00e9es pour tous les styles d\u2019homme.<\/p>\n<h2><span class=\"ez-toc-section\" id=\"Quels_sont_les_bijoux_personnalises_en_or_de_Mon_Bijou_Perso\"><\/span>Quels sont les bijoux personnalis\u00e9s en or de Mon Bijou Perso\u00a0?<span class=\"ez-toc-section-end\"><\/span><\/h2>\n<p>Afin de compl\u00e9ter sa gamme, Mon Bijou Perso propose une <strong>collection en or 18 carats<\/strong>. Cette gamme est beaucoup plus ch\u00e8re que l\u2019ensemble des bijoux propos\u00e9s par la boutique mais elle correspond \u00e0 des id\u00e9es de cadeau que l\u2019on offre pour une occasion particuli\u00e8re, des bijoux p\u00e9rennes que l\u2019on garde toute la vie.<\/p>\n<p>La boutique propose quelques mod\u00e8les embl\u00e9matiques\u00a0en or\u00a0:<\/p>\n<ul>\n<li>Le bracelet petit jeton sur cordon<\/li>\n<li>Le bracelet petit jeton sur cha\u00eene<\/li>\n<li>Le bracelet pr\u00e9nom d\u00e9coup\u00e9<\/li>\n<li>Le collier pr\u00e9nom d\u00e9coup\u00e9<\/li>\n<li>Le collier bambins<\/li>\n<li>Le collier deux pr\u00e9noms dans un c\u0153ur<\/li>\n<\/ul>\n<p>De quoi contenter chaque membre de la famille avec un \u00ab\u00a0vrai\u00a0\u00bb bijou en or personnalis\u00e9 qui dure toute la vie\u00a0!<\/p>\n<h2><span class=\"ez-toc-section\" id=\"Comment_choisir_un_duo_de_bijoux_personnalises_chez_Mon_Bijou_Perso\"><\/span>Comment choisir un duo de bijoux personnalis\u00e9s chez Mon Bijou Perso\u00a0?<span class=\"ez-toc-section-end\"><\/span><\/h2>\n<p>Les duos de bijoux sont tr\u00e8s tendances et Mon Bijou Perso en propose de ravissants, qui s\u2019adressent aussi bien aux adultes qu\u2019aux enfants. Le duo de bijoux personnalis\u00e9s est une riche id\u00e9e pour faire un cadeau complice entre deux personnes\u00a0: une maman et son enfant, deux amoureux, un papa et son fils, ou encore pour deux amies. Le fait de pouvoir personnaliser ces duos leur apporte encore plus de valeur sentimentale.<\/p>\n<p>Parmi les duos propos\u00e9s par Mon Bijou Perso, certains sont mythiques\u00a0:<\/p>\n<ul>\n<li>Le duo de jetons grav\u00e9s toi et moi<\/li>\n<li>Le duo d\u2019amour<\/li>\n<li>Le duo d\u2019ancres marines<\/li>\n<li>Le duo de sigles infini<\/li>\n<li>Le duo de m\u00e9dailles maman enfant<\/li>\n<li>Le pendentif c\u0153ur \u00e0 partager \u00ab\u00a0best friend\u00a0\u00bb<\/li>\n<li>Le duo de bracelets joncs<\/li>\n<li>Le duo de bracelet cuir cupidon<\/li>\n<\/ul>\n<h2><span class=\"ez-toc-section\" id=\"Comment_choisir_son_prenom_decoupe_chez_Mon_Bijou_Perso\"><\/span>Comment choisir son pr\u00e9nom d\u00e9coup\u00e9 chez Mon Bijou Perso\u00a0?<span class=\"ez-toc-section-end\"><\/span><\/h2>\n<p>Le <strong>pr\u00e9nom d\u00e9coup\u00e9<\/strong>, que ce soit un bracelet pr\u00e9nom ou un collier pr\u00e9nom, est le c\u0153ur du savoir-faire de la marque Mon Bijou Perso, savoir-faire h\u00e9rit\u00e9 du p\u00e8re et du grand-p\u00e8re de la fondatrice. La bijouterie en ligne propose donc un large choix de pr\u00e9noms d\u00e9coup\u00e9s \u00e0 choisir en fonction de l\u2019\u00e9criture\u00a0: lettre cursive, lettre manuscrite ou lettre enfantine.<\/p>\n<p>Vous pouvez \u00e9galement choisir diff\u00e9rents mod\u00e8les de bijoux\u00a0:<\/p>\n<ul>\n<li>Des colliers pr\u00e9noms\u00a0: en argent, en plaqu\u00e9 or ou en or, avec un ou plusieurs pr\u00e9noms, parfois agr\u00e9ment\u00e9s d\u2019un coeur<\/li>\n<li>Des bracelets pr\u00e9noms\u00a0: sur cordon ou sur cha\u00eene<\/li>\n<li>Des boucles d\u2019oreilles pr\u00e9nom\u00a0: forme pendante<\/li>\n<\/ul>\n<p>On choisira son pr\u00e9nom d\u00e9coup\u00e9 en fonction de son budget et de l\u2019occasion pour laquelle il est offert. La version argent et plaqu\u00e9 or est parfaite pour faire un petit cadeau. La version or est r\u00e9serv\u00e9e aux grandes occasions, comme une communion, un anniversaire ou une r\u00e9ussite aux examens.<\/p>\n","protected":false},"excerpt":{"rendered":"<p>Que propose Mon Bijou Perso comme bijoux personnalis\u00e9s ? Mon Bijou Perso est une marque de bijoux personnalis\u00e9s et grav\u00e9s [&hellip;]<\/p>\n","protected":false},"author":2,"featured_media":0,"parent":647,"menu_order":18,"comment_status":"closed","ping_status":"closed","template":"","meta":{"site-sidebar-layout":"default","site-content-layout":"","ast-site-content-layout":"default","site-content-style":"default","site-sidebar-style":"default","ast-global-header-display":"","ast-banner-title-visibility":"","ast-main-header-display":"","ast-hfb-above-header-display":"","ast-hfb-below-header-display":"","ast-hfb-mobile-header-display":"","site-post-title":"","ast-breadcrumbs-content":"","ast-featured-img":"","footer-sml-layout":"","theme-transparent-header-meta":"default","adv-header-id-meta":"","stick-header-meta":"","header-above-stick-meta":"","header-main-stick-meta":"","header-below-stick-meta":"","astra-migrate-meta-layouts":"set","ast-page-background-enabled":"default","ast-page-background-meta":{"desktop":{"background-color":"var(--ast-global-color-4)","background-image":"","background-repeat":"repeat","background-position":"center center","background-size":"auto","background-attachment":"scroll","background-type":"","background-media":"","overlay-type":"","overlay-color":"","overlay-gradient":""},"tablet":{"background-color":"","background-image":"","background-repeat":"repeat","background-position":"center center","background-size":"auto","background-attachment":"scroll","background-type":"","background-media":"","overlay-type":"","overlay-color":"","overlay-gradient":""},"mobile":{"background-color":"","background-image":"","background-repeat":"repeat","background-position":"center center","background-size":"auto","background-attachment":"scroll","background-type":"","background-media":"","overlay-type":"","overlay-color":"","overlay-gradient":""}},"ast-content-background-meta":{"desktop":{"background-color":"var(--ast-global-color-5)","background-image":"","background-repeat":"repeat","background-position":"center center","background-size":"auto","background-attachment":"scroll","background-type":"","background-media":"","overlay-type":"","overlay-color":"","overlay-gradient":""},"tablet":{"background-color":"var(--ast-global-color-5)","background-image":"","background-repeat":"repeat","background-position":"center center","background-size":"auto","background-attachment":"scroll","background-type":"","background-media":"","overlay-type":"","overlay-color":"","overlay-gradient":""},"mobile":{"background-color":"var(--ast-global-color-5)","background-image":"","background-repeat":"repeat","background-position":"center center","background-size":"auto","background-attachment":"scroll","background-type":"","background-media":"","overlay-type":"","overlay-color":"","overlay-gradient":""}},"footnotes":""},"aioseo_notices":[],"_links":{"self":[{"href":"https:\/\/www.marmottine.fr\/mag\/wp-json\/wp\/v2\/pages\/665"}],"collection":[{"href":"https:\/\/www.marmottine.fr\/mag\/wp-json\/wp\/v2\/pages"}],"about":[{"href":"https:\/\/www.marmottine.fr\/mag\/wp-json\/wp\/v2\/types\/page"}],"author":[{"embeddable":true,"href":"https:\/\/www.marmottine.fr\/mag\/wp-json\/wp\/v2\/users\/2"}],"replies":[{"embeddable":true,"href":"https:\/\/www.marmottine.fr\/mag\/wp-json\/wp\/v2\/comments?post=665"}],"version-history":[{"count":3,"href":"https:\/\/www.marmottine.fr\/mag\/wp-json\/wp\/v2\/pages\/665\/revisions"}],"predecessor-version":[{"id":689,"href":"https:\/\/www.marmottine.fr\/mag\/wp-json\/wp\/v2\/pages\/665\/revisions\/689"}],"up":[{"embeddable":true,"href":"https:\/\/www.marmottine.fr\/mag\/wp-json\/wp\/v2\/pages\/647"}],"wp:attachment":[{"href":"https:\/\/www.marmottine.fr\/mag\/wp-json\/wp\/v2\/media?parent=665"}],"curies":[{"name":"wp","href":"https:\/\/api.w.org\/{rel}","templated":true}]}}