{"id":662,"date":"2024-05-21T10:19:37","date_gmt":"2024-05-21T08:19:37","guid":{"rendered":"https:\/\/www.marmottine.fr\/mag\/?page_id=662"},"modified":"2024-05-21T15:50:40","modified_gmt":"2024-05-21T13:50:40","slug":"merci-maman","status":"publish","type":"page","link":"https:\/\/www.marmottine.fr\/mag\/guides\/bijoux-personnalises\/par-marque\/merci-maman","title":{"rendered":"Que choisir comme bijou personnalis\u00e9 chez Merci Maman ?"},"content":{"rendered":"<h1><span class=\"ez-toc-section\" id=\"Que_choisir_comme_bijou_personnalise_chez_Merci_Maman\"><\/span>Que choisir comme bijou personnalis\u00e9 chez Merci Maman ?<span class=\"ez-toc-section-end\"><\/span><\/h1><div id=\"ez-toc-container\" class=\"ez-toc-v2_0_69_1 counter-hierarchy ez-toc-counter ez-toc-grey ez-toc-container-direction\">\n<div class=\"ez-toc-title-container\">\n<p class=\"ez-toc-title\" style=\"cursor:inherit\">Sommaire<\/p>\n<span class=\"ez-toc-title-toggle\"><a href=\"#\" class=\"ez-toc-pull-right ez-toc-btn ez-toc-btn-xs ez-toc-btn-default ez-toc-toggle\" aria-label=\"Toggle Table of Content\"><span class=\"ez-toc-js-icon-con\"><span class=\"\"><span class=\"eztoc-hide\" style=\"display:none;\">Toggle<\/span><span class=\"ez-toc-icon-toggle-span\"><svg style=\"fill: #999;color:#999\" xmlns=\"http:\/\/www.w3.org\/2000\/svg\" class=\"list-377408\" width=\"20px\" height=\"20px\" viewBox=\"0 0 24 24\" fill=\"none\"><path d=\"M6 6H4v2h2V6zm14 0H8v2h12V6zM4 11h2v2H4v-2zm16 0H8v2h12v-2zM4 16h2v2H4v-2zm16 0H8v2h12v-2z\" fill=\"currentColor\"><\/path><\/svg><svg style=\"fill: #999;color:#999\" class=\"arrow-unsorted-368013\" xmlns=\"http:\/\/www.w3.org\/2000\/svg\" width=\"10px\" height=\"10px\" viewBox=\"0 0 24 24\" version=\"1.2\" baseProfile=\"tiny\"><path d=\"M18.2 9.3l-6.2-6.3-6.2 6.3c-.2.2-.3.4-.3.7s.1.5.3.7c.2.2.4.3.7.3h11c.3 0 .5-.1.7-.3.2-.2.3-.5.3-.7s-.1-.5-.3-.7zM5.8 14.7l6.2 6.3 6.2-6.3c.2-.2.3-.5.3-.7s-.1-.5-.3-.7c-.2-.2-.4-.3-.7-.3h-11c-.3 0-.5.1-.7.3-.2.2-.3.5-.3.7s.1.5.3.7z\"\/><\/svg><\/span><\/span><\/span><\/a><\/span><\/div>\n<nav><ul class='ez-toc-list ez-toc-list-level-1 ' ><li class='ez-toc-page-1 ez-toc-heading-level-1'><a class=\"ez-toc-link ez-toc-heading-1\" href=\"https:\/\/www.marmottine.fr\/mag\/guides\/bijoux-personnalises\/par-marque\/merci-maman\/#Que_choisir_comme_bijou_personnalise_chez_Merci_Maman\" title=\"Que choisir comme bijou personnalis\u00e9 chez Merci Maman ?\">Que choisir comme bijou personnalis\u00e9 chez Merci Maman ?<\/a><ul class='ez-toc-list-level-2' ><li class='ez-toc-heading-level-2'><a class=\"ez-toc-link ez-toc-heading-2\" href=\"https:\/\/www.marmottine.fr\/mag\/guides\/bijoux-personnalises\/par-marque\/merci-maman\/#Comment_est_ne_Merci_Maman\" title=\"Comment est n\u00e9 Merci Maman ?\">Comment est n\u00e9 Merci Maman ?<\/a><\/li><li class='ez-toc-page-1 ez-toc-heading-level-2'><a class=\"ez-toc-link ez-toc-heading-3\" href=\"https:\/\/www.marmottine.fr\/mag\/guides\/bijoux-personnalises\/par-marque\/merci-maman\/#Quel_type_de_gravure_propose_Merci_Maman\" title=\"Quel type de gravure propose Merci Maman\u00a0?\">Quel type de gravure propose Merci Maman\u00a0?<\/a><\/li><li class='ez-toc-page-1 ez-toc-heading-level-2'><a class=\"ez-toc-link ez-toc-heading-4\" href=\"https:\/\/www.marmottine.fr\/mag\/guides\/bijoux-personnalises\/par-marque\/merci-maman\/#Comment_graver_un_dessin_denfant_sur_un_bijou_Merci_Maman\" title=\"Comment graver un dessin d\u2019enfant sur un bijou Merci Maman\u00a0?\">Comment graver un dessin d\u2019enfant sur un bijou Merci Maman\u00a0?<\/a><\/li><li class='ez-toc-page-1 ez-toc-heading-level-2'><a class=\"ez-toc-link ez-toc-heading-5\" href=\"https:\/\/www.marmottine.fr\/mag\/guides\/bijoux-personnalises\/par-marque\/merci-maman\/#Ou_trouve-t-on_les_bijoux_personnalises_Merci_Maman\" title=\"O\u00f9 trouve-t-on les bijoux personnalis\u00e9s Merci Maman ?\">O\u00f9 trouve-t-on les bijoux personnalis\u00e9s Merci Maman ?<\/a><\/li><li class='ez-toc-page-1 ez-toc-heading-level-2'><a class=\"ez-toc-link ez-toc-heading-6\" href=\"https:\/\/www.marmottine.fr\/mag\/guides\/bijoux-personnalises\/par-marque\/merci-maman\/#Quelles_sont_les_collections_de_bijoux_personnalises_Merci_Maman\" title=\"Quelles sont les collections de bijoux personnalis\u00e9s Merci Maman ?\">Quelles sont les collections de bijoux personnalis\u00e9s Merci Maman ?<\/a><\/li><li class='ez-toc-page-1 ez-toc-heading-level-2'><a class=\"ez-toc-link ez-toc-heading-7\" href=\"https:\/\/www.marmottine.fr\/mag\/guides\/bijoux-personnalises\/par-marque\/merci-maman\/#_Quels_sont_les_bijoux_bestseller_de_Merci_Maman\" title=\"\u00a0Quels sont les bijoux bestseller de Merci Maman\u00a0?\">\u00a0Quels sont les bijoux bestseller de Merci Maman\u00a0?<\/a><\/li><li class='ez-toc-page-1 ez-toc-heading-level-2'><a class=\"ez-toc-link ez-toc-heading-8\" href=\"https:\/\/www.marmottine.fr\/mag\/guides\/bijoux-personnalises\/par-marque\/merci-maman\/#Quel_est_le_style_des_bijoux_Merci_Maman\" title=\"Quel est le style des bijoux Merci Maman\u00a0?\">Quel est le style des bijoux Merci Maman\u00a0?<\/a><\/li><\/ul><\/li><\/ul><\/nav><\/div>\n\n<p><img loading=\"lazy\" decoding=\"async\" class=\"size-full wp-image-174\" src=\"https:\/\/www.marmottine.fr\/mag\/wp-content\/uploads\/2024\/03\/pendentif-etoile-ajouree.jpg\" alt=\"Pendentif \u00e9toile ajour\u00e9\" width=\"800\" height=\"800\" srcset=\"https:\/\/www.marmottine.fr\/mag\/wp-content\/uploads\/2024\/03\/pendentif-etoile-ajouree.jpg 800w, https:\/\/www.marmottine.fr\/mag\/wp-content\/uploads\/2024\/03\/pendentif-etoile-ajouree-300x300.jpg 300w, https:\/\/www.marmottine.fr\/mag\/wp-content\/uploads\/2024\/03\/pendentif-etoile-ajouree-150x150.jpg 150w, https:\/\/www.marmottine.fr\/mag\/wp-content\/uploads\/2024\/03\/pendentif-etoile-ajouree-768x768.jpg 768w\" sizes=\"(max-width: 800px) 100vw, 800px\" \/><\/p>\n<p>Merci Maman est <strong><a href=\"https:\/\/www.marmottine.fr\/mag\/guides\/bijoux-personnalises#Quels_bijoux_personnalises_choisir_par_marque\">une marque de bijoux personnalis\u00e9s<\/a><\/strong> au destin incroyable. C\u2019est l\u2019histoire d\u2019une jeune maman expatri\u00e9e \u00e0 Londres dont la passion pour les bijoux grav\u00e9s s\u2019est transform\u00e9e en entreprise florissante au-del\u00e0 des fronti\u00e8res. Le succ\u00e8s atteint son apog\u00e9e au Royaume Uni quand la princesse Kate Middleton porte l\u2019un des colliers de la marque apr\u00e8s la naissance de son premier enfant. Depuis, Merci Maman est devenu une marque r\u00e9f\u00e9rence dans la bijouterie personnalis\u00e9e avec une caract\u00e9ristique propre\u00a0: les bijoux sont grav\u00e9s \u00e0 la main.<\/p>\n<h2><span class=\"ez-toc-section\" id=\"Comment_est_ne_Merci_Maman\"><\/span>Comment est n\u00e9 Merci Maman ?<span class=\"ez-toc-section-end\"><\/span><\/h2>\n<p>La marque de bijoux personnalis\u00e9s Merci Maman occupe une place originale dans la bijouterie. Elle a \u00e9t\u00e9 cr\u00e9\u00e9e <strong>en Angleterre<\/strong> dans les ann\u00e9es 2000, un peu par hasard, par une fran\u00e7aise alors expat, qui s\u2019amusait \u00e0 graver des bijoux. En 2011, B\u00e9atrice ouvre ses premiers bureaux \u00e0 Londres avec une premi\u00e8re collection de bracelets et m\u00e9dailles \u00e0 graver, et le succ\u00e8s est imm\u00e9diat. En 2014, la princesse <strong>Kate Middleton<\/strong> se voit offrir un collier personnalis\u00e9 pour la naissance du prince Georges, le fameux collier Kate devenu un mod\u00e8le iconique de la marque. Et en 2017, la <strong>Reine Elizabeth II<\/strong> remet le Queen\u2019s Award \u00e0 la fondatrice, prix qui distingue les entreprises remarquables. Une v\u00e9ritable cons\u00e9cration pour cette jeune marque au destin incroyable.<\/p>\n<h2><span class=\"ez-toc-section\" id=\"Quel_type_de_gravure_propose_Merci_Maman\"><\/span>Quel type de gravure propose Merci Maman\u00a0?<span class=\"ez-toc-section-end\"><\/span><\/h2>\n<p>La particularit\u00e9 des bijoux personnalis\u00e9s Merci Maman est qu\u2019ils sont <strong>grav\u00e9s \u00e0 la main<\/strong>, alors que la plupart des sites de bijoux personnalis\u00e9s proposent des gravures machine ou gravures laser.<\/p>\n<p>Cette gravure manuelle requiert une certaine dext\u00e9rit\u00e9 car le graveur doit anticiper l\u2019espace n\u00e9cessaire pour le texte \u00e0 reproduire de mani\u00e8re harmonieuse sur la surface du bijou grav\u00e9.<\/p>\n<p>Mais ce parti pris conf\u00e8re aux bijoux un style tr\u00e8s personnel et tr\u00e8s attachant qui en fait la renomm\u00e9e.<\/p>\n<p>Depuis peu, la marque propose aussi de <strong>graver des dessins d\u2019enfant<\/strong>, afin d\u2019immortaliser les bonhommes patates, les maisons soleils et autres chefs d\u2019\u0153uvres graphiques de nos bambins.<\/p>\n<h2><span class=\"ez-toc-section\" id=\"Comment_graver_un_dessin_denfant_sur_un_bijou_Merci_Maman\"><\/span>Comment graver un dessin d\u2019enfant sur un bijou Merci Maman\u00a0?<span class=\"ez-toc-section-end\"><\/span><\/h2>\n<p>Marque embl\u00e9matique de l\u2019univers de la parentalit\u00e9, Merci Maman propose aussi de <strong>graver un dessin d\u2019enfant<\/strong> sur un bijou ou un accessoire (porte-cl\u00e9s). Ce type de gravure est tr\u00e8s en vogue et remporte un franc succ\u00e8s aupr\u00e8s des mamans pour qui les dessins de leurs enfants sont des merveilles.<\/p>\n<p>Pour reproduire l\u2019\u0153uvre de votre Picasso en herbe, il suffit de confier \u00e0 l\u2019atelier le dessin original, \u00e0 condition que les traits soient bien dessin\u00e9s. Le dessin sera ensuite reproduit \u00e0 l\u2019identique, mais de mani\u00e8re homoth\u00e9tique, sur le bijou choisi.<\/p>\n<p>La <strong>collection Dessin d\u2019enfant<\/strong> concerne les colliers (avec diff\u00e9rentes tailles de m\u00e9dailles), le bracelet cordon personnalis\u00e9 et deux mod\u00e8les de porte-cl\u00e9s.<\/p>\n<p>La marque propose d\u2019ajouter une personnalisation suppl\u00e9mentaire en gravant un pr\u00e9nom ou un message au verso du bijou choisi, cette fois-ci gravure main.<\/p>\n<h2><span class=\"ez-toc-section\" id=\"Ou_trouve-t-on_les_bijoux_personnalises_Merci_Maman\"><\/span><strong>O\u00f9 trouve-t-on les bijoux personnalis\u00e9s Merci Maman ?<\/strong><span class=\"ez-toc-section-end\"><\/span><\/h2>\n<p>Si la marque a \u00e9t\u00e9 cr\u00e9\u00e9e au Royaume Uni, elle s\u2019est depuis d\u00e9velopp\u00e9e dans d\u2019autres pays, toujours en ligne. Ainsi il existe des versions de la boutique en ligne au Royaume Uni, en Allemagne, en Italie, en Espagne mais aussi aux Etats-Unis.<\/p>\n<p>La marque s\u2019implante \u00e9galement en France o\u00f9 elle ouvre un showroom \u00e0 Paris.<\/p>\n<h2><span class=\"ez-toc-section\" id=\"Quelles_sont_les_collections_de_bijoux_personnalises_Merci_Maman\"><\/span>Quelles sont les collections de bijoux personnalis\u00e9s Merci Maman ?<span class=\"ez-toc-section-end\"><\/span><\/h2>\n<p>La m\u00e9daille et le bracelet \u00e0 graver sont les bijoux phares de la marque, permettant une infinie combinaison propre \u00e0 la personnalisation. Mais la marque a d\u00e9velopp\u00e9 de nombreuses collections au fil des ann\u00e9es, proposant des styles diff\u00e9rents et \u00e9toffant sa gamme avec un go\u00fbt certain\u00a0:<\/p>\n<ul>\n<li>La <strong>collection alphabet<\/strong> permet d\u2019ajouter une ou plusieurs lettres \u00e0 un collier ou un bracelet<\/li>\n<li>La <strong>collection cristal<\/strong> fait la part belle aux brillants<\/li>\n<li>La <strong>collection cube<\/strong> est une collection ludique de cubes grav\u00e9s qui s\u2019enfilent comme des perles<\/li>\n<li>La <strong>collection Liberty<\/strong> remplace le bracelet cordon par le c\u00e9l\u00e8bre tissu anglais<\/li>\n<li>La <strong>collection Love Links<\/strong> surfe sur la mode des cha\u00eenes aux larges maillons rectangulaires<\/li>\n<li>La <strong>collection perle<\/strong> met en sc\u00e8ne la perle de culture sur des bijoux personnalis\u00e9s chics et \u00e9l\u00e9gants<\/li>\n<li>La <strong>collection zodiaque<\/strong> <strong>et constellation<\/strong> met \u00e0 l\u2019honneur les signes astrologiques<\/li>\n<\/ul>\n<h2><span class=\"ez-toc-section\" id=\"_Quels_sont_les_bijoux_bestseller_de_Merci_Maman\"><\/span>\u00a0Quels sont les bijoux bestseller de Merci Maman\u00a0?<span class=\"ez-toc-section-end\"><\/span><\/h2>\n<p>Sans surprise, le <strong>collier Kate<\/strong> est le bijou personnalis\u00e9 phare de Merci Maman boutique. Compos\u00e9 d\u2019une cha\u00eene et d\u2019une m\u00e9daille ronde sur laquelle est grav\u00e9 le pr\u00e9nom Georges, le collier est agr\u00e9ment\u00e9 d\u2019une breloque en forme de petit gar\u00e7on. Le concept de ce bijou est enti\u00e8rement customisable et il se d\u00e9cline \u00e0 l\u2019infini en fonction du nombre d\u2019enfants de la personne qui le porte. Petite fille, petit gar\u00e7on, 1 ou plusieurs enfants, pampille en forme de c\u0153ur, le collier Kate s\u2019adapte \u00e0 toutes les mamans.<\/p>\n<p><strong>Mais d\u2019autres mod\u00e8les refl\u00e8tent le style Merci Maman<\/strong>\u00a0:<\/p>\n<ul>\n<li>Le <u>collier personnalis\u00e9 pr\u00e9nom<\/u> est un autre mod\u00e8le int\u00e9ressant\u00a0: chaque mini m\u00e9daille est grav\u00e9e d\u2019un pr\u00e9nom, et on peut ajouter autant de m\u00e9dailles que l\u2019on souhaite.<\/li>\n<li>Le <u>collier personnalis\u00e9 pr\u00e9nom Unity<\/u>: collection des petits disques sur lesquels on peut graver pr\u00e9nom ou message<\/li>\n<li>Le <u>collier personnalis\u00e9 pierre fine<\/u> propose d\u2019ajouter une pierre de naissance en breloque \u00e0 c\u00f4t\u00e9 de la m\u00e9daille \u00e0 graver, une id\u00e9e tr\u00e8s tendance<\/li>\n<li>Le <u>bracelet cha\u00eene fine love links<\/u> reprend la cha\u00eene for\u00e7at ultra large tr\u00e8s \u00e0 la mode<\/li>\n<li>Le <u>bracelet pastille personnalis\u00e9<\/u> est \u00e9pur\u00e9 mais efficace avec sa m\u00e9daille retenue sur un cordon de couleur r\u00e9glable par n\u0153uds coulissants<\/li>\n<li>Le <u>bracelet jonc semi rigide<\/u> offre une belle surface de gravure et permet de graver un message<\/li>\n<\/ul>\n<h2><span class=\"ez-toc-section\" id=\"Quel_est_le_style_des_bijoux_Merci_Maman\"><\/span>Quel est le style des bijoux Merci Maman\u00a0?<span class=\"ez-toc-section-end\"><\/span><\/h2>\n<p>Depuis ses d\u00e9buts, Merci Maman cultive un look bon chic bon genre, ne proposants que des bijoux en plaqu\u00e9 or et quelques-uns en argent. La gravure manuelle conf\u00e8re un style artisanal aux bijoux, et extr\u00eamement diff\u00e9renciant sur le march\u00e9 des bijoux personnalis\u00e9s.\u00a0 Le packaging Merci Maman est reconnaissable entre tous\u00a0: un joli coffret couleur mandarine qui contribue \u00e0 positionner la marque sur un univers gai, joyeux et enfantin.<\/p>\n<p>Les bijoux personnalis\u00e9s Merci Maman s\u2019adressent \u00e0 toute la famille, aux enfants comme aux parents et m\u00eame aux grands-parents. Proposant une gamme de prix tr\u00e8s abordables (bijoux essentiellement en plaqu\u00e9 or et en argent), c\u2019est l\u2019endroit id\u00e9al pour trouver des id\u00e9es de cadeaux originales, personnalis\u00e9es, pour tout type d\u2019\u00e9v\u00e9nement (bapt\u00eame, communion, f\u00eate des m\u00e8res, f\u00eate des p\u00e8res, No\u00ebl\u2026).<\/p>\n","protected":false},"excerpt":{"rendered":"<p>Que choisir comme bijou personnalis\u00e9 chez Merci Maman ? Merci Maman est une marque de bijoux personnalis\u00e9s au destin incroyable. [&hellip;]<\/p>\n","protected":false},"author":2,"featured_media":0,"parent":647,"menu_order":17,"comment_status":"closed","ping_status":"closed","template":"","meta":{"site-sidebar-layout":"default","site-content-layout":"","ast-site-content-layout":"default","site-content-style":"default","site-sidebar-style":"default","ast-global-header-display":"","ast-banner-title-visibility":"","ast-main-header-display":"","ast-hfb-above-header-display":"","ast-hfb-below-header-display":"","ast-hfb-mobile-header-display":"","site-post-title":"","ast-breadcrumbs-content":"","ast-featured-img":"","footer-sml-layout":"","theme-transparent-header-meta":"default","adv-header-id-meta":"","stick-header-meta":"","header-above-stick-meta":"","header-main-stick-meta":"","header-below-stick-meta":"","astra-migrate-meta-layouts":"set","ast-page-background-enabled":"default","ast-page-background-meta":{"desktop":{"background-color":"var(--ast-global-color-4)","background-image":"","background-repeat":"repeat","background-position":"center center","background-size":"auto","background-attachment":"scroll","background-type":"","background-media":"","overlay-type":"","overlay-color":"","overlay-gradient":""},"tablet":{"background-color":"","background-image":"","background-repeat":"repeat","background-position":"center center","background-size":"auto","background-attachment":"scroll","background-type":"","background-media":"","overlay-type":"","overlay-color":"","overlay-gradient":""},"mobile":{"background-color":"","background-image":"","background-repeat":"repeat","background-position":"center center","background-size":"auto","background-attachment":"scroll","background-type":"","background-media":"","overlay-type":"","overlay-color":"","overlay-gradient":""}},"ast-content-background-meta":{"desktop":{"background-color":"var(--ast-global-color-5)","background-image":"","background-repeat":"repeat","background-position":"center center","background-size":"auto","background-attachment":"scroll","background-type":"","background-media":"","overlay-type":"","overlay-color":"","overlay-gradient":""},"tablet":{"background-color":"var(--ast-global-color-5)","background-image":"","background-repeat":"repeat","background-position":"center center","background-size":"auto","background-attachment":"scroll","background-type":"","background-media":"","overlay-type":"","overlay-color":"","overlay-gradient":""},"mobile":{"background-color":"var(--ast-global-color-5)","background-image":"","background-repeat":"repeat","background-position":"center center","background-size":"auto","background-attachment":"scroll","background-type":"","background-media":"","overlay-type":"","overlay-color":"","overlay-gradient":""}},"footnotes":""},"aioseo_notices":[],"_links":{"self":[{"href":"https:\/\/www.marmottine.fr\/mag\/wp-json\/wp\/v2\/pages\/662"}],"collection":[{"href":"https:\/\/www.marmottine.fr\/mag\/wp-json\/wp\/v2\/pages"}],"about":[{"href":"https:\/\/www.marmottine.fr\/mag\/wp-json\/wp\/v2\/types\/page"}],"author":[{"embeddable":true,"href":"https:\/\/www.marmottine.fr\/mag\/wp-json\/wp\/v2\/users\/2"}],"replies":[{"embeddable":true,"href":"https:\/\/www.marmottine.fr\/mag\/wp-json\/wp\/v2\/comments?post=662"}],"version-history":[{"count":4,"href":"https:\/\/www.marmottine.fr\/mag\/wp-json\/wp\/v2\/pages\/662\/revisions"}],"predecessor-version":[{"id":688,"href":"https:\/\/www.marmottine.fr\/mag\/wp-json\/wp\/v2\/pages\/662\/revisions\/688"}],"up":[{"embeddable":true,"href":"https:\/\/www.marmottine.fr\/mag\/wp-json\/wp\/v2\/pages\/647"}],"wp:attachment":[{"href":"https:\/\/www.marmottine.fr\/mag\/wp-json\/wp\/v2\/media?parent=662"}],"curies":[{"name":"wp","href":"https:\/\/api.w.org\/{rel}","templated":true}]}}