{"id":658,"date":"2024-05-21T10:17:23","date_gmt":"2024-05-21T08:17:23","guid":{"rendered":"https:\/\/www.marmottine.fr\/mag\/?page_id=658"},"modified":"2024-05-21T15:48:37","modified_gmt":"2024-05-21T13:48:37","slug":"histoire-dor","status":"publish","type":"page","link":"https:\/\/www.marmottine.fr\/mag\/guides\/bijoux-personnalises\/par-marque\/histoire-dor","title":{"rendered":"Comment trouver son bijou personnalis\u00e9 chez Histoire d\u2019Or ?"},"content":{"rendered":"<h2><span class=\"ez-toc-section\" id=\"Comment_trouver_son_bijou_personnalise_chez_Histoire_dOr\"><\/span>Comment trouver son bijou personnalis\u00e9 chez Histoire d\u2019Or ?<span class=\"ez-toc-section-end\"><\/span><\/h2><div id=\"ez-toc-container\" class=\"ez-toc-v2_0_69_1 counter-hierarchy ez-toc-counter ez-toc-grey ez-toc-container-direction\">\n<div class=\"ez-toc-title-container\">\n<p class=\"ez-toc-title\" style=\"cursor:inherit\">Sommaire<\/p>\n<span class=\"ez-toc-title-toggle\"><a href=\"#\" class=\"ez-toc-pull-right ez-toc-btn ez-toc-btn-xs ez-toc-btn-default ez-toc-toggle\" aria-label=\"Toggle Table of Content\"><span class=\"ez-toc-js-icon-con\"><span class=\"\"><span class=\"eztoc-hide\" style=\"display:none;\">Toggle<\/span><span class=\"ez-toc-icon-toggle-span\"><svg style=\"fill: #999;color:#999\" xmlns=\"http:\/\/www.w3.org\/2000\/svg\" class=\"list-377408\" width=\"20px\" height=\"20px\" viewBox=\"0 0 24 24\" fill=\"none\"><path d=\"M6 6H4v2h2V6zm14 0H8v2h12V6zM4 11h2v2H4v-2zm16 0H8v2h12v-2zM4 16h2v2H4v-2zm16 0H8v2h12v-2z\" fill=\"currentColor\"><\/path><\/svg><svg style=\"fill: #999;color:#999\" class=\"arrow-unsorted-368013\" xmlns=\"http:\/\/www.w3.org\/2000\/svg\" width=\"10px\" height=\"10px\" viewBox=\"0 0 24 24\" version=\"1.2\" baseProfile=\"tiny\"><path d=\"M18.2 9.3l-6.2-6.3-6.2 6.3c-.2.2-.3.4-.3.7s.1.5.3.7c.2.2.4.3.7.3h11c.3 0 .5-.1.7-.3.2-.2.3-.5.3-.7s-.1-.5-.3-.7zM5.8 14.7l6.2 6.3 6.2-6.3c.2-.2.3-.5.3-.7s-.1-.5-.3-.7c-.2-.2-.4-.3-.7-.3h-11c-.3 0-.5.1-.7.3-.2.2-.3.5-.3.7s.1.5.3.7z\"\/><\/svg><\/span><\/span><\/span><\/a><\/span><\/div>\n<nav><ul class='ez-toc-list ez-toc-list-level-1 ' ><li class='ez-toc-page-1 ez-toc-heading-level-2'><a class=\"ez-toc-link ez-toc-heading-1\" href=\"https:\/\/www.marmottine.fr\/mag\/guides\/bijoux-personnalises\/par-marque\/histoire-dor\/#Comment_trouver_son_bijou_personnalise_chez_Histoire_dOr\" title=\"Comment trouver son bijou personnalis\u00e9 chez Histoire d\u2019Or ?\">Comment trouver son bijou personnalis\u00e9 chez Histoire d\u2019Or ?<\/a><\/li><li class='ez-toc-page-1 ez-toc-heading-level-2'><a class=\"ez-toc-link ez-toc-heading-2\" href=\"https:\/\/www.marmottine.fr\/mag\/guides\/bijoux-personnalises\/par-marque\/histoire-dor\/#Les_bijoux_personnalises_dHistoire_dOr\" title=\"Les bijoux personnalis\u00e9s d\u2019Histoire d\u2019Or\">Les bijoux personnalis\u00e9s d\u2019Histoire d\u2019Or<\/a><\/li><li class='ez-toc-page-1 ez-toc-heading-level-2'><a class=\"ez-toc-link ez-toc-heading-3\" href=\"https:\/\/www.marmottine.fr\/mag\/guides\/bijoux-personnalises\/par-marque\/histoire-dor\/#Comment_choisir_sa_gourmette_personnalisee_chez_Histoire_dOr\" title=\"Comment choisir sa gourmette personnalis\u00e9e chez Histoire d\u2019Or\u00a0?\">Comment choisir sa gourmette personnalis\u00e9e chez Histoire d\u2019Or\u00a0?<\/a><\/li><li class='ez-toc-page-1 ez-toc-heading-level-2'><a class=\"ez-toc-link ez-toc-heading-4\" href=\"https:\/\/www.marmottine.fr\/mag\/guides\/bijoux-personnalises\/par-marque\/histoire-dor\/#Trouver_son_collier_personnalise_chez_dHistoire_dOr\" title=\"Trouver son collier personnalis\u00e9 chez d\u2019Histoire d\u2019Or\">Trouver son collier personnalis\u00e9 chez d\u2019Histoire d\u2019Or<\/a><\/li><li class='ez-toc-page-1 ez-toc-heading-level-2'><a class=\"ez-toc-link ez-toc-heading-5\" href=\"https:\/\/www.marmottine.fr\/mag\/guides\/bijoux-personnalises\/par-marque\/histoire-dor\/#Pourquoi_personnaliser_une_montre_Histoire_dOr\" title=\"Pourquoi personnaliser une montre Histoire d\u2019Or\u00a0?\">Pourquoi personnaliser une montre Histoire d\u2019Or\u00a0?<\/a><\/li><li class='ez-toc-page-1 ez-toc-heading-level-2'><a class=\"ez-toc-link ez-toc-heading-6\" href=\"https:\/\/www.marmottine.fr\/mag\/guides\/bijoux-personnalises\/par-marque\/histoire-dor\/#La_fete_des_meres_personnalisee_avec_Histoire_dOr\" title=\"La f\u00eate des m\u00e8res personnalis\u00e9e avec Histoire d\u2019Or\">La f\u00eate des m\u00e8res personnalis\u00e9e avec Histoire d\u2019Or<\/a><\/li><li class='ez-toc-page-1 ez-toc-heading-level-2'><a class=\"ez-toc-link ez-toc-heading-7\" href=\"https:\/\/www.marmottine.fr\/mag\/guides\/bijoux-personnalises\/par-marque\/histoire-dor\/#Commander_une_bague_ou_une_alliance_personnalisee_chez_Histoire_dOr\" title=\"Commander une bague ou une alliance personnalis\u00e9e chez Histoire d\u2019Or\">Commander une bague ou une alliance personnalis\u00e9e chez Histoire d\u2019Or<\/a><\/li><li class='ez-toc-page-1 ez-toc-heading-level-2'><a class=\"ez-toc-link ez-toc-heading-8\" href=\"https:\/\/www.marmottine.fr\/mag\/guides\/bijoux-personnalises\/par-marque\/histoire-dor\/#Comment_commander_sa_chevaliere_personnalisee_chez_histoire_dOr\" title=\"Comment commander sa chevali\u00e8re personnalis\u00e9e chez histoire d\u2019Or\u00a0?\">Comment commander sa chevali\u00e8re personnalis\u00e9e chez histoire d\u2019Or\u00a0?<\/a><\/li><\/ul><\/nav><\/div>\n\n<p><img loading=\"lazy\" decoding=\"async\" class=\"alignnone size-full wp-image-469\" src=\"https:\/\/www.marmottine.fr\/mag\/wp-content\/uploads\/2024\/04\/M378-800X800.jpg\" alt=\"\" width=\"800\" height=\"800\" srcset=\"https:\/\/www.marmottine.fr\/mag\/wp-content\/uploads\/2024\/04\/M378-800X800.jpg 800w, https:\/\/www.marmottine.fr\/mag\/wp-content\/uploads\/2024\/04\/M378-800X800-300x300.jpg 300w, https:\/\/www.marmottine.fr\/mag\/wp-content\/uploads\/2024\/04\/M378-800X800-150x150.jpg 150w, https:\/\/www.marmottine.fr\/mag\/wp-content\/uploads\/2024\/04\/M378-800X800-768x768.jpg 768w\" sizes=\"(max-width: 800px) 100vw, 800px\" \/><\/p>\n<p>Enseigne du groupe europ\u00e9en THOM, Histoire d\u2019Or est incontournable en bijouterie physique et sur le web. Proposant une large gamme de bijoux s\u2019adressant \u00e0 toute la famille, homme, femme et enfant, c\u2019est \u00e9galement <strong><a href=\"https:\/\/www.marmottine.fr\/mag\/guides\/bijoux-personnalises#Quels_bijoux_personnalises_choisir_par_marque\">une marque de bijoux personnalis\u00e9s incontournable<\/a><\/strong>. La personnalisation est au c\u0153ur de l\u2019offre de l\u2019enseigne, qui la propose sur la plupart de ses bijoux\u00a0: bracelets, gourmettes, pendentifs, bagues, alliances, chevali\u00e8res.<\/p>\n<h2><span class=\"ez-toc-section\" id=\"Les_bijoux_personnalises_dHistoire_dOr\"><\/span>Les bijoux personnalis\u00e9s d\u2019Histoire d\u2019Or<span class=\"ez-toc-section-end\"><\/span><\/h2>\n<p>Avec ses 350 magasins r\u00e9partis sur tout l\u2019hexagone, Histoire d\u2019Or est un incontournable dans la bijouterie classique\u00a0: bijouterie de quartier, de centre commercial et bijouterie en ligne. L\u2019enseigne existe depuis 1986 et propose une large gamme de bijoux abordables, principalement en or 9 carats.<\/p>\n<p>Les bijoux personnalis\u00e9s Histoire d\u2019Or couvrent la plupart des mod\u00e8les\u00a0: bagues, alliances, gourmettes, bracelets, colliers, pendentifs et montres.<\/p>\n<p>L\u2019enseigne propose un service de gravure interne qui permet de graver un pr\u00e9nom, une date, ou un texte sur tout type de bijou. La gravure est propos\u00e9e dans 5 typographies diff\u00e9rentes\u00a0: Anglaise, Baton, Broadway, Improsha et Monotype Corsiva. Chaque \u00e9criture correspond \u00e0 un style bien distinct, ce qui permet une personnalisation jusque dans le style. La gravure est offerte pour tout achat sup\u00e9rieur \u00e0 89 \u20ac. Un d\u00e9tail int\u00e9ressant\u00a0: l\u2019outil de personnalisation permet de visualiser le texte souhait\u00e9 et ainsi de commander en toute connaissance de cause.<strong>\u00a0<\/strong><\/p>\n<h2><span class=\"ez-toc-section\" id=\"Comment_choisir_sa_gourmette_personnalisee_chez_Histoire_dOr\"><\/span>Comment choisir sa gourmette personnalis\u00e9e chez Histoire d\u2019Or\u00a0?<span class=\"ez-toc-section-end\"><\/span><\/h2>\n<p>L\u2019enseigne propose un large choix de gourmettes pour b\u00e9b\u00e9. \u00c9galement appel\u00e9 bracelet identit\u00e9 b\u00e9b\u00e9, la gourmette est souvent le premier bijou que l\u2019enfant re\u00e7oit, lors de son bapt\u00eame. C\u2019est dire tout le soin apport\u00e9 \u00e0 la gravure de ce bracelet embl\u00e9matique. L\u2019usage veut que l\u2019on grave le pr\u00e9nom de l\u2019enfant au recto et sa date de naissance au verso. Histoire d\u2019Or propose des gourmettes b\u00e9b\u00e9 en or dans tous les styles, plus ou moins classiques.<\/p>\n<p>La marque propose aussi un autre type de gourmette, plus traditionnelle, qui s\u2019adresse aux jeunes gens\u00a0: la gourmette en argent. Ce mod\u00e8le est plus \u00e9pais, plus lourd, avec une cha\u00eene gourmette imposante, pour convenir aux poignets masculins. La personnalisation suit la m\u00eame logique que pour les b\u00e9b\u00e9s\u00a0: pr\u00e9nom au recto et date au verso. La gourmette personnalis\u00e9e en argent est le cadeau classique pour un ado \u00e0 l\u2019occasion de ses 16 ou 18 ans.<\/p>\n<h2><span class=\"ez-toc-section\" id=\"Trouver_son_collier_personnalise_chez_dHistoire_dOr\"><\/span>Trouver son collier personnalis\u00e9 chez d\u2019Histoire d\u2019Or<span class=\"ez-toc-section-end\"><\/span><\/h2>\n<p>Les colliers personnalis\u00e9s propos\u00e9s par Histoire d\u2019Or sont nombreux et rev\u00eatent diff\u00e9rentes formes. Dans tous les cas il s\u2019agit d\u2019une cha\u00eene dot\u00e9e d\u2019une m\u00e9daille \u00e0 graver. Cette derni\u00e8re peut \u00eatre ronde, ou en forme de c\u0153ur, en forme d\u2019\u00e9toile, simple ou double, mont\u00e9 sur b\u00e9li\u00e8re ou directement accroch\u00e9e \u00e0 la cha\u00eene. Ensuite, libre \u00e0 vous de faire graver le texte qui vous convient.<\/p>\n<p>La grande tendance actuellement est le collier pr\u00e9nom et Histoire d\u2019Or propose de graver un pr\u00e9nom sur tous les mod\u00e8les de collier, d\u00e8s lors que la m\u00e9daille est suffisamment large pour accueillir une gravure.<\/p>\n<p>Une autre variante, si vous poss\u00e9dez d\u00e9j\u00e0 une cha\u00eene, est de commander un pendentif seul et de le monter sur votre cha\u00eene pour en faire un collier.<\/p>\n<p>Les colliers sont propos\u00e9s dans diff\u00e9rentes longueurs. L\u2019enseigne pr\u00e9conise 40 \u00e0 45 cm pour un enfant et 45 \u00e0 80 cm pour un adulte.<\/p>\n<h2><span class=\"ez-toc-section\" id=\"Pourquoi_personnaliser_une_montre_Histoire_dOr\"><\/span>Pourquoi personnaliser une montre Histoire d\u2019Or\u00a0?<span class=\"ez-toc-section-end\"><\/span><\/h2>\n<p>A l\u2019instar des autres bijoux, les montres sont \u00e0 pr\u00e9sent personnalisables. La gravure concerne le verso du boitier g\u00e9n\u00e9ralement r\u00e9alis\u00e9 en acier. Les montres personnalis\u00e9es de la marque Histoire d\u2019Or sont gravables dans la limite de 3 caract\u00e8res\u00a0; on grave donc principalement les initiales de la personne.<\/p>\n<p>Jusqu\u2019\u00e0 une \u00e9poque r\u00e9cente, les montres n\u2019\u00e9taient pas concern\u00e9es par la personnalisation. C\u2019est pourtant une excellente mani\u00e8re d\u2019immortaliser l\u2019occasion pour laquelle la montre est offerte. Communion, anniversaire, No\u00ebl, r\u00e9ussite aux examens\u2026 de nombreux \u00e9v\u00e9nement sont pr\u00e9texte \u00e0 offrir une montre, alors autant s\u2019en souvenir en la personnalisant\u00a0!<strong>\u00a0<\/strong><\/p>\n<h2><span class=\"ez-toc-section\" id=\"La_fete_des_meres_personnalisee_avec_Histoire_dOr\"><\/span>La f\u00eate des m\u00e8res personnalis\u00e9e avec Histoire d\u2019Or<span class=\"ez-toc-section-end\"><\/span><\/h2>\n<p>Parmi les \u00e9v\u00e9nements marquants de l\u2019ann\u00e9e c\u00e9l\u00e9br\u00e9s par l\u2019enseigne nationale, la f\u00eate des m\u00e8res est le plus important. Les id\u00e9es de cadeaux sont nombreuses\u00a0: bagues, boucles d\u2019oreilles, bracelets, colliers, montres, cadeaux \u00e0 prix doux, bijoux c\u0153ur et autres bijoux message sont une source in\u00e9puisable pour trouver le cadeau id\u00e9al pour sa maman.<\/p>\n<p>Mais c\u2019est le bijou personnalis\u00e9 qui est le plus pris\u00e9 comme cadeau de f\u00eate des m\u00e8res. En bracelet ou en collier, quel que soit le mot grav\u00e9, il remporte l\u2019unanimit\u00e9.<\/p>\n<p>De plus, l\u2019enseigne propose des petits prix (argent et or 9 carats) pour plaire au plus grand nombre. Enfin, la proximit\u00e9 physique des magasins de ville et de centre commerciaux, comme l\u2019accessibilit\u00e9 de la boutique en ligne, font d\u2019Histoire d\u2019Or la bijouterie pr\u00e9f\u00e9r\u00e9e des petits budgets.<strong>\u00a0<\/strong><\/p>\n<h2><span class=\"ez-toc-section\" id=\"Commander_une_bague_ou_une_alliance_personnalisee_chez_Histoire_dOr\"><\/span>Commander une bague ou une alliance personnalis\u00e9e chez Histoire d\u2019Or<span class=\"ez-toc-section-end\"><\/span><\/h2>\n<p>En argent, en platine, en palladium, en titane ou en or, les alliances propos\u00e9es par la marque sont toutes personnalisables.<\/p>\n<p>La gravure de fait \u00e0 l\u2019int\u00e9rieur de l\u2019anneau, dans la limite de 16 \u00e0 20 caract\u00e8res selon le tour de doigt de la personne. Les clients font graver g\u00e9n\u00e9ralement une date (la date du mariage) et leur pr\u00e9nom. Mais il est \u00e9galement possible de faire graver une citation, un mot doux, ou un message cod\u00e9 que seul le couple peut d\u00e9chiffrer.<\/p>\n<p>Graver une alliance est un incontournable, qui diff\u00e9rencie la bague et la rend unique. Lors du mariage, s\u2019il s\u2019agit d\u2019un mariage religieux, le pr\u00eatre b\u00e9nira les alliances des mari\u00e9s.<\/p>\n<h2><span class=\"ez-toc-section\" id=\"Comment_commander_sa_chevaliere_personnalisee_chez_histoire_dOr\"><\/span>Comment commander sa chevali\u00e8re personnalis\u00e9e chez histoire d\u2019Or\u00a0?<span class=\"ez-toc-section-end\"><\/span><\/h2>\n<p>La chevali\u00e8re est une bague ancestrale longtemps r\u00e9serv\u00e9e \u00e0 la noblesse comme signe distinctif. Les h\u00e9ritiers des familles nobles y font graver les armoiries familiales. Elles se transmettent de g\u00e9n\u00e9ration en g\u00e9n\u00e9ration et les plus jeunes font r\u00e9aliser la leur en se basant sur les chevali\u00e8res de leurs a\u00efeux. Revenue sur le devant de la sc\u00e8ne depuis quelques ann\u00e9es, la chevali\u00e8re est devenue une bague tr\u00e8s tendance, adopt\u00e9e par tous, quel que soit son milieu. Les chevali\u00e8res Histoire d\u2019Or surfent sur cette mode et parmi les mod\u00e8les propos\u00e9s, certains sont personnalisables.<\/p>\n<p>Sur les chevali\u00e8res Histoire d\u2019Or \u00e0 personnaliser, il s\u2019agit de la gravure des initiales de la personne \u00e0 qui elle est destin\u00e9e. Les 5 \u00e9critures pr\u00e9sent\u00e9e plus haut sont propos\u00e9es.<\/p>\n","protected":false},"excerpt":{"rendered":"<p>Comment trouver son bijou personnalis\u00e9 chez Histoire d\u2019Or ? Enseigne du groupe europ\u00e9en THOM, Histoire d\u2019Or est incontournable en bijouterie [&hellip;]<\/p>\n","protected":false},"author":2,"featured_media":0,"parent":647,"menu_order":15,"comment_status":"closed","ping_status":"closed","template":"","meta":{"site-sidebar-layout":"default","site-content-layout":"","ast-site-content-layout":"default","site-content-style":"default","site-sidebar-style":"default","ast-global-header-display":"","ast-banner-title-visibility":"","ast-main-header-display":"","ast-hfb-above-header-display":"","ast-hfb-below-header-display":"","ast-hfb-mobile-header-display":"","site-post-title":"","ast-breadcrumbs-content":"","ast-featured-img":"","footer-sml-layout":"","theme-transparent-header-meta":"default","adv-header-id-meta":"","stick-header-meta":"","header-above-stick-meta":"","header-main-stick-meta":"","header-below-stick-meta":"","astra-migrate-meta-layouts":"set","ast-page-background-enabled":"default","ast-page-background-meta":{"desktop":{"background-color":"var(--ast-global-color-4)","background-image":"","background-repeat":"repeat","background-position":"center center","background-size":"auto","background-attachment":"scroll","background-type":"","background-media":"","overlay-type":"","overlay-color":"","overlay-gradient":""},"tablet":{"background-color":"","background-image":"","background-repeat":"repeat","background-position":"center center","background-size":"auto","background-attachment":"scroll","background-type":"","background-media":"","overlay-type":"","overlay-color":"","overlay-gradient":""},"mobile":{"background-color":"","background-image":"","background-repeat":"repeat","background-position":"center center","background-size":"auto","background-attachment":"scroll","background-type":"","background-media":"","overlay-type":"","overlay-color":"","overlay-gradient":""}},"ast-content-background-meta":{"desktop":{"background-color":"var(--ast-global-color-5)","background-image":"","background-repeat":"repeat","background-position":"center center","background-size":"auto","background-attachment":"scroll","background-type":"","background-media":"","overlay-type":"","overlay-color":"","overlay-gradient":""},"tablet":{"background-color":"var(--ast-global-color-5)","background-image":"","background-repeat":"repeat","background-position":"center center","background-size":"auto","background-attachment":"scroll","background-type":"","background-media":"","overlay-type":"","overlay-color":"","overlay-gradient":""},"mobile":{"background-color":"var(--ast-global-color-5)","background-image":"","background-repeat":"repeat","background-position":"center center","background-size":"auto","background-attachment":"scroll","background-type":"","background-media":"","overlay-type":"","overlay-color":"","overlay-gradient":""}},"footnotes":""},"aioseo_notices":[],"_links":{"self":[{"href":"https:\/\/www.marmottine.fr\/mag\/wp-json\/wp\/v2\/pages\/658"}],"collection":[{"href":"https:\/\/www.marmottine.fr\/mag\/wp-json\/wp\/v2\/pages"}],"about":[{"href":"https:\/\/www.marmottine.fr\/mag\/wp-json\/wp\/v2\/types\/page"}],"author":[{"embeddable":true,"href":"https:\/\/www.marmottine.fr\/mag\/wp-json\/wp\/v2\/users\/2"}],"replies":[{"embeddable":true,"href":"https:\/\/www.marmottine.fr\/mag\/wp-json\/wp\/v2\/comments?post=658"}],"version-history":[{"count":3,"href":"https:\/\/www.marmottine.fr\/mag\/wp-json\/wp\/v2\/pages\/658\/revisions"}],"predecessor-version":[{"id":686,"href":"https:\/\/www.marmottine.fr\/mag\/wp-json\/wp\/v2\/pages\/658\/revisions\/686"}],"up":[{"embeddable":true,"href":"https:\/\/www.marmottine.fr\/mag\/wp-json\/wp\/v2\/pages\/647"}],"wp:attachment":[{"href":"https:\/\/www.marmottine.fr\/mag\/wp-json\/wp\/v2\/media?parent=658"}],"curies":[{"name":"wp","href":"https:\/\/api.w.org\/{rel}","templated":true}]}}