{"id":652,"date":"2024-05-21T10:11:01","date_gmt":"2024-05-21T08:11:01","guid":{"rendered":"https:\/\/www.marmottine.fr\/mag\/?page_id=652"},"modified":"2024-05-21T15:45:13","modified_gmt":"2024-05-21T13:45:13","slug":"atelier-d-amaya","status":"publish","type":"page","link":"https:\/\/www.marmottine.fr\/mag\/guides\/bijoux-personnalises\/par-marque\/atelier-d-amaya","title":{"rendered":"Que choisir comme bijou personnalis\u00e9 chez L\u2019Atelier d\u2019Amaya ?"},"content":{"rendered":"<h1><span class=\"ez-toc-section\" id=\"Que_choisir_comme_bijou_personnalise_chez_LAtelier_dAmaya\"><\/span>Que choisir comme bijou personnalis\u00e9 chez L\u2019Atelier d\u2019Amaya ?<span class=\"ez-toc-section-end\"><\/span><\/h1><div id=\"ez-toc-container\" class=\"ez-toc-v2_0_69_1 counter-hierarchy ez-toc-counter ez-toc-grey ez-toc-container-direction\">\n<div class=\"ez-toc-title-container\">\n<p class=\"ez-toc-title\" style=\"cursor:inherit\">Sommaire<\/p>\n<span class=\"ez-toc-title-toggle\"><a href=\"#\" class=\"ez-toc-pull-right ez-toc-btn ez-toc-btn-xs ez-toc-btn-default ez-toc-toggle\" aria-label=\"Toggle Table of Content\"><span class=\"ez-toc-js-icon-con\"><span class=\"\"><span class=\"eztoc-hide\" style=\"display:none;\">Toggle<\/span><span class=\"ez-toc-icon-toggle-span\"><svg style=\"fill: #999;color:#999\" xmlns=\"http:\/\/www.w3.org\/2000\/svg\" class=\"list-377408\" width=\"20px\" height=\"20px\" viewBox=\"0 0 24 24\" fill=\"none\"><path d=\"M6 6H4v2h2V6zm14 0H8v2h12V6zM4 11h2v2H4v-2zm16 0H8v2h12v-2zM4 16h2v2H4v-2zm16 0H8v2h12v-2z\" fill=\"currentColor\"><\/path><\/svg><svg style=\"fill: #999;color:#999\" class=\"arrow-unsorted-368013\" xmlns=\"http:\/\/www.w3.org\/2000\/svg\" width=\"10px\" height=\"10px\" viewBox=\"0 0 24 24\" version=\"1.2\" baseProfile=\"tiny\"><path d=\"M18.2 9.3l-6.2-6.3-6.2 6.3c-.2.2-.3.4-.3.7s.1.5.3.7c.2.2.4.3.7.3h11c.3 0 .5-.1.7-.3.2-.2.3-.5.3-.7s-.1-.5-.3-.7zM5.8 14.7l6.2 6.3 6.2-6.3c.2-.2.3-.5.3-.7s-.1-.5-.3-.7c-.2-.2-.4-.3-.7-.3h-11c-.3 0-.5.1-.7.3-.2.2-.3.5-.3.7s.1.5.3.7z\"\/><\/svg><\/span><\/span><\/span><\/a><\/span><\/div>\n<nav><ul class='ez-toc-list ez-toc-list-level-1 ' ><li class='ez-toc-page-1 ez-toc-heading-level-1'><a class=\"ez-toc-link ez-toc-heading-1\" href=\"https:\/\/www.marmottine.fr\/mag\/guides\/bijoux-personnalises\/par-marque\/atelier-d-amaya\/#Que_choisir_comme_bijou_personnalise_chez_LAtelier_dAmaya\" title=\"Que choisir comme bijou personnalis\u00e9 chez L\u2019Atelier d\u2019Amaya ?\">Que choisir comme bijou personnalis\u00e9 chez L\u2019Atelier d\u2019Amaya ?<\/a><ul class='ez-toc-list-level-2' ><li class='ez-toc-heading-level-2'><a class=\"ez-toc-link ez-toc-heading-2\" href=\"https:\/\/www.marmottine.fr\/mag\/guides\/bijoux-personnalises\/par-marque\/atelier-d-amaya\/#Quels_types_de_gravure_propose_latelier_dAmaya\" title=\"Quels types de gravure propose l\u2019atelier d\u2019Amaya\u00a0?\">Quels types de gravure propose l\u2019atelier d\u2019Amaya\u00a0?<\/a><\/li><li class='ez-toc-page-1 ez-toc-heading-level-2'><a class=\"ez-toc-link ez-toc-heading-3\" href=\"https:\/\/www.marmottine.fr\/mag\/guides\/bijoux-personnalises\/par-marque\/atelier-d-amaya\/#Dans_quelles_matieres_sont_realises_les_bijoux_personnalises_de_lAtelier_dAmaya\" title=\"Dans quelles mati\u00e8res sont r\u00e9alis\u00e9s les bijoux personnalis\u00e9s de l\u2019Atelier d\u2019Amaya\u00a0?\">Dans quelles mati\u00e8res sont r\u00e9alis\u00e9s les bijoux personnalis\u00e9s de l\u2019Atelier d\u2019Amaya\u00a0?<\/a><\/li><li class='ez-toc-page-1 ez-toc-heading-level-2'><a class=\"ez-toc-link ez-toc-heading-4\" href=\"https:\/\/www.marmottine.fr\/mag\/guides\/bijoux-personnalises\/par-marque\/atelier-d-amaya\/#Ou_trouve-t-on_les_bijoux_de_lAtelier_dAmaya\" title=\"O\u00f9 trouve-t-on les bijoux de l\u2019Atelier d\u2019Amaya\u00a0?\">O\u00f9 trouve-t-on les bijoux de l\u2019Atelier d\u2019Amaya\u00a0?<\/a><\/li><li class='ez-toc-page-1 ez-toc-heading-level-2'><a class=\"ez-toc-link ez-toc-heading-5\" href=\"https:\/\/www.marmottine.fr\/mag\/guides\/bijoux-personnalises\/par-marque\/atelier-d-amaya\/#Le_top_10_des_bijoux_de_latelier_dAmaya\" title=\"Le top 10 des bijoux de l\u2019atelier d\u2019Amaya\">Le top 10 des bijoux de l\u2019atelier d\u2019Amaya<\/a><\/li><li class='ez-toc-page-1 ez-toc-heading-level-2'><a class=\"ez-toc-link ez-toc-heading-6\" href=\"https:\/\/www.marmottine.fr\/mag\/guides\/bijoux-personnalises\/par-marque\/atelier-d-amaya\/#Le_bracelet_cordon_personnalise_de_latelier_dAmaya\" title=\"Le bracelet cordon personnalis\u00e9 de l\u2019atelier d\u2019Amaya\">Le bracelet cordon personnalis\u00e9 de l\u2019atelier d\u2019Amaya<\/a><\/li><li class='ez-toc-page-1 ez-toc-heading-level-2'><a class=\"ez-toc-link ez-toc-heading-7\" href=\"https:\/\/www.marmottine.fr\/mag\/guides\/bijoux-personnalises\/par-marque\/atelier-d-amaya\/#Quels_bracelets_joncs_chez_Atelier_dAmaya\" title=\"Quels bracelets joncs chez Atelier d\u2019Amaya\u00a0?\">Quels bracelets joncs chez Atelier d\u2019Amaya\u00a0?<\/a><\/li><li class='ez-toc-page-1 ez-toc-heading-level-2'><a class=\"ez-toc-link ez-toc-heading-8\" href=\"https:\/\/www.marmottine.fr\/mag\/guides\/bijoux-personnalises\/par-marque\/atelier-d-amaya\/#Quels_sont_les_autres_produits_proposes_par_LAtelier_dAmaya\" title=\"Quels sont les autres produits propos\u00e9s par L\u2019Atelier d\u2019Amaya\u00a0?\">Quels sont les autres produits propos\u00e9s par L\u2019Atelier d\u2019Amaya\u00a0?<\/a><\/li><\/ul><\/li><\/ul><\/nav><\/div>\n\n<p>L\u2019Atelier d\u2019Amaya est une affaire de famille, une entreprise \u00e9crite \u00e0 deux mains par une m\u00e8re et sa fille. Lanc\u00e9e il y a seulement 15 ans \u00e0 Bordeaux, c\u2019est maintenant <strong><a href=\"https:\/\/www.marmottine.fr\/mag\/guides\/bijoux-personnalises#Quels_bijoux_personnalises_choisir_par_marque\">une marque de bijoux personnalis\u00e9s avec laquelle il faut compter<\/a><\/strong>. Les bijoux sont en argent 925, en plaqu\u00e9 or jaune et plaqu\u00e9 or rose. Ils se d\u00e9clinent en colliers, bracelets, bagues, boucles d\u2019oreilles et pendentifs, et s\u2019adressent aux femmes, aux enfants et aux hommes. La plupart des bijoux sont personnalisables par une gravure. L\u2019univers de l\u2019Atelier d\u2019Amaya est poudr\u00e9, romantique et ultra tendance, et facilement reconnaissable \u00e0 leur mascotte, un petit chat.<\/p>\n<h2><span class=\"ez-toc-section\" id=\"Quels_types_de_gravure_propose_latelier_dAmaya\"><\/span>Quels types de gravure propose l\u2019atelier d\u2019Amaya\u00a0?<span class=\"ez-toc-section-end\"><\/span><\/h2>\n<p>La plupart des bijoux propos\u00e9s par l\u2019atelier sont personnalisables par une gravure qui est offerte. Il s\u2019agit d\u2019une gravure machine. La marque propose 5 \u00e9critures diff\u00e9rentes pour couvrir des univers et des styles diff\u00e9rents\u00a0: traditionnelle, b\u00e2ton, anglaise, manuscrite et lineale.<\/p>\n<p>Ainsi, en fonction de la personne \u00e0 qui s\u2019adresse le bijou, la gravure correspondra \u00e0 son genre, son \u00e2ge et \u00e0 son style.<\/p>\n<p>Pour un enfant, la typographie manuscrite est adorable. Pour un bijou de bapt\u00eame on optera pour la tradition avec une belle \u00e9criture anglaise pench\u00e9e et \u00e9l\u00e9gante. Pour une femme, on choisira souvent l\u2019\u00e9criture traditionnelle ou lineale. Et pour un homme, la sobri\u00e9t\u00e9 est de mise avec la typo b\u00e2ton, droite et \u00e9pur\u00e9e.<\/p>\n<h2><span class=\"ez-toc-section\" id=\"Dans_quelles_matieres_sont_realises_les_bijoux_personnalises_de_lAtelier_dAmaya\"><\/span>Dans quelles mati\u00e8res sont r\u00e9alis\u00e9s les bijoux personnalis\u00e9s de l\u2019Atelier d\u2019Amaya\u00a0?<span class=\"ez-toc-section-end\"><\/span><\/h2>\n<p>Positionn\u00e9e en entr\u00e9e de gamme comme la plupart des marques de bijoux personnalis\u00e9s, l\u2019Atelier d\u2019Amaya propose essentiellement des bijoux en argent et en plaqu\u00e9 or.<\/p>\n<ul>\n<li>Des bijoux personnalis\u00e9s en argent 925\u00a0: certifi\u00e9s par un poin\u00e7on, les bijoux en argent sont faciles \u00e0 entretenir \u00e0 l\u2019aide d\u2019une chamoisine et d\u2019un produit pour argenterie afin de corriger les signes d\u2019oxydation li\u00e9s au temps. Les bijoux en argent offrent un \u00e9clat tr\u00e8s moderne et les gravures y sont sublim\u00e9es.<\/li>\n<li>Des bijoux personnalis\u00e9s en plaqu\u00e9 or\u00a0: ce sont des bijoux en laiton sur lesquels sont projet\u00e9s des couches d\u2019or par \u00e9lectrolyse, minimum 3 microns avec de l\u2019or 18 carats, ce qui procure une belle tenue de la mati\u00e8re.<\/li>\n<li>Des bijoux personnalis\u00e9s avec des pierres fines\u00a0ou des pierres synth\u00e9tiques\u00a0: surfant sur la vague des bijoux avec les pierres de naissance, l\u2019Atelier d\u2019Amaya propose des pierres taill\u00e9es de diff\u00e9rentes formes et dans toutes les couleurs de l\u2019arc en ciel .<\/li>\n<\/ul>\n<h2><span class=\"ez-toc-section\" id=\"Ou_trouve-t-on_les_bijoux_de_lAtelier_dAmaya\"><\/span>O\u00f9 trouve-t-on les bijoux de l\u2019Atelier d\u2019Amaya\u00a0?<span class=\"ez-toc-section-end\"><\/span><\/h2>\n<p>En plus du site marchand, la marque a ouvert 147 magasins en France et en Belgique.\u00a0 Les boutiques L\u2019Atelier d\u2019Amaya sont g\u00e9n\u00e9ralement situ\u00e9es en centre-ville, dans des lieux de shopping agr\u00e9ables, qui correspondent \u00e0 l\u2019univers \u00e9l\u00e9gant de la marque.<\/p>\n<p>Les clients peuvent y retrouver tous les bijoux intemporels de la marque dans l\u2019univers rose et fleuri facilement reconnaissable. Certaines boutiques proposent le per\u00e7age d\u2019oreilles. D\u2019autres offrent la possibilit\u00e9 de graver les bijoux sur place, permettant ainsi au client d\u2019acheter un bijou personnalis\u00e9 imm\u00e9diatement. Pour les boutiques ne le proposant pas, les bijoux sont alors envoy\u00e9s \u00e0 Bordeaux et livr\u00e9s en quelques jours.<\/p>\n<h2><span class=\"ez-toc-section\" id=\"Le_top_10_des_bijoux_de_latelier_dAmaya\"><\/span>Le top 10 des bijoux de l\u2019atelier d\u2019Amaya<span class=\"ez-toc-section-end\"><\/span><\/h2>\n<p>En 15 ans, la marque de bijoux personnalis\u00e9s au petit chat a d\u00e9velopp\u00e9 des collections iconiques\u00a0:<\/p>\n<ul>\n<li>Le bracelet demi-jonc\u00a0: compos\u00e9 pour moiti\u00e9 d\u2019un demi jonc et pour l\u2019autre moiti\u00e9 d\u2019une cha\u00eene, ce bracelet original est agr\u00e9ment\u00e9 d\u2019une m\u00e9daille \u00e0 graver en breloque.<\/li>\n<li>Le collier m\u00e9daille\u00a0: en argent ou en plaqu\u00e9 or, disponible dans plusieurs mailles et plusieurs longueurs de cha\u00eene, sa m\u00e9daille se personnalise au recto comme au verso, et elle peut s\u2019associer \u00e0 d\u2019autres pampilles. Un bijou ultra personnalis\u00e9 pour exprimer sa personnalit\u00e9.<\/li>\n<li>Le bracelet liberty\u00a0: il fleuri sur les poignets des femmes d\u00e8s les beaux jours et apporte de la fantaisie les mois d\u2019hiver. Le bracelet Liberty se d\u00e9cline \u00e0 l\u2019infini.<\/li>\n<li>Le bijou rectangle\u00a0: cette forme g\u00e9om\u00e9trique est tr\u00e8s tendance, et l\u2019Atelier d\u2019Amaya y a consacr\u00e9 toute une collection de bijoux modernes et contemporains, en argent et en plaqu\u00e9 or, sublim\u00e9s par des brillants.<\/li>\n<li>Les boucles cr\u00e9oles\u00a0: qu\u2019elles soient mini, fa\u00e7on piercing, ou maxi, les cr\u00e9oles sont incontournables. La marque au petit chat s\u2019est amus\u00e9e \u00e0 d\u00e9cliner des boucles d\u2019oreilles cr\u00e9oles de toutes tailles.<\/li>\n<li>La bague fine\u00a0: retour du minimalisme oblige, la bague se fait fine et discr\u00e8te\u00a0; certains mod\u00e8les s\u2019assemblent pour composer une bague plus volumineuse.<\/li>\n<li>Le bracelet cordon\u00a0: color\u00e9 et r\u00e9glable, il convient \u00e0 tous les poignets et met en valeur la m\u00e9daille qu\u2019il soutient.<\/li>\n<li>Le bracelet jonc\u00a0: il fait son grand retour depuis quelques saisons et l\u2019Atelier d\u2019Amaya en propose de tr\u00e8s jolis, ouverts ou ferm\u00e9s, \u00e0 breloque, poli ou martel\u00e9, mais toujours personnalis\u00e9s.<\/li>\n<li>Le collier pierre fine\u00a0: que ce soit votre pierre de naissance ou une pierre choisie pour ses vertus bienfaisantes, la pampille pierre vient twister les colliers et sublimer les d\u00e9collet\u00e9s.<\/li>\n<li>Le bijou perle\u00a0en argent\u00a0: des petites perles viennent remplacer les mailles traditionnelles pour un look moderne et branch\u00e9.<\/li>\n<\/ul>\n<h2><span class=\"ez-toc-section\" id=\"Le_bracelet_cordon_personnalise_de_latelier_dAmaya\"><\/span>Le bracelet cordon personnalis\u00e9 de l\u2019atelier d\u2019Amaya<span class=\"ez-toc-section-end\"><\/span><\/h2>\n<p>Le bracelet cordon est le bijou personnalis\u00e9 ludique facile \u00e0 offrir. Avec un nuancier proposant 36 couleurs et un choix de m\u00e9dailles et de pampilles important, la marque offre des possibilit\u00e9s infinies de cr\u00e9ation de son propre bracelet cordon personnalis\u00e9.<\/p>\n<p>Il existe m\u00eame une collection brillante avec des cordons scintillants pour un effet paillette tr\u00e8s \u00e9l\u00e9gant.<\/p>\n<p>Une toute derni\u00e8re collection propose des petites perles serties de pierres fines \u00e0 enfiler sur le cordon\u00a0: une mani\u00e8re originale d\u2019associer ses pierres de couleur pr\u00e9f\u00e9r\u00e9es sur un bijou tr\u00e8s personnel, riche de sens pour la personne qui le porte.<\/p>\n<h2><span class=\"ez-toc-section\" id=\"Quels_bracelets_joncs_chez_Atelier_dAmaya\"><\/span>Quels bracelets joncs chez Atelier d\u2019Amaya\u00a0?<span class=\"ez-toc-section-end\"><\/span><\/h2>\n<p>Le bracelet jonc personnalis\u00e9 est un des sp\u00e9cialit\u00e9s de la maison. Les cr\u00e9atrices ont travaill\u00e9 le concept du jonc \u00e0 l\u2019extr\u00eame en l\u2019associant \u00e0 d\u2019autres mati\u00e8res comme la cha\u00eene et le cordon. Ferm\u00e9, ouvert, articul\u00e9, bi-mati\u00e8re, mais toujours personnalis\u00e9, le bracelet jonc est r\u00e9invent\u00e9.<\/p>\n<p>Le best of de la boutique reste le bracelet demi-jonc avec sa cha\u00eenette, sa m\u00e9daille et son pompon\u00a0: un mod\u00e8le articul\u00e9 et d\u00e9structur\u00e9 qui traduit la personnalit\u00e9 de la femme qui le porte.<\/p>\n<h2><span class=\"ez-toc-section\" id=\"Quels_sont_les_autres_produits_proposes_par_LAtelier_dAmaya\"><\/span>Quels sont les autres produits propos\u00e9s par L\u2019Atelier d\u2019Amaya\u00a0?<span class=\"ez-toc-section-end\"><\/span><\/h2>\n<p>La marque propose des accessoires en lien avec l\u2019univers du bijou comme des bo\u00eetes et pochettes \u00e0 bijoux, ainsi que des chamoisines pour nettoyer ses bijoux, notamment l\u2019oxydation des bijoux en argent. Les fans de shoppings adoreront leurs tote bags qui d\u00e9clinent l\u2019univers \u00e9l\u00e9gant des boutiques. Enfin, pour prolonger l\u2019exp\u00e9rience olfactive de son univers, la marque propose un diffuseur de parfum aux effluves de rose.<\/p>\n","protected":false},"excerpt":{"rendered":"<p>Que choisir comme bijou personnalis\u00e9 chez L\u2019Atelier d\u2019Amaya ? L\u2019Atelier d\u2019Amaya est une affaire de famille, une entreprise \u00e9crite \u00e0 [&hellip;]<\/p>\n","protected":false},"author":2,"featured_media":0,"parent":647,"menu_order":12,"comment_status":"closed","ping_status":"closed","template":"","meta":{"site-sidebar-layout":"default","site-content-layout":"","ast-site-content-layout":"default","site-content-style":"default","site-sidebar-style":"default","ast-global-header-display":"","ast-banner-title-visibility":"","ast-main-header-display":"","ast-hfb-above-header-display":"","ast-hfb-below-header-display":"","ast-hfb-mobile-header-display":"","site-post-title":"","ast-breadcrumbs-content":"","ast-featured-img":"","footer-sml-layout":"","theme-transparent-header-meta":"default","adv-header-id-meta":"","stick-header-meta":"","header-above-stick-meta":"","header-main-stick-meta":"","header-below-stick-meta":"","astra-migrate-meta-layouts":"set","ast-page-background-enabled":"default","ast-page-background-meta":{"desktop":{"background-color":"var(--ast-global-color-4)","background-image":"","background-repeat":"repeat","background-position":"center center","background-size":"auto","background-attachment":"scroll","background-type":"","background-media":"","overlay-type":"","overlay-color":"","overlay-gradient":""},"tablet":{"background-color":"","background-image":"","background-repeat":"repeat","background-position":"center center","background-size":"auto","background-attachment":"scroll","background-type":"","background-media":"","overlay-type":"","overlay-color":"","overlay-gradient":""},"mobile":{"background-color":"","background-image":"","background-repeat":"repeat","background-position":"center center","background-size":"auto","background-attachment":"scroll","background-type":"","background-media":"","overlay-type":"","overlay-color":"","overlay-gradient":""}},"ast-content-background-meta":{"desktop":{"background-color":"var(--ast-global-color-5)","background-image":"","background-repeat":"repeat","background-position":"center center","background-size":"auto","background-attachment":"scroll","background-type":"","background-media":"","overlay-type":"","overlay-color":"","overlay-gradient":""},"tablet":{"background-color":"var(--ast-global-color-5)","background-image":"","background-repeat":"repeat","background-position":"center center","background-size":"auto","background-attachment":"scroll","background-type":"","background-media":"","overlay-type":"","overlay-color":"","overlay-gradient":""},"mobile":{"background-color":"var(--ast-global-color-5)","background-image":"","background-repeat":"repeat","background-position":"center center","background-size":"auto","background-attachment":"scroll","background-type":"","background-media":"","overlay-type":"","overlay-color":"","overlay-gradient":""}},"footnotes":""},"aioseo_notices":[],"_links":{"self":[{"href":"https:\/\/www.marmottine.fr\/mag\/wp-json\/wp\/v2\/pages\/652"}],"collection":[{"href":"https:\/\/www.marmottine.fr\/mag\/wp-json\/wp\/v2\/pages"}],"about":[{"href":"https:\/\/www.marmottine.fr\/mag\/wp-json\/wp\/v2\/types\/page"}],"author":[{"embeddable":true,"href":"https:\/\/www.marmottine.fr\/mag\/wp-json\/wp\/v2\/users\/2"}],"replies":[{"embeddable":true,"href":"https:\/\/www.marmottine.fr\/mag\/wp-json\/wp\/v2\/comments?post=652"}],"version-history":[{"count":3,"href":"https:\/\/www.marmottine.fr\/mag\/wp-json\/wp\/v2\/pages\/652\/revisions"}],"predecessor-version":[{"id":683,"href":"https:\/\/www.marmottine.fr\/mag\/wp-json\/wp\/v2\/pages\/652\/revisions\/683"}],"up":[{"embeddable":true,"href":"https:\/\/www.marmottine.fr\/mag\/wp-json\/wp\/v2\/pages\/647"}],"wp:attachment":[{"href":"https:\/\/www.marmottine.fr\/mag\/wp-json\/wp\/v2\/media?parent=652"}],"curies":[{"name":"wp","href":"https:\/\/api.w.org\/{rel}","templated":true}]}}