{"id":650,"date":"2024-05-21T10:08:58","date_gmt":"2024-05-21T08:08:58","guid":{"rendered":"https:\/\/www.marmottine.fr\/mag\/?page_id=650"},"modified":"2024-05-21T15:42:27","modified_gmt":"2024-05-21T13:42:27","slug":"atelier-aismee","status":"publish","type":"page","link":"https:\/\/www.marmottine.fr\/mag\/guides\/bijoux-personnalises\/par-marque\/atelier-aismee","title":{"rendered":"Quels sont les bijoux personnalis\u00e9s de l\u2019Atelier Aism\u00e9e ?"},"content":{"rendered":"<h1><span class=\"ez-toc-section\" id=\"Quels_sont_les_bijoux_personnalises_de_lAtelier_Aismee\"><\/span>Quels sont les bijoux personnalis\u00e9s de l\u2019Atelier Aism\u00e9e ?<span class=\"ez-toc-section-end\"><\/span><\/h1><div id=\"ez-toc-container\" class=\"ez-toc-v2_0_69_1 counter-hierarchy ez-toc-counter ez-toc-grey ez-toc-container-direction\">\n<div class=\"ez-toc-title-container\">\n<p class=\"ez-toc-title\" style=\"cursor:inherit\">Sommaire<\/p>\n<span class=\"ez-toc-title-toggle\"><a href=\"#\" class=\"ez-toc-pull-right ez-toc-btn ez-toc-btn-xs ez-toc-btn-default ez-toc-toggle\" aria-label=\"Toggle Table of Content\"><span class=\"ez-toc-js-icon-con\"><span class=\"\"><span class=\"eztoc-hide\" style=\"display:none;\">Toggle<\/span><span class=\"ez-toc-icon-toggle-span\"><svg style=\"fill: #999;color:#999\" xmlns=\"http:\/\/www.w3.org\/2000\/svg\" class=\"list-377408\" width=\"20px\" height=\"20px\" viewBox=\"0 0 24 24\" fill=\"none\"><path d=\"M6 6H4v2h2V6zm14 0H8v2h12V6zM4 11h2v2H4v-2zm16 0H8v2h12v-2zM4 16h2v2H4v-2zm16 0H8v2h12v-2z\" fill=\"currentColor\"><\/path><\/svg><svg style=\"fill: #999;color:#999\" class=\"arrow-unsorted-368013\" xmlns=\"http:\/\/www.w3.org\/2000\/svg\" width=\"10px\" height=\"10px\" viewBox=\"0 0 24 24\" version=\"1.2\" baseProfile=\"tiny\"><path d=\"M18.2 9.3l-6.2-6.3-6.2 6.3c-.2.2-.3.4-.3.7s.1.5.3.7c.2.2.4.3.7.3h11c.3 0 .5-.1.7-.3.2-.2.3-.5.3-.7s-.1-.5-.3-.7zM5.8 14.7l6.2 6.3 6.2-6.3c.2-.2.3-.5.3-.7s-.1-.5-.3-.7c-.2-.2-.4-.3-.7-.3h-11c-.3 0-.5.1-.7.3-.2.2-.3.5-.3.7s.1.5.3.7z\"\/><\/svg><\/span><\/span><\/span><\/a><\/span><\/div>\n<nav><ul class='ez-toc-list ez-toc-list-level-1 ' ><li class='ez-toc-page-1 ez-toc-heading-level-1'><a class=\"ez-toc-link ez-toc-heading-1\" href=\"https:\/\/www.marmottine.fr\/mag\/guides\/bijoux-personnalises\/par-marque\/atelier-aismee\/#Quels_sont_les_bijoux_personnalises_de_lAtelier_Aismee\" title=\"Quels sont les bijoux personnalis\u00e9s de l\u2019Atelier Aism\u00e9e ?\">Quels sont les bijoux personnalis\u00e9s de l\u2019Atelier Aism\u00e9e ?<\/a><ul class='ez-toc-list-level-2' ><li class='ez-toc-heading-level-2'><a class=\"ez-toc-link ez-toc-heading-2\" href=\"https:\/\/www.marmottine.fr\/mag\/guides\/bijoux-personnalises\/par-marque\/atelier-aismee\/#Les_bolas_de_grossesse_Aismee_pour_future_maman\" title=\"Les bolas de grossesse Aism\u00e9e pour future maman\">Les bolas de grossesse Aism\u00e9e pour future maman<\/a><\/li><li class='ez-toc-page-1 ez-toc-heading-level-2'><a class=\"ez-toc-link ez-toc-heading-3\" href=\"https:\/\/www.marmottine.fr\/mag\/guides\/bijoux-personnalises\/par-marque\/atelier-aismee\/#Aismee_le_leader_du_bola_personnalise_en_France\" title=\"Aism\u00e9e, le leader du bola personnalis\u00e9 en France\">Aism\u00e9e, le leader du bola personnalis\u00e9 en France<\/a><\/li><li class='ez-toc-page-1 ez-toc-heading-level-2'><a class=\"ez-toc-link ez-toc-heading-4\" href=\"https:\/\/www.marmottine.fr\/mag\/guides\/bijoux-personnalises\/par-marque\/atelier-aismee\/#Une_diversification_vers_les_bijoux_personnalises_Aismee\" title=\"Une diversification vers les bijoux personnalis\u00e9s Aism\u00e9e\">Une diversification vers les bijoux personnalis\u00e9s Aism\u00e9e<\/a><\/li><li class='ez-toc-page-1 ez-toc-heading-level-2'><a class=\"ez-toc-link ez-toc-heading-5\" href=\"https:\/\/www.marmottine.fr\/mag\/guides\/bijoux-personnalises\/par-marque\/atelier-aismee\/#Les_medailles_de_bapteme_personnalisees_de_Aismee\" title=\"Les m\u00e9dailles de bapt\u00eame personnalis\u00e9es de Aism\u00e9e\">Les m\u00e9dailles de bapt\u00eame personnalis\u00e9es de Aism\u00e9e<\/a><\/li><li class='ez-toc-page-1 ez-toc-heading-level-2'><a class=\"ez-toc-link ez-toc-heading-6\" href=\"https:\/\/www.marmottine.fr\/mag\/guides\/bijoux-personnalises\/par-marque\/atelier-aismee\/#Les_accessoires_personnalises_de_la_marque_Aismee\" title=\"Les accessoires personnalis\u00e9s de la marque Aism\u00e9e\">Les accessoires personnalis\u00e9s de la marque Aism\u00e9e<\/a><\/li><li class='ez-toc-page-1 ez-toc-heading-level-2'><a class=\"ez-toc-link ez-toc-heading-7\" href=\"https:\/\/www.marmottine.fr\/mag\/guides\/bijoux-personnalises\/par-marque\/atelier-aismee\/#Quels_sont_les_avis_sur_les_bijoux_personnalises_de_la_marque_Aismee\" title=\"Quels sont les avis sur les bijoux personnalis\u00e9s de la marque Aism\u00e9e\u00a0?\">Quels sont les avis sur les bijoux personnalis\u00e9s de la marque Aism\u00e9e\u00a0?<\/a><\/li><li class='ez-toc-page-1 ez-toc-heading-level-2'><a class=\"ez-toc-link ez-toc-heading-8\" href=\"https:\/\/www.marmottine.fr\/mag\/guides\/bijoux-personnalises\/par-marque\/atelier-aismee\/#Quelle_type_de_gravure_sur_un_bijou_personnalise_Aismee\" title=\"Quelle type de gravure sur un bijou personnalis\u00e9 Aism\u00e9e ?\">Quelle type de gravure sur un bijou personnalis\u00e9 Aism\u00e9e ?<\/a><\/li><\/ul><\/li><\/ul><\/nav><\/div>\n\n<figure id=\"attachment_478\" aria-describedby=\"caption-attachment-478\" style=\"width: 600px\" class=\"wp-caption alignnone\"><img loading=\"lazy\" decoding=\"async\" class=\"size-full wp-image-478\" src=\"https:\/\/www.marmottine.fr\/mag\/wp-content\/uploads\/2024\/04\/2023-05-22.jpg\" alt=\"Collier Famille \u00e0 personnaliser\" width=\"600\" height=\"600\" srcset=\"https:\/\/www.marmottine.fr\/mag\/wp-content\/uploads\/2024\/04\/2023-05-22.jpg 600w, https:\/\/www.marmottine.fr\/mag\/wp-content\/uploads\/2024\/04\/2023-05-22-300x300.jpg 300w, https:\/\/www.marmottine.fr\/mag\/wp-content\/uploads\/2024\/04\/2023-05-22-150x150.jpg 150w\" sizes=\"(max-width: 600px) 100vw, 600px\" \/><figcaption id=\"caption-attachment-478\" class=\"wp-caption-text\">Collier Famille \u00e0 personnaliser<\/figcaption><\/figure>\n<p>Aism\u00e9e a fait une entr\u00e9e r\u00e9cente parmi <strong><a href=\"https:\/\/www.marmottine.fr\/mag\/guides\/bijoux-personnalises#Quels_bijoux_personnalises_choisir_par_marque\">les marques de bijoux personnalis\u00e9s en ligne<\/a><\/strong> mais c\u2019est une enseigne qui compte, particuli\u00e8rement dans l\u2019univers de la maternit\u00e9 et de la petite enfance.<\/p>\n<p>La marque a d\u00e9marr\u00e9 en 2016 avec une collection de bolas de grossesse, puis en 2021, forte de son succ\u00e8s, elle a \u00e9tendu ses activit\u00e9s aux bijoux personnalis\u00e9s pour maman et pour b\u00e9b\u00e9. L\u2019univers de Aism\u00e9e est romantique. Les bijoux sont r\u00e9alis\u00e9s en plaqu\u00e9 or. Le style est tendance, aux couleurs pastel, doux comme la maternit\u00e9 et tendre comme l\u2019enfance.<\/p>\n<h2><span class=\"ez-toc-section\" id=\"Les_bolas_de_grossesse_Aismee_pour_future_maman\"><\/span>Les bolas de grossesse Aism\u00e9e pour future maman<span class=\"ez-toc-section-end\"><\/span><\/h2>\n<p>Si la marque Aism\u00e9e s\u2019est hiss\u00e9e parmi les marques de bijoux personnalis\u00e9s, son histoire a commenc\u00e9 avec les bolas de grossesse. Constatant l\u2019engouement des mamans occidentales pour le dr\u00f4le de bijou de maternit\u00e9 venu d\u2019Indon\u00e9sie, les cr\u00e9ateurs d\u00e9cident de cr\u00e9er une marque de bolas qui seront fabriqu\u00e9s en France. La marque Le Petit Bola est n\u00e9e, et le succ\u00e8s est imm\u00e9diat. Le concept est simple : proposer des bolas-bijoux \u00e9l\u00e9gants et raffin\u00e9s, personnalis\u00e9s, tant par leur forme que par leurs mat\u00e9riaux. R\u00e9alis\u00e9s en argent et en plaqu\u00e9 or, les bolas propos\u00e9s se parent de pierres semi-pr\u00e9cieuses et de gravures originales.<\/p>\n<p>Si le bola devient un bijou \u00e0 part enti\u00e8re chez Aism\u00e9e, la fonction premi\u00e8re de ce bijou de grossesse est pr\u00e9serv\u00e9e\u00a0: il s\u2019agit d\u2019un sautoir au bout duquel est accroch\u00e9 un pendentif en forme de boule, \u00e0 l\u2019int\u00e9rieur de laquelle sont enferm\u00e9es des petites billes qui tintent joyeusement \u00e0 chaque mouvement de la future maman. Le b\u00e9b\u00e9 entend ce doux son in utero qui le berce et l\u2019apaise. Apr\u00e8s la naissance, le bola se transforme en mobile au-dessus du berceau, du landau ou de la poussette, lui rappelant instinctivement la douce m\u00e9lodie qui le ber\u00e7ait avant sa venue au monde.<\/p>\n<h2><span class=\"ez-toc-section\" id=\"Aismee_le_leader_du_bola_personnalise_en_France\"><\/span>Aism\u00e9e, le leader du bola personnalis\u00e9 en France<span class=\"ez-toc-section-end\"><\/span><\/h2>\n<p>Tr\u00e8s vite la marque occupe la place de leader sur le march\u00e9 tr\u00e8s convoit\u00e9 du bola de grossesse.<\/p>\n<p>Ce bijou de maternit\u00e9 original commence \u00e0 \u00eatre connu en France et devient m\u00eame l\u2019accessoire incontournable \u00e0 offrir \u00e0 une future maman \u00e0 l\u2019occasion d\u2019une Baby Shower (f\u00eate pr\u00e9natale organis\u00e9e par les amies de la future m\u00e8re), de son anniversaire ou de la Saint Valentin.<\/p>\n<p>La marque propose une offre infinie de bolas en argent et en plaqu\u00e9 or au style chic et \u00e9l\u00e9gant, en lui associant des pierres fines, des perles de culture ou des pampilles. Tr\u00e8s vite, la personnalisation appara\u00eet et permet de proposer des bolas personnalis\u00e9s avec des gravures propos\u00e9es ou demand\u00e9es par les clientes.<\/p>\n<h2><span class=\"ez-toc-section\" id=\"Une_diversification_vers_les_bijoux_personnalises_Aismee\"><\/span>Une diversification vers les bijoux personnalis\u00e9s Aism\u00e9e<span class=\"ez-toc-section-end\"><\/span><\/h2>\n<p>Fort de ce succ\u00e8s, les fondateurs d\u00e9cident d\u2019\u00e9largir leur offre aux bijoux personnalis\u00e9s et Le Petit Bola devient Aism\u00e9e en 2021. Si le bola occupe encore une grande place sur la boutique en ligne, il partage d\u00e9sormais la vedette avec les m\u00e9dailles de bapt\u00eame, les bijoux personnalis\u00e9s et les accessoires. Sans surprise, les bijoux personnalis\u00e9s propos\u00e9s par la marque Aism\u00e9e \u00e9voluent dans l\u2019univers de la maternit\u00e9 et de la petite enfance, suite logique apr\u00e8s l\u2019accouchement.<\/p>\n<p>La marque propose ainsi des m\u00e9dailles de bapt\u00eame enti\u00e8rement personnalis\u00e9es avec des illustrations uniques et originales, sur des th\u00e9matiques enfantines. Les dessins \u00e9voquent l\u2019univers onirique et doux de l\u2019enfance.<\/p>\n<p>La gamme de prix des bijoux Aism\u00e9e est tr\u00e8s accessible car l\u2019offre est essentiellement en plaqu\u00e9 or. Aism\u00e9e propose une offre en fantaisie haut de gamme tr\u00e8s en vogue actuellement\u00a0: des bijoux de qualit\u00e9, abordables, qui permettent de faire des petits cadeaux qualitatifs sans se ruiner, une tendance forte depuis quelques ann\u00e9es.<\/p>\n<h2><span class=\"ez-toc-section\" id=\"Les_medailles_de_bapteme_personnalisees_de_Aismee\"><\/span>Les m\u00e9dailles de bapt\u00eame personnalis\u00e9es de Aism\u00e9e<span class=\"ez-toc-section-end\"><\/span><\/h2>\n<p>En toute logique, l\u2019atelier Aism\u00e9e s\u2019est diversifi\u00e9 sur les m\u00e9dailles de bapt\u00eame personnalis\u00e9es, de belles id\u00e9es de cadeaux \u00e0 proposer \u00e0 leurs clientes apr\u00e8s la naissance de leur enfant.<\/p>\n<p>Les m\u00e9dailles de bapt\u00eames propos\u00e9es par Aism\u00e9e sont en plaqu\u00e9 or et conviennent pour des bapt\u00eames religieux comme des bapt\u00eames la\u00efques.<\/p>\n<p>Les motifs grav\u00e9s sur les m\u00e9dailles s\u2019inspirent de symboles religieux comme la croix, la colombe, ou l\u2019ange, revisit\u00e9s dans un style tr\u00e8s actuel m\u00ealant le romantisme et l\u2019esth\u00e9tisme.<\/p>\n<p>D\u2019autres m\u00e9dailles, plus la\u00efques, puisent leur inspiration dans l\u2019univers onirique des tout-petits\u00a0et proposent des animaux, des initiales monogramm\u00e9es, des couronnes, au style tr\u00e8s \u00e9l\u00e9gant.<\/p>\n<p>Ce sont de jolies id\u00e9es de cadeaux pour un petit baptis\u00e9, \u00e0 offrir par le parrain, la marraine, ou les proches invit\u00e9s lors du bapt\u00eame.<\/p>\n<h2><span class=\"ez-toc-section\" id=\"Les_accessoires_personnalises_de_la_marque_Aismee\"><\/span>Les accessoires personnalis\u00e9s de la marque Aism\u00e9e<span class=\"ez-toc-section-end\"><\/span><\/h2>\n<p>La marque dr\u00f4moise ne s\u2019est pas arr\u00eat\u00e9e l\u00e0 et propose une s\u00e9rie d\u2019accessoires et d\u2019objets d\u00e9riv\u00e9s, \u00e9galement personnalis\u00e9s, qui viennent compl\u00e9ter avec sens l\u2019offre initiale de bijoux. Ainsi, il est possible de s\u2019offrir son carnet de grossesse personnalis\u00e9, un bracelet personnalis\u00e9 pour le papa, mais aussi pour le grand fr\u00e8re ou la grande s\u0153ur, des cartes \u00e9tapes grossesse en bois ou encore des anneaux de dentition pour le nouveau-n\u00e9.<\/p>\n<h2><span class=\"ez-toc-section\" id=\"Quels_sont_les_avis_sur_les_bijoux_personnalises_de_la_marque_Aismee\"><\/span>Quels sont les avis sur les bijoux personnalis\u00e9s de la marque Aism\u00e9e\u00a0?<span class=\"ez-toc-section-end\"><\/span><\/h2>\n<p>La marque, qui est implant\u00e9e depuis ses d\u00e9buts \u00e0 Chabeuil, dans la Dr\u00f4me, b\u00e9n\u00e9ficie d\u2019une bonne image. Les avis des internautes sont plut\u00f4t positifs. A noter que, m\u00eame si Aism\u00e9e reste essentiellement connue pour ses bolas de grossesses, la marque compte parmi les enseignes de r\u00e9f\u00e9rence en mati\u00e8re de bijoux personnalis\u00e9s pour les mamans et les b\u00e9b\u00e9s.<\/p>\n<h2><span class=\"ez-toc-section\" id=\"Quelle_type_de_gravure_sur_un_bijou_personnalise_Aismee\"><\/span>Quelle type de gravure sur un bijou personnalis\u00e9 Aism\u00e9e ?<span class=\"ez-toc-section-end\"><\/span><\/h2>\n<p>L\u2019Atelier Aism\u00e9e propose des gravures machine dans une typographie unique, tr\u00e8s simple et \u00e9l\u00e9gante. Certains mod\u00e8les offrent la possibilit\u00e9 de graver plusieurs mots, d\u2019autres de simples initiales.<\/p>\n<p>Beaucoup de mod\u00e8les offrent des illustrations et autres dessins imagin\u00e9s par la marque, o\u00f9 il suffit de rajouter un mot ou une lettre pour personnaliser le v\u00f4tre. Ces illustrations refl\u00e8tent l\u2019univers tendance de l\u2019Atelier Aism\u00e9e avec des dessins \u00e9pur\u00e9s, des motifs floraux ou des citations c\u00e9l\u00e8bres.<\/p>\n<p>Enfin, la marque propose aussi des m\u00e9dailles pr\u00e9 grav\u00e9es avec des messages types pour des \u00e9v\u00e9nements r\u00e9currents de la vie comme la f\u00eate des m\u00e8res. Dans ce cas, le site peut imposer une typo originale qui contribue au style du bijou.<\/p>\n","protected":false},"excerpt":{"rendered":"<p>Quels sont les bijoux personnalis\u00e9s de l\u2019Atelier Aism\u00e9e ? Aism\u00e9e a fait une entr\u00e9e r\u00e9cente parmi les marques de bijoux [&hellip;]<\/p>\n","protected":false},"author":2,"featured_media":0,"parent":647,"menu_order":11,"comment_status":"closed","ping_status":"closed","template":"","meta":{"site-sidebar-layout":"default","site-content-layout":"","ast-site-content-layout":"default","site-content-style":"default","site-sidebar-style":"default","ast-global-header-display":"","ast-banner-title-visibility":"","ast-main-header-display":"","ast-hfb-above-header-display":"","ast-hfb-below-header-display":"","ast-hfb-mobile-header-display":"","site-post-title":"","ast-breadcrumbs-content":"","ast-featured-img":"","footer-sml-layout":"","theme-transparent-header-meta":"default","adv-header-id-meta":"","stick-header-meta":"","header-above-stick-meta":"","header-main-stick-meta":"","header-below-stick-meta":"","astra-migrate-meta-layouts":"set","ast-page-background-enabled":"default","ast-page-background-meta":{"desktop":{"background-color":"var(--ast-global-color-4)","background-image":"","background-repeat":"repeat","background-position":"center center","background-size":"auto","background-attachment":"scroll","background-type":"","background-media":"","overlay-type":"","overlay-color":"","overlay-gradient":""},"tablet":{"background-color":"","background-image":"","background-repeat":"repeat","background-position":"center center","background-size":"auto","background-attachment":"scroll","background-type":"","background-media":"","overlay-type":"","overlay-color":"","overlay-gradient":""},"mobile":{"background-color":"","background-image":"","background-repeat":"repeat","background-position":"center center","background-size":"auto","background-attachment":"scroll","background-type":"","background-media":"","overlay-type":"","overlay-color":"","overlay-gradient":""}},"ast-content-background-meta":{"desktop":{"background-color":"var(--ast-global-color-5)","background-image":"","background-repeat":"repeat","background-position":"center center","background-size":"auto","background-attachment":"scroll","background-type":"","background-media":"","overlay-type":"","overlay-color":"","overlay-gradient":""},"tablet":{"background-color":"var(--ast-global-color-5)","background-image":"","background-repeat":"repeat","background-position":"center center","background-size":"auto","background-attachment":"scroll","background-type":"","background-media":"","overlay-type":"","overlay-color":"","overlay-gradient":""},"mobile":{"background-color":"var(--ast-global-color-5)","background-image":"","background-repeat":"repeat","background-position":"center center","background-size":"auto","background-attachment":"scroll","background-type":"","background-media":"","overlay-type":"","overlay-color":"","overlay-gradient":""}},"footnotes":""},"aioseo_notices":[],"_links":{"self":[{"href":"https:\/\/www.marmottine.fr\/mag\/wp-json\/wp\/v2\/pages\/650"}],"collection":[{"href":"https:\/\/www.marmottine.fr\/mag\/wp-json\/wp\/v2\/pages"}],"about":[{"href":"https:\/\/www.marmottine.fr\/mag\/wp-json\/wp\/v2\/types\/page"}],"author":[{"embeddable":true,"href":"https:\/\/www.marmottine.fr\/mag\/wp-json\/wp\/v2\/users\/2"}],"replies":[{"embeddable":true,"href":"https:\/\/www.marmottine.fr\/mag\/wp-json\/wp\/v2\/comments?post=650"}],"version-history":[{"count":3,"href":"https:\/\/www.marmottine.fr\/mag\/wp-json\/wp\/v2\/pages\/650\/revisions"}],"predecessor-version":[{"id":682,"href":"https:\/\/www.marmottine.fr\/mag\/wp-json\/wp\/v2\/pages\/650\/revisions\/682"}],"up":[{"embeddable":true,"href":"https:\/\/www.marmottine.fr\/mag\/wp-json\/wp\/v2\/pages\/647"}],"wp:attachment":[{"href":"https:\/\/www.marmottine.fr\/mag\/wp-json\/wp\/v2\/media?parent=650"}],"curies":[{"name":"wp","href":"https:\/\/api.w.org\/{rel}","templated":true}]}}