{"id":454,"date":"2024-04-09T10:21:58","date_gmt":"2024-04-09T08:21:58","guid":{"rendered":"https:\/\/www.marmottine.fr\/mag\/?page_id=454"},"modified":"2024-04-09T16:23:24","modified_gmt":"2024-04-09T14:23:24","slug":"pour-un-bapteme","status":"publish","type":"page","link":"https:\/\/www.marmottine.fr\/mag\/guides\/bijoux-personnalises\/choisir-selon-occasion\/pour-un-bapteme","title":{"rendered":"Quels sont les bijoux personnalis\u00e9s pour un bapt\u00eame ?"},"content":{"rendered":"<h1><span class=\"ez-toc-section\" id=\"Quels_sont_les_bijoux_personnalises_pour_un_bapteme\"><\/span>Quels sont les bijoux personnalis\u00e9s pour un bapt\u00eame\u00a0?<span class=\"ez-toc-section-end\"><\/span><\/h1><div id=\"ez-toc-container\" class=\"ez-toc-v2_0_69_1 counter-hierarchy ez-toc-counter ez-toc-grey ez-toc-container-direction\">\n<div class=\"ez-toc-title-container\">\n<p class=\"ez-toc-title\" style=\"cursor:inherit\">Sommaire<\/p>\n<span class=\"ez-toc-title-toggle\"><a href=\"#\" class=\"ez-toc-pull-right ez-toc-btn ez-toc-btn-xs ez-toc-btn-default ez-toc-toggle\" aria-label=\"Toggle Table of Content\"><span class=\"ez-toc-js-icon-con\"><span class=\"\"><span class=\"eztoc-hide\" style=\"display:none;\">Toggle<\/span><span class=\"ez-toc-icon-toggle-span\"><svg style=\"fill: #999;color:#999\" xmlns=\"http:\/\/www.w3.org\/2000\/svg\" class=\"list-377408\" width=\"20px\" height=\"20px\" viewBox=\"0 0 24 24\" fill=\"none\"><path d=\"M6 6H4v2h2V6zm14 0H8v2h12V6zM4 11h2v2H4v-2zm16 0H8v2h12v-2zM4 16h2v2H4v-2zm16 0H8v2h12v-2z\" fill=\"currentColor\"><\/path><\/svg><svg style=\"fill: #999;color:#999\" class=\"arrow-unsorted-368013\" xmlns=\"http:\/\/www.w3.org\/2000\/svg\" width=\"10px\" height=\"10px\" viewBox=\"0 0 24 24\" version=\"1.2\" baseProfile=\"tiny\"><path d=\"M18.2 9.3l-6.2-6.3-6.2 6.3c-.2.2-.3.4-.3.7s.1.5.3.7c.2.2.4.3.7.3h11c.3 0 .5-.1.7-.3.2-.2.3-.5.3-.7s-.1-.5-.3-.7zM5.8 14.7l6.2 6.3 6.2-6.3c.2-.2.3-.5.3-.7s-.1-.5-.3-.7c-.2-.2-.4-.3-.7-.3h-11c-.3 0-.5.1-.7.3-.2.2-.3.5-.3.7s.1.5.3.7z\"\/><\/svg><\/span><\/span><\/span><\/a><\/span><\/div>\n<nav><ul class='ez-toc-list ez-toc-list-level-1 ' ><li class='ez-toc-page-1 ez-toc-heading-level-1'><a class=\"ez-toc-link ez-toc-heading-1\" href=\"https:\/\/www.marmottine.fr\/mag\/guides\/bijoux-personnalises\/choisir-selon-occasion\/pour-un-bapteme\/#Quels_sont_les_bijoux_personnalises_pour_un_bapteme\" title=\"Quels sont les bijoux personnalis\u00e9s pour un bapt\u00eame\u00a0?\">Quels sont les bijoux personnalis\u00e9s pour un bapt\u00eame\u00a0?<\/a><ul class='ez-toc-list-level-2' ><li class='ez-toc-heading-level-2'><a class=\"ez-toc-link ez-toc-heading-2\" href=\"https:\/\/www.marmottine.fr\/mag\/guides\/bijoux-personnalises\/choisir-selon-occasion\/pour-un-bapteme\/#Quels_bijoux_personnalises_offrir_pour_un_bapteme\" title=\"Quels bijoux personnalis\u00e9s offrir pour un bapt\u00eame\u00a0?\">Quels bijoux personnalis\u00e9s offrir pour un bapt\u00eame\u00a0?<\/a><\/li><li class='ez-toc-page-1 ez-toc-heading-level-2'><a class=\"ez-toc-link ez-toc-heading-3\" href=\"https:\/\/www.marmottine.fr\/mag\/guides\/bijoux-personnalises\/choisir-selon-occasion\/pour-un-bapteme\/#Quels_sont_les_bijoux_personnalises_pour_un_bapteme_religieux\" title=\"Quels sont les bijoux personnalis\u00e9s pour un bapt\u00eame religieux\u00a0?\">Quels sont les bijoux personnalis\u00e9s pour un bapt\u00eame religieux\u00a0?<\/a><\/li><li class='ez-toc-page-1 ez-toc-heading-level-2'><a class=\"ez-toc-link ez-toc-heading-4\" href=\"https:\/\/www.marmottine.fr\/mag\/guides\/bijoux-personnalises\/choisir-selon-occasion\/pour-un-bapteme\/#Quels_sont_les_bijoux_personnalises_pour_un_bapteme_civil\" title=\"Quels sont les bijoux personnalis\u00e9s pour un bapt\u00eame civil\u00a0?\">Quels sont les bijoux personnalis\u00e9s pour un bapt\u00eame civil\u00a0?<\/a><\/li><li class='ez-toc-page-1 ez-toc-heading-level-2'><a class=\"ez-toc-link ez-toc-heading-5\" href=\"https:\/\/www.marmottine.fr\/mag\/guides\/bijoux-personnalises\/choisir-selon-occasion\/pour-un-bapteme\/#Comment_choisir_un_bijou_personnalise_pour_le_bapteme_dune_fille\" title=\"Comment choisir un bijou personnalis\u00e9 pour le bapt\u00eame d\u2019une fille\u00a0?\">Comment choisir un bijou personnalis\u00e9 pour le bapt\u00eame d\u2019une fille\u00a0?<\/a><\/li><li class='ez-toc-page-1 ez-toc-heading-level-2'><a class=\"ez-toc-link ez-toc-heading-6\" href=\"https:\/\/www.marmottine.fr\/mag\/guides\/bijoux-personnalises\/choisir-selon-occasion\/pour-un-bapteme\/#Comment_choisir_un_bijou_de_bapteme_personnalise_pour_un_garcon\" title=\"Comment choisir un bijou de bapt\u00eame personnalis\u00e9 pour un gar\u00e7on\u00a0?\">Comment choisir un bijou de bapt\u00eame personnalis\u00e9 pour un gar\u00e7on\u00a0?<\/a><\/li><li class='ez-toc-page-1 ez-toc-heading-level-2'><a class=\"ez-toc-link ez-toc-heading-7\" href=\"https:\/\/www.marmottine.fr\/mag\/guides\/bijoux-personnalises\/choisir-selon-occasion\/pour-un-bapteme\/#Quelle_chaine_choisir_pour_une_medaille_de_bapteme_personnalisee\" title=\"Quelle cha\u00eene choisir pour une m\u00e9daille de bapt\u00eame personnalis\u00e9e\u00a0?\">Quelle cha\u00eene choisir pour une m\u00e9daille de bapt\u00eame personnalis\u00e9e\u00a0?<\/a><\/li><li class='ez-toc-page-1 ez-toc-heading-level-2'><a class=\"ez-toc-link ez-toc-heading-8\" href=\"https:\/\/www.marmottine.fr\/mag\/guides\/bijoux-personnalises\/choisir-selon-occasion\/pour-un-bapteme\/#Que_graver_sur_une_gourmette_de_bapteme_personnalisee\" title=\"Que graver sur une gourmette de bapt\u00eame personnalis\u00e9e\u00a0?\">Que graver sur une gourmette de bapt\u00eame personnalis\u00e9e\u00a0?<\/a><\/li><\/ul><\/li><\/ul><\/nav><\/div>\n\n<figure id=\"attachment_488\" aria-describedby=\"caption-attachment-488\" style=\"width: 800px\" class=\"wp-caption alignnone\"><img loading=\"lazy\" decoding=\"async\" class=\"size-full wp-image-488\" src=\"https:\/\/www.marmottine.fr\/mag\/wp-content\/uploads\/2024\/04\/2023-12-12.jpg\" alt=\"M\u00e9daille Bapt\u00eame en Or\" width=\"800\" height=\"800\" srcset=\"https:\/\/www.marmottine.fr\/mag\/wp-content\/uploads\/2024\/04\/2023-12-12.jpg 800w, https:\/\/www.marmottine.fr\/mag\/wp-content\/uploads\/2024\/04\/2023-12-12-300x300.jpg 300w, https:\/\/www.marmottine.fr\/mag\/wp-content\/uploads\/2024\/04\/2023-12-12-150x150.jpg 150w, https:\/\/www.marmottine.fr\/mag\/wp-content\/uploads\/2024\/04\/2023-12-12-768x768.jpg 768w\" sizes=\"(max-width: 800px) 100vw, 800px\" \/><figcaption id=\"caption-attachment-488\" class=\"wp-caption-text\">M\u00e9daille Bapt\u00eame en Or<\/figcaption><\/figure>\n<p>Le bapt\u00eame, qu\u2019il soit civil ou religieux, est <strong><a href=\"https:\/\/www.marmottine.fr\/mag\/guides\/bijoux-personnalises\/choisir-selon-occasion\">l\u2019occasion d\u2019offrir un bijou personnalis\u00e9<\/a><\/strong> au jeune baptis\u00e9. Cette nouvelle tendance est une mani\u00e8re de d\u00e9poussi\u00e9rer les bijoux traditionnels que sont la m\u00e9daille et la gourmette de bapt\u00eame, pour offrir un bijou dans l\u2019air du temps. Les possibilit\u00e9s de personnalisations sont telles qu\u2019elles permettent de distinguer les bijoux pour filles des bijoux pour gar\u00e7ons. Les bijoux de bapt\u00eame deviennent ainsi de vrais accessoires que les enfants aiment porter au quotidien en grandissant, en souvenir de cet \u00e9v\u00e9nement si important.<\/p>\n<h2><span class=\"ez-toc-section\" id=\"Quels_bijoux_personnalises_offrir_pour_un_bapteme\"><\/span>Quels bijoux personnalis\u00e9s offrir pour un bapt\u00eame\u00a0?<span class=\"ez-toc-section-end\"><\/span><\/h2>\n<p>Si les bijoux de bapt\u00eame personnalis\u00e9s permettent de bousculer les traditions, on respectera quand m\u00eame deux types de bijoux incontournables que l\u2019on offre \u00e0 cette occasion\u00a0: la <strong>m\u00e9daille de bapt\u00eame<\/strong> et la <strong>gourmette de bapt\u00eame<\/strong>.<\/p>\n<p><u>La m\u00e9daille de bapt\u00eame\u00a0personnalis\u00e9e<\/u> : historiquement, la m\u00e9daille est en or et repr\u00e9sente une figure des Evangiles. Sa version personnalis\u00e9e change les codes et ose des repr\u00e9sentations inattendues, plus modernes et plus la\u00efques.<\/p>\n<p><u>La gourmette de bapt\u00eame personnalis\u00e9e<\/u>\u00a0: \u00e0 l\u2019instar de la m\u00e9daille, la gourmette (aussi appel\u00e9e Bracelet Identit\u00e9 B\u00e9b\u00e9) se fait plus moderne, ose des mat\u00e9riaux diff\u00e9rents comme un cordon \u00e0 la place de la cha\u00eene, et propose des formes inspir\u00e9es de l\u2019univers enfantin (fleur, ourson, c\u0153ur\u2026).<\/p>\n<h2><span class=\"ez-toc-section\" id=\"Quels_sont_les_bijoux_personnalises_pour_un_bapteme_religieux\"><\/span>Quels sont les bijoux personnalis\u00e9s pour un bapt\u00eame religieux\u00a0?<span class=\"ez-toc-section-end\"><\/span><\/h2>\n<figure id=\"attachment_487\" aria-describedby=\"caption-attachment-487\" style=\"width: 800px\" class=\"wp-caption alignnone\"><img loading=\"lazy\" decoding=\"async\" class=\"size-full wp-image-487\" src=\"https:\/\/www.marmottine.fr\/mag\/wp-content\/uploads\/2024\/04\/2023-04-14.jpg\" alt=\"M\u00e9daille de Bapt\u00eame Saint Christophe\" width=\"800\" height=\"800\" srcset=\"https:\/\/www.marmottine.fr\/mag\/wp-content\/uploads\/2024\/04\/2023-04-14.jpg 800w, https:\/\/www.marmottine.fr\/mag\/wp-content\/uploads\/2024\/04\/2023-04-14-300x300.jpg 300w, https:\/\/www.marmottine.fr\/mag\/wp-content\/uploads\/2024\/04\/2023-04-14-150x150.jpg 150w, https:\/\/www.marmottine.fr\/mag\/wp-content\/uploads\/2024\/04\/2023-04-14-768x768.jpg 768w\" sizes=\"(max-width: 800px) 100vw, 800px\" \/><figcaption id=\"caption-attachment-487\" class=\"wp-caption-text\">M\u00e9daille de Bapt\u00eame Saint Christophe<\/figcaption><\/figure>\n<p>Les bijoux personnalis\u00e9s proposent une version plus moderne des repr\u00e9sentations religieuses utilis\u00e9es pour les cadeaux de bapt\u00eame.<\/p>\n<p><strong>La m\u00e9daille religieuse personnalis\u00e9e<\/strong>\u00a0: elle reprend les images classiques des Evangiles, comme la Vierge Marie, J\u00e9sus, les Saint (Saint Christophe, Saint Michel, Saint Antoine de Padoue, Sainte Th\u00e9r\u00e8se, Sainte Anne\u2026), des sc\u00e8nes de la Bible, ou des symboles religieux comme la croix, l\u2019ange, la colombe ou l\u2019arbre de vie, mais de mani\u00e8re originale, plus moderne. On se permettra m\u00eame de personnaliser la m\u00e9daille au recto, pr\u00e8s du symbole, et au verso, avec la gravure d\u2019une date (date de naissance ou date du bapt\u00eame) et pourquoi pas un texte court comme une maxime ou l\u2019extrait d\u2019une pri\u00e8re.<\/p>\n<p><strong>La gourmette pour un bapt\u00eame religieux<\/strong>\u00a0: elle est traditionnellement plus neutre, sans signe religieux ostentatoire. Mais quelle que soit sa forme, elle reprend le pr\u00e9nom de l\u2019enfant au recto et sa date de bapt\u00eame (ou de naissance) au verso. Les mod\u00e8les les plus r\u00e9cents ajoutent un ange en breloque sur la cha\u00eene ou sur le c\u00f4t\u00e9 de la plaque.<\/p>\n<h2><span class=\"ez-toc-section\" id=\"Quels_sont_les_bijoux_personnalises_pour_un_bapteme_civil\"><\/span>Quels sont les bijoux personnalis\u00e9s pour un bapt\u00eame civil\u00a0?<span class=\"ez-toc-section-end\"><\/span><\/h2>\n<p>A l\u2019instar du bapt\u00eame religieux, il est d\u2019usage d\u2019offrir en cadeau un bijou au petit baptis\u00e9. Mais ce cadeau sera la\u00efque. D\u00e8s lors, tout est permis, et plus particuli\u00e8rement les bijoux personnalis\u00e9s qui offrent une grande palette de choix.<\/p>\n<p><strong>La m\u00e9daille de bapt\u00eame la\u00efque personnalis\u00e9e<\/strong>\u00a0: elle peut rev\u00eatir diff\u00e9rentes formes et une grande diversit\u00e9 de gravures. Les Saints font place \u00e0 des symboles comme le c\u0153ur, l\u2019\u00e9toile, l\u2019arc-en-ciel, ou des personnages comme une f\u00e9e ou un nounours.<\/p>\n<p><strong>La gourmette de bapt\u00eame la\u00efque personnalis\u00e9e\u00a0<\/strong>: exit la gourmette classique, place \u00e0 un bracelet identit\u00e9 original, en argent ou en or, mont\u00e9 sur un cordon pour pouvoir le porter facilement. La plaque qui accueille le pr\u00e9nom de l\u2019enfant se d\u00e9core de fleurs, d\u2019oursons, ou d\u2019animaux.<\/p>\n<h2><span class=\"ez-toc-section\" id=\"Comment_choisir_un_bijou_personnalise_pour_le_bapteme_dune_fille\"><\/span>Comment choisir un bijou personnalis\u00e9 pour le bapt\u00eame d\u2019une fille\u00a0?<span class=\"ez-toc-section-end\"><\/span><\/h2>\n<p>Les bijoux de bapt\u00eame, surtout s\u2019ils sont personnalis\u00e9s, n\u2019h\u00e9sitent pas \u00e0 associer des ornements qui affichent le genre. Ainsi, pour une petite fille, on n\u2019h\u00e9sitera pas \u00e0 d\u00e9corer sa m\u00e9daille ou sa gourmette de bapt\u00eame de d\u00e9cors propre \u00e0 l\u2019univers f\u00e9minin\u00a0:<\/p>\n<ul>\n<li>Des personnages,\u00a0comme des f\u00e9es ou des fillettes<\/li>\n<li>Des \u00e9l\u00e9ments bucoliques, comme des fleurs, un papillon, un soleil<\/li>\n<li>Des animaux, comme une abeille, un chat, une licorne<\/li>\n<li>Des symboles, comme un c\u0153ur, une \u00e9toile<\/li>\n<\/ul>\n<h2><span class=\"ez-toc-section\" id=\"Comment_choisir_un_bijou_de_bapteme_personnalise_pour_un_garcon\"><\/span>Comment choisir un bijou de bapt\u00eame personnalis\u00e9 pour un gar\u00e7on\u00a0?<span class=\"ez-toc-section-end\"><\/span><\/h2>\n<p>Il en est de m\u00eame pour les gar\u00e7ons. Depuis peu, on voit fleurir des bijoux de bapt\u00eame qui leur sont plus particuli\u00e8rement destin\u00e9s car ils affichent clairement des \u00e9l\u00e9ments propres \u00e0 l\u2019univers masculin des petits gars.<\/p>\n<ul>\n<li>Pour rester dans l\u2019univers religieux, on privil\u00e9giera J\u00e9sus ou un Saint Patron<\/li>\n<li>Le sigle masculin appara\u00eet sur des m\u00e9dailles et des bracelets<\/li>\n<li>Les animaux comme le chien, le cheval, le dauphin<\/li>\n<li>Le sport est \u00e0 l\u2019honneur avec des ballons de football ou de rugby<\/li>\n<li>L\u2019univers m\u00e9canique n\u2019est pas en reste avec la voiture, l\u2019avion ou le v\u00e9lo<\/li>\n<\/ul>\n<h2><span class=\"ez-toc-section\" id=\"Quelle_chaine_choisir_pour_une_medaille_de_bapteme_personnalisee\"><\/span>Quelle cha\u00eene choisir pour une m\u00e9daille de bapt\u00eame personnalis\u00e9e\u00a0?<span class=\"ez-toc-section-end\"><\/span><\/h2>\n<p>La cha\u00eene est tellement importante qu\u2019elle fait partie int\u00e9grante de la personnalisation d\u2019une m\u00e9daille de bapt\u00eame. En fonction du style de la m\u00e9daille, on choisira une cha\u00eene de bapt\u00eame classique ou moderne.<\/p>\n<ul>\n<li><u>Une cha\u00eene for\u00e7at<\/u>: c\u2019est la plus classique\u00a0! Elle convient pratiquement \u00e0 tous les mod\u00e8les de m\u00e9dailles. For\u00e7at ronde, for\u00e7at diamant\u00e9e ou for\u00e7at clair diamant\u00e9e, on la reconnait facilement \u00e0 ses maillons ronds l\u00e9g\u00e8rement allong\u00e9s.<\/li>\n<li><u>Une cha\u00eene gourmette<\/u>: avec ses maillons \u00e9cras\u00e9s, elle a un look tr\u00e8s moderne. C\u2019est une cha\u00eene que l\u2019on choisit souvent pour les petits gar\u00e7ons. Elle s\u2019associe merveilleusement avec les m\u00e9dailles de forme simple ou g\u00e9om\u00e9triques (carr\u00e9e, rectangulaire).<\/li>\n<li><u>Une cha\u00eene boule<\/u>: on l\u2019appelle aussi cha\u00eene lavabo. Elle a un c\u00f4t\u00e9 fantaisie qui convient bien \u00e0 des m\u00e9dailles originales. Unisexe, elle pr\u00e9sente toutefois un c\u00f4t\u00e9 masculin quand elle est associ\u00e9e \u00e0 une m\u00e9daille rectangulaire, fa\u00e7on plaque militaire.<\/li>\n<\/ul>\n<h2><span class=\"ez-toc-section\" id=\"Que_graver_sur_une_gourmette_de_bapteme_personnalisee\"><\/span>Que graver sur une gourmette de bapt\u00eame personnalis\u00e9e\u00a0?<span class=\"ez-toc-section-end\"><\/span><\/h2>\n<figure id=\"attachment_489\" aria-describedby=\"caption-attachment-489\" style=\"width: 800px\" class=\"wp-caption alignnone\"><img loading=\"lazy\" decoding=\"async\" class=\"size-full wp-image-489\" src=\"https:\/\/www.marmottine.fr\/mag\/wp-content\/uploads\/2024\/04\/2024-03-12.jpg\" alt=\"Gourmette de Bapt\u00eame \u00e0 graver\" width=\"800\" height=\"800\" srcset=\"https:\/\/www.marmottine.fr\/mag\/wp-content\/uploads\/2024\/04\/2024-03-12.jpg 800w, https:\/\/www.marmottine.fr\/mag\/wp-content\/uploads\/2024\/04\/2024-03-12-300x300.jpg 300w, https:\/\/www.marmottine.fr\/mag\/wp-content\/uploads\/2024\/04\/2024-03-12-150x150.jpg 150w, https:\/\/www.marmottine.fr\/mag\/wp-content\/uploads\/2024\/04\/2024-03-12-768x768.jpg 768w\" sizes=\"(max-width: 800px) 100vw, 800px\" \/><figcaption id=\"caption-attachment-489\" class=\"wp-caption-text\">Gourmette de Bapt\u00eame \u00e0 graver<\/figcaption><\/figure>\n<p>C\u2019est une question que se posent beaucoup de clients quand vient le moment de commander une gravure sur une gourmette de bapt\u00eame\u00a0!<\/p>\n<p><u>Sur une gourmette de bapt\u00eame classique<\/u>, on grave le pr\u00e9nom du baptis\u00e9 au recto et la date du bapt\u00eame (ou la date de sa naissance) au verso.<\/p>\n<p><u>Sur une gourmette de bapt\u00eame personnalis\u00e9e<\/u>, on peut respecter cette tradition, mais on peut \u00e9galement sortir des sentiers battus et faire graver un texte porteur de sens\u00a0:<\/p>\n<ul>\n<li>Un message personnel (<em>\u00e0 Hugo de la part de parrain et marraine<\/em>)<\/li>\n<li>Une citation (<em>l\u2019essentiel est invisible pour les yeux<\/em>)<\/li>\n<li>L\u2019extrait d\u2019une pri\u00e8re (<em>sur la Terre comme au Ciel<\/em>)<\/li>\n<\/ul>\n<p>Parfois la gravure est en rapport avec le th\u00e8me de la gourmette\u00a0:<\/p>\n<ul>\n<li><em>Ma bonne \u00e9toile<\/em> (sur une gourmette avec une \u00e9toile)<\/li>\n<li><em>Avec tout notre amour<\/em> (sur une gourmette avec un c\u0153ur)<\/li>\n<li><em>Je grandirai comme un arbre<\/em> (sur une gourmette avec un arbre de vie)<\/li>\n<li><em>Suis ton chemin<\/em> (sur une gourmette avec des empreintes de pied)<\/li>\n<\/ul>\n<p>Car c\u2019est tout l\u2019int\u00e9r\u00eat d\u2019une gourmette personnalis\u00e9e\u00a0: en faire un bijou unique que l\u2019enfant sera seul \u00e0 porter, en souvenir de cet \u00e9v\u00e9nement si important qu\u2019est son bapt\u00eame.<\/p>\n","protected":false},"excerpt":{"rendered":"<p>Quels sont les bijoux personnalis\u00e9s pour un bapt\u00eame\u00a0? Le bapt\u00eame, qu\u2019il soit civil ou religieux, est l\u2019occasion d\u2019offrir un bijou [&hellip;]<\/p>\n","protected":false},"author":2,"featured_media":488,"parent":440,"menu_order":11,"comment_status":"closed","ping_status":"closed","template":"","meta":{"site-sidebar-layout":"default","site-content-layout":"","ast-site-content-layout":"default","site-content-style":"default","site-sidebar-style":"default","ast-global-header-display":"","ast-banner-title-visibility":"","ast-main-header-display":"","ast-hfb-above-header-display":"","ast-hfb-below-header-display":"","ast-hfb-mobile-header-display":"","site-post-title":"","ast-breadcrumbs-content":"","ast-featured-img":"","footer-sml-layout":"","theme-transparent-header-meta":"default","adv-header-id-meta":"","stick-header-meta":"","header-above-stick-meta":"","header-main-stick-meta":"","header-below-stick-meta":"","astra-migrate-meta-layouts":"set","ast-page-background-enabled":"default","ast-page-background-meta":{"desktop":{"background-color":"var(--ast-global-color-4)","background-image":"","background-repeat":"repeat","background-position":"center center","background-size":"auto","background-attachment":"scroll","background-type":"","background-media":"","overlay-type":"","overlay-color":"","overlay-gradient":""},"tablet":{"background-color":"","background-image":"","background-repeat":"repeat","background-position":"center center","background-size":"auto","background-attachment":"scroll","background-type":"","background-media":"","overlay-type":"","overlay-color":"","overlay-gradient":""},"mobile":{"background-color":"","background-image":"","background-repeat":"repeat","background-position":"center center","background-size":"auto","background-attachment":"scroll","background-type":"","background-media":"","overlay-type":"","overlay-color":"","overlay-gradient":""}},"ast-content-background-meta":{"desktop":{"background-color":"var(--ast-global-color-5)","background-image":"","background-repeat":"repeat","background-position":"center center","background-size":"auto","background-attachment":"scroll","background-type":"","background-media":"","overlay-type":"","overlay-color":"","overlay-gradient":""},"tablet":{"background-color":"var(--ast-global-color-5)","background-image":"","background-repeat":"repeat","background-position":"center center","background-size":"auto","background-attachment":"scroll","background-type":"","background-media":"","overlay-type":"","overlay-color":"","overlay-gradient":""},"mobile":{"background-color":"var(--ast-global-color-5)","background-image":"","background-repeat":"repeat","background-position":"center center","background-size":"auto","background-attachment":"scroll","background-type":"","background-media":"","overlay-type":"","overlay-color":"","overlay-gradient":""}},"footnotes":""},"aioseo_notices":[],"_links":{"self":[{"href":"https:\/\/www.marmottine.fr\/mag\/wp-json\/wp\/v2\/pages\/454"}],"collection":[{"href":"https:\/\/www.marmottine.fr\/mag\/wp-json\/wp\/v2\/pages"}],"about":[{"href":"https:\/\/www.marmottine.fr\/mag\/wp-json\/wp\/v2\/types\/page"}],"author":[{"embeddable":true,"href":"https:\/\/www.marmottine.fr\/mag\/wp-json\/wp\/v2\/users\/2"}],"replies":[{"embeddable":true,"href":"https:\/\/www.marmottine.fr\/mag\/wp-json\/wp\/v2\/comments?post=454"}],"version-history":[{"count":3,"href":"https:\/\/www.marmottine.fr\/mag\/wp-json\/wp\/v2\/pages\/454\/revisions"}],"predecessor-version":[{"id":577,"href":"https:\/\/www.marmottine.fr\/mag\/wp-json\/wp\/v2\/pages\/454\/revisions\/577"}],"up":[{"embeddable":true,"href":"https:\/\/www.marmottine.fr\/mag\/wp-json\/wp\/v2\/pages\/440"}],"wp:featuredmedia":[{"embeddable":true,"href":"https:\/\/www.marmottine.fr\/mag\/wp-json\/wp\/v2\/media\/488"}],"wp:attachment":[{"href":"https:\/\/www.marmottine.fr\/mag\/wp-json\/wp\/v2\/media?parent=454"}],"curies":[{"name":"wp","href":"https:\/\/api.w.org\/{rel}","templated":true}]}}