{"id":452,"date":"2024-04-09T10:19:20","date_gmt":"2024-04-09T08:19:20","guid":{"rendered":"https:\/\/www.marmottine.fr\/mag\/?page_id=452"},"modified":"2024-04-09T16:23:00","modified_gmt":"2024-04-09T14:23:00","slug":"pour-un-anniversaire-de-mariage","status":"publish","type":"page","link":"https:\/\/www.marmottine.fr\/mag\/guides\/bijoux-personnalises\/choisir-selon-occasion\/pour-un-anniversaire-de-mariage","title":{"rendered":"Quels sont les bijoux personnalis\u00e9s pour un anniversaire de mariage ?"},"content":{"rendered":"<h1><span class=\"ez-toc-section\" id=\"Quels_sont_les_bijoux_personnalises_pour_un_anniversaire_de_mariage\"><\/span>Quels sont les bijoux personnalis\u00e9s pour un anniversaire de mariage\u00a0?<span class=\"ez-toc-section-end\"><\/span><\/h1><div id=\"ez-toc-container\" class=\"ez-toc-v2_0_69_1 counter-hierarchy ez-toc-counter ez-toc-grey ez-toc-container-direction\">\n<div class=\"ez-toc-title-container\">\n<p class=\"ez-toc-title\" style=\"cursor:inherit\">Sommaire<\/p>\n<span class=\"ez-toc-title-toggle\"><a href=\"#\" class=\"ez-toc-pull-right ez-toc-btn ez-toc-btn-xs ez-toc-btn-default ez-toc-toggle\" aria-label=\"Toggle Table of Content\"><span class=\"ez-toc-js-icon-con\"><span class=\"\"><span class=\"eztoc-hide\" style=\"display:none;\">Toggle<\/span><span class=\"ez-toc-icon-toggle-span\"><svg style=\"fill: #999;color:#999\" xmlns=\"http:\/\/www.w3.org\/2000\/svg\" class=\"list-377408\" width=\"20px\" height=\"20px\" viewBox=\"0 0 24 24\" fill=\"none\"><path d=\"M6 6H4v2h2V6zm14 0H8v2h12V6zM4 11h2v2H4v-2zm16 0H8v2h12v-2zM4 16h2v2H4v-2zm16 0H8v2h12v-2z\" fill=\"currentColor\"><\/path><\/svg><svg style=\"fill: #999;color:#999\" class=\"arrow-unsorted-368013\" xmlns=\"http:\/\/www.w3.org\/2000\/svg\" width=\"10px\" height=\"10px\" viewBox=\"0 0 24 24\" version=\"1.2\" baseProfile=\"tiny\"><path d=\"M18.2 9.3l-6.2-6.3-6.2 6.3c-.2.2-.3.4-.3.7s.1.5.3.7c.2.2.4.3.7.3h11c.3 0 .5-.1.7-.3.2-.2.3-.5.3-.7s-.1-.5-.3-.7zM5.8 14.7l6.2 6.3 6.2-6.3c.2-.2.3-.5.3-.7s-.1-.5-.3-.7c-.2-.2-.4-.3-.7-.3h-11c-.3 0-.5.1-.7.3-.2.2-.3.5-.3.7s.1.5.3.7z\"\/><\/svg><\/span><\/span><\/span><\/a><\/span><\/div>\n<nav><ul class='ez-toc-list ez-toc-list-level-1 ' ><li class='ez-toc-page-1 ez-toc-heading-level-1'><a class=\"ez-toc-link ez-toc-heading-1\" href=\"https:\/\/www.marmottine.fr\/mag\/guides\/bijoux-personnalises\/choisir-selon-occasion\/pour-un-anniversaire-de-mariage\/#Quels_sont_les_bijoux_personnalises_pour_un_anniversaire_de_mariage\" title=\"Quels sont les bijoux personnalis\u00e9s pour un anniversaire de mariage\u00a0?\">Quels sont les bijoux personnalis\u00e9s pour un anniversaire de mariage\u00a0?<\/a><ul class='ez-toc-list-level-2' ><li class='ez-toc-heading-level-2'><a class=\"ez-toc-link ez-toc-heading-2\" href=\"https:\/\/www.marmottine.fr\/mag\/guides\/bijoux-personnalises\/choisir-selon-occasion\/pour-un-anniversaire-de-mariage\/#Pourquoi_offrir_un_bijou_personnalise_pour_un_anniversaire_de_mariage\" title=\"Pourquoi offrir un bijou personnalis\u00e9 pour un anniversaire de mariage\u00a0?\">Pourquoi offrir un bijou personnalis\u00e9 pour un anniversaire de mariage\u00a0?<\/a><\/li><li class='ez-toc-page-1 ez-toc-heading-level-2'><a class=\"ez-toc-link ez-toc-heading-3\" href=\"https:\/\/www.marmottine.fr\/mag\/guides\/bijoux-personnalises\/choisir-selon-occasion\/pour-un-anniversaire-de-mariage\/#Quels_bijoux_offre-t-on_pour_un_anniversaire_de_mariage\" title=\"Quels bijoux offre-t-on pour un anniversaire de mariage\u00a0?\">Quels bijoux offre-t-on pour un anniversaire de mariage\u00a0?<\/a><\/li><li class='ez-toc-page-1 ez-toc-heading-level-2'><a class=\"ez-toc-link ez-toc-heading-4\" href=\"https:\/\/www.marmottine.fr\/mag\/guides\/bijoux-personnalises\/choisir-selon-occasion\/pour-un-anniversaire-de-mariage\/#Quelles_sont_les_noces_de_mariage_les_plus_celebrees\" title=\"Quelles sont les noces de mariage les plus c\u00e9l\u00e9br\u00e9es ?\">Quelles sont les noces de mariage les plus c\u00e9l\u00e9br\u00e9es ?<\/a><\/li><li class='ez-toc-page-1 ez-toc-heading-level-2'><a class=\"ez-toc-link ez-toc-heading-5\" href=\"https:\/\/www.marmottine.fr\/mag\/guides\/bijoux-personnalises\/choisir-selon-occasion\/pour-un-anniversaire-de-mariage\/#Quel_bijou_personnalise_offrir_pour_celebrer_30_ans_de_mariage\" title=\"Quel bijou personnalis\u00e9 offrir pour c\u00e9l\u00e9brer 30 ans de mariage\u00a0?\">Quel bijou personnalis\u00e9 offrir pour c\u00e9l\u00e9brer 30 ans de mariage\u00a0?<\/a><\/li><li class='ez-toc-page-1 ez-toc-heading-level-2'><a class=\"ez-toc-link ez-toc-heading-6\" href=\"https:\/\/www.marmottine.fr\/mag\/guides\/bijoux-personnalises\/choisir-selon-occasion\/pour-un-anniversaire-de-mariage\/#Quel_bijou_personnalise_offrir_pour_celebrer_40_ans_de_mariage\" title=\"Quel bijou personnalis\u00e9 offrir pour c\u00e9l\u00e9brer 40 ans de mariage\u00a0?\">Quel bijou personnalis\u00e9 offrir pour c\u00e9l\u00e9brer 40 ans de mariage\u00a0?<\/a><\/li><li class='ez-toc-page-1 ez-toc-heading-level-2'><a class=\"ez-toc-link ez-toc-heading-7\" href=\"https:\/\/www.marmottine.fr\/mag\/guides\/bijoux-personnalises\/choisir-selon-occasion\/pour-un-anniversaire-de-mariage\/#Quel_bijou_personnalise_offrir_pour_celebrer_50_ans_de_mariage\" title=\"Quel bijou personnalis\u00e9 offrir pour c\u00e9l\u00e9brer 50 ans de mariage\u00a0?\">Quel bijou personnalis\u00e9 offrir pour c\u00e9l\u00e9brer 50 ans de mariage\u00a0?<\/a><\/li><li class='ez-toc-page-1 ez-toc-heading-level-2'><a class=\"ez-toc-link ez-toc-heading-8\" href=\"https:\/\/www.marmottine.fr\/mag\/guides\/bijoux-personnalises\/choisir-selon-occasion\/pour-un-anniversaire-de-mariage\/#Quel_bijou_personnalise_offrir_pour_celebrer_60_ans_de_mariage\" title=\"Quel bijou personnalis\u00e9 offrir pour c\u00e9l\u00e9brer 60 ans de mariage\u00a0?\">Quel bijou personnalis\u00e9 offrir pour c\u00e9l\u00e9brer 60 ans de mariage\u00a0?<\/a><\/li><li class='ez-toc-page-1 ez-toc-heading-level-2'><a class=\"ez-toc-link ez-toc-heading-9\" href=\"https:\/\/www.marmottine.fr\/mag\/guides\/bijoux-personnalises\/choisir-selon-occasion\/pour-un-anniversaire-de-mariage\/#Quel_bijou_personnalise_offrir_a_un_homme_pour_son_anniversaire_de_mariage\" title=\"Quel bijou personnalis\u00e9 offrir \u00e0 un homme pour son anniversaire de mariage\u00a0?\">Quel bijou personnalis\u00e9 offrir \u00e0 un homme pour son anniversaire de mariage\u00a0?<\/a><\/li><\/ul><\/li><\/ul><\/nav><\/div>\n\n<figure id=\"attachment_483\" aria-describedby=\"caption-attachment-483\" style=\"width: 800px\" class=\"wp-caption alignnone\"><img loading=\"lazy\" decoding=\"async\" class=\"size-full wp-image-483\" src=\"https:\/\/www.marmottine.fr\/mag\/wp-content\/uploads\/2024\/04\/2023-12-09.jpg\" alt=\"M\u00e9daille d'Amour Or et Rubis\" width=\"800\" height=\"800\" srcset=\"https:\/\/www.marmottine.fr\/mag\/wp-content\/uploads\/2024\/04\/2023-12-09.jpg 800w, https:\/\/www.marmottine.fr\/mag\/wp-content\/uploads\/2024\/04\/2023-12-09-300x300.jpg 300w, https:\/\/www.marmottine.fr\/mag\/wp-content\/uploads\/2024\/04\/2023-12-09-150x150.jpg 150w, https:\/\/www.marmottine.fr\/mag\/wp-content\/uploads\/2024\/04\/2023-12-09-768x768.jpg 768w\" sizes=\"(max-width: 800px) 100vw, 800px\" \/><figcaption id=\"caption-attachment-483\" class=\"wp-caption-text\">M\u00e9daille d&rsquo;Amour Or et Rubis<\/figcaption><\/figure>\n<p>L\u2019anniversaire de mariage est un \u00e9v\u00e9nement important dans la vie d\u2019un couple mari\u00e9, d\u2019autant plus que, avec les ann\u00e9es, la long\u00e9vit\u00e9 des mariages se r\u00e9duit\u00a0! C\u2019est donc <strong><a href=\"https:\/\/www.marmottine.fr\/mag\/guides\/bijoux-personnalises\/choisir-selon-occasion\">l\u2019occasion id\u00e9ale d\u2019offrir un bijou personnalis\u00e9<\/a><\/strong> \u00e0 son conjoint pour f\u00eater la date de votre engagement mutuel. Et c\u2019est d\u2019autant plus facile que chaque ann\u00e9e de mariage correspond \u00e0 une noce associ\u00e9e \u00e0 une mati\u00e8re (pierre fine ou pr\u00e9cieuse, mati\u00e8re organique, mati\u00e8re naturelle), offrant des possibilit\u00e9s infinies de personnalisation.<\/p>\n<h2><span class=\"ez-toc-section\" id=\"Pourquoi_offrir_un_bijou_personnalise_pour_un_anniversaire_de_mariage\"><\/span>Pourquoi offrir un bijou personnalis\u00e9 pour un anniversaire de mariage\u00a0?<span class=\"ez-toc-section-end\"><\/span><\/h2>\n<p>Chaque mariage est unique, et le bijou est une merveilleuse id\u00e9e pour symboliser une union, tout au long de la vie. L\u2019anniversaire de mariage marque une \u00e9tape d\u00e9cisive chaque ann\u00e9e, et certaines sont plus symboliques que d\u2019autres.<\/p>\n<p>Offrir un bijou personnalis\u00e9 \u00e0 cette occasion est une merveilleuse fa\u00e7on de s\u2019en souvenir. Car un bijou se porte au quotidien comme un t\u00e9moignage de sa vie. Le bijou personnalis\u00e9 est porteur de sens, car c\u2019est un bijou unique qui ne ressemble \u00e0 aucun autre. Il est souvent le fruit de votre imagination et raconte une histoire, votre histoire.<\/p>\n<h2><span class=\"ez-toc-section\" id=\"Quels_bijoux_offre-t-on_pour_un_anniversaire_de_mariage\"><\/span>Quels bijoux offre-t-on pour un anniversaire de mariage\u00a0?<span class=\"ez-toc-section-end\"><\/span><\/h2>\n<figure id=\"attachment_485\" aria-describedby=\"caption-attachment-485\" style=\"width: 800px\" class=\"wp-caption alignnone\"><img loading=\"lazy\" decoding=\"async\" class=\"size-full wp-image-485\" src=\"https:\/\/www.marmottine.fr\/mag\/wp-content\/uploads\/2024\/04\/2024-03-09.jpg\" alt=\"Collier personnalisable en or\" width=\"800\" height=\"800\" srcset=\"https:\/\/www.marmottine.fr\/mag\/wp-content\/uploads\/2024\/04\/2024-03-09.jpg 800w, https:\/\/www.marmottine.fr\/mag\/wp-content\/uploads\/2024\/04\/2024-03-09-300x300.jpg 300w, https:\/\/www.marmottine.fr\/mag\/wp-content\/uploads\/2024\/04\/2024-03-09-150x150.jpg 150w, https:\/\/www.marmottine.fr\/mag\/wp-content\/uploads\/2024\/04\/2024-03-09-768x768.jpg 768w\" sizes=\"(max-width: 800px) 100vw, 800px\" \/><figcaption id=\"caption-attachment-485\" class=\"wp-caption-text\">Collier personnalisable en or<\/figcaption><\/figure>\n<p>Tous les bijoux se pr\u00eatent \u00e0 l\u2019exercice. Mais on note une grande pr\u00e9f\u00e9rence pour les bagues.<\/p>\n<p>En effet, plus que les autres bijoux, les <strong>bagues<\/strong> racontent chacune un moment cl\u00e9 dans la vie d\u2019une femme\u00a0: la bague des 18 ans, la bague de fian\u00e7ailles, l\u2019alliance de mariage, la bague de naissance du premier enfant, \u2026 et les autres qui suivent participent \u00e0 raconter son parcours de vie.<\/p>\n<p>Certaines professions manuelles ne permettent pas le port quotidien de bagues. Dans ce cas, le <strong>pendentif <\/strong>est une parfaite id\u00e9e de cadeau, qui se porte \u00e9galement en souvenir d\u2019un \u00e9v\u00e9nement phare.<\/p>\n<h2><span class=\"ez-toc-section\" id=\"Quelles_sont_les_noces_de_mariage_les_plus_celebrees\"><\/span>Quelles sont les noces de mariage les plus c\u00e9l\u00e9br\u00e9es ?<span class=\"ez-toc-section-end\"><\/span><\/h2>\n<p>Chaque ann\u00e9e de mariage correspond \u00e0 une noce \u00e9tablie dans un calendrier universel\u00a0:<\/p>\n<ul>\n<li>1 an\u00a0: noces de Coton<\/li>\n<li>2 ans : noces de Cuir<\/li>\n<li>3 ans : noces de Froment<\/li>\n<li>4 ans : noces de Cire<\/li>\n<li>5 ans : noces de Bois<\/li>\n<li>6 ans : noces de Chypre<\/li>\n<li>7 ans : noces de Laine<\/li>\n<li>8 ans : noces de Coquelicot<\/li>\n<li>9 ans : noces de Fa\u00efence<\/li>\n<li>10 ans : noces d\u2019\u00c9tain<\/li>\n<li>11 ans : noces de Corail<\/li>\n<li>12 ans : noces de Soie<\/li>\n<li>13 ans : noces de Muguet<\/li>\n<li>14 ans : noces de Plomb<\/li>\n<li>15 ans : noces de Cristal<\/li>\n<li>16 ans : noces de Saphir<\/li>\n<li>17 ans : noces de Rose<\/li>\n<li>18 ans : noces de Turquoise<\/li>\n<li>19 ans : noces de Cretonne<\/li>\n<li>20 ans : noces de Porcelaine<\/li>\n<li>21 ans : noces d\u2019Opale<\/li>\n<li>22 ans : noces de Bronze<\/li>\n<li>23 ans : noces de B\u00e9ryl<\/li>\n<li>24 ans : noces de Satin<\/li>\n<li>25 ans : noces d\u2019Argent<\/li>\n<li>26 ans : noces de Jade<\/li>\n<li>27 ans : noces d\u2019Acajou<\/li>\n<li>28 ans : noces de Nickel<\/li>\n<li>29 ans : noces de Velours<\/li>\n<li>30 ans : noces de Perle<\/li>\n<li>31 ans : noces de Basane<\/li>\n<li>32 ans : noces de Cuivre<\/li>\n<li>33 ans : noces de Porphyre<\/li>\n<li>34 ans : noces d\u2019Ambre<\/li>\n<li>35 ans : noces de Rubis<\/li>\n<li>36 ans : noces de Mousseline<\/li>\n<li>37 ans : noces de Papier<\/li>\n<li>38 ans : noces de Mercure<\/li>\n<li>39 ans : noces de Cr\u00eape<\/li>\n<li>40 ans : noces d\u2019\u00c9meraude<\/li>\n<li>41 ans : noces de Fer<\/li>\n<li>42 ans : noces de Nacre<\/li>\n<li>43 ans : noces de Flanelle<\/li>\n<li>44 ans : noces de Topaze<\/li>\n<li>45 ans : noces de Vermeil<\/li>\n<li>46 ans : noces de Lavande<\/li>\n<li>47 ans : noces de Cachemire<\/li>\n<li>48 ans : noces d\u2019Am\u00e9thyste<\/li>\n<li>49 ans : noces de C\u00e8dre<\/li>\n<li>50 ans : noces d\u2019Or<\/li>\n<li>51 ans : noces de Cam\u00e9lia<\/li>\n<li>52 ans : noces de Tourmaline<\/li>\n<li>53 ans : noces de Merisier<\/li>\n<li>54 ans : noces de Zibeline<\/li>\n<li>55 ans : noces d\u2019Orchid\u00e9e<\/li>\n<li>56 ans : noces de Lapis-lazuli<\/li>\n<li>57 ans : noces d\u2019Azal\u00e9e<\/li>\n<li>58 ans : noces d\u2019\u00c9rable<\/li>\n<li>59 ans : noces de Vison<\/li>\n<li>60 ans : noces de Diamant<\/li>\n<\/ul>\n<p>S\u2019il est sympathique de se r\u00e9f\u00e9rer \u00e0 ce calendrier pour c\u00e9l\u00e9brer un anniversaire de mariage, certaines ann\u00e9es sont plus embl\u00e9matiques que d\u2019autres, principalement les dizaines, surtout celles qui sont associ\u00e9es \u00e0 des m\u00e9taux ou pierres pr\u00e9cieuses utilis\u00e9s en bijouterie et en joaillerie\u00a0:<\/p>\n<ul>\n<li>Les 30 ans : les noces de Perle<\/li>\n<li>Les 40 ans : les noces d\u2019\u00c9meraude<\/li>\n<li>Les 50 ans : les noces d\u2019Or<\/li>\n<li>Les 60 ans : les noces de Diamant<\/li>\n<\/ul>\n<p>&nbsp;<\/p>\n<h2><span class=\"ez-toc-section\" id=\"Quel_bijou_personnalise_offrir_pour_celebrer_30_ans_de_mariage\"><\/span>Quel bijou personnalis\u00e9 offrir pour c\u00e9l\u00e9brer 30 ans de mariage\u00a0?<span class=\"ez-toc-section-end\"><\/span><\/h2>\n<p>Trente ans de mariage correspondent aux <strong>Noces de Perle<\/strong>. C\u2019est l\u2019occasion parfaite pour offrir un bijou personnalis\u00e9 imagin\u00e9 autour d\u2019une ou plusieurs perles.<\/p>\n<ul>\n<li>La <strong>perle d\u2019eau douce<\/strong> est la plus r\u00e9pandu et la plus abordable car cultiv\u00e9e de mani\u00e8re industrielle dans des fermes perli\u00e8res. On en trouve de toutes les formes et de toutes les couleurs, du blanc au beige en passant par le rose.<\/li>\n<li>La <strong>perle de Tahiti<\/strong> est c\u00e9l\u00e8bre pour sa couleur noire, avec des reflets bleut\u00e9s ou verts. Elle s\u2019associe merveilleusement bien avec l\u2019or blanc. Son prix varie en fonction de sa taille, de sa couleur et de sa forme.<\/li>\n<li>La <strong>perle Akoya<\/strong> est une perle du Japon rare aux couleurs claires, avec un sublime orient. On l\u2019utilise souvent seule, sublim\u00e9e sur une monture originale.<\/li>\n<\/ul>\n<p>Quelle que soit la perle, elle se pr\u00eate \u00e0 toutes formes de bijoux\u00a0: bagues, colliers, pendentifs, bracelets.<\/p>\n<h2><span class=\"ez-toc-section\" id=\"Quel_bijou_personnalise_offrir_pour_celebrer_40_ans_de_mariage\"><\/span>Quel bijou personnalis\u00e9 offrir pour c\u00e9l\u00e9brer 40 ans de mariage\u00a0?<span class=\"ez-toc-section-end\"><\/span><\/h2>\n<p>Les <strong>Noces d\u2019Emeraude<\/strong> sont une \u00e9tape importante dans la vie d\u2019un couple mari\u00e9\u00a0: arriver \u00e0 40 ans de mariage est de plus en plus rare\u00a0! L\u2019\u00e9meraude est une pierre pr\u00e9cieuse d\u2019un vert profond et lumineux (le fameux vert \u00e9meraude) que l\u2019on trouve un peu partout dans le monde mais essentiellement en Am\u00e9rique du Sud, en Colombie. L\u2019\u00e9meraude est \u00e9galement la pierre du mois de mai.<\/p>\n<p>F\u00eater ses 40 ans en offrant un bijou personnalis\u00e9 avec une \u00e9meraude est donc coh\u00e9rent et symbolique. Une bague sur-mesure avec une \u00e9meraude taill\u00e9e selon vos d\u00e9sirs fera un sublime cadeau pour une femme, qu\u2019elle ne quittera plus\u00a0! L\u2019\u00e9meraude est \u00e9galement superbe en pendentif, seule ou accompagn\u00e9e de diamants.<\/p>\n<h2><span class=\"ez-toc-section\" id=\"Quel_bijou_personnalise_offrir_pour_celebrer_50_ans_de_mariage\"><\/span>Quel bijou personnalis\u00e9 offrir pour c\u00e9l\u00e9brer 50 ans de mariage\u00a0?<span class=\"ez-toc-section-end\"><\/span><\/h2>\n<figure id=\"attachment_484\" aria-describedby=\"caption-attachment-484\" style=\"width: 800px\" class=\"wp-caption alignnone\"><img loading=\"lazy\" decoding=\"async\" class=\"size-full wp-image-484\" src=\"https:\/\/www.marmottine.fr\/mag\/wp-content\/uploads\/2024\/04\/2023-12-15.jpg\" alt=\"Coeur en Or avec Empreinte Digitale\" width=\"800\" height=\"800\" srcset=\"https:\/\/www.marmottine.fr\/mag\/wp-content\/uploads\/2024\/04\/2023-12-15.jpg 800w, https:\/\/www.marmottine.fr\/mag\/wp-content\/uploads\/2024\/04\/2023-12-15-300x300.jpg 300w, https:\/\/www.marmottine.fr\/mag\/wp-content\/uploads\/2024\/04\/2023-12-15-150x150.jpg 150w, https:\/\/www.marmottine.fr\/mag\/wp-content\/uploads\/2024\/04\/2023-12-15-768x768.jpg 768w\" sizes=\"(max-width: 800px) 100vw, 800px\" \/><figcaption id=\"caption-attachment-484\" class=\"wp-caption-text\">Coeur en Or avec Empreinte Digitale<\/figcaption><\/figure>\n<p>50 ans est un chiffre \u00ab\u00a0rond\u00a0\u00bb, et ce sont les <strong>Noces d\u2019Or<\/strong> qui c\u00e9l\u00e8brent un demi-si\u00e8cle d\u2019union maritale. Un tour de force pour certains, cinquante ans de bonheur pour d\u2019autres. En tous cas, l\u2019\u00e9v\u00e9nement permet d\u2019offrir un bijou en or, ce qui laisse libre court \u00e0 votre imagination\u00a0: or jaune, or blanc, or rose, forme du bijou, tout est permis\u00a0!<\/p>\n<ul>\n<li>Faites graver <u>vos initiales entrelac\u00e9es<\/u> sur une m\u00e9daille ronde<\/li>\n<li>Reproduisez <u>vos empreintes digitales<\/u> dans le m\u00e9tal pr\u00e9cieux sur un bracelet grigri<\/li>\n<li>Offrez-lui le <u>bijou en or de ses r\u00eaves<\/u>, personnalis\u00e9 de la date de votre union<\/li>\n<li>Recyclez <u>l\u2019or de vos bijoux<\/u> pour le transformer en un seul bijou embl\u00e9matique\u00a0!<\/li>\n<\/ul>\n<h2><span class=\"ez-toc-section\" id=\"Quel_bijou_personnalise_offrir_pour_celebrer_60_ans_de_mariage\"><\/span>Quel bijou personnalis\u00e9 offrir pour c\u00e9l\u00e9brer 60 ans de mariage\u00a0?<span class=\"ez-toc-section-end\"><\/span><\/h2>\n<p>Soixante ann\u00e9es de mariage correspondent aux <strong>Noces de Diamant<\/strong>. Si la reine des pierres pr\u00e9cieuses est la pierre pr\u00e9f\u00e9r\u00e9e des fianc\u00e9es et orne le plus souvent le solitaire qu\u2019on offre lors des fian\u00e7ailles, elle vient couronner 60 ans d\u2019union.<\/p>\n<p>Comme chantait Marylin, \u00ab\u00a0diamonds are a girl\u2019s best friend\u00a0\u00bb, peu importe la fa\u00e7on dont ils sont mont\u00e9s. Parmi les id\u00e9es de cadeaux pour c\u00e9l\u00e9brer des Noces de Diamant, notons les principales\u00a0:<\/p>\n<p>Une <strong>bague sur-mesure<\/strong> avec un diamant choisi chez un diamantaire et taill\u00e9 par un lapidaire \u00e0 votre demande. Vous pourrez, si vous le souhaiter, associer cette pierre pr\u00e9cieuse principale d\u2019autres plus petites issues de votre collection personnelle.<\/p>\n<p>Un <strong>pendentif diamant<\/strong> taill\u00e9 dans la forme de votre choix\u00a0: rond, princesse, coussin, poire, ovale, \u00e9meraude, marquise, ou baguette.<\/p>\n<p>N\u2019h\u00e9sitez pas \u00e0 dessiner le bijou de vos r\u00eaves pour obtenir un bijou vraiment personnalis\u00e9 pour immortaliser l\u2019\u00e9v\u00e9nement.<\/p>\n<h2><span class=\"ez-toc-section\" id=\"Quel_bijou_personnalise_offrir_a_un_homme_pour_son_anniversaire_de_mariage\"><\/span>Quel bijou personnalis\u00e9 offrir \u00e0 un homme pour son anniversaire de mariage\u00a0?<span class=\"ez-toc-section-end\"><\/span><\/h2>\n<p>Les bijoux personnalis\u00e9s concernent aussi les hommes, et ce sont m\u00eame d\u2019excellentes id\u00e9es de cadeau d\u2019anniversaire de mariage, en adaptant les formes et l\u2019utilisation des mat\u00e9riaux symboles \u00e0 ces messieurs\u00a0:<\/p>\n<ul>\n<li>Un beau bracelet en cuir pour c\u00e9l\u00e9brer 2 ans de mariage.<\/li>\n<li>Un pendentif en argent pour immortaliser 25 ans de mariage.<\/li>\n<li>Une bague am\u00e9ricaine surmont\u00e9e d\u2019une \u00e9meraude pour 40 ans de mariage.<\/li>\n<li>Une chevali\u00e8re en or pour les Noces d\u2019Or des 50 ans de mariage.<\/li>\n<\/ul>\n<p>Le propre d\u2019un bijou personnalis\u00e9 est que l\u2019on peut tout imaginer. Profitez-en pour dessiner un bijou qui ne ressemble qu\u2019\u00e0 lui, \u00e0 son histoire et \u00e0 votre histoire commune.<\/p>\n","protected":false},"excerpt":{"rendered":"<p>Quels sont les bijoux personnalis\u00e9s pour un anniversaire de mariage\u00a0? L\u2019anniversaire de mariage est un \u00e9v\u00e9nement important dans la vie [&hellip;]<\/p>\n","protected":false},"author":2,"featured_media":483,"parent":440,"menu_order":10,"comment_status":"closed","ping_status":"closed","template":"","meta":{"site-sidebar-layout":"default","site-content-layout":"","ast-site-content-layout":"default","site-content-style":"default","site-sidebar-style":"default","ast-global-header-display":"","ast-banner-title-visibility":"","ast-main-header-display":"","ast-hfb-above-header-display":"","ast-hfb-below-header-display":"","ast-hfb-mobile-header-display":"","site-post-title":"","ast-breadcrumbs-content":"","ast-featured-img":"","footer-sml-layout":"","theme-transparent-header-meta":"default","adv-header-id-meta":"","stick-header-meta":"","header-above-stick-meta":"","header-main-stick-meta":"","header-below-stick-meta":"","astra-migrate-meta-layouts":"set","ast-page-background-enabled":"default","ast-page-background-meta":{"desktop":{"background-color":"var(--ast-global-color-4)","background-image":"","background-repeat":"repeat","background-position":"center center","background-size":"auto","background-attachment":"scroll","background-type":"","background-media":"","overlay-type":"","overlay-color":"","overlay-gradient":""},"tablet":{"background-color":"","background-image":"","background-repeat":"repeat","background-position":"center center","background-size":"auto","background-attachment":"scroll","background-type":"","background-media":"","overlay-type":"","overlay-color":"","overlay-gradient":""},"mobile":{"background-color":"","background-image":"","background-repeat":"repeat","background-position":"center center","background-size":"auto","background-attachment":"scroll","background-type":"","background-media":"","overlay-type":"","overlay-color":"","overlay-gradient":""}},"ast-content-background-meta":{"desktop":{"background-color":"var(--ast-global-color-5)","background-image":"","background-repeat":"repeat","background-position":"center center","background-size":"auto","background-attachment":"scroll","background-type":"","background-media":"","overlay-type":"","overlay-color":"","overlay-gradient":""},"tablet":{"background-color":"var(--ast-global-color-5)","background-image":"","background-repeat":"repeat","background-position":"center center","background-size":"auto","background-attachment":"scroll","background-type":"","background-media":"","overlay-type":"","overlay-color":"","overlay-gradient":""},"mobile":{"background-color":"var(--ast-global-color-5)","background-image":"","background-repeat":"repeat","background-position":"center center","background-size":"auto","background-attachment":"scroll","background-type":"","background-media":"","overlay-type":"","overlay-color":"","overlay-gradient":""}},"footnotes":""},"aioseo_notices":[],"_links":{"self":[{"href":"https:\/\/www.marmottine.fr\/mag\/wp-json\/wp\/v2\/pages\/452"}],"collection":[{"href":"https:\/\/www.marmottine.fr\/mag\/wp-json\/wp\/v2\/pages"}],"about":[{"href":"https:\/\/www.marmottine.fr\/mag\/wp-json\/wp\/v2\/types\/page"}],"author":[{"embeddable":true,"href":"https:\/\/www.marmottine.fr\/mag\/wp-json\/wp\/v2\/users\/2"}],"replies":[{"embeddable":true,"href":"https:\/\/www.marmottine.fr\/mag\/wp-json\/wp\/v2\/comments?post=452"}],"version-history":[{"count":3,"href":"https:\/\/www.marmottine.fr\/mag\/wp-json\/wp\/v2\/pages\/452\/revisions"}],"predecessor-version":[{"id":576,"href":"https:\/\/www.marmottine.fr\/mag\/wp-json\/wp\/v2\/pages\/452\/revisions\/576"}],"up":[{"embeddable":true,"href":"https:\/\/www.marmottine.fr\/mag\/wp-json\/wp\/v2\/pages\/440"}],"wp:featuredmedia":[{"embeddable":true,"href":"https:\/\/www.marmottine.fr\/mag\/wp-json\/wp\/v2\/media\/483"}],"wp:attachment":[{"href":"https:\/\/www.marmottine.fr\/mag\/wp-json\/wp\/v2\/media?parent=452"}],"curies":[{"name":"wp","href":"https:\/\/api.w.org\/{rel}","templated":true}]}}