{"id":450,"date":"2024-04-09T10:16:11","date_gmt":"2024-04-09T08:16:11","guid":{"rendered":"https:\/\/www.marmottine.fr\/mag\/?page_id=450"},"modified":"2024-04-09T16:22:31","modified_gmt":"2024-04-09T14:22:31","slug":"pour-noel","status":"publish","type":"page","link":"https:\/\/www.marmottine.fr\/mag\/guides\/bijoux-personnalises\/choisir-selon-occasion\/pour-noel","title":{"rendered":"Quels sont les bijoux personnalis\u00e9s pour No\u00ebl ?"},"content":{"rendered":"<h1><span class=\"ez-toc-section\" id=\"Quels_sont_les_bijoux_personnalises_pour_Noel\"><\/span>Quels sont les bijoux personnalis\u00e9s pour No\u00ebl\u00a0?<span class=\"ez-toc-section-end\"><\/span><\/h1><div id=\"ez-toc-container\" class=\"ez-toc-v2_0_69_1 counter-hierarchy ez-toc-counter ez-toc-grey ez-toc-container-direction\">\n<div class=\"ez-toc-title-container\">\n<p class=\"ez-toc-title\" style=\"cursor:inherit\">Sommaire<\/p>\n<span class=\"ez-toc-title-toggle\"><a href=\"#\" class=\"ez-toc-pull-right ez-toc-btn ez-toc-btn-xs ez-toc-btn-default ez-toc-toggle\" aria-label=\"Toggle Table of Content\"><span class=\"ez-toc-js-icon-con\"><span class=\"\"><span class=\"eztoc-hide\" style=\"display:none;\">Toggle<\/span><span class=\"ez-toc-icon-toggle-span\"><svg style=\"fill: #999;color:#999\" xmlns=\"http:\/\/www.w3.org\/2000\/svg\" class=\"list-377408\" width=\"20px\" height=\"20px\" viewBox=\"0 0 24 24\" fill=\"none\"><path d=\"M6 6H4v2h2V6zm14 0H8v2h12V6zM4 11h2v2H4v-2zm16 0H8v2h12v-2zM4 16h2v2H4v-2zm16 0H8v2h12v-2z\" fill=\"currentColor\"><\/path><\/svg><svg style=\"fill: #999;color:#999\" class=\"arrow-unsorted-368013\" xmlns=\"http:\/\/www.w3.org\/2000\/svg\" width=\"10px\" height=\"10px\" viewBox=\"0 0 24 24\" version=\"1.2\" baseProfile=\"tiny\"><path d=\"M18.2 9.3l-6.2-6.3-6.2 6.3c-.2.2-.3.4-.3.7s.1.5.3.7c.2.2.4.3.7.3h11c.3 0 .5-.1.7-.3.2-.2.3-.5.3-.7s-.1-.5-.3-.7zM5.8 14.7l6.2 6.3 6.2-6.3c.2-.2.3-.5.3-.7s-.1-.5-.3-.7c-.2-.2-.4-.3-.7-.3h-11c-.3 0-.5.1-.7.3-.2.2-.3.5-.3.7s.1.5.3.7z\"\/><\/svg><\/span><\/span><\/span><\/a><\/span><\/div>\n<nav><ul class='ez-toc-list ez-toc-list-level-1 ' ><li class='ez-toc-page-1 ez-toc-heading-level-1'><a class=\"ez-toc-link ez-toc-heading-1\" href=\"https:\/\/www.marmottine.fr\/mag\/guides\/bijoux-personnalises\/choisir-selon-occasion\/pour-noel\/#Quels_sont_les_bijoux_personnalises_pour_Noel\" title=\"Quels sont les bijoux personnalis\u00e9s pour No\u00ebl\u00a0?\">Quels sont les bijoux personnalis\u00e9s pour No\u00ebl\u00a0?<\/a><ul class='ez-toc-list-level-2' ><li class='ez-toc-heading-level-2'><a class=\"ez-toc-link ez-toc-heading-2\" href=\"https:\/\/www.marmottine.fr\/mag\/guides\/bijoux-personnalises\/choisir-selon-occasion\/pour-noel\/#Pourquoi_Noel_est_le_moment_parfait_pour_offrir_un_bijou_personnalise\" title=\"Pourquoi No\u00ebl est le moment parfait pour offrir un bijou personnalis\u00e9\u00a0?\">Pourquoi No\u00ebl est le moment parfait pour offrir un bijou personnalis\u00e9\u00a0?<\/a><\/li><li class='ez-toc-page-1 ez-toc-heading-level-2'><a class=\"ez-toc-link ez-toc-heading-3\" href=\"https:\/\/www.marmottine.fr\/mag\/guides\/bijoux-personnalises\/choisir-selon-occasion\/pour-noel\/#Quels_types_de_bijoux_offrir_a_Noel\" title=\"Quels types de bijoux offrir \u00e0 No\u00ebl\u00a0?\">Quels types de bijoux offrir \u00e0 No\u00ebl\u00a0?<\/a><\/li><li class='ez-toc-page-1 ez-toc-heading-level-2'><a class=\"ez-toc-link ez-toc-heading-4\" href=\"https:\/\/www.marmottine.fr\/mag\/guides\/bijoux-personnalises\/choisir-selon-occasion\/pour-noel\/#A_qui_offrir_un_bijou_personnalise_a_Noel\" title=\"A qui offrir un bijou personnalis\u00e9 \u00e0 No\u00ebl\u00a0?\">A qui offrir un bijou personnalis\u00e9 \u00e0 No\u00ebl\u00a0?<\/a><\/li><li class='ez-toc-page-1 ez-toc-heading-level-2'><a class=\"ez-toc-link ez-toc-heading-5\" href=\"https:\/\/www.marmottine.fr\/mag\/guides\/bijoux-personnalises\/choisir-selon-occasion\/pour-noel\/#Quel_collier_personnalisable_avec_un_prenom_choisir_comme_cadeau_de_Noel\" title=\"Quel collier personnalisable avec un pr\u00e9nom choisir comme cadeau de No\u00ebl\u00a0?\">Quel collier personnalisable avec un pr\u00e9nom choisir comme cadeau de No\u00ebl\u00a0?<\/a><\/li><li class='ez-toc-page-1 ez-toc-heading-level-2'><a class=\"ez-toc-link ez-toc-heading-6\" href=\"https:\/\/www.marmottine.fr\/mag\/guides\/bijoux-personnalises\/choisir-selon-occasion\/pour-noel\/#Quels_bijoux_personnalises_pour_homme_offrir_a_Noel\" title=\"Quels bijoux personnalis\u00e9s pour homme offrir \u00e0 No\u00ebl\u00a0?\">Quels bijoux personnalis\u00e9s pour homme offrir \u00e0 No\u00ebl\u00a0?<\/a><\/li><li class='ez-toc-page-1 ez-toc-heading-level-2'><a class=\"ez-toc-link ez-toc-heading-7\" href=\"https:\/\/www.marmottine.fr\/mag\/guides\/bijoux-personnalises\/choisir-selon-occasion\/pour-noel\/#Quel_bijou_personnalise_femme_offrir_a_Noel\" title=\"Quel bijou personnalis\u00e9 femme offrir \u00e0 No\u00ebl\u00a0?\">Quel bijou personnalis\u00e9 femme offrir \u00e0 No\u00ebl\u00a0?<\/a><\/li><li class='ez-toc-page-1 ez-toc-heading-level-2'><a class=\"ez-toc-link ez-toc-heading-8\" href=\"https:\/\/www.marmottine.fr\/mag\/guides\/bijoux-personnalises\/choisir-selon-occasion\/pour-noel\/#Comment_choisir_un_collier_personnalise_famille_pour_Noel\" title=\"Comment choisir un collier personnalis\u00e9 famille pour No\u00ebl\u00a0?\">Comment choisir un collier personnalis\u00e9 famille pour No\u00ebl\u00a0?<\/a><\/li><\/ul><\/li><\/ul><\/nav><\/div>\n\n<figure id=\"attachment_479\" aria-describedby=\"caption-attachment-479\" style=\"width: 800px\" class=\"wp-caption alignnone\"><img loading=\"lazy\" decoding=\"async\" class=\"size-full wp-image-479\" src=\"https:\/\/www.marmottine.fr\/mag\/wp-content\/uploads\/2024\/04\/2023-12-06.jpg\" alt=\"Bracelet Personnage en Or\" width=\"800\" height=\"800\" srcset=\"https:\/\/www.marmottine.fr\/mag\/wp-content\/uploads\/2024\/04\/2023-12-06.jpg 800w, https:\/\/www.marmottine.fr\/mag\/wp-content\/uploads\/2024\/04\/2023-12-06-300x300.jpg 300w, https:\/\/www.marmottine.fr\/mag\/wp-content\/uploads\/2024\/04\/2023-12-06-150x150.jpg 150w, https:\/\/www.marmottine.fr\/mag\/wp-content\/uploads\/2024\/04\/2023-12-06-768x768.jpg 768w\" sizes=\"(max-width: 800px) 100vw, 800px\" \/><figcaption id=\"caption-attachment-479\" class=\"wp-caption-text\">Bracelet Personnage en Or<\/figcaption><\/figure>\n<p>Si No\u00ebl est la f\u00eate des Chr\u00e9tiens, elle est devenue au fil des ann\u00e9es une f\u00eate familiale o\u00f9 toute la tribu se retrouve pour partager un moment ensemble. C\u2019est une tr\u00eave dans le rythme tr\u00e9pidant de nos vies et, parmi les cadeaux que l\u2019on s\u2019\u00e9change au pied du sapin, c\u2019est <strong><a href=\"https:\/\/www.marmottine.fr\/mag\/guides\/bijoux-personnalises\/choisir-selon-occasion\">une merveilleuse occasion d\u2019offrir un bijou personnalis\u00e9<\/a><\/strong> \u00e0 son entourage. Un bijou porteur de sens et de bienveillance.<\/p>\n<h2><span class=\"ez-toc-section\" id=\"Pourquoi_Noel_est_le_moment_parfait_pour_offrir_un_bijou_personnalise\"><\/span>Pourquoi No\u00ebl est le moment parfait pour offrir un bijou personnalis\u00e9\u00a0?<span class=\"ez-toc-section-end\"><\/span><\/h2>\n<p>Lass\u00e9s des cadeaux surfaits, impos\u00e9s par les diktats de la mode et de la publicit\u00e9, les gens se tournent de plus en plus vers des cadeaux utiles et qui ont du sens, ou des cadeaux personnalis\u00e9s, longuement imagin\u00e9s et pens\u00e9s pour la personne \u00e0 qui ils sont destin\u00e9s. Le bijou en est le plus bel exemple.<\/p>\n<p>No\u00ebl est une bulle de bonheur familial, on ch\u00e9rit ces moments privil\u00e9gi\u00e9s pass\u00e9s ensemble, \u00e0 pr\u00e9parer la cr\u00e8che, \u00e0 d\u00e9corer le sapin, des moments interg\u00e9n\u00e9rationnels qui nous ram\u00e8nent \u00e0 l\u2019essentiel. Offrir un bijou personnalis\u00e9 \u00e0 un proche nous donne l\u2019opportunit\u00e9 de lui manifester notre amour par une gravure subtile, un mot doux, ou une phrase bienveillante qui l\u2019accompagnera au quotidien.<\/p>\n<h2><span class=\"ez-toc-section\" id=\"Quels_types_de_bijoux_offrir_a_Noel\"><\/span>Quels types de bijoux offrir \u00e0 No\u00ebl\u00a0?<span class=\"ez-toc-section-end\"><\/span><\/h2>\n<p>On peut offrir tout type de bijou pour cet \u00e9v\u00e9nement. L\u2019essentiel est de trouver le cadeau qui fera plaisir.<\/p>\n<p>Les personnes les plus croyantes et pratiquantes choisiront un <strong>bijou \u00e0 caract\u00e8re religieux<\/strong>, \u00e9voquant la naissance de J\u00e9sus. Ce sera par exemple une m\u00e9daille avec un ange, un bracelet semainier, ou encore un pendentif croix. On pourra personnaliser ce bijou par la gravure d\u2019un pr\u00e9nom ou d\u2019un extrait de pri\u00e8re.<\/p>\n<p>Les autres se mettront en qu\u00eate du <strong>bijou qui fait plaisir<\/strong>, personnalis\u00e9 en fonction de leur personnalit\u00e9, de leur histoire et de leurs go\u00fbts.<\/p>\n<p>Le <strong>bracelet personnalis\u00e9<\/strong> fait souvent l\u2019unanimit\u00e9\u00a0: il en existe des milliers, dans tous les styles et tous les looks. Les possibilit\u00e9s de personnalisation sont infinies.<\/p>\n<p>Le <strong>pendentif et la m\u00e9daille personnalis\u00e9s<\/strong> remportent un vif succ\u00e8s, tr\u00e8s en vogue on les porte \u00e0 plusieurs autour du cou comme des grigris.<\/p>\n<h2><span class=\"ez-toc-section\" id=\"A_qui_offrir_un_bijou_personnalise_a_Noel\"><\/span>A qui offrir un bijou personnalis\u00e9 \u00e0 No\u00ebl\u00a0?<span class=\"ez-toc-section-end\"><\/span><\/h2>\n<p>Ce qui est pratique avec le bijou \u00e0 graver, c\u2019est qu\u2019il s\u2019adresse \u00e0 tous, petits et grands, homme, femme et enfant. Bien souvent, No\u00ebl est juste un pr\u00e9texte pour offrir son cadeau que l\u2019on pr\u00e9pare depuis longtemps, en pensant \u00e0 la personne \u00e0 qui il est destin\u00e9.<\/p>\n<p><strong>Pour les enfants<\/strong>, inond\u00e9s de jouets, ou <strong>pour les ados<\/strong>, en attente du dernier smartphone, le bijou personnalis\u00e9 offre une <strong>alternative originale et sentimentale<\/strong>, sur lequel on peut <strong>graver un message<\/strong> tendre et affectueux. En tout cas un cadeau certainement plus p\u00e9renne, qu\u2019ils porteront imm\u00e9diatement et pour de longues ann\u00e9es.<\/p>\n<p>Il en est de m\u00eame <strong>pour les adultes<\/strong>\u00a0: pas besoin de d\u00e9penser des fortunes pour offrir un bijou personnalis\u00e9 qui marquera les esprits\u00a0! Il suffit juste de prendre le temps de penser \u00e0 la personne, de se renseigner sur ses go\u00fbts et sur ce qui lui ferait plaisir. Ce t\u00e9moignage de votre attention plaira \u00e0 coup s\u00fbr\u00a0!<\/p>\n<h2><span class=\"ez-toc-section\" id=\"Quel_collier_personnalisable_avec_un_prenom_choisir_comme_cadeau_de_Noel\"><\/span>Quel collier personnalisable avec un pr\u00e9nom choisir comme cadeau de No\u00ebl\u00a0?<span class=\"ez-toc-section-end\"><\/span><\/h2>\n<p>Parmi les bijoux \u00ab\u00a0best\u00a0\u00bb actuels que l\u2019on offre lors de la Nativit\u00e9, le <strong>collier pr\u00e9nom<\/strong> est incontournable. Vous \u00eates s\u00fbr de faire une heureuse en offrant ce bijou iconique \u00e0 une enfant, une jeune fille ou une femme. Voici quelques astuces pour bien choisir le v\u00f4tre\u00a0:<\/p>\n<ul>\n<li>Choisissez votre \u00e9criture avec attention : certaines typographies propos\u00e9es sont tr\u00e8s originales mais des lettres peuvent devenir illisibles.<\/li>\n<li>Optez pour la premi\u00e8re lettre en majuscule et le reste en minuscule, c\u2019est plus harmonieux et plus facile \u00e0 lire.<\/li>\n<li>Veillez \u00e0 ce que la longueur du collier corresponde bien \u00e0 la corpulence de la personne\u00a0; comme il se porte en ras de cou, la longueur ne sera pas la m\u00eame pour une enfant ou une adulte.<\/li>\n<li>N\u2019h\u00e9sitez pas \u00e0 ajouter un diamant pour un effet pr\u00e9cieux qui plait toujours, et pourquoi pas des lettres en brillant\u00a0? Cette version glitter plait au plus grand nombre.<\/li>\n<li>Privil\u00e9giez un collier en argent ou en or si vous souhaitez que la personne le porte longtemps\u00a0; \u00e9vitez la fantaisie (acier ou plaqu\u00e9) qui vieillit mal.<\/li>\n<\/ul>\n<h2><span class=\"ez-toc-section\" id=\"Quels_bijoux_personnalises_pour_homme_offrir_a_Noel\"><\/span>Quels bijoux personnalis\u00e9s pour homme offrir \u00e0 No\u00ebl\u00a0?<span class=\"ez-toc-section-end\"><\/span><\/h2>\n<p>Un homme sera tr\u00e8s sensible \u00e0 un bijou personnalis\u00e9, car il ne s\u2019y attendra pas. De nombreux mod\u00e8les sont assez discrets et permettent d\u2019allier coquetterie et masculinit\u00e9.<\/p>\n<p>Parmi les tendances actuelles, citons le <strong>bracelet perle<\/strong> et sa plaque \u00e0 graver. L\u2019onyx, l\u2019\u0153il de tigre et l\u2019agate noire font des merveilles aux poignets de ces messieurs\u00a0!<\/p>\n<p>La m\u00e9daille rectangulaire inspir\u00e9e de la <strong>plaque militaire<\/strong>, revisit\u00e9e fa\u00e7on joaillerie, est tr\u00e8s pris\u00e9e. En or blanc pour plus de ressemblance avec l\u2019originale ou en or jaune, rehauss\u00e9e d\u2019un diamant, elle convient parfaitement \u00e0 un cou masculin.<\/p>\n<p>Les <strong>boutons de manchettes<\/strong> sont aussi en quelque sorte des bijoux qui, personnalis\u00e9s, plairont aux adeptes des manches mousquetaires.<\/p>\n<p>C\u00f4t\u00e9 gravure, on choisira une <strong>typo classique ou moderne<\/strong>, pour graver ses <strong>initiales<\/strong>, son <strong>pr\u00e9nom<\/strong> ou ceux de ses enfants.<\/p>\n<h2><span class=\"ez-toc-section\" id=\"Quel_bijou_personnalise_femme_offrir_a_Noel\"><\/span>Quel bijou personnalis\u00e9 femme offrir \u00e0 No\u00ebl\u00a0?<span class=\"ez-toc-section-end\"><\/span><\/h2>\n<figure id=\"attachment_480\" aria-describedby=\"caption-attachment-480\" style=\"width: 800px\" class=\"wp-caption alignnone\"><img loading=\"lazy\" decoding=\"async\" class=\"size-full wp-image-480\" src=\"https:\/\/www.marmottine.fr\/mag\/wp-content\/uploads\/2024\/04\/DA814-porte.jpg\" alt=\"Bracelet grosse maille\" width=\"800\" height=\"800\" srcset=\"https:\/\/www.marmottine.fr\/mag\/wp-content\/uploads\/2024\/04\/DA814-porte.jpg 800w, https:\/\/www.marmottine.fr\/mag\/wp-content\/uploads\/2024\/04\/DA814-porte-300x300.jpg 300w, https:\/\/www.marmottine.fr\/mag\/wp-content\/uploads\/2024\/04\/DA814-porte-150x150.jpg 150w, https:\/\/www.marmottine.fr\/mag\/wp-content\/uploads\/2024\/04\/DA814-porte-768x768.jpg 768w\" sizes=\"(max-width: 800px) 100vw, 800px\" \/><figcaption id=\"caption-attachment-480\" class=\"wp-caption-text\">Bracelet grosse maille<\/figcaption><\/figure>\n<p>Il est beaucoup plus ais\u00e9 de trouver un bijou pour une femme car le choix est vaste et varie en fonction de son \u00e2ge et de ses passions dans la vie.<\/p>\n<p>On offrira \u00e0 <strong>une maman <\/strong>un bijou personnalis\u00e9 qui lui rappellera sa fratrie\u00a0: les pr\u00e9noms de ses enfants, un dessin grav\u00e9, une empreinte de main. On r\u00e9servera \u00e0 une future maman un bola de grossesse personnalis\u00e9, ce bijou de maternit\u00e9 original qui nous vient d\u2019Indon\u00e9sie. Une jeune femme sera sensible \u00e0 un bijou (bracelet ou collier) \u00e9voquant son sport favori, ou son animal pr\u00e9f\u00e9r\u00e9.<\/p>\n<p>Le bijou est aussi une mani\u00e8re d\u2019afficher une certaine philosophie de vie avec des mantras comme \u00ab\u00a0<em>Be wild, Carpe Diem, Amour, Bonheur, Espoir\u00a0<\/em>\u00bb. Un peu comme un tatouage, le bijou refl\u00e8te votre vie et votre personnalit\u00e9.<\/p>\n<h2><span class=\"ez-toc-section\" id=\"Comment_choisir_un_collier_personnalise_famille_pour_Noel\"><\/span>Comment choisir un collier personnalis\u00e9 famille pour No\u00ebl\u00a0?<span class=\"ez-toc-section-end\"><\/span><\/h2>\n<figure id=\"attachment_197\" aria-describedby=\"caption-attachment-197\" style=\"width: 800px\" class=\"wp-caption alignnone\"><img loading=\"lazy\" decoding=\"async\" class=\"size-full wp-image-197\" src=\"https:\/\/www.marmottine.fr\/mag\/wp-content\/uploads\/2024\/03\/pendentif-3-enfants.jpg\" alt=\"Pendentif 3 enfants\" width=\"800\" height=\"800\" srcset=\"https:\/\/www.marmottine.fr\/mag\/wp-content\/uploads\/2024\/03\/pendentif-3-enfants.jpg 800w, https:\/\/www.marmottine.fr\/mag\/wp-content\/uploads\/2024\/03\/pendentif-3-enfants-300x300.jpg 300w, https:\/\/www.marmottine.fr\/mag\/wp-content\/uploads\/2024\/03\/pendentif-3-enfants-150x150.jpg 150w, https:\/\/www.marmottine.fr\/mag\/wp-content\/uploads\/2024\/03\/pendentif-3-enfants-768x768.jpg 768w\" sizes=\"(max-width: 800px) 100vw, 800px\" \/><figcaption id=\"caption-attachment-197\" class=\"wp-caption-text\">Pendentif maman de 3 enfants<\/figcaption><\/figure>\n<p>No\u00ebl est avant tout une <strong>f\u00eate familiale<\/strong> o\u00f9 l\u2019on c\u00e9l\u00e8bre le bonheur d\u2019\u00eatre ensemble et de se r\u00e9unir, toutes g\u00e9n\u00e9rations confondues. Le <strong>collier famille<\/strong> est le <strong>bijou personnalis\u00e9<\/strong> tout trouv\u00e9 pour l\u2019occasion. Il a fait son apparition dans les collections de bijoux r\u00e9cemment et son succ\u00e8s ne se d\u00e9ment pas, quelle que soit sa forme. L\u2019id\u00e9e est de <strong>r\u00e9unir sa famille sur un collier<\/strong>.<\/p>\n<p>Le <u>pendentif \u00ab\u00a0bouquet d\u2019enfants\u00a0\u00bb de la marque LAFAMI<\/u> en est une version originale\u00a0: il permet d\u2019afficher de 1 \u00e0 4 silhouettes de filles et de gar\u00e7ons, par taille, composant une famille, avec la possibilit\u00e9 de r\u00e9aliser un bijou sur-mesure pour les familles vraiment atypiques et les familles nombreuses.<\/p>\n<p>Autre forme de collier famille\u00a0: la <u>m\u00e9daille ronde et la liste des membres d\u2019une m\u00eame famille<\/u> grav\u00e9e sur toute la surface de la m\u00e9daille, droite ou en arrondi.<\/p>\n<p>Le <u>pendentif photo<\/u> est un incontournable qui a ses adeptes, \u00e0 r\u00e9server cependant aux petites familles, faute de place sur le m\u00e9daillon.<\/p>\n","protected":false},"excerpt":{"rendered":"<p>Quels sont les bijoux personnalis\u00e9s pour No\u00ebl\u00a0? Si No\u00ebl est la f\u00eate des Chr\u00e9tiens, elle est devenue au fil des [&hellip;]<\/p>\n","protected":false},"author":2,"featured_media":479,"parent":440,"menu_order":9,"comment_status":"closed","ping_status":"closed","template":"","meta":{"site-sidebar-layout":"default","site-content-layout":"","ast-site-content-layout":"default","site-content-style":"default","site-sidebar-style":"default","ast-global-header-display":"","ast-banner-title-visibility":"","ast-main-header-display":"","ast-hfb-above-header-display":"","ast-hfb-below-header-display":"","ast-hfb-mobile-header-display":"","site-post-title":"","ast-breadcrumbs-content":"","ast-featured-img":"","footer-sml-layout":"","theme-transparent-header-meta":"default","adv-header-id-meta":"","stick-header-meta":"","header-above-stick-meta":"","header-main-stick-meta":"","header-below-stick-meta":"","astra-migrate-meta-layouts":"set","ast-page-background-enabled":"default","ast-page-background-meta":{"desktop":{"background-color":"var(--ast-global-color-4)","background-image":"","background-repeat":"repeat","background-position":"center center","background-size":"auto","background-attachment":"scroll","background-type":"","background-media":"","overlay-type":"","overlay-color":"","overlay-gradient":""},"tablet":{"background-color":"","background-image":"","background-repeat":"repeat","background-position":"center center","background-size":"auto","background-attachment":"scroll","background-type":"","background-media":"","overlay-type":"","overlay-color":"","overlay-gradient":""},"mobile":{"background-color":"","background-image":"","background-repeat":"repeat","background-position":"center center","background-size":"auto","background-attachment":"scroll","background-type":"","background-media":"","overlay-type":"","overlay-color":"","overlay-gradient":""}},"ast-content-background-meta":{"desktop":{"background-color":"var(--ast-global-color-5)","background-image":"","background-repeat":"repeat","background-position":"center center","background-size":"auto","background-attachment":"scroll","background-type":"","background-media":"","overlay-type":"","overlay-color":"","overlay-gradient":""},"tablet":{"background-color":"var(--ast-global-color-5)","background-image":"","background-repeat":"repeat","background-position":"center center","background-size":"auto","background-attachment":"scroll","background-type":"","background-media":"","overlay-type":"","overlay-color":"","overlay-gradient":""},"mobile":{"background-color":"var(--ast-global-color-5)","background-image":"","background-repeat":"repeat","background-position":"center center","background-size":"auto","background-attachment":"scroll","background-type":"","background-media":"","overlay-type":"","overlay-color":"","overlay-gradient":""}},"footnotes":""},"aioseo_notices":[],"_links":{"self":[{"href":"https:\/\/www.marmottine.fr\/mag\/wp-json\/wp\/v2\/pages\/450"}],"collection":[{"href":"https:\/\/www.marmottine.fr\/mag\/wp-json\/wp\/v2\/pages"}],"about":[{"href":"https:\/\/www.marmottine.fr\/mag\/wp-json\/wp\/v2\/types\/page"}],"author":[{"embeddable":true,"href":"https:\/\/www.marmottine.fr\/mag\/wp-json\/wp\/v2\/users\/2"}],"replies":[{"embeddable":true,"href":"https:\/\/www.marmottine.fr\/mag\/wp-json\/wp\/v2\/comments?post=450"}],"version-history":[{"count":3,"href":"https:\/\/www.marmottine.fr\/mag\/wp-json\/wp\/v2\/pages\/450\/revisions"}],"predecessor-version":[{"id":575,"href":"https:\/\/www.marmottine.fr\/mag\/wp-json\/wp\/v2\/pages\/450\/revisions\/575"}],"up":[{"embeddable":true,"href":"https:\/\/www.marmottine.fr\/mag\/wp-json\/wp\/v2\/pages\/440"}],"wp:featuredmedia":[{"embeddable":true,"href":"https:\/\/www.marmottine.fr\/mag\/wp-json\/wp\/v2\/media\/479"}],"wp:attachment":[{"href":"https:\/\/www.marmottine.fr\/mag\/wp-json\/wp\/v2\/media?parent=450"}],"curies":[{"name":"wp","href":"https:\/\/api.w.org\/{rel}","templated":true}]}}