{"id":446,"date":"2024-04-09T10:08:19","date_gmt":"2024-04-09T08:08:19","guid":{"rendered":"https:\/\/www.marmottine.fr\/mag\/?page_id=446"},"modified":"2024-04-09T16:21:21","modified_gmt":"2024-04-09T14:21:21","slug":"pour-la-fete-des-peres","status":"publish","type":"page","link":"https:\/\/www.marmottine.fr\/mag\/guides\/bijoux-personnalises\/choisir-selon-occasion\/pour-la-fete-des-peres","title":{"rendered":"Quels sont les bijoux personnalis\u00e9s pour la f\u00eate des p\u00e8res ?"},"content":{"rendered":"<h1><span class=\"ez-toc-section\" id=\"Quels_sont_les_bijoux_personnalises_pour_la_fete_des_peres\"><\/span>Quels sont les bijoux personnalis\u00e9s pour la f\u00eate des p\u00e8res\u00a0?<span class=\"ez-toc-section-end\"><\/span><\/h1><div id=\"ez-toc-container\" class=\"ez-toc-v2_0_69_1 counter-hierarchy ez-toc-counter ez-toc-grey ez-toc-container-direction\">\n<div class=\"ez-toc-title-container\">\n<p class=\"ez-toc-title\" style=\"cursor:inherit\">Sommaire<\/p>\n<span class=\"ez-toc-title-toggle\"><a href=\"#\" class=\"ez-toc-pull-right ez-toc-btn ez-toc-btn-xs ez-toc-btn-default ez-toc-toggle\" aria-label=\"Toggle Table of Content\"><span class=\"ez-toc-js-icon-con\"><span class=\"\"><span class=\"eztoc-hide\" style=\"display:none;\">Toggle<\/span><span class=\"ez-toc-icon-toggle-span\"><svg style=\"fill: #999;color:#999\" xmlns=\"http:\/\/www.w3.org\/2000\/svg\" class=\"list-377408\" width=\"20px\" height=\"20px\" viewBox=\"0 0 24 24\" fill=\"none\"><path d=\"M6 6H4v2h2V6zm14 0H8v2h12V6zM4 11h2v2H4v-2zm16 0H8v2h12v-2zM4 16h2v2H4v-2zm16 0H8v2h12v-2z\" fill=\"currentColor\"><\/path><\/svg><svg style=\"fill: #999;color:#999\" class=\"arrow-unsorted-368013\" xmlns=\"http:\/\/www.w3.org\/2000\/svg\" width=\"10px\" height=\"10px\" viewBox=\"0 0 24 24\" version=\"1.2\" baseProfile=\"tiny\"><path d=\"M18.2 9.3l-6.2-6.3-6.2 6.3c-.2.2-.3.4-.3.7s.1.5.3.7c.2.2.4.3.7.3h11c.3 0 .5-.1.7-.3.2-.2.3-.5.3-.7s-.1-.5-.3-.7zM5.8 14.7l6.2 6.3 6.2-6.3c.2-.2.3-.5.3-.7s-.1-.5-.3-.7c-.2-.2-.4-.3-.7-.3h-11c-.3 0-.5.1-.7.3-.2.2-.3.5-.3.7s.1.5.3.7z\"\/><\/svg><\/span><\/span><\/span><\/a><\/span><\/div>\n<nav><ul class='ez-toc-list ez-toc-list-level-1 ' ><li class='ez-toc-page-1 ez-toc-heading-level-1'><a class=\"ez-toc-link ez-toc-heading-1\" href=\"https:\/\/www.marmottine.fr\/mag\/guides\/bijoux-personnalises\/choisir-selon-occasion\/pour-la-fete-des-peres\/#Quels_sont_les_bijoux_personnalises_pour_la_fete_des_peres\" title=\"Quels sont les bijoux personnalis\u00e9s pour la f\u00eate des p\u00e8res\u00a0?\">Quels sont les bijoux personnalis\u00e9s pour la f\u00eate des p\u00e8res\u00a0?<\/a><ul class='ez-toc-list-level-2' ><li class='ez-toc-heading-level-2'><a class=\"ez-toc-link ez-toc-heading-2\" href=\"https:\/\/www.marmottine.fr\/mag\/guides\/bijoux-personnalises\/choisir-selon-occasion\/pour-la-fete-des-peres\/#Le_bijou_personnalise_cadeau_ideal_pour_la_fete_des_peres\" title=\"Le bijou personnalis\u00e9, cadeau id\u00e9al pour la f\u00eate des p\u00e8res\u00a0!\">Le bijou personnalis\u00e9, cadeau id\u00e9al pour la f\u00eate des p\u00e8res\u00a0!<\/a><\/li><li class='ez-toc-page-1 ez-toc-heading-level-2'><a class=\"ez-toc-link ez-toc-heading-3\" href=\"https:\/\/www.marmottine.fr\/mag\/guides\/bijoux-personnalises\/choisir-selon-occasion\/pour-la-fete-des-peres\/#Comment_choisir_un_bracelet_pour_papa_personnalise\" title=\"Comment choisir un bracelet pour papa personnalis\u00e9 ?\">Comment choisir un bracelet pour papa personnalis\u00e9 ?<\/a><\/li><li class='ez-toc-page-1 ez-toc-heading-level-2'><a class=\"ez-toc-link ez-toc-heading-4\" href=\"https:\/\/www.marmottine.fr\/mag\/guides\/bijoux-personnalises\/choisir-selon-occasion\/pour-la-fete-des-peres\/#Comment_choisir_un_collier_personnalise_pour_papa\" title=\"Comment choisir un collier personnalis\u00e9 pour papa\u00a0?\">Comment choisir un collier personnalis\u00e9 pour papa\u00a0?<\/a><\/li><li class='ez-toc-page-1 ez-toc-heading-level-2'><a class=\"ez-toc-link ez-toc-heading-5\" href=\"https:\/\/www.marmottine.fr\/mag\/guides\/bijoux-personnalises\/choisir-selon-occasion\/pour-la-fete-des-peres\/#Quelle_gravure_realiser_sur_un_bijou_pour_la_fete_des_papas\" title=\"Quelle gravure r\u00e9aliser sur un bijou pour la f\u00eate des papas\u00a0?\">Quelle gravure r\u00e9aliser sur un bijou pour la f\u00eate des papas\u00a0?<\/a><\/li><li class='ez-toc-page-1 ez-toc-heading-level-2'><a class=\"ez-toc-link ez-toc-heading-6\" href=\"https:\/\/www.marmottine.fr\/mag\/guides\/bijoux-personnalises\/choisir-selon-occasion\/pour-la-fete-des-peres\/#Que_choisir_entre_un_bracelet_et_un_pendentif_%C2%AB_papa_je_taime_%C2%BB\" title=\"Que choisir entre un bracelet et un pendentif \u00ab\u00a0papa je t\u2019aime\u00a0\u00bb\u00a0?\">Que choisir entre un bracelet et un pendentif \u00ab\u00a0papa je t\u2019aime\u00a0\u00bb\u00a0?<\/a><\/li><li class='ez-toc-page-1 ez-toc-heading-level-2'><a class=\"ez-toc-link ez-toc-heading-7\" href=\"https:\/\/www.marmottine.fr\/mag\/guides\/bijoux-personnalises\/choisir-selon-occasion\/pour-la-fete-des-peres\/#Quels_sont_les_accessoires_personnalises_a_offrir_pour_la_fete_des_peres\" title=\"Quels sont les accessoires personnalis\u00e9s \u00e0 offrir pour la f\u00eate des p\u00e8res\u00a0?\">Quels sont les accessoires personnalis\u00e9s \u00e0 offrir pour la f\u00eate des p\u00e8res\u00a0?<\/a><\/li><li class='ez-toc-page-1 ez-toc-heading-level-2'><a class=\"ez-toc-link ez-toc-heading-8\" href=\"https:\/\/www.marmottine.fr\/mag\/guides\/bijoux-personnalises\/choisir-selon-occasion\/pour-la-fete-des-peres\/#Quel_bijou_personnalise_offrir_pour_sa_premiere_fete_des_peres\" title=\"Quel bijou personnalis\u00e9 offrir pour sa premi\u00e8re f\u00eate des p\u00e8res ?\">Quel bijou personnalis\u00e9 offrir pour sa premi\u00e8re f\u00eate des p\u00e8res ?<\/a><\/li><\/ul><\/li><\/ul><\/nav><\/div>\n\n<figure id=\"attachment_468\" aria-describedby=\"caption-attachment-468\" style=\"width: 800px\" class=\"wp-caption alignnone\"><img loading=\"lazy\" decoding=\"async\" class=\"size-full wp-image-468\" src=\"https:\/\/www.marmottine.fr\/mag\/wp-content\/uploads\/2024\/04\/2023-12-22.jpg\" alt=\"Bracelet Perles pour Papa\" width=\"800\" height=\"800\" srcset=\"https:\/\/www.marmottine.fr\/mag\/wp-content\/uploads\/2024\/04\/2023-12-22.jpg 800w, https:\/\/www.marmottine.fr\/mag\/wp-content\/uploads\/2024\/04\/2023-12-22-300x300.jpg 300w, https:\/\/www.marmottine.fr\/mag\/wp-content\/uploads\/2024\/04\/2023-12-22-150x150.jpg 150w, https:\/\/www.marmottine.fr\/mag\/wp-content\/uploads\/2024\/04\/2023-12-22-768x768.jpg 768w\" sizes=\"(max-width: 800px) 100vw, 800px\" \/><figcaption id=\"caption-attachment-468\" class=\"wp-caption-text\">Bracelet Perles pour Papa<\/figcaption><\/figure>\n<p>Il existe <strong><a href=\"https:\/\/www.marmottine.fr\/mag\/guides\/bijoux-personnalises\/choisir-selon-occasion\">1001 occasions d\u2019offrir un bijou personnalis\u00e9<\/a><\/strong>, m\u00eame les plus inattendues. C\u2019est le cas de la <strong>f\u00eate des p\u00e8res<\/strong>, qui revient tous les ans au mois de juin. Exit les outils de bricolage, des accessoires auto et les parfums\u00a0!\u00a0 Les <strong>bijoux \u00e0 graver pour papa<\/strong> ont d\u00e9tr\u00f4n\u00e9 ces id\u00e9es de cadeaux masculins tr\u00e8s r\u00e9ducteurs. Le bijou s\u2019est impos\u00e9 comme un cadeau tr\u00e8s sp\u00e9cial, au capital tendresse incomparable, que les papas portent avec fiert\u00e9. Car les hommes l\u2019avouent peu, mais sous leurs abords virils et parfois bourrus se cache un grand c\u0153ur pr\u00eat \u00e0 exploser quand il s\u2019agit de leur prog\u00e9niture.<\/p>\n<h2><span class=\"ez-toc-section\" id=\"Le_bijou_personnalise_cadeau_ideal_pour_la_fete_des_peres\"><\/span>Le bijou personnalis\u00e9, cadeau id\u00e9al pour la f\u00eate des p\u00e8res\u00a0!<span class=\"ez-toc-section-end\"><\/span><\/h2>\n<p>Le bijou personnalis\u00e9 s\u2019est impos\u00e9 comme le cadeau de pr\u00e9dilection pour les papas \u00e0 l\u2019occasion de la f\u00eate qui leur est consacr\u00e9e. Car comme pour la f\u00eate des m\u00e8re, la f\u00eate des p\u00e8res est l\u2019\u00e9v\u00e9nement choisi pour rendre hommage \u00e0 tout l\u2019amour et tout le d\u00e9vouement d\u2019un papa pour ses enfants.<\/p>\n<p>Un papa poule portera avec fiert\u00e9 un bracelet, un pendentif ou un collier avec une gravure r\u00e9alis\u00e9e par ses enfants (un dessin ou un message manuscrit). M\u00eame le plus introverti des p\u00e8res ne cachera pas sa joie de porter un bijou ou un accessoire personnalis\u00e9 avec le pr\u00e9nom de ses enfants.<\/p>\n<h2><span class=\"ez-toc-section\" id=\"Comment_choisir_un_bracelet_pour_papa_personnalise\"><\/span>Comment choisir un bracelet pour papa personnalis\u00e9 ?<span class=\"ez-toc-section-end\"><\/span><\/h2>\n<figure id=\"attachment_467\" aria-describedby=\"caption-attachment-467\" style=\"width: 800px\" class=\"wp-caption alignnone\"><img loading=\"lazy\" decoding=\"async\" class=\"size-full wp-image-467\" src=\"https:\/\/www.marmottine.fr\/mag\/wp-content\/uploads\/2024\/04\/2023-12-17.jpg\" alt=\"Bracelet ancre \u00e0 graver\" width=\"800\" height=\"800\" srcset=\"https:\/\/www.marmottine.fr\/mag\/wp-content\/uploads\/2024\/04\/2023-12-17.jpg 800w, https:\/\/www.marmottine.fr\/mag\/wp-content\/uploads\/2024\/04\/2023-12-17-300x300.jpg 300w, https:\/\/www.marmottine.fr\/mag\/wp-content\/uploads\/2024\/04\/2023-12-17-150x150.jpg 150w, https:\/\/www.marmottine.fr\/mag\/wp-content\/uploads\/2024\/04\/2023-12-17-768x768.jpg 768w\" sizes=\"(max-width: 800px) 100vw, 800px\" \/><figcaption id=\"caption-attachment-467\" class=\"wp-caption-text\">Bracelet ancre \u00e0 graver<\/figcaption><\/figure>\n<p>Le bracelet est le bijou le plus \u00e9vident. Il est facile \u00e0 porter et on en trouve de toutes formes et toutes mati\u00e8res dans les bijouteries. Voici un aper\u00e7u des principales tendances qui plaisent aux hommes\u00a0:<\/p>\n<p><strong>Le bracelet papa perle <\/strong>est le mod\u00e8le le plus branch\u00e9 actuellement. Inspir\u00e9 des bracelets tib\u00e9tains, il est r\u00e9alis\u00e9 avec des perles dures (\u0153il de tigre, agate noire, tanzanite) mont\u00e9es sur \u00e9lastique. Une plaque en acier ou en argent se glisse entre les perles et permet de graver un texte.<\/p>\n<p><strong>Le bracelet papa pr\u00e9nom<\/strong>\u00a0est l\u2019autre mod\u00e8le phare que l\u2019on offre pour la f\u00eate des p\u00e8res. G\u00e9n\u00e9ralement mont\u00e9 sur un cordon de couleur, le pr\u00e9nom est grav\u00e9 sur une m\u00e9daille en argent ou en or.<\/p>\n<p><strong>Le bracelet cuir pour papa<\/strong> est un ind\u00e9modable\u00a0! Le cuir est un mat\u00e9riau noble et rac\u00e9 qui plait beaucoup aux hommes. On le personnalise en choisissant la couleur du tannage (cognac, fauve, r\u00e9glisse) et en gravant des initiales ou un court message sur le fermoir.<strong>\u00a0<\/strong><\/p>\n<h2><span class=\"ez-toc-section\" id=\"Comment_choisir_un_collier_personnalise_pour_papa\"><\/span>Comment choisir un collier personnalis\u00e9 pour papa\u00a0?<span class=\"ez-toc-section-end\"><\/span><\/h2>\n<p>Contrairement \u00e0 ce que l\u2019on pourrait croire, les bijouteries proposent pl\u00e9thore de mod\u00e8les de <strong>colliers personnalis\u00e9s pour papa<\/strong>, autant d\u2019id\u00e9es originales de cadeaux pour la f\u00eate des p\u00e8res.<\/p>\n<p>Un collier est compos\u00e9 d\u2019une cha\u00eene et d\u2019un pendentif, ou une m\u00e9daille. Pour un homme, le mod\u00e8le de cha\u00eene le plus demand\u00e9 est la chaine boule, suivi de la cha\u00eene gourmette puis la cha\u00eene for\u00e7at, dans une taille de maillons suffisamment larges.<\/p>\n<p>Mais le plus important est la m\u00e9daille, ou le pendentif, le support qui va accueillir la personnalisation. La <strong>plaque militaire<\/strong> (m\u00e9daille rectangulaire) est un incontournable, comme la <strong>m\u00e9daille<\/strong> d\u2019une forme g\u00e9om\u00e9trique (ronde, carr\u00e9e, tonneau).<\/p>\n<p>L\u2019essentiel est de choisir un collier suffisamment gros pour que la personnalisation soit bien visible, quelle qu\u2019elle soit.<strong>\u00a0<\/strong><\/p>\n<h2><span class=\"ez-toc-section\" id=\"Quelle_gravure_realiser_sur_un_bijou_pour_la_fete_des_papas\"><\/span>Quelle gravure r\u00e9aliser sur un bijou pour la f\u00eate des papas\u00a0?<span class=\"ez-toc-section-end\"><\/span><\/h2>\n<p>Les proportions g\u00e9n\u00e9reuses d\u2019un bijou destin\u00e9 \u00e0 un homme offrent un espace de gravure suffisamment large pour laisser libre court \u00e0 l\u2019imagination. Les enfants, avec la complicit\u00e9 de la maman, peuvent s\u2019en donner \u00e0 c\u0153ur joie\u00a0!<\/p>\n<p><u>Un bijou pour papa grav\u00e9 avec les pr\u00e9noms de ses enfants\u00a0<\/u>: c\u2019est la gravure la plus basique et la plus efficace\u00a0! Elle convient \u00e0 tous les hommes, des plus discrets aux plus exub\u00e9rants.<\/p>\n<p><u>Un bijou pour papa grav\u00e9 d\u2019un message<\/u>\u00a0: \u00ab\u00a0meilleur papa du monde\u00a0\u00bb, \u00ab\u00a0papa d\u2019amour\u00a0\u00bb, \u00ab\u00a0best dad\u00a0\u00bb, \u00ab\u00a0papounet\u00a0\u00bb\u2026 on peut tout graver du moment que le texte fait sens avec le statut de p\u00e8re.<\/p>\n<p><u>Un bijou pour papa grav\u00e9 avec les dessins de ses enfants\u00a0<\/u>: c\u2019est la personnalisation ultime tr\u00e8s en vogue actuellement. Bonhomme papate, voiture de course, repr\u00e9sentation de la famille, les dessins d\u2019enfant font craquer plus d\u2019un homme.<\/p>\n<p><u>Un bijou pour papa avec une photo gravure<\/u>\u00a0: pour immortaliser la photo du petit dernier dans le m\u00e9tal pr\u00e9cieux et la porter sur soi comme un talisman.<\/p>\n<h2><span class=\"ez-toc-section\" id=\"Que_choisir_entre_un_bracelet_et_un_pendentif_%C2%AB_papa_je_taime_%C2%BB\"><\/span>Que choisir entre un bracelet et un pendentif \u00ab\u00a0papa je t\u2019aime\u00a0\u00bb\u00a0?<span class=\"ez-toc-section-end\"><\/span><\/h2>\n<p>L\u2019expression \u00ab\u00a0<strong>papa je t\u2019aime<\/strong>\u00a0\u00bb est certainement le texte le plus grav\u00e9 sur un bijou personnalis\u00e9 pour la <strong>f\u00eate des p\u00e8res<\/strong>. Choisir entre un bracelet et un pendentif est un faux d\u00e9bat car le choix est tr\u00e8s personnel et correspond au style de la personne.<\/p>\n<p><strong>Un bracelet \u00ab\u00a0papa je t\u2019aime\u00a0\u00bb<\/strong>\u00a0: cette phrase toute simple se grave sur tout type de bracelet. On peut r\u00e9duire le nombre de caract\u00e8res en rempla\u00e7ant le mot \u00ab\u00a0aime\u00a0\u00bb par un c\u0153ur si besoin. Pour plus de discr\u00e9tion, on peut graver le texte sur la face int\u00e9rieure du bracelet, c\u00f4t\u00e9 peau.<\/p>\n<p><strong>Un pendentif \u00ab\u00a0papa je t\u2019aime\u00a0\u00bb<\/strong>\u00a0: les possibilit\u00e9s sont nombreuses et correspondent aux mod\u00e8les de pendentifs disponibles en bijouterie. M\u00e9daille ronde toute simple, m\u00e9daille en forme de parchemin, pendentif circulaire en forme de roue, plaque militaire\u2026 on peut tout imaginer.<\/p>\n<h2><span class=\"ez-toc-section\" id=\"Quels_sont_les_accessoires_personnalises_a_offrir_pour_la_fete_des_peres\"><\/span>Quels sont les accessoires personnalis\u00e9s \u00e0 offrir pour la f\u00eate des p\u00e8res\u00a0?<span class=\"ez-toc-section-end\"><\/span><\/h2>\n<figure id=\"attachment_470\" aria-describedby=\"caption-attachment-470\" style=\"width: 800px\" class=\"wp-caption alignnone\"><img loading=\"lazy\" decoding=\"async\" class=\"size-full wp-image-470\" src=\"https:\/\/www.marmottine.fr\/mag\/wp-content\/uploads\/2024\/04\/PC-LN-cordon.jpg\" alt=\"Porte cl\u00e9s personnalisable\" width=\"800\" height=\"800\" srcset=\"https:\/\/www.marmottine.fr\/mag\/wp-content\/uploads\/2024\/04\/PC-LN-cordon.jpg 800w, https:\/\/www.marmottine.fr\/mag\/wp-content\/uploads\/2024\/04\/PC-LN-cordon-300x300.jpg 300w, https:\/\/www.marmottine.fr\/mag\/wp-content\/uploads\/2024\/04\/PC-LN-cordon-150x150.jpg 150w, https:\/\/www.marmottine.fr\/mag\/wp-content\/uploads\/2024\/04\/PC-LN-cordon-768x768.jpg 768w\" sizes=\"(max-width: 800px) 100vw, 800px\" \/><figcaption id=\"caption-attachment-470\" class=\"wp-caption-text\">Porte cl\u00e9s personnalisable<\/figcaption><\/figure>\n<p>N\u2019oublions pas certains accessoires que l\u2019on assimile parfois aux bijoux. Ils font l\u2019objet de cadeaux personnalis\u00e9s pour la f\u00eate des p\u00e8res disponibles en bijouterie joaillerie. A r\u00e9server pour les hommes (mais ils sont peu nombreux) pour qui le port d\u2019un bijou n\u2019est pas chose \u00e9vidente.<\/p>\n<p><strong>Les boutons de manchette personnalis\u00e9s pour papa\u00a0:<\/strong> certains hommes ne portent que des chemises \u00e0 manches mousquetaires que l\u2019on ferme \u00e0 l\u2019aide de boutons de manchette. Ces derniers sont de vrais bijoux, et on en trouve de plus en plus \u00e0 personnaliser avec des initiales, des empreintes ou des dessins d\u2019enfant.<\/p>\n<p><strong>Le porte-cl\u00e9s pour papa<\/strong>\u00a0: il perd toujours ses cl\u00e9s\u00a0? Plus jamais avec un porte cl\u00e9 personnalis\u00e9 pour l\u2019occasion, offert avec amour par ses enfants\u00a0!<\/p>\n<p><strong>Le pince cravate\u00a0pour papa<\/strong>\u00a0: c\u2019est un objet un peu d\u00e9suet qui r\u00e9siste malgr\u00e9 tout aux modes. A l\u2019instar d\u2019autres accessoire, celui-ci se personnalise \u00e0 l\u2019envi et fera un cadeau de f\u00eate des p\u00e8res original.<\/p>\n<h2><span class=\"ez-toc-section\" id=\"Quel_bijou_personnalise_offrir_pour_sa_premiere_fete_des_peres\"><\/span>Quel bijou personnalis\u00e9 offrir pour sa premi\u00e8re f\u00eate des p\u00e8res ?<span class=\"ez-toc-section-end\"><\/span><\/h2>\n<p>Pour un tout <strong>jeune papa<\/strong>, la premi\u00e8re f\u00eate des p\u00e8res est un \u00e9v\u00e9nement touchant. Le bijou personnalis\u00e9 est plus que jamais une id\u00e9e merveilleuse pour c\u00e9l\u00e9brer cette <strong>nouvelle paternit\u00e9<\/strong>.<\/p>\n<p>On choisira un bijou en argent ou en or qui durera longtemps. Quant \u00e0 la forme et \u00e0 la gravure, voici quelques pistes originales qui inspireront les jeunes mamans\u00a0:<\/p>\n<p><u>Un bracelet cordon avec un personnage<\/u>, fille ou gar\u00e7on\u00a0: le motif personnage \u00e9voque \u00e0 lui seul le sexe du b\u00e9b\u00e9, il ne reste plus qu\u2019\u00e0 graver le pr\u00e9nom du nouveau-n\u00e9 ou ses initiales.<\/p>\n<p><u>Un bracelet m\u00e9daille avec l\u2019empreinte de pied du b\u00e9b\u00e9<\/u>\u00a0: on ne s\u2019en lassera jamais\u00a0!\u00a0 L\u2019empreinte de pied de b\u00e9b\u00e9 est tellement attendrissante qu\u2019elle illustre parfaitement l\u2019arriv\u00e9e d\u2019un nouveau-n\u00e9, tout en \u00e9tant discr\u00e8te.<\/p>\n<p><u>Une m\u00e9daille grav\u00e9e du pr\u00e9nom de son enfant<\/u>\u00a0: classique et discr\u00e8te, la m\u00e9daille demeure une valeur s\u00fbre pour graver tout simplement le pr\u00e9nom d\u2019une personne qui nous est la plus ch\u00e8re au monde\u00a0: notre enfant\u00a0!<\/p>\n","protected":false},"excerpt":{"rendered":"<p>Quels sont les bijoux personnalis\u00e9s pour la f\u00eate des p\u00e8res\u00a0? Il existe 1001 occasions d\u2019offrir un bijou personnalis\u00e9, m\u00eame les [&hellip;]<\/p>\n","protected":false},"author":2,"featured_media":468,"parent":440,"menu_order":7,"comment_status":"closed","ping_status":"closed","template":"","meta":{"site-sidebar-layout":"default","site-content-layout":"","ast-site-content-layout":"default","site-content-style":"default","site-sidebar-style":"default","ast-global-header-display":"","ast-banner-title-visibility":"","ast-main-header-display":"","ast-hfb-above-header-display":"","ast-hfb-below-header-display":"","ast-hfb-mobile-header-display":"","site-post-title":"","ast-breadcrumbs-content":"","ast-featured-img":"","footer-sml-layout":"","theme-transparent-header-meta":"default","adv-header-id-meta":"","stick-header-meta":"","header-above-stick-meta":"","header-main-stick-meta":"","header-below-stick-meta":"","astra-migrate-meta-layouts":"set","ast-page-background-enabled":"default","ast-page-background-meta":{"desktop":{"background-color":"var(--ast-global-color-4)","background-image":"","background-repeat":"repeat","background-position":"center center","background-size":"auto","background-attachment":"scroll","background-type":"","background-media":"","overlay-type":"","overlay-color":"","overlay-gradient":""},"tablet":{"background-color":"","background-image":"","background-repeat":"repeat","background-position":"center center","background-size":"auto","background-attachment":"scroll","background-type":"","background-media":"","overlay-type":"","overlay-color":"","overlay-gradient":""},"mobile":{"background-color":"","background-image":"","background-repeat":"repeat","background-position":"center center","background-size":"auto","background-attachment":"scroll","background-type":"","background-media":"","overlay-type":"","overlay-color":"","overlay-gradient":""}},"ast-content-background-meta":{"desktop":{"background-color":"var(--ast-global-color-5)","background-image":"","background-repeat":"repeat","background-position":"center center","background-size":"auto","background-attachment":"scroll","background-type":"","background-media":"","overlay-type":"","overlay-color":"","overlay-gradient":""},"tablet":{"background-color":"var(--ast-global-color-5)","background-image":"","background-repeat":"repeat","background-position":"center center","background-size":"auto","background-attachment":"scroll","background-type":"","background-media":"","overlay-type":"","overlay-color":"","overlay-gradient":""},"mobile":{"background-color":"var(--ast-global-color-5)","background-image":"","background-repeat":"repeat","background-position":"center center","background-size":"auto","background-attachment":"scroll","background-type":"","background-media":"","overlay-type":"","overlay-color":"","overlay-gradient":""}},"footnotes":""},"aioseo_notices":[],"_links":{"self":[{"href":"https:\/\/www.marmottine.fr\/mag\/wp-json\/wp\/v2\/pages\/446"}],"collection":[{"href":"https:\/\/www.marmottine.fr\/mag\/wp-json\/wp\/v2\/pages"}],"about":[{"href":"https:\/\/www.marmottine.fr\/mag\/wp-json\/wp\/v2\/types\/page"}],"author":[{"embeddable":true,"href":"https:\/\/www.marmottine.fr\/mag\/wp-json\/wp\/v2\/users\/2"}],"replies":[{"embeddable":true,"href":"https:\/\/www.marmottine.fr\/mag\/wp-json\/wp\/v2\/comments?post=446"}],"version-history":[{"count":3,"href":"https:\/\/www.marmottine.fr\/mag\/wp-json\/wp\/v2\/pages\/446\/revisions"}],"predecessor-version":[{"id":572,"href":"https:\/\/www.marmottine.fr\/mag\/wp-json\/wp\/v2\/pages\/446\/revisions\/572"}],"up":[{"embeddable":true,"href":"https:\/\/www.marmottine.fr\/mag\/wp-json\/wp\/v2\/pages\/440"}],"wp:featuredmedia":[{"embeddable":true,"href":"https:\/\/www.marmottine.fr\/mag\/wp-json\/wp\/v2\/media\/468"}],"wp:attachment":[{"href":"https:\/\/www.marmottine.fr\/mag\/wp-json\/wp\/v2\/media?parent=446"}],"curies":[{"name":"wp","href":"https:\/\/api.w.org\/{rel}","templated":true}]}}