{"id":444,"date":"2024-04-09T09:59:41","date_gmt":"2024-04-09T07:59:41","guid":{"rendered":"https:\/\/www.marmottine.fr\/mag\/?page_id=444"},"modified":"2024-04-09T16:20:35","modified_gmt":"2024-04-09T14:20:35","slug":"pour-la-fete-des-meres","status":"publish","type":"page","link":"https:\/\/www.marmottine.fr\/mag\/guides\/bijoux-personnalises\/choisir-selon-occasion\/pour-la-fete-des-meres","title":{"rendered":"Quels sont les bijoux personnalis\u00e9s pour la f\u00eate des m\u00e8res ?"},"content":{"rendered":"<h1><span class=\"ez-toc-section\" id=\"Quels_sont_les_bijoux_personnalises_pour_la_fete_des_meres\"><\/span><strong>Quels sont les bijoux personnalis\u00e9s pour la f\u00eate des m\u00e8res\u00a0?<\/strong><span class=\"ez-toc-section-end\"><\/span><\/h1><div id=\"ez-toc-container\" class=\"ez-toc-v2_0_69_1 counter-hierarchy ez-toc-counter ez-toc-grey ez-toc-container-direction\">\n<div class=\"ez-toc-title-container\">\n<p class=\"ez-toc-title\" style=\"cursor:inherit\">Sommaire<\/p>\n<span class=\"ez-toc-title-toggle\"><a href=\"#\" class=\"ez-toc-pull-right ez-toc-btn ez-toc-btn-xs ez-toc-btn-default ez-toc-toggle\" aria-label=\"Toggle Table of Content\"><span class=\"ez-toc-js-icon-con\"><span class=\"\"><span class=\"eztoc-hide\" style=\"display:none;\">Toggle<\/span><span class=\"ez-toc-icon-toggle-span\"><svg style=\"fill: #999;color:#999\" xmlns=\"http:\/\/www.w3.org\/2000\/svg\" class=\"list-377408\" width=\"20px\" height=\"20px\" viewBox=\"0 0 24 24\" fill=\"none\"><path d=\"M6 6H4v2h2V6zm14 0H8v2h12V6zM4 11h2v2H4v-2zm16 0H8v2h12v-2zM4 16h2v2H4v-2zm16 0H8v2h12v-2z\" fill=\"currentColor\"><\/path><\/svg><svg style=\"fill: #999;color:#999\" class=\"arrow-unsorted-368013\" xmlns=\"http:\/\/www.w3.org\/2000\/svg\" width=\"10px\" height=\"10px\" viewBox=\"0 0 24 24\" version=\"1.2\" baseProfile=\"tiny\"><path d=\"M18.2 9.3l-6.2-6.3-6.2 6.3c-.2.2-.3.4-.3.7s.1.5.3.7c.2.2.4.3.7.3h11c.3 0 .5-.1.7-.3.2-.2.3-.5.3-.7s-.1-.5-.3-.7zM5.8 14.7l6.2 6.3 6.2-6.3c.2-.2.3-.5.3-.7s-.1-.5-.3-.7c-.2-.2-.4-.3-.7-.3h-11c-.3 0-.5.1-.7.3-.2.2-.3.5-.3.7s.1.5.3.7z\"\/><\/svg><\/span><\/span><\/span><\/a><\/span><\/div>\n<nav><ul class='ez-toc-list ez-toc-list-level-1 ' ><li class='ez-toc-page-1 ez-toc-heading-level-1'><a class=\"ez-toc-link ez-toc-heading-1\" href=\"https:\/\/www.marmottine.fr\/mag\/guides\/bijoux-personnalises\/choisir-selon-occasion\/pour-la-fete-des-meres\/#Quels_sont_les_bijoux_personnalises_pour_la_fete_des_meres\" title=\"Quels sont les bijoux personnalis\u00e9s pour la f\u00eate des m\u00e8res\u00a0?\">Quels sont les bijoux personnalis\u00e9s pour la f\u00eate des m\u00e8res\u00a0?<\/a><ul class='ez-toc-list-level-2' ><li class='ez-toc-heading-level-2'><a class=\"ez-toc-link ez-toc-heading-2\" href=\"https:\/\/www.marmottine.fr\/mag\/guides\/bijoux-personnalises\/choisir-selon-occasion\/pour-la-fete-des-meres\/#Pourquoi_le_bijou_personnalise_est_le_cadeau_ideal_pour_la_fete_des_meres\" title=\"Pourquoi le bijou personnalis\u00e9 est le cadeau id\u00e9al pour la f\u00eate des m\u00e8res\u00a0?\">Pourquoi le bijou personnalis\u00e9 est le cadeau id\u00e9al pour la f\u00eate des m\u00e8res\u00a0?<\/a><\/li><li class='ez-toc-page-1 ez-toc-heading-level-2'><a class=\"ez-toc-link ez-toc-heading-3\" href=\"https:\/\/www.marmottine.fr\/mag\/guides\/bijoux-personnalises\/choisir-selon-occasion\/pour-la-fete-des-meres\/#Quel_collier_personnalise_offrir_pour_la_fete_des_meres\" title=\"Quel collier personnalis\u00e9 offrir pour la f\u00eate des m\u00e8res\u00a0?\">Quel collier personnalis\u00e9 offrir pour la f\u00eate des m\u00e8res\u00a0?<\/a><\/li><li class='ez-toc-page-1 ez-toc-heading-level-2'><a class=\"ez-toc-link ez-toc-heading-4\" href=\"https:\/\/www.marmottine.fr\/mag\/guides\/bijoux-personnalises\/choisir-selon-occasion\/pour-la-fete-des-meres\/#Comment_choisir_un_bracelet_personnalise_pour_la_fete_des_meres\" title=\"Comment choisir un bracelet personnalis\u00e9 pour la f\u00eate des m\u00e8res\u00a0?\">Comment choisir un bracelet personnalis\u00e9 pour la f\u00eate des m\u00e8res\u00a0?<\/a><\/li><li class='ez-toc-page-1 ez-toc-heading-level-2'><a class=\"ez-toc-link ez-toc-heading-5\" href=\"https:\/\/www.marmottine.fr\/mag\/guides\/bijoux-personnalises\/choisir-selon-occasion\/pour-la-fete-des-meres\/#Pourquoi_offrir_un_bijou_personnalise_merefille_pour_la_fete_des_meres\" title=\"Pourquoi offrir un bijou personnalis\u00e9 m\u00e8re\/fille pour la f\u00eate des m\u00e8res\u00a0?\">Pourquoi offrir un bijou personnalis\u00e9 m\u00e8re\/fille pour la f\u00eate des m\u00e8res\u00a0?<\/a><\/li><li class='ez-toc-page-1 ez-toc-heading-level-2'><a class=\"ez-toc-link ez-toc-heading-6\" href=\"https:\/\/www.marmottine.fr\/mag\/guides\/bijoux-personnalises\/choisir-selon-occasion\/pour-la-fete-des-meres\/#Que_graver_sur_un_bijou_pour_la_fete_des_meres\" title=\"Que graver sur un bijou pour la f\u00eate des m\u00e8res\u00a0?\">Que graver sur un bijou pour la f\u00eate des m\u00e8res\u00a0?<\/a><\/li><li class='ez-toc-page-1 ez-toc-heading-level-2'><a class=\"ez-toc-link ez-toc-heading-7\" href=\"https:\/\/www.marmottine.fr\/mag\/guides\/bijoux-personnalises\/choisir-selon-occasion\/pour-la-fete-des-meres\/#Comment_trouver_un_bijou_personnalise_pour_la_fete_des_meres_pas_cher\" title=\"Comment trouver un bijou personnalis\u00e9 pour la f\u00eate des m\u00e8res pas cher\u00a0?\">Comment trouver un bijou personnalis\u00e9 pour la f\u00eate des m\u00e8res pas cher\u00a0?<\/a><\/li><li class='ez-toc-page-1 ez-toc-heading-level-2'><a class=\"ez-toc-link ez-toc-heading-8\" href=\"https:\/\/www.marmottine.fr\/mag\/guides\/bijoux-personnalises\/choisir-selon-occasion\/pour-la-fete-des-meres\/#Quel_bijou_personnalise_pour_une_maman_qui_vient_daccoucher\" title=\"Quel bijou personnalis\u00e9 pour une maman qui vient d\u2019accoucher\u00a0?\">Quel bijou personnalis\u00e9 pour une maman qui vient d\u2019accoucher\u00a0?<\/a><\/li><\/ul><\/li><\/ul><\/nav><\/div>\n\n<figure id=\"attachment_464\" aria-describedby=\"caption-attachment-464\" style=\"width: 800px\" class=\"wp-caption alignnone\"><img loading=\"lazy\" decoding=\"async\" class=\"size-full wp-image-464\" src=\"https:\/\/www.marmottine.fr\/mag\/wp-content\/uploads\/2024\/04\/collier-coeur-maman.jpg\" alt=\"Collier Maman en Or\" width=\"800\" height=\"800\" srcset=\"https:\/\/www.marmottine.fr\/mag\/wp-content\/uploads\/2024\/04\/collier-coeur-maman.jpg 800w, https:\/\/www.marmottine.fr\/mag\/wp-content\/uploads\/2024\/04\/collier-coeur-maman-300x300.jpg 300w, https:\/\/www.marmottine.fr\/mag\/wp-content\/uploads\/2024\/04\/collier-coeur-maman-150x150.jpg 150w, https:\/\/www.marmottine.fr\/mag\/wp-content\/uploads\/2024\/04\/collier-coeur-maman-768x768.jpg 768w\" sizes=\"(max-width: 800px) 100vw, 800px\" \/><figcaption id=\"caption-attachment-464\" class=\"wp-caption-text\">Collier Maman en Or<\/figcaption><\/figure>\n<p>Les bijoux personnalis\u00e9s sont <strong><a href=\"https:\/\/www.marmottine.fr\/mag\/guides\/bijoux-personnalises\/choisir-selon-occasion\">des id\u00e9es de cadeau id\u00e9ales pour offrir lors de nombreuses occasions<\/a><\/strong>. Parmi elles, <strong>la f\u00eate des m\u00e8res<\/strong> est l\u2019un des \u00e9v\u00e9nements les plus attendus de l\u2019ann\u00e9e par les mamans et par leurs enfants, tout excit\u00e9s \u00e0 l\u2019id\u00e9e de lui offrir LE cadeau qui la remplira d\u2019\u00e9motions. Tout au long de l\u2019ann\u00e9e, les mamans se donnent sans compter pour le bonheur et le bien-\u00eatre de leur prog\u00e9niture. On ne leur doit bien une journ\u00e9e rien que pour elles, pour leur montrer \u00e0 quel point elles sont uniques et irrempla\u00e7ables, et pour les remercier aussi, d\u2019\u00eatre toujours pr\u00e9sentes quoi qu\u2019il arrive. Pour leur t\u00e9moigner tout notre amour et notre reconnaissance, le <strong>bijou personnalis\u00e9<\/strong> s\u2019av\u00e8re \u00eatre <strong>le cadeau id\u00e9al pour la f\u00eate des m\u00e8res.<\/strong><\/p>\n<h2><span class=\"ez-toc-section\" id=\"Pourquoi_le_bijou_personnalise_est_le_cadeau_ideal_pour_la_fete_des_meres\"><\/span>Pourquoi le bijou personnalis\u00e9 est le cadeau id\u00e9al pour la f\u00eate des m\u00e8res\u00a0?<span class=\"ez-toc-section-end\"><\/span><\/h2>\n<p>Chaque ann\u00e9e au mois de mai, un dimanche est consacr\u00e9 aux <strong>mamans<\/strong>. Au fil des ann\u00e9es, cette journ\u00e9e particuli\u00e8re est devenue un rendez-vous incontournable pour les enfants qui en profitent pour leur t\u00e9moigner tout leur amour.\u00a0 Les id\u00e9es de cadeau ne manquent pas pour la f\u00eate des m\u00e8res. Mais au c\u00f4t\u00e9 des fleurs, des chocolats, des mugs et des tableaux, le <strong>bijou personnalis\u00e9<\/strong> tient une place de choix.<\/p>\n<ul>\n<li><strong>Le bijou personnalis\u00e9 est un cadeau r\u00e9fl\u00e9chi<\/strong>qui demande du temps, pour trouver le mod\u00e8le, s\u00e9lectionner la couleur, imaginer la gravure. Et le temps, c\u2019est ce que l\u2019on a de plus pr\u00e9cieux de nos jours.<\/li>\n<li><strong>Le bijou personnalis\u00e9 permet de traduire une pens\u00e9e <\/strong>en gravant une phrase, un pr\u00e9nom, un mot doux ou un message cod\u00e9. C\u2019est une bien jolie mani\u00e8re de lui dire \u00ab\u00a0je t\u2019aime\u00a0\u00bb.<\/li>\n<li><strong>Le bijou personnalis\u00e9 est un cadeau qui se porte au quotidien<\/strong>. Que ce soit un collier, un bracelet ou une paire de boucles d\u2019oreilles, une maman qui re\u00e7oit un bijou personnalis\u00e9 pour la f\u00eate des m\u00e8res le portera avec tendresse tous les jours.<\/li>\n<\/ul>\n<h2><span class=\"ez-toc-section\" id=\"Quel_collier_personnalise_offrir_pour_la_fete_des_meres\"><\/span>Quel collier personnalis\u00e9 offrir pour la f\u00eate des m\u00e8res\u00a0?<span class=\"ez-toc-section-end\"><\/span><\/h2>\n<p>En mati\u00e8re de collier, on a l\u2019embarras du choix\u00a0: ras de cou, collier ou sautoir. Dans tous les cas, c\u2019est le m\u00e9daillon que l\u2019on personnalisera par une gravure, tout sp\u00e9cialement imagin\u00e9e pour la maman.<\/p>\n<p><strong>Un collier pour maman avec pr\u00e9nom\u00a0<\/strong>: ce peut \u00eatre un collier ras de cou avec son pr\u00e9nom en lettres d\u00e9tach\u00e9es, grande tendance actuellement. Ou bien un collier avec les pr\u00e9noms de ses enfants sur une m\u00e9daille \u00e0 graver.<\/p>\n<p><strong>Un collier personnalis\u00e9 pour maman en argent\u00a0<\/strong>: l\u2019argent revient en force cette ann\u00e9e dans les collections de bijoux. C\u2019est le moment d\u2019offrir \u00e0 une maman un collier personnalis\u00e9 dans ce m\u00e9tal pr\u00e9cieux mais abordable, facile \u00e0 porter au quotidien. On gravera une m\u00e9daille ou un pendentif du pr\u00e9nom de ses enfants, ou d\u2019un mot doux.<\/p>\n<p><strong>Un collier personnalis\u00e9 pour maman en or\u00a0<\/strong>: pour un cadeau collectif ou avec l\u2019aide du papa, le collier en or est une id\u00e9e de cadeau qui fait date, un bijou pr\u00e9cieux qui rejoint les bijoux de famille dans la boite \u00e0 bijoux de la maman, et qu\u2019elle porte avec fiert\u00e9.<\/p>\n<h2><span class=\"ez-toc-section\" id=\"Comment_choisir_un_bracelet_personnalise_pour_la_fete_des_meres\"><\/span>Comment choisir un bracelet personnalis\u00e9 pour la f\u00eate des m\u00e8res\u00a0?<span class=\"ez-toc-section-end\"><\/span><\/h2>\n<p>Tous les bracelets personnalis\u00e9s propos\u00e9s par les bijoutiers sont de superbes id\u00e9es de cadeau pour une maman. Le tout est de savoir lequel lui conviendra le mieux en fonction de ses go\u00fbts.<\/p>\n<p><u>Le bracelet cordon et sa m\u00e9daille \u00e0 graver<\/u>\u00a0: c\u2019est l\u2019incontournable, celui qui ne se d\u00e9mode pas, qui se porte seul ou associ\u00e9 \u00e0 d\u2019autres bracelets, comme on porte un grigri. Peut importe la couleur du cordon, c\u2019est le texte de la gravure qui retiendra son attention.<\/p>\n<p><u>Le bracelet jonc \u00e0 personnaliser<\/u>\u00a0: tr\u00e8s \u00e0 la mode actuellement, le bracelet jonc s\u00e9duit les mamans branch\u00e9es. Son gros avantage\u00a0: il permet de graver un texte sur le dessus mais aussi un texte plus intime \u00e0 l\u2019int\u00e9rieur, c\u00f4t\u00e9 peau.<\/p>\n<p><u>Le bracelet charm\u2019s<\/u>\u00a0: grand favori ces derni\u00e8res ann\u00e9es, le bracelet charm\u2019s se personnalise en ajoutant autant de pampilles que l\u2019on veut, jusqu\u2019\u00e0 former un bracelet qui correspond parfaitement \u00e0 la personnalit\u00e9 de sa maman.<\/p>\n<h2><span class=\"ez-toc-section\" id=\"Pourquoi_offrir_un_bijou_personnalise_merefille_pour_la_fete_des_meres\"><\/span>Pourquoi offrir un bijou personnalis\u00e9 m\u00e8re\/fille pour la f\u00eate des m\u00e8res\u00a0?<span class=\"ez-toc-section-end\"><\/span><\/h2>\n<p>Les duos m\u00e8re\/fille ont le vent en poupe. Mis \u00e0 l\u2019honneur dans les campagnes de publicit\u00e9 de la marque de v\u00eatements Comptoir des Cotonniers, l\u2019id\u00e9e s\u2019est impos\u00e9e dans les bijoux. Le principe est simple\u00a0: un bijou double, identique ou semblable, l\u2019un pour la maman, l\u2019autre pour la fille, pour sceller leur tendre complicit\u00e9.<\/p>\n<p>La f\u00eate des m\u00e8res c\u00e9l\u00e9brant la maternit\u00e9, il est int\u00e9ressant d\u2019associer une fille \u00e0 sa maman sur un bijou clin d\u2019\u0153il que chacune portera en pensant \u00e0 l\u2019autre.<\/p>\n<p>Ce peut \u00eatre un bracelet cordon identique dont seule la couleur change. Une m\u00e9daille coup\u00e9e en deux, partag\u00e9e par l\u2019une et l\u2019autre. Ou encore un pendentif identique avec un message grav\u00e9 en partie sur l\u2019un et en partie sur l\u2019autre.<\/p>\n<h2><span class=\"ez-toc-section\" id=\"Que_graver_sur_un_bijou_pour_la_fete_des_meres\"><\/span>Que graver sur un bijou pour la f\u00eate des m\u00e8res\u00a0?<span class=\"ez-toc-section-end\"><\/span><\/h2>\n<figure id=\"attachment_462\" aria-describedby=\"caption-attachment-462\" style=\"width: 800px\" class=\"wp-caption alignnone\"><img loading=\"lazy\" decoding=\"async\" class=\"size-full wp-image-462\" src=\"https:\/\/www.marmottine.fr\/mag\/wp-content\/uploads\/2024\/04\/2022-05-05-fete-des-meres.jpg\" alt=\"M\u00e9daille Maman grav\u00e9e par ses enfants\" width=\"800\" height=\"800\" srcset=\"https:\/\/www.marmottine.fr\/mag\/wp-content\/uploads\/2024\/04\/2022-05-05-fete-des-meres.jpg 800w, https:\/\/www.marmottine.fr\/mag\/wp-content\/uploads\/2024\/04\/2022-05-05-fete-des-meres-300x300.jpg 300w, https:\/\/www.marmottine.fr\/mag\/wp-content\/uploads\/2024\/04\/2022-05-05-fete-des-meres-150x150.jpg 150w, https:\/\/www.marmottine.fr\/mag\/wp-content\/uploads\/2024\/04\/2022-05-05-fete-des-meres-768x768.jpg 768w\" sizes=\"(max-width: 800px) 100vw, 800px\" \/><figcaption id=\"caption-attachment-462\" class=\"wp-caption-text\">M\u00e9daille Maman grav\u00e9e par ses enfants<\/figcaption><\/figure>\n<p>Le propre d\u2019un bijou personnalis\u00e9 est d\u2019\u00eatre unique et ne ressembler \u00e0 aucun autre. Aussi, pour la f\u00eate des m\u00e8res, tout type de gravure est autoris\u00e9. Du moment que l\u2019id\u00e9e vient de ses enfants, la maman sera combl\u00e9e\u00a0!<\/p>\n<ol start=\"6\">\n<li><u>Graver un texte<\/u>: c\u2019est l\u2019occasion de graver son surnom, \u00ab\u00a0Mamounette\u00a0\u00bb \u00ab\u00a0Mimu\u00a0\u00bb \u00ab\u00a0Mama\u00a0\u00bb, que seuls ses enfants utilisent, ou quelques mots qui la caract\u00e9risent \u00ab\u00a0M\u00e8re Veilleuse\u00a0\u00bb \u00ab\u00a0Maman Poule\u00a0\u00bb ou encore \u00ab\u00a0Super Maman\u00a0\u00bb.<\/li>\n<li><u>Graver le pr\u00e9nom de ses enfants<\/u>: certes c\u2019est un grand classique mais toujours appr\u00e9ci\u00e9\u00a0! Rien n\u2019est plus important pour une maman que ses enfants, et le fait de porter un bijou avec leurs pr\u00e9noms est une mani\u00e8re de les avoir toujours \u00e0 ses c\u00f4t\u00e9s.<\/li>\n<li><u>Graver un dessin d\u2019enfant<\/u>: les mamans sont en extase devant les chefs d\u2019\u0153uvres de leurs rejetons\u00a0: que ce soient des dessins faits en classe ou \u00e0 la maison, ils r\u00e9v\u00e8lent la sensibilit\u00e9 propre \u00e0 la petite enfance avec beaucoup de tendresse.<\/li>\n<li><u>Graver les empreintes de mains de ses enfants<\/u> ou de la famille\u00a0: une technique r\u00e9cente permet de graver fid\u00e8lement les empreintes de main sur une m\u00e9daille. Une mani\u00e8re originale d\u2019avoir sa tribu sur soi\u00a0!<\/li>\n<\/ol>\n<h2><span class=\"ez-toc-section\" id=\"Comment_trouver_un_bijou_personnalise_pour_la_fete_des_meres_pas_cher\"><\/span>Comment trouver un bijou personnalis\u00e9 pour la f\u00eate des m\u00e8res pas cher\u00a0?<span class=\"ez-toc-section-end\"><\/span><\/h2>\n<p>Il n\u2019est pas besoin de d\u00e9penser des fortunes pour trouver un bijou personnalis\u00e9 qui plaise \u00e0 une maman. La premi\u00e8re option est d\u2019opter pour un <strong>bijou f\u00eate des m\u00e8res \u00e0 fabriquer<\/strong>\u00a0: les travaux manuels \u00e0 l\u2019\u00e9cole nous ont habitu\u00e9s aux colliers de nouille pour la f\u00eate des m\u00e8res, mais depuis les r\u00e9seaux sociaux regorgent de DIY pour r\u00e9aliser des bijoux personnalis\u00e9s pour la f\u00eate des m\u00e8res avec deux bouts de ficelle.<\/p>\n<p>Pour celles et ceux qui n\u2019ont pas l\u2019\u00e2me d\u2019un cr\u00e9ateur, on trouve dans le commerce des <strong>bijoux personnalis\u00e9s tr\u00e8s abordables<\/strong> \u00e0 condition de bien choisir les mat\u00e9riaux. On privil\u00e9giera des bijoux fantaisie en plaqu\u00e9 or, ou en argent (moins cher que l\u2019or), des bracelets mont\u00e9s sur cordon et non sur cha\u00eene, des pierres fines au lieu de pierres pr\u00e9cieuses.<\/p>\n<h2><span class=\"ez-toc-section\" id=\"Quel_bijou_personnalise_pour_une_maman_qui_vient_daccoucher\"><\/span>Quel bijou personnalis\u00e9 pour une maman qui vient d\u2019accoucher\u00a0?<span class=\"ez-toc-section-end\"><\/span><\/h2>\n<figure id=\"attachment_160\" aria-describedby=\"caption-attachment-160\" style=\"width: 800px\" class=\"wp-caption alignnone\"><img loading=\"lazy\" decoding=\"async\" class=\"size-full wp-image-160\" src=\"https:\/\/www.marmottine.fr\/mag\/wp-content\/uploads\/2024\/03\/prendre-empreinte-pour-bijou.jpg\" alt=\"Bracelet empreinte de main de b\u00e9b\u00e9\" width=\"800\" height=\"800\" srcset=\"https:\/\/www.marmottine.fr\/mag\/wp-content\/uploads\/2024\/03\/prendre-empreinte-pour-bijou.jpg 800w, https:\/\/www.marmottine.fr\/mag\/wp-content\/uploads\/2024\/03\/prendre-empreinte-pour-bijou-300x300.jpg 300w, https:\/\/www.marmottine.fr\/mag\/wp-content\/uploads\/2024\/03\/prendre-empreinte-pour-bijou-150x150.jpg 150w, https:\/\/www.marmottine.fr\/mag\/wp-content\/uploads\/2024\/03\/prendre-empreinte-pour-bijou-768x768.jpg 768w\" sizes=\"(max-width: 800px) 100vw, 800px\" \/><figcaption id=\"caption-attachment-160\" class=\"wp-caption-text\">Bracelet empreinte de main de b\u00e9b\u00e9<\/figcaption><\/figure>\n<p>Pour une jeune maman, <strong>sa premi\u00e8re f\u00eate des m\u00e8res<\/strong> est une date importante qui repr\u00e9sente tout un symbole. Si elle vient de donner naissance \u00e0 son premier enfant, cet \u00e9v\u00e9nement sera l\u2019occasion de lui offrir un cadeau de naissance pour c\u00e9l\u00e9brer \u00e0 la fois l\u2019arriv\u00e9e de son b\u00e9b\u00e9 et son nouveau statut de m\u00e8re.<\/p>\n<p>Le papa sera bien inspir\u00e9 de lui offrir <strong>un cadeau embl\u00e9matique<\/strong>, en or, pour immortaliser ce moment pr\u00e9cieux dans leur vie\u00a0: un bracelet avec l\u2019empreinte de pied de son b\u00e9b\u00e9 grav\u00e9, un collier avec le pr\u00e9nom de son petit et sa date de naissance, un pendentif orn\u00e9 de la pierre de naissance du b\u00e9b\u00e9.<\/p>\n","protected":false},"excerpt":{"rendered":"<p>Quels sont les bijoux personnalis\u00e9s pour la f\u00eate des m\u00e8res\u00a0? Les bijoux personnalis\u00e9s sont des id\u00e9es de cadeau id\u00e9ales pour [&hellip;]<\/p>\n","protected":false},"author":2,"featured_media":464,"parent":440,"menu_order":6,"comment_status":"closed","ping_status":"closed","template":"","meta":{"site-sidebar-layout":"default","site-content-layout":"","ast-site-content-layout":"default","site-content-style":"default","site-sidebar-style":"default","ast-global-header-display":"","ast-banner-title-visibility":"","ast-main-header-display":"","ast-hfb-above-header-display":"","ast-hfb-below-header-display":"","ast-hfb-mobile-header-display":"","site-post-title":"","ast-breadcrumbs-content":"","ast-featured-img":"","footer-sml-layout":"","theme-transparent-header-meta":"default","adv-header-id-meta":"","stick-header-meta":"","header-above-stick-meta":"","header-main-stick-meta":"","header-below-stick-meta":"","astra-migrate-meta-layouts":"set","ast-page-background-enabled":"default","ast-page-background-meta":{"desktop":{"background-color":"var(--ast-global-color-4)","background-image":"","background-repeat":"repeat","background-position":"center center","background-size":"auto","background-attachment":"scroll","background-type":"","background-media":"","overlay-type":"","overlay-color":"","overlay-gradient":""},"tablet":{"background-color":"","background-image":"","background-repeat":"repeat","background-position":"center center","background-size":"auto","background-attachment":"scroll","background-type":"","background-media":"","overlay-type":"","overlay-color":"","overlay-gradient":""},"mobile":{"background-color":"","background-image":"","background-repeat":"repeat","background-position":"center center","background-size":"auto","background-attachment":"scroll","background-type":"","background-media":"","overlay-type":"","overlay-color":"","overlay-gradient":""}},"ast-content-background-meta":{"desktop":{"background-color":"var(--ast-global-color-5)","background-image":"","background-repeat":"repeat","background-position":"center center","background-size":"auto","background-attachment":"scroll","background-type":"","background-media":"","overlay-type":"","overlay-color":"","overlay-gradient":""},"tablet":{"background-color":"var(--ast-global-color-5)","background-image":"","background-repeat":"repeat","background-position":"center center","background-size":"auto","background-attachment":"scroll","background-type":"","background-media":"","overlay-type":"","overlay-color":"","overlay-gradient":""},"mobile":{"background-color":"var(--ast-global-color-5)","background-image":"","background-repeat":"repeat","background-position":"center center","background-size":"auto","background-attachment":"scroll","background-type":"","background-media":"","overlay-type":"","overlay-color":"","overlay-gradient":""}},"footnotes":""},"aioseo_notices":[],"_links":{"self":[{"href":"https:\/\/www.marmottine.fr\/mag\/wp-json\/wp\/v2\/pages\/444"}],"collection":[{"href":"https:\/\/www.marmottine.fr\/mag\/wp-json\/wp\/v2\/pages"}],"about":[{"href":"https:\/\/www.marmottine.fr\/mag\/wp-json\/wp\/v2\/types\/page"}],"author":[{"embeddable":true,"href":"https:\/\/www.marmottine.fr\/mag\/wp-json\/wp\/v2\/users\/2"}],"replies":[{"embeddable":true,"href":"https:\/\/www.marmottine.fr\/mag\/wp-json\/wp\/v2\/comments?post=444"}],"version-history":[{"count":3,"href":"https:\/\/www.marmottine.fr\/mag\/wp-json\/wp\/v2\/pages\/444\/revisions"}],"predecessor-version":[{"id":571,"href":"https:\/\/www.marmottine.fr\/mag\/wp-json\/wp\/v2\/pages\/444\/revisions\/571"}],"up":[{"embeddable":true,"href":"https:\/\/www.marmottine.fr\/mag\/wp-json\/wp\/v2\/pages\/440"}],"wp:featuredmedia":[{"embeddable":true,"href":"https:\/\/www.marmottine.fr\/mag\/wp-json\/wp\/v2\/media\/464"}],"wp:attachment":[{"href":"https:\/\/www.marmottine.fr\/mag\/wp-json\/wp\/v2\/media?parent=444"}],"curies":[{"name":"wp","href":"https:\/\/api.w.org\/{rel}","templated":true}]}}