{"id":442,"date":"2024-04-09T10:00:08","date_gmt":"2024-04-09T08:00:08","guid":{"rendered":"https:\/\/www.marmottine.fr\/mag\/?page_id=442"},"modified":"2024-04-09T16:20:00","modified_gmt":"2024-04-09T14:20:00","slug":"pour-la-fete-des-grands-meres","status":"publish","type":"page","link":"https:\/\/www.marmottine.fr\/mag\/guides\/bijoux-personnalises\/choisir-selon-occasion\/pour-la-fete-des-grands-meres","title":{"rendered":"Quels sont les bijoux personnalis\u00e9s pour la f\u00eate des grands-m\u00e8res ?"},"content":{"rendered":"<h1><span class=\"ez-toc-section\" id=\"Quels_sont_les_bijoux_personnalises_pour_la_fete_des_grands-meres\"><\/span>Quels sont les bijoux personnalis\u00e9s pour la f\u00eate des grands-m\u00e8res ?<span class=\"ez-toc-section-end\"><\/span><\/h1><div id=\"ez-toc-container\" class=\"ez-toc-v2_0_69_1 counter-hierarchy ez-toc-counter ez-toc-grey ez-toc-container-direction\">\n<div class=\"ez-toc-title-container\">\n<p class=\"ez-toc-title\" style=\"cursor:inherit\">Sommaire<\/p>\n<span class=\"ez-toc-title-toggle\"><a href=\"#\" class=\"ez-toc-pull-right ez-toc-btn ez-toc-btn-xs ez-toc-btn-default ez-toc-toggle\" aria-label=\"Toggle Table of Content\"><span class=\"ez-toc-js-icon-con\"><span class=\"\"><span class=\"eztoc-hide\" style=\"display:none;\">Toggle<\/span><span class=\"ez-toc-icon-toggle-span\"><svg style=\"fill: #999;color:#999\" xmlns=\"http:\/\/www.w3.org\/2000\/svg\" class=\"list-377408\" width=\"20px\" height=\"20px\" viewBox=\"0 0 24 24\" fill=\"none\"><path d=\"M6 6H4v2h2V6zm14 0H8v2h12V6zM4 11h2v2H4v-2zm16 0H8v2h12v-2zM4 16h2v2H4v-2zm16 0H8v2h12v-2z\" fill=\"currentColor\"><\/path><\/svg><svg style=\"fill: #999;color:#999\" class=\"arrow-unsorted-368013\" xmlns=\"http:\/\/www.w3.org\/2000\/svg\" width=\"10px\" height=\"10px\" viewBox=\"0 0 24 24\" version=\"1.2\" baseProfile=\"tiny\"><path d=\"M18.2 9.3l-6.2-6.3-6.2 6.3c-.2.2-.3.4-.3.7s.1.5.3.7c.2.2.4.3.7.3h11c.3 0 .5-.1.7-.3.2-.2.3-.5.3-.7s-.1-.5-.3-.7zM5.8 14.7l6.2 6.3 6.2-6.3c.2-.2.3-.5.3-.7s-.1-.5-.3-.7c-.2-.2-.4-.3-.7-.3h-11c-.3 0-.5.1-.7.3-.2.2-.3.5-.3.7s.1.5.3.7z\"\/><\/svg><\/span><\/span><\/span><\/a><\/span><\/div>\n<nav><ul class='ez-toc-list ez-toc-list-level-1 ' ><li class='ez-toc-page-1 ez-toc-heading-level-1'><a class=\"ez-toc-link ez-toc-heading-1\" href=\"https:\/\/www.marmottine.fr\/mag\/guides\/bijoux-personnalises\/choisir-selon-occasion\/pour-la-fete-des-grands-meres\/#Quels_sont_les_bijoux_personnalises_pour_la_fete_des_grands-meres\" title=\"Quels sont les bijoux personnalis\u00e9s pour la f\u00eate des grands-m\u00e8res ?\">Quels sont les bijoux personnalis\u00e9s pour la f\u00eate des grands-m\u00e8res ?<\/a><ul class='ez-toc-list-level-2' ><li class='ez-toc-heading-level-2'><a class=\"ez-toc-link ez-toc-heading-2\" href=\"https:\/\/www.marmottine.fr\/mag\/guides\/bijoux-personnalises\/choisir-selon-occasion\/pour-la-fete-des-grands-meres\/#Quand_a_lieu_la_fete_des_grands-meres\" title=\"Quand a lieu la f\u00eate des grands-m\u00e8res\u00a0?\">Quand a lieu la f\u00eate des grands-m\u00e8res\u00a0?<\/a><\/li><li class='ez-toc-page-1 ez-toc-heading-level-2'><a class=\"ez-toc-link ez-toc-heading-3\" href=\"https:\/\/www.marmottine.fr\/mag\/guides\/bijoux-personnalises\/choisir-selon-occasion\/pour-la-fete-des-grands-meres\/#Pourquoi_le_bijou_personnalise_est_le_cadeau_ideal_pour_la_fete_des_grands-meres\" title=\"Pourquoi le bijou personnalis\u00e9 est le cadeau id\u00e9al pour la f\u00eate des grands-m\u00e8res\u00a0?\">Pourquoi le bijou personnalis\u00e9 est le cadeau id\u00e9al pour la f\u00eate des grands-m\u00e8res\u00a0?<\/a><\/li><li class='ez-toc-page-1 ez-toc-heading-level-2'><a class=\"ez-toc-link ez-toc-heading-4\" href=\"https:\/\/www.marmottine.fr\/mag\/guides\/bijoux-personnalises\/choisir-selon-occasion\/pour-la-fete-des-grands-meres\/#Quel_bracelet_personnalise_offrir_pour_la_fete_des_grands-meres\" title=\"Quel bracelet personnalis\u00e9 offrir pour la f\u00eate des grands-m\u00e8res\u00a0?\">Quel bracelet personnalis\u00e9 offrir pour la f\u00eate des grands-m\u00e8res\u00a0?<\/a><\/li><li class='ez-toc-page-1 ez-toc-heading-level-2'><a class=\"ez-toc-link ez-toc-heading-5\" href=\"https:\/\/www.marmottine.fr\/mag\/guides\/bijoux-personnalises\/choisir-selon-occasion\/pour-la-fete-des-grands-meres\/#Quel_collier_personnalise_offrir_pour_la_fete_des_grands-meres\" title=\"Quel collier personnalis\u00e9 offrir pour la f\u00eate des grands-m\u00e8res\u00a0?\">Quel collier personnalis\u00e9 offrir pour la f\u00eate des grands-m\u00e8res\u00a0?<\/a><\/li><li class='ez-toc-page-1 ez-toc-heading-level-2'><a class=\"ez-toc-link ez-toc-heading-6\" href=\"https:\/\/www.marmottine.fr\/mag\/guides\/bijoux-personnalises\/choisir-selon-occasion\/pour-la-fete-des-grands-meres\/#Quel_message_graver_sur_un_bijou_personnalise_pour_la_fete_des_grands-meres\" title=\"Quel message graver sur un bijou personnalis\u00e9 pour la f\u00eate des grands-m\u00e8res\u00a0?\">Quel message graver sur un bijou personnalis\u00e9 pour la f\u00eate des grands-m\u00e8res\u00a0?<\/a><\/li><li class='ez-toc-page-1 ez-toc-heading-level-2'><a class=\"ez-toc-link ez-toc-heading-7\" href=\"https:\/\/www.marmottine.fr\/mag\/guides\/bijoux-personnalises\/choisir-selon-occasion\/pour-la-fete-des-grands-meres\/#Peut-on_offrir_un_bijou_grand-merepetite-fille_pour_la_fete_des_grands-meres\" title=\"Peut-on offrir un bijou grand-m\u00e8re\/petite-fille pour la f\u00eate des grands-m\u00e8res ?\">Peut-on offrir un bijou grand-m\u00e8re\/petite-fille pour la f\u00eate des grands-m\u00e8res ?<\/a><\/li><\/ul><\/li><\/ul><\/nav><\/div>\n\n<p>&nbsp;<\/p>\n<figure id=\"attachment_460\" aria-describedby=\"caption-attachment-460\" style=\"width: 800px\" class=\"wp-caption alignnone\"><img loading=\"lazy\" decoding=\"async\" class=\"size-full wp-image-460\" src=\"https:\/\/www.marmottine.fr\/mag\/wp-content\/uploads\/2024\/04\/collier-personnalise-grand-mere.jpg\" alt=\"Collier Mamie Petits Enfants\" width=\"800\" height=\"800\" srcset=\"https:\/\/www.marmottine.fr\/mag\/wp-content\/uploads\/2024\/04\/collier-personnalise-grand-mere.jpg 800w, https:\/\/www.marmottine.fr\/mag\/wp-content\/uploads\/2024\/04\/collier-personnalise-grand-mere-300x300.jpg 300w, https:\/\/www.marmottine.fr\/mag\/wp-content\/uploads\/2024\/04\/collier-personnalise-grand-mere-150x150.jpg 150w, https:\/\/www.marmottine.fr\/mag\/wp-content\/uploads\/2024\/04\/collier-personnalise-grand-mere-768x768.jpg 768w\" sizes=\"(max-width: 800px) 100vw, 800px\" \/><figcaption id=\"caption-attachment-460\" class=\"wp-caption-text\">Collier Mamie Petits Enfants<\/figcaption><\/figure>\n<p>La f\u00eate des grands-m\u00e8res est apparue depuis peu. Si cette f\u00eate a fait des d\u00e9buts timides, elle est d\u00e9sormais ancr\u00e9e dans l\u2019agenda et c\u2019est pour tous les petits-enfants de France <strong><a href=\"https:\/\/www.marmottine.fr\/mag\/guides\/bijoux-personnalises\/choisir-selon-occasion\">l\u2019occasion d\u2019offrir un bijou personnalis\u00e9<\/a><\/strong> \u00e0 leur mamie. Entre eux se tisse une relation privil\u00e9gi\u00e9e qu\u2019un bijou vient sublimer\u00a0! Car de toutes les id\u00e9es de cadeaux pour cette f\u00eate, le bijou personnalis\u00e9 est le plus indiqu\u00e9\u00a0! Que choisir entre un bracelet et un collier personnalis\u00e9 pour grand-m\u00e8re\u00a0? Que graver sur son bijou personnalis\u00e9\u00a0? On vous dit tout dans ce chapitre d\u00e9di\u00e9 \u00e0 cette f\u00eate si pr\u00e9cieuse\u00a0!<\/p>\n<h2><span class=\"ez-toc-section\" id=\"Quand_a_lieu_la_fete_des_grands-meres\"><\/span>Quand a lieu la f\u00eate des grands-m\u00e8res\u00a0?<span class=\"ez-toc-section-end\"><\/span><\/h2>\n<p>En France, la f\u00eate des grands-m\u00e8res a lieu chaque ann\u00e9e le <strong>premier dimanche du mois de mars<\/strong>. La premi\u00e8re \u00e9dition date de 1987 et c\u2019est une c\u00e9l\u00e8bre marque de caf\u00e9 qui en est \u00e0 l\u2019origine. C\u2019est donc une f\u00eate purement commerciale.<\/p>\n<p>Au fil des ann\u00e9es, cette f\u00eate s\u2019est impos\u00e9e dans les familles, devenant un rendez-vous annuel pour c\u00e9l\u00e9brer nos a\u00efeules. Car on leur doit beaucoup\u00a0! Qu\u2019on l\u2019appelle Mamie, M\u00e9m\u00e9, Bonne Maman ou Granny, la <strong>grand-m\u00e8re<\/strong> tient un r\u00f4le cl\u00e9 dans la lign\u00e9e. Sa relation avec ses petits-enfants est une relation privil\u00e9gi\u00e9e, o\u00f9 il n\u2019est plus question d\u2019\u00e9ducation mais de transmission et de plaisir. Voil\u00e0 pourquoi la f\u00eate des grands-m\u00e8res est une occasion unique de lui rendre hommage.<\/p>\n<h2><span class=\"ez-toc-section\" id=\"Pourquoi_le_bijou_personnalise_est_le_cadeau_ideal_pour_la_fete_des_grands-meres\"><\/span>Pourquoi le bijou personnalis\u00e9 est le cadeau id\u00e9al pour la f\u00eate des grands-m\u00e8res\u00a0?<span class=\"ez-toc-section-end\"><\/span><\/h2>\n<p>Les <strong>petits-enfants<\/strong> offrent un cadeau pour cette f\u00eate, le plus souvent un objet en rapport avec son statut de grand-m\u00e8re. Et le <strong>bijou personnalis\u00e9<\/strong> est le cadeau id\u00e9al\u00a0! Exit les fleurs (p\u00e9rissables), les chocolats (pas bon pour le cholest\u00e9rol), les mugs (ses placards en sont remplis). En revanche, le bijou personnalis\u00e9 est un ornement qu\u2019elle pourra porter fi\u00e8rement au bras ou autour du cou, en pensant \u00e0 sa descendance.<\/p>\n<p>Le <strong>bijou personnalis\u00e9<\/strong> est une mani\u00e8re de lui t\u00e9moigner notre amour en faisant graver un message personnel\u00a0: <em>notre mamie ch\u00e9rie, Mamounette, Tu brilles dans nos c\u0153urs<\/em>\u2026. Une grand-m\u00e8re \u00e0 la t\u00eate d\u2019une tribu sera combl\u00e9e par un bijou avec les pr\u00e9noms de tous ses petits-enfants. Dans tous les cas, on adaptera le bijou en fonction du nombre de pr\u00e9noms \u00e0 graver.<\/p>\n<h2><span class=\"ez-toc-section\" id=\"Quel_bracelet_personnalise_offrir_pour_la_fete_des_grands-meres\"><\/span>Quel bracelet personnalis\u00e9 offrir pour la f\u00eate des grands-m\u00e8res\u00a0?<span class=\"ez-toc-section-end\"><\/span><\/h2>\n<figure id=\"attachment_459\" aria-describedby=\"caption-attachment-459\" style=\"width: 800px\" class=\"wp-caption alignnone\"><img loading=\"lazy\" decoding=\"async\" class=\"size-full wp-image-459\" src=\"https:\/\/www.marmottine.fr\/mag\/wp-content\/uploads\/2024\/04\/2024-02-22.jpg\" alt=\"Bracelet Mamie\" width=\"800\" height=\"800\" srcset=\"https:\/\/www.marmottine.fr\/mag\/wp-content\/uploads\/2024\/04\/2024-02-22.jpg 800w, https:\/\/www.marmottine.fr\/mag\/wp-content\/uploads\/2024\/04\/2024-02-22-300x300.jpg 300w, https:\/\/www.marmottine.fr\/mag\/wp-content\/uploads\/2024\/04\/2024-02-22-150x150.jpg 150w, https:\/\/www.marmottine.fr\/mag\/wp-content\/uploads\/2024\/04\/2024-02-22-768x768.jpg 768w\" sizes=\"(max-width: 800px) 100vw, 800px\" \/><figcaption id=\"caption-attachment-459\" class=\"wp-caption-text\">Bracelet Mamie<\/figcaption><\/figure>\n<p>Dans cet optique, le bracelet personnalis\u00e9 est le bijou tout trouv\u00e9\u00a0! On le choisira selon des crit\u00e8res bien pr\u00e9cis. Le bracelet cordon arrive en t\u00eate des ventes pour cette f\u00eate car il a l\u2019avantage d\u2019\u00eatre r\u00e9glable et de convenir \u00e0 tous les poignets.<\/p>\n<ul>\n<li>Un <u>bracelet cordon avec une m\u00e9daille \u00e0 graver<\/u>: c\u2019est le cadeau le plus fr\u00e9quemment choisi. Il suffit de choisir sa couleur pr\u00e9f\u00e9r\u00e9e pour le cordon, une jolie typographie pour la gravure, et de graver les pr\u00e9noms de ses petits-enfants.<\/li>\n<li>Un <u>bracelet cordon avec des personnages en breloque<\/u>: chaque personnage correspond \u00e0 un de ses petits-enfants, sur lesquels on peut graver un pr\u00e9nom.<\/li>\n<li>Un <u>bracelet cha\u00eene avec une jolie m\u00e9daille<\/u> sur laquelle graver un message personnel. La cha\u00eene apporte une dimension plus joaillerie au bijou. Attention cependant \u00e0 v\u00e9rifier son tour de poignet pour que la longueur du bracelet convienne.<strong style=\"font-size: 16px;\">\u00a0<\/strong><\/li>\n<\/ul>\n<h2><span class=\"ez-toc-section\" id=\"Quel_collier_personnalise_offrir_pour_la_fete_des_grands-meres\"><\/span>Quel collier personnalis\u00e9 offrir pour la f\u00eate des grands-m\u00e8res\u00a0?<span class=\"ez-toc-section-end\"><\/span><\/h2>\n<p>Le collier est l\u2019autre id\u00e9e de cadeau personnalis\u00e9 id\u00e9al pour la f\u00eate des grands-m\u00e8res. Il convient \u00e0 toutes, pas besoin de taille et pas de risque que le bijou ne convienne pas. Le m\u00e9daillon peut \u00eatre plus ou moins grand en fonction de la tribu et du texte \u00e0 graver. On peut graver le recto et le verso, et si la personne cultive la discr\u00e9tion, on peut graver uniquement le dos du m\u00e9daillon pour que le message reste secret, uniquement port\u00e9 c\u00f4t\u00e9 peau.<\/p>\n<ul>\n<li><u>Le collier et sa m\u00e9daille \u00e0 graver<\/u>: simple et toujours efficace, l\u2019id\u00e9e est de graver les pr\u00e9noms de ses petits-enfants sur une m\u00eame m\u00e9daille, ou bien un message personnel de leur part.<\/li>\n<li><u>Le collier avec un pendentif repr\u00e9sentant ses petits-enfants<\/u>: LAFAMI propose des pendentifs \u00ab\u00a0bouquets d\u2019enfant\u00a0\u00bb de 1 \u00e0 4 petites silhouettes d\u00e9tach\u00e9es, de la plus petite \u00e0 la plus grande.<\/li>\n<li><u>Le collier avec des personnages en breloque<\/u>: imaginez une cha\u00eene \u00e9l\u00e9gante avec autant de breloques personnages que de petits-enfants. L\u2019int\u00e9r\u00eat d\u2019un tel collier est de le faire \u00e9voluer dans le temps et d\u2019ajouter des personnages au fil des naissances. Ce bijou est r\u00e9alis\u00e9 sur mesure.<\/li>\n<\/ul>\n<h2><span class=\"ez-toc-section\" id=\"Quel_message_graver_sur_un_bijou_personnalise_pour_la_fete_des_grands-meres\"><\/span>Quel message graver sur un bijou personnalis\u00e9 pour la f\u00eate des grands-m\u00e8res\u00a0?<span class=\"ez-toc-section-end\"><\/span><\/h2>\n<figure id=\"attachment_458\" aria-describedby=\"caption-attachment-458\" style=\"width: 800px\" class=\"wp-caption alignnone\"><img loading=\"lazy\" decoding=\"async\" class=\"size-full wp-image-458\" src=\"https:\/\/www.marmottine.fr\/mag\/wp-content\/uploads\/2024\/04\/2022-02-17-FETE-DES-GRANDS-MERES.jpg\" alt=\"Bracelet cordon Mamie\" width=\"800\" height=\"800\" srcset=\"https:\/\/www.marmottine.fr\/mag\/wp-content\/uploads\/2024\/04\/2022-02-17-FETE-DES-GRANDS-MERES.jpg 800w, https:\/\/www.marmottine.fr\/mag\/wp-content\/uploads\/2024\/04\/2022-02-17-FETE-DES-GRANDS-MERES-300x300.jpg 300w, https:\/\/www.marmottine.fr\/mag\/wp-content\/uploads\/2024\/04\/2022-02-17-FETE-DES-GRANDS-MERES-150x150.jpg 150w, https:\/\/www.marmottine.fr\/mag\/wp-content\/uploads\/2024\/04\/2022-02-17-FETE-DES-GRANDS-MERES-768x768.jpg 768w\" sizes=\"(max-width: 800px) 100vw, 800px\" \/><figcaption id=\"caption-attachment-458\" class=\"wp-caption-text\">Bracelet cordon Mamie<\/figcaption><\/figure>\n<p>A pr\u00e9sent, on peut tout graver sur un bijou personnalis\u00e9. Pour toucher votre mamie en plein c\u0153ur, n\u2019h\u00e9sitez pas \u00e0 utiliser les derni\u00e8res formes de personnalisation r\u00e9ellement \u00e9poustouflantes\u00a0! Des plus classiques aux plus originales, voici des id\u00e9es de gravure pour bijoux personnalis\u00e9s destin\u00e9s \u00e0 la f\u00eate des grands-m\u00e8res\u00a0:<\/p>\n<ul>\n<li>Graver un message\u00a0en rapport avec la relation privil\u00e9gi\u00e9e qui vous unit \u00e0 votre a\u00efeule<\/li>\n<li>Graver les pr\u00e9noms de ses petits-enfants<\/li>\n<li>Graver les empreintes de mains de ses petits-enfants (ou leurs empreintes de pied)<\/li>\n<li>Graver un ou plusieurs dessins de ses petits-enfants, dessin\u00e9s sp\u00e9cialement pour elle<\/li>\n<li>Graver l\u2019arbre g\u00e9n\u00e9alogique de sa descendance<\/li>\n<li>Graver une photo de ses petits-enfants selon la technique de la photogravure<\/li>\n<\/ul>\n<h2><span class=\"ez-toc-section\" id=\"Peut-on_offrir_un_bijou_grand-merepetite-fille_pour_la_fete_des_grands-meres\"><\/span>Peut-on offrir un bijou grand-m\u00e8re\/petite-fille pour la f\u00eate des grands-m\u00e8res ?<span class=\"ez-toc-section-end\"><\/span><\/h2>\n<p>C\u2019est la toute derni\u00e8re tendance rep\u00e9r\u00e9e en bijouterie qui m\u00e9rite qu\u2019on s\u2019y attarde\u00a0: dans la m\u00eame veine que le bijou maman\/fille, le bijou grand-m\u00e8re\/petite-fille a fait son apparition. Si la mamie n\u2019a qu\u2019un seul petit-enfant et que ce dernier est une fille, cela peut avoir du sens d\u2019offrir un tel bijou en cadeau pour la f\u00eate des grands-m\u00e8res. C\u2019est une jolie mani\u00e8re d\u2019associer sa petite-fille \u00e0 sa f\u00eate et de renforcer la complicit\u00e9 qui les unit.<\/p>\n<p>Ainsi, vous pourrez offrir un duo de bracelets identiques avec sur chacun un message s\u2019adressant \u00e0 l\u2019autre. Ce peut \u00eatre aussi un pendentif coup\u00e9 en deux, dont chacune porte une partie.<\/p>\n<p>Quel que soit l\u2019id\u00e9e retenue, le bijou personnalis\u00e9 pour la f\u00eate des grands-m\u00e8res est une riche id\u00e9e qui en comblera plus d\u2019une\u00a0!<\/p>\n","protected":false},"excerpt":{"rendered":"<p>Quels sont les bijoux personnalis\u00e9s pour la f\u00eate des grands-m\u00e8res ? &nbsp; La f\u00eate des grands-m\u00e8res est apparue depuis peu. [&hellip;]<\/p>\n","protected":false},"author":2,"featured_media":460,"parent":440,"menu_order":5,"comment_status":"closed","ping_status":"closed","template":"","meta":{"site-sidebar-layout":"default","site-content-layout":"","ast-site-content-layout":"default","site-content-style":"default","site-sidebar-style":"default","ast-global-header-display":"","ast-banner-title-visibility":"","ast-main-header-display":"","ast-hfb-above-header-display":"","ast-hfb-below-header-display":"","ast-hfb-mobile-header-display":"","site-post-title":"","ast-breadcrumbs-content":"","ast-featured-img":"","footer-sml-layout":"","theme-transparent-header-meta":"default","adv-header-id-meta":"","stick-header-meta":"","header-above-stick-meta":"","header-main-stick-meta":"","header-below-stick-meta":"","astra-migrate-meta-layouts":"set","ast-page-background-enabled":"default","ast-page-background-meta":{"desktop":{"background-color":"var(--ast-global-color-4)","background-image":"","background-repeat":"repeat","background-position":"center center","background-size":"auto","background-attachment":"scroll","background-type":"","background-media":"","overlay-type":"","overlay-color":"","overlay-gradient":""},"tablet":{"background-color":"","background-image":"","background-repeat":"repeat","background-position":"center center","background-size":"auto","background-attachment":"scroll","background-type":"","background-media":"","overlay-type":"","overlay-color":"","overlay-gradient":""},"mobile":{"background-color":"","background-image":"","background-repeat":"repeat","background-position":"center center","background-size":"auto","background-attachment":"scroll","background-type":"","background-media":"","overlay-type":"","overlay-color":"","overlay-gradient":""}},"ast-content-background-meta":{"desktop":{"background-color":"var(--ast-global-color-5)","background-image":"","background-repeat":"repeat","background-position":"center center","background-size":"auto","background-attachment":"scroll","background-type":"","background-media":"","overlay-type":"","overlay-color":"","overlay-gradient":""},"tablet":{"background-color":"var(--ast-global-color-5)","background-image":"","background-repeat":"repeat","background-position":"center center","background-size":"auto","background-attachment":"scroll","background-type":"","background-media":"","overlay-type":"","overlay-color":"","overlay-gradient":""},"mobile":{"background-color":"var(--ast-global-color-5)","background-image":"","background-repeat":"repeat","background-position":"center center","background-size":"auto","background-attachment":"scroll","background-type":"","background-media":"","overlay-type":"","overlay-color":"","overlay-gradient":""}},"footnotes":""},"aioseo_notices":[],"_links":{"self":[{"href":"https:\/\/www.marmottine.fr\/mag\/wp-json\/wp\/v2\/pages\/442"}],"collection":[{"href":"https:\/\/www.marmottine.fr\/mag\/wp-json\/wp\/v2\/pages"}],"about":[{"href":"https:\/\/www.marmottine.fr\/mag\/wp-json\/wp\/v2\/types\/page"}],"author":[{"embeddable":true,"href":"https:\/\/www.marmottine.fr\/mag\/wp-json\/wp\/v2\/users\/2"}],"replies":[{"embeddable":true,"href":"https:\/\/www.marmottine.fr\/mag\/wp-json\/wp\/v2\/comments?post=442"}],"version-history":[{"count":3,"href":"https:\/\/www.marmottine.fr\/mag\/wp-json\/wp\/v2\/pages\/442\/revisions"}],"predecessor-version":[{"id":570,"href":"https:\/\/www.marmottine.fr\/mag\/wp-json\/wp\/v2\/pages\/442\/revisions\/570"}],"up":[{"embeddable":true,"href":"https:\/\/www.marmottine.fr\/mag\/wp-json\/wp\/v2\/pages\/440"}],"wp:featuredmedia":[{"embeddable":true,"href":"https:\/\/www.marmottine.fr\/mag\/wp-json\/wp\/v2\/media\/460"}],"wp:attachment":[{"href":"https:\/\/www.marmottine.fr\/mag\/wp-json\/wp\/v2\/media?parent=442"}],"curies":[{"name":"wp","href":"https:\/\/api.w.org\/{rel}","templated":true}]}}