{"id":261,"date":"2024-04-09T12:10:55","date_gmt":"2024-04-09T10:10:55","guid":{"rendered":"https:\/\/www.marmottine.fr\/mag\/?page_id=261"},"modified":"2024-04-09T16:43:25","modified_gmt":"2024-04-09T14:43:25","slug":"religieux","status":"publish","type":"page","link":"https:\/\/www.marmottine.fr\/mag\/guides\/bijoux-personnalises\/types\/religieux","title":{"rendered":"Quels sont les types de bijoux personnalis\u00e9s religieux ?"},"content":{"rendered":"<h1><span class=\"ez-toc-section\" id=\"Quels_sont_les_types_de_bijoux_personnalises_religieux\"><\/span>Quels sont les types de bijoux personnalis\u00e9s religieux ?<span class=\"ez-toc-section-end\"><\/span><\/h1><div id=\"ez-toc-container\" class=\"ez-toc-v2_0_69_1 counter-hierarchy ez-toc-counter ez-toc-grey ez-toc-container-direction\">\n<div class=\"ez-toc-title-container\">\n<p class=\"ez-toc-title\" style=\"cursor:inherit\">Sommaire<\/p>\n<span class=\"ez-toc-title-toggle\"><a href=\"#\" class=\"ez-toc-pull-right ez-toc-btn ez-toc-btn-xs ez-toc-btn-default ez-toc-toggle\" aria-label=\"Toggle Table of Content\"><span class=\"ez-toc-js-icon-con\"><span class=\"\"><span class=\"eztoc-hide\" style=\"display:none;\">Toggle<\/span><span class=\"ez-toc-icon-toggle-span\"><svg style=\"fill: #999;color:#999\" xmlns=\"http:\/\/www.w3.org\/2000\/svg\" class=\"list-377408\" width=\"20px\" height=\"20px\" viewBox=\"0 0 24 24\" fill=\"none\"><path d=\"M6 6H4v2h2V6zm14 0H8v2h12V6zM4 11h2v2H4v-2zm16 0H8v2h12v-2zM4 16h2v2H4v-2zm16 0H8v2h12v-2z\" fill=\"currentColor\"><\/path><\/svg><svg style=\"fill: #999;color:#999\" class=\"arrow-unsorted-368013\" xmlns=\"http:\/\/www.w3.org\/2000\/svg\" width=\"10px\" height=\"10px\" viewBox=\"0 0 24 24\" version=\"1.2\" baseProfile=\"tiny\"><path d=\"M18.2 9.3l-6.2-6.3-6.2 6.3c-.2.2-.3.4-.3.7s.1.5.3.7c.2.2.4.3.7.3h11c.3 0 .5-.1.7-.3.2-.2.3-.5.3-.7s-.1-.5-.3-.7zM5.8 14.7l6.2 6.3 6.2-6.3c.2-.2.3-.5.3-.7s-.1-.5-.3-.7c-.2-.2-.4-.3-.7-.3h-11c-.3 0-.5.1-.7.3-.2.2-.3.5-.3.7s.1.5.3.7z\"\/><\/svg><\/span><\/span><\/span><\/a><\/span><\/div>\n<nav><ul class='ez-toc-list ez-toc-list-level-1 ' ><li class='ez-toc-page-1 ez-toc-heading-level-1'><a class=\"ez-toc-link ez-toc-heading-1\" href=\"https:\/\/www.marmottine.fr\/mag\/guides\/bijoux-personnalises\/types\/religieux\/#Quels_sont_les_types_de_bijoux_personnalises_religieux\" title=\"Quels sont les types de bijoux personnalis\u00e9s religieux ?\">Quels sont les types de bijoux personnalis\u00e9s religieux ?<\/a><ul class='ez-toc-list-level-2' ><li class='ez-toc-heading-level-2'><a class=\"ez-toc-link ez-toc-heading-2\" href=\"https:\/\/www.marmottine.fr\/mag\/guides\/bijoux-personnalises\/types\/religieux\/#Quest-ce_quun_bijou_personnalise_religieux\" title=\"Qu\u2019est-ce qu\u2019un bijou personnalis\u00e9 religieux ?\">Qu\u2019est-ce qu\u2019un bijou personnalis\u00e9 religieux ?<\/a><\/li><li class='ez-toc-page-1 ez-toc-heading-level-2'><a class=\"ez-toc-link ez-toc-heading-3\" href=\"https:\/\/www.marmottine.fr\/mag\/guides\/bijoux-personnalises\/types\/religieux\/#Quelles_religions_proposent_des_bijoux_personnalises\" title=\"Quelles religions proposent des bijoux personnalis\u00e9s ?\">Quelles religions proposent des bijoux personnalis\u00e9s ?<\/a><\/li><li class='ez-toc-page-1 ez-toc-heading-level-2'><a class=\"ez-toc-link ez-toc-heading-4\" href=\"https:\/\/www.marmottine.fr\/mag\/guides\/bijoux-personnalises\/types\/religieux\/#Les_bijoux_religieux_catholiques\" title=\"Les bijoux religieux catholiques\">Les bijoux religieux catholiques<\/a><\/li><li class='ez-toc-page-1 ez-toc-heading-level-2'><a class=\"ez-toc-link ez-toc-heading-5\" href=\"https:\/\/www.marmottine.fr\/mag\/guides\/bijoux-personnalises\/types\/religieux\/#Les_bijoux_religieux_modernes\" title=\"Les bijoux religieux modernes\">Les bijoux religieux modernes<\/a><\/li><li class='ez-toc-page-1 ez-toc-heading-level-2'><a class=\"ez-toc-link ez-toc-heading-6\" href=\"https:\/\/www.marmottine.fr\/mag\/guides\/bijoux-personnalises\/types\/religieux\/#Comment_personnaliser_un_bijou_religieux\" title=\"Comment personnaliser un bijou religieux ?\">Comment personnaliser un bijou religieux ?<\/a><\/li><li class='ez-toc-page-1 ez-toc-heading-level-2'><a class=\"ez-toc-link ez-toc-heading-7\" href=\"https:\/\/www.marmottine.fr\/mag\/guides\/bijoux-personnalises\/types\/religieux\/#Qui_offre_les_bijoux_personnalises_religieux\" title=\"Qui offre les bijoux personnalis\u00e9s religieux ?\">Qui offre les bijoux personnalis\u00e9s religieux ?<\/a><\/li><li class='ez-toc-page-1 ez-toc-heading-level-2'><a class=\"ez-toc-link ez-toc-heading-8\" href=\"https:\/\/www.marmottine.fr\/mag\/guides\/bijoux-personnalises\/types\/religieux\/#A_quelle_occasion_offrir_un_bijou_personnalise_religieux\" title=\"A quelle occasion offrir un bijou personnalis\u00e9 religieux\u00a0?\">A quelle occasion offrir un bijou personnalis\u00e9 religieux\u00a0?<\/a><\/li><\/ul><\/li><\/ul><\/nav><\/div>\n\n<figure id=\"attachment_379\" aria-describedby=\"caption-attachment-379\" style=\"width: 800px\" class=\"wp-caption alignnone\"><img loading=\"lazy\" decoding=\"async\" class=\"size-full wp-image-379\" src=\"https:\/\/www.marmottine.fr\/mag\/wp-content\/uploads\/2024\/03\/medaille-st-christophe.jpg\" alt=\"m\u00e9daille st christophe\" width=\"800\" height=\"800\" srcset=\"https:\/\/www.marmottine.fr\/mag\/wp-content\/uploads\/2024\/03\/medaille-st-christophe.jpg 800w, https:\/\/www.marmottine.fr\/mag\/wp-content\/uploads\/2024\/03\/medaille-st-christophe-300x300.jpg 300w, https:\/\/www.marmottine.fr\/mag\/wp-content\/uploads\/2024\/03\/medaille-st-christophe-150x150.jpg 150w, https:\/\/www.marmottine.fr\/mag\/wp-content\/uploads\/2024\/03\/medaille-st-christophe-768x768.jpg 768w\" sizes=\"(max-width: 800px) 100vw, 800px\" \/><figcaption id=\"caption-attachment-379\" class=\"wp-caption-text\">m\u00e9daille st christophe<\/figcaption><\/figure>\n<p>Les bijoux personnalis\u00e9s religieux occupent <strong><a href=\"https:\/\/www.marmottine.fr\/mag\/guides\/bijoux-personnalises\/types\">une place de choix parmi les diff\u00e9rents types de bijoux personnalis\u00e9s<\/a><\/strong>. Car ils touchent \u00e0 l\u2019intime, \u00e0 la foi de chacun, quelle que soit sa croyance. D\u2019ailleurs on les retrouve dans toutes les religions, sur tous les continents et depuis la nuit des temps. Religions monoth\u00e9istes, religions polyth\u00e9istes ou panth\u00e9isme, la foi s\u2019affiche discr\u00e8tement sur un bijou, en pendentif ou en bracelet. Le personnaliser est une mani\u00e8re d\u2019affirmer une part de sa personnalit\u00e9 profonde. Les <strong>bijoux personnalis\u00e9s religieux<\/strong> n\u2019\u00e9chappent pas aux modes. Ils se font modernes en adoptant les codes contemporains. On les offre en toutes occasions, qu\u2019elles soient religieuses ou pas.<\/p>\n<h2><span class=\"ez-toc-section\" id=\"Quest-ce_quun_bijou_personnalise_religieux\"><\/span>Qu\u2019est-ce qu\u2019un bijou personnalis\u00e9 religieux ?<span class=\"ez-toc-section-end\"><\/span><\/h2>\n<p>On nomme ainsi un bijou \u00e0 l\u2019effigie d\u2019une <u>figure ou d\u2019un symbole embl\u00e9matique d\u2019une religion<\/u>\u00a0que l\u2019on porte en signe d\u2019appartenance.<\/p>\n<ul>\n<li>Pour la <strong>religion catholique<\/strong>, il s\u2019agira par exemple d\u2019une m\u00e9daille avec une Vierge Marie ou le Christ.<\/li>\n<li>Pour la <strong>religion juive<\/strong>, un symbole fort comme l\u2019\u00e9toile de David ou le chandelier \u00e0 7 branches (Menorah).<\/li>\n<li>Pour l<strong>\u2019Islam<\/strong>, ce sera une main de Fatma ou une calligraphie.<\/li>\n<li>Pour le <strong>Bouddhisme<\/strong>, un pendentif repr\u00e9sentant un bouddha.<\/li>\n<\/ul>\n<p>Les bijoux religieux se sont progressivement mis \u00e0 la <u>mode des bijoux personnalis\u00e9s<\/u>, proposant de graver, au recto ou au verso, un texte important pour la personne \u00e0 qui ils sont destin\u00e9s. C\u2019est un double moyen d\u2019affirmer sa personnalit\u00e9\u00a0: en affichant sa foi, et en signant de mani\u00e8re ind\u00e9l\u00e9bile le bijou.<\/p>\n<h2><span class=\"ez-toc-section\" id=\"Quelles_religions_proposent_des_bijoux_personnalises\"><\/span>Quelles religions proposent des bijoux personnalis\u00e9s ?<span class=\"ez-toc-section-end\"><\/span><\/h2>\n<p>Toutes les religions s\u2019expriment au travers de bijoux, car c\u2019est une mani\u00e8re plus ou moins ostentatoire d\u2019afficher sa croyance et de porter un signe d\u2019appartenance, un peu comme un porte-bonheur ou un talisman. D\u00e8s lors, pour vraiment adopter le joyau, les diff\u00e9rentes religions ont petit \u00e0 petit introduit la personnalisation pour suivre l\u2019actualit\u00e9.<\/p>\n<p>On pense en premier \u00e0 la religion <u>catholique<\/u> et ses m\u00e9dailles de bapt\u00eame sur lesquelles on inscrit le pr\u00e9nom et la date de naissance, ou la date de l\u2019\u00e9v\u00e9nement religieux. Mais les autres religions proposent \u00e9galement des bijoux personnalis\u00e9s, \u00e0 commencer par les autres religions monoth\u00e9istes\u00a0: le <u>Juda\u00efsme <\/u>et l\u2019<u>Islam<\/u>. Quant au <u>Bouddhisme<\/u>, qui est avant tout une philosophie, il connait un tel succ\u00e8s en Occident que les nouveaux adeptes ont adopt\u00e9 ses bijoux (pendentif Buddha, bracelets joncs bouddhistes) et n\u2019h\u00e9sitent pas \u00e0 en personnaliser certains.<\/p>\n<h2><span class=\"ez-toc-section\" id=\"Les_bijoux_religieux_catholiques\"><\/span>Les bijoux religieux catholiques<span class=\"ez-toc-section-end\"><\/span><\/h2>\n<figure id=\"attachment_377\" aria-describedby=\"caption-attachment-377\" style=\"width: 800px\" class=\"wp-caption alignnone\"><img loading=\"lazy\" decoding=\"async\" class=\"size-full wp-image-377\" src=\"https:\/\/www.marmottine.fr\/mag\/wp-content\/uploads\/2024\/03\/medaille-croix-ajouree.jpg\" alt=\"m\u00e9daille croix ajour\u00e9e\" width=\"800\" height=\"800\" srcset=\"https:\/\/www.marmottine.fr\/mag\/wp-content\/uploads\/2024\/03\/medaille-croix-ajouree.jpg 800w, https:\/\/www.marmottine.fr\/mag\/wp-content\/uploads\/2024\/03\/medaille-croix-ajouree-300x300.jpg 300w, https:\/\/www.marmottine.fr\/mag\/wp-content\/uploads\/2024\/03\/medaille-croix-ajouree-150x150.jpg 150w, https:\/\/www.marmottine.fr\/mag\/wp-content\/uploads\/2024\/03\/medaille-croix-ajouree-768x768.jpg 768w\" sizes=\"(max-width: 800px) 100vw, 800px\" \/><figcaption id=\"caption-attachment-377\" class=\"wp-caption-text\">m\u00e9daille croix ajour\u00e9e<\/figcaption><\/figure>\n<p>La France \u00e9tant un pays jud\u00e9o-chr\u00e9tien, le bijou personnalis\u00e9 religieux catholique y est tr\u00e8s r\u00e9pandu depuis plusieurs d\u00e9cennies.\u00a0 Notons principalement\u00a0:<\/p>\n<ul>\n<li>La m\u00e9daille de bapt\u00eame\u00a0: g\u00e9n\u00e9ralement en or jaune 18 carats, d\u00e8s 14 mm de diam\u00e8tre, c\u2019est une m\u00e9daille ronde avec, au recto, une repr\u00e9sentation de la Vierge, du Christ ou d\u2019un Saint des Evangiles. Le verso est souvent lisse, laissant la place pour faire graver un message en souvenir de l\u2019\u00e9v\u00e9nement pour lequel la m\u00e9daille est offerte (un bapt\u00eame ou une communion)<\/li>\n<li>La croix chr\u00e9tienne\u00a0: c\u2019est le symbole de la religion catholique, qui repr\u00e9sente le Christ crucifi\u00e9 sur la croix. Simple et \u00e9pur\u00e9e, ou au contraire tr\u00e8s r\u00e9aliste et figurative, petite ou grande, l\u00e9g\u00e8re ou lourde, en argent ou en or, la croix est personnalisable au verso.<\/li>\n<\/ul>\n<h2><span class=\"ez-toc-section\" id=\"Les_bijoux_religieux_modernes\"><\/span>Les bijoux religieux modernes<span class=\"ez-toc-section-end\"><\/span><\/h2>\n<p>Les bijoux religieux suivent la mode, ce qui permet aux jeunes g\u00e9n\u00e9rations d\u2019afficher leur croyance sur des bijoux tendance, ancr\u00e9s dans leur \u00e9poque.<\/p>\n<p>Si les mod\u00e8les de base sont les m\u00eames (m\u00e9daille, croix, gourmette), la finition change pour plus de modernit\u00e9. De <u>nouveaux mat\u00e9riaux<\/u> apparaissent (bois, cuir). \u00a0Les dessins sont plus \u00e9pur\u00e9s et le graphisme plus contemporain. La <u>personnalisation se fait plus originale<\/u>\u00a0: typographies diff\u00e9rentes, gravure au recto (et non plus qu\u2019au verso). Certaines images traditionnelles sont compl\u00e8tement revisit\u00e9es (la m\u00e9daille miraculeuse se refait une beaut\u00e9, certaines repr\u00e9sentations de la Vierge s\u2019inspirent de tableaux contemporains).<\/p>\n<h2><span class=\"ez-toc-section\" id=\"Comment_personnaliser_un_bijou_religieux\"><\/span>Comment personnaliser un bijou religieux ?<span class=\"ez-toc-section-end\"><\/span><\/h2>\n<p>Il existe plusieurs mani\u00e8res de personnaliser un bijou religieux\u00a0:<\/p>\n<ul>\n<li>Modifier sa structure m\u00eame\u00a0: on peut choisir le m\u00e9tal (plaqu\u00e9 or, argent, or jaune, or blanc ou or rose), choisir le 9 carats ou le 18 carats, choisir la dimension et la taille de son bijou.<\/li>\n<li>Choisir une gravure\u00a0: de nos jours, il existe des centaines de typographies diff\u00e9rentes, il est m\u00eame possible de graver un symbole (une croix, un c\u0153ur, une \u00e9toile). Quant \u00e0 la gravure elle-m\u00eame, il est admis de graver ce que bon nous semble.<\/li>\n<\/ul>\n<h2><span class=\"ez-toc-section\" id=\"Qui_offre_les_bijoux_personnalises_religieux\"><\/span>Qui offre les bijoux personnalis\u00e9s religieux ?<span class=\"ez-toc-section-end\"><\/span><\/h2>\n<p>Les <strong>bijoux personnalis\u00e9s religieux<\/strong> sont g\u00e9n\u00e9ralement des cadeaux que l\u2019on offre \u00e0 l\u2019occasion de <strong>grandes f\u00eates religieuses<\/strong> comme le bapt\u00eame ou la communion. Parmi les cadeaux que re\u00e7oit l\u2019enfant, le bijou est g\u00e9n\u00e9ralement celui qui est offert par le parrain et la marraine, souvent en concertation avec les parents. L\u2019un comme l\u2019autre remplit un r\u00f4le important de guide spirituel pour l\u2019enfant, le bijou symbolise ce lien qui les unit pour la vie.<\/p>\n<p>L\u2019entourage peut \u00e9galement offrir un bijou personnalis\u00e9 (religieux ou pas) en compl\u00e9ment, pour marquer le coup. Les grands-parents, les oncles et tantes ne r\u00e9sistent pas \u00e0 la tentation d\u2019offrir un petit bijou personnalis\u00e9 avec la date de l\u2019\u00e9v\u00e9nement.<\/p>\n<h2><span class=\"ez-toc-section\" id=\"A_quelle_occasion_offrir_un_bijou_personnalise_religieux\"><\/span>A quelle occasion offrir un bijou personnalis\u00e9 religieux\u00a0?<span class=\"ez-toc-section-end\"><\/span><\/h2>\n<figure id=\"attachment_376\" aria-describedby=\"caption-attachment-376\" style=\"width: 800px\" class=\"wp-caption alignnone\"><img loading=\"lazy\" decoding=\"async\" class=\"size-full wp-image-376\" src=\"https:\/\/www.marmottine.fr\/mag\/wp-content\/uploads\/2024\/03\/medaille-Christ.jpg\" alt=\"m\u00e9daille Christ\" width=\"800\" height=\"800\" srcset=\"https:\/\/www.marmottine.fr\/mag\/wp-content\/uploads\/2024\/03\/medaille-Christ.jpg 800w, https:\/\/www.marmottine.fr\/mag\/wp-content\/uploads\/2024\/03\/medaille-Christ-300x300.jpg 300w, https:\/\/www.marmottine.fr\/mag\/wp-content\/uploads\/2024\/03\/medaille-Christ-150x150.jpg 150w, https:\/\/www.marmottine.fr\/mag\/wp-content\/uploads\/2024\/03\/medaille-Christ-768x768.jpg 768w\" sizes=\"(max-width: 800px) 100vw, 800px\" \/><figcaption id=\"caption-attachment-376\" class=\"wp-caption-text\">m\u00e9daille Christ<\/figcaption><\/figure>\n<p>En r\u00e9sum\u00e9, un bijou religieux peut s\u2019offrir en de multiples occasions\u00a0:<\/p>\n<ul>\n<li><u>Un \u00e9v\u00e9nement religieux<\/u>: dans toutes les religions, il existe des rituels, sortes de rites initiatiques, qui permettent de valider la foi et la spiritualit\u00e9 d\u2019un jeune. Cet \u00e9v\u00e9nement marque l\u2019entr\u00e9e officielle de l\u2019enfant dans la communaut\u00e9 religieuse \u00e0 laquelle il appartient.<\/li>\n<li><u>Une conversion religieuse<\/u>: \u00e0 tous \u00e2ges, des personnes se convertissent. D\u2019autres entrent dans les ordres. Ce sont autant de dates importantes dans la vie d\u2019un individu, d\u2019autant plus que ces d\u00e9cisions sont prises en leur \u00e2me et conscience et m\u00fbrement r\u00e9fl\u00e9chies, car elles conditionnent le reste de leur vie.<\/li>\n<li><u>Une manifestation de sa foi<\/u>: chez certaines personnes, la foi occupe une place importante dans leur vie quotidienne. Croyantes et pratiquantes, leur religion est un chemin qui les guide, qui fait partie int\u00e9grante de leur comportement et de leur mode de vie. Ces personnes appr\u00e9cieront de recevoir en cadeau un bijou religieux, d\u2019autant plus s\u2019il est personnalis\u00e9.<\/li>\n<\/ul>\n<p>&nbsp;<\/p>\n","protected":false},"excerpt":{"rendered":"<p>Quels sont les types de bijoux personnalis\u00e9s religieux ? Les bijoux personnalis\u00e9s religieux occupent une place de choix parmi les [&hellip;]<\/p>\n","protected":false},"author":2,"featured_media":379,"parent":247,"menu_order":2,"comment_status":"closed","ping_status":"closed","template":"","meta":{"site-sidebar-layout":"default","site-content-layout":"","ast-site-content-layout":"default","site-content-style":"default","site-sidebar-style":"default","ast-global-header-display":"","ast-banner-title-visibility":"","ast-main-header-display":"","ast-hfb-above-header-display":"","ast-hfb-below-header-display":"","ast-hfb-mobile-header-display":"","site-post-title":"","ast-breadcrumbs-content":"","ast-featured-img":"","footer-sml-layout":"","theme-transparent-header-meta":"default","adv-header-id-meta":"","stick-header-meta":"","header-above-stick-meta":"","header-main-stick-meta":"","header-below-stick-meta":"","astra-migrate-meta-layouts":"set","ast-page-background-enabled":"default","ast-page-background-meta":{"desktop":{"background-color":"var(--ast-global-color-4)","background-image":"","background-repeat":"repeat","background-position":"center center","background-size":"auto","background-attachment":"scroll","background-type":"","background-media":"","overlay-type":"","overlay-color":"","overlay-gradient":""},"tablet":{"background-color":"","background-image":"","background-repeat":"repeat","background-position":"center center","background-size":"auto","background-attachment":"scroll","background-type":"","background-media":"","overlay-type":"","overlay-color":"","overlay-gradient":""},"mobile":{"background-color":"","background-image":"","background-repeat":"repeat","background-position":"center center","background-size":"auto","background-attachment":"scroll","background-type":"","background-media":"","overlay-type":"","overlay-color":"","overlay-gradient":""}},"ast-content-background-meta":{"desktop":{"background-color":"var(--ast-global-color-5)","background-image":"","background-repeat":"repeat","background-position":"center center","background-size":"auto","background-attachment":"scroll","background-type":"","background-media":"","overlay-type":"","overlay-color":"","overlay-gradient":""},"tablet":{"background-color":"var(--ast-global-color-5)","background-image":"","background-repeat":"repeat","background-position":"center center","background-size":"auto","background-attachment":"scroll","background-type":"","background-media":"","overlay-type":"","overlay-color":"","overlay-gradient":""},"mobile":{"background-color":"var(--ast-global-color-5)","background-image":"","background-repeat":"repeat","background-position":"center center","background-size":"auto","background-attachment":"scroll","background-type":"","background-media":"","overlay-type":"","overlay-color":"","overlay-gradient":""}},"footnotes":""},"aioseo_notices":[],"_links":{"self":[{"href":"https:\/\/www.marmottine.fr\/mag\/wp-json\/wp\/v2\/pages\/261"}],"collection":[{"href":"https:\/\/www.marmottine.fr\/mag\/wp-json\/wp\/v2\/pages"}],"about":[{"href":"https:\/\/www.marmottine.fr\/mag\/wp-json\/wp\/v2\/types\/page"}],"author":[{"embeddable":true,"href":"https:\/\/www.marmottine.fr\/mag\/wp-json\/wp\/v2\/users\/2"}],"replies":[{"embeddable":true,"href":"https:\/\/www.marmottine.fr\/mag\/wp-json\/wp\/v2\/comments?post=261"}],"version-history":[{"count":4,"href":"https:\/\/www.marmottine.fr\/mag\/wp-json\/wp\/v2\/pages\/261\/revisions"}],"predecessor-version":[{"id":600,"href":"https:\/\/www.marmottine.fr\/mag\/wp-json\/wp\/v2\/pages\/261\/revisions\/600"}],"up":[{"embeddable":true,"href":"https:\/\/www.marmottine.fr\/mag\/wp-json\/wp\/v2\/pages\/247"}],"wp:featuredmedia":[{"embeddable":true,"href":"https:\/\/www.marmottine.fr\/mag\/wp-json\/wp\/v2\/media\/379"}],"wp:attachment":[{"href":"https:\/\/www.marmottine.fr\/mag\/wp-json\/wp\/v2\/media?parent=261"}],"curies":[{"name":"wp","href":"https:\/\/api.w.org\/{rel}","templated":true}]}}