{"id":259,"date":"2024-04-09T12:10:27","date_gmt":"2024-04-09T10:10:27","guid":{"rendered":"https:\/\/www.marmottine.fr\/mag\/?page_id=259"},"modified":"2024-04-09T16:42:50","modified_gmt":"2024-04-09T14:42:50","slug":"prenom","status":"publish","type":"page","link":"https:\/\/www.marmottine.fr\/mag\/guides\/bijoux-personnalises\/types\/prenom","title":{"rendered":"Quels sont les types de bijoux personnalis\u00e9s pr\u00e9nom ?"},"content":{"rendered":"<h1><span class=\"ez-toc-section\" id=\"Quels_sont_les_types_de_bijoux_personnalises_prenom\"><\/span>Quels sont les types de bijoux personnalis\u00e9s pr\u00e9nom\u00a0?<span class=\"ez-toc-section-end\"><\/span><\/h1><div id=\"ez-toc-container\" class=\"ez-toc-v2_0_69_1 counter-hierarchy ez-toc-counter ez-toc-grey ez-toc-container-direction\">\n<div class=\"ez-toc-title-container\">\n<p class=\"ez-toc-title\" style=\"cursor:inherit\">Sommaire<\/p>\n<span class=\"ez-toc-title-toggle\"><a href=\"#\" class=\"ez-toc-pull-right ez-toc-btn ez-toc-btn-xs ez-toc-btn-default ez-toc-toggle\" aria-label=\"Toggle Table of Content\"><span class=\"ez-toc-js-icon-con\"><span class=\"\"><span class=\"eztoc-hide\" style=\"display:none;\">Toggle<\/span><span class=\"ez-toc-icon-toggle-span\"><svg style=\"fill: #999;color:#999\" xmlns=\"http:\/\/www.w3.org\/2000\/svg\" class=\"list-377408\" width=\"20px\" height=\"20px\" viewBox=\"0 0 24 24\" fill=\"none\"><path d=\"M6 6H4v2h2V6zm14 0H8v2h12V6zM4 11h2v2H4v-2zm16 0H8v2h12v-2zM4 16h2v2H4v-2zm16 0H8v2h12v-2z\" fill=\"currentColor\"><\/path><\/svg><svg style=\"fill: #999;color:#999\" class=\"arrow-unsorted-368013\" xmlns=\"http:\/\/www.w3.org\/2000\/svg\" width=\"10px\" height=\"10px\" viewBox=\"0 0 24 24\" version=\"1.2\" baseProfile=\"tiny\"><path d=\"M18.2 9.3l-6.2-6.3-6.2 6.3c-.2.2-.3.4-.3.7s.1.5.3.7c.2.2.4.3.7.3h11c.3 0 .5-.1.7-.3.2-.2.3-.5.3-.7s-.1-.5-.3-.7zM5.8 14.7l6.2 6.3 6.2-6.3c.2-.2.3-.5.3-.7s-.1-.5-.3-.7c-.2-.2-.4-.3-.7-.3h-11c-.3 0-.5.1-.7.3-.2.2-.3.5-.3.7s.1.5.3.7z\"\/><\/svg><\/span><\/span><\/span><\/a><\/span><\/div>\n<nav><ul class='ez-toc-list ez-toc-list-level-1 ' ><li class='ez-toc-page-1 ez-toc-heading-level-1'><a class=\"ez-toc-link ez-toc-heading-1\" href=\"https:\/\/www.marmottine.fr\/mag\/guides\/bijoux-personnalises\/types\/prenom\/#Quels_sont_les_types_de_bijoux_personnalises_prenom\" title=\"Quels sont les types de bijoux personnalis\u00e9s pr\u00e9nom\u00a0?\">Quels sont les types de bijoux personnalis\u00e9s pr\u00e9nom\u00a0?<\/a><ul class='ez-toc-list-level-2' ><li class='ez-toc-heading-level-2'><a class=\"ez-toc-link ez-toc-heading-2\" href=\"https:\/\/www.marmottine.fr\/mag\/guides\/bijoux-personnalises\/types\/prenom\/#Comment_graver_un_bijou_avec_plusieurs_prenoms\" title=\"Comment graver un bijou avec plusieurs pr\u00e9noms ?\">Comment graver un bijou avec plusieurs pr\u00e9noms ?<\/a><\/li><li class='ez-toc-page-1 ez-toc-heading-level-2'><a class=\"ez-toc-link ez-toc-heading-3\" href=\"https:\/\/www.marmottine.fr\/mag\/guides\/bijoux-personnalises\/types\/prenom\/#Comment_bien_choisir_la_gravure_dun_bijou_prenom\" title=\"Comment bien choisir la gravure d\u2019un bijou pr\u00e9nom ?\">Comment bien choisir la gravure d\u2019un bijou pr\u00e9nom ?<\/a><\/li><li class='ez-toc-page-1 ez-toc-heading-level-2'><a class=\"ez-toc-link ez-toc-heading-4\" href=\"https:\/\/www.marmottine.fr\/mag\/guides\/bijoux-personnalises\/types\/prenom\/#Combien_de_prenoms_graver_sur_un_bijou_personnalise\" title=\"Combien de pr\u00e9noms graver sur un bijou personnalis\u00e9 ?\">Combien de pr\u00e9noms graver sur un bijou personnalis\u00e9 ?<\/a><\/li><li class='ez-toc-page-1 ez-toc-heading-level-2'><a class=\"ez-toc-link ez-toc-heading-5\" href=\"https:\/\/www.marmottine.fr\/mag\/guides\/bijoux-personnalises\/types\/prenom\/#Les_modeles_de_bijoux_sur_lesquels_on_peut_graver_un_prenom\" title=\"Les mod\u00e8les de bijoux sur lesquels on peut graver un pr\u00e9nom\">Les mod\u00e8les de bijoux sur lesquels on peut graver un pr\u00e9nom<\/a><\/li><li class='ez-toc-page-1 ez-toc-heading-level-2'><a class=\"ez-toc-link ez-toc-heading-6\" href=\"https:\/\/www.marmottine.fr\/mag\/guides\/bijoux-personnalises\/types\/prenom\/#Le_collier_personnalise_prenom\" title=\"Le collier personnalis\u00e9 pr\u00e9nom\">Le collier personnalis\u00e9 pr\u00e9nom<\/a><\/li><li class='ez-toc-page-1 ez-toc-heading-level-2'><a class=\"ez-toc-link ez-toc-heading-7\" href=\"https:\/\/www.marmottine.fr\/mag\/guides\/bijoux-personnalises\/types\/prenom\/#Le_bracelet_personnalise_prenom\" title=\"Le bracelet personnalis\u00e9 pr\u00e9nom\">Le bracelet personnalis\u00e9 pr\u00e9nom<\/a><\/li><li class='ez-toc-page-1 ez-toc-heading-level-2'><a class=\"ez-toc-link ez-toc-heading-8\" href=\"https:\/\/www.marmottine.fr\/mag\/guides\/bijoux-personnalises\/types\/prenom\/#Les_precautions_a_prendre_avant_de_commander_un_bijou_personnalise_prenom\" title=\"Les pr\u00e9cautions \u00e0 prendre avant de commander un bijou personnalis\u00e9 pr\u00e9nom\">Les pr\u00e9cautions \u00e0 prendre avant de commander un bijou personnalis\u00e9 pr\u00e9nom<\/a><\/li><\/ul><\/li><\/ul><\/nav><\/div>\n\n<figure id=\"attachment_369\" aria-describedby=\"caption-attachment-369\" style=\"width: 800px\" class=\"wp-caption alignnone\"><img loading=\"lazy\" decoding=\"async\" class=\"size-full wp-image-369\" src=\"https:\/\/www.marmottine.fr\/mag\/wp-content\/uploads\/2024\/03\/brac-chaine-enfant-PLO-PORT.jpg\" alt=\"bracelet pr\u00e9nom\" width=\"800\" height=\"800\" srcset=\"https:\/\/www.marmottine.fr\/mag\/wp-content\/uploads\/2024\/03\/brac-chaine-enfant-PLO-PORT.jpg 800w, https:\/\/www.marmottine.fr\/mag\/wp-content\/uploads\/2024\/03\/brac-chaine-enfant-PLO-PORT-300x300.jpg 300w, https:\/\/www.marmottine.fr\/mag\/wp-content\/uploads\/2024\/03\/brac-chaine-enfant-PLO-PORT-150x150.jpg 150w, https:\/\/www.marmottine.fr\/mag\/wp-content\/uploads\/2024\/03\/brac-chaine-enfant-PLO-PORT-768x768.jpg 768w\" sizes=\"(max-width: 800px) 100vw, 800px\" \/><figcaption id=\"caption-attachment-369\" class=\"wp-caption-text\">bracelet pr\u00e9nom<\/figcaption><\/figure>\n<p>Les <strong>bijoux personnalis\u00e9s pr\u00e9nom<\/strong> sont certainement <strong><a href=\"https:\/\/www.marmottine.fr\/mag\/guides\/bijoux-personnalises\/types\">les types de bijoux personnalis\u00e9s les plus demand\u00e9s<\/a><\/strong> car c\u2019est la premi\u00e8re forme de personnalisation \u00e0 laquelle on pense. Que ce soit pour une maman, un papa, une grand-m\u00e8re ou pour un enfant, porter un bijou personnalis\u00e9 avec son pr\u00e9nom ou le pr\u00e9nom de ses proches est devenu tr\u00e8s courant. Il existe <u>2 techniques principales<\/u> de bijoux personnalis\u00e9s pr\u00e9nom\u00a0:<\/p>\n<ol>\n<li>les pr\u00e9noms grav\u00e9s<\/li>\n<li>les pr\u00e9noms d\u00e9coup\u00e9s (ou ajour\u00e9s)<\/li>\n<\/ol>\n<p>On retrouve ensuite ces techniques sur toute forme de bijou personnalis\u00e9 (bague, collier, bracelet, boucles d\u2019oreilles\u2026). Les bijoux grav\u00e9s sont les plus classiques auxquels on pense en premier, car la gravure est une technique ancienne utilis\u00e9e depuis la nuit des temps. Les pr\u00e9noms ajour\u00e9s apportent beaucoup de nouveaut\u00e9 et de modernit\u00e9 et proposent des bijoux pr\u00e9noms originaux, en relief et tr\u00e8s contemporains.<\/p>\n<h2><span class=\"ez-toc-section\" id=\"Comment_graver_un_bijou_avec_plusieurs_prenoms\"><\/span>Comment graver un bijou avec plusieurs pr\u00e9noms ?<span class=\"ez-toc-section-end\"><\/span><\/h2>\n<p>La magie de la gravure est que vous pouvez graver toutes les lettres que vous voulez, dans la limite du nombre de caract\u00e8res impos\u00e9 par la taille du bijou. La plupart des bijoutiers proposent un large choix de <u>typographies<\/u>. Selon l\u2019\u00e9criture choisie, votre bijou aura un style compl\u00e8tement diff\u00e9rent\u00a0: romantique ou moderne, r\u00e9tro ou classique. S\u2019il s\u2019agit d\u2019un <strong>pr\u00e9nom compos\u00e9<\/strong>, pensez \u00e0 mettre un tiret entre les deux pr\u00e9noms. Si votre pr\u00e9nom est trop long, optez pour les initiales (Pr\u00e9nom Nom), c\u2019est un choix pratique qui vous \u00e9vite de graver trop petit au risque de rendre la gravure illisible.<\/p>\n<h2><span class=\"ez-toc-section\" id=\"Comment_bien_choisir_la_gravure_dun_bijou_prenom\"><\/span>Comment bien choisir la gravure d\u2019un bijou pr\u00e9nom ?<span class=\"ez-toc-section-end\"><\/span><\/h2>\n<p>Il existe 2 types de gravures\u00a0:<\/p>\n<ul>\n<li><strong>la gravure machine<\/strong> (au laser ou au diamant)<\/li>\n<li><strong>la gravure main<\/strong> (avec un stylo graveur)<\/li>\n<\/ul>\n<p>Les deux pr\u00e9sentent des avantages et des inconv\u00e9nients. La gravure machine est nette et pr\u00e9cise, elle se programme gr\u00e2ce un logiciel, ce qui permet de choisir la typo et la taille de la gravure de mani\u00e8re homoth\u00e9tique sur le bijou en fonction de sa dimension. Les logiciels de gravure proposent un large <u>choix d\u2019\u00e9critures<\/u>, ou de typographies, voire m\u00eame de symboles, permettant ainsi de laisser libre court \u00e0 l\u2019imagination.<\/p>\n<p>La gravure main est plus artisanale, moins industrielle. Effectu\u00e9e manuellement par un graveur, elle n\u2019a pas la pr\u00e9cision de la gravure machine. Mais elle pr\u00e9sente <u>l\u2019authenticit\u00e9 du fait main<\/u>, l\u2019imperfection de l\u2019artisanat, et ce <u>petit suppl\u00e9ment d\u2019\u00e2me<\/u> qui la rend touchante.<\/p>\n<h2><span class=\"ez-toc-section\" id=\"Combien_de_prenoms_graver_sur_un_bijou_personnalise\"><\/span>Combien de pr\u00e9noms graver sur un bijou personnalis\u00e9 ?<span class=\"ez-toc-section-end\"><\/span><\/h2>\n<p>Le choix vous appartient et tout d\u00e9pend de la personne \u00e0 qui le bijou est destin\u00e9\u00a0! Vous pouvez par exemple faire graver 2, 3 ou 4 pr\u00e9noms sur un collier. Si vous offrez un bijou personnalis\u00e9 \u00e0 une maman ou une grand-m\u00e8re, faites graver <u>les pr\u00e9noms de ses enfants<\/u> et <u>petits-enfants<\/u>, elle sera ravie\u00a0! Rien de compte plus pour une maman que sa prog\u00e9niture\u00a0!<\/p>\n<p>S\u2019il s\u2019agit d\u2019une grande tribu, pr\u00e9f\u00e9rez les bijoux avec une grande surface de gravure ou plusieurs pampilles diff\u00e9rentes, et n\u2019h\u00e9sitez pas \u00e0 graver au recto et au verso si le bijou vous le permet, afin d\u2019optimiser les surfaces et de graver tous les pr\u00e9noms de votre famille.<\/p>\n<p>Vous pouvez \u00e9galement opter pour ne <u>graver que les initiales des pr\u00e9noms<\/u>, un peu comme un message cod\u00e9, ou un message secret connu de vous seul.<\/p>\n<h2><span class=\"ez-toc-section\" id=\"Les_modeles_de_bijoux_sur_lesquels_on_peut_graver_un_prenom\"><\/span>Les mod\u00e8les de bijoux sur lesquels on peut graver un pr\u00e9nom<span class=\"ez-toc-section-end\"><\/span><\/h2>\n<p>Pratiquement tous les mod\u00e8les de bijoux se pr\u00eatent \u00e0 la personnalisation avec un ou plusieurs pr\u00e9noms\u00a0: bague, collier, bracelet, pendentif, m\u00e9daille, boucles d\u2019oreilles, m\u00eame les boutons de manchette\u00a0! La finesse de la gravure s\u2019adapte parfaitement aux toutes petites surfaces \u00e0 graver, et si l\u2019espace vous fait d\u00e9faut, vous pouvez ne graver qu\u2019une <u>initiale en majuscule<\/u>, dans une typographie anglaise pour un look romantique ou classique pour un r\u00e9sultat tr\u00e8s contemporain. Par exemple, vous pourrez graver un pr\u00e9nom entier sur un bracelet avec une m\u00e9daille de 18 mm de diam\u00e8tre, et simplement une lettre sur une boucle d\u2019oreille de 7 mm.<\/p>\n<h2><span class=\"ez-toc-section\" id=\"Le_collier_personnalise_prenom\"><\/span>Le collier personnalis\u00e9 pr\u00e9nom<span class=\"ez-toc-section-end\"><\/span><\/h2>\n<figure id=\"attachment_370\" aria-describedby=\"caption-attachment-370\" style=\"width: 800px\" class=\"wp-caption alignnone\"><img loading=\"lazy\" decoding=\"async\" class=\"size-full wp-image-370\" src=\"https:\/\/www.marmottine.fr\/mag\/wp-content\/uploads\/2024\/03\/G1050-PORTE.jpg\" alt=\"collier pr\u00e9nom personnalis\u00e9\" width=\"800\" height=\"800\" srcset=\"https:\/\/www.marmottine.fr\/mag\/wp-content\/uploads\/2024\/03\/G1050-PORTE.jpg 800w, https:\/\/www.marmottine.fr\/mag\/wp-content\/uploads\/2024\/03\/G1050-PORTE-300x300.jpg 300w, https:\/\/www.marmottine.fr\/mag\/wp-content\/uploads\/2024\/03\/G1050-PORTE-150x150.jpg 150w, https:\/\/www.marmottine.fr\/mag\/wp-content\/uploads\/2024\/03\/G1050-PORTE-768x768.jpg 768w\" sizes=\"(max-width: 800px) 100vw, 800px\" \/><figcaption id=\"caption-attachment-370\" class=\"wp-caption-text\">collier pr\u00e9nom personnalis\u00e9<\/figcaption><\/figure>\n<p>Les <strong>colliers pr\u00e9noms<\/strong> sont tr\u00e8s \u00e0 la mode. Tr\u00e8s populaires dans les ann\u00e9es 70-80, ils reviennent en force dans les collections de bijoux personnalis\u00e9s. Contrairement aux bijoux personnalis\u00e9s grav\u00e9s, il ne s\u2019agit pas de gravure mais <u>ce sont les pr\u00e9noms qui forment le bijou<\/u>\u00a0: les lettres qui composent le pr\u00e9nom sont pos\u00e9es les unes \u00e0 c\u00f4t\u00e9 des autres.<\/p>\n<p><strong>Plusieurs techniques<\/strong> permettent d\u2019obtenir ce r\u00e9sultat\u00a0: la <u>fonte \u00e0 la cire perdue<\/u>, la <u>d\u00e9coupe laser<\/u>, ou la <u>soudure<\/u>. Le pr\u00e9nom est ensuite mont\u00e9 sur une cha\u00eene fine de 40 \u00e0 42 cm pour le porter en ras de cou. Tous les pr\u00e9noms conviennent \u00e0 ce type de collier, qu\u2019ils soient courts ou longs. S\u2019il s\u2019agit d\u2019un pr\u00e9nom compos\u00e9, on ajoutera un tiret entre les deux parties. Contrairement aux mod\u00e8les grav\u00e9s, les colliers pr\u00e9noms proposent un seul mot (ou un mot compos\u00e9). Mais ce genre de collier pr\u00e9sente d\u2019autres variantes int\u00e9ressantes comme l\u2019ajout d\u2019une pierre pr\u00e9cieuse ou d\u2019une pierre fine sur une lettre\u00a0: un petit c\u00f4t\u00e9 glitter qui pla\u00eet aux filles\u00a0!<\/p>\n<h2><span class=\"ez-toc-section\" id=\"Le_bracelet_personnalise_prenom\"><\/span>Le bracelet personnalis\u00e9 pr\u00e9nom<span class=\"ez-toc-section-end\"><\/span><\/h2>\n<figure id=\"attachment_368\" aria-describedby=\"caption-attachment-368\" style=\"width: 800px\" class=\"wp-caption alignnone\"><img loading=\"lazy\" decoding=\"async\" class=\"size-full wp-image-368\" src=\"https:\/\/www.marmottine.fr\/mag\/wp-content\/uploads\/2024\/03\/adam.jpg\" alt=\"bracelet pr\u00e9nom fil\" width=\"800\" height=\"800\" srcset=\"https:\/\/www.marmottine.fr\/mag\/wp-content\/uploads\/2024\/03\/adam.jpg 800w, https:\/\/www.marmottine.fr\/mag\/wp-content\/uploads\/2024\/03\/adam-300x300.jpg 300w, https:\/\/www.marmottine.fr\/mag\/wp-content\/uploads\/2024\/03\/adam-150x150.jpg 150w, https:\/\/www.marmottine.fr\/mag\/wp-content\/uploads\/2024\/03\/adam-768x768.jpg 768w\" sizes=\"(max-width: 800px) 100vw, 800px\" \/><figcaption id=\"caption-attachment-368\" class=\"wp-caption-text\">bracelet pr\u00e9nom fil<\/figcaption><\/figure>\n<p>Le <strong>bracelet pr\u00e9nom<\/strong> est certainement le bijou personnalis\u00e9 le plus facile \u00e0 offrir et \u00e0 porter. Le march\u00e9 offre un choix incroyable de formes, de mati\u00e8res et de couleurs qui s\u2019adressent \u00e0 tous, femmes, hommes et enfants. Pr\u00e9nom grav\u00e9 ou pr\u00e9nom ajour\u00e9, sur cha\u00eene ou sur cordon, voire m\u00eame sur tissu Liberty, le bracelet pr\u00e9nom se porte avec une facilit\u00e9 d\u00e9concertante\u00a0!<\/p>\n<p>Pour les enfants, c\u2019est une <strong>id\u00e9e de cadeau<\/strong> classique \u00e0 offrir d\u00e8s le berceau. Les ados appr\u00e9cieront un bracelet pr\u00e9nom original dans la forme, quant aux adultes, ils ont tous adopt\u00e9 ce bijou intemporel, lointain cousin de la gourmette traditionnelle, qui se glisse au poignet comme un porte-bonheur.<\/p>\n<h2><span class=\"ez-toc-section\" id=\"Les_precautions_a_prendre_avant_de_commander_un_bijou_personnalise_prenom\"><\/span>Les pr\u00e9cautions \u00e0 prendre avant de commander un bijou personnalis\u00e9 pr\u00e9nom<span class=\"ez-toc-section-end\"><\/span><\/h2>\n<p>Que ce soit pour vous ou pour offrir, commander ce type de bijou ne s\u2019improvise pas. <u>Quelques pr\u00e9cautions<\/u> s\u2019imposent\u00a0:<\/p>\n<ul>\n<li><u>V\u00e9rifiez l\u2019orthographe<\/u> du pr\u00e9nom\u00a0: de plus en plus de personnes choisissent des pr\u00e9noms originaux, voire farfelus avec des doubles lettres, des accents, des tirets (ou pas)\u2026 assurez-vous de bien orthographier le pr\u00e9nom sur le bijou que vous commandez\u00a0!<\/li>\n<li><u>Choisissez une couleur<\/u> qui s\u2019harmoniera avec vos autres bijoux (ou ceux de la personne \u00e0 qui vous l\u2019offrez)\u00a0: argent\u00e9 ou dor\u00e9\u00a0? Evitez de m\u00e9langer les deux\u2026<\/li>\n<li><u>Choisissez une mati\u00e8re<\/u> \u00e0 laquelle vous n\u2019\u00eates pas allergique\u00a0: l\u2019or est votre meilleur alli\u00e9\u00a0! On trouve des bijoux personnalis\u00e9s pr\u00e9noms dans toutes les mati\u00e8res (plaqu\u00e9 or, argent, or jaune, or blanc, or rose, et m\u00eame en acier ou en bois). Renseignez-vous sur les \u00e9ventuelles r\u00e9actions dermatologiques que peuvent pr\u00e9senter certaines personnes.<\/li>\n<\/ul>\n","protected":false},"excerpt":{"rendered":"<p>Quels sont les types de bijoux personnalis\u00e9s pr\u00e9nom\u00a0? Les bijoux personnalis\u00e9s pr\u00e9nom sont certainement les types de bijoux personnalis\u00e9s les [&hellip;]<\/p>\n","protected":false},"author":2,"featured_media":369,"parent":247,"menu_order":1,"comment_status":"closed","ping_status":"closed","template":"","meta":{"site-sidebar-layout":"default","site-content-layout":"","ast-site-content-layout":"default","site-content-style":"default","site-sidebar-style":"default","ast-global-header-display":"","ast-banner-title-visibility":"","ast-main-header-display":"","ast-hfb-above-header-display":"","ast-hfb-below-header-display":"","ast-hfb-mobile-header-display":"","site-post-title":"","ast-breadcrumbs-content":"","ast-featured-img":"","footer-sml-layout":"","theme-transparent-header-meta":"default","adv-header-id-meta":"","stick-header-meta":"","header-above-stick-meta":"","header-main-stick-meta":"","header-below-stick-meta":"","astra-migrate-meta-layouts":"set","ast-page-background-enabled":"default","ast-page-background-meta":{"desktop":{"background-color":"var(--ast-global-color-4)","background-image":"","background-repeat":"repeat","background-position":"center center","background-size":"auto","background-attachment":"scroll","background-type":"","background-media":"","overlay-type":"","overlay-color":"","overlay-gradient":""},"tablet":{"background-color":"","background-image":"","background-repeat":"repeat","background-position":"center center","background-size":"auto","background-attachment":"scroll","background-type":"","background-media":"","overlay-type":"","overlay-color":"","overlay-gradient":""},"mobile":{"background-color":"","background-image":"","background-repeat":"repeat","background-position":"center center","background-size":"auto","background-attachment":"scroll","background-type":"","background-media":"","overlay-type":"","overlay-color":"","overlay-gradient":""}},"ast-content-background-meta":{"desktop":{"background-color":"var(--ast-global-color-5)","background-image":"","background-repeat":"repeat","background-position":"center center","background-size":"auto","background-attachment":"scroll","background-type":"","background-media":"","overlay-type":"","overlay-color":"","overlay-gradient":""},"tablet":{"background-color":"var(--ast-global-color-5)","background-image":"","background-repeat":"repeat","background-position":"center center","background-size":"auto","background-attachment":"scroll","background-type":"","background-media":"","overlay-type":"","overlay-color":"","overlay-gradient":""},"mobile":{"background-color":"var(--ast-global-color-5)","background-image":"","background-repeat":"repeat","background-position":"center center","background-size":"auto","background-attachment":"scroll","background-type":"","background-media":"","overlay-type":"","overlay-color":"","overlay-gradient":""}},"footnotes":""},"aioseo_notices":[],"_links":{"self":[{"href":"https:\/\/www.marmottine.fr\/mag\/wp-json\/wp\/v2\/pages\/259"}],"collection":[{"href":"https:\/\/www.marmottine.fr\/mag\/wp-json\/wp\/v2\/pages"}],"about":[{"href":"https:\/\/www.marmottine.fr\/mag\/wp-json\/wp\/v2\/types\/page"}],"author":[{"embeddable":true,"href":"https:\/\/www.marmottine.fr\/mag\/wp-json\/wp\/v2\/users\/2"}],"replies":[{"embeddable":true,"href":"https:\/\/www.marmottine.fr\/mag\/wp-json\/wp\/v2\/comments?post=259"}],"version-history":[{"count":3,"href":"https:\/\/www.marmottine.fr\/mag\/wp-json\/wp\/v2\/pages\/259\/revisions"}],"predecessor-version":[{"id":599,"href":"https:\/\/www.marmottine.fr\/mag\/wp-json\/wp\/v2\/pages\/259\/revisions\/599"}],"up":[{"embeddable":true,"href":"https:\/\/www.marmottine.fr\/mag\/wp-json\/wp\/v2\/pages\/247"}],"wp:featuredmedia":[{"embeddable":true,"href":"https:\/\/www.marmottine.fr\/mag\/wp-json\/wp\/v2\/media\/369"}],"wp:attachment":[{"href":"https:\/\/www.marmottine.fr\/mag\/wp-json\/wp\/v2\/media?parent=259"}],"curies":[{"name":"wp","href":"https:\/\/api.w.org\/{rel}","templated":true}]}}