{"id":255,"date":"2024-04-09T12:13:07","date_gmt":"2024-04-09T10:13:07","guid":{"rendered":"https:\/\/www.marmottine.fr\/mag\/?page_id=255"},"modified":"2024-04-09T16:45:46","modified_gmt":"2024-04-09T14:45:46","slug":"initiales","status":"publish","type":"page","link":"https:\/\/www.marmottine.fr\/mag\/guides\/bijoux-personnalises\/types\/initiales","title":{"rendered":"Quels sont les types de bijoux personnalis\u00e9s initiales ?"},"content":{"rendered":"<h1><span class=\"ez-toc-section\" id=\"Quels_sont_les_types_de_bijoux_personnalises_initiales\"><\/span>Quels sont les types de bijoux personnalis\u00e9s initiales ?<span class=\"ez-toc-section-end\"><\/span><\/h1><div id=\"ez-toc-container\" class=\"ez-toc-v2_0_69_1 counter-hierarchy ez-toc-counter ez-toc-grey ez-toc-container-direction\">\n<div class=\"ez-toc-title-container\">\n<p class=\"ez-toc-title\" style=\"cursor:inherit\">Sommaire<\/p>\n<span class=\"ez-toc-title-toggle\"><a href=\"#\" class=\"ez-toc-pull-right ez-toc-btn ez-toc-btn-xs ez-toc-btn-default ez-toc-toggle\" aria-label=\"Toggle Table of Content\"><span class=\"ez-toc-js-icon-con\"><span class=\"\"><span class=\"eztoc-hide\" style=\"display:none;\">Toggle<\/span><span class=\"ez-toc-icon-toggle-span\"><svg style=\"fill: #999;color:#999\" xmlns=\"http:\/\/www.w3.org\/2000\/svg\" class=\"list-377408\" width=\"20px\" height=\"20px\" viewBox=\"0 0 24 24\" fill=\"none\"><path d=\"M6 6H4v2h2V6zm14 0H8v2h12V6zM4 11h2v2H4v-2zm16 0H8v2h12v-2zM4 16h2v2H4v-2zm16 0H8v2h12v-2z\" fill=\"currentColor\"><\/path><\/svg><svg style=\"fill: #999;color:#999\" class=\"arrow-unsorted-368013\" xmlns=\"http:\/\/www.w3.org\/2000\/svg\" width=\"10px\" height=\"10px\" viewBox=\"0 0 24 24\" version=\"1.2\" baseProfile=\"tiny\"><path d=\"M18.2 9.3l-6.2-6.3-6.2 6.3c-.2.2-.3.4-.3.7s.1.5.3.7c.2.2.4.3.7.3h11c.3 0 .5-.1.7-.3.2-.2.3-.5.3-.7s-.1-.5-.3-.7zM5.8 14.7l6.2 6.3 6.2-6.3c.2-.2.3-.5.3-.7s-.1-.5-.3-.7c-.2-.2-.4-.3-.7-.3h-11c-.3 0-.5.1-.7.3-.2.2-.3.5-.3.7s.1.5.3.7z\"\/><\/svg><\/span><\/span><\/span><\/a><\/span><\/div>\n<nav><ul class='ez-toc-list ez-toc-list-level-1 ' ><li class='ez-toc-page-1 ez-toc-heading-level-1'><a class=\"ez-toc-link ez-toc-heading-1\" href=\"https:\/\/www.marmottine.fr\/mag\/guides\/bijoux-personnalises\/types\/initiales\/#Quels_sont_les_types_de_bijoux_personnalises_initiales\" title=\"Quels sont les types de bijoux personnalis\u00e9s initiales ?\">Quels sont les types de bijoux personnalis\u00e9s initiales ?<\/a><ul class='ez-toc-list-level-2' ><li class='ez-toc-heading-level-2'><a class=\"ez-toc-link ez-toc-heading-2\" href=\"https:\/\/www.marmottine.fr\/mag\/guides\/bijoux-personnalises\/types\/initiales\/#Qui_peut_porter_un_bijou_lettre_et_initiale\" title=\"Qui peut porter un bijou lettre et initiale ?\">Qui peut porter un bijou lettre et initiale ?<\/a><\/li><li class='ez-toc-page-1 ez-toc-heading-level-2'><a class=\"ez-toc-link ez-toc-heading-3\" href=\"https:\/\/www.marmottine.fr\/mag\/guides\/bijoux-personnalises\/types\/initiales\/#Bien_choisir_son_collier_avec_initiale\" title=\"Bien choisir son collier avec initiale\">Bien choisir son collier avec initiale<\/a><\/li><li class='ez-toc-page-1 ez-toc-heading-level-2'><a class=\"ez-toc-link ez-toc-heading-4\" href=\"https:\/\/www.marmottine.fr\/mag\/guides\/bijoux-personnalises\/types\/initiales\/#Le_pendentif_avec_des_initiales_entrelacees\" title=\"Le pendentif avec des initiales entrelac\u00e9es\">Le pendentif avec des initiales entrelac\u00e9es<\/a><\/li><li class='ez-toc-page-1 ez-toc-heading-level-2'><a class=\"ez-toc-link ez-toc-heading-5\" href=\"https:\/\/www.marmottine.fr\/mag\/guides\/bijoux-personnalises\/types\/initiales\/#La_bague_personnalisee_avec_initiale\" title=\"La bague personnalis\u00e9e avec initiale\">La bague personnalis\u00e9e avec initiale<\/a><\/li><li class='ez-toc-page-1 ez-toc-heading-level-2'><a class=\"ez-toc-link ez-toc-heading-6\" href=\"https:\/\/www.marmottine.fr\/mag\/guides\/bijoux-personnalises\/types\/initiales\/#Le_bracelet_avec_initiale_pour_homme\" title=\"Le bracelet avec initiale pour homme\">Le bracelet avec initiale pour homme<\/a><\/li><li class='ez-toc-page-1 ez-toc-heading-level-2'><a class=\"ez-toc-link ez-toc-heading-7\" href=\"https:\/\/www.marmottine.fr\/mag\/guides\/bijoux-personnalises\/types\/initiales\/#Le_collier_initiale_pas_cher\" title=\"Le collier initiale pas cher\">Le collier initiale pas cher<\/a><\/li><li class='ez-toc-page-1 ez-toc-heading-level-2'><a class=\"ez-toc-link ez-toc-heading-8\" href=\"https:\/\/www.marmottine.fr\/mag\/guides\/bijoux-personnalises\/types\/initiales\/#Le_collier_initiale_en_or_18_carats\" title=\"Le collier initiale en or 18 carats\">Le collier initiale en or 18 carats<\/a><\/li><\/ul><\/li><\/ul><\/nav><\/div>\n\n<figure id=\"attachment_401\" aria-describedby=\"caption-attachment-401\" style=\"width: 800px\" class=\"wp-caption alignnone\"><img loading=\"lazy\" decoding=\"async\" class=\"size-full wp-image-401\" src=\"https:\/\/www.marmottine.fr\/mag\/wp-content\/uploads\/2024\/03\/bracelet-bebe-initiale-1.jpg\" alt=\"bracelet b\u00e9b\u00e9 initiale\" width=\"800\" height=\"800\" srcset=\"https:\/\/www.marmottine.fr\/mag\/wp-content\/uploads\/2024\/03\/bracelet-bebe-initiale-1.jpg 800w, https:\/\/www.marmottine.fr\/mag\/wp-content\/uploads\/2024\/03\/bracelet-bebe-initiale-1-300x300.jpg 300w, https:\/\/www.marmottine.fr\/mag\/wp-content\/uploads\/2024\/03\/bracelet-bebe-initiale-1-150x150.jpg 150w, https:\/\/www.marmottine.fr\/mag\/wp-content\/uploads\/2024\/03\/bracelet-bebe-initiale-1-768x768.jpg 768w\" sizes=\"(max-width: 800px) 100vw, 800px\" \/><figcaption id=\"caption-attachment-401\" class=\"wp-caption-text\">bracelet b\u00e9b\u00e9 initiale<\/figcaption><\/figure>\n<p>Parmi <strong><a href=\"https:\/\/www.marmottine.fr\/mag\/guides\/bijoux-personnalises\/types\">les types de bijoux personnalis\u00e9s<\/a><\/strong>, les bijoux \u00e0 lettres et initiales ont le vent en poupe. Fins et discrets, ils surfent sur la vague du minimalisme qui d\u00e9ferle sur la bijouterie joaillerie. Porter l\u2019initiale de son pr\u00e9nom ou de son patronyme est une mani\u00e8re originale de se distinguer et d\u2019affirmer sa personnalit\u00e9. De plus, selon la typographie choisie, votre lettre aura un look tr\u00e8s diff\u00e9rent\u00a0: romantique, classique ou carr\u00e9ment rock\u2019n\u2019roll\u00a0! Historiquement, le <strong>bijou personnalis\u00e9 avec initiale<\/strong> par excellence est la <u>chevali\u00e8re<\/u>, cette bague embl\u00e9matique dont le plateau est orn\u00e9 des initiales de son porteur, soit en lettres soud\u00e9es, soit en lettres grav\u00e9es. Mais on retrouve cette signature \u00e9l\u00e9gante sur des bracelets, des boutons de manchettes, des pendentifs et des colliers.<\/p>\n<h2><span class=\"ez-toc-section\" id=\"Qui_peut_porter_un_bijou_lettre_et_initiale\"><\/span>Qui peut porter un bijou lettre et initiale ?<span class=\"ez-toc-section-end\"><\/span><\/h2>\n<p>Cette tendance des <strong>bijoux personnalis\u00e9s initiales<\/strong> concerne les adultes comme les enfants.<\/p>\n<p>Chez un <u>homme<\/u>, il s\u2019agira le plus souvent d\u2019une chevali\u00e8re en argent ou en or avec ses initiales sur le plateau, mais on remarque cette mode sur des bracelets, avec les initiales de monsieur grav\u00e9es sur une plaque ou sur le fermoir.<\/p>\n<p>Chez <u>l\u2019enfant<\/u>, les initiales s\u2019imposent de plus en plus sur les bijoux qui leur sont d\u00e9di\u00e9s comme la gourmette ou la m\u00e9daille. M\u00e9daille avec initiale que l\u2019on offre \u00e0 la naissance, chevali\u00e8re enfant avec initiale que l\u2019on offre pour un anniversaire ou bien collier initiale tendance pour un ado, le bijou avec lettre s\u2019impose petit \u00e0 petit dans les bijoux pour enfant.<\/p>\n<p>Les <u>femmes<\/u> quant \u00e0 elles, souvent pr\u00e9curseurs de modes, n\u2019ont pas h\u00e9sit\u00e9 \u00e0 introduire des pendentifs, breloques, charms et autres pampilles sur tous types de bijou. Le plus connu \u00e9tant le collier avec initiale.<\/p>\n<h2><span class=\"ez-toc-section\" id=\"Bien_choisir_son_collier_avec_initiale\"><\/span>Bien choisir son collier avec initiale<span class=\"ez-toc-section-end\"><\/span><\/h2>\n<figure id=\"attachment_402\" aria-describedby=\"caption-attachment-402\" style=\"width: 800px\" class=\"wp-caption alignnone\"><img loading=\"lazy\" decoding=\"async\" class=\"size-full wp-image-402\" src=\"https:\/\/www.marmottine.fr\/mag\/wp-content\/uploads\/2024\/03\/collier-initiale-personnalise.jpg\" alt=\"collier initiale personnalis\u00e9\" width=\"800\" height=\"800\" srcset=\"https:\/\/www.marmottine.fr\/mag\/wp-content\/uploads\/2024\/03\/collier-initiale-personnalise.jpg 800w, https:\/\/www.marmottine.fr\/mag\/wp-content\/uploads\/2024\/03\/collier-initiale-personnalise-300x300.jpg 300w, https:\/\/www.marmottine.fr\/mag\/wp-content\/uploads\/2024\/03\/collier-initiale-personnalise-150x150.jpg 150w, https:\/\/www.marmottine.fr\/mag\/wp-content\/uploads\/2024\/03\/collier-initiale-personnalise-768x768.jpg 768w\" sizes=\"(max-width: 800px) 100vw, 800px\" \/><figcaption id=\"caption-attachment-402\" class=\"wp-caption-text\">collier initiale personnalis\u00e9<\/figcaption><\/figure>\n<p>Porter un collier avec son initiale est une jolie mani\u00e8re de souligner sa personnalit\u00e9. Il en existe de toutes sortes, depuis le collier initiale pas cher au collier initiale en or 18 carats. Et vous trouverez 1001 fa\u00e7ons de le porter\u00a0:<\/p>\n<ul>\n<li>Votre initiale est le <u>pendentif mont\u00e9 sur une b\u00e9li\u00e8re<\/u>: dans ce cas, le pendentif aura la forme de votre lettre, et de son \u00e9criture<\/li>\n<li>Votre initiale est <u>ajour\u00e9e au centre d\u2019une m\u00e9daille<\/u>: la lettre appara\u00eet comme par transparence, r\u00e9v\u00e9lant votre peau sous le m\u00e9daillon<\/li>\n<li>Votre initiale fait <u>partie int\u00e9grante du collier<\/u>: la lettre en or ou en argent est accroch\u00e9e \u00e0 la cha\u00eene pour un r\u00e9sultat discret et minimaliste<\/li>\n<li>Votre initiale est <u>un petit charm<\/u> qui vient s\u2019accrocher \u00e0 un collier existant\u00a0: cette solution apporte un c\u00f4t\u00e9 ludique propre aux charm\u2019s, v\u00e9ritable r\u00e9volution dans l\u2019univers des bijoux personnalis\u00e9s.<\/li>\n<\/ul>\n<p>Dans tous les cas, veillez \u00e0 ce que votre initiale soit bien lisible, surtout s\u2019il s\u2019agit d\u2019une majuscule. Certaines typographies sont proches de la calligraphie et il est difficile de les reconna\u00eetre.<\/p>\n<h2><span class=\"ez-toc-section\" id=\"Le_pendentif_avec_des_initiales_entrelacees\"><\/span>Le pendentif avec des initiales entrelac\u00e9es<span class=\"ez-toc-section-end\"><\/span><\/h2>\n<p>Il existe une variante int\u00e9ressante et tr\u00e8s esth\u00e9tique du <strong>bijou personnalis\u00e9 initiales<\/strong>\u00a0: le pendentif avec des <u>initiales entrelac\u00e9es<\/u>. Il s\u2019agit g\u00e9n\u00e9ralement de lettres majuscules dessin\u00e9es dans une typographie tr\u00e8s travaill\u00e9e comme l\u2019\u00e9criture anglaise ou calligraphique. Les lettres ainsi associ\u00e9es \u00e9voquent le linge brod\u00e9 des trousseaux des jeunes filles de l\u2019ancien temps, mais aussi les blasons familiaux qui mettaient en avant les initiales des deux familles.<\/p>\n<p>Les initiales entrelac\u00e9es peuvent \u00eatre <u>grav\u00e9es<\/u> directement dans la mati\u00e8re (or ou argent), <u>sculpt\u00e9es<\/u>, ou <u>d\u00e9coup\u00e9es<\/u> au laser. Les initiales choisies sont soit les v\u00f4tres (pr\u00e9nom et nom) soit les deux initiales r\u00e9unies d\u2019un couple pour symboliser une union.<\/p>\n<h2><span class=\"ez-toc-section\" id=\"La_bague_personnalisee_avec_initiale\"><\/span>La bague personnalis\u00e9e avec initiale<span class=\"ez-toc-section-end\"><\/span><\/h2>\n<p>On retrouve la m\u00eame id\u00e9e de bijou identitaire sur <u>les bagues<\/u>, principalement <u>les chevali\u00e8res<\/u>. Ce genre de bijou revient en force dans les collections, dans leur version la plus classique comme dans des cr\u00e9ations plus modernes, d\u00e9poussi\u00e9rantes et originales.<\/p>\n<ol>\n<li>La chevali\u00e8re classique avec deux lettres soud\u00e9es en relief<\/li>\n<li>La chevali\u00e8re moderne et \u00e9pur\u00e9e avec une ou deux initiales grav\u00e9es<\/li>\n<li>La chevali\u00e8re monogramme, r\u00e9unissant deux lettres avec parfois un ornement ou un symbole<\/li>\n<li>La bague contemporaine avec des lettres en breloque<\/li>\n<\/ol>\n<p>Chaque version correspond \u00e0 un style tr\u00e8s diff\u00e9rent et n\u2019envoie pas le m\u00eame message. Quand la chevali\u00e8re \u00e9voque un bijou classique, r\u00e9alis\u00e9 en or 18 carats, offert pour une occasion particuli\u00e8re, la bague contemporaine se retrouve plus en bijouterie fantaisie, en plaqu\u00e9 or.<\/p>\n<h2><span class=\"ez-toc-section\" id=\"Le_bracelet_avec_initiale_pour_homme\"><\/span>Le bracelet avec initiale pour homme<span class=\"ez-toc-section-end\"><\/span><\/h2>\n<p>Si les hommes se sont mis aux bijoux personnalis\u00e9s, cela reste encore tr\u00e8s discret. En plus de la chevali\u00e8re, bijou masculin s\u2019il en est, et du bouton de manchette personnalis\u00e9, le <u>bracelet personnalis\u00e9 avec initiale<\/u> est le chouchou de ces messieurs. Car la lettre est grav\u00e9e de mani\u00e8re \u00e9l\u00e9gante et non ostentatoire. De plus, un bracelet est facile \u00e0 porter au quotidien\u00a0: il sait se faire discret sous une manche de chemise au bureau, mais il souligne joliment une tenue d\u00e9contract\u00e9e le week-end. Bracelet <u>perle en pierre dure<\/u> ultra tendance, <u>bracelet cuir<\/u>, ou <u>bracelet cordon<\/u>, les initiales se gravent sur une m\u00e9daille centrale, un motif g\u00e9om\u00e9trique ou sur un fermoir. Il y a l\u2019embarras du choix dans les collections de bijoux personnalis\u00e9s pour homme.<\/p>\n<h2><span class=\"ez-toc-section\" id=\"Le_collier_initiale_pas_cher\"><\/span>Le collier initiale pas cher<span class=\"ez-toc-section-end\"><\/span><\/h2>\n<p>Pas besoin de d\u00e9penser des fortunes pour offrir un collier initial\u00a0! On trouve ce genre de bijou dans toutes les marques et \u00e0 tous les prix. Tout est une question de mati\u00e8re et de finition. Certains petits cr\u00e9ateurs en proposent des <u>colliers initiales fantaisie<\/u> en plaqu\u00e9 or ou plaqu\u00e9 argent, en r\u00e9sine, ou simplement mont\u00e9s sur un cordon, pour un prix tr\u00e8s abordable.<\/p>\n<p>Attention, ce genre de fantaisie ne dure pas dans le temps, mais elle permet de se familiariser avec cette notion de bijou initiale avant de franchir le pas et d\u2019acqu\u00e9rir un vrai bijou en or .<\/p>\n<h2><span class=\"ez-toc-section\" id=\"Le_collier_initiale_en_or_18_carats\"><\/span>Le collier initiale en or 18 carats<span class=\"ez-toc-section-end\"><\/span><\/h2>\n<p>A l\u2019inverse, pour faire un cadeau important \u00e0 l\u2019occasion d\u2019un <strong>\u00e9v\u00e9nement particulier<\/strong>, on trouve des <strong>colliers personnalis\u00e9s avec initiales en or 18 carats<\/strong>, parfois m\u00eame rehauss\u00e9 de pierre pr\u00e9cieuse. Pour un ado, c\u2019est le cadeau id\u00e9al pour une communion, ou pour f\u00eater la r\u00e9ussite \u00e0 un examen. Pour une femme, ce collier s\u2019offrira en de nombreuses occasions\u00a0: <u>anniversaire, No\u00ebl, f\u00eate des m\u00e8res<\/u>\u2026 Pour une jeune maman, pourquoi ne pas lui offrir un collier personnalis\u00e9 avec l\u2019initiale de son enfant qui vient de na\u00eetre\u00a0?<\/p>\n<p>L\u2019avantage du collier initiale en or 18 carats est qu\u2019il est ind\u00e9modable, c\u2019est un bijou personnalis\u00e9 qui durera toute la vie et que l\u2019on porte sur soi avec toujours autant d\u2019\u00e9motion. <strong><br \/>\n<\/strong><\/p>\n","protected":false},"excerpt":{"rendered":"<p>Quels sont les types de bijoux personnalis\u00e9s initiales ? Parmi les types de bijoux personnalis\u00e9s, les bijoux \u00e0 lettres et [&hellip;]<\/p>\n","protected":false},"author":2,"featured_media":402,"parent":247,"menu_order":8,"comment_status":"closed","ping_status":"closed","template":"","meta":{"site-sidebar-layout":"default","site-content-layout":"","ast-site-content-layout":"default","site-content-style":"default","site-sidebar-style":"default","ast-global-header-display":"","ast-banner-title-visibility":"","ast-main-header-display":"","ast-hfb-above-header-display":"","ast-hfb-below-header-display":"","ast-hfb-mobile-header-display":"","site-post-title":"","ast-breadcrumbs-content":"","ast-featured-img":"","footer-sml-layout":"","theme-transparent-header-meta":"default","adv-header-id-meta":"","stick-header-meta":"","header-above-stick-meta":"","header-main-stick-meta":"","header-below-stick-meta":"","astra-migrate-meta-layouts":"set","ast-page-background-enabled":"default","ast-page-background-meta":{"desktop":{"background-color":"var(--ast-global-color-4)","background-image":"","background-repeat":"repeat","background-position":"center center","background-size":"auto","background-attachment":"scroll","background-type":"","background-media":"","overlay-type":"","overlay-color":"","overlay-gradient":""},"tablet":{"background-color":"","background-image":"","background-repeat":"repeat","background-position":"center center","background-size":"auto","background-attachment":"scroll","background-type":"","background-media":"","overlay-type":"","overlay-color":"","overlay-gradient":""},"mobile":{"background-color":"","background-image":"","background-repeat":"repeat","background-position":"center center","background-size":"auto","background-attachment":"scroll","background-type":"","background-media":"","overlay-type":"","overlay-color":"","overlay-gradient":""}},"ast-content-background-meta":{"desktop":{"background-color":"var(--ast-global-color-5)","background-image":"","background-repeat":"repeat","background-position":"center center","background-size":"auto","background-attachment":"scroll","background-type":"","background-media":"","overlay-type":"","overlay-color":"","overlay-gradient":""},"tablet":{"background-color":"var(--ast-global-color-5)","background-image":"","background-repeat":"repeat","background-position":"center center","background-size":"auto","background-attachment":"scroll","background-type":"","background-media":"","overlay-type":"","overlay-color":"","overlay-gradient":""},"mobile":{"background-color":"var(--ast-global-color-5)","background-image":"","background-repeat":"repeat","background-position":"center center","background-size":"auto","background-attachment":"scroll","background-type":"","background-media":"","overlay-type":"","overlay-color":"","overlay-gradient":""}},"footnotes":""},"aioseo_notices":[],"_links":{"self":[{"href":"https:\/\/www.marmottine.fr\/mag\/wp-json\/wp\/v2\/pages\/255"}],"collection":[{"href":"https:\/\/www.marmottine.fr\/mag\/wp-json\/wp\/v2\/pages"}],"about":[{"href":"https:\/\/www.marmottine.fr\/mag\/wp-json\/wp\/v2\/types\/page"}],"author":[{"embeddable":true,"href":"https:\/\/www.marmottine.fr\/mag\/wp-json\/wp\/v2\/users\/2"}],"replies":[{"embeddable":true,"href":"https:\/\/www.marmottine.fr\/mag\/wp-json\/wp\/v2\/comments?post=255"}],"version-history":[{"count":3,"href":"https:\/\/www.marmottine.fr\/mag\/wp-json\/wp\/v2\/pages\/255\/revisions"}],"predecessor-version":[{"id":605,"href":"https:\/\/www.marmottine.fr\/mag\/wp-json\/wp\/v2\/pages\/255\/revisions\/605"}],"up":[{"embeddable":true,"href":"https:\/\/www.marmottine.fr\/mag\/wp-json\/wp\/v2\/pages\/247"}],"wp:featuredmedia":[{"embeddable":true,"href":"https:\/\/www.marmottine.fr\/mag\/wp-json\/wp\/v2\/media\/402"}],"wp:attachment":[{"href":"https:\/\/www.marmottine.fr\/mag\/wp-json\/wp\/v2\/media?parent=255"}],"curies":[{"name":"wp","href":"https:\/\/api.w.org\/{rel}","templated":true}]}}