{"id":253,"date":"2024-04-09T12:12:32","date_gmt":"2024-04-09T10:12:32","guid":{"rendered":"https:\/\/www.marmottine.fr\/mag\/?page_id=253"},"modified":"2024-04-09T16:45:16","modified_gmt":"2024-04-09T14:45:16","slug":"chretiens","status":"publish","type":"page","link":"https:\/\/www.marmottine.fr\/mag\/guides\/bijoux-personnalises\/types\/chretiens","title":{"rendered":"Quels sont les types de bijoux personnalis\u00e9s chr\u00e9tiens ?"},"content":{"rendered":"<h1><span class=\"ez-toc-section\" id=\"Quels_sont_les_types_de_bijoux_personnalises_chretiens\"><\/span>Quels sont les types de bijoux personnalis\u00e9s chr\u00e9tiens ?<span class=\"ez-toc-section-end\"><\/span><\/h1><div id=\"ez-toc-container\" class=\"ez-toc-v2_0_69_1 counter-hierarchy ez-toc-counter ez-toc-grey ez-toc-container-direction\">\n<div class=\"ez-toc-title-container\">\n<p class=\"ez-toc-title\" style=\"cursor:inherit\">Sommaire<\/p>\n<span class=\"ez-toc-title-toggle\"><a href=\"#\" class=\"ez-toc-pull-right ez-toc-btn ez-toc-btn-xs ez-toc-btn-default ez-toc-toggle\" aria-label=\"Toggle Table of Content\"><span class=\"ez-toc-js-icon-con\"><span class=\"\"><span class=\"eztoc-hide\" style=\"display:none;\">Toggle<\/span><span class=\"ez-toc-icon-toggle-span\"><svg style=\"fill: #999;color:#999\" xmlns=\"http:\/\/www.w3.org\/2000\/svg\" class=\"list-377408\" width=\"20px\" height=\"20px\" viewBox=\"0 0 24 24\" fill=\"none\"><path d=\"M6 6H4v2h2V6zm14 0H8v2h12V6zM4 11h2v2H4v-2zm16 0H8v2h12v-2zM4 16h2v2H4v-2zm16 0H8v2h12v-2z\" fill=\"currentColor\"><\/path><\/svg><svg style=\"fill: #999;color:#999\" class=\"arrow-unsorted-368013\" xmlns=\"http:\/\/www.w3.org\/2000\/svg\" width=\"10px\" height=\"10px\" viewBox=\"0 0 24 24\" version=\"1.2\" baseProfile=\"tiny\"><path d=\"M18.2 9.3l-6.2-6.3-6.2 6.3c-.2.2-.3.4-.3.7s.1.5.3.7c.2.2.4.3.7.3h11c.3 0 .5-.1.7-.3.2-.2.3-.5.3-.7s-.1-.5-.3-.7zM5.8 14.7l6.2 6.3 6.2-6.3c.2-.2.3-.5.3-.7s-.1-.5-.3-.7c-.2-.2-.4-.3-.7-.3h-11c-.3 0-.5.1-.7.3-.2.2-.3.5-.3.7s.1.5.3.7z\"\/><\/svg><\/span><\/span><\/span><\/a><\/span><\/div>\n<nav><ul class='ez-toc-list ez-toc-list-level-1 ' ><li class='ez-toc-page-1 ez-toc-heading-level-1'><a class=\"ez-toc-link ez-toc-heading-1\" href=\"https:\/\/www.marmottine.fr\/mag\/guides\/bijoux-personnalises\/types\/chretiens\/#Quels_sont_les_types_de_bijoux_personnalises_chretiens\" title=\"Quels sont les types de bijoux personnalis\u00e9s chr\u00e9tiens ?\">Quels sont les types de bijoux personnalis\u00e9s chr\u00e9tiens ?<\/a><ul class='ez-toc-list-level-2' ><li class='ez-toc-heading-level-2'><a class=\"ez-toc-link ez-toc-heading-2\" href=\"https:\/\/www.marmottine.fr\/mag\/guides\/bijoux-personnalises\/types\/chretiens\/#Quels_sont_les_bijoux_chretiens_et_catholiques_que_lon_peut_personnaliser\" title=\"Quels sont les bijoux chr\u00e9tiens et catholiques que l\u2019on peut personnaliser ?\">Quels sont les bijoux chr\u00e9tiens et catholiques que l\u2019on peut personnaliser ?<\/a><\/li><li class='ez-toc-page-1 ez-toc-heading-level-2'><a class=\"ez-toc-link ez-toc-heading-3\" href=\"https:\/\/www.marmottine.fr\/mag\/guides\/bijoux-personnalises\/types\/chretiens\/#Comment_personnaliser_un_bijou_chretien\" title=\"Comment personnaliser un bijou chr\u00e9tien ?\">Comment personnaliser un bijou chr\u00e9tien ?<\/a><\/li><li class='ez-toc-page-1 ez-toc-heading-level-2'><a class=\"ez-toc-link ez-toc-heading-4\" href=\"https:\/\/www.marmottine.fr\/mag\/guides\/bijoux-personnalises\/types\/chretiens\/#Comment_personnaliser_un_bijou_chretien_moderne\" title=\"Comment personnaliser un bijou chr\u00e9tien moderne ?\">Comment personnaliser un bijou chr\u00e9tien moderne ?<\/a><\/li><li class='ez-toc-page-1 ez-toc-heading-level-2'><a class=\"ez-toc-link ez-toc-heading-5\" href=\"https:\/\/www.marmottine.fr\/mag\/guides\/bijoux-personnalises\/types\/chretiens\/#Comment_appelle-t-on_le_collier_avec_la_croix\" title=\"Comment appelle-t-on le collier avec la croix ?\">Comment appelle-t-on le collier avec la croix ?<\/a><\/li><li class='ez-toc-page-1 ez-toc-heading-level-2'><a class=\"ez-toc-link ez-toc-heading-6\" href=\"https:\/\/www.marmottine.fr\/mag\/guides\/bijoux-personnalises\/types\/chretiens\/#Quand_offrir_un_bijou_personnalise_a_un_chretien\" title=\"Quand offrir un bijou personnalis\u00e9 \u00e0 un chr\u00e9tien ?\">Quand offrir un bijou personnalis\u00e9 \u00e0 un chr\u00e9tien ?<\/a><\/li><li class='ez-toc-page-1 ez-toc-heading-level-2'><a class=\"ez-toc-link ez-toc-heading-7\" href=\"https:\/\/www.marmottine.fr\/mag\/guides\/bijoux-personnalises\/types\/chretiens\/#Quels_sont_les_bijoux_chretiens_personnalises_pour_homme\" title=\"Quels sont les bijoux chr\u00e9tiens personnalis\u00e9s pour homme ?\">Quels sont les bijoux chr\u00e9tiens personnalis\u00e9s pour homme ?<\/a><\/li><li class='ez-toc-page-1 ez-toc-heading-level-2'><a class=\"ez-toc-link ez-toc-heading-8\" href=\"https:\/\/www.marmottine.fr\/mag\/guides\/bijoux-personnalises\/types\/chretiens\/#Quels_sont_les_bijoux_chretiens_personnalises_pour_femme\" title=\"Quels sont les bijoux chr\u00e9tiens personnalis\u00e9s pour femme ?\">Quels sont les bijoux chr\u00e9tiens personnalis\u00e9s pour femme ?<\/a><\/li><\/ul><\/li><\/ul><\/nav><\/div>\n\n<figure id=\"attachment_398\" aria-describedby=\"caption-attachment-398\" style=\"width: 800px\" class=\"wp-caption alignnone\"><img loading=\"lazy\" decoding=\"async\" class=\"size-full wp-image-398\" src=\"https:\/\/www.marmottine.fr\/mag\/wp-content\/uploads\/2024\/03\/medaille-ange-a-lagneau.jpg\" alt=\"m\u00e9daille ange \u00e0 l'agneau\" width=\"800\" height=\"800\" srcset=\"https:\/\/www.marmottine.fr\/mag\/wp-content\/uploads\/2024\/03\/medaille-ange-a-lagneau.jpg 800w, https:\/\/www.marmottine.fr\/mag\/wp-content\/uploads\/2024\/03\/medaille-ange-a-lagneau-300x300.jpg 300w, https:\/\/www.marmottine.fr\/mag\/wp-content\/uploads\/2024\/03\/medaille-ange-a-lagneau-150x150.jpg 150w, https:\/\/www.marmottine.fr\/mag\/wp-content\/uploads\/2024\/03\/medaille-ange-a-lagneau-768x768.jpg 768w\" sizes=\"(max-width: 800px) 100vw, 800px\" \/><figcaption id=\"caption-attachment-398\" class=\"wp-caption-text\">m\u00e9daille ange \u00e0 l&rsquo;agneau<\/figcaption><\/figure>\n<p>Les bijoux chr\u00e9tiens personnalis\u00e9s commun\u00e9ment appel\u00e9s bijoux cathos sont peut-\u00eatre les <strong><a href=\"https:\/\/www.marmottine.fr\/mag\/guides\/bijoux-personnalises\/types\">premiers types de bijoux personnalis\u00e9s<\/a> <\/strong>recens\u00e9s depuis la nuit des temps. Offerts \u00e0 l\u2019occasion de <strong>f\u00eates catholiques<\/strong> initiatiques comme le <strong>bapt\u00eame <\/strong>ou la <strong>communion<\/strong>, ces bijoux avant tout religieux \u00e9taient offerts tels quels. La personnalisation de ces m\u00e9dailles et autres gourmettes avec une gravure n\u2019est apparue que tr\u00e8s r\u00e9cemment (milieu du XX\u00e8me si\u00e8cle). Comment personnaliser un bijou chr\u00e9tien\u00a0? A quelle occasion l\u2019offrir\u00a0? Sont-ils le m\u00eames pour homme ou pour femme\u00a0? C\u2019est ce que nous allons d\u00e9couvrir.<\/p>\n<h2><span class=\"ez-toc-section\" id=\"Quels_sont_les_bijoux_chretiens_et_catholiques_que_lon_peut_personnaliser\"><\/span>Quels sont les bijoux chr\u00e9tiens et catholiques que l\u2019on peut personnaliser ?<span class=\"ez-toc-section-end\"><\/span><\/h2>\n<p>Le bijou est une mani\u00e8re <strong>d\u2019affirmer sa foi<\/strong> de mani\u00e8re discr\u00e8te et pr\u00e9cieuse. Dans la religion catholique, il existe principalement <strong>2 types de bijoux chr\u00e9tiens<\/strong>, tous personnalisables\u00a0:<\/p>\n<ol>\n<li><u>La croix catholique<\/u>: la croix est l\u2019embl\u00e8me de la foi chr\u00e9tienne car elle symbolise le calvaire du Christ crucifi\u00e9. La croix peut rev\u00eatir 1001 formes. Certains la pr\u00e9f\u00e8rent toute simple et \u00e9pur\u00e9e. D\u2019autres choisissent une croix tr\u00e8s r\u00e9aliste, repr\u00e9sentant le Christ en relief avec sa couronne d\u2019\u00e9pines sur la t\u00eate. Dans les deux cas, il est possible de personnaliser la croix au verso, dans le sens de la hauteur ou de la largeur.<\/li>\n<li><u>La m\u00e9daille religieuse<\/u>: la m\u00e9daille est un pendentif g\u00e9n\u00e9ralement rond qui repr\u00e9sente au recto une figure embl\u00e9matique de la religion catholique (la Vierge Marie, J\u00e9sus, le Christ, un Saint, ou encore une sc\u00e8ne comme le bapt\u00eame ou la communion) et dont le verso reste lisse, pour pouvoir accueillir la gravure d\u2019un pr\u00e9nom et d\u2019une date<\/li>\n<\/ol>\n<h2><span class=\"ez-toc-section\" id=\"Comment_personnaliser_un_bijou_chretien\"><\/span>Comment personnaliser un bijou chr\u00e9tien ?<span class=\"ez-toc-section-end\"><\/span><\/h2>\n<figure id=\"attachment_396\" aria-describedby=\"caption-attachment-396\" style=\"width: 800px\" class=\"wp-caption alignnone\"><img loading=\"lazy\" decoding=\"async\" class=\"size-full wp-image-396\" src=\"https:\/\/www.marmottine.fr\/mag\/wp-content\/uploads\/2024\/03\/collier-medaille-croix.jpg\" alt=\"collier m\u00e9daille croix\" width=\"800\" height=\"800\" srcset=\"https:\/\/www.marmottine.fr\/mag\/wp-content\/uploads\/2024\/03\/collier-medaille-croix.jpg 800w, https:\/\/www.marmottine.fr\/mag\/wp-content\/uploads\/2024\/03\/collier-medaille-croix-300x300.jpg 300w, https:\/\/www.marmottine.fr\/mag\/wp-content\/uploads\/2024\/03\/collier-medaille-croix-150x150.jpg 150w, https:\/\/www.marmottine.fr\/mag\/wp-content\/uploads\/2024\/03\/collier-medaille-croix-768x768.jpg 768w\" sizes=\"(max-width: 800px) 100vw, 800px\" \/><figcaption id=\"caption-attachment-396\" class=\"wp-caption-text\">collier m\u00e9daille croix<\/figcaption><\/figure>\n<p><strong>Croix<\/strong> et <strong>m\u00e9daille<\/strong> sont deux bijoux chr\u00e9tiens que l\u2019on peut personnaliser au verso par une gravure. En g\u00e9n\u00e9ral, les personnes font graver le pr\u00e9nom et la date de naissance, ou, pour les plus pratiquants, la date de l\u2019\u00e9v\u00e9nement religieux pour lequel ce bijou est offert.<\/p>\n<p>D\u2019autres pr\u00e9f\u00e8rent graver une maxime ou un extrait de pri\u00e8re, surtout quand il s\u2019agit d\u2019un bijou offert \u00e0 un adulte qui poss\u00e8de d\u00e9j\u00e0 une m\u00e9daille offerte lors de son bapt\u00eame. Une citation philosophique est \u00e9galement une mani\u00e8re tr\u00e8s id\u00e9ologique de relier son bijou \u00e0 sa foi, comme la c\u00e9l\u00e8bre phase du Petit Prince \u00ab\u00a0l\u2019essentiel est invisible pour les yeux\u00a0\u00bb.<\/p>\n<h2><span class=\"ez-toc-section\" id=\"Comment_personnaliser_un_bijou_chretien_moderne\"><\/span>Comment personnaliser un bijou chr\u00e9tien moderne ?<span class=\"ez-toc-section-end\"><\/span><\/h2>\n<p>La foi chr\u00e9tienne pr\u00f4ne la simplicit\u00e9. Et si les bijoux religieux ont connu une p\u00e9riode baroque charg\u00e9e de d\u00e9tails, de fioritures et de signes ostentatoires, les bijoux religieux modernes sont plus \u00e9pur\u00e9s. Leur <strong>personnalisation <\/strong>va de pair avec cette tendance minimaliste. Sur un <strong>bijou chr\u00e9tien moderne<\/strong>, la gravure sera plus simple, privil\u00e9giant une \u00e9criture b\u00e2ton \u00e0 une \u00e9criture anglaise. La date sera \u00e9crite en chiffres et non en lettres.<\/p>\n<h2><span class=\"ez-toc-section\" id=\"Comment_appelle-t-on_le_collier_avec_la_croix\"><\/span>Comment appelle-t-on le collier avec la croix ?<span class=\"ez-toc-section-end\"><\/span><\/h2>\n<p>Vous avez certainement remarqu\u00e9 ce curieux collier compos\u00e9 de perles en forme de Y au bout duquel est attach\u00e9e une croix\u00a0? Il s\u2019agit d\u2019un <strong>chapelet<\/strong>. Si le chapelet est aujourd\u2019hui largement r\u00e9pandu, notamment en <u>bijouterie fantaisie<\/u>, dans diff\u00e9rents mat\u00e9riaux et dans toutes les couleurs, il \u00e9tait \u00e0 l\u2019origine un accessoire n\u00e9cessaire \u00e0 la pri\u00e8re\u00a0: 5 s\u00e9ries de 10 perles rapproch\u00e9es et 4 perles plus espac\u00e9es permettaient de r\u00e9citer ses pri\u00e8res selon un ordre bien \u00e9tabli. Aujourd\u2019hui, de nombreux chr\u00e9tiens continuent \u00e0 utiliser le chapelet pour <u>prier<\/u>, mais nous trouvons \u00e9galement des <u>chapelets personnalisables<\/u> qui ressemblent plus \u00e0 des bijoux et qui ont oubli\u00e9 leur fonction originelle. On peut personnaliser son chapelet en changeant la couleur de ses perles, en gravant un texte sur la m\u00e9daille et sur la croix.<\/p>\n<h2><span class=\"ez-toc-section\" id=\"Quand_offrir_un_bijou_personnalise_a_un_chretien\"><\/span>Quand offrir un bijou personnalis\u00e9 \u00e0 un chr\u00e9tien ?<span class=\"ez-toc-section-end\"><\/span><\/h2>\n<figure id=\"attachment_397\" aria-describedby=\"caption-attachment-397\" style=\"width: 800px\" class=\"wp-caption alignnone\"><img loading=\"lazy\" decoding=\"async\" class=\"size-full wp-image-397\" src=\"https:\/\/www.marmottine.fr\/mag\/wp-content\/uploads\/2024\/03\/collier-saint-christophe.jpg\" alt=\"collier saint christophe\" width=\"800\" height=\"800\" srcset=\"https:\/\/www.marmottine.fr\/mag\/wp-content\/uploads\/2024\/03\/collier-saint-christophe.jpg 800w, https:\/\/www.marmottine.fr\/mag\/wp-content\/uploads\/2024\/03\/collier-saint-christophe-300x300.jpg 300w, https:\/\/www.marmottine.fr\/mag\/wp-content\/uploads\/2024\/03\/collier-saint-christophe-150x150.jpg 150w, https:\/\/www.marmottine.fr\/mag\/wp-content\/uploads\/2024\/03\/collier-saint-christophe-768x768.jpg 768w\" sizes=\"(max-width: 800px) 100vw, 800px\" \/><figcaption id=\"caption-attachment-397\" class=\"wp-caption-text\">collier saint christophe<\/figcaption><\/figure>\n<p>On offre g\u00e9n\u00e9ralement un bijou \u00e0 un chr\u00e9tien \u00e0 l\u2019occasion d\u2019une f\u00eate religieuse catholique comme le <u>bapt\u00eame<\/u>, la <u>communion<\/u>, la <u>confirmation<\/u> et la <u>profession de foi<\/u>.<\/p>\n<ul>\n<li>Dans le premier cas il s\u2019agit g\u00e9n\u00e9ralement d\u2019un <strong>b\u00e9b\u00e9<\/strong> ou d\u2019un petit enfant dont on c\u00e9l\u00e8bre l\u2019entr\u00e9e dans la Maison de Dieu, le bijou en devient l\u2019embl\u00e8me en souvenir de cette journ\u00e9e importante et symbolique. C\u2019est le plus souvent le parrain et la marraine qui offrent ce bijou, t\u00e9moin de leur engagement envers leur filleul.<\/li>\n<li>La communion concerne les <strong>ados<\/strong>, qui ont d\u00e9j\u00e0 re\u00e7u une m\u00e9daille lors du bapt\u00eame. C\u2019est pourquoi on leur offrira un bijou plus mode mais \u00e0 consonnance religieuse, comme une m\u00e9daille miraculeuse, un pendentif colombe, ou une paire de boucles d\u2019oreilles en forme de croix pour les petites fashionistas.<\/li>\n<\/ul>\n<p>Mais pour les <strong>adultes<\/strong>, croyants et pratiquants, il est \u00e9galement courant de leur offrir un bijou chr\u00e9tien, personnalis\u00e9 ou pas, \u00e0 tout \u00e2ge de la vie. Que ce soit une croix, une m\u00e9daille ou un chapelet, il s\u2019agit d\u2019un bijou \u00e0 la symbolique forte qui accompagne le chr\u00e9tien dans sa vie quotidienne et le <strong>guide dans sa foi<\/strong>. Pour apporter encore plus de valeur \u00e0 ce bijou, on le personnalisera en gravant une date importante en rapport avec ce bijou.<\/p>\n<h2><span class=\"ez-toc-section\" id=\"Quels_sont_les_bijoux_chretiens_personnalises_pour_homme\"><\/span>Quels sont les bijoux chr\u00e9tiens personnalis\u00e9s pour homme ?<span class=\"ez-toc-section-end\"><\/span><\/h2>\n<p>Les bijoux chr\u00e9tiens sont g\u00e9n\u00e9ralement des bijoux en or que l\u2019on garde toute la vie. C\u2019est pourquoi il n\u2019est pas rare de voir des hommes porter leur <u>m\u00e9daille de bapt\u00eame<\/u> ou une <u>croix<\/u>, symbole de leur foi.\u00a0 L\u2019une comme l\u2019autre se glisse discr\u00e8tement sous les v\u00eatements et se porte un peu comme une seconde peau, un talisman qui ne nous quitte pas. Un homme portera plus facilement une figure masculine des Evangiles, comme <u>Saint Christophe<\/u>, <u>Saint Jean-Baptiste<\/u> ou le <u>Christ<\/u>. L\u00e0 encore, la personnalisation se fait discr\u00e8te. Une croix en or personnalis\u00e9e par une date ou un pr\u00e9nom au verso est aussi un bijou chr\u00e9tien port\u00e9 par les hommes. Les m\u00e9dailles et pendentifs religieux pour homme sont g\u00e9n\u00e9ralement plus grands (20 mm).<\/p>\n<h2><span class=\"ez-toc-section\" id=\"Quels_sont_les_bijoux_chretiens_personnalises_pour_femme\"><\/span>Quels sont les bijoux chr\u00e9tiens personnalis\u00e9s pour femme ?<span class=\"ez-toc-section-end\"><\/span><\/h2>\n<p>Les femmes portent plus facilement des bijoux que les hommes et les bijoux religieux auront un caract\u00e8re plus fantaisie, osant la couleur et les mati\u00e8res un peu moins nobles que l\u2019or. Parmi les bijoux personnalis\u00e9s chr\u00e9tiens que l\u2019on rencontre le plus souvent chez les femmes, notons\u00a0:<\/p>\n<ul>\n<li>le <u>chapelet<\/u>, qui se transforme en sautoir, personnalis\u00e9 par la couleur, la m\u00e9daille et la croix<\/li>\n<li>la <u>m\u00e9daille miraculeuse de la rue du Bac<\/u>, 1000 fois revisit\u00e9e, color\u00e9e, et de toutes tailles<\/li>\n<li>la <u>croix<\/u>, r\u00e9invent\u00e9e et personnalis\u00e9e, sertie de pierres pr\u00e9cieuses<\/li>\n<li>les <u>images des \u00e9vangiles<\/u> reproduits sur tous types de bijoux (bracelets, boucles d\u2019oreilles, pendentif, collier)<\/li>\n<\/ul>\n<p>Cette liste est non exhaustive et ne tient pas compte des bijoux re\u00e7us dans l\u2019enfance lors du bapt\u00eame et de la communion, bijoux pr\u00e9cieux, en or.<\/p>\n","protected":false},"excerpt":{"rendered":"<p>Quels sont les types de bijoux personnalis\u00e9s chr\u00e9tiens ? Les bijoux chr\u00e9tiens personnalis\u00e9s commun\u00e9ment appel\u00e9s bijoux cathos sont peut-\u00eatre les [&hellip;]<\/p>\n","protected":false},"author":2,"featured_media":396,"parent":247,"menu_order":7,"comment_status":"closed","ping_status":"closed","template":"","meta":{"site-sidebar-layout":"default","site-content-layout":"","ast-site-content-layout":"default","site-content-style":"default","site-sidebar-style":"default","ast-global-header-display":"","ast-banner-title-visibility":"","ast-main-header-display":"","ast-hfb-above-header-display":"","ast-hfb-below-header-display":"","ast-hfb-mobile-header-display":"","site-post-title":"","ast-breadcrumbs-content":"","ast-featured-img":"","footer-sml-layout":"","theme-transparent-header-meta":"default","adv-header-id-meta":"","stick-header-meta":"","header-above-stick-meta":"","header-main-stick-meta":"","header-below-stick-meta":"","astra-migrate-meta-layouts":"set","ast-page-background-enabled":"default","ast-page-background-meta":{"desktop":{"background-color":"var(--ast-global-color-4)","background-image":"","background-repeat":"repeat","background-position":"center center","background-size":"auto","background-attachment":"scroll","background-type":"","background-media":"","overlay-type":"","overlay-color":"","overlay-gradient":""},"tablet":{"background-color":"","background-image":"","background-repeat":"repeat","background-position":"center center","background-size":"auto","background-attachment":"scroll","background-type":"","background-media":"","overlay-type":"","overlay-color":"","overlay-gradient":""},"mobile":{"background-color":"","background-image":"","background-repeat":"repeat","background-position":"center center","background-size":"auto","background-attachment":"scroll","background-type":"","background-media":"","overlay-type":"","overlay-color":"","overlay-gradient":""}},"ast-content-background-meta":{"desktop":{"background-color":"var(--ast-global-color-5)","background-image":"","background-repeat":"repeat","background-position":"center center","background-size":"auto","background-attachment":"scroll","background-type":"","background-media":"","overlay-type":"","overlay-color":"","overlay-gradient":""},"tablet":{"background-color":"var(--ast-global-color-5)","background-image":"","background-repeat":"repeat","background-position":"center center","background-size":"auto","background-attachment":"scroll","background-type":"","background-media":"","overlay-type":"","overlay-color":"","overlay-gradient":""},"mobile":{"background-color":"var(--ast-global-color-5)","background-image":"","background-repeat":"repeat","background-position":"center center","background-size":"auto","background-attachment":"scroll","background-type":"","background-media":"","overlay-type":"","overlay-color":"","overlay-gradient":""}},"footnotes":""},"aioseo_notices":[],"_links":{"self":[{"href":"https:\/\/www.marmottine.fr\/mag\/wp-json\/wp\/v2\/pages\/253"}],"collection":[{"href":"https:\/\/www.marmottine.fr\/mag\/wp-json\/wp\/v2\/pages"}],"about":[{"href":"https:\/\/www.marmottine.fr\/mag\/wp-json\/wp\/v2\/types\/page"}],"author":[{"embeddable":true,"href":"https:\/\/www.marmottine.fr\/mag\/wp-json\/wp\/v2\/users\/2"}],"replies":[{"embeddable":true,"href":"https:\/\/www.marmottine.fr\/mag\/wp-json\/wp\/v2\/comments?post=253"}],"version-history":[{"count":3,"href":"https:\/\/www.marmottine.fr\/mag\/wp-json\/wp\/v2\/pages\/253\/revisions"}],"predecessor-version":[{"id":604,"href":"https:\/\/www.marmottine.fr\/mag\/wp-json\/wp\/v2\/pages\/253\/revisions\/604"}],"up":[{"embeddable":true,"href":"https:\/\/www.marmottine.fr\/mag\/wp-json\/wp\/v2\/pages\/247"}],"wp:featuredmedia":[{"embeddable":true,"href":"https:\/\/www.marmottine.fr\/mag\/wp-json\/wp\/v2\/media\/396"}],"wp:attachment":[{"href":"https:\/\/www.marmottine.fr\/mag\/wp-json\/wp\/v2\/media?parent=253"}],"curies":[{"name":"wp","href":"https:\/\/api.w.org\/{rel}","templated":true}]}}