{"id":249,"date":"2024-04-09T12:11:30","date_gmt":"2024-04-09T10:11:30","guid":{"rendered":"https:\/\/www.marmottine.fr\/mag\/?page_id=249"},"modified":"2024-04-09T16:44:04","modified_gmt":"2024-04-09T14:44:04","slug":"a-graver","status":"publish","type":"page","link":"https:\/\/www.marmottine.fr\/mag\/guides\/bijoux-personnalises\/types\/a-graver","title":{"rendered":"Quels sont les types de bijoux personnalis\u00e9s \u00e0 graver ?"},"content":{"rendered":"<h1><span class=\"ez-toc-section\" id=\"Quels_sont_les_types_de_bijoux_personnalises_a_graver\"><\/span>Quels sont les types de bijoux personnalis\u00e9s \u00e0 graver ?<span class=\"ez-toc-section-end\"><\/span><\/h1><div id=\"ez-toc-container\" class=\"ez-toc-v2_0_69_1 counter-hierarchy ez-toc-counter ez-toc-grey ez-toc-container-direction\">\n<div class=\"ez-toc-title-container\">\n<p class=\"ez-toc-title\" style=\"cursor:inherit\">Sommaire<\/p>\n<span class=\"ez-toc-title-toggle\"><a href=\"#\" class=\"ez-toc-pull-right ez-toc-btn ez-toc-btn-xs ez-toc-btn-default ez-toc-toggle\" aria-label=\"Toggle Table of Content\"><span class=\"ez-toc-js-icon-con\"><span class=\"\"><span class=\"eztoc-hide\" style=\"display:none;\">Toggle<\/span><span class=\"ez-toc-icon-toggle-span\"><svg style=\"fill: #999;color:#999\" xmlns=\"http:\/\/www.w3.org\/2000\/svg\" class=\"list-377408\" width=\"20px\" height=\"20px\" viewBox=\"0 0 24 24\" fill=\"none\"><path d=\"M6 6H4v2h2V6zm14 0H8v2h12V6zM4 11h2v2H4v-2zm16 0H8v2h12v-2zM4 16h2v2H4v-2zm16 0H8v2h12v-2z\" fill=\"currentColor\"><\/path><\/svg><svg style=\"fill: #999;color:#999\" class=\"arrow-unsorted-368013\" xmlns=\"http:\/\/www.w3.org\/2000\/svg\" width=\"10px\" height=\"10px\" viewBox=\"0 0 24 24\" version=\"1.2\" baseProfile=\"tiny\"><path d=\"M18.2 9.3l-6.2-6.3-6.2 6.3c-.2.2-.3.4-.3.7s.1.5.3.7c.2.2.4.3.7.3h11c.3 0 .5-.1.7-.3.2-.2.3-.5.3-.7s-.1-.5-.3-.7zM5.8 14.7l6.2 6.3 6.2-6.3c.2-.2.3-.5.3-.7s-.1-.5-.3-.7c-.2-.2-.4-.3-.7-.3h-11c-.3 0-.5.1-.7.3-.2.2-.3.5-.3.7s.1.5.3.7z\"\/><\/svg><\/span><\/span><\/span><\/a><\/span><\/div>\n<nav><ul class='ez-toc-list ez-toc-list-level-1 ' ><li class='ez-toc-page-1 ez-toc-heading-level-1'><a class=\"ez-toc-link ez-toc-heading-1\" href=\"https:\/\/www.marmottine.fr\/mag\/guides\/bijoux-personnalises\/types\/a-graver\/#Quels_sont_les_types_de_bijoux_personnalises_a_graver\" title=\"Quels sont les types de bijoux personnalis\u00e9s \u00e0 graver ?\">Quels sont les types de bijoux personnalis\u00e9s \u00e0 graver ?<\/a><ul class='ez-toc-list-level-2' ><li class='ez-toc-heading-level-2'><a class=\"ez-toc-link ez-toc-heading-2\" href=\"https:\/\/www.marmottine.fr\/mag\/guides\/bijoux-personnalises\/types\/a-graver\/#Les_differents_types_de_gravure\" title=\"Les diff\u00e9rents types de gravure\">Les diff\u00e9rents types de gravure<\/a><\/li><li class='ez-toc-page-1 ez-toc-heading-level-2'><a class=\"ez-toc-link ez-toc-heading-3\" href=\"https:\/\/www.marmottine.fr\/mag\/guides\/bijoux-personnalises\/types\/a-graver\/#Les_bijoux_graves_avec_un_dessin_denfant\" title=\"Les bijoux grav\u00e9s avec un dessin d\u2019enfant\">Les bijoux grav\u00e9s avec un dessin d\u2019enfant<\/a><\/li><li class='ez-toc-page-1 ez-toc-heading-level-2'><a class=\"ez-toc-link ez-toc-heading-4\" href=\"https:\/\/www.marmottine.fr\/mag\/guides\/bijoux-personnalises\/types\/a-graver\/#Les_bijoux_graves_avec_une_photo\" title=\"Les bijoux grav\u00e9s avec une photo\">Les bijoux grav\u00e9s avec une photo<\/a><\/li><li class='ez-toc-page-1 ez-toc-heading-level-2'><a class=\"ez-toc-link ez-toc-heading-5\" href=\"https:\/\/www.marmottine.fr\/mag\/guides\/bijoux-personnalises\/types\/a-graver\/#Les_bijoux_a_graver_pour_homme\" title=\"Les bijoux \u00e0 graver pour homme\">Les bijoux \u00e0 graver pour homme<\/a><\/li><li class='ez-toc-page-1 ez-toc-heading-level-2'><a class=\"ez-toc-link ez-toc-heading-6\" href=\"https:\/\/www.marmottine.fr\/mag\/guides\/bijoux-personnalises\/types\/a-graver\/#Les_bijoux_a_graver_pour_femme\" title=\"Les bijoux \u00e0 graver pour femme\">Les bijoux \u00e0 graver pour femme<\/a><\/li><li class='ez-toc-page-1 ez-toc-heading-level-2'><a class=\"ez-toc-link ez-toc-heading-7\" href=\"https:\/\/www.marmottine.fr\/mag\/guides\/bijoux-personnalises\/types\/a-graver\/#Quels_sont_les_bijoux_concernes_fantaisie_ou_precieux\" title=\"Quels sont les bijoux concern\u00e9s : fantaisie ou pr\u00e9cieux ?\">Quels sont les bijoux concern\u00e9s : fantaisie ou pr\u00e9cieux ?<\/a><\/li><li class='ez-toc-page-1 ez-toc-heading-level-2'><a class=\"ez-toc-link ez-toc-heading-8\" href=\"https:\/\/www.marmottine.fr\/mag\/guides\/bijoux-personnalises\/types\/a-graver\/#Les_marques_les_plus_connues_de_bijoux_a_graver\" title=\"Les marques les plus connues de bijoux \u00e0 graver\">Les marques les plus connues de bijoux \u00e0 graver<\/a><\/li><\/ul><\/li><\/ul><\/nav><\/div>\n\n<figure id=\"attachment_385\" aria-describedby=\"caption-attachment-385\" style=\"width: 800px\" class=\"wp-caption alignnone\"><img loading=\"lazy\" decoding=\"async\" class=\"size-full wp-image-385\" src=\"https:\/\/www.marmottine.fr\/mag\/wp-content\/uploads\/2024\/03\/bracelet-en-or-grave.jpg\" alt=\"bracelet en or grav\u00e9\" width=\"800\" height=\"800\" srcset=\"https:\/\/www.marmottine.fr\/mag\/wp-content\/uploads\/2024\/03\/bracelet-en-or-grave.jpg 800w, https:\/\/www.marmottine.fr\/mag\/wp-content\/uploads\/2024\/03\/bracelet-en-or-grave-300x300.jpg 300w, https:\/\/www.marmottine.fr\/mag\/wp-content\/uploads\/2024\/03\/bracelet-en-or-grave-150x150.jpg 150w, https:\/\/www.marmottine.fr\/mag\/wp-content\/uploads\/2024\/03\/bracelet-en-or-grave-768x768.jpg 768w\" sizes=\"(max-width: 800px) 100vw, 800px\" \/><figcaption id=\"caption-attachment-385\" class=\"wp-caption-text\">bracelet en or grav\u00e9<\/figcaption><\/figure>\n<p>D\u00e8s qu\u2019on <strong><a href=\"https:\/\/www.marmottine.fr\/mag\/guides\/bijoux-personnalises\/types\">\u00e9voque les diff\u00e9rents types de bijoux personnalis\u00e9s<\/a><\/strong>, on pense spontan\u00e9ment aux bijoux \u00e0 graver. La gravure est en effet le mode de personnalisation le plus \u00e9vident de prime abord. Tous les publics sont concern\u00e9s par les bijoux \u00e0 graver\u00a0: hommes, femmes et enfants. La plupart des bijoux sont gravables, que ce soit une gravure main ou une gravure machine. Les derni\u00e8res avanc\u00e9es techniques ont apport\u00e9 beaucoup de nouveaut\u00e9s qui ont d\u00e9bouch\u00e9 sur de nouveaux modes de gravures et de nouveaux bijoux personnalis\u00e9s \u00e0 graver, faisant de ce type de bijoux l\u2019un des plus populaires actuellement.<\/p>\n<h2><span class=\"ez-toc-section\" id=\"Les_differents_types_de_gravure\"><\/span>Les diff\u00e9rents types de gravure<span class=\"ez-toc-section-end\"><\/span><\/h2>\n<ul>\n<li><strong>La gravure main<\/strong><\/li>\n<\/ul>\n<p>Avant que les nouvelles technologies apparaissent en bijouterie, tous les bijoux \u00e9taient grav\u00e9s \u00e0 la main. Ce savoir-faire incombait au graveur, sp\u00e9cialis\u00e9 de la gravure sur m\u00e9taux. Le <strong style=\"font-size: 16px;\">ma\u00eetre graveur<\/strong><span style=\"font-size: 16px;\"> \u00e9tait capable de graver un texte, une date ou des initiales, bien centr\u00e9 sur le bijou, sans erreur. De nos jours, le ma\u00eetre graveur intervient essentiellement sur les bijoux d\u2019exception comme les chevali\u00e8res, des gourmettes de bapt\u00eame et des m\u00e9dailles.<\/span><\/p>\n<p>Pour la plupart des bijoux personnalis\u00e9s grav\u00e9s \u00e0 la main, de sont des bijoutiers \u00e9quip\u00e9s d\u2019un <strong>stylo graveur<\/strong> qui effectuent cette t\u00e2che. La gravure est moins spectaculaire que celle d\u2019un ma\u00eetre graveur, mais elle a le charme et l\u2019imperfection de la gravure manuelle.<\/p>\n<ul>\n<li><strong>La gravure machine<\/strong><\/li>\n<\/ul>\n<p>Avec l\u2019engouement pour les <strong>bijoux personnalis\u00e9s<\/strong> sont apparues des machines \u00e0 graver de plus en plus perfectionn\u00e9es. Equip\u00e9es de logiciels complexes, dot\u00e9es de centaines de <u>typographies<\/u> en m\u00e9moire, ainsi que de <u>symboles<\/u>, ces v\u00e9ritables stations de marquage, m\u00e9caniques ou laser, ont r\u00e9volutionn\u00e9 les bijoux personnalis\u00e9s et permettent de graver tout type de sujet (lettre, dessin, empreinte, logo) sur tout type de support (m\u00e9taux pr\u00e9cieux, plaqu\u00e9 or, acier\u2026).<\/p>\n<h2><span class=\"ez-toc-section\" id=\"Les_bijoux_graves_avec_un_dessin_denfant\"><\/span>Les bijoux grav\u00e9s avec un dessin d\u2019enfant<span class=\"ez-toc-section-end\"><\/span><\/h2>\n<p>Autre tendance forte depuis quelques ann\u00e9es\u00a0: les <u>bijoux personnalis\u00e9s \u00e0 graver \u00e0 partir d\u2019un dessin d\u2019enfant<\/u>. Les techniques de gravure se sont perfectionn\u00e9es avec le temps et aujourd\u2019hui nous disposons de machines \u00e0 graver ultra perfectionn\u00e9es pouvant reproduire tout type de document original, reproduit de mani\u00e8re homoth\u00e9tique sur le support souhait\u00e9. Le dessin d\u2019enfant a beaucoup de succ\u00e8s car il t\u00e9moigne de la candeur de l\u2019enfance, c\u2019est un instantan\u00e9 de vie immortalis\u00e9 pour le plus grand bonheur des <u>mamans<\/u> et des <u>grands-m\u00e8res<\/u>. Ludique, c\u2019est l\u2019occasion d\u2019organiser un atelier dessin avec ses enfants et de les faire participer \u00e0 la fabrication du bijou.<\/p>\n<h2><span class=\"ez-toc-section\" id=\"Les_bijoux_graves_avec_une_photo\"><\/span>Les bijoux grav\u00e9s avec une photo<span class=\"ez-toc-section-end\"><\/span><\/h2>\n<p>Plus complexe, car cela demande des comp\u00e9tences techniques pr\u00e9cises, le <u>bijou grav\u00e9 \u00e0 partir d\u2019une d\u2019une photo<\/u> rencontre \u00e9galement un \u00e9norme succ\u00e8s. Dans ce cas, il s\u2019agit d\u2019une gravure laser ultra pr\u00e9cise qui pixellise les contrastes en n\u00e9gatif de la photo originale. La photo appara\u00eet, comme dans un r\u00e9v\u00e9lateur d\u2019un proc\u00e9d\u00e9 argentique, avec un r\u00e9alisme impressionnant.<\/p>\n<p>Il est plus rare de trouver un bijoutier proposant ce genre de gravure car il n\u00e9cessite un \u00e9quipement particulier que peu d\u2019ateliers poss\u00e8dent. La photo grav\u00e9e est r\u00e9alisable sur <u>tous types de supports<\/u> : argent, acier, or, et tous types de bijoux ou accessoires (m\u00e9dailles, porte-cl\u00e9s, briquets\u2026).<\/p>\n<h2><span class=\"ez-toc-section\" id=\"Les_bijoux_a_graver_pour_homme\"><\/span>Les bijoux \u00e0 graver pour homme<span class=\"ez-toc-section-end\"><\/span><\/h2>\n<p>Les bijoux \u00e0 graver pour homme rencontrent un vif succ\u00e8s, surtout depuis que les bijoux pour homme se sont diversifi\u00e9s et ouverts \u00e0 tous types de gravure.<\/p>\n<ul>\n<li>Le <strong>bracelet homme grav\u00e9<\/strong> est le premier auquel on pense, sous toutes ses formes (gourmette en argent, bracelet cuir, bracelet jonc, bracelet perle), sur lequel on grave en g\u00e9n\u00e9ral le pr\u00e9nom.<\/li>\n<li>Le <strong>pendentif homme \u00e0 graver<\/strong> est un grand classique, qu\u2019il soit en argent ou en or, surtout sous une forme massive et masculine comme la m\u00e9daille militaire. De belle taille (min 20 \u2013 25 mm) il se porte sur une cha\u00eene lourde comme une maille marine ou grain de caf\u00e9.<\/li>\n<li>Certains accessoires, proches des bijoux, sont tr\u00e8s demand\u00e9s par les hommes, comme les <strong>boutons de manchettes<\/strong> ou les <strong>porte-cl\u00e9s<\/strong> \u00e0 graver. Pour les hommes qui h\u00e9sitent encore \u00e0 franchir le pas, ces accessoires sont une belle id\u00e9e de cadeau grav\u00e9.<\/li>\n<\/ul>\n<h2><span class=\"ez-toc-section\" id=\"Les_bijoux_a_graver_pour_femme\"><\/span>Les bijoux \u00e0 graver pour femme<span class=\"ez-toc-section-end\"><\/span><\/h2>\n<figure id=\"attachment_387\" aria-describedby=\"caption-attachment-387\" style=\"width: 800px\" class=\"wp-caption alignnone\"><img loading=\"lazy\" decoding=\"async\" class=\"size-full wp-image-387\" src=\"https:\/\/www.marmottine.fr\/mag\/wp-content\/uploads\/2024\/03\/medailles-a-graver.jpg\" alt=\"m\u00e9dailles \u00e0 graver\" width=\"800\" height=\"800\" srcset=\"https:\/\/www.marmottine.fr\/mag\/wp-content\/uploads\/2024\/03\/medailles-a-graver.jpg 800w, https:\/\/www.marmottine.fr\/mag\/wp-content\/uploads\/2024\/03\/medailles-a-graver-300x300.jpg 300w, https:\/\/www.marmottine.fr\/mag\/wp-content\/uploads\/2024\/03\/medailles-a-graver-150x150.jpg 150w, https:\/\/www.marmottine.fr\/mag\/wp-content\/uploads\/2024\/03\/medailles-a-graver-768x768.jpg 768w\" sizes=\"(max-width: 800px) 100vw, 800px\" \/><figcaption id=\"caption-attachment-387\" class=\"wp-caption-text\">m\u00e9dailles \u00e0 graver<\/figcaption><\/figure>\n<p>Les femmes ont l\u2019embarras du choix\u00a0:\u00a0mati\u00e8res, formes, gravures\u2026 il existe des milliers de combinaisons possibles pour proposer des bijoux \u00e0 graver pour ces dames. Le plus difficile est de choisir parmi l\u2019offre immense en bijouterie.<\/p>\n<ul>\n<li><strong>Les bracelets \u00e0 graver pour femme<\/strong>: sur chaine, sur perles ou sur cordon, voire sur tissu Liberty, le bracelet est le bijou le plus grav\u00e9 tant il est facile \u00e0 offrir et facile \u00e0 porter\u00a0!<\/li>\n<li><strong>Les colliers, pendentifs et m\u00e9dailles \u00e0 graver<\/strong> sont tr\u00e8s populaires. Pratiques, ils savent se faire discrets avec une gravure au verso. Cr\u00e9atifs, ils affichent au recto la gravure la plus originale imagin\u00e9e par vos soins (un dessin, une empreinte).<\/li>\n<li><strong>Les boucles d\u2019oreilles \u00e0 graver<\/strong>: il est possible de graver de toutes petites surfaces, m\u00eame des puces d\u2019oreilles, avec une initiale ou un symbole.<\/li>\n<li><strong>Les bagues \u00e0 graver<\/strong>: le corps de la bague, le plateau d\u2019une chevali\u00e8re ou la pampille mobile, tout se grave sur les bagues tendances\u00a0!<\/li>\n<\/ul>\n<h2><span class=\"ez-toc-section\" id=\"Quels_sont_les_bijoux_concernes_fantaisie_ou_precieux\"><\/span>Quels sont les bijoux concern\u00e9s : fantaisie ou pr\u00e9cieux ?<span class=\"ez-toc-section-end\"><\/span><\/h2>\n<figure id=\"attachment_390\" aria-describedby=\"caption-attachment-390\" style=\"width: 800px\" class=\"wp-caption alignnone\"><img loading=\"lazy\" decoding=\"async\" class=\"size-full wp-image-390\" src=\"https:\/\/www.marmottine.fr\/mag\/wp-content\/uploads\/2024\/03\/montre-gravee.jpg\" alt=\"montre-grav\u00e9e\" width=\"800\" height=\"800\" srcset=\"https:\/\/www.marmottine.fr\/mag\/wp-content\/uploads\/2024\/03\/montre-gravee.jpg 800w, https:\/\/www.marmottine.fr\/mag\/wp-content\/uploads\/2024\/03\/montre-gravee-300x300.jpg 300w, https:\/\/www.marmottine.fr\/mag\/wp-content\/uploads\/2024\/03\/montre-gravee-150x150.jpg 150w, https:\/\/www.marmottine.fr\/mag\/wp-content\/uploads\/2024\/03\/montre-gravee-768x768.jpg 768w\" sizes=\"(max-width: 800px) 100vw, 800px\" \/><figcaption id=\"caption-attachment-390\" class=\"wp-caption-text\">montre-grav\u00e9e<\/figcaption><\/figure>\n<p>Les bijoux personnalis\u00e9s \u00e0 graver sont un vrai ph\u00e9nom\u00e8ne qui touche toute la bijouterie, de la fantaisie \u00e0 la joaillerie.<\/p>\n<ul>\n<li><strong>Les bijoux \u00e0 graver en plaqu\u00e9 or<\/strong>: c\u2019est l\u2019entr\u00e9e de gamme du bijou \u00e0 graver pas cher, la promesse d\u2019obtenir un joli bijou dor\u00e9 avec une gravure originale et personnelle pour un prix abordable. Les marques sont nombreuses \u00e0 proposer des bijoux de ce genre, souvent semblables\u00a0: des m\u00e9dailles rondes ou ovales, des bracelets sur cordon. Seules les gravures changent, les d\u00e9cors et les typographies. Mais les bijoux en plaqu\u00e9 or sont fragiles et vieillissent mal\u00a0; le plaquage s\u2019estompe et les bijoux ternissent.<\/li>\n<li><strong>Les bijoux \u00e0 graver en argent<\/strong>: apr\u00e8s avoir \u00e9t\u00e9 d\u00e9laiss\u00e9 ces derni\u00e8res ann\u00e9es, l\u2019argent op\u00e8re un retour remarqu\u00e9 dans les collections de bijoux \u00e0 graver. M\u00e9tal pr\u00e9cieux, l\u2019argent se patine dans le temps, donnant \u00e0 vos bijoux un look vintage. Un bijou personnalis\u00e9 en argent durera longtemps pour un budget tr\u00e8s raisonnable.<\/li>\n<li><strong>Les bijoux \u00e0 graver en or<\/strong>: jusqu\u2019\u00e0 pr\u00e9sent r\u00e9serv\u00e9s aux bijoux classiques que l\u2019on offre lors de grandes occasions, les bijoux en or n\u2019ont pas r\u00e9sist\u00e9 au tsunami des bijoux personnalis\u00e9s. On peut ainsi se faire plaisir et graver toutes sortes de motifs sur son bijou en or (9 carats ou 18 carats)\u00a0: un texte, une date, un dessin, une photo\u2026 tout est permis.<\/li>\n<\/ul>\n<h2><span class=\"ez-toc-section\" id=\"Les_marques_les_plus_connues_de_bijoux_a_graver\"><\/span>Les marques les plus connues de bijoux \u00e0 graver<span class=\"ez-toc-section-end\"><\/span><\/h2>\n<p>S\u2019il est difficile d\u2019identifier un <strong>meilleur site de bijoux personnalis\u00e9<\/strong>, certaines marques sortent du lot et se sont plus ou moins sp\u00e9cialis\u00e9es dans les bijoux personnalis\u00e9s \u00e0 graver. <u>Pandora<\/u>, c\u00e9l\u00e8bre pour ses charms, a \u00e9toff\u00e9 sa gamme avec des pi\u00e8ces \u00e0 graver. <u>Maty<\/u>, le c\u00e9l\u00e8bre bijoutier, a r\u00e9ussi le passage de la vente \u00e0 distance \u00e0 la vente en ligne avec un service de gravure. <u>Histoire d\u2019Or<\/u> a tr\u00e8s vite propos\u00e9 la gravure sur la plupart de ses bijoux face \u00e0 la demande de ses clientes. Voil\u00e0 pour les plus connues, mais la plupart des marques de bijoux proposent \u00e0 pr\u00e9sent des bijoux \u00e0 graver. V\u00e9ritable ph\u00e9nom\u00e8ne apparu dans les ann\u00e9es 2000, le bijou \u00e0 graver repr\u00e9sente aujourd\u2019hui 80% des bijoux vendus en France.<\/p>\n","protected":false},"excerpt":{"rendered":"<p>Quels sont les types de bijoux personnalis\u00e9s \u00e0 graver ? D\u00e8s qu\u2019on \u00e9voque les diff\u00e9rents types de bijoux personnalis\u00e9s, on [&hellip;]<\/p>\n","protected":false},"author":2,"featured_media":386,"parent":247,"menu_order":5,"comment_status":"closed","ping_status":"closed","template":"","meta":{"site-sidebar-layout":"default","site-content-layout":"","ast-site-content-layout":"default","site-content-style":"default","site-sidebar-style":"default","ast-global-header-display":"","ast-banner-title-visibility":"","ast-main-header-display":"","ast-hfb-above-header-display":"","ast-hfb-below-header-display":"","ast-hfb-mobile-header-display":"","site-post-title":"","ast-breadcrumbs-content":"","ast-featured-img":"","footer-sml-layout":"","theme-transparent-header-meta":"default","adv-header-id-meta":"","stick-header-meta":"","header-above-stick-meta":"","header-main-stick-meta":"","header-below-stick-meta":"","astra-migrate-meta-layouts":"set","ast-page-background-enabled":"default","ast-page-background-meta":{"desktop":{"background-color":"var(--ast-global-color-4)","background-image":"","background-repeat":"repeat","background-position":"center center","background-size":"auto","background-attachment":"scroll","background-type":"","background-media":"","overlay-type":"","overlay-color":"","overlay-gradient":""},"tablet":{"background-color":"","background-image":"","background-repeat":"repeat","background-position":"center center","background-size":"auto","background-attachment":"scroll","background-type":"","background-media":"","overlay-type":"","overlay-color":"","overlay-gradient":""},"mobile":{"background-color":"","background-image":"","background-repeat":"repeat","background-position":"center center","background-size":"auto","background-attachment":"scroll","background-type":"","background-media":"","overlay-type":"","overlay-color":"","overlay-gradient":""}},"ast-content-background-meta":{"desktop":{"background-color":"var(--ast-global-color-5)","background-image":"","background-repeat":"repeat","background-position":"center center","background-size":"auto","background-attachment":"scroll","background-type":"","background-media":"","overlay-type":"","overlay-color":"","overlay-gradient":""},"tablet":{"background-color":"var(--ast-global-color-5)","background-image":"","background-repeat":"repeat","background-position":"center center","background-size":"auto","background-attachment":"scroll","background-type":"","background-media":"","overlay-type":"","overlay-color":"","overlay-gradient":""},"mobile":{"background-color":"var(--ast-global-color-5)","background-image":"","background-repeat":"repeat","background-position":"center center","background-size":"auto","background-attachment":"scroll","background-type":"","background-media":"","overlay-type":"","overlay-color":"","overlay-gradient":""}},"footnotes":""},"aioseo_notices":[],"_links":{"self":[{"href":"https:\/\/www.marmottine.fr\/mag\/wp-json\/wp\/v2\/pages\/249"}],"collection":[{"href":"https:\/\/www.marmottine.fr\/mag\/wp-json\/wp\/v2\/pages"}],"about":[{"href":"https:\/\/www.marmottine.fr\/mag\/wp-json\/wp\/v2\/types\/page"}],"author":[{"embeddable":true,"href":"https:\/\/www.marmottine.fr\/mag\/wp-json\/wp\/v2\/users\/2"}],"replies":[{"embeddable":true,"href":"https:\/\/www.marmottine.fr\/mag\/wp-json\/wp\/v2\/comments?post=249"}],"version-history":[{"count":3,"href":"https:\/\/www.marmottine.fr\/mag\/wp-json\/wp\/v2\/pages\/249\/revisions"}],"predecessor-version":[{"id":601,"href":"https:\/\/www.marmottine.fr\/mag\/wp-json\/wp\/v2\/pages\/249\/revisions\/601"}],"up":[{"embeddable":true,"href":"https:\/\/www.marmottine.fr\/mag\/wp-json\/wp\/v2\/pages\/247"}],"wp:featuredmedia":[{"embeddable":true,"href":"https:\/\/www.marmottine.fr\/mag\/wp-json\/wp\/v2\/media\/386"}],"wp:attachment":[{"href":"https:\/\/www.marmottine.fr\/mag\/wp-json\/wp\/v2\/media?parent=249"}],"curies":[{"name":"wp","href":"https:\/\/api.w.org\/{rel}","templated":true}]}}