{"id":247,"date":"2024-04-04T16:24:27","date_gmt":"2024-04-04T14:24:27","guid":{"rendered":"https:\/\/www.marmottine.fr\/mag\/?page_id=247"},"modified":"2024-10-11T08:32:39","modified_gmt":"2024-10-11T06:32:39","slug":"types","status":"publish","type":"page","link":"https:\/\/www.marmottine.fr\/mag\/guides\/bijoux-personnalises\/types","title":{"rendered":"Quels sont les types de bijoux personnalis\u00e9s ?"},"content":{"rendered":"<h1><span class=\"ez-toc-section\" id=\"Quels_sont_les_types_de_bijoux_personnalises\"><\/span>Quels sont les types de bijoux personnalis\u00e9s ?<span class=\"ez-toc-section-end\"><\/span><\/h1><div id=\"ez-toc-container\" class=\"ez-toc-v2_0_69_1 counter-hierarchy ez-toc-counter ez-toc-grey ez-toc-container-direction\">\n<div class=\"ez-toc-title-container\">\n<p class=\"ez-toc-title\" style=\"cursor:inherit\">Sommaire<\/p>\n<span class=\"ez-toc-title-toggle\"><a href=\"#\" class=\"ez-toc-pull-right ez-toc-btn ez-toc-btn-xs ez-toc-btn-default ez-toc-toggle\" aria-label=\"Toggle Table of Content\"><span class=\"ez-toc-js-icon-con\"><span class=\"\"><span class=\"eztoc-hide\" style=\"display:none;\">Toggle<\/span><span class=\"ez-toc-icon-toggle-span\"><svg style=\"fill: #999;color:#999\" xmlns=\"http:\/\/www.w3.org\/2000\/svg\" class=\"list-377408\" width=\"20px\" height=\"20px\" viewBox=\"0 0 24 24\" fill=\"none\"><path d=\"M6 6H4v2h2V6zm14 0H8v2h12V6zM4 11h2v2H4v-2zm16 0H8v2h12v-2zM4 16h2v2H4v-2zm16 0H8v2h12v-2z\" fill=\"currentColor\"><\/path><\/svg><svg style=\"fill: #999;color:#999\" class=\"arrow-unsorted-368013\" xmlns=\"http:\/\/www.w3.org\/2000\/svg\" width=\"10px\" height=\"10px\" viewBox=\"0 0 24 24\" version=\"1.2\" baseProfile=\"tiny\"><path d=\"M18.2 9.3l-6.2-6.3-6.2 6.3c-.2.2-.3.4-.3.7s.1.5.3.7c.2.2.4.3.7.3h11c.3 0 .5-.1.7-.3.2-.2.3-.5.3-.7s-.1-.5-.3-.7zM5.8 14.7l6.2 6.3 6.2-6.3c.2-.2.3-.5.3-.7s-.1-.5-.3-.7c-.2-.2-.4-.3-.7-.3h-11c-.3 0-.5.1-.7.3-.2.2-.3.5-.3.7s.1.5.3.7z\"\/><\/svg><\/span><\/span><\/span><\/a><\/span><\/div>\n<nav><ul class='ez-toc-list ez-toc-list-level-1 ' ><li class='ez-toc-page-1 ez-toc-heading-level-1'><a class=\"ez-toc-link ez-toc-heading-1\" href=\"https:\/\/www.marmottine.fr\/mag\/guides\/bijoux-personnalises\/types\/#Quels_sont_les_types_de_bijoux_personnalises\" title=\"Quels sont les types de bijoux personnalis\u00e9s ?\">Quels sont les types de bijoux personnalis\u00e9s ?<\/a><ul class='ez-toc-list-level-2' ><li class='ez-toc-heading-level-2'><a class=\"ez-toc-link ez-toc-heading-2\" href=\"https:\/\/www.marmottine.fr\/mag\/guides\/bijoux-personnalises\/types\/#Quels_sont_les_bijoux_personnalises_avec_des_prenoms\" title=\"Quels sont les bijoux personnalis\u00e9s avec des pr\u00e9noms ?\">Quels sont les bijoux personnalis\u00e9s avec des pr\u00e9noms ?<\/a><\/li><li class='ez-toc-page-1 ez-toc-heading-level-2'><a class=\"ez-toc-link ez-toc-heading-3\" href=\"https:\/\/www.marmottine.fr\/mag\/guides\/bijoux-personnalises\/types\/#Collier_ou_bracelet_initiale_lequel_choisir\" title=\"Collier ou bracelet initiale : lequel choisir ?\">Collier ou bracelet initiale : lequel choisir ?<\/a><\/li><li class='ez-toc-page-1 ez-toc-heading-level-2'><a class=\"ez-toc-link ez-toc-heading-4\" href=\"https:\/\/www.marmottine.fr\/mag\/guides\/bijoux-personnalises\/types\/#Quels_sont_les_types_de_bijoux_personnalises_a_graver\" title=\"Quels sont les types de bijoux personnalis\u00e9s \u00e0 graver ?\">Quels sont les types de bijoux personnalis\u00e9s \u00e0 graver ?<\/a><\/li><li class='ez-toc-page-1 ez-toc-heading-level-2'><a class=\"ez-toc-link ez-toc-heading-5\" href=\"https:\/\/www.marmottine.fr\/mag\/guides\/bijoux-personnalises\/types\/#Quels_bijoux_peut-on_personnaliser_avec_une_pierre_de_naissance\" title=\"Quels bijoux peut-on personnaliser avec une pierre de naissance ?\">Quels bijoux peut-on personnaliser avec une pierre de naissance ?<\/a><\/li><li class='ez-toc-page-1 ez-toc-heading-level-2'><a class=\"ez-toc-link ez-toc-heading-6\" href=\"https:\/\/www.marmottine.fr\/mag\/guides\/bijoux-personnalises\/types\/#Quels_sont_les_types_de_bijoux_personnalises_religieux\" title=\"Quels sont les types de bijoux personnalis\u00e9s religieux ?\">Quels sont les types de bijoux personnalis\u00e9s religieux ?<\/a><\/li><li class='ez-toc-page-1 ez-toc-heading-level-2'><a class=\"ez-toc-link ez-toc-heading-7\" href=\"https:\/\/www.marmottine.fr\/mag\/guides\/bijoux-personnalises\/types\/#Quels_sont_les_bijoux_personnalises_de_la_religion_chretienne\" title=\"Quels sont les bijoux personnalis\u00e9s de la religion chr\u00e9tienne ?\">Quels sont les bijoux personnalis\u00e9s de la religion chr\u00e9tienne ?<\/a><\/li><li class='ez-toc-page-1 ez-toc-heading-level-2'><a class=\"ez-toc-link ez-toc-heading-8\" href=\"https:\/\/www.marmottine.fr\/mag\/guides\/bijoux-personnalises\/types\/#Quels_sont_les_bijoux_personnalises_juifs_en_ligne\" title=\"Quels sont les bijoux personnalis\u00e9s juifs en ligne ?\">Quels sont les bijoux personnalis\u00e9s juifs en ligne ?<\/a><\/li><li class='ez-toc-page-1 ez-toc-heading-level-2'><a class=\"ez-toc-link ez-toc-heading-9\" href=\"https:\/\/www.marmottine.fr\/mag\/guides\/bijoux-personnalises\/types\/#Quels_types_de_bijoux_personnalises_peut-on_trouver_pour_les_bouddhistes\" title=\"Quels types de bijoux personnalis\u00e9s peut-on trouver pour les bouddhistes ?\">Quels types de bijoux personnalis\u00e9s peut-on trouver pour les bouddhistes ?<\/a><\/li><li class='ez-toc-page-1 ez-toc-heading-level-2'><a class=\"ez-toc-link ez-toc-heading-10\" href=\"https:\/\/www.marmottine.fr\/mag\/guides\/bijoux-personnalises\/types\/#Quels_sont_les_bijoux_personnalises_musulmans\" title=\"Quels sont les bijoux personnalis\u00e9s musulmans ?\">Quels sont les bijoux personnalis\u00e9s musulmans ?<\/a><\/li><\/ul><\/li><\/ul><\/nav><\/div>\n\n<figure id=\"attachment_385\" aria-describedby=\"caption-attachment-385\" style=\"width: 800px\" class=\"wp-caption alignnone\"><img loading=\"lazy\" decoding=\"async\" class=\"size-full wp-image-385\" src=\"https:\/\/www.marmottine.fr\/mag\/wp-content\/uploads\/2024\/03\/bracelet-en-or-grave.jpg\" alt=\"bracelet en or grav\u00e9\" width=\"800\" height=\"800\" srcset=\"https:\/\/www.marmottine.fr\/mag\/wp-content\/uploads\/2024\/03\/bracelet-en-or-grave.jpg 800w, https:\/\/www.marmottine.fr\/mag\/wp-content\/uploads\/2024\/03\/bracelet-en-or-grave-300x300.jpg 300w, https:\/\/www.marmottine.fr\/mag\/wp-content\/uploads\/2024\/03\/bracelet-en-or-grave-150x150.jpg 150w, https:\/\/www.marmottine.fr\/mag\/wp-content\/uploads\/2024\/03\/bracelet-en-or-grave-768x768.jpg 768w\" sizes=\"(max-width: 800px) 100vw, 800px\" \/><figcaption id=\"caption-attachment-385\" class=\"wp-caption-text\">bracelet en or grav\u00e9<\/figcaption><\/figure>\n<p>Depuis quelques ann\u00e9es, <a href=\"https:\/\/www.marmottine.fr\/mag\/guides\/bijoux-personnalises\">les <strong>bijoux personnalis\u00e9s<\/strong> sont un v\u00e9ritable ph\u00e9nom\u00e8ne de mode<\/a>. Ils sont progressivement apparus en bijouterie fantaisie comme en bijouterie classique et en joaillerie. Depuis, ils sont devenus incontournables. \u00a0Mais quels sont les <strong>types de bijoux personnalis\u00e9s<\/strong>\u00a0? On en d\u00e9nombre beaucoup mais on va s\u2019attacher ici \u00e0 d\u00e9crypter les principaux. Les <strong>bijoux personnalis\u00e9s pr\u00e9noms et initiales<\/strong>, derni\u00e8re tendance forte. Les <strong>bijoux \u00e0 graver<\/strong>, ind\u00e9modables et incontournables, pour petits et grands, \u00e0 offrir en toute occasion. Les <strong>bijoux avec la pierre de naissance<\/strong>, personnalisation originale s\u2019il en est, color\u00e9e et pr\u00e9cieuse, qui fait appel \u00e0 la lithoth\u00e9rapie et explore des horizons nouveaux. Et enfin les <strong>bijoux religieux<\/strong>, avec un focus sur les <strong>bijoux chr\u00e9tiens<\/strong> et les <strong>bijoux juifs<\/strong>, deux religions monoth\u00e9istes aux symboles forts qui ont inspir\u00e9 \u00e0 la bijouterie des mod\u00e8les intemporels qui se transmettent de g\u00e9n\u00e9ration en g\u00e9n\u00e9ration.<\/p>\n<h2><span class=\"ez-toc-section\" id=\"Quels_sont_les_bijoux_personnalises_avec_des_prenoms\"><\/span>Quels sont les bijoux personnalis\u00e9s avec des pr\u00e9noms ?<span class=\"ez-toc-section-end\"><\/span><\/h2>\n<p>Les premi\u00e8res personnalisations op\u00e9r\u00e9es sur les bijoux ont concern\u00e9 les pr\u00e9noms des personnes \u00e0 qui ils \u00e9taient destin\u00e9s. On trouve l\u00e0 l\u2019origine m\u00eame de la personnalisation. Que ce soit sur une m\u00e9daille de bapt\u00eame, sur une alliance, sur une gourmette, sur un bracelet pour une maman\u2026. Graver un pr\u00e9nom est la premi\u00e8re chose \u00e0 laquelle on pense.<\/p>\n<p>Avec le d\u00e9veloppement fulgurant des bijoux personnalis\u00e9s, <strong><a href=\"https:\/\/www.marmottine.fr\/mag\/guides\/bijoux-personnalises\/types\/prenom\">les bijoux personnalis\u00e9s pr\u00e9nom sont devenus incontournables<\/a><\/strong>\u00a0et concernent plusieurs mod\u00e8les, \u00e0 commencer par les colliers et les bracelets. Pour r\u00e9ussir le bijou parfait, et bien choisir son bijou pr\u00e9nom, il convient de prendre quelques pr\u00e9cautions comme bien choisir la gravure (la typographie donnera le ton de votre bijou), et bien v\u00e9rifier l\u2019orthographe pour \u00e9viter toute erreur qui serait irrattrapable. Pr\u00e9nom grav\u00e9 ou pr\u00e9nom d\u00e9coup\u00e9 dans la mati\u00e8re, afficher son pr\u00e9nom en lettres d\u2019or ou d\u2019argent est devenu ultra tendance.<\/p>\n<h2><span class=\"ez-toc-section\" id=\"Collier_ou_bracelet_initiale_lequel_choisir\"><\/span>Collier ou bracelet initiale : lequel choisir ?<span class=\"ez-toc-section-end\"><\/span><\/h2>\n<p>Dans la continuit\u00e9 des bijoux pr\u00e9nom, et surfant sur la vague des bijoux minimalistes, <strong><a href=\"https:\/\/www.marmottine.fr\/mag\/guides\/bijoux-personnalises\/types\/initiales\">on trouve les bijoux personnalis\u00e9s initiales<\/a><\/strong>. En lettres majuscules, seules ou en duo, entrelac\u00e9es, les initiales se font discr\u00e8tes et myst\u00e9rieuses. En \u00e9criture anglaise, l\u2019initiale est romantique. En typographie b\u00e2ton, elle parait s\u00e9rieuse. En lettres soud\u00e9es sur une chevali\u00e8re, elle devient masculine. Tout le monde peut porter un bijou lettre ou initiale, quel que soit son \u00e2ge et quel que soit son sexe. Le collier initiale existe dans tous les styles et convient aux jeunes comme aux adultes. Le pendentif avec les initiales entrelac\u00e9es est une vraie \u0153uvre d\u2019art \u00e9voquant la calligraphie ou les monogrammes des trousseaux de nos grands-m\u00e8res. La bague personnalis\u00e9e avec initiales sait se faire discr\u00e8te quand il s\u2019agit d\u2019une simple lettre grav\u00e9e, et elle devient imposante quand il s\u2019agit d\u2019une chevali\u00e8re avec les lettres en relief. En argent ou en or, pour homme ou pour femme, le bracelet initiales comme le collier initiales sont une valeur s\u00fbre.<\/p>\n<h2><span class=\"ez-toc-section\" id=\"Quels_sont_les_types_de_bijoux_personnalises_a_graver\"><\/span>Quels sont les types de bijoux personnalis\u00e9s \u00e0 graver ?<span class=\"ez-toc-section-end\"><\/span><\/h2>\n<p>La personnalisation d\u2019un bijou peut rev\u00eatir diff\u00e9rentes formes. <strong><a href=\"https:\/\/www.marmottine.fr\/mag\/guides\/bijoux-personnalises\/types\/a-graver\">Les bijoux personnalis\u00e9s \u00e0 graver<\/a><\/strong> sont ceux auxquels on pense en premier, car c\u2019est l\u00e0 que tout a commenc\u00e9. Il existe diff\u00e9rents types de gravure (gravure \u00e0 la main, gravure machine \u2013 laser ou diamant). La technologie a fait de tels progr\u00e8s ces derni\u00e8res ann\u00e9es qu\u2019elle nous a permis d\u2019innover et de proposer des types de gravures inattendus et originaux. On peut aujourd\u2019hui graver n\u2019importe quel support (acier, plaqu\u00e9 or, argent, or) et surtout n\u2019importe quel motif. Les bijoux grav\u00e9s \u00e0 partir de <strong>dessins d\u2019enfant<\/strong> sont tr\u00e8s \u00e0 la mode. Les bijoux grav\u00e9s avec une photo sont devenus de grands classiques. Pour homme, pour femme et pour enfant, le bijou personnalis\u00e9 \u00e0 graver s\u2019adresse \u00e0 toute la famille. Il concerne la bijouterie fantaisie comme la joaillerie. Les marques les plus connues en proposent, avec un large choix de typographies, de techniques, et des r\u00e9sultats spectaculaires.<\/p>\n<h2><span class=\"ez-toc-section\" id=\"Quels_bijoux_peut-on_personnaliser_avec_une_pierre_de_naissance\"><\/span>Quels bijoux peut-on personnaliser avec une pierre de naissance ?<span class=\"ez-toc-section-end\"><\/span><\/h2>\n<p>C\u2019est certainement le type de bijou personnalis\u00e9 le plus original apparu des derni\u00e8res ann\u00e9es\u00a0: <strong><a href=\"https:\/\/www.marmottine.fr\/mag\/guides\/bijoux-personnalises\/types\/avec-la-pierre-de-naissance\">le bijou personnalis\u00e9 avec la pierre de naissance<\/a><\/strong>. Ludique et color\u00e9, ce type de personnalisation a tout de suite s\u00e9duit car il s\u2019adapte facilement \u00e0 tous les bijoux (collier, bracelet, bague) et \u00e0 tous les mat\u00e9riaux (plaqu\u00e9 or, argent, or). Contrairement \u00e0 ce que l\u2019on pourrait croire, il ne s\u2019agit pas d\u2019une id\u00e9e loufoque mais d\u2019une liste \u00e9tablie par un tr\u00e8s s\u00e9rieux organisme international. Chaque mois correspond \u00e0 une pierre (pierre pr\u00e9cieuse, pierre fine ou \u00e9l\u00e9ment organique &#8211; la perle), elle-m\u00eame associ\u00e9e \u00e0 des vertus particuli\u00e8res. Id\u00e9ale pour faire un cadeau de naissance (pour un b\u00e9b\u00e9 comme pour sa maman), on retrouve la pierre de naissance dans la plupart des collections de bijoux personnalis\u00e9s, et dans toutes les marques.<\/p>\n<h2><span class=\"ez-toc-section\" id=\"Quels_sont_les_types_de_bijoux_personnalises_religieux\"><\/span>Quels sont les types de bijoux personnalis\u00e9s religieux ?<span class=\"ez-toc-section-end\"><\/span><\/h2>\n<p>On trouve des bijoux dans toutes les religions, qu\u2019elles soient monoth\u00e9istes ou pas.\u00a0 Un bijou religieux repr\u00e9sente un symbole d\u2019une religion, sous forme de pendentif ou de bracelet. Si les bijoux catholiques sont les premiers auxquels on pense, dans notre soci\u00e9t\u00e9 jud\u00e9o chr\u00e9tienne, les bijoux modernes s\u2019imposent progressivement.\u00a0 Il existe <strong><a href=\"https:\/\/www.marmottine.fr\/mag\/guides\/bijoux-personnalises\/types\/religieux\">mille et une fa\u00e7ons de personnaliser un bijou religieux<\/a><\/strong>, le plus important \u00e9tant le message que l\u2019on souhaite transmettre.<\/p>\n<p>Les parrains et marraines, mais aussi l\u2019entourage familiale proche, se chargent d\u2019offrir un tel cadeau. Car les occasions ne manquent pas pour offrir des bijoux personnalis\u00e9s religieux\u00a0: f\u00eate religieuse, conversion, manifestation de sa foi\u2026 chaque \u00e9v\u00e9nement est pr\u00e9texte \u00e0 graver un texte pour immortaliser ce moment si important pour un croyant.<\/p>\n<h2><span class=\"ez-toc-section\" id=\"Quels_sont_les_bijoux_personnalises_de_la_religion_chretienne\"><\/span>Quels sont les bijoux personnalis\u00e9s de la religion chr\u00e9tienne ?<span class=\"ez-toc-section-end\"><\/span><\/h2>\n<p>La religion chr\u00e9tienne fourmille de symboles et de figures propices \u00e0 \u00eatre reproduits sur des bijoux. Les Livres Sacr\u00e9s, la Bible et les Evangiles, sont depuis longtemps source d\u2019inspiration pour la bijouterie. <strong><a href=\"https:\/\/www.marmottine.fr\/mag\/guides\/bijoux-personnalises\/types\/chretiens\">Les bijoux personnalis\u00e9s chr\u00e9tiens<\/a><\/strong> sont multiples et on pense bien s\u00fbr \u00e0 la m\u00e9daille religieuse personnalis\u00e9e au verso avec la gravure d\u2019un pr\u00e9nom et d\u2019une date. Mais elle n\u2019est pas la seule. La m\u00e9daille, la croix, le chapelet sont autant de bijoux chr\u00e9tiens que l\u2019on peut personnaliser \u00e0 l\u2019envi pour marquer un \u00e9v\u00e9nement important comme le bapt\u00eame, la communion, la profession de foi ou la confirmation. En plus de la gravure, la personnalisation passe aussi par l\u2019illustration du bijou. Il existe de nombreuses repr\u00e9sentations de la Vierge Marie, du Christ, des Saints, mais aussi des illustrations repr\u00e9sentant des sc\u00e8nes comme le bapt\u00eame ou la communion. Entre tradition et modernit\u00e9, le bijou chr\u00e9tien personnalis\u00e9 n\u2019a pas fini de se r\u00e9inventer.<\/p>\n<h2><span class=\"ez-toc-section\" id=\"Quels_sont_les_bijoux_personnalises_juifs_en_ligne\"><\/span>Quels sont les bijoux personnalis\u00e9s juifs en ligne ?<span class=\"ez-toc-section-end\"><\/span><\/h2>\n<p>Impossible de parler des diff\u00e9rents types de bijoux personnalis\u00e9s sans \u00e9voquer<strong><a href=\"https:\/\/www.marmottine.fr\/mag\/guides\/bijoux-personnalises\/types\/juifs\"> les bijoux personnalis\u00e9s juifs<\/a><\/strong>. A l\u2019instar des bijoux chr\u00e9tiens, ils refl\u00e8tent la foi de ceux qui les portent. On offre les bijoux juifs messianiques lors de f\u00eates religieuses comme la Bar Mitsvah mais \u00e9galement pour toute autre occasion qui marque un \u00e9v\u00e9nement important dans la vie d\u2019un croyant. Porter un symbole de la religion juive est une mani\u00e8re d\u2019affirmer discr\u00e8tement son appartenance \u00e0 cette culture tr\u00e8s forte qu\u2019est le Juda\u00efsme.<\/p>\n<p>Inspir\u00e9s des textes sacr\u00e9s de la Torah et de la Kabbale, les bijoux traditionnels juifs sont principalement l\u2019\u00e9toile de David, le chandelier \u00e0 7 branches et la Khamsa (ou la main de Myriam). Le bracelet fil rouge est par extension un autre symbole de la culture juive.<\/p>\n<p>Plus r\u00e9cemment on a vu appara\u00eetre des colliers et des bracelets avec une \u00e9criture en h\u00e9breu. Variante du c\u00e9l\u00e8bre collier pr\u00e9nom, le collier pr\u00e9nom h\u00e9breu signifie aussi l\u2019appartenance \u00e0 la confession juda\u00efque. Pour r\u00e9pondre \u00e0 une forte demande partout dans le monde, il est tr\u00e8s facile de se procurer des bijoux juifs en ligne, qu\u2019ils viennent d\u2019Isra\u00ebl ou d\u2019ailleurs.<\/p>\n<h2><span class=\"ez-toc-section\" id=\"Quels_types_de_bijoux_personnalises_peut-on_trouver_pour_les_bouddhistes\"><\/span>Quels types de bijoux personnalis\u00e9s peut-on trouver pour les bouddhistes ?<span class=\"ez-toc-section-end\"><\/span><\/h2>\n<p>La religion bouddhisme est apparue dans le nord du continent indien. Celle-ci s&rsquo;est d\u00e9velopp\u00e9 dans plusieurs pays et cultures pour donner naissance \u00e0 des <a href=\"https:\/\/www.marmottine.fr\/mag\/guides\/bijoux-personnalises\/types\/bijoux-personnalises-bouddhistes\">bijoux personnalis\u00e9s, sp\u00e9cialement r\u00e9serv\u00e9s aux bouddhistes<\/a>.<\/p>\n<p>La multitude de joncs autour du poignet est typique de cette culture car elle \u00e9voque un caract\u00e8re spirituel, comme d&rsquo;autres types de bijoux bouddhistes. Nous pouvons \u00e9galement penser aux amulettes qui ont un pouvoir sur l&rsquo;\u00e2me et une vision parfois \u00ab\u00a0magique\u00a0\u00bb contre le mal.<\/p>\n<h2><span class=\"ez-toc-section\" id=\"Quels_sont_les_bijoux_personnalises_musulmans\"><\/span>Quels sont les bijoux personnalis\u00e9s musulmans ?<span class=\"ez-toc-section-end\"><\/span><\/h2>\n<p>Les bijoux musulmans sont sp\u00e9cifiques \u00e0 la religion musulmane. En effet, chaque culture commence \u00e0 avoir des bijoux sp\u00e9cifique \u00e0 leur culture et notamment, vous trouverez <a href=\"https:\/\/www.marmottine.fr\/mag\/guides\/bijoux-personnalises\/types\/bijoux-personnalises-musulmans\">les bijoux personnalis\u00e9s pour les musulmans<\/a>.<\/p>\n<p>La main de fatma est un symbole de la religion musulmane. Elle repr\u00e9sente la protection et est port\u00e9e comme une amulette. Les bijoux personnalis\u00e9s utilisent la main de fatma comme symbole des traditions musulmanes. Elle \u00e9voque ainsi la foi, la spiritualit\u00e9 et la culture de la religion.<\/p>\n","protected":false},"excerpt":{"rendered":"<p>Quels sont les types de bijoux personnalis\u00e9s ? Depuis quelques ann\u00e9es, les bijoux personnalis\u00e9s sont un v\u00e9ritable ph\u00e9nom\u00e8ne de mode. [&hellip;]<\/p>\n","protected":false},"author":2,"featured_media":385,"parent":37,"menu_order":6,"comment_status":"closed","ping_status":"closed","template":"","meta":{"site-sidebar-layout":"default","site-content-layout":"","ast-site-content-layout":"default","site-content-style":"default","site-sidebar-style":"default","ast-global-header-display":"","ast-banner-title-visibility":"","ast-main-header-display":"","ast-hfb-above-header-display":"","ast-hfb-below-header-display":"","ast-hfb-mobile-header-display":"","site-post-title":"","ast-breadcrumbs-content":"","ast-featured-img":"","footer-sml-layout":"","theme-transparent-header-meta":"default","adv-header-id-meta":"","stick-header-meta":"","header-above-stick-meta":"","header-main-stick-meta":"","header-below-stick-meta":"","astra-migrate-meta-layouts":"set","ast-page-background-enabled":"default","ast-page-background-meta":{"desktop":{"background-color":"var(--ast-global-color-4)","background-image":"","background-repeat":"repeat","background-position":"center center","background-size":"auto","background-attachment":"scroll","background-type":"","background-media":"","overlay-type":"","overlay-color":"","overlay-gradient":""},"tablet":{"background-color":"","background-image":"","background-repeat":"repeat","background-position":"center center","background-size":"auto","background-attachment":"scroll","background-type":"","background-media":"","overlay-type":"","overlay-color":"","overlay-gradient":""},"mobile":{"background-color":"","background-image":"","background-repeat":"repeat","background-position":"center center","background-size":"auto","background-attachment":"scroll","background-type":"","background-media":"","overlay-type":"","overlay-color":"","overlay-gradient":""}},"ast-content-background-meta":{"desktop":{"background-color":"var(--ast-global-color-5)","background-image":"","background-repeat":"repeat","background-position":"center center","background-size":"auto","background-attachment":"scroll","background-type":"","background-media":"","overlay-type":"","overlay-color":"","overlay-gradient":""},"tablet":{"background-color":"var(--ast-global-color-5)","background-image":"","background-repeat":"repeat","background-position":"center center","background-size":"auto","background-attachment":"scroll","background-type":"","background-media":"","overlay-type":"","overlay-color":"","overlay-gradient":""},"mobile":{"background-color":"var(--ast-global-color-5)","background-image":"","background-repeat":"repeat","background-position":"center center","background-size":"auto","background-attachment":"scroll","background-type":"","background-media":"","overlay-type":"","overlay-color":"","overlay-gradient":""}},"footnotes":""},"aioseo_notices":[],"_links":{"self":[{"href":"https:\/\/www.marmottine.fr\/mag\/wp-json\/wp\/v2\/pages\/247"}],"collection":[{"href":"https:\/\/www.marmottine.fr\/mag\/wp-json\/wp\/v2\/pages"}],"about":[{"href":"https:\/\/www.marmottine.fr\/mag\/wp-json\/wp\/v2\/types\/page"}],"author":[{"embeddable":true,"href":"https:\/\/www.marmottine.fr\/mag\/wp-json\/wp\/v2\/users\/2"}],"replies":[{"embeddable":true,"href":"https:\/\/www.marmottine.fr\/mag\/wp-json\/wp\/v2\/comments?post=247"}],"version-history":[{"count":16,"href":"https:\/\/www.marmottine.fr\/mag\/wp-json\/wp\/v2\/pages\/247\/revisions"}],"predecessor-version":[{"id":851,"href":"https:\/\/www.marmottine.fr\/mag\/wp-json\/wp\/v2\/pages\/247\/revisions\/851"}],"up":[{"embeddable":true,"href":"https:\/\/www.marmottine.fr\/mag\/wp-json\/wp\/v2\/pages\/37"}],"wp:featuredmedia":[{"embeddable":true,"href":"https:\/\/www.marmottine.fr\/mag\/wp-json\/wp\/v2\/media\/385"}],"wp:attachment":[{"href":"https:\/\/www.marmottine.fr\/mag\/wp-json\/wp\/v2\/media?parent=247"}],"curies":[{"name":"wp","href":"https:\/\/api.w.org\/{rel}","templated":true}]}}