{"id":237,"date":"2024-04-09T12:02:51","date_gmt":"2024-04-09T10:02:51","guid":{"rendered":"https:\/\/www.marmottine.fr\/mag\/?page_id=237"},"modified":"2024-04-09T16:39:14","modified_gmt":"2024-04-09T14:39:14","slug":"a-une-femme","status":"publish","type":"page","link":"https:\/\/www.marmottine.fr\/mag\/guides\/bijoux-personnalises\/offrir\/a-une-femme","title":{"rendered":"Quel bijou personnalis\u00e9 offrir \u00e0 une femme ?"},"content":{"rendered":"<h1><span class=\"ez-toc-section\" id=\"Quel_bijou_personnalise_offrir_a_une_femme\"><\/span>Quel bijou personnalis\u00e9 offrir \u00e0 une femme ?<span class=\"ez-toc-section-end\"><\/span><\/h1><div id=\"ez-toc-container\" class=\"ez-toc-v2_0_69_1 counter-hierarchy ez-toc-counter ez-toc-grey ez-toc-container-direction\">\n<div class=\"ez-toc-title-container\">\n<p class=\"ez-toc-title\" style=\"cursor:inherit\">Sommaire<\/p>\n<span class=\"ez-toc-title-toggle\"><a href=\"#\" class=\"ez-toc-pull-right ez-toc-btn ez-toc-btn-xs ez-toc-btn-default ez-toc-toggle\" aria-label=\"Toggle Table of Content\"><span class=\"ez-toc-js-icon-con\"><span class=\"\"><span class=\"eztoc-hide\" style=\"display:none;\">Toggle<\/span><span class=\"ez-toc-icon-toggle-span\"><svg style=\"fill: #999;color:#999\" xmlns=\"http:\/\/www.w3.org\/2000\/svg\" class=\"list-377408\" width=\"20px\" height=\"20px\" viewBox=\"0 0 24 24\" fill=\"none\"><path d=\"M6 6H4v2h2V6zm14 0H8v2h12V6zM4 11h2v2H4v-2zm16 0H8v2h12v-2zM4 16h2v2H4v-2zm16 0H8v2h12v-2z\" fill=\"currentColor\"><\/path><\/svg><svg style=\"fill: #999;color:#999\" class=\"arrow-unsorted-368013\" xmlns=\"http:\/\/www.w3.org\/2000\/svg\" width=\"10px\" height=\"10px\" viewBox=\"0 0 24 24\" version=\"1.2\" baseProfile=\"tiny\"><path d=\"M18.2 9.3l-6.2-6.3-6.2 6.3c-.2.2-.3.4-.3.7s.1.5.3.7c.2.2.4.3.7.3h11c.3 0 .5-.1.7-.3.2-.2.3-.5.3-.7s-.1-.5-.3-.7zM5.8 14.7l6.2 6.3 6.2-6.3c.2-.2.3-.5.3-.7s-.1-.5-.3-.7c-.2-.2-.4-.3-.7-.3h-11c-.3 0-.5.1-.7.3-.2.2-.3.5-.3.7s.1.5.3.7z\"\/><\/svg><\/span><\/span><\/span><\/a><\/span><\/div>\n<nav><ul class='ez-toc-list ez-toc-list-level-1 ' ><li class='ez-toc-page-1 ez-toc-heading-level-1'><a class=\"ez-toc-link ez-toc-heading-1\" href=\"https:\/\/www.marmottine.fr\/mag\/guides\/bijoux-personnalises\/offrir\/a-une-femme\/#Quel_bijou_personnalise_offrir_a_une_femme\" title=\"Quel bijou personnalis\u00e9 offrir \u00e0 une femme ?\">Quel bijou personnalis\u00e9 offrir \u00e0 une femme ?<\/a><ul class='ez-toc-list-level-2' ><li class='ez-toc-heading-level-2'><a class=\"ez-toc-link ez-toc-heading-2\" href=\"https:\/\/www.marmottine.fr\/mag\/guides\/bijoux-personnalises\/offrir\/a-une-femme\/#Le_bracelet_personnalise_pour_femme\" title=\"Le bracelet personnalis\u00e9 pour femme\">Le bracelet personnalis\u00e9 pour femme<\/a><\/li><li class='ez-toc-page-1 ez-toc-heading-level-2'><a class=\"ez-toc-link ez-toc-heading-3\" href=\"https:\/\/www.marmottine.fr\/mag\/guides\/bijoux-personnalises\/offrir\/a-une-femme\/#Le_collier_personnalise_pour_femme\" title=\"Le collier personnalis\u00e9 pour femme\">Le collier personnalis\u00e9 pour femme<\/a><\/li><li class='ez-toc-page-1 ez-toc-heading-level-2'><a class=\"ez-toc-link ez-toc-heading-4\" href=\"https:\/\/www.marmottine.fr\/mag\/guides\/bijoux-personnalises\/offrir\/a-une-femme\/#La_bague_personnalisee_pour_femme\" title=\"La bague personnalis\u00e9e pour femme\">La bague personnalis\u00e9e pour femme<\/a><\/li><li class='ez-toc-page-1 ez-toc-heading-level-2'><a class=\"ez-toc-link ez-toc-heading-5\" href=\"https:\/\/www.marmottine.fr\/mag\/guides\/bijoux-personnalises\/offrir\/a-une-femme\/#Les_boucles_doreilles_personnalisees_pour_femme\" title=\"Les boucles d\u2019oreilles personnalis\u00e9es pour femme\">Les boucles d\u2019oreilles personnalis\u00e9es pour femme<\/a><\/li><li class='ez-toc-page-1 ez-toc-heading-level-2'><a class=\"ez-toc-link ez-toc-heading-6\" href=\"https:\/\/www.marmottine.fr\/mag\/guides\/bijoux-personnalises\/offrir\/a-une-femme\/#En_quelle_matiere_choisir_un_bijou_personnalise_pour_femme\" title=\"En quelle mati\u00e8re choisir un bijou personnalis\u00e9 pour femme\u00a0?\">En quelle mati\u00e8re choisir un bijou personnalis\u00e9 pour femme\u00a0?<\/a><\/li><li class='ez-toc-page-1 ez-toc-heading-level-2'><a class=\"ez-toc-link ez-toc-heading-7\" href=\"https:\/\/www.marmottine.fr\/mag\/guides\/bijoux-personnalises\/offrir\/a-une-femme\/#Le_bijou_personnalise_le_cadeau_ideal_pour_une_femme\" title=\"Le bijou personnalis\u00e9\u00a0: le cadeau id\u00e9al pour une femme\">Le bijou personnalis\u00e9\u00a0: le cadeau id\u00e9al pour une femme<\/a><\/li><li class='ez-toc-page-1 ez-toc-heading-level-2'><a class=\"ez-toc-link ez-toc-heading-8\" href=\"https:\/\/www.marmottine.fr\/mag\/guides\/bijoux-personnalises\/offrir\/a-une-femme\/#En_quelles_occasions_offrir_un_bijou_personnalise_a_une_femme\" title=\"En quelles occasions offrir un bijou personnalis\u00e9 \u00e0 une femme\u00a0?\">En quelles occasions offrir un bijou personnalis\u00e9 \u00e0 une femme\u00a0?<\/a><\/li><\/ul><\/li><\/ul><\/nav><\/div>\n\n<figure id=\"attachment_342\" aria-describedby=\"caption-attachment-342\" style=\"width: 800px\" class=\"wp-caption alignnone\"><img loading=\"lazy\" decoding=\"async\" class=\"size-full wp-image-342\" src=\"https:\/\/www.marmottine.fr\/mag\/wp-content\/uploads\/2024\/03\/alliance-personnalisee-femme.jpg\" alt=\"alliance personnalis\u00e9e femme\" width=\"800\" height=\"800\" srcset=\"https:\/\/www.marmottine.fr\/mag\/wp-content\/uploads\/2024\/03\/alliance-personnalisee-femme.jpg 800w, https:\/\/www.marmottine.fr\/mag\/wp-content\/uploads\/2024\/03\/alliance-personnalisee-femme-300x300.jpg 300w, https:\/\/www.marmottine.fr\/mag\/wp-content\/uploads\/2024\/03\/alliance-personnalisee-femme-150x150.jpg 150w, https:\/\/www.marmottine.fr\/mag\/wp-content\/uploads\/2024\/03\/alliance-personnalisee-femme-768x768.jpg 768w\" sizes=\"(max-width: 800px) 100vw, 800px\" \/><figcaption id=\"caption-attachment-342\" class=\"wp-caption-text\">alliance personnalis\u00e9e femme<\/figcaption><\/figure>\n<p><strong><a href=\"https:\/\/www.marmottine.fr\/mag\/guides\/bijoux-personnalises\/offrir\">Quel bijou personnalis\u00e9 offrir<\/a><\/strong>\u00a0? Surtout s\u2019il s\u2019agit d\u2019une femme ? De nombreux hommes se sont d\u00e9j\u00e0 pos\u00e9 cette question, partag\u00e9s entre l\u2019envie de faire plaisir et la tentation de choisir un cadeau dans l\u2019air du temps. La personnalisation est au c\u0153ur de notre soci\u00e9t\u00e9 de consommation, les bijoux ne font pas exception. En offrant un bijou personnalis\u00e9 \u00e0 une femme, vous offrez un bijou \u00e9l\u00e9gant qui a du sens, et vous \u00eates pratiquement certain de la combler, encore faut-il s\u2019y retrouver parmi les centaines de personnalisations, les diff\u00e9rents mat\u00e9riaux propos\u00e9s et les mod\u00e8les existants.<\/p>\n<h2><span class=\"ez-toc-section\" id=\"Le_bracelet_personnalise_pour_femme\"><\/span>Le bracelet personnalis\u00e9 pour femme<span class=\"ez-toc-section-end\"><\/span><\/h2>\n<p>Le bijou le plus simple \u00e0 offrir est certainement le bracelet, car de nos jours il se porte de mille et une fa\u00e7ons. Seul ou en accumulation (ultra tendance), sur cha\u00eene ou sur cordon (tellement pratique), en plaqu\u00e9, en argent ou en or selon le budget et l\u2019occasion, le bracelet est la star des bijoux personnalis\u00e9s pour femme.<\/p>\n<ul>\n<li><u>Le bracelet personnalis\u00e9 grav\u00e9<\/u>: il sait se faire discret si besoin, avec une gravure au verso, cach\u00e9e c\u00f4t\u00e9 poignet, pour une personnalisation intime qui ne regarde qu\u2019elle. Il peut au contraire afficher fi\u00e8rement un message ou un pr\u00e9nom, en lettres grav\u00e9es au recto.<\/li>\n<li><u>Le bracelet personnalis\u00e9 breloque<\/u>: quand on \u00e9voque les bracelets personnalis\u00e9s pour femme on imagine spontan\u00e9ment une plaque \u00e0 graver, mais il peut aussi s\u2019agir d\u2019un bracelet avec des breloques ou des charms, grosse tendance apparue dans les ann\u00e9es 2000 toujours en vigueur de nos jours. Cette mode est tr\u00e8s ludique et permet d\u2019afficher ses passions, et d\u2019affirmer sa personnalit\u00e9 \u00e0 l\u2019aide de pampilles qui flottent joyeusement sur le bracelet.<\/li>\n<\/ul>\n<h2><span class=\"ez-toc-section\" id=\"Le_collier_personnalise_pour_femme\"><\/span>Le collier personnalis\u00e9 pour femme<span class=\"ez-toc-section-end\"><\/span><\/h2>\n<figure id=\"attachment_344\" aria-describedby=\"caption-attachment-344\" style=\"width: 800px\" class=\"wp-caption alignnone\"><img loading=\"lazy\" decoding=\"async\" class=\"size-full wp-image-344\" src=\"https:\/\/www.marmottine.fr\/mag\/wp-content\/uploads\/2024\/03\/collier-personnalise-femme.jpg\" alt=\"collier personnalis\u00e9 femme\" width=\"800\" height=\"800\" srcset=\"https:\/\/www.marmottine.fr\/mag\/wp-content\/uploads\/2024\/03\/collier-personnalise-femme.jpg 800w, https:\/\/www.marmottine.fr\/mag\/wp-content\/uploads\/2024\/03\/collier-personnalise-femme-300x300.jpg 300w, https:\/\/www.marmottine.fr\/mag\/wp-content\/uploads\/2024\/03\/collier-personnalise-femme-150x150.jpg 150w, https:\/\/www.marmottine.fr\/mag\/wp-content\/uploads\/2024\/03\/collier-personnalise-femme-768x768.jpg 768w\" sizes=\"(max-width: 800px) 100vw, 800px\" \/><figcaption id=\"caption-attachment-344\" class=\"wp-caption-text\">collier personnalis\u00e9 femme<\/figcaption><\/figure>\n<p>Il y a la team bracelet et la team collier\u00a0! Certaines femmes sont fans de colliers et collectionnent les pendentifs et autres m\u00e9dailles \u00e0 graver.<\/p>\n<ul>\n<li>La mode des <u>colliers superpos\u00e9s<\/u> permet de porter simultan\u00e9ment 2, 3 voire 4 colliers de diff\u00e9rentes longueurs, en cascade, du plus bel effet sur un d\u00e9collet\u00e9 ou sur un pull. Chaque collier raconte une histoire, un moment de vie cher \u00e0 la femme qui le porte. On porte ces colliers personnalis\u00e9s un peu comme des talismans charg\u00e9s d\u2019histoire.<\/li>\n<li>D\u2019autres cultivent la discr\u00e9tion et pr\u00e9f\u00e8rent <u>porter un seul pendentif<\/u> \u00e0 la fois sur un seul collier, dans un style plus minimaliste. Discret, le m\u00e9daillon sera grav\u00e9 au recto ou simplement au verso.<\/li>\n<\/ul>\n<p>Quoi qu\u2019il en soit, le collier personnalis\u00e9 pour femme est une id\u00e9e de bijou personnalis\u00e9 qui pla\u00eet toujours, et que l\u2019on peut offrir en toute occasion.<\/p>\n<h2><span class=\"ez-toc-section\" id=\"La_bague_personnalisee_pour_femme\"><\/span>La bague personnalis\u00e9e pour femme<span class=\"ez-toc-section-end\"><\/span><\/h2>\n<p>Plus compliqu\u00e9e car il vous faut conna\u00eetre le tour de doigt, la bague personnalis\u00e9e se taille cependant une belle place parmi les bijoux personnalis\u00e9s pour femme. Toutes les formes de bague se pr\u00eatent au jeu de la personnalisation, du moment que l\u2019on dispose d\u2019une surface suffisante pour graver un message.<\/p>\n<ul>\n<li>Un simple <strong>anneau<\/strong> suffit pour graver des caract\u00e8res. La gravure peut se faire \u00e0 l\u2019ext\u00e9rieur ou l\u2019int\u00e9rieur pour que le message reste discret et connu uniquement de la femme qui le porte. Ludique, on a m\u00eame vu des anneaux \u00e0 superposer qui, mis les uns \u00e0 c\u00f4t\u00e9 des autres, r\u00e9v\u00e8lent un mot myst\u00e8re\u00a0!<\/li>\n<li>Une bague avec une <strong>breloque<\/strong> mobile est l\u2019id\u00e9al\u00a0: la pampille, g\u00e9n\u00e9ralement ronde, peut \u00eatre grav\u00e9e au recto et au verso, avec par exemple un symbole sur une face et une initiale sur l\u2019autre face. Ce genre de bague plait beaucoup car elle tinte joyeusement en bougeant sur la main, et apporte beaucoup de ga\u00eet\u00e9.<\/li>\n<li>La <strong>chevali\u00e8re<\/strong> pour femme\u00a0: reine des bagues, bijou ancestral, la chevali\u00e8re revient dans les collections de bijoux personnalis\u00e9s pour femme avec des revisites tr\u00e8s modernes qui ne manquent pas de charme. Finis les plateaux charg\u00e9s, place \u00e0 des gravures l\u00e9g\u00e8res et contemporaines, \u00e0 des initiales entrelac\u00e9es pour l\u2019\u00e9ternit\u00e9.<\/li>\n<\/ul>\n<h2><span class=\"ez-toc-section\" id=\"Les_boucles_doreilles_personnalisees_pour_femme\"><\/span>Les boucles d\u2019oreilles personnalis\u00e9es pour femme<span class=\"ez-toc-section-end\"><\/span><\/h2>\n<p>Quand on vous dit que tout bijou est personnalisable, c\u2019est vrai\u00a0! M\u00eame les plus petits mod\u00e8les comme des boucles d\u2019oreilles peuvent \u00eatre grav\u00e9s. Un symbole, une lettre, un tout petit caract\u00e8re fera la diff\u00e9rence. Et la personnalisation ne s\u2019arr\u00eate pas \u00e0 la gravure. De nos jours, tout est personnalisable\u00a0: \u00e0 commencer par le choix des couleurs et des mat\u00e9riaux.\u00a0 Une paire de boucle d\u2019oreilles avec une pierre fine taill\u00e9e aura un look compl\u00e8tement diff\u00e9rent d\u2019une pierre \u00e0 l\u2019autre\u00a0: romantique avec un quartz rose, elle sera moderne avec un onyx, ethnique avec une turquoise.<\/p>\n<h2><span class=\"ez-toc-section\" id=\"En_quelle_matiere_choisir_un_bijou_personnalise_pour_femme\"><\/span>En quelle mati\u00e8re choisir un bijou personnalis\u00e9 pour femme\u00a0?<span class=\"ez-toc-section-end\"><\/span><\/h2>\n<p>Un bijou personnalis\u00e9 n\u2019a de limite que votre imagination. C\u2019est pourquoi on trouve des bijoux personnalis\u00e9s pour femmes dans tous les mat\u00e9riaux, qu\u2019ils soient pr\u00e9cieux ou pas, et dans tous les styles de bijouterie, depuis la fantaisie, la haute fantaisie, la bijouterie classique jusqu\u2019\u00e0 la petite joaillerie et la haute joaillerie de luxe.<\/p>\n<ol>\n<li><u>En plaqu\u00e9 or<\/u>: la popularit\u00e9 de ces bijoux est venue de la bijouterie fantaisie qui a inond\u00e9 le march\u00e9 avec des bijoux personnalis\u00e9s pour femme pas cher, en plaqu\u00e9 or (ou plaqu\u00e9 argent). Tr\u00e8s attractifs, ces bijoux ont tout de suite plu pour faire des petits cadeaux abordables et sentimentaux.<\/li>\n<li><u>En argent<\/u>: l\u2019argent est un m\u00e9tal pr\u00e9cieux et les bijoux personnalis\u00e9s pour femme en argent ont pris le relais avec des mod\u00e8les classiques de qualit\u00e9, qui ont donn\u00e9 leurs lettres de noblesses \u00e0 ces bijoux, durables dans le temps.<\/li>\n<li><u>En or<\/u>: la bijouterie classique a adopt\u00e9 le concept des bijoux personnalis\u00e9s et aujourd\u2019hui la plupart des bijoux propos\u00e9s en or sont personnalisables, d\u2019une mani\u00e8re ou d\u2019une autre\u00a0: gravure (sous toutes ses formes), choix de la couleur, choix du caratage.<\/li>\n<\/ol>\n<h2><span class=\"ez-toc-section\" id=\"Le_bijou_personnalise_le_cadeau_ideal_pour_une_femme\"><\/span>Le bijou personnalis\u00e9\u00a0: le cadeau id\u00e9al pour une femme<span class=\"ez-toc-section-end\"><\/span><\/h2>\n<p>Quel que soit le mod\u00e8le (bracelet, collier ou bague), le <strong>bijou personnalis\u00e9<\/strong> est LE bijou id\u00e9al \u00e0 offrir \u00e0 une femme.<\/p>\n<p><strong>Bijou unique<\/strong> qui ne ressemble qu\u2019\u00e0 elle, sa valeur est d\u2019autant plus pr\u00e9cieuse que vous aurez pris du temps pour le choisir, imaginer la personnalisation, et finalement cr\u00e9er un bijou rien que pour elle. Loin d\u2019\u00eatre accessoire, le bijou personnalis\u00e9 est empreint d\u2019histoire, son histoire, il v\u00e9hicule un message personnel inoubliable, qu\u2019il soit heureux ou malheureux.<\/p>\n<p>Le bijou personnalis\u00e9 est <strong>un bijou qui a du sens<\/strong>\u00a0: ce n\u2019est pas seulement un joyau que l\u2019on porte de mani\u00e8re ostentatoire en signe d\u2019appartenance. C\u2019est un porte-bonheur pr\u00e9cieux qui est l\u00e0 pour rappeler une personne, un \u00e9v\u00e9nement, un moment magique.<\/p>\n<h2><span class=\"ez-toc-section\" id=\"En_quelles_occasions_offrir_un_bijou_personnalise_a_une_femme\"><\/span>En quelles occasions offrir un bijou personnalis\u00e9 \u00e0 une femme\u00a0?<span class=\"ez-toc-section-end\"><\/span><\/h2>\n<figure id=\"attachment_343\" aria-describedby=\"caption-attachment-343\" style=\"width: 800px\" class=\"wp-caption alignnone\"><img loading=\"lazy\" decoding=\"async\" class=\"size-full wp-image-343\" src=\"https:\/\/www.marmottine.fr\/mag\/wp-content\/uploads\/2024\/03\/bracelet-coeur-femme-personnalise-empreinte.jpg\" alt=\"bracelet coeur femme personnalis\u00e9 empreinte\" width=\"800\" height=\"800\" srcset=\"https:\/\/www.marmottine.fr\/mag\/wp-content\/uploads\/2024\/03\/bracelet-coeur-femme-personnalise-empreinte.jpg 800w, https:\/\/www.marmottine.fr\/mag\/wp-content\/uploads\/2024\/03\/bracelet-coeur-femme-personnalise-empreinte-300x300.jpg 300w, https:\/\/www.marmottine.fr\/mag\/wp-content\/uploads\/2024\/03\/bracelet-coeur-femme-personnalise-empreinte-150x150.jpg 150w, https:\/\/www.marmottine.fr\/mag\/wp-content\/uploads\/2024\/03\/bracelet-coeur-femme-personnalise-empreinte-768x768.jpg 768w\" sizes=\"(max-width: 800px) 100vw, 800px\" \/><figcaption id=\"caption-attachment-343\" class=\"wp-caption-text\">bracelet coeur femme personnalis\u00e9 empreinte<\/figcaption><\/figure>\n<p>Est-il encore besoin d\u2019une occasion\u00a0? Tous les <strong>\u00e9v\u00e9nements de la vie<\/strong> sont propices \u00e0 offrir un bijou personnalis\u00e9 \u00e0 une femme\u00a0! Car la personnalisation est le meilleur moyen d\u2019immortaliser une date, un moment pr\u00e9cieux, et ce \u00e0 tous les pages de la vie.<\/p>\n<ul>\n<li>Pour une maman, offrez-lui un bijou personnalis\u00e9 pour <u>f\u00eater la naissance<\/u> de son enfant, pour faire un cadeau de f\u00eate des m\u00e8res. Une future maman se verra offrir un bijou personnalis\u00e9 \u00e0 l\u2019occasion de sa baby shower.<\/li>\n<li>Pour une jeune femme, immortalisez les <u>premi\u00e8res r\u00e9ussites<\/u> sportives ou professionnelles avec un bijou personnalis\u00e9 qui deviendra vite son talisman\u00a0!<\/li>\n<li>Pour une amoureuse, d\u00e9clarez votre flamme \u00e0 l\u2019aide d\u2019un bijou personnalis\u00e9 unique pens\u00e9 rien que pour elle, marquez la date de votre rencontre, ou c\u00e9l\u00e9brez un anniversaire de mariage\u00a0! Le bijou personnalis\u00e9 devient alors le symbole de votre <u>histoire d\u2019amour<\/u>.<\/li>\n<\/ul>\n","protected":false},"excerpt":{"rendered":"<p>Quel bijou personnalis\u00e9 offrir \u00e0 une femme ? Quel bijou personnalis\u00e9 offrir\u00a0? Surtout s\u2019il s\u2019agit d\u2019une femme ? De nombreux [&hellip;]<\/p>\n","protected":false},"author":2,"featured_media":342,"parent":225,"menu_order":5,"comment_status":"closed","ping_status":"closed","template":"","meta":{"site-sidebar-layout":"default","site-content-layout":"","ast-site-content-layout":"default","site-content-style":"default","site-sidebar-style":"default","ast-global-header-display":"","ast-banner-title-visibility":"","ast-main-header-display":"","ast-hfb-above-header-display":"","ast-hfb-below-header-display":"","ast-hfb-mobile-header-display":"","site-post-title":"","ast-breadcrumbs-content":"","ast-featured-img":"","footer-sml-layout":"","theme-transparent-header-meta":"default","adv-header-id-meta":"","stick-header-meta":"","header-above-stick-meta":"","header-main-stick-meta":"","header-below-stick-meta":"","astra-migrate-meta-layouts":"set","ast-page-background-enabled":"default","ast-page-background-meta":{"desktop":{"background-color":"var(--ast-global-color-4)","background-image":"","background-repeat":"repeat","background-position":"center center","background-size":"auto","background-attachment":"scroll","background-type":"","background-media":"","overlay-type":"","overlay-color":"","overlay-gradient":""},"tablet":{"background-color":"","background-image":"","background-repeat":"repeat","background-position":"center center","background-size":"auto","background-attachment":"scroll","background-type":"","background-media":"","overlay-type":"","overlay-color":"","overlay-gradient":""},"mobile":{"background-color":"","background-image":"","background-repeat":"repeat","background-position":"center center","background-size":"auto","background-attachment":"scroll","background-type":"","background-media":"","overlay-type":"","overlay-color":"","overlay-gradient":""}},"ast-content-background-meta":{"desktop":{"background-color":"var(--ast-global-color-5)","background-image":"","background-repeat":"repeat","background-position":"center center","background-size":"auto","background-attachment":"scroll","background-type":"","background-media":"","overlay-type":"","overlay-color":"","overlay-gradient":""},"tablet":{"background-color":"var(--ast-global-color-5)","background-image":"","background-repeat":"repeat","background-position":"center center","background-size":"auto","background-attachment":"scroll","background-type":"","background-media":"","overlay-type":"","overlay-color":"","overlay-gradient":""},"mobile":{"background-color":"var(--ast-global-color-5)","background-image":"","background-repeat":"repeat","background-position":"center center","background-size":"auto","background-attachment":"scroll","background-type":"","background-media":"","overlay-type":"","overlay-color":"","overlay-gradient":""}},"footnotes":""},"aioseo_notices":[],"_links":{"self":[{"href":"https:\/\/www.marmottine.fr\/mag\/wp-json\/wp\/v2\/pages\/237"}],"collection":[{"href":"https:\/\/www.marmottine.fr\/mag\/wp-json\/wp\/v2\/pages"}],"about":[{"href":"https:\/\/www.marmottine.fr\/mag\/wp-json\/wp\/v2\/types\/page"}],"author":[{"embeddable":true,"href":"https:\/\/www.marmottine.fr\/mag\/wp-json\/wp\/v2\/users\/2"}],"replies":[{"embeddable":true,"href":"https:\/\/www.marmottine.fr\/mag\/wp-json\/wp\/v2\/comments?post=237"}],"version-history":[{"count":3,"href":"https:\/\/www.marmottine.fr\/mag\/wp-json\/wp\/v2\/pages\/237\/revisions"}],"predecessor-version":[{"id":594,"href":"https:\/\/www.marmottine.fr\/mag\/wp-json\/wp\/v2\/pages\/237\/revisions\/594"}],"up":[{"embeddable":true,"href":"https:\/\/www.marmottine.fr\/mag\/wp-json\/wp\/v2\/pages\/225"}],"wp:featuredmedia":[{"embeddable":true,"href":"https:\/\/www.marmottine.fr\/mag\/wp-json\/wp\/v2\/media\/342"}],"wp:attachment":[{"href":"https:\/\/www.marmottine.fr\/mag\/wp-json\/wp\/v2\/media?parent=237"}],"curies":[{"name":"wp","href":"https:\/\/api.w.org\/{rel}","templated":true}]}}