{"id":235,"date":"2024-04-09T12:00:07","date_gmt":"2024-04-09T10:00:07","guid":{"rendered":"https:\/\/www.marmottine.fr\/mag\/?page_id=235"},"modified":"2024-04-09T16:37:16","modified_gmt":"2024-04-09T14:37:16","slug":"a-une-adolescente","status":"publish","type":"page","link":"https:\/\/www.marmottine.fr\/mag\/guides\/bijoux-personnalises\/offrir\/a-une-adolescente","title":{"rendered":"Quel bijou personnalis\u00e9 offrir \u00e0 une adolescente ?"},"content":{"rendered":"<h1><span class=\"ez-toc-section\" id=\"Quel_bijou_personnalise_offrir_a_une_adolescente\"><\/span>Quel bijou personnalis\u00e9 offrir \u00e0 une adolescente ?<span class=\"ez-toc-section-end\"><\/span><\/h1><div id=\"ez-toc-container\" class=\"ez-toc-v2_0_69_1 counter-hierarchy ez-toc-counter ez-toc-grey ez-toc-container-direction\">\n<div class=\"ez-toc-title-container\">\n<p class=\"ez-toc-title\" style=\"cursor:inherit\">Sommaire<\/p>\n<span class=\"ez-toc-title-toggle\"><a href=\"#\" class=\"ez-toc-pull-right ez-toc-btn ez-toc-btn-xs ez-toc-btn-default ez-toc-toggle\" aria-label=\"Toggle Table of Content\"><span class=\"ez-toc-js-icon-con\"><span class=\"\"><span class=\"eztoc-hide\" style=\"display:none;\">Toggle<\/span><span class=\"ez-toc-icon-toggle-span\"><svg style=\"fill: #999;color:#999\" xmlns=\"http:\/\/www.w3.org\/2000\/svg\" class=\"list-377408\" width=\"20px\" height=\"20px\" viewBox=\"0 0 24 24\" fill=\"none\"><path d=\"M6 6H4v2h2V6zm14 0H8v2h12V6zM4 11h2v2H4v-2zm16 0H8v2h12v-2zM4 16h2v2H4v-2zm16 0H8v2h12v-2z\" fill=\"currentColor\"><\/path><\/svg><svg style=\"fill: #999;color:#999\" class=\"arrow-unsorted-368013\" xmlns=\"http:\/\/www.w3.org\/2000\/svg\" width=\"10px\" height=\"10px\" viewBox=\"0 0 24 24\" version=\"1.2\" baseProfile=\"tiny\"><path d=\"M18.2 9.3l-6.2-6.3-6.2 6.3c-.2.2-.3.4-.3.7s.1.5.3.7c.2.2.4.3.7.3h11c.3 0 .5-.1.7-.3.2-.2.3-.5.3-.7s-.1-.5-.3-.7zM5.8 14.7l6.2 6.3 6.2-6.3c.2-.2.3-.5.3-.7s-.1-.5-.3-.7c-.2-.2-.4-.3-.7-.3h-11c-.3 0-.5.1-.7.3-.2.2-.3.5-.3.7s.1.5.3.7z\"\/><\/svg><\/span><\/span><\/span><\/a><\/span><\/div>\n<nav><ul class='ez-toc-list ez-toc-list-level-1 ' ><li class='ez-toc-page-1 ez-toc-heading-level-1'><a class=\"ez-toc-link ez-toc-heading-1\" href=\"https:\/\/www.marmottine.fr\/mag\/guides\/bijoux-personnalises\/offrir\/a-une-adolescente\/#Quel_bijou_personnalise_offrir_a_une_adolescente\" title=\"Quel bijou personnalis\u00e9 offrir \u00e0 une adolescente ?\">Quel bijou personnalis\u00e9 offrir \u00e0 une adolescente ?<\/a><ul class='ez-toc-list-level-2' ><li class='ez-toc-heading-level-2'><a class=\"ez-toc-link ez-toc-heading-2\" href=\"https:\/\/www.marmottine.fr\/mag\/guides\/bijoux-personnalises\/offrir\/a-une-adolescente\/#Pourquoi_offrir_un_bijou_personnalise_a_une_adolescente\" title=\"Pourquoi offrir un bijou personnalis\u00e9 \u00e0 une adolescente\u00a0?\">Pourquoi offrir un bijou personnalis\u00e9 \u00e0 une adolescente\u00a0?<\/a><\/li><li class='ez-toc-page-1 ez-toc-heading-level-2'><a class=\"ez-toc-link ez-toc-heading-3\" href=\"https:\/\/www.marmottine.fr\/mag\/guides\/bijoux-personnalises\/offrir\/a-une-adolescente\/#Quel_bijou_personnalise_choisir_pour_une_adolescente\" title=\"Quel bijou personnalis\u00e9 choisir pour une adolescente\u00a0?\">Quel bijou personnalis\u00e9 choisir pour une adolescente\u00a0?<\/a><\/li><li class='ez-toc-page-1 ez-toc-heading-level-2'><a class=\"ez-toc-link ez-toc-heading-4\" href=\"https:\/\/www.marmottine.fr\/mag\/guides\/bijoux-personnalises\/offrir\/a-une-adolescente\/#Quels_sont_les_bijoux_personnalises_branches_pour_une_adolescente\" title=\"Quels sont les bijoux personnalis\u00e9s branch\u00e9s pour une adolescente\u00a0?\">Quels sont les bijoux personnalis\u00e9s branch\u00e9s pour une adolescente\u00a0?<\/a><\/li><li class='ez-toc-page-1 ez-toc-heading-level-2'><a class=\"ez-toc-link ez-toc-heading-5\" href=\"https:\/\/www.marmottine.fr\/mag\/guides\/bijoux-personnalises\/offrir\/a-une-adolescente\/#Quel_bijou_personnalise_pour_une_ado_de_12_13_et_14_ans\" title=\"Quel bijou personnalis\u00e9 pour une ado de 12, 13 et 14 ans ?\">Quel bijou personnalis\u00e9 pour une ado de 12, 13 et 14 ans ?<\/a><\/li><li class='ez-toc-page-1 ez-toc-heading-level-2'><a class=\"ez-toc-link ez-toc-heading-6\" href=\"https:\/\/www.marmottine.fr\/mag\/guides\/bijoux-personnalises\/offrir\/a-une-adolescente\/#Quel_bijou_personnalise_pour_une_ado_de_15_ans_et_de_16_ans\" title=\"Quel bijou personnalis\u00e9 pour une ado de 15 ans et de 16 ans\u00a0?\">Quel bijou personnalis\u00e9 pour une ado de 15 ans et de 16 ans\u00a0?<\/a><\/li><li class='ez-toc-page-1 ez-toc-heading-level-2'><a class=\"ez-toc-link ez-toc-heading-7\" href=\"https:\/\/www.marmottine.fr\/mag\/guides\/bijoux-personnalises\/offrir\/a-une-adolescente\/#Quand_offrir_un_bijou_personnalise_a_une_adolescente\" title=\"Quand offrir un bijou personnalis\u00e9 \u00e0 une adolescente\u00a0?\">Quand offrir un bijou personnalis\u00e9 \u00e0 une adolescente\u00a0?<\/a><\/li><\/ul><\/li><\/ul><\/nav><\/div>\n\n<figure id=\"attachment_340\" aria-describedby=\"caption-attachment-340\" style=\"width: 800px\" class=\"wp-caption alignnone\"><img loading=\"lazy\" decoding=\"async\" class=\"size-full wp-image-340\" src=\"https:\/\/www.marmottine.fr\/mag\/wp-content\/uploads\/2024\/03\/jonc-argent-ado-personnalise.jpg\" alt=\"jonc argent ado personnalis\u00e9\" width=\"800\" height=\"800\" srcset=\"https:\/\/www.marmottine.fr\/mag\/wp-content\/uploads\/2024\/03\/jonc-argent-ado-personnalise.jpg 800w, https:\/\/www.marmottine.fr\/mag\/wp-content\/uploads\/2024\/03\/jonc-argent-ado-personnalise-300x300.jpg 300w, https:\/\/www.marmottine.fr\/mag\/wp-content\/uploads\/2024\/03\/jonc-argent-ado-personnalise-150x150.jpg 150w, https:\/\/www.marmottine.fr\/mag\/wp-content\/uploads\/2024\/03\/jonc-argent-ado-personnalise-768x768.jpg 768w\" sizes=\"(max-width: 800px) 100vw, 800px\" \/><figcaption id=\"caption-attachment-340\" class=\"wp-caption-text\">jonc argent ado personnalis\u00e9<\/figcaption><\/figure>\n<p>Ce n\u2019est plus une enfant, pas encore une femme, mais ses go\u00fbts en mati\u00e8re de bijoux sont d\u00e9j\u00e0 tr\u00e8s affirm\u00e9s\u00a0! <strong><a href=\"https:\/\/www.marmottine.fr\/mag\/guides\/bijoux-personnalises\/offrir\">Offrir un bijou personnalis\u00e9<\/a> <\/strong>\u00e0 une adolescente peut relever du parcours du combattant mais il n\u2019en est rien\u00a0: il suffit de d\u00e9coder cette tranche d\u2019\u00e2ge pour comprendre ses attentes. Pour une ado, le bijou personnalis\u00e9 est une mani\u00e8re d\u2019exister, il contribue \u00e0 fa\u00e7onner sa personnalit\u00e9. Mais attention, entre 12 et 16 ans, la diff\u00e9rence est \u00e9norme\u00a0; on passe du coll\u00e8ge au lyc\u00e9e et, toute comme le v\u00eatement, le bijou contribue \u00e0 se positionner socialement.<\/p>\n<h2><span class=\"ez-toc-section\" id=\"Pourquoi_offrir_un_bijou_personnalise_a_une_adolescente\"><\/span>Pourquoi offrir un bijou personnalis\u00e9 \u00e0 une adolescente\u00a0?<span class=\"ez-toc-section-end\"><\/span><\/h2>\n<p>Les ados adorent les bijoux\u00a0! Que ce soit au coll\u00e8ge ou au lyc\u00e9e, on constate un r\u00e9el engouement pour les bijoux grav\u00e9s mais aussi pour tout type de personnalisation.<\/p>\n<ol>\n<li><u>Une envie de se d\u00e9marquer<\/u>: l\u2019adolescence est une p\u00e9riode de la vie parfois difficile o\u00f9 l\u2019on se cherche et o\u00f9 l\u2019on souhaite de diff\u00e9rencier des autres\u2026 tout en suivant la mode. Porter un bijou personnalis\u00e9 est une mani\u00e8re d\u2019affirmer sa personnalit\u00e9 et de se rendre unique. Cela contribue \u00e0 la construction de soi.<\/li>\n<li><u>Porter un bijou tendance<\/u>: les bijoux personnalis\u00e9s sont plus que jamais d\u2019actualit\u00e9. Toutes les marques en proposent\u00a0; certaines lancent des modes que les teenagers s\u2019empressent de suivre.<\/li>\n<li><u>Adopter un bijou affectif<\/u>: un bijou personnalis\u00e9 est g\u00e9n\u00e9ralement porteur d\u2019un message affectueux imagin\u00e9 par la personne qui l\u2019offre. Un parent, une amie, un petit copain\u2026 chacun y met de son amour et le bijou se transforme en grigri que l\u2019ado ne quitte plus.<\/li>\n<\/ol>\n<h2><span class=\"ez-toc-section\" id=\"Quel_bijou_personnalise_choisir_pour_une_adolescente\"><\/span>Quel bijou personnalis\u00e9 choisir pour une adolescente\u00a0?<span class=\"ez-toc-section-end\"><\/span><\/h2>\n<figure id=\"attachment_339\" aria-describedby=\"caption-attachment-339\" style=\"width: 800px\" class=\"wp-caption alignnone\"><img loading=\"lazy\" decoding=\"async\" class=\"size-full wp-image-339\" src=\"https:\/\/www.marmottine.fr\/mag\/wp-content\/uploads\/2024\/03\/bracelet-prenom-ado-personnalise.jpg\" alt=\"bracelet pr\u00e9nom ado personnalis\u00e9\" width=\"800\" height=\"800\" srcset=\"https:\/\/www.marmottine.fr\/mag\/wp-content\/uploads\/2024\/03\/bracelet-prenom-ado-personnalise.jpg 800w, https:\/\/www.marmottine.fr\/mag\/wp-content\/uploads\/2024\/03\/bracelet-prenom-ado-personnalise-300x300.jpg 300w, https:\/\/www.marmottine.fr\/mag\/wp-content\/uploads\/2024\/03\/bracelet-prenom-ado-personnalise-150x150.jpg 150w, https:\/\/www.marmottine.fr\/mag\/wp-content\/uploads\/2024\/03\/bracelet-prenom-ado-personnalise-768x768.jpg 768w\" sizes=\"(max-width: 800px) 100vw, 800px\" \/><figcaption id=\"caption-attachment-339\" class=\"wp-caption-text\">bracelet pr\u00e9nom ado personnalis\u00e9<\/figcaption><\/figure>\n<p>Tous les bijoux sont personnalisables et les adolescentes les portent tous, sans distinction.<\/p>\n<ul>\n<li><strong>Le bracelet ado personnalis\u00e9<\/strong>: il est d\u2019autant plus facile \u00e0 offrir \u00e0 une ado que la mode est \u00e0 l\u2019accumulation des bracelets sur le poignet, comme autant de talismans qui racontent des histoires, une tranche de leur vie.<\/li>\n<li><strong>La bague ado personnalis\u00e9e<\/strong>: la bague est un bijou plus compliqu\u00e9 \u00e0 offrir car il faut conna\u00eetre la taille de la jeune fille. Mais c\u2019est un bijou tr\u00e8s intime, dont la signification change en fonction du doigt sur lequel on le porte. Anneau minimaliste grav\u00e9 \u00e0 l\u2019int\u00e9rieur, bague avec une breloque personnalis\u00e9e, ou encore chevali\u00e8re monumentale revisit\u00e9e\u2026 la bague pour ado a de beaux jours devant elle.<\/li>\n<li><strong>Le pendentif ado personnalis\u00e9<\/strong>: c\u2019est le plus versatile des bijoux pour ados et le plus original. Il peut rev\u00eatir diff\u00e9rentes formes (3D ou m\u00e9daille). Il s\u2019accroche \u00e0 une cha\u00eene, \u00e0 un cordon, un tissu, il vient compl\u00e9ter un collier d\u00e9j\u00e0 charg\u00e9 de pampilles et de breloques. Bref, comme un tatouage, il vient raconter un moment de vie de l\u2019adolescente.<\/li>\n<li><strong>Le collier ado personnalis\u00e9<\/strong>: tr\u00e8s appr\u00e9ci\u00e9 des jeunes filles, le collier est un bijou \u00e0 part enti\u00e8re qui signe \u00e9l\u00e9gamment le profil d\u2019une jeune. Le collier pr\u00e9nom est le bijou phare du moment que les coll\u00e9giennes et les lyc\u00e9ennes s\u2019arrachent.<\/li>\n<\/ul>\n<h2><span class=\"ez-toc-section\" id=\"Quels_sont_les_bijoux_personnalises_branches_pour_une_adolescente\"><\/span>Quels sont les bijoux personnalis\u00e9s branch\u00e9s pour une adolescente\u00a0?<span class=\"ez-toc-section-end\"><\/span><\/h2>\n<p>Les jeunes adorent la mode et suivent les tendances impuls\u00e9es par les magazines f\u00e9minins et relay\u00e9es par les influenceuses sur les r\u00e9seaux sociaux. Parmi les bijoux personnalis\u00e9s du moment, on retiendra ces quatre mod\u00e8les\u00a0:<\/p>\n<ul>\n<li><strong>Le collier pr\u00e9nom pour ado<\/strong>: cadeau parfait pour une ado, quel que soit son \u00e2ge et quel que soit l\u2019\u00e9v\u00e9nement, le collier pr\u00e9nom existe en argent, en or et il est parfois rehauss\u00e9 d\u2019un diamant.<\/li>\n<li><strong>Le pendentif best friend pour ado<\/strong>: \u00e0 cet \u00e2ge-l\u00e0, les amis repr\u00e9sentent la tribu que l\u2019on se cr\u00e9e comme une seconde famille, et dans la bande, il y a LA meilleure amie, la confidente, celle avec qui on partage tous les secrets. Le pendentif demi c\u0153ur \u00ab\u00a0best friend\u00a0\u00bb est l\u00e0 pour sceller cette amiti\u00e9 sans faille.<\/li>\n<li><strong>Le bracelet jonc en argent pour ado<\/strong>: un basique des ann\u00e9es 1970 qui revient en force avec la mode du Vintage, le bracelet jonc en argent \u00e0 graver d\u2019un pr\u00e9nom est le grand gagnant de ces derni\u00e8res saisons.<\/li>\n<li><strong>Le bracelet liberty personnalis\u00e9 pour ado<\/strong>: il existe dans une vari\u00e9t\u00e9 infinie de couleurs et de motifs et il c\u00e9l\u00e8bre le Flower Power. Pour un look Hippie Chic, le bracelet liberty et sa m\u00e9daille \u00e0 graver est incontournable chez les jeunes.<\/li>\n<\/ul>\n<h2><span class=\"ez-toc-section\" id=\"Quel_bijou_personnalise_pour_une_ado_de_12_13_et_14_ans\"><\/span>Quel bijou personnalis\u00e9 pour une ado de 12, 13 et 14 ans ?<span class=\"ez-toc-section-end\"><\/span><\/h2>\n<figure id=\"attachment_338\" aria-describedby=\"caption-attachment-338\" style=\"width: 800px\" class=\"wp-caption alignnone\"><img loading=\"lazy\" decoding=\"async\" class=\"size-full wp-image-338\" src=\"https:\/\/www.marmottine.fr\/mag\/wp-content\/uploads\/2024\/03\/bracelet-cuir-ado.jpg\" alt=\"bracelet cuir ado\" width=\"800\" height=\"800\" srcset=\"https:\/\/www.marmottine.fr\/mag\/wp-content\/uploads\/2024\/03\/bracelet-cuir-ado.jpg 800w, https:\/\/www.marmottine.fr\/mag\/wp-content\/uploads\/2024\/03\/bracelet-cuir-ado-300x300.jpg 300w, https:\/\/www.marmottine.fr\/mag\/wp-content\/uploads\/2024\/03\/bracelet-cuir-ado-150x150.jpg 150w, https:\/\/www.marmottine.fr\/mag\/wp-content\/uploads\/2024\/03\/bracelet-cuir-ado-768x768.jpg 768w\" sizes=\"(max-width: 800px) 100vw, 800px\" \/><figcaption id=\"caption-attachment-338\" class=\"wp-caption-text\">bracelet cuir ado<\/figcaption><\/figure>\n<p>A peine sortie de la pr\u00e9adolescence, la jeune fille de cet \u00e2ge est d\u00e9j\u00e0 tr\u00e8s coquette, sa personnalit\u00e9 bien tremp\u00e9e, et elle sait ce qu\u2019elle veut.<\/p>\n<p>Le <strong>bracelet cordon personnalis\u00e9<\/strong> \u00e0 graver est de loin le bijou pr\u00e9f\u00e9r\u00e9 des 12-14 ans car il se d\u00e9cline \u00e0 l\u2019infini. Le cordon existe dans un large <u>choix de couleur<\/u>, des plus sages (noir, bleu, rouge, taupe) aux plus excentriques (violet, jaune fluo, arc en ciel). La partie \u00e0 graver peut rev\u00eatir <u>diff\u00e9rentes formes<\/u>\u00a0: des formes classiques (ronde, rectangulaire, carr\u00e9e), des formes originales (galet, nuage) et des formes inattendues (personnage, animal). Avec ses n\u0153uds coulissants, le bracelet cordon est ultra <u>facile \u00e0 ajuster<\/u> au poignet. Enfin, sa mati\u00e8re synth\u00e9tique est tr\u00e8s r\u00e9sistance, ce qui permet de le porter en permanence.<\/p>\n<h2><span class=\"ez-toc-section\" id=\"Quel_bijou_personnalise_pour_une_ado_de_15_ans_et_de_16_ans\"><\/span>Quel bijou personnalis\u00e9 pour une ado de 15 ans et de 16 ans\u00a0?<span class=\"ez-toc-section-end\"><\/span><\/h2>\n<p>Tout d\u00e9pend de l\u2019occasion et de la personne qui l\u2019offre.<\/p>\n<ul>\n<li>Pour se faire un petit cadeau entre copines, le <strong>bijou personnalis\u00e9 fantaisie pour ado<\/strong> est l\u2019id\u00e9al. Que ce soit en collier ou en bracelet, on le choisira en plaqu\u00e9 or pour un budget mini. Les marques de bijouterie fantaisie regorgent de bijoux personnalis\u00e9s pas cher tr\u00e8s accessibles aux jeunes. Les mod\u00e8les reprennent souvent des illustrations tendance et des maximes \u00e0 la mode (best friend forever, carpe diem, la vie est belle\u2026).<\/li>\n<li>Pour un cadeau symbolique offert par un proche (parents, grands-parents, oncles et tantes, parrains et marraines), on s\u2019orientera vers un \u00ab\u00a0vrai\u00a0\u00bb <strong>bijou en or personnalis\u00e9<\/strong>, un bijou pr\u00e9cieux que la jeune adolescente gardera toute sa vie. Une m\u00e9daille en or avec un message grav\u00e9, un bracelet avec la gravure de ses empreintes de main, une bague avec un diamant ou avec une perle.<\/li>\n<\/ul>\n<h2><span class=\"ez-toc-section\" id=\"Quand_offrir_un_bijou_personnalise_a_une_adolescente\"><\/span>Quand offrir un bijou personnalis\u00e9 \u00e0 une adolescente\u00a0?<span class=\"ez-toc-section-end\"><\/span><\/h2>\n<p>L\u2019adolescence est jalonn\u00e9e d\u2019\u00e9v\u00e9nements propices \u00e0 offrir un bijou personnalis\u00e9. Ce cadeau symbolique permet de se souvenir de ces moments pr\u00e9cieux qui construisent une personnalit\u00e9.<\/p>\n<ul>\n<li><u>La communion<\/u>: on offrira pour l\u2019occasion une m\u00e9daille personnalis\u00e9e, ou une gourmette grav\u00e9e, agr\u00e9ment\u00e9e d\u2019un symbole religieux non ostentatoire comme la colombe, l\u2019arbre de vie, l\u2019\u00e9toile ou encore un soleil.<\/li>\n<li><u>L\u2019entr\u00e9e en 6eme<\/u>: le passage au coll\u00e8ge est une \u00e9tape importante que l\u2019on peut immortaliser avec une montre personnalis\u00e9e par exemple.<\/li>\n<li><u>L\u2019entr\u00e9e en seconde<\/u>: elle marque la derni\u00e8re \u00e9tape des \u00e9tudes secondaires, la pr\u00e9paration du Baccalaur\u00e9at et le choix de ses \u00e9tudes sup\u00e9rieures. On choisira alors un bracelet grav\u00e9 d\u2019une citation c\u00e9l\u00e8bre pour accompagner la jeune lyc\u00e9enne durant ces 3 ann\u00e9es.<\/li>\n<li><u>Le Baccalaur\u00e9at\u00a0<\/u>: v\u00e9ritable s\u00e9same qui d\u00e9termine la suite des \u00e9tudes, la Bachot est l\u2019occasion d\u2019offrir \u00e0 une ado un bijou personnalis\u00e9 qui rappelle la fameuse date.<\/li>\n<li><u>Le permis\u00a0de conduire<\/u>: certaines le passent d\u00e8s 16 ans gr\u00e2ce \u00e0 la conduite accompagn\u00e9e\u00a0; d\u00e8s lors, c\u2019est le d\u00e9but de la libert\u00e9 mais aussi une grande responsabilit\u00e9. Pour f\u00eater cela, quoi de mieux que d\u2019offrir un bijou personnalis\u00e9 avec un clin d\u2019\u0153il comme un bijou en forme de voiture ou une m\u00e9daille Saint Christophe, patron des voyageurs\u00a0?<\/li>\n<li><u>Un anniversaire embl\u00e9matique<\/u>: enfin, l\u2019adolescence est marqu\u00e9e par des anniversaires symboliques (15 ans, 16 ans, 18 ans) pour lesquels le bijou personnalis\u00e9 pour ado convient parfaitement.<\/li>\n<\/ul>\n","protected":false},"excerpt":{"rendered":"<p>Quel bijou personnalis\u00e9 offrir \u00e0 une adolescente ? Ce n\u2019est plus une enfant, pas encore une femme, mais ses go\u00fbts [&hellip;]<\/p>\n","protected":false},"author":2,"featured_media":340,"parent":225,"menu_order":4,"comment_status":"closed","ping_status":"closed","template":"","meta":{"site-sidebar-layout":"default","site-content-layout":"","ast-site-content-layout":"default","site-content-style":"default","site-sidebar-style":"default","ast-global-header-display":"","ast-banner-title-visibility":"","ast-main-header-display":"","ast-hfb-above-header-display":"","ast-hfb-below-header-display":"","ast-hfb-mobile-header-display":"","site-post-title":"","ast-breadcrumbs-content":"","ast-featured-img":"","footer-sml-layout":"","theme-transparent-header-meta":"default","adv-header-id-meta":"","stick-header-meta":"","header-above-stick-meta":"","header-main-stick-meta":"","header-below-stick-meta":"","astra-migrate-meta-layouts":"set","ast-page-background-enabled":"default","ast-page-background-meta":{"desktop":{"background-color":"var(--ast-global-color-4)","background-image":"","background-repeat":"repeat","background-position":"center center","background-size":"auto","background-attachment":"scroll","background-type":"","background-media":"","overlay-type":"","overlay-color":"","overlay-gradient":""},"tablet":{"background-color":"","background-image":"","background-repeat":"repeat","background-position":"center center","background-size":"auto","background-attachment":"scroll","background-type":"","background-media":"","overlay-type":"","overlay-color":"","overlay-gradient":""},"mobile":{"background-color":"","background-image":"","background-repeat":"repeat","background-position":"center center","background-size":"auto","background-attachment":"scroll","background-type":"","background-media":"","overlay-type":"","overlay-color":"","overlay-gradient":""}},"ast-content-background-meta":{"desktop":{"background-color":"var(--ast-global-color-5)","background-image":"","background-repeat":"repeat","background-position":"center center","background-size":"auto","background-attachment":"scroll","background-type":"","background-media":"","overlay-type":"","overlay-color":"","overlay-gradient":""},"tablet":{"background-color":"var(--ast-global-color-5)","background-image":"","background-repeat":"repeat","background-position":"center center","background-size":"auto","background-attachment":"scroll","background-type":"","background-media":"","overlay-type":"","overlay-color":"","overlay-gradient":""},"mobile":{"background-color":"var(--ast-global-color-5)","background-image":"","background-repeat":"repeat","background-position":"center center","background-size":"auto","background-attachment":"scroll","background-type":"","background-media":"","overlay-type":"","overlay-color":"","overlay-gradient":""}},"footnotes":""},"aioseo_notices":[],"_links":{"self":[{"href":"https:\/\/www.marmottine.fr\/mag\/wp-json\/wp\/v2\/pages\/235"}],"collection":[{"href":"https:\/\/www.marmottine.fr\/mag\/wp-json\/wp\/v2\/pages"}],"about":[{"href":"https:\/\/www.marmottine.fr\/mag\/wp-json\/wp\/v2\/types\/page"}],"author":[{"embeddable":true,"href":"https:\/\/www.marmottine.fr\/mag\/wp-json\/wp\/v2\/users\/2"}],"replies":[{"embeddable":true,"href":"https:\/\/www.marmottine.fr\/mag\/wp-json\/wp\/v2\/comments?post=235"}],"version-history":[{"count":3,"href":"https:\/\/www.marmottine.fr\/mag\/wp-json\/wp\/v2\/pages\/235\/revisions"}],"predecessor-version":[{"id":593,"href":"https:\/\/www.marmottine.fr\/mag\/wp-json\/wp\/v2\/pages\/235\/revisions\/593"}],"up":[{"embeddable":true,"href":"https:\/\/www.marmottine.fr\/mag\/wp-json\/wp\/v2\/pages\/225"}],"wp:featuredmedia":[{"embeddable":true,"href":"https:\/\/www.marmottine.fr\/mag\/wp-json\/wp\/v2\/media\/340"}],"wp:attachment":[{"href":"https:\/\/www.marmottine.fr\/mag\/wp-json\/wp\/v2\/media?parent=235"}],"curies":[{"name":"wp","href":"https:\/\/api.w.org\/{rel}","templated":true}]}}