{"id":231,"date":"2024-04-09T11:57:20","date_gmt":"2024-04-09T09:57:20","guid":{"rendered":"https:\/\/www.marmottine.fr\/mag\/?page_id=231"},"modified":"2024-04-09T16:35:51","modified_gmt":"2024-04-09T14:35:51","slug":"a-un-garcon","status":"publish","type":"page","link":"https:\/\/www.marmottine.fr\/mag\/guides\/bijoux-personnalises\/offrir\/a-un-garcon","title":{"rendered":"Quel bijou personnalis\u00e9 offrir \u00e0 un gar\u00e7on ?"},"content":{"rendered":"<h1><span class=\"ez-toc-section\" id=\"Quel_bijou_personnalise_offrir_a_un_garcon\"><\/span>Quel bijou personnalis\u00e9 offrir \u00e0 un gar\u00e7on ?<span class=\"ez-toc-section-end\"><\/span><\/h1><div id=\"ez-toc-container\" class=\"ez-toc-v2_0_69_1 counter-hierarchy ez-toc-counter ez-toc-grey ez-toc-container-direction\">\n<div class=\"ez-toc-title-container\">\n<p class=\"ez-toc-title\" style=\"cursor:inherit\">Sommaire<\/p>\n<span class=\"ez-toc-title-toggle\"><a href=\"#\" class=\"ez-toc-pull-right ez-toc-btn ez-toc-btn-xs ez-toc-btn-default ez-toc-toggle\" aria-label=\"Toggle Table of Content\"><span class=\"ez-toc-js-icon-con\"><span class=\"\"><span class=\"eztoc-hide\" style=\"display:none;\">Toggle<\/span><span class=\"ez-toc-icon-toggle-span\"><svg style=\"fill: #999;color:#999\" xmlns=\"http:\/\/www.w3.org\/2000\/svg\" class=\"list-377408\" width=\"20px\" height=\"20px\" viewBox=\"0 0 24 24\" fill=\"none\"><path d=\"M6 6H4v2h2V6zm14 0H8v2h12V6zM4 11h2v2H4v-2zm16 0H8v2h12v-2zM4 16h2v2H4v-2zm16 0H8v2h12v-2z\" fill=\"currentColor\"><\/path><\/svg><svg style=\"fill: #999;color:#999\" class=\"arrow-unsorted-368013\" xmlns=\"http:\/\/www.w3.org\/2000\/svg\" width=\"10px\" height=\"10px\" viewBox=\"0 0 24 24\" version=\"1.2\" baseProfile=\"tiny\"><path d=\"M18.2 9.3l-6.2-6.3-6.2 6.3c-.2.2-.3.4-.3.7s.1.5.3.7c.2.2.4.3.7.3h11c.3 0 .5-.1.7-.3.2-.2.3-.5.3-.7s-.1-.5-.3-.7zM5.8 14.7l6.2 6.3 6.2-6.3c.2-.2.3-.5.3-.7s-.1-.5-.3-.7c-.2-.2-.4-.3-.7-.3h-11c-.3 0-.5.1-.7.3-.2.2-.3.5-.3.7s.1.5.3.7z\"\/><\/svg><\/span><\/span><\/span><\/a><\/span><\/div>\n<nav><ul class='ez-toc-list ez-toc-list-level-1 ' ><li class='ez-toc-page-1 ez-toc-heading-level-1'><a class=\"ez-toc-link ez-toc-heading-1\" href=\"https:\/\/www.marmottine.fr\/mag\/guides\/bijoux-personnalises\/offrir\/a-un-garcon\/#Quel_bijou_personnalise_offrir_a_un_garcon\" title=\"Quel bijou personnalis\u00e9 offrir \u00e0 un gar\u00e7on ?\">Quel bijou personnalis\u00e9 offrir \u00e0 un gar\u00e7on ?<\/a><ul class='ez-toc-list-level-2' ><li class='ez-toc-heading-level-2'><a class=\"ez-toc-link ez-toc-heading-2\" href=\"https:\/\/www.marmottine.fr\/mag\/guides\/bijoux-personnalises\/offrir\/a-un-garcon\/#A_quel_moment_offrir_un_bijou_personnalise_a_un_garcon\" title=\"A quel moment offrir un bijou personnalis\u00e9 \u00e0 un gar\u00e7on\u00a0?\">A quel moment offrir un bijou personnalis\u00e9 \u00e0 un gar\u00e7on\u00a0?<\/a><\/li><li class='ez-toc-page-1 ez-toc-heading-level-2'><a class=\"ez-toc-link ez-toc-heading-3\" href=\"https:\/\/www.marmottine.fr\/mag\/guides\/bijoux-personnalises\/offrir\/a-un-garcon\/#Quel_bijou_personnalise_offrir_a_un_garcon_pour_son_anniversaire\" title=\"Quel bijou personnalis\u00e9 offrir \u00e0 un gar\u00e7on pour son anniversaire\u00a0?\">Quel bijou personnalis\u00e9 offrir \u00e0 un gar\u00e7on pour son anniversaire\u00a0?<\/a><\/li><li class='ez-toc-page-1 ez-toc-heading-level-2'><a class=\"ez-toc-link ez-toc-heading-4\" href=\"https:\/\/www.marmottine.fr\/mag\/guides\/bijoux-personnalises\/offrir\/a-un-garcon\/#Quel_bijou_personnalise_offrir_a_un_garcon_de_2_ans\" title=\"Quel bijou personnalis\u00e9 offrir \u00e0 un gar\u00e7on de 2 ans\u00a0?\">Quel bijou personnalis\u00e9 offrir \u00e0 un gar\u00e7on de 2 ans\u00a0?<\/a><\/li><li class='ez-toc-page-1 ez-toc-heading-level-2'><a class=\"ez-toc-link ez-toc-heading-5\" href=\"https:\/\/www.marmottine.fr\/mag\/guides\/bijoux-personnalises\/offrir\/a-un-garcon\/#Quel_bijou_personnalise_offrir_a_un_garcon_de_5_ans\" title=\"Quel bijou personnalis\u00e9 offrir \u00e0 un gar\u00e7on de 5 ans\u00a0?\">Quel bijou personnalis\u00e9 offrir \u00e0 un gar\u00e7on de 5 ans\u00a0?<\/a><\/li><li class='ez-toc-page-1 ez-toc-heading-level-2'><a class=\"ez-toc-link ez-toc-heading-6\" href=\"https:\/\/www.marmottine.fr\/mag\/guides\/bijoux-personnalises\/offrir\/a-un-garcon\/#Quel_bijou_personnalise_offrir_a_un_garcon_de_6_ans\" title=\"Quel bijou personnalis\u00e9 offrir \u00e0 un gar\u00e7on de 6 ans\u00a0?\">Quel bijou personnalis\u00e9 offrir \u00e0 un gar\u00e7on de 6 ans\u00a0?<\/a><\/li><li class='ez-toc-page-1 ez-toc-heading-level-2'><a class=\"ez-toc-link ez-toc-heading-7\" href=\"https:\/\/www.marmottine.fr\/mag\/guides\/bijoux-personnalises\/offrir\/a-un-garcon\/#_Quel_bijou_personnalise_offrir_a_un_garcon_de_8_ans\" title=\"\u00a0Quel bijou personnalis\u00e9 offrir \u00e0 un gar\u00e7on de 8 ans\u00a0?\">\u00a0Quel bijou personnalis\u00e9 offrir \u00e0 un gar\u00e7on de 8 ans\u00a0?<\/a><\/li><li class='ez-toc-page-1 ez-toc-heading-level-2'><a class=\"ez-toc-link ez-toc-heading-8\" href=\"https:\/\/www.marmottine.fr\/mag\/guides\/bijoux-personnalises\/offrir\/a-un-garcon\/#Quelle_matiere_pour_un_bijou_personnalise_destine_a_un_garcon\" title=\"Quelle mati\u00e8re pour un bijou personnalis\u00e9 destin\u00e9 \u00e0 un gar\u00e7on\u00a0?\">Quelle mati\u00e8re pour un bijou personnalis\u00e9 destin\u00e9 \u00e0 un gar\u00e7on\u00a0?<\/a><\/li><\/ul><\/li><\/ul><\/nav><\/div>\n\n<figure id=\"attachment_328\" aria-describedby=\"caption-attachment-328\" style=\"width: 800px\" class=\"wp-caption alignnone\"><img loading=\"lazy\" decoding=\"async\" class=\"size-full wp-image-328\" src=\"https:\/\/www.marmottine.fr\/mag\/wp-content\/uploads\/2024\/03\/collier-personnalise-garcon.jpg\" alt=\"collier personnalis\u00e9 gar\u00e7on\" width=\"800\" height=\"800\" srcset=\"https:\/\/www.marmottine.fr\/mag\/wp-content\/uploads\/2024\/03\/collier-personnalise-garcon.jpg 800w, https:\/\/www.marmottine.fr\/mag\/wp-content\/uploads\/2024\/03\/collier-personnalise-garcon-300x300.jpg 300w, https:\/\/www.marmottine.fr\/mag\/wp-content\/uploads\/2024\/03\/collier-personnalise-garcon-150x150.jpg 150w, https:\/\/www.marmottine.fr\/mag\/wp-content\/uploads\/2024\/03\/collier-personnalise-garcon-768x768.jpg 768w\" sizes=\"(max-width: 800px) 100vw, 800px\" \/><figcaption id=\"caption-attachment-328\" class=\"wp-caption-text\">collier personnalis\u00e9 gar\u00e7on<\/figcaption><\/figure>\n<p>Comme pour les hommes,<strong><a href=\"https:\/\/www.marmottine.fr\/mag\/guides\/bijoux-personnalises\/offrir\"> il est de plus en plus admis d\u2019offrir un bijou<\/a> <\/strong>\u00e0 un gar\u00e7on. La vie est jalonn\u00e9e de rendez-vous importants pour lesquels nous avons pris l\u2019habitude de s\u2019offrir un bijou en souvenir. Les gar\u00e7ons ne font pas exception \u00e0 la r\u00e8gle. Il existe cependant des sp\u00e9cificit\u00e9s li\u00e9es \u00e0 l\u2019\u00e2ge du gar\u00e7on, et \u00e0 l\u2019occasion pour laquelle on lui offre ce bijou personnalis\u00e9. La bijouterie nous a habitu\u00e9s \u00e0 toutes sortes de fantaisies, surtout en mati\u00e8re de personnalisation, et elle nous offre un large \u00e9ventail de mod\u00e8les, de mati\u00e8res et de couleurs pour offrir un bijou personnalis\u00e9 \u00e0 un gar\u00e7on en toute occasion.<\/p>\n<h2><span class=\"ez-toc-section\" id=\"A_quel_moment_offrir_un_bijou_personnalise_a_un_garcon\"><\/span>A quel moment offrir un bijou personnalis\u00e9 \u00e0 un gar\u00e7on\u00a0?<span class=\"ez-toc-section-end\"><\/span><\/h2>\n<ul>\n<li><strong>\u00a0<\/strong><strong>La naissance<\/strong> est la premi\u00e8re occasion d\u2019offrir un bijou personnalis\u00e9 \u00e0 un gar\u00e7on pour f\u00eater son arriv\u00e9e au monde. Un bracelet identit\u00e9 b\u00e9b\u00e9 fera l\u2019affaire, en argent ou en or, sur lequel on fera graver son pr\u00e9nom et sa date de naissance.<\/li>\n<li><strong>Le bapt\u00eame<\/strong> est l\u2019autre grand rendez-vous de la petite enfance. On offre au baptis\u00e9 une m\u00e9daille de bapt\u00eame et une gourmette de bapt\u00eame. L\u2019or blanc est souvent privil\u00e9gi\u00e9 pour les petits gars, de m\u00eame que des figures plus masculines comme l\u2019enfant J\u00e9sus, le Christ ou un Saint (Saint Christophe patron des voyageurs).<\/li>\n<li><strong>La communion<\/strong> est le deuxi\u00e8me rendez-vous religieux au cours duquel on offre un bijou moins marqu\u00e9 religieusement, plut\u00f4t symbolique\u00a0: une m\u00e9daille arbre de vie, une croix stylis\u00e9e, ou une \u00e9toile.<\/li>\n<li><strong>L\u2019entr\u00e9e dans une classe sup\u00e9rieure<\/strong> est parfois f\u00eat\u00e9e en offrant un bijou pour symboliser cette \u00e9tape importante dans la vie d\u2019un \u00e9colier\u00a0: CP, CM1, 6eme\u2026 sont autant d\u2019occasions d\u2019offrir un bijou personnalis\u00e9 comme une montre ou un bracelet.<\/li>\n<li>Enfin, de tous les \u00e9v\u00e9nements qui jalonnent leur petite vie, l<strong>\u2019anniversaire<\/strong> est certainement l\u2019\u00e9v\u00e9nement le plus \u00e9vident pour offrir un bijou personnalis\u00e9 \u00e0 un petit gars.<\/li>\n<\/ul>\n<h2><span class=\"ez-toc-section\" id=\"Quel_bijou_personnalise_offrir_a_un_garcon_pour_son_anniversaire\"><\/span>Quel bijou personnalis\u00e9 offrir \u00e0 un gar\u00e7on pour son anniversaire\u00a0?<span class=\"ez-toc-section-end\"><\/span><\/h2>\n<p>Tout d\u00e9pend de l\u2019\u00e2ge de l\u2019enfant et de l\u2019anniversaire, mais dans tous les cas le minimum est de faire graver son pr\u00e9nom et sa date de naissance, voire son \u00e2ge au moment de l\u2019\u00e9v\u00e9nement.<\/p>\n<p>Pour un tout petit gar\u00e7on, on privil\u00e9giera des bijoux robustes, qui r\u00e9sistent \u00e0 leur vie mouvement\u00e9e, voire turbulente\u00a0! On r\u00e9servera les bijoux en or pour les plus grands, capables d\u2019en prendre soin.<\/p>\n<p>Parmi les grands favoris, notons le bracelet personnalis\u00e9 en cuir, pour faire comme papa\u00a0: le bracelet cuir \u00e9voque la masculinit\u00e9\u00a0; il en existe en version mini pour les petits gars, dans des couleurs gourmandes comme\u00a0 chocolat, menthe ou r\u00e9glisse.<\/p>\n<h2><span class=\"ez-toc-section\" id=\"Quel_bijou_personnalise_offrir_a_un_garcon_de_2_ans\"><\/span>Quel bijou personnalis\u00e9 offrir \u00e0 un gar\u00e7on de 2 ans\u00a0?<span class=\"ez-toc-section-end\"><\/span><\/h2>\n<figure id=\"attachment_329\" aria-describedby=\"caption-attachment-329\" style=\"width: 800px\" class=\"wp-caption alignnone\"><img loading=\"lazy\" decoding=\"async\" class=\"size-full wp-image-329\" src=\"https:\/\/www.marmottine.fr\/mag\/wp-content\/uploads\/2024\/03\/medaille-personnalisee-garcon.jpg\" alt=\"m\u00e9daille personnalis\u00e9e gar\u00e7on\" width=\"800\" height=\"800\" srcset=\"https:\/\/www.marmottine.fr\/mag\/wp-content\/uploads\/2024\/03\/medaille-personnalisee-garcon.jpg 800w, https:\/\/www.marmottine.fr\/mag\/wp-content\/uploads\/2024\/03\/medaille-personnalisee-garcon-300x300.jpg 300w, https:\/\/www.marmottine.fr\/mag\/wp-content\/uploads\/2024\/03\/medaille-personnalisee-garcon-150x150.jpg 150w, https:\/\/www.marmottine.fr\/mag\/wp-content\/uploads\/2024\/03\/medaille-personnalisee-garcon-768x768.jpg 768w\" sizes=\"(max-width: 800px) 100vw, 800px\" \/><figcaption id=\"caption-attachment-329\" class=\"wp-caption-text\">m\u00e9daille personnalis\u00e9e gar\u00e7on<\/figcaption><\/figure>\n<p>A 2 ans, un gar\u00e7onnet est encore petit, il est important de ne pas le laisser sans surveillance quand il porte un collier ou un bracelet. C\u2019est un \u00e2ge o\u00f9 on peut offrir un bijou en or qui lui restera toute la vie. Voici des id\u00e9es de bijou personnalis\u00e9 pour cet \u00e2ge\u00a0:<\/p>\n<ul>\n<li>Une gourmette en or blanc sur une cha\u00eene for\u00e7at\u00a0: avec son nom grav\u00e9 au recto de la plaque et sa date de naissance au verso, c\u2019est le cadeau classique incontournable pour un gar\u00e7on.<\/li>\n<li>Une m\u00e9daille en or jaune avec son signe du zodiaque grav\u00e9 au recto et son pr\u00e9nom au verso. Les signes du zodiaque reviennent en force dans les collections de bijoux pour tout-petits, avec les signes astrologiques dessin\u00e9s au trait, \u00e0 la mani\u00e8re d\u2019un dessin d\u2019enfant. Encore une belle id\u00e9e de cadeau personnalis\u00e9 original et branch\u00e9.<\/li>\n<\/ul>\n<h2><span class=\"ez-toc-section\" id=\"Quel_bijou_personnalise_offrir_a_un_garcon_de_5_ans\"><\/span>Quel bijou personnalis\u00e9 offrir \u00e0 un gar\u00e7on de 5 ans\u00a0?<span class=\"ez-toc-section-end\"><\/span><\/h2>\n<p>Ce n\u2019est plus un b\u00e9b\u00e9, pas encore un grand gar\u00e7on autonome\u2026 les bijoux personnalis\u00e9s pour gar\u00e7on de 5 ans correspondent \u00e0 cette p\u00e9riode de la petite enfance encore tendre et onirique. Certains symboles comme l\u2019\u00e9toile ou bien des motifs comme le nuage, ou encore certains animaux comme l\u2019\u00e9l\u00e9phant, trait\u00e9s de mani\u00e8re enfantine, \u00e0 l\u2019aide de dessins grav\u00e9s, feront de belles illustrations pour des m\u00e9dailles et des bracelets destin\u00e9s \u00e0 des gar\u00e7onnets.<\/p>\n<h2><span class=\"ez-toc-section\" id=\"Quel_bijou_personnalise_offrir_a_un_garcon_de_6_ans\"><\/span>Quel bijou personnalis\u00e9 offrir \u00e0 un gar\u00e7on de 6 ans\u00a0?<span class=\"ez-toc-section-end\"><\/span><\/h2>\n<p>Cet \u00e2ge correspond \u00e0 l\u2019entr\u00e9e au CP. Les id\u00e9es de bijoux personnalis\u00e9s pour gar\u00e7on ne manquent pas\u00a0:<\/p>\n<ul>\n<li>Une montre p\u00e9dagogique pour apprendre \u00e0 lire l\u2019heure\u00a0: on la choisira ludique, avec un bracelet montre d\u00e9cor\u00e9 de personnages qu\u2019il affectionne (<strong>super h\u00e9ros<\/strong>, <strong>dinosaures<\/strong>, personnages de <strong>dessins anim\u00e9s<\/strong>).<\/li>\n<li>Un bracelet cordon personnalis\u00e9 avec un de ses dessins\u00a0: 6 ans, c\u2019est l\u2019\u00e2ge o\u00f9 l\u2019on dessine beaucoup, alors pourquoi pas immortaliser son plus beau <strong>dessin grav\u00e9<\/strong> sur la m\u00e9daille d\u2019un bracelet\u00a0?<\/li>\n<li>Un <strong>pendentif personnalis\u00e9 initiale<\/strong>: le CP est l\u2019ann\u00e9e o\u00f9 on apprend \u00e0 lire. Il appr\u00e9ciera d\u2019autant plus porter son initiale autour du cou\u00a0!<\/li>\n<\/ul>\n<h2><span class=\"ez-toc-section\" id=\"_Quel_bijou_personnalise_offrir_a_un_garcon_de_8_ans\"><\/span><strong>\u00a0<\/strong>Quel bijou personnalis\u00e9 offrir \u00e0 un gar\u00e7on de 8 ans\u00a0?<span class=\"ez-toc-section-end\"><\/span><\/h2>\n<figure id=\"attachment_327\" aria-describedby=\"caption-attachment-327\" style=\"width: 800px\" class=\"wp-caption alignnone\"><img loading=\"lazy\" decoding=\"async\" class=\"size-full wp-image-327\" src=\"https:\/\/www.marmottine.fr\/mag\/wp-content\/uploads\/2024\/03\/bracelet-personnalise-garcon.jpg\" alt=\"bracelet personnalis\u00e9 gar\u00e7on\" width=\"800\" height=\"800\" srcset=\"https:\/\/www.marmottine.fr\/mag\/wp-content\/uploads\/2024\/03\/bracelet-personnalise-garcon.jpg 800w, https:\/\/www.marmottine.fr\/mag\/wp-content\/uploads\/2024\/03\/bracelet-personnalise-garcon-300x300.jpg 300w, https:\/\/www.marmottine.fr\/mag\/wp-content\/uploads\/2024\/03\/bracelet-personnalise-garcon-150x150.jpg 150w, https:\/\/www.marmottine.fr\/mag\/wp-content\/uploads\/2024\/03\/bracelet-personnalise-garcon-768x768.jpg 768w\" sizes=\"(max-width: 800px) 100vw, 800px\" \/><figcaption id=\"caption-attachment-327\" class=\"wp-caption-text\">bracelet personnalis\u00e9 gar\u00e7on<\/figcaption><\/figure>\n<p>A 8 ans, la personnalit\u00e9 s\u2019affirme et certains petits gar\u00e7ons d\u00e9veloppent des passions, pour un sport, ou pour un animal. C\u2019est l\u2019occasion r\u00eav\u00e9e d\u2019immortaliser cette p\u00e9riode sur un bijou qu\u2019il ne quittera plus\u00a0!<\/p>\n<ul>\n<li><u>Un bijou personnalis\u00e9 sport<\/u>: ballon de <strong>foot<\/strong> ou de <strong>rugby<\/strong>, balle de <strong>tennis<\/strong>, club de <strong>golf<\/strong>, tous les sports peuvent se repr\u00e9senter sur un bijou, en 3D ou grav\u00e9s.<\/li>\n<li><u>Un bijou personnalis\u00e9 automobile<\/u>: la voiture fascine les gar\u00e7ons de cet \u00e2ge. Si telle est sa passion,\u00a0il est possible de lui offrir un pendentif en forme de <strong>volant<\/strong>, ou une m\u00e9daille avec la <strong>voiture <\/strong>de son papa grav\u00e9e.<\/li>\n<li><u>Un bijou personnalis\u00e9 avec son animal pr\u00e9f\u00e9r\u00e9<\/u>: <strong>cheval, chien, chat, poney, dauphin, tortue<\/strong>\u2026. Quelle belle id\u00e9e d\u2019offrir une m\u00e9daille avec son animal grav\u00e9 au recto, agr\u00e9ment\u00e9 d\u2019un message.<\/li>\n<\/ul>\n<h2><span class=\"ez-toc-section\" id=\"Quelle_matiere_pour_un_bijou_personnalise_destine_a_un_garcon\"><\/span>Quelle mati\u00e8re pour un bijou personnalis\u00e9 destin\u00e9 \u00e0 un gar\u00e7on\u00a0?<span class=\"ez-toc-section-end\"><\/span><\/h2>\n<p>A l\u2019instar des bijoux pour hommes, les bijoux pour gar\u00e7ons refl\u00e8tent certains codes masculins.<\/p>\n<p>On remarque l\u2019utilisation plus grande de <u>couleurs froides<\/u> avec des bijoux en <u>argent<\/u> ou en <u>or blanc<\/u>.<\/p>\n<p>On note aussi l\u2019utilisation de <u>mat\u00e9riaux plus virils<\/u> comme le <u>cuir<\/u>, la <u>corde<\/u> et parfois le <u>bois<\/u>.<\/p>\n<p>Et m\u00eame si la notion de genre tend \u00e0 s\u2019estomper, il existe encore un <u>code couleur masculin<\/u>, m\u00eame pour les petits mecs. Ainsi, on trouve des bracelets cordons dans des palettes froides\u00a0: noir, gris anthracite, gris souris, bleu, bleu ciel, bleu marine, bleu turquoise, marron, camel, gold. Certains bijoux plus ludiques osent des couleurs fluo (vert fluo, jaune fluo) et vives (rouge, violet).<\/p>\n<p>&nbsp;<\/p>\n","protected":false},"excerpt":{"rendered":"<p>Quel bijou personnalis\u00e9 offrir \u00e0 un gar\u00e7on ? Comme pour les hommes, il est de plus en plus admis d\u2019offrir [&hellip;]<\/p>\n","protected":false},"author":2,"featured_media":329,"parent":225,"menu_order":2,"comment_status":"closed","ping_status":"closed","template":"","meta":{"site-sidebar-layout":"default","site-content-layout":"","ast-site-content-layout":"default","site-content-style":"default","site-sidebar-style":"default","ast-global-header-display":"","ast-banner-title-visibility":"","ast-main-header-display":"","ast-hfb-above-header-display":"","ast-hfb-below-header-display":"","ast-hfb-mobile-header-display":"","site-post-title":"","ast-breadcrumbs-content":"","ast-featured-img":"","footer-sml-layout":"","theme-transparent-header-meta":"default","adv-header-id-meta":"","stick-header-meta":"","header-above-stick-meta":"","header-main-stick-meta":"","header-below-stick-meta":"","astra-migrate-meta-layouts":"set","ast-page-background-enabled":"default","ast-page-background-meta":{"desktop":{"background-color":"var(--ast-global-color-4)","background-image":"","background-repeat":"repeat","background-position":"center center","background-size":"auto","background-attachment":"scroll","background-type":"","background-media":"","overlay-type":"","overlay-color":"","overlay-gradient":""},"tablet":{"background-color":"","background-image":"","background-repeat":"repeat","background-position":"center center","background-size":"auto","background-attachment":"scroll","background-type":"","background-media":"","overlay-type":"","overlay-color":"","overlay-gradient":""},"mobile":{"background-color":"","background-image":"","background-repeat":"repeat","background-position":"center center","background-size":"auto","background-attachment":"scroll","background-type":"","background-media":"","overlay-type":"","overlay-color":"","overlay-gradient":""}},"ast-content-background-meta":{"desktop":{"background-color":"var(--ast-global-color-5)","background-image":"","background-repeat":"repeat","background-position":"center center","background-size":"auto","background-attachment":"scroll","background-type":"","background-media":"","overlay-type":"","overlay-color":"","overlay-gradient":""},"tablet":{"background-color":"var(--ast-global-color-5)","background-image":"","background-repeat":"repeat","background-position":"center center","background-size":"auto","background-attachment":"scroll","background-type":"","background-media":"","overlay-type":"","overlay-color":"","overlay-gradient":""},"mobile":{"background-color":"var(--ast-global-color-5)","background-image":"","background-repeat":"repeat","background-position":"center center","background-size":"auto","background-attachment":"scroll","background-type":"","background-media":"","overlay-type":"","overlay-color":"","overlay-gradient":""}},"footnotes":""},"aioseo_notices":[],"_links":{"self":[{"href":"https:\/\/www.marmottine.fr\/mag\/wp-json\/wp\/v2\/pages\/231"}],"collection":[{"href":"https:\/\/www.marmottine.fr\/mag\/wp-json\/wp\/v2\/pages"}],"about":[{"href":"https:\/\/www.marmottine.fr\/mag\/wp-json\/wp\/v2\/types\/page"}],"author":[{"embeddable":true,"href":"https:\/\/www.marmottine.fr\/mag\/wp-json\/wp\/v2\/users\/2"}],"replies":[{"embeddable":true,"href":"https:\/\/www.marmottine.fr\/mag\/wp-json\/wp\/v2\/comments?post=231"}],"version-history":[{"count":3,"href":"https:\/\/www.marmottine.fr\/mag\/wp-json\/wp\/v2\/pages\/231\/revisions"}],"predecessor-version":[{"id":590,"href":"https:\/\/www.marmottine.fr\/mag\/wp-json\/wp\/v2\/pages\/231\/revisions\/590"}],"up":[{"embeddable":true,"href":"https:\/\/www.marmottine.fr\/mag\/wp-json\/wp\/v2\/pages\/225"}],"wp:featuredmedia":[{"embeddable":true,"href":"https:\/\/www.marmottine.fr\/mag\/wp-json\/wp\/v2\/media\/329"}],"wp:attachment":[{"href":"https:\/\/www.marmottine.fr\/mag\/wp-json\/wp\/v2\/media?parent=231"}],"curies":[{"name":"wp","href":"https:\/\/api.w.org\/{rel}","templated":true}]}}