{"id":229,"date":"2024-04-09T11:55:52","date_gmt":"2024-04-09T09:55:52","guid":{"rendered":"https:\/\/www.marmottine.fr\/mag\/?page_id=229"},"modified":"2024-10-09T15:00:23","modified_gmt":"2024-10-09T13:00:23","slug":"a-un-enfant","status":"publish","type":"page","link":"https:\/\/www.marmottine.fr\/mag\/guides\/bijoux-personnalises\/offrir\/a-un-enfant","title":{"rendered":"Quel bijou personnalis\u00e9 offrir \u00e0 un enfant ?"},"content":{"rendered":"<h1><span class=\"ez-toc-section\" id=\"Quel_bijou_personnalise_offrir_a_un_enfant\"><\/span>Quel bijou personnalis\u00e9 offrir \u00e0 un enfant ?<span class=\"ez-toc-section-end\"><\/span><\/h1><div id=\"ez-toc-container\" class=\"ez-toc-v2_0_69_1 counter-hierarchy ez-toc-counter ez-toc-grey ez-toc-container-direction\">\n<div class=\"ez-toc-title-container\">\n<p class=\"ez-toc-title\" style=\"cursor:inherit\">Sommaire<\/p>\n<span class=\"ez-toc-title-toggle\"><a href=\"#\" class=\"ez-toc-pull-right ez-toc-btn ez-toc-btn-xs ez-toc-btn-default ez-toc-toggle\" aria-label=\"Toggle Table of Content\"><span class=\"ez-toc-js-icon-con\"><span class=\"\"><span class=\"eztoc-hide\" style=\"display:none;\">Toggle<\/span><span class=\"ez-toc-icon-toggle-span\"><svg style=\"fill: #999;color:#999\" xmlns=\"http:\/\/www.w3.org\/2000\/svg\" class=\"list-377408\" width=\"20px\" height=\"20px\" viewBox=\"0 0 24 24\" fill=\"none\"><path d=\"M6 6H4v2h2V6zm14 0H8v2h12V6zM4 11h2v2H4v-2zm16 0H8v2h12v-2zM4 16h2v2H4v-2zm16 0H8v2h12v-2z\" fill=\"currentColor\"><\/path><\/svg><svg style=\"fill: #999;color:#999\" class=\"arrow-unsorted-368013\" xmlns=\"http:\/\/www.w3.org\/2000\/svg\" width=\"10px\" height=\"10px\" viewBox=\"0 0 24 24\" version=\"1.2\" baseProfile=\"tiny\"><path d=\"M18.2 9.3l-6.2-6.3-6.2 6.3c-.2.2-.3.4-.3.7s.1.5.3.7c.2.2.4.3.7.3h11c.3 0 .5-.1.7-.3.2-.2.3-.5.3-.7s-.1-.5-.3-.7zM5.8 14.7l6.2 6.3 6.2-6.3c.2-.2.3-.5.3-.7s-.1-.5-.3-.7c-.2-.2-.4-.3-.7-.3h-11c-.3 0-.5.1-.7.3-.2.2-.3.5-.3.7s.1.5.3.7z\"\/><\/svg><\/span><\/span><\/span><\/a><\/span><\/div>\n<nav><ul class='ez-toc-list ez-toc-list-level-1 ' ><li class='ez-toc-page-1 ez-toc-heading-level-1'><a class=\"ez-toc-link ez-toc-heading-1\" href=\"https:\/\/www.marmottine.fr\/mag\/guides\/bijoux-personnalises\/offrir\/a-un-enfant\/#Quel_bijou_personnalise_offrir_a_un_enfant\" title=\"Quel bijou personnalis\u00e9 offrir \u00e0 un enfant ?\">Quel bijou personnalis\u00e9 offrir \u00e0 un enfant ?<\/a><ul class='ez-toc-list-level-2' ><li class='ez-toc-heading-level-2'><a class=\"ez-toc-link ez-toc-heading-2\" href=\"https:\/\/www.marmottine.fr\/mag\/guides\/bijoux-personnalises\/offrir\/a-un-enfant\/#Quels_sont_les_bijoux_personnalises_pour_enfants\" title=\"Quels sont les bijoux personnalis\u00e9s pour enfants\u00a0?\">Quels sont les bijoux personnalis\u00e9s pour enfants\u00a0?<\/a><\/li><li class='ez-toc-page-1 ez-toc-heading-level-2'><a class=\"ez-toc-link ez-toc-heading-3\" href=\"https:\/\/www.marmottine.fr\/mag\/guides\/bijoux-personnalises\/offrir\/a-un-enfant\/#A_partir_de_quel_age_un_enfant_peut_porter_un_bijou_personnalise\" title=\"A partir de quel \u00e2ge un enfant peut porter un bijou personnalis\u00e9\u00a0?\">A partir de quel \u00e2ge un enfant peut porter un bijou personnalis\u00e9\u00a0?<\/a><\/li><li class='ez-toc-page-1 ez-toc-heading-level-2'><a class=\"ez-toc-link ez-toc-heading-4\" href=\"https:\/\/www.marmottine.fr\/mag\/guides\/bijoux-personnalises\/offrir\/a-un-enfant\/#Quel_bracelet_personnalise_pour_un_enfant\" title=\"Quel bracelet personnalis\u00e9 pour un enfant\u00a0?\">Quel bracelet personnalis\u00e9 pour un enfant\u00a0?<\/a><\/li><li class='ez-toc-page-1 ez-toc-heading-level-2'><a class=\"ez-toc-link ez-toc-heading-5\" href=\"https:\/\/www.marmottine.fr\/mag\/guides\/bijoux-personnalises\/offrir\/a-un-enfant\/#Comment_choisir_la_taille_dun_bracelet_personnalise_pour_un_enfant\" title=\"Comment choisir la taille d\u2019un bracelet personnalis\u00e9 pour un enfant\u00a0?\">Comment choisir la taille d\u2019un bracelet personnalis\u00e9 pour un enfant\u00a0?<\/a><\/li><li class='ez-toc-page-1 ez-toc-heading-level-2'><a class=\"ez-toc-link ez-toc-heading-6\" href=\"https:\/\/www.marmottine.fr\/mag\/guides\/bijoux-personnalises\/offrir\/a-un-enfant\/#Quel_collier_personnalise_pour_un_enfant\" title=\"Quel collier personnalis\u00e9 pour un enfant\u00a0?\">Quel collier personnalis\u00e9 pour un enfant\u00a0?<\/a><\/li><li class='ez-toc-page-1 ez-toc-heading-level-2'><a class=\"ez-toc-link ez-toc-heading-7\" href=\"https:\/\/www.marmottine.fr\/mag\/guides\/bijoux-personnalises\/offrir\/a-un-enfant\/#Quelle_matiere_pour_un_bijou_personnalise_destine_a_un_enfant\" title=\"Quelle mati\u00e8re pour un bijou personnalis\u00e9 destin\u00e9 \u00e0 un enfant\u00a0?\">Quelle mati\u00e8re pour un bijou personnalis\u00e9 destin\u00e9 \u00e0 un enfant\u00a0?<\/a><\/li><li class='ez-toc-page-1 ez-toc-heading-level-2'><a class=\"ez-toc-link ez-toc-heading-8\" href=\"https:\/\/www.marmottine.fr\/mag\/guides\/bijoux-personnalises\/offrir\/a-un-enfant\/#A_quelle_occasion_offrir_un_bijou_personnalise_a_un_enfant\" title=\"A quelle occasion offrir un bijou personnalis\u00e9 \u00e0 un enfant\u00a0?\">A quelle occasion offrir un bijou personnalis\u00e9 \u00e0 un enfant\u00a0?<\/a><\/li><\/ul><\/li><\/ul><\/nav><\/div>\n\n<figure id=\"attachment_324\" aria-describedby=\"caption-attachment-324\" style=\"width: 800px\" class=\"wp-caption alignnone\"><img loading=\"lazy\" decoding=\"async\" class=\"size-full wp-image-324\" src=\"https:\/\/www.marmottine.fr\/mag\/wp-content\/uploads\/2024\/03\/bracelet-prenom-enfant-personnalise.jpg\" alt=\"bracelet pr\u00e9nom enfant personnalis\u00e9\" width=\"800\" height=\"800\" srcset=\"https:\/\/www.marmottine.fr\/mag\/wp-content\/uploads\/2024\/03\/bracelet-prenom-enfant-personnalise.jpg 800w, https:\/\/www.marmottine.fr\/mag\/wp-content\/uploads\/2024\/03\/bracelet-prenom-enfant-personnalise-300x300.jpg 300w, https:\/\/www.marmottine.fr\/mag\/wp-content\/uploads\/2024\/03\/bracelet-prenom-enfant-personnalise-150x150.jpg 150w, https:\/\/www.marmottine.fr\/mag\/wp-content\/uploads\/2024\/03\/bracelet-prenom-enfant-personnalise-768x768.jpg 768w\" sizes=\"(max-width: 800px) 100vw, 800px\" \/><figcaption id=\"caption-attachment-324\" class=\"wp-caption-text\">bracelet pr\u00e9nom enfant personnalis\u00e9<\/figcaption><\/figure>\n<p>La mode du <strong><a href=\"https:\/\/www.marmottine.fr\/mag\/guides\/bijoux-personnalises\/offrir\">bijou personnalis\u00e9 s\u00e9vit aussi chez les enfants<\/a>\u00a0<\/strong>! C\u2019est pour eux une mani\u00e8re d\u2019imiter les grandes personnes, \u00e0 commencer par leurs parents, et de se distinguer avec un bijou diff\u00e9renciant. Mais quelques pr\u00e9cautions s\u2019imposent. Les enfants m\u00e8nent une vie tr\u00e9pidante, il leur faut des bijoux robustes, qu\u2019ils peuvent porter au quotidien sans risquer de les casser, que ce soit \u00e0 l\u2019\u00e9cole, dans la cour de r\u00e9cr\u00e9ation, dans la pratique de leur sport, ou le week-end en famille. Certaines formes de personnalisations conviennent particuli\u00e8rement \u00e0 nos minis, filles comme gar\u00e7ons.<\/p>\n<h2><span class=\"ez-toc-section\" id=\"Quels_sont_les_bijoux_personnalises_pour_enfants\"><\/span>Quels sont les bijoux personnalis\u00e9s pour enfants\u00a0?<span class=\"ez-toc-section-end\"><\/span><\/h2>\n<p>Si tous les bijoux s\u2019adaptent aux enfants, les personnalisables r\u00e9pondent \u00e0 des besoins bien pr\u00e9cis ainsi qu\u2019\u00e0 des crit\u00e8res li\u00e9s \u00e0 leur jeune \u00e2ge.<\/p>\n<ol>\n<li><strong>Un bijou avec un de leurs dessins<\/strong>: quelle fiert\u00e9 pour un enfant de porter un bracelet ou un m\u00e9daillon avec une reproduction d\u2019un de ses plus beaux dessins\u00a0!<\/li>\n<li><strong>Un bijou avec leur empreinte<\/strong>: la gravure de son empreinte de main, ou empreinte de pied, sur un bijou est une id\u00e9e originale pour se d\u00e9marquer, et se souvenir qu\u2019on a \u00e9t\u00e9 petit\u00a0!<\/li>\n<li><strong>Un bijou avec leur pr\u00e9nom<\/strong>: graver son pr\u00e9nom sur une gourmette ou un pendentif est certainement la mani\u00e8re la plus classique de personnaliser un bijou, mais elle plait toujours, \u00e0 tous les \u00e2ges. On choisira une \u00e9criture cursive pour coller \u00e0 l\u2019univers enfantin de la petite enfance.<\/li>\n<li><strong>Un bijou utilitaire<\/strong>: on voit appara\u00eetre des bijoux qui ont des fonctions bien pr\u00e9cises en cas d\u2019accident ou de disparition, ce sont g\u00e9n\u00e9ralement des bracelets sur lesquels sont grav\u00e9s les noms des enfants et les coordonn\u00e9es de leurs parents, voire leur groupe sanguin.<\/li>\n<\/ol>\n<h2><span class=\"ez-toc-section\" id=\"A_partir_de_quel_age_un_enfant_peut_porter_un_bijou_personnalise\"><\/span>A partir de quel \u00e2ge un enfant peut porter un bijou personnalis\u00e9\u00a0?<span class=\"ez-toc-section-end\"><\/span><\/h2>\n<p>Il n\u2019y a pas d\u2019\u00e2ge pour offrir un bijou. D\u2019ailleurs, les premiers bijoux sont en g\u00e9n\u00e9ral offerts \u00e0 l\u2019occasion de la <strong>naissance <\/strong>et du <strong>bapt\u00eame<\/strong>, dans les tout premiers mois de l\u2019enfant. Mais pour le porter, c\u2019est une autre histoire.<\/p>\n<p>Pour <strong>les tout-petits<\/strong>, il est conseill\u00e9 de ne pas les laisser sans surveillance, car ils mettent tout \u00e0 leur bouche, et un accident est vite arriv\u00e9.<\/p>\n<p>A partir de <strong>3 ans<\/strong>, les enfants sont un peu plus raisonnables et peuvent porter un bijou quotidiennement, \u00e0 condition de bien leur expliquer d\u2019en prendre soin. Il faut \u00e9galement veiller \u00e0 ce que le petit enfant ne puisse pas d\u00e9tacher facilement son bijou et l\u2019ing\u00e9rer.<\/p>\n<p>A <strong>l\u2019\u00e9cole primaire<\/strong>, on peut laisser les \u00e9l\u00e8ves porter des bijoux \u00e0 condition qu\u2019ils ne pr\u00e9sentent pas de signes religieux ostentatoires. On pourra par exemple leur laisser un petit bracelet cordon ou une montre p\u00e9dagogique personnalis\u00e9e au verso.<\/p>\n<h2><span class=\"ez-toc-section\" id=\"Quel_bracelet_personnalise_pour_un_enfant\"><\/span>Quel bracelet personnalis\u00e9 pour un enfant\u00a0?<span class=\"ez-toc-section-end\"><\/span><\/h2>\n<figure id=\"attachment_323\" aria-describedby=\"caption-attachment-323\" style=\"width: 800px\" class=\"wp-caption alignnone\"><img loading=\"lazy\" decoding=\"async\" class=\"size-full wp-image-323\" src=\"https:\/\/www.marmottine.fr\/mag\/wp-content\/uploads\/2024\/03\/bracelet-cuir-enfant.png\" alt=\"bracelet cuir enfant\" width=\"800\" height=\"800\" srcset=\"https:\/\/www.marmottine.fr\/mag\/wp-content\/uploads\/2024\/03\/bracelet-cuir-enfant.png 800w, https:\/\/www.marmottine.fr\/mag\/wp-content\/uploads\/2024\/03\/bracelet-cuir-enfant-300x300.png 300w, https:\/\/www.marmottine.fr\/mag\/wp-content\/uploads\/2024\/03\/bracelet-cuir-enfant-150x150.png 150w, https:\/\/www.marmottine.fr\/mag\/wp-content\/uploads\/2024\/03\/bracelet-cuir-enfant-768x768.png 768w\" sizes=\"(max-width: 800px) 100vw, 800px\" \/><figcaption id=\"caption-attachment-323\" class=\"wp-caption-text\">bracelet cuir enfant<\/figcaption><\/figure>\n<p>Le bracelet personnalis\u00e9 est le bijou le plus facile \u00e0 offrir \u00e0 un enfant car il le portera sans trop de difficult\u00e9 comme une seconde peau\u00a0!<\/p>\n<ul>\n<li><strong>La gourmette<\/strong> est le bracelet personnalis\u00e9 par excellence que l\u2019on offre \u00e0 un enfant. Sa plaque est pr\u00e9vue pour accueillir une gravure\u00a0: le pr\u00e9nom au recto et \u00e9ventuellement la date de naissance au verso.<\/li>\n<li><strong>Le bracelet Liberty<\/strong> avec une m\u00e9daille en argent ou en plaqu\u00e9 or grav\u00e9e est un bracelet fleuri qui convient bien \u00e0 l\u2019univers ludique et gai de l\u2019enfance. Les petites filles appr\u00e9cient porter un bracelet dans un tissu color\u00e9 qui s\u2019accorde avec toutes les tenues.<\/li>\n<li><strong>Le bracelet nuage <\/strong>est un mod\u00e8le onirique d\u00e9clin\u00e9 sur cha\u00eene, sur cordon, sur tissu. On le personnalise au recto ou au verso avec un pr\u00e9nom ou un message po\u00e9tique. Il \u00e9voque la r\u00eaverie propre \u00e0 l\u2019enfance.<\/li>\n<li><strong>Le bracelet jonc en argent grav\u00e9<\/strong> pour enfant est un mod\u00e8le ancien qui revient en force, \u00e0 personnaliser en gravant le pr\u00e9nom sur le dessus du jonc. Solide, il l\u2019accompagnera de nombreuses ann\u00e9es \u00e0 son poignet.<\/li>\n<li><strong>Le bracelet en silicone personnalis\u00e9<\/strong> est un mod\u00e8le issu de la bijouterie fantaisie, \u00e0 personnaliser avec pr\u00e9nom, num\u00e9ro de t\u00e9l\u00e9phone et coordonn\u00e9es des parents. Aussi appel\u00e9 bracelet SOS, il permet de contacter rapidement la famille de l\u2019enfant en cas d\u2019urgence.<\/li>\n<\/ul>\n<h2><span class=\"ez-toc-section\" id=\"Comment_choisir_la_taille_dun_bracelet_personnalise_pour_un_enfant\"><\/span>Comment choisir la taille d\u2019un bracelet personnalis\u00e9 pour un enfant\u00a0?<span class=\"ez-toc-section-end\"><\/span><\/h2>\n<p>S\u2019il s\u2019agit d\u2019un <u>bracelet cha\u00eene<\/u> ou d\u2019une <u>gourmette<\/u>, la taille standard est de 14 cm avec un anneau interm\u00e9diaire \u00e0 12 cm. Cela permet aux plus jeunes de le porter longtemps en grandissant. Mais certains enfants grandissent tr\u00e8s vite et ont des poignets forts. Il est conseill\u00e9 de mesurer le poignet du jeune pour s\u2019assurer que la taille conviendra.<\/p>\n<p>De plus en plus de bracelets enfants sont propos\u00e9s <u>sur cordon<\/u>. Ces derniers sont r\u00e9glables par n\u0153uds coulissants. Ainsi, plus besoin de s\u2019inqui\u00e9ter de la taille, le bracelet s\u2019adapte \u00e0 tous les poignets. Ce choix de bracelet est \u00e0 privil\u00e9gier quand on ne conna\u00eet pas la corpulence du bambin \u00e0 qui le bracelet est destin\u00e9.<\/p>\n<h2><span class=\"ez-toc-section\" id=\"Quel_collier_personnalise_pour_un_enfant\"><\/span>Quel collier personnalis\u00e9 pour un enfant\u00a0?<span class=\"ez-toc-section-end\"><\/span><\/h2>\n<figure id=\"attachment_325\" aria-describedby=\"caption-attachment-325\" style=\"width: 800px\" class=\"wp-caption alignnone\"><img loading=\"lazy\" decoding=\"async\" class=\"size-full wp-image-325\" src=\"https:\/\/www.marmottine.fr\/mag\/wp-content\/uploads\/2024\/03\/medaille-enfant-personnalisee-1.jpg\" alt=\"collier enfant personnalis\u00e9\" width=\"800\" height=\"800\" srcset=\"https:\/\/www.marmottine.fr\/mag\/wp-content\/uploads\/2024\/03\/medaille-enfant-personnalisee-1.jpg 800w, https:\/\/www.marmottine.fr\/mag\/wp-content\/uploads\/2024\/03\/medaille-enfant-personnalisee-1-300x300.jpg 300w, https:\/\/www.marmottine.fr\/mag\/wp-content\/uploads\/2024\/03\/medaille-enfant-personnalisee-1-150x150.jpg 150w, https:\/\/www.marmottine.fr\/mag\/wp-content\/uploads\/2024\/03\/medaille-enfant-personnalisee-1-768x768.jpg 768w\" sizes=\"(max-width: 800px) 100vw, 800px\" \/><figcaption id=\"caption-attachment-325\" class=\"wp-caption-text\">collier enfant personnalis\u00e9<\/figcaption><\/figure>\n<p>Compos\u00e9 d\u2019une chaine et d\u2019une m\u00e9daille (ou d\u2019un pendentif), le collier personnalis\u00e9 pour enfant est \u00e9galement tr\u00e8s pl\u00e9biscit\u00e9.<\/p>\n<ul>\n<li><strong>Le collier pr\u00e9nom<\/strong> pour enfant\u00a0est tr\u00e8s \u00e0 la mode actuellement. Les lettres d\u2019or ou d\u2019argent sont coll\u00e9es les unes aux autres et retenues de chaque c\u00f4t\u00e9 par une cha\u00eene fine. Il se porte ras de cou et permet de porter fi\u00e8rement son pr\u00e9nom. Certains mod\u00e8les sont r\u00e9alis\u00e9s d\u2019un seul tenant avec un fil d\u2019or ou d\u2019argent.<\/li>\n<li><strong>Le collier <\/strong>avec un<strong> pendentif<\/strong>qui repr\u00e9sente une <strong>passion\u00a0<\/strong>(sport, musique, animal pr\u00e9f\u00e9r\u00e9) ou un <strong>signe astrologique <\/strong>est un grand classique pour les filles comme pour les gar\u00e7ons. Les mod\u00e8les d\u2019aujourd\u2019hui sont pratiquement tous personnalisables, une mani\u00e8re d\u2019afficher sa passion.<\/li>\n<\/ul>\n<h2><span class=\"ez-toc-section\" id=\"Quelle_matiere_pour_un_bijou_personnalise_destine_a_un_enfant\"><\/span>Quelle mati\u00e8re pour un bijou personnalis\u00e9 destin\u00e9 \u00e0 un enfant\u00a0?<span class=\"ez-toc-section-end\"><\/span><\/h2>\n<p>Ecole, activit\u00e9 sportive, sorties avec les copains, vacances,\u2026 la vie d\u2019un enfant n\u2019est pas de tout repos\u00a0! Leurs bijoux doivent s\u2019adapter \u00e0 leur mode de vie active. C\u2019est pourquoi il est conseill\u00e9 de privil\u00e9gier des mat\u00e9riaux r\u00e9sistants, qui ne craignent pas les chocs.<\/p>\n<p>Les collections de bijoux r\u00e9centes ont fait beaucoup de progr\u00e8s et proposent des bijoux adapt\u00e9s \u00e0 cette petite client\u00e8le intr\u00e9pide. Les bracelets <strong>cordons r\u00e9glables<\/strong> sont une vraie trouvaille car on les garde au poignet, on peut se laver avec et aller \u00e0 la piscine. Quand le cordon montre des signes de fatigue, il suffit de le changer\u00a0!<\/p>\n<p>De nouveaux mat\u00e9riaux comme <strong>le silicone<\/strong> ont fait leur apparition. Id\u00e9al pour les bracelets, le silicone est ultra r\u00e9sistant et face aux chocs, il se plie\u00a0!<\/p>\n<p>Les \u00ab\u00a0vrais\u00a0\u00bb bijoux en or seront r\u00e9serv\u00e9s aux grandes occasions, pour \u00e9viter de les ab\u00eemer ou de les casser. Ces bijoux l\u00e0 se gardent toute la vie.<\/p>\n<h2><span class=\"ez-toc-section\" id=\"A_quelle_occasion_offrir_un_bijou_personnalise_a_un_enfant\"><\/span>A quelle occasion offrir un bijou personnalis\u00e9 \u00e0 un enfant\u00a0?<span class=\"ez-toc-section-end\"><\/span><\/h2>\n<p>Tous les \u00e9v\u00e9nements qui jalonnent la petite vie de nos bambins est pr\u00e9texte \u00e0 leur offrir un bijou personnalis\u00e9. Mais en fonction de l\u2019importance de l\u2019\u00e9v\u00e9nement, on choisira un bijou plus ou moins pr\u00e9cieux.<\/p>\n<p><u>Certains anniversaires symboliques<\/u> (5 ans, 7 ans, 10 ans) se pr\u00eatent \u00e0 offrir un bijou personnalis\u00e9\u00a0: sa premi\u00e8re montre, ou un bracelet avec son pr\u00e9nom grav\u00e9.<\/p>\n<p><u>Certaines f\u00eates religieuses<\/u> comme le bapt\u00eame, la communion, la profession de foi ou la confirmation, correspondent \u00e0 des bijoux tr\u00e8s codifi\u00e9s\u00a0: m\u00e9daille religieuse, gourmette, collier pr\u00e9nom, ou encore premi\u00e8re perle.<\/p>\n<p>On r\u00e9servera les bijoux fantaisie pour les <u>petits cadeaux spontan\u00e9s<\/u>, histoire de \u00ab\u00a0faire plaisir\u00a0\u00bb avec une petite babiole grav\u00e9e d\u2019un message.<\/p>\n<p>Cette grande diversit\u00e9 de choix montre bien la popularit\u00e9 des bijoux personnalis\u00e9s enfants<\/p>\n","protected":false},"excerpt":{"rendered":"<p>Quel bijou personnalis\u00e9 offrir \u00e0 un enfant ? La mode du bijou personnalis\u00e9 s\u00e9vit aussi chez les enfants\u00a0! C\u2019est pour [&hellip;]<\/p>\n","protected":false},"author":2,"featured_media":324,"parent":225,"menu_order":1,"comment_status":"closed","ping_status":"closed","template":"","meta":{"site-sidebar-layout":"default","site-content-layout":"","ast-site-content-layout":"default","site-content-style":"default","site-sidebar-style":"default","ast-global-header-display":"","ast-banner-title-visibility":"","ast-main-header-display":"","ast-hfb-above-header-display":"","ast-hfb-below-header-display":"","ast-hfb-mobile-header-display":"","site-post-title":"","ast-breadcrumbs-content":"","ast-featured-img":"","footer-sml-layout":"","theme-transparent-header-meta":"default","adv-header-id-meta":"","stick-header-meta":"","header-above-stick-meta":"","header-main-stick-meta":"","header-below-stick-meta":"","astra-migrate-meta-layouts":"set","ast-page-background-enabled":"default","ast-page-background-meta":{"desktop":{"background-color":"var(--ast-global-color-4)","background-image":"","background-repeat":"repeat","background-position":"center center","background-size":"auto","background-attachment":"scroll","background-type":"","background-media":"","overlay-type":"","overlay-color":"","overlay-gradient":""},"tablet":{"background-color":"","background-image":"","background-repeat":"repeat","background-position":"center center","background-size":"auto","background-attachment":"scroll","background-type":"","background-media":"","overlay-type":"","overlay-color":"","overlay-gradient":""},"mobile":{"background-color":"","background-image":"","background-repeat":"repeat","background-position":"center center","background-size":"auto","background-attachment":"scroll","background-type":"","background-media":"","overlay-type":"","overlay-color":"","overlay-gradient":""}},"ast-content-background-meta":{"desktop":{"background-color":"var(--ast-global-color-5)","background-image":"","background-repeat":"repeat","background-position":"center center","background-size":"auto","background-attachment":"scroll","background-type":"","background-media":"","overlay-type":"","overlay-color":"","overlay-gradient":""},"tablet":{"background-color":"var(--ast-global-color-5)","background-image":"","background-repeat":"repeat","background-position":"center center","background-size":"auto","background-attachment":"scroll","background-type":"","background-media":"","overlay-type":"","overlay-color":"","overlay-gradient":""},"mobile":{"background-color":"var(--ast-global-color-5)","background-image":"","background-repeat":"repeat","background-position":"center center","background-size":"auto","background-attachment":"scroll","background-type":"","background-media":"","overlay-type":"","overlay-color":"","overlay-gradient":""}},"footnotes":""},"aioseo_notices":[],"_links":{"self":[{"href":"https:\/\/www.marmottine.fr\/mag\/wp-json\/wp\/v2\/pages\/229"}],"collection":[{"href":"https:\/\/www.marmottine.fr\/mag\/wp-json\/wp\/v2\/pages"}],"about":[{"href":"https:\/\/www.marmottine.fr\/mag\/wp-json\/wp\/v2\/types\/page"}],"author":[{"embeddable":true,"href":"https:\/\/www.marmottine.fr\/mag\/wp-json\/wp\/v2\/users\/2"}],"replies":[{"embeddable":true,"href":"https:\/\/www.marmottine.fr\/mag\/wp-json\/wp\/v2\/comments?post=229"}],"version-history":[{"count":5,"href":"https:\/\/www.marmottine.fr\/mag\/wp-json\/wp\/v2\/pages\/229\/revisions"}],"predecessor-version":[{"id":897,"href":"https:\/\/www.marmottine.fr\/mag\/wp-json\/wp\/v2\/pages\/229\/revisions\/897"}],"up":[{"embeddable":true,"href":"https:\/\/www.marmottine.fr\/mag\/wp-json\/wp\/v2\/pages\/225"}],"wp:featuredmedia":[{"embeddable":true,"href":"https:\/\/www.marmottine.fr\/mag\/wp-json\/wp\/v2\/media\/324"}],"wp:attachment":[{"href":"https:\/\/www.marmottine.fr\/mag\/wp-json\/wp\/v2\/media?parent=229"}],"curies":[{"name":"wp","href":"https:\/\/api.w.org\/{rel}","templated":true}]}}