{"id":227,"date":"2024-04-09T11:54:19","date_gmt":"2024-04-09T09:54:19","guid":{"rendered":"https:\/\/www.marmottine.fr\/mag\/?page_id=227"},"modified":"2024-04-09T16:32:47","modified_gmt":"2024-04-09T14:32:47","slug":"a-un-bebe","status":"publish","type":"page","link":"https:\/\/www.marmottine.fr\/mag\/guides\/bijoux-personnalises\/offrir\/a-un-bebe","title":{"rendered":"Quel bijou personnalis\u00e9 offrir \u00e0 un b\u00e9b\u00e9 ?"},"content":{"rendered":"<h1><span class=\"ez-toc-section\" id=\"Quel_bijou_personnalise_offrir_a_un_bebe\"><\/span>Quel bijou personnalis\u00e9 offrir \u00e0 un b\u00e9b\u00e9 ?<span class=\"ez-toc-section-end\"><\/span><\/h1><div id=\"ez-toc-container\" class=\"ez-toc-v2_0_69_1 counter-hierarchy ez-toc-counter ez-toc-grey ez-toc-container-direction\">\n<div class=\"ez-toc-title-container\">\n<p class=\"ez-toc-title\" style=\"cursor:inherit\">Sommaire<\/p>\n<span class=\"ez-toc-title-toggle\"><a href=\"#\" class=\"ez-toc-pull-right ez-toc-btn ez-toc-btn-xs ez-toc-btn-default ez-toc-toggle\" aria-label=\"Toggle Table of Content\"><span class=\"ez-toc-js-icon-con\"><span class=\"\"><span class=\"eztoc-hide\" style=\"display:none;\">Toggle<\/span><span class=\"ez-toc-icon-toggle-span\"><svg style=\"fill: #999;color:#999\" xmlns=\"http:\/\/www.w3.org\/2000\/svg\" class=\"list-377408\" width=\"20px\" height=\"20px\" viewBox=\"0 0 24 24\" fill=\"none\"><path d=\"M6 6H4v2h2V6zm14 0H8v2h12V6zM4 11h2v2H4v-2zm16 0H8v2h12v-2zM4 16h2v2H4v-2zm16 0H8v2h12v-2z\" fill=\"currentColor\"><\/path><\/svg><svg style=\"fill: #999;color:#999\" class=\"arrow-unsorted-368013\" xmlns=\"http:\/\/www.w3.org\/2000\/svg\" width=\"10px\" height=\"10px\" viewBox=\"0 0 24 24\" version=\"1.2\" baseProfile=\"tiny\"><path d=\"M18.2 9.3l-6.2-6.3-6.2 6.3c-.2.2-.3.4-.3.7s.1.5.3.7c.2.2.4.3.7.3h11c.3 0 .5-.1.7-.3.2-.2.3-.5.3-.7s-.1-.5-.3-.7zM5.8 14.7l6.2 6.3 6.2-6.3c.2-.2.3-.5.3-.7s-.1-.5-.3-.7c-.2-.2-.4-.3-.7-.3h-11c-.3 0-.5.1-.7.3-.2.2-.3.5-.3.7s.1.5.3.7z\"\/><\/svg><\/span><\/span><\/span><\/a><\/span><\/div>\n<nav><ul class='ez-toc-list ez-toc-list-level-1 ' ><li class='ez-toc-page-1 ez-toc-heading-level-1'><a class=\"ez-toc-link ez-toc-heading-1\" href=\"https:\/\/www.marmottine.fr\/mag\/guides\/bijoux-personnalises\/offrir\/a-un-bebe\/#Quel_bijou_personnalise_offrir_a_un_bebe\" title=\"Quel bijou personnalis\u00e9 offrir \u00e0 un b\u00e9b\u00e9 ?\">Quel bijou personnalis\u00e9 offrir \u00e0 un b\u00e9b\u00e9 ?<\/a><ul class='ez-toc-list-level-2' ><li class='ez-toc-heading-level-2'><a class=\"ez-toc-link ez-toc-heading-2\" href=\"https:\/\/www.marmottine.fr\/mag\/guides\/bijoux-personnalises\/offrir\/a-un-bebe\/#A_partir_de_quel_age_peut-on_mettre_un_bijou_personnalise_a_un_bebe\" title=\"A partir de quel \u00e2ge peut-on mettre un bijou personnalis\u00e9 \u00e0 un b\u00e9b\u00e9\u00a0?\">A partir de quel \u00e2ge peut-on mettre un bijou personnalis\u00e9 \u00e0 un b\u00e9b\u00e9\u00a0?<\/a><\/li><li class='ez-toc-page-1 ez-toc-heading-level-2'><a class=\"ez-toc-link ez-toc-heading-3\" href=\"https:\/\/www.marmottine.fr\/mag\/guides\/bijoux-personnalises\/offrir\/a-un-bebe\/#Quel_bracelet_personnalise_pour_un_bebe\" title=\"Quel bracelet personnalis\u00e9 pour un b\u00e9b\u00e9\u00a0?\">Quel bracelet personnalis\u00e9 pour un b\u00e9b\u00e9\u00a0?<\/a><\/li><li class='ez-toc-page-1 ez-toc-heading-level-2'><a class=\"ez-toc-link ez-toc-heading-4\" href=\"https:\/\/www.marmottine.fr\/mag\/guides\/bijoux-personnalises\/offrir\/a-un-bebe\/#Quel_collier_personnalise_pour_un_bebe\" title=\"Quel collier personnalis\u00e9 pour un b\u00e9b\u00e9\u00a0?\">Quel collier personnalis\u00e9 pour un b\u00e9b\u00e9\u00a0?<\/a><\/li><li class='ez-toc-page-1 ez-toc-heading-level-2'><a class=\"ez-toc-link ez-toc-heading-5\" href=\"https:\/\/www.marmottine.fr\/mag\/guides\/bijoux-personnalises\/offrir\/a-un-bebe\/#Quel_bijou_de_naissance_personnalise_pour_un_bebe\" title=\"Quel bijou de naissance personnalis\u00e9 pour un b\u00e9b\u00e9\u00a0?\">Quel bijou de naissance personnalis\u00e9 pour un b\u00e9b\u00e9\u00a0?<\/a><\/li><li class='ez-toc-page-1 ez-toc-heading-level-2'><a class=\"ez-toc-link ez-toc-heading-6\" href=\"https:\/\/www.marmottine.fr\/mag\/guides\/bijoux-personnalises\/offrir\/a-un-bebe\/#Quel_bijou_de_bapteme_personnalise_pour_un_bebe\" title=\"Quel bijou de bapt\u00eame personnalis\u00e9 pour un b\u00e9b\u00e9\u00a0?\">Quel bijou de bapt\u00eame personnalis\u00e9 pour un b\u00e9b\u00e9\u00a0?<\/a><\/li><li class='ez-toc-page-1 ez-toc-heading-level-2'><a class=\"ez-toc-link ez-toc-heading-7\" href=\"https:\/\/www.marmottine.fr\/mag\/guides\/bijoux-personnalises\/offrir\/a-un-bebe\/#Quel_bijou_personnalise_pour_un_bebe_garcon\" title=\"Quel bijou personnalis\u00e9 pour un b\u00e9b\u00e9 gar\u00e7on\u00a0?\">Quel bijou personnalis\u00e9 pour un b\u00e9b\u00e9 gar\u00e7on\u00a0?<\/a><\/li><li class='ez-toc-page-1 ez-toc-heading-level-2'><a class=\"ez-toc-link ez-toc-heading-8\" href=\"https:\/\/www.marmottine.fr\/mag\/guides\/bijoux-personnalises\/offrir\/a-un-bebe\/#Quel_bijou_personnalise_pour_un_bebe_fille\" title=\"Quel bijou personnalis\u00e9 pour un b\u00e9b\u00e9 fille\u00a0?\">Quel bijou personnalis\u00e9 pour un b\u00e9b\u00e9 fille\u00a0?<\/a><\/li><\/ul><\/li><\/ul><\/nav><\/div>\n\n<figure id=\"attachment_319\" aria-describedby=\"caption-attachment-319\" style=\"width: 800px\" class=\"wp-caption alignnone\"><img loading=\"lazy\" decoding=\"async\" class=\"size-full wp-image-319\" src=\"https:\/\/www.marmottine.fr\/mag\/wp-content\/uploads\/2024\/03\/bracelet-bebe-garcon-personnalise.jpg\" alt=\"bracelet b\u00e9b\u00e9 gar\u00e7on personnalis\u00e9\" width=\"800\" height=\"800\" srcset=\"https:\/\/www.marmottine.fr\/mag\/wp-content\/uploads\/2024\/03\/bracelet-bebe-garcon-personnalise.jpg 800w, https:\/\/www.marmottine.fr\/mag\/wp-content\/uploads\/2024\/03\/bracelet-bebe-garcon-personnalise-300x300.jpg 300w, https:\/\/www.marmottine.fr\/mag\/wp-content\/uploads\/2024\/03\/bracelet-bebe-garcon-personnalise-150x150.jpg 150w, https:\/\/www.marmottine.fr\/mag\/wp-content\/uploads\/2024\/03\/bracelet-bebe-garcon-personnalise-768x768.jpg 768w\" sizes=\"(max-width: 800px) 100vw, 800px\" \/><figcaption id=\"caption-attachment-319\" class=\"wp-caption-text\">bracelet b\u00e9b\u00e9 gar\u00e7on personnalis\u00e9<\/figcaption><\/figure>\n<p>Il n\u2019y a pas d\u2019\u00e2ge <strong><a href=\"https:\/\/www.marmottine.fr\/mag\/guides\/bijoux-personnalises\/offrir\">pour offrir un bijou personnalis\u00e9<\/a><\/strong>\u00a0; la preuve\u00a0: on en offre m\u00eame d\u00e8s le berceau\u00a0! La naissance est l\u2019occasion d\u2019offrir un cadeau embl\u00e9matique \u00e0 un b\u00e9b\u00e9, et c\u2019est souvent un bijou qui remporte l\u2019adh\u00e9sion des proches et des parents. Pour se souvenir de ce moment magique qu\u2019est l\u2019arriv\u00e9e d\u2019un nouveau-n\u00e9, on offre g\u00e9n\u00e9ralement un <strong>bijou personnalis\u00e9<\/strong>, <strong>grav\u00e9 avec le pr\u00e9nom<\/strong> de l\u2019enfant et sa <strong>date de naissance<\/strong>. Ces derni\u00e8res ann\u00e9es, les bijoutiers ont imagin\u00e9 de nouvelles collections de <strong>bijoux personnalis\u00e9s pour b\u00e9b\u00e9<\/strong>, d\u00e9multipliant l\u2019offre en bijouterie pour le plus grand bonheur des mamans, des grands-m\u00e8res et des tatas press\u00e9es d\u2019offrir un bijou en or au tout petit.<\/p>\n<h2><span class=\"ez-toc-section\" id=\"A_partir_de_quel_age_peut-on_mettre_un_bijou_personnalise_a_un_bebe\"><\/span>A partir de quel \u00e2ge peut-on mettre un bijou personnalis\u00e9 \u00e0 un b\u00e9b\u00e9\u00a0?<span class=\"ez-toc-section-end\"><\/span><\/h2>\n<p>Si offrir un bijou \u00e0 un nouveau-n\u00e9 est devenu chose courante, on ne peut pas le lui laisser en permanence. Un bijou est un cadeau pr\u00e9cieux, souvent en or, qui demande quelques attentions pour ne pas l\u2019ab\u00eemer et pour \u00e9viter tout risque de blessure pour l\u2019enfant.<\/p>\n<p>D\u00e8s la naissance, on peut offrir un bijou \u00e0 un tout petit et lui mettre ponctuellement, le temps d\u2019une f\u00eate de famille, ou pour prendre des photos, sous la surveillance des parents. S\u2019il s\u2019agit d\u2019une cha\u00eene avec une m\u00e9daille, il est d\u00e9conseill\u00e9 de la laisser autour du cou du nourrisson car il risquerait de se blesser ou de s\u2019\u00e9trangler. M\u00eame chose avec un bracelet cha\u00eene\u00a0: les maillons pourraient se coincer dans les barreaux de son berceau, le fermoir pourrait s\u2019ouvrir et l\u2019enfant risquerait d\u2019ing\u00e9rer son bijou.<\/p>\n<p>Durant les premiers mois du petit enfant, les m\u00eames pr\u00e9cautions s\u2019imposent. Ce n\u2019est qu\u2019\u00e0 partir de 3 ans que l\u2019on pourra laisser plus facilement l\u2019enfant porter sa chaine de bapt\u00eame ou son bracelet identit\u00e9.<\/p>\n<h2><span class=\"ez-toc-section\" id=\"Quel_bracelet_personnalise_pour_un_bebe\"><\/span>Quel bracelet personnalis\u00e9 pour un b\u00e9b\u00e9\u00a0?<span class=\"ez-toc-section-end\"><\/span><\/h2>\n<p>Parmi les <u>bijoux personnalis\u00e9s pour b\u00e9b\u00e9<\/u>, le bracelet occupe une place privil\u00e9gi\u00e9e, quasi sacrale, qui a pris diff\u00e9rentes formes au fil des ann\u00e9es\u00a0:<\/p>\n<ol start=\"3\">\n<li><strong>Le Bracelet identit\u00e9 b\u00e9b\u00e9<\/strong>: c\u2019est le bracelet pour nourrisson par excellence\u00a0! Comme son nom l\u2019indique, il a vocation \u00e0 d\u00e9cliner l\u2019identit\u00e9 de l\u2019enfant, avec la gravure de son pr\u00e9nom au recto de la plaque, et la gravure de sa date de naissance au verso. Il est g\u00e9n\u00e9ralement offert par l\u2019entourage proche du nouveau-n\u00e9, les grands-parents, oncles et tantes.<\/li>\n<li><strong>Le Bracelet cordon\u00a0pour b\u00e9b\u00e9<\/strong> : apparu r\u00e9cemment avec la mode des bracelets de couleur r\u00e9alis\u00e9s avec des cordons de coton r\u00e9glables par n\u0153uds coulissants, le bracelet cordon a r\u00e9volutionn\u00e9 le bracelet personnalis\u00e9 pour b\u00e9b\u00e9. Color\u00e9, ludique et tellement pratique, plus de souci de taille, le bracelet s\u2019adapte \u00e0 tous les poignets, m\u00eame les plus petits\u00a0!<\/li>\n<li><strong>Le Bracelet pr\u00e9nom\u00a0b\u00e9b\u00e9<\/strong> : pr\u00e9nom grav\u00e9 ou pr\u00e9nom sculpt\u00e9 dans le m\u00e9tal pr\u00e9cieux, il est de bon ton d\u2019afficher son patronyme en lettres d\u2019or, d\u00e8s le plus jeune \u00e2ge. Ce genre de bracelet pour b\u00e9b\u00e9 est intemporel, il grandira avec son poignet et restera un souvenir pr\u00e9cieux une fois l\u2019enfant devenu grand.<\/li>\n<li><strong>La Gourmette b\u00e9b\u00e9<\/strong>: la gourmette est associ\u00e9e au bapt\u00eame. C\u2019est l\u2019un des cadeaux phares que l\u2019on offre \u00e0 un b\u00e9b\u00e9 lors de cette f\u00eate religieuse, premi\u00e8re d\u2019une longue s\u00e9rie, tellement importante pour les petits chr\u00e9tiens. Si la gourmette reprend les codes du bracelet identit\u00e9 b\u00e9b\u00e9 (IBB en jargon de bijoutier), elle a pris un sacr\u00e9 coup de jeune ces derni\u00e8res ann\u00e9es avec des formes inattendues (nuage, biscuit, \u00e9toile filante) et beaucoup moins classiques.<\/li>\n<\/ol>\n<h2><span class=\"ez-toc-section\" id=\"Quel_collier_personnalise_pour_un_bebe\"><\/span>Quel collier personnalis\u00e9 pour un b\u00e9b\u00e9\u00a0?<span class=\"ez-toc-section-end\"><\/span><\/h2>\n<figure id=\"attachment_321\" aria-describedby=\"caption-attachment-321\" style=\"width: 800px\" class=\"wp-caption alignnone\"><img loading=\"lazy\" decoding=\"async\" class=\"size-full wp-image-321\" src=\"https:\/\/www.marmottine.fr\/mag\/wp-content\/uploads\/2024\/03\/medaille-bebe-personnalisee.jpg\" alt=\"collier b\u00e9b\u00e9 personnalis\u00e9e\" width=\"800\" height=\"800\" srcset=\"https:\/\/www.marmottine.fr\/mag\/wp-content\/uploads\/2024\/03\/medaille-bebe-personnalisee.jpg 800w, https:\/\/www.marmottine.fr\/mag\/wp-content\/uploads\/2024\/03\/medaille-bebe-personnalisee-300x300.jpg 300w, https:\/\/www.marmottine.fr\/mag\/wp-content\/uploads\/2024\/03\/medaille-bebe-personnalisee-150x150.jpg 150w, https:\/\/www.marmottine.fr\/mag\/wp-content\/uploads\/2024\/03\/medaille-bebe-personnalisee-768x768.jpg 768w\" sizes=\"(max-width: 800px) 100vw, 800px\" \/><figcaption id=\"caption-attachment-321\" class=\"wp-caption-text\">collier b\u00e9b\u00e9 personnalis\u00e9<\/figcaption><\/figure>\n<p>On offre g\u00e9n\u00e9ralement une parure compl\u00e8te (m\u00e9daille + cha\u00eene) car il s\u2019agit bien souvent du premier bijou de l\u2019enfant et offrir une m\u00e9daille sans cha\u00eene n\u2019aurait pas de sens.<\/p>\n<ol>\n<li><u>la m\u00e9daille personnalis\u00e9e naissance<\/u>: tout premier cadeau re\u00e7u par b\u00e9b\u00e9, la m\u00e9daille personnalis\u00e9e n\u2019est pas la m\u00e9daille de bapt\u00eame, elle n\u2019a pas un caract\u00e8re religieux\u00a0; elle est un souvenir de la naissance de l\u2019enfant et est \u00e0 la fois pr\u00e9cieuse (en or) et ludique (avec la gravure d\u2019un symbole \u00e9voquant la petite enfance).<\/li>\n<li><u>le Collier pr\u00e9nom<\/u>: incontournable depuis quelques saisons, le collier pr\u00e9nom concerne aussi bien les b\u00e9b\u00e9s filles que les b\u00e9b\u00e9s gar\u00e7ons. Un pr\u00e9nom est choisi pour la vie, alors autant l\u2019immortaliser sur un collier en or que le petit portera les premi\u00e8res ann\u00e9es de son existence.<\/li>\n<\/ol>\n<h2><span class=\"ez-toc-section\" id=\"Quel_bijou_de_naissance_personnalise_pour_un_bebe\"><\/span>Quel bijou de naissance personnalis\u00e9 pour un b\u00e9b\u00e9\u00a0?<span class=\"ez-toc-section-end\"><\/span><\/h2>\n<p>Cadeau symbolique que l\u2019on offre dans les premiers jours qui suivent la naissance d\u2019un enfant, le <u>bijou de naissance<\/u> peut rev\u00eatir diff\u00e9rentes formes (bracelet, m\u00e9daillon, pendentif, breloque). Quant \u00e0 sa personnalisation elle se diversifie au fil des ann\u00e9es pour devenir un v\u00e9ritable ID avec tout le pedigree du petit ange\u00a0:<\/p>\n<p><u>Personnalisation classique<\/u>\u00a0: nom, pr\u00e9nom, date de naissance, \u00e9ventuellement adresse.<\/p>\n<p><u>Personnalisation plus originale<\/u>\u00a0: coordonn\u00e9es GPS de la ville de naissance, poids du nouveau-n\u00e9, signe du zodiaque\u2026<\/p>\n<h2><span class=\"ez-toc-section\" id=\"Quel_bijou_de_bapteme_personnalise_pour_un_bebe\"><\/span>Quel bijou de bapt\u00eame personnalis\u00e9 pour un b\u00e9b\u00e9\u00a0?<span class=\"ez-toc-section-end\"><\/span><\/h2>\n<p>Jusqu\u2019\u00e0 une \u00e9poque r\u00e9cente, le cadeau de bapt\u00eame \u00e9tait le <strong>bijou personnalis\u00e9 pour b\u00e9b\u00e9<\/strong> que l\u2019on offrait peu de temps apr\u00e8s la <u>naissance<\/u> car on baptisait les enfants tr\u00e8s vite, \u00e9tant donn\u00e9 le taux \u00e9lev\u00e9 de mortalit\u00e9 infantile. Depuis lors, les deux bijoux phares que l\u2019on offre \u00e0 cette occasion sont\u00a0:<\/p>\n<ol>\n<li><strong><u>La M\u00e9daille de bapt\u00eame<\/u><\/strong>: il s\u2019agit historiquement d\u2019une m\u00e9daille religieuse en relief, en or jaune 18 carats, repr\u00e9sentant un personnage biblique comme la Vierge Marie, le Christ, l\u2019enfant J\u00e9sus ou un Saint des Evangiles. La <strong>m\u00e9daille de bapt\u00eame est personnalis\u00e9e<\/strong> au verso avec la gravure du pr\u00e9nom du petit baptis\u00e9 et de sa date de naissance ou la date du bapt\u00eame, pour les familles tr\u00e8s pratiquantes.<\/li>\n<li><strong><u>La Gourmette de bapt\u00eame<\/u><\/strong>: la gourmette a un caract\u00e8re moins religieux ; sa fonction est plus proche de celle du bracelet identit\u00e9 b\u00e9b\u00e9, celle d\u2019un premier vrai bijou en or grav\u00e9 du pr\u00e9nom du b\u00e9b\u00e9, qu\u2019il portera ponctuellement sous la surveillance de ses parents.<\/li>\n<\/ol>\n<h2><span class=\"ez-toc-section\" id=\"Quel_bijou_personnalise_pour_un_bebe_garcon\"><\/span>Quel bijou personnalis\u00e9 pour un b\u00e9b\u00e9 gar\u00e7on\u00a0?<span class=\"ez-toc-section-end\"><\/span><\/h2>\n<p>On croit souvent \u00e0 tort qu\u2019il est compliqu\u00e9 de trouver un bijou pour un gar\u00e7on. Or les collections r\u00e9centes destin\u00e9es aux petits gars regorgent d\u2019id\u00e9es originales de bijoux masculin version mini.<\/p>\n<ol>\n<li><u>Le Nuage<\/u>: en pendentif ou en bracelet, le nuage \u00e9voque la r\u00eaverie, l\u2019imaginaire onirique de la tendre enfance. Un petit nuage grav\u00e9 avec son pr\u00e9nom fera une id\u00e9e de cadeau personnalis\u00e9 original qu\u2019il gardera longtemps<\/li>\n<li><u>Le Collier ambre<\/u>: discret, le collier en ambre est un grand classique des bijoux pour enfant, car en plus d\u2019\u00eatre un joli bijou, on lui pr\u00eate des vertus apaisantes, notamment lors des pouss\u00e9es dentaires.<\/li>\n<li><u>Empreinte de pied<\/u>: quoi de plus craquant que les pieds d\u2019un b\u00e9b\u00e9 ? Les derni\u00e8res techniques de gravures permettent de graver \u00e0 l\u2019identique les empreintes de pieds de b\u00e9b\u00e9 dans l\u2019or ou dans l\u2019argent. Cette technique fige pour l\u2019\u00e9ternit\u00e9 le souvenir des premiers instants de vie. Id\u00e9al pour un futur aventurier !<\/li>\n<\/ol>\n<h2><span class=\"ez-toc-section\" id=\"Quel_bijou_personnalise_pour_un_bebe_fille\"><\/span>Quel bijou personnalis\u00e9 pour un b\u00e9b\u00e9 fille\u00a0?<span class=\"ez-toc-section-end\"><\/span><\/h2>\n<figure id=\"attachment_320\" aria-describedby=\"caption-attachment-320\" style=\"width: 800px\" class=\"wp-caption alignnone\"><img loading=\"lazy\" decoding=\"async\" class=\"size-full wp-image-320\" src=\"https:\/\/www.marmottine.fr\/mag\/wp-content\/uploads\/2024\/03\/bracelet-identite-bebe-personnalise.jpg\" alt=\"bracelet identit\u00e9 b\u00e9b\u00e9 fille personnalis\u00e9\" width=\"800\" height=\"800\" srcset=\"https:\/\/www.marmottine.fr\/mag\/wp-content\/uploads\/2024\/03\/bracelet-identite-bebe-personnalise.jpg 800w, https:\/\/www.marmottine.fr\/mag\/wp-content\/uploads\/2024\/03\/bracelet-identite-bebe-personnalise-300x300.jpg 300w, https:\/\/www.marmottine.fr\/mag\/wp-content\/uploads\/2024\/03\/bracelet-identite-bebe-personnalise-150x150.jpg 150w, https:\/\/www.marmottine.fr\/mag\/wp-content\/uploads\/2024\/03\/bracelet-identite-bebe-personnalise-768x768.jpg 768w\" sizes=\"(max-width: 800px) 100vw, 800px\" \/><figcaption id=\"caption-attachment-320\" class=\"wp-caption-text\">bracelet identit\u00e9 b\u00e9b\u00e9 fille personnalis\u00e9<\/figcaption><\/figure>\n<p>Pour les petites filles, on a franchement l\u2019embarras du choix. Absolument tous les mod\u00e8les se d\u00e9clinent en version premier bijou. On notera toutefois 2 tendances fortes\u00a0:<\/p>\n<ol>\n<li><u>Empreinte de main<\/u>: \u00e0 l\u2019instar des petits gars, les petites princesses ont droit aussi \u00e0 leurs empreintes, notamment les empreintes de mains, toute aussi adorables que les empreintes de pieds.<\/li>\n<li><u>Pierre de naissance<\/u>: autre tendance r\u00e9cente, la pierre de naissance fait fureur pour personnaliser un bijou pour b\u00e9b\u00e9. Chaque mois correspond \u00e0 une pierre fine ou une pierre pr\u00e9cieuse. Associer cette pierre \u00e0 un bijou pour b\u00e9b\u00e9 est une jolie mani\u00e8re de personnaliser ce bijou, qui change de la gravure, et tr\u00e8s appr\u00e9ci\u00e9e par les parents.<\/li>\n<\/ol>\n<p>&nbsp;<\/p>\n","protected":false},"excerpt":{"rendered":"<p>Quel bijou personnalis\u00e9 offrir \u00e0 un b\u00e9b\u00e9 ? Il n\u2019y a pas d\u2019\u00e2ge pour offrir un bijou personnalis\u00e9\u00a0; la preuve\u00a0: [&hellip;]<\/p>\n","protected":false},"author":2,"featured_media":319,"parent":225,"menu_order":0,"comment_status":"closed","ping_status":"closed","template":"","meta":{"site-sidebar-layout":"default","site-content-layout":"","ast-site-content-layout":"default","site-content-style":"default","site-sidebar-style":"default","ast-global-header-display":"","ast-banner-title-visibility":"","ast-main-header-display":"","ast-hfb-above-header-display":"","ast-hfb-below-header-display":"","ast-hfb-mobile-header-display":"","site-post-title":"","ast-breadcrumbs-content":"","ast-featured-img":"","footer-sml-layout":"","theme-transparent-header-meta":"default","adv-header-id-meta":"","stick-header-meta":"","header-above-stick-meta":"","header-main-stick-meta":"","header-below-stick-meta":"","astra-migrate-meta-layouts":"set","ast-page-background-enabled":"default","ast-page-background-meta":{"desktop":{"background-color":"var(--ast-global-color-4)","background-image":"","background-repeat":"repeat","background-position":"center center","background-size":"auto","background-attachment":"scroll","background-type":"","background-media":"","overlay-type":"","overlay-color":"","overlay-gradient":""},"tablet":{"background-color":"","background-image":"","background-repeat":"repeat","background-position":"center center","background-size":"auto","background-attachment":"scroll","background-type":"","background-media":"","overlay-type":"","overlay-color":"","overlay-gradient":""},"mobile":{"background-color":"","background-image":"","background-repeat":"repeat","background-position":"center center","background-size":"auto","background-attachment":"scroll","background-type":"","background-media":"","overlay-type":"","overlay-color":"","overlay-gradient":""}},"ast-content-background-meta":{"desktop":{"background-color":"var(--ast-global-color-5)","background-image":"","background-repeat":"repeat","background-position":"center center","background-size":"auto","background-attachment":"scroll","background-type":"","background-media":"","overlay-type":"","overlay-color":"","overlay-gradient":""},"tablet":{"background-color":"var(--ast-global-color-5)","background-image":"","background-repeat":"repeat","background-position":"center center","background-size":"auto","background-attachment":"scroll","background-type":"","background-media":"","overlay-type":"","overlay-color":"","overlay-gradient":""},"mobile":{"background-color":"var(--ast-global-color-5)","background-image":"","background-repeat":"repeat","background-position":"center center","background-size":"auto","background-attachment":"scroll","background-type":"","background-media":"","overlay-type":"","overlay-color":"","overlay-gradient":""}},"footnotes":""},"aioseo_notices":[],"_links":{"self":[{"href":"https:\/\/www.marmottine.fr\/mag\/wp-json\/wp\/v2\/pages\/227"}],"collection":[{"href":"https:\/\/www.marmottine.fr\/mag\/wp-json\/wp\/v2\/pages"}],"about":[{"href":"https:\/\/www.marmottine.fr\/mag\/wp-json\/wp\/v2\/types\/page"}],"author":[{"embeddable":true,"href":"https:\/\/www.marmottine.fr\/mag\/wp-json\/wp\/v2\/users\/2"}],"replies":[{"embeddable":true,"href":"https:\/\/www.marmottine.fr\/mag\/wp-json\/wp\/v2\/comments?post=227"}],"version-history":[{"count":3,"href":"https:\/\/www.marmottine.fr\/mag\/wp-json\/wp\/v2\/pages\/227\/revisions"}],"predecessor-version":[{"id":587,"href":"https:\/\/www.marmottine.fr\/mag\/wp-json\/wp\/v2\/pages\/227\/revisions\/587"}],"up":[{"embeddable":true,"href":"https:\/\/www.marmottine.fr\/mag\/wp-json\/wp\/v2\/pages\/225"}],"wp:featuredmedia":[{"embeddable":true,"href":"https:\/\/www.marmottine.fr\/mag\/wp-json\/wp\/v2\/media\/319"}],"wp:attachment":[{"href":"https:\/\/www.marmottine.fr\/mag\/wp-json\/wp\/v2\/media?parent=227"}],"curies":[{"name":"wp","href":"https:\/\/api.w.org\/{rel}","templated":true}]}}