{"id":222,"date":"2024-04-09T11:04:08","date_gmt":"2024-04-09T09:04:08","guid":{"rendered":"https:\/\/www.marmottine.fr\/mag\/?page_id=222"},"modified":"2024-11-04T18:28:06","modified_gmt":"2024-11-04T17:28:06","slug":"pendentif-personnalise","status":"publish","type":"page","link":"https:\/\/www.marmottine.fr\/mag\/guides\/bijoux-personnalises\/choisir\/pendentif-personnalise","title":{"rendered":"Que choisir comme pendentif personnalis\u00e9 ?"},"content":{"rendered":"<h1><span class=\"ez-toc-section\" id=\"Que_choisir_comme_pendentif_personnalise\"><\/span>Que choisir comme pendentif personnalis\u00e9 ?<span class=\"ez-toc-section-end\"><\/span><\/h1><div id=\"ez-toc-container\" class=\"ez-toc-v2_0_69_1 counter-hierarchy ez-toc-counter ez-toc-grey ez-toc-container-direction\">\n<div class=\"ez-toc-title-container\">\n<p class=\"ez-toc-title\" style=\"cursor:inherit\">Sommaire<\/p>\n<span class=\"ez-toc-title-toggle\"><a href=\"#\" class=\"ez-toc-pull-right ez-toc-btn ez-toc-btn-xs ez-toc-btn-default ez-toc-toggle\" aria-label=\"Toggle Table of Content\"><span class=\"ez-toc-js-icon-con\"><span class=\"\"><span class=\"eztoc-hide\" style=\"display:none;\">Toggle<\/span><span class=\"ez-toc-icon-toggle-span\"><svg style=\"fill: #999;color:#999\" xmlns=\"http:\/\/www.w3.org\/2000\/svg\" class=\"list-377408\" width=\"20px\" height=\"20px\" viewBox=\"0 0 24 24\" fill=\"none\"><path d=\"M6 6H4v2h2V6zm14 0H8v2h12V6zM4 11h2v2H4v-2zm16 0H8v2h12v-2zM4 16h2v2H4v-2zm16 0H8v2h12v-2z\" fill=\"currentColor\"><\/path><\/svg><svg style=\"fill: #999;color:#999\" class=\"arrow-unsorted-368013\" xmlns=\"http:\/\/www.w3.org\/2000\/svg\" width=\"10px\" height=\"10px\" viewBox=\"0 0 24 24\" version=\"1.2\" baseProfile=\"tiny\"><path d=\"M18.2 9.3l-6.2-6.3-6.2 6.3c-.2.2-.3.4-.3.7s.1.5.3.7c.2.2.4.3.7.3h11c.3 0 .5-.1.7-.3.2-.2.3-.5.3-.7s-.1-.5-.3-.7zM5.8 14.7l6.2 6.3 6.2-6.3c.2-.2.3-.5.3-.7s-.1-.5-.3-.7c-.2-.2-.4-.3-.7-.3h-11c-.3 0-.5.1-.7.3-.2.2-.3.5-.3.7s.1.5.3.7z\"\/><\/svg><\/span><\/span><\/span><\/a><\/span><\/div>\n<nav><ul class='ez-toc-list ez-toc-list-level-1 ' ><li class='ez-toc-page-1 ez-toc-heading-level-1'><a class=\"ez-toc-link ez-toc-heading-1\" href=\"https:\/\/www.marmottine.fr\/mag\/guides\/bijoux-personnalises\/choisir\/pendentif-personnalise\/#Que_choisir_comme_pendentif_personnalise\" title=\"Que choisir comme pendentif personnalis\u00e9 ?\">Que choisir comme pendentif personnalis\u00e9 ?<\/a><ul class='ez-toc-list-level-2' ><li class='ez-toc-heading-level-2'><a class=\"ez-toc-link ez-toc-heading-2\" href=\"https:\/\/www.marmottine.fr\/mag\/guides\/bijoux-personnalises\/choisir\/pendentif-personnalise\/#Pendentif_personnalise_de_quoi_parle-t-on\" title=\"Pendentif personnalis\u00e9\u00a0: de quoi parle-t-on\u00a0?\">Pendentif personnalis\u00e9\u00a0: de quoi parle-t-on\u00a0?<\/a><\/li><li class='ez-toc-page-1 ez-toc-heading-level-2'><a class=\"ez-toc-link ez-toc-heading-3\" href=\"https:\/\/www.marmottine.fr\/mag\/guides\/bijoux-personnalises\/choisir\/pendentif-personnalise\/#Comment_personnaliser_un_pendentif_prenom\" title=\"Comment personnaliser un pendentif pr\u00e9nom\u00a0?\">Comment personnaliser un pendentif pr\u00e9nom\u00a0?<\/a><\/li><li class='ez-toc-page-1 ez-toc-heading-level-2'><a class=\"ez-toc-link ez-toc-heading-4\" href=\"https:\/\/www.marmottine.fr\/mag\/guides\/bijoux-personnalises\/choisir\/pendentif-personnalise\/#Comment_choisir_un_pendentif_lettre\" title=\"Comment choisir un pendentif lettre\u00a0?\">Comment choisir un pendentif lettre\u00a0?<\/a><\/li><li class='ez-toc-page-1 ez-toc-heading-level-2'><a class=\"ez-toc-link ez-toc-heading-5\" href=\"https:\/\/www.marmottine.fr\/mag\/guides\/bijoux-personnalises\/choisir\/pendentif-personnalise\/#Comment_choisir_un_pendentif_arbre_de_vie_personnalise\" title=\"Comment choisir un pendentif arbre de vie personnalis\u00e9 ?\">Comment choisir un pendentif arbre de vie personnalis\u00e9 ?<\/a><\/li><li class='ez-toc-page-1 ez-toc-heading-level-2'><a class=\"ez-toc-link ez-toc-heading-6\" href=\"https:\/\/www.marmottine.fr\/mag\/guides\/bijoux-personnalises\/choisir\/pendentif-personnalise\/#Quel_pendentif_photo_choisir\" title=\"Quel pendentif photo choisir\u00a0?\">Quel pendentif photo choisir\u00a0?<\/a><\/li><li class='ez-toc-page-1 ez-toc-heading-level-2'><a class=\"ez-toc-link ez-toc-heading-7\" href=\"https:\/\/www.marmottine.fr\/mag\/guides\/bijoux-personnalises\/choisir\/pendentif-personnalise\/#Comment_choisir_un_pendentif_personnalise_famille\" title=\"Comment choisir un pendentif personnalis\u00e9 famille\u00a0?\">Comment choisir un pendentif personnalis\u00e9 famille\u00a0?<\/a><\/li><li class='ez-toc-page-1 ez-toc-heading-level-2'><a class=\"ez-toc-link ez-toc-heading-8\" href=\"https:\/\/www.marmottine.fr\/mag\/guides\/bijoux-personnalises\/choisir\/pendentif-personnalise\/#En_quel_metal_commander_un_pendentif_personnalise\" title=\"En quel m\u00e9tal commander un pendentif personnalis\u00e9\u00a0?\">En quel m\u00e9tal commander un pendentif personnalis\u00e9\u00a0?<\/a><\/li><\/ul><\/li><\/ul><\/nav><\/div>\n\n<figure id=\"attachment_616\" aria-describedby=\"caption-attachment-616\" style=\"width: 800px\" class=\"wp-caption alignnone\"><img loading=\"lazy\" decoding=\"async\" class=\"size-full wp-image-616\" src=\"https:\/\/www.marmottine.fr\/mag\/wp-content\/uploads\/2024\/04\/pendnetif-empreinte.jpg\" alt=\"Pendentif empreinte digitale\" width=\"800\" height=\"800\" srcset=\"https:\/\/www.marmottine.fr\/mag\/wp-content\/uploads\/2024\/04\/pendnetif-empreinte.jpg 800w, https:\/\/www.marmottine.fr\/mag\/wp-content\/uploads\/2024\/04\/pendnetif-empreinte-300x300.jpg 300w, https:\/\/www.marmottine.fr\/mag\/wp-content\/uploads\/2024\/04\/pendnetif-empreinte-150x150.jpg 150w, https:\/\/www.marmottine.fr\/mag\/wp-content\/uploads\/2024\/04\/pendnetif-empreinte-768x768.jpg 768w\" sizes=\"(max-width: 800px) 100vw, 800px\" \/><figcaption id=\"caption-attachment-616\" class=\"wp-caption-text\">Pendentif empreinte digitale<\/figcaption><\/figure>\n<p>Le pendentif s\u2019est taill\u00e9 <strong><a href=\"https:\/\/www.marmottine.fr\/mag\/guides\/bijoux-personnalises\/choisir\">une place de choix parmi les bijoux personnalis\u00e9s<\/a><\/strong>. Prot\u00e9iforme et versatile, il permet des combinaisons incroyables de personnalisation, tant par sa forme que par les types de gravures possibles. A ne pas confondre avec la m\u00e9daille, plus limit\u00e9e en mati\u00e8re de personnalisation, le pendentif se r\u00e9invente \u00e0 chaque saison avec des nouveaut\u00e9s. Actuellement, la tendance va au pendentif pr\u00e9nom, au pendentif lettre, au pendentif arbre de vie, au pendentif photo et au pendentif famille. En fonction de l\u2019\u00e9v\u00e9nement pour lequel on l\u2019offre, le pendentif personnalis\u00e9 sera r\u00e9alis\u00e9 dans un m\u00e9tal plus ou moins pr\u00e9cieux\u00a0: du plaqu\u00e9 or \u00e0 l\u2019argent en passant par l\u2019or 18 carats.<\/p>\n<h2><span class=\"ez-toc-section\" id=\"Pendentif_personnalise_de_quoi_parle-t-on\"><\/span>Pendentif personnalis\u00e9\u00a0: de quoi parle-t-on\u00a0?<span class=\"ez-toc-section-end\"><\/span><\/h2>\n<p>On a tendance \u00e0 confondre m\u00e9daille et pendentif.<\/p>\n<p>La <u>m\u00e9daille<\/u> est un bijou que l\u2019on porte en collier, autour du cou, dont la surface lisse est pr\u00e9vue pour accueillir une gravure. Sa forme est g\u00e9n\u00e9ralement g\u00e9om\u00e9trique et simple (ronde, carr\u00e9e, rectangulaire).<\/p>\n<p>Si le <u>pendentif<\/u> se porte \u00e9galement en collier, il n\u2019a pas pour premi\u00e8re fonction d\u2019\u00eatre grav\u00e9.\u00a0 Il se distingue surtout par sa forme. On trouve des milliers de mod\u00e8les sur des th\u00e9matiques tr\u00e8s diff\u00e9rentes (animaux, religion, zodiaque, g\u00e9om\u00e9trie, \u2026) et pour toute personne, femme, homme et m\u00eame pour enfant.<\/p>\n<h2><span class=\"ez-toc-section\" id=\"Comment_personnaliser_un_pendentif_prenom\"><\/span>Comment personnaliser un pendentif pr\u00e9nom\u00a0?<span class=\"ez-toc-section-end\"><\/span><\/h2>\n<p>Le <strong>pendentif pr\u00e9nom<\/strong> est un mod\u00e8le tr\u00e8s actuel, \u00e0 ne pas confondre avec le collier pr\u00e9nom. Dans le cas du pendentif, le pr\u00e9nom est isol\u00e9, accroch\u00e9 \u00e0 la cha\u00eene par une b\u00e9li\u00e8re. On peut le personnaliser de diff\u00e9rentes mani\u00e8res.<\/p>\n<p>Le pr\u00e9nom est r\u00e9alis\u00e9 en <u>lettres d\u00e9tour\u00e9es<\/u>, positionn\u00e9 \u00e0 la verticale, pour accentuer l\u2019effet pendant.<\/p>\n<p>Mais il peut \u00eatre aussi <u>grav\u00e9<\/u>, ou <u>ajour\u00e9<\/u>, sur un pendentif allong\u00e9 du type amulette.<\/p>\n<p>En fonction de la typographie utilis\u00e9e, le pendentif sera moderne ou romantique.<\/p>\n<p>L\u2019avantage du <strong>pendentif pr\u00e9nom<\/strong> est qu\u2019on peut en porter plusieurs \u00e0 la fois, sur une m\u00eame cha\u00eene. Ainsi, une maman pourra ajouter les pr\u00e9noms de ses enfants apr\u00e8s chaque naissance, comme autant de talismans pour lui porter bonheur\u00a0!<\/p>\n<p>L\u2019imagination des cr\u00e9ateurs de bijoux est telle qu\u2019un nouveau mod\u00e8le est apparu r\u00e9cemment\u00a0: le pendentif pr\u00e9nom accroch\u00e9 \u00e0 une fleur\u00a0: le pendentif est une fleur dont la tige prend la forme du pr\u00e9nom. C\u2019est bucolique, et surtout tr\u00e8s original.<\/p>\n<h2><span class=\"ez-toc-section\" id=\"Comment_choisir_un_pendentif_lettre\"><\/span>Comment choisir un pendentif lettre\u00a0?<span class=\"ez-toc-section-end\"><\/span><\/h2>\n<figure id=\"attachment_180\" aria-describedby=\"caption-attachment-180\" style=\"width: 800px\" class=\"wp-caption alignnone\"><img loading=\"lazy\" decoding=\"async\" class=\"size-full wp-image-180\" src=\"https:\/\/www.marmottine.fr\/mag\/wp-content\/uploads\/2024\/03\/Pendentif-lettre-ajouree.jpg\" alt=\"Pendentif lettre personnalis\u00e9\" width=\"800\" height=\"800\" srcset=\"https:\/\/www.marmottine.fr\/mag\/wp-content\/uploads\/2024\/03\/Pendentif-lettre-ajouree.jpg 800w, https:\/\/www.marmottine.fr\/mag\/wp-content\/uploads\/2024\/03\/Pendentif-lettre-ajouree-300x300.jpg 300w, https:\/\/www.marmottine.fr\/mag\/wp-content\/uploads\/2024\/03\/Pendentif-lettre-ajouree-150x150.jpg 150w, https:\/\/www.marmottine.fr\/mag\/wp-content\/uploads\/2024\/03\/Pendentif-lettre-ajouree-768x768.jpg 768w\" sizes=\"(max-width: 800px) 100vw, 800px\" \/><figcaption id=\"caption-attachment-180\" class=\"wp-caption-text\">Pendentif or jaune et lettre ajour\u00e9e<\/figcaption><\/figure>\n<p>Une autre variante plus discr\u00e8te est le pendentif lettre. L\u00e0 encore, la <strong>lettre <\/strong>peut \u00eatre soit d\u00e9tour\u00e9e, soit grav\u00e9e, soit ajour\u00e9e. Quel que soit le choix, il est possible d\u2019opter pour une \u00e9criture classique (anglaise, b\u00e2ton) ou originale (gothique, enfantine, ou propre \u00e0 une marque de bijoux).<\/p>\n<p>La <strong>lettre <\/strong>est mont\u00e9e sur une b\u00e9li\u00e8re afin de pouvoir la fixer sur une cha\u00eene que l\u2019on portera autour du cou. Mais certains pendentifs lettres sont tellement petits que l\u2019on peut aussi les fixer sur un bracelet, en breloque. On parle alors de pampille ou de charm.<\/p>\n<p>Il est possible de cumuler plusieurs lettres pour former un mot ou un pr\u00e9nom.<\/p>\n<p>Le <strong>pendentif lettre<\/strong> est tr\u00e8s ludique\u00a0: on le collectionne, on l\u2019accroche sur le bijou de son choix. Il convient \u00e0 toutes, petites et grandes, et s\u2019offre sans compter\u00a0!<\/p>\n<h2><span class=\"ez-toc-section\" id=\"Comment_choisir_un_pendentif_arbre_de_vie_personnalise\"><\/span>Comment choisir un pendentif arbre de vie personnalis\u00e9 ?<span class=\"ez-toc-section-end\"><\/span><\/h2>\n<figure id=\"attachment_315\" aria-describedby=\"caption-attachment-315\" style=\"width: 800px\" class=\"wp-caption alignnone\"><img loading=\"lazy\" decoding=\"async\" class=\"size-full wp-image-315\" src=\"https:\/\/www.marmottine.fr\/mag\/wp-content\/uploads\/2024\/03\/pendentif-arbre-personnalise.jpg\" alt=\"pendentif arbre personnalis\u00e9\" width=\"800\" height=\"800\" srcset=\"https:\/\/www.marmottine.fr\/mag\/wp-content\/uploads\/2024\/03\/pendentif-arbre-personnalise.jpg 800w, https:\/\/www.marmottine.fr\/mag\/wp-content\/uploads\/2024\/03\/pendentif-arbre-personnalise-300x300.jpg 300w, https:\/\/www.marmottine.fr\/mag\/wp-content\/uploads\/2024\/03\/pendentif-arbre-personnalise-150x150.jpg 150w, https:\/\/www.marmottine.fr\/mag\/wp-content\/uploads\/2024\/03\/pendentif-arbre-personnalise-768x768.jpg 768w\" sizes=\"(max-width: 800px) 100vw, 800px\" \/><figcaption id=\"caption-attachment-315\" class=\"wp-caption-text\">pendentif arbre personnalis\u00e9<\/figcaption><\/figure>\n<p>Symbole de vie et de s\u00e9r\u00e9nit\u00e9, <strong>l\u2019arbre<\/strong> a fait son apparition en bijouterie depuis deux d\u00e9cennies et il ne cesse de se r\u00e9inventer. D\u2019abord propos\u00e9 en m\u00e9daille, principalement sur des m\u00e9dailles de bapt\u00eame, il est maintenant propos\u00e9 en pendentif.<\/p>\n<p>L\u2019avantage de l\u2019arbre est qu\u2019il peut prendre <strong>diff\u00e9rentes formes<\/strong> selon l\u2019esp\u00e8ce. Ch\u00eane, \u00e9rable, baobab, pommier\u2026 chaque arbre est diff\u00e9rent, ce qui nous offre des vari\u00e9t\u00e9s de mod\u00e8les tr\u00e8s int\u00e9ressantes \u00e0 traiter en bijouterie.<\/p>\n<p>Le tronc, les branches, les feuilles\u00a0: <strong>tout est personnalisable<\/strong> \u00e0 l\u2019infini. Les branches peuvent \u00eatre d\u00e9tour\u00e9es pour un effet de transparence int\u00e9ressant. Ou bien chaque branche peut porter le pr\u00e9nom d\u2019un membre d\u2019une famille. Les feuilles peuvent \u00eatre remplac\u00e9es par des c\u0153urs.<\/p>\n<p>L\u2019arbre peut \u00eatre grav\u00e9 au centre d\u2019un m\u00e9daillon. Dans d\u2019autres cas, l\u2019arbre est le pendentif, sont les contours adoptent la silhouette.<\/p>\n<p>La symbolique de l\u2019arbre est tellement forte et tellement universelle qu\u2019elle convient \u00e0 toutes les femmes comme aux petites filles.<\/p>\n<h2><span class=\"ez-toc-section\" id=\"Quel_pendentif_photo_choisir\"><\/span>Quel pendentif photo choisir\u00a0?<span class=\"ez-toc-section-end\"><\/span><\/h2>\n<p>Quand on \u00e9voque le th\u00e8me du pendentif personnalis\u00e9, le pendentif photo est le mod\u00e8le auquel on pense en premier.<\/p>\n<ol start=\"6\">\n<li><strong>Le pendentif photo grav\u00e9<\/strong>: il est r\u00e9alis\u00e9 gr\u00e2ce \u00e0 la technique de la photogravure. Les pixels de la photo d\u2019origine sont identifi\u00e9s et reproduits au laser sur un m\u00e9daillon. La photo appara\u00eet tout en contraste et le r\u00e9sultat est r\u00e9ellement bluffant\u00a0! Cette technique s\u2019op\u00e8re sur tous types de m\u00e9taux.<\/li>\n<li><strong>Le pendentif photo personnalis\u00e9<\/strong>: dans ce cas, on d\u00e9veloppe une photo \u00e0 l\u2019\u00e9chelle du pendentif puis on la prot\u00e8ge sous une r\u00e9sine ou du verre. Cette technique tr\u00e8s simple permet de garder sur soi des \u00eatres chers (ses enfants, ses animaux de compagnie) ou des moments m\u00e9morables (f\u00eates, mariage\u2026).<\/li>\n<li><strong>Le pendentif photo qui s\u2019ouvre<\/strong>: il s\u2019agit d\u2019un pendentif porte-photo, qui, comme une boite \u00e0 secrets, s\u2019ouvre pour d\u00e9couvrir une photo gliss\u00e9e \u00e0 l\u2019int\u00e9rieur. Le m\u00e9daillon peut pr\u00e9senter plusieurs formes (ovale, c\u0153ur, boule\u2026) et il se porte en collier ou en sautoir. Ce dernier mod\u00e8le \u00e9voque les mod\u00e8les anciens de pendentif \u00e0 secrets port\u00e9s par nos a\u00efeules.<\/li>\n<\/ol>\n<h2><span class=\"ez-toc-section\" id=\"Comment_choisir_un_pendentif_personnalise_famille\"><\/span>Comment choisir un pendentif personnalis\u00e9 famille\u00a0?<span class=\"ez-toc-section-end\"><\/span><\/h2>\n<p>Le pendentif personnalis\u00e9 est souvent une id\u00e9e de cadeau pour une maman, car il est un support id\u00e9al pour exprimer tout l\u2019amour et la tendresse que l\u2019on voue aux mamas.\u00a0 C\u2019est pourquoi le pendentif famille est un mod\u00e8le qui s\u2019est fortement d\u00e9velopp\u00e9 ces derni\u00e8res ann\u00e9es. Il peut avoir plusieurs formes\u00a0:<\/p>\n<p><u>Un pendentif repr\u00e9sentant les enfants<\/u> : avec la silhouette de chacun et son nom grav\u00e9 dessus, comme la collection Lafami. Du plus grand au plus petit, chaque enfant est repr\u00e9sent\u00e9, fille ou gar\u00e7on, selon sa taille, et m\u00eame les jumeaux. Pour les familles nombreuses ou atypiques, il est possible de commander un pendentif famille sur-mesure.<\/p>\n<p><u>Un pendentif repr\u00e9sentant la famille<\/u>\u00a0: le papa et la maman entourant les enfants, selon le m\u00eame principe.<\/p>\n<p><u>Un pendentif avec les noms des membres de la famille<\/u>\u00a0: grav\u00e9s sur des anneaux entrelac\u00e9s ou superpos\u00e9s, en forme de c\u0153ur ou ovales, c\u2019est une superbe id\u00e9e pour r\u00e9unir sa tribu sur un bijou que l\u2019on ne quitte pas.<\/p>\n<h2><span class=\"ez-toc-section\" id=\"En_quel_metal_commander_un_pendentif_personnalise\"><\/span>En quel m\u00e9tal commander un pendentif personnalis\u00e9\u00a0?<span class=\"ez-toc-section-end\"><\/span><\/h2>\n<p><a href=\"https:\/\/www.marmottine.fr\/mag\/guides\/bijoux-personnalises\/choisir\/pendentif-personnalise\/adoptez-le-pendentif-zodiaque-cest-la-tendance-du-moment\">Bijou fantaisie ou parure de luxe, le pendentif personnalis\u00e9<\/a> peut \u00eatre r\u00e9alis\u00e9 dans diff\u00e9rents m\u00e9taux. Tout est une question de budget.<\/p>\n<p><strong>Un pendentif personnalis\u00e9 en plaqu\u00e9 or<\/strong>\u00a0:\u00a0 son avantage est dans son prix. Si l\u2019on souhaite acqu\u00e9rir un pendentif personnalis\u00e9 pas cher, la version en plaqu\u00e9 or est l\u2019id\u00e9al. Cela permet de se familiariser avec ce genre de bijou pour un budget raisonnable.<\/p>\n<p><strong>Un pendentif personnalis\u00e9 en argent<\/strong>\u00a0: c\u2019est le bon compromis car l\u2019argent est un m\u00e9tal pr\u00e9cieux tr\u00e8s accessible qui vieillit bien dans le temps. Autre avantage, l\u2019argent revient \u00e0 la mode en bijouterie.<\/p>\n<p><strong>Un pendentif personnalis\u00e9 en or<\/strong>\u00a0: c\u2019est le choix id\u00e9al pour un cadeau embl\u00e9matique que l\u2019on offre pour une grande occasion. Un pendentif en or est un ind\u00e9modable que l\u2019on garde toute la vie.<\/p>\n","protected":false},"excerpt":{"rendered":"<p>Que choisir comme pendentif personnalis\u00e9 ? Le pendentif s\u2019est taill\u00e9 une place de choix parmi les bijoux personnalis\u00e9s. Prot\u00e9iforme et [&hellip;]<\/p>\n","protected":false},"author":2,"featured_media":315,"parent":205,"menu_order":8,"comment_status":"closed","ping_status":"closed","template":"","meta":{"site-sidebar-layout":"default","site-content-layout":"","ast-site-content-layout":"default","site-content-style":"default","site-sidebar-style":"default","ast-global-header-display":"","ast-banner-title-visibility":"","ast-main-header-display":"","ast-hfb-above-header-display":"","ast-hfb-below-header-display":"","ast-hfb-mobile-header-display":"","site-post-title":"","ast-breadcrumbs-content":"","ast-featured-img":"","footer-sml-layout":"","theme-transparent-header-meta":"default","adv-header-id-meta":"","stick-header-meta":"","header-above-stick-meta":"","header-main-stick-meta":"","header-below-stick-meta":"","astra-migrate-meta-layouts":"set","ast-page-background-enabled":"default","ast-page-background-meta":{"desktop":{"background-color":"var(--ast-global-color-4)","background-image":"","background-repeat":"repeat","background-position":"center center","background-size":"auto","background-attachment":"scroll","background-type":"","background-media":"","overlay-type":"","overlay-color":"","overlay-gradient":""},"tablet":{"background-color":"","background-image":"","background-repeat":"repeat","background-position":"center center","background-size":"auto","background-attachment":"scroll","background-type":"","background-media":"","overlay-type":"","overlay-color":"","overlay-gradient":""},"mobile":{"background-color":"","background-image":"","background-repeat":"repeat","background-position":"center center","background-size":"auto","background-attachment":"scroll","background-type":"","background-media":"","overlay-type":"","overlay-color":"","overlay-gradient":""}},"ast-content-background-meta":{"desktop":{"background-color":"var(--ast-global-color-5)","background-image":"","background-repeat":"repeat","background-position":"center center","background-size":"auto","background-attachment":"scroll","background-type":"","background-media":"","overlay-type":"","overlay-color":"","overlay-gradient":""},"tablet":{"background-color":"var(--ast-global-color-5)","background-image":"","background-repeat":"repeat","background-position":"center center","background-size":"auto","background-attachment":"scroll","background-type":"","background-media":"","overlay-type":"","overlay-color":"","overlay-gradient":""},"mobile":{"background-color":"var(--ast-global-color-5)","background-image":"","background-repeat":"repeat","background-position":"center center","background-size":"auto","background-attachment":"scroll","background-type":"","background-media":"","overlay-type":"","overlay-color":"","overlay-gradient":""}},"footnotes":""},"aioseo_notices":[],"_links":{"self":[{"href":"https:\/\/www.marmottine.fr\/mag\/wp-json\/wp\/v2\/pages\/222"}],"collection":[{"href":"https:\/\/www.marmottine.fr\/mag\/wp-json\/wp\/v2\/pages"}],"about":[{"href":"https:\/\/www.marmottine.fr\/mag\/wp-json\/wp\/v2\/types\/page"}],"author":[{"embeddable":true,"href":"https:\/\/www.marmottine.fr\/mag\/wp-json\/wp\/v2\/users\/2"}],"replies":[{"embeddable":true,"href":"https:\/\/www.marmottine.fr\/mag\/wp-json\/wp\/v2\/comments?post=222"}],"version-history":[{"count":6,"href":"https:\/\/www.marmottine.fr\/mag\/wp-json\/wp\/v2\/pages\/222\/revisions"}],"predecessor-version":[{"id":1293,"href":"https:\/\/www.marmottine.fr\/mag\/wp-json\/wp\/v2\/pages\/222\/revisions\/1293"}],"up":[{"embeddable":true,"href":"https:\/\/www.marmottine.fr\/mag\/wp-json\/wp\/v2\/pages\/205"}],"wp:featuredmedia":[{"embeddable":true,"href":"https:\/\/www.marmottine.fr\/mag\/wp-json\/wp\/v2\/media\/315"}],"wp:attachment":[{"href":"https:\/\/www.marmottine.fr\/mag\/wp-json\/wp\/v2\/media?parent=222"}],"curies":[{"name":"wp","href":"https:\/\/api.w.org\/{rel}","templated":true}]}}