{"id":218,"date":"2024-04-09T11:02:38","date_gmt":"2024-04-09T09:02:38","guid":{"rendered":"https:\/\/www.marmottine.fr\/mag\/?page_id=218"},"modified":"2024-11-04T18:27:47","modified_gmt":"2024-11-04T17:27:47","slug":"gourmette-personnalisee","status":"publish","type":"page","link":"https:\/\/www.marmottine.fr\/mag\/guides\/bijoux-personnalises\/choisir\/gourmette-personnalisee","title":{"rendered":"Que choisir comme gourmette personnalis\u00e9e ?"},"content":{"rendered":"<h1><span class=\"ez-toc-section\" id=\"Que_choisir_comme_gourmette_personnalisee\"><\/span>Que choisir comme gourmette personnalis\u00e9e ?<span class=\"ez-toc-section-end\"><\/span><\/h1><div id=\"ez-toc-container\" class=\"ez-toc-v2_0_69_1 counter-hierarchy ez-toc-counter ez-toc-grey ez-toc-container-direction\">\n<div class=\"ez-toc-title-container\">\n<p class=\"ez-toc-title\" style=\"cursor:inherit\">Sommaire<\/p>\n<span class=\"ez-toc-title-toggle\"><a href=\"#\" class=\"ez-toc-pull-right ez-toc-btn ez-toc-btn-xs ez-toc-btn-default ez-toc-toggle\" aria-label=\"Toggle Table of Content\"><span class=\"ez-toc-js-icon-con\"><span class=\"\"><span class=\"eztoc-hide\" style=\"display:none;\">Toggle<\/span><span class=\"ez-toc-icon-toggle-span\"><svg style=\"fill: #999;color:#999\" xmlns=\"http:\/\/www.w3.org\/2000\/svg\" class=\"list-377408\" width=\"20px\" height=\"20px\" viewBox=\"0 0 24 24\" fill=\"none\"><path d=\"M6 6H4v2h2V6zm14 0H8v2h12V6zM4 11h2v2H4v-2zm16 0H8v2h12v-2zM4 16h2v2H4v-2zm16 0H8v2h12v-2z\" fill=\"currentColor\"><\/path><\/svg><svg style=\"fill: #999;color:#999\" class=\"arrow-unsorted-368013\" xmlns=\"http:\/\/www.w3.org\/2000\/svg\" width=\"10px\" height=\"10px\" viewBox=\"0 0 24 24\" version=\"1.2\" baseProfile=\"tiny\"><path d=\"M18.2 9.3l-6.2-6.3-6.2 6.3c-.2.2-.3.4-.3.7s.1.5.3.7c.2.2.4.3.7.3h11c.3 0 .5-.1.7-.3.2-.2.3-.5.3-.7s-.1-.5-.3-.7zM5.8 14.7l6.2 6.3 6.2-6.3c.2-.2.3-.5.3-.7s-.1-.5-.3-.7c-.2-.2-.4-.3-.7-.3h-11c-.3 0-.5.1-.7.3-.2.2-.3.5-.3.7s.1.5.3.7z\"\/><\/svg><\/span><\/span><\/span><\/a><\/span><\/div>\n<nav><ul class='ez-toc-list ez-toc-list-level-1 ' ><li class='ez-toc-page-1 ez-toc-heading-level-1'><a class=\"ez-toc-link ez-toc-heading-1\" href=\"https:\/\/www.marmottine.fr\/mag\/guides\/bijoux-personnalises\/choisir\/gourmette-personnalisee\/#Que_choisir_comme_gourmette_personnalisee\" title=\"Que choisir comme gourmette personnalis\u00e9e ?\">Que choisir comme gourmette personnalis\u00e9e ?<\/a><ul class='ez-toc-list-level-2' ><li class='ez-toc-heading-level-2'><a class=\"ez-toc-link ez-toc-heading-2\" href=\"https:\/\/www.marmottine.fr\/mag\/guides\/bijoux-personnalises\/choisir\/gourmette-personnalisee\/#Quest-ce_quune_gourmette_personnalisee\" title=\"Qu\u2019est-ce qu\u2019une gourmette personnalis\u00e9e\u00a0?\">Qu\u2019est-ce qu\u2019une gourmette personnalis\u00e9e\u00a0?<\/a><\/li><li class='ez-toc-page-1 ez-toc-heading-level-2'><a class=\"ez-toc-link ez-toc-heading-3\" href=\"https:\/\/www.marmottine.fr\/mag\/guides\/bijoux-personnalises\/choisir\/gourmette-personnalisee\/#Que_choisir_comme_gourmette_personnalisee_pour_un_homme\" title=\"Que choisir comme gourmette personnalis\u00e9e pour un homme\u00a0?\">Que choisir comme gourmette personnalis\u00e9e pour un homme\u00a0?<\/a><\/li><li class='ez-toc-page-1 ez-toc-heading-level-2'><a class=\"ez-toc-link ez-toc-heading-4\" href=\"https:\/\/www.marmottine.fr\/mag\/guides\/bijoux-personnalises\/choisir\/gourmette-personnalisee\/#Que_choisir_comme_gourmette_personnalisee_pour_une_femme\" title=\"Que choisir comme gourmette personnalis\u00e9e pour une femme\u00a0?\">Que choisir comme gourmette personnalis\u00e9e pour une femme\u00a0?<\/a><\/li><li class='ez-toc-page-1 ez-toc-heading-level-2'><a class=\"ez-toc-link ez-toc-heading-5\" href=\"https:\/\/www.marmottine.fr\/mag\/guides\/bijoux-personnalises\/choisir\/gourmette-personnalisee\/#Que_choisir_comme_gourmette_personnalisee_pour_un_bebe\" title=\"Que choisir comme gourmette personnalis\u00e9e pour un b\u00e9b\u00e9\u00a0?\">Que choisir comme gourmette personnalis\u00e9e pour un b\u00e9b\u00e9\u00a0?<\/a><\/li><li class='ez-toc-page-1 ez-toc-heading-level-2'><a class=\"ez-toc-link ez-toc-heading-6\" href=\"https:\/\/www.marmottine.fr\/mag\/guides\/bijoux-personnalises\/choisir\/gourmette-personnalisee\/#Que_grave-t-on_sur_une_gourmette_personnalisee\" title=\"Que grave-t-on sur une gourmette personnalis\u00e9e\u00a0?\">Que grave-t-on sur une gourmette personnalis\u00e9e\u00a0?<\/a><\/li><li class='ez-toc-page-1 ez-toc-heading-level-2'><a class=\"ez-toc-link ez-toc-heading-7\" href=\"https:\/\/www.marmottine.fr\/mag\/guides\/bijoux-personnalises\/choisir\/gourmette-personnalisee\/#Quel_metal_choisir_pour_une_gourmette_personnalisee\" title=\"Quel m\u00e9tal choisir pour une gourmette personnalis\u00e9e\u00a0?\">Quel m\u00e9tal choisir pour une gourmette personnalis\u00e9e\u00a0?<\/a><\/li><li class='ez-toc-page-1 ez-toc-heading-level-2'><a class=\"ez-toc-link ez-toc-heading-8\" href=\"https:\/\/www.marmottine.fr\/mag\/guides\/bijoux-personnalises\/choisir\/gourmette-personnalisee\/#Quelle_chaine_choisir_pour_une_gourmette_personnalisee\" title=\"Quelle cha\u00eene choisir pour une gourmette personnalis\u00e9e\u00a0?\">Quelle cha\u00eene choisir pour une gourmette personnalis\u00e9e\u00a0?<\/a><\/li><\/ul><\/li><\/ul><\/nav><\/div>\n\n<figure id=\"attachment_305\" aria-describedby=\"caption-attachment-305\" style=\"width: 800px\" class=\"wp-caption alignnone\"><img loading=\"lazy\" decoding=\"async\" class=\"size-full wp-image-305\" src=\"https:\/\/www.marmottine.fr\/mag\/wp-content\/uploads\/2024\/03\/gourmette-argent-personnalisee.jpg\" alt=\"gourmette argent personnalis\u00e9e\" width=\"800\" height=\"800\" srcset=\"https:\/\/www.marmottine.fr\/mag\/wp-content\/uploads\/2024\/03\/gourmette-argent-personnalisee.jpg 800w, https:\/\/www.marmottine.fr\/mag\/wp-content\/uploads\/2024\/03\/gourmette-argent-personnalisee-300x300.jpg 300w, https:\/\/www.marmottine.fr\/mag\/wp-content\/uploads\/2024\/03\/gourmette-argent-personnalisee-150x150.jpg 150w, https:\/\/www.marmottine.fr\/mag\/wp-content\/uploads\/2024\/03\/gourmette-argent-personnalisee-768x768.jpg 768w\" sizes=\"(max-width: 800px) 100vw, 800px\" \/><figcaption id=\"caption-attachment-305\" class=\"wp-caption-text\">gourmette argent personnalis\u00e9e<\/figcaption><\/figure>\n<p>La gourmette personnalis\u00e9e est un bijou, de base, personnalisable par la gravure d\u2019un pr\u00e9nom. Mais la personnalisation ne s\u2019arr\u00eate pas l\u00e0. Qu\u2019elle s\u2019adresse \u00e0 un enfant, \u00e0 un homme ou \u00e0 une femme, la gourmette prend\u00a0mille et une formes. Ce <strong><a href=\"https:\/\/www.marmottine.fr\/mag\/guides\/bijoux-personnalises\/choisir\">bijou personnalis\u00e9 par d\u00e9finition<\/a> <\/strong>offre de nombreuses combinaisons\u00a0: entre le choix de la gravure, celui du m\u00e9tal pr\u00e9cieux utilis\u00e9, et de la cha\u00eene, voici nos conseils pour bien choisir une gourmette personnalis\u00e9e.<\/p>\n<h2><span class=\"ez-toc-section\" id=\"Quest-ce_quune_gourmette_personnalisee\"><\/span>Qu\u2019est-ce qu\u2019une gourmette personnalis\u00e9e\u00a0?<span class=\"ez-toc-section-end\"><\/span><\/h2>\n<p>La gourmette est un <strong>bracelet pr\u00e9nom personnalisable<\/strong> compos\u00e9 d\u2019une <strong>plaque rectangulaire<\/strong> mont\u00e9e sur une cha\u00eene. Ce bijou a une fonction identitaire\u00a0: il permet d\u2019identifier son porteur en gravant son pr\u00e9nom sur une face, et sa date de naissance sur l\u2019autre. Que ce soit pour un enfant ou un adulte, la gourmette reprend ces fondamentaux. Par d\u00e9finition, la gourmette est donc un <strong>bijou personnalis\u00e9<\/strong>. On distingue 3 cat\u00e9gories de gourmettes\u00a0: la gourmette pour homme, la gourmette pour femme et la gourmette pour b\u00e9b\u00e9.<\/p>\n<h2><span class=\"ez-toc-section\" id=\"Que_choisir_comme_gourmette_personnalisee_pour_un_homme\"><\/span>Que choisir comme gourmette personnalis\u00e9e pour un homme\u00a0?<span class=\"ez-toc-section-end\"><\/span><\/h2>\n<p><strong>\u00a0<\/strong>La gourmette pour homme est l\u2019un des bijoux phares pour la gent masculine. Elle \u00e9volue en fonction de l\u2019\u00e2ge.<\/p>\n<p><strong>La gourmette en argent pour jeune homme<\/strong>\u00a0: depuis des g\u00e9n\u00e9rations, il est d\u2019usage d\u2019offrir \u00e0 un gar\u00e7on ce bracelet hautement symbolique. Il s\u2019agit g\u00e9n\u00e9ralement d\u2019une gourmette en argent massif, \u00e0 la lourde cha\u00eene, qui tombe sur le poignet. La plaque est large, et elle accueille au recto le pr\u00e9nom du jeune. On offre g\u00e9n\u00e9ralement la gourmette en argent \u00e0 l\u2019occasion d\u2019un \u00e9v\u00e9nement important comme la communion, l\u2019anniversaire des 16 ans ou la majorit\u00e9. La gourmette accompagnera le gar\u00e7on pendant des ann\u00e9es\u00a0; certains la portent toute la vie.<\/p>\n<p><strong>La gourmette en or pour homme<\/strong>\u00a0: les ann\u00e9es passent, le pouvoir d\u2019achat augmente et porter une gourmette en or devient un signe ext\u00e9rieur de r\u00e9ussite. Un peu ostentatoire, certes, ce bracelet masculin est un bijou de luxe, au vu du cours de l\u2019or.<\/p>\n<h2><span class=\"ez-toc-section\" id=\"Que_choisir_comme_gourmette_personnalisee_pour_une_femme\"><\/span>Que choisir comme gourmette personnalis\u00e9e pour une femme\u00a0?<span class=\"ez-toc-section-end\"><\/span><\/h2>\n<p>Chez la femme, la gourmette est plus un accessoire, qui refait surface \u00e9pisodiquement en fonction de la mode. La plaque est l\u2019occasion de faire graver un message plut\u00f4t qu\u2019un pr\u00e9nom\u00a0: <em>Love, carpe diem, life is beautiful<\/em>\u2026 En fonction des tendance, la gourmette pour femme prend des formes diff\u00e9rentes.<\/p>\n<p>Elle se fait voyante avec\u00a0une plaque oversize mont\u00e9e sur une grosse maille fantaisie en r\u00e9sine color\u00e9e. Ou \u00e0 l\u2019inverse, elle opte pour le minimalisme avec une plaque fine et \u00e9troite, sur une cha\u00eene jaseron d\u00e9licate.<\/p>\n<h2><span class=\"ez-toc-section\" id=\"Que_choisir_comme_gourmette_personnalisee_pour_un_bebe\"><\/span>Que choisir comme gourmette personnalis\u00e9e pour un b\u00e9b\u00e9\u00a0?<span class=\"ez-toc-section-end\"><\/span><\/h2>\n<figure id=\"attachment_307\" aria-describedby=\"caption-attachment-307\" style=\"width: 800px\" class=\"wp-caption alignnone\"><img loading=\"lazy\" decoding=\"async\" class=\"size-full wp-image-307\" src=\"https:\/\/www.marmottine.fr\/mag\/wp-content\/uploads\/2024\/03\/gourmette-nuage-personnalisee.png\" alt=\"gourmette nuage personnalis\u00e9e\" width=\"800\" height=\"800\" srcset=\"https:\/\/www.marmottine.fr\/mag\/wp-content\/uploads\/2024\/03\/gourmette-nuage-personnalisee.png 800w, https:\/\/www.marmottine.fr\/mag\/wp-content\/uploads\/2024\/03\/gourmette-nuage-personnalisee-300x300.png 300w, https:\/\/www.marmottine.fr\/mag\/wp-content\/uploads\/2024\/03\/gourmette-nuage-personnalisee-150x150.png 150w, https:\/\/www.marmottine.fr\/mag\/wp-content\/uploads\/2024\/03\/gourmette-nuage-personnalisee-768x768.png 768w\" sizes=\"(max-width: 800px) 100vw, 800px\" \/><figcaption id=\"caption-attachment-307\" class=\"wp-caption-text\">gourmette nuage personnalis\u00e9e<\/figcaption><\/figure>\n<p>La <strong>gourmette b\u00e9b\u00e9<\/strong>, aussi appel\u00e9e <strong>bracelet identit\u00e9 b\u00e9b\u00e9<\/strong>, ou <strong>gourmette de bapt\u00eame<\/strong>, est l\u2019un des <u>premiers bijoux<\/u> que l\u2019on offre \u00e0 un enfant, soit pour sa naissance, soit \u00e0 l\u2019occasion de son bapt\u00eame.<\/p>\n<p>Cette premi\u00e8re gourmette est g\u00e9n\u00e9ralement en or jaune. Elle se compose d\u2019une plaque rectangulaire mont\u00e9e sur cha\u00eene. On grave le pr\u00e9nom de l\u2019enfant au recto et sa date de naissance (parfois la date de son bapt\u00eame) au verso. Afin que l\u2019enfant porte sa gourmette les premi\u00e8res ann\u00e9es de sa vie, la cha\u00eene est r\u00e9glable gr\u00e2ce \u00e0 un anneau interm\u00e9diaire et la longueur propos\u00e9e est 12-14 mm.<\/p>\n<p><u>Traditionnellement<\/u>, la gourmette personnalis\u00e9e pour b\u00e9b\u00e9 est en <strong>or jaune <\/strong>mont\u00e9e sur une cha\u00eene gourmette. Mais avec les ann\u00e9es sont apparues de <u>nouvelles variantes<\/u>. <strong>L\u2019or blanc<\/strong> est souvent demand\u00e9 pour les petits gar\u00e7ons. La cha\u00eene est aussi propos\u00e9e en <strong>maille for\u00e7at<\/strong>, maille jaseron ou fantaisie comme la maille grain de caf\u00e9 ou la maille marine. Enfin, certaines collections proposent des gourmettes b\u00e9b\u00e9 mont\u00e9es <strong>sur cordon<\/strong>, plus facile \u00e0 porter et moins fragile.<\/p>\n<h2><span class=\"ez-toc-section\" id=\"Que_grave-t-on_sur_une_gourmette_personnalisee\"><\/span>Que grave-t-on sur une gourmette personnalis\u00e9e\u00a0?<span class=\"ez-toc-section-end\"><\/span><\/h2>\n<figure id=\"attachment_308\" aria-describedby=\"caption-attachment-308\" style=\"width: 800px\" class=\"wp-caption alignnone\"><img loading=\"lazy\" decoding=\"async\" class=\"size-full wp-image-308\" src=\"https:\/\/www.marmottine.fr\/mag\/wp-content\/uploads\/2024\/03\/gourmettes-plaque-or-personnalisee.jpg\" alt=\"gourmettes plaqu\u00e9 or personnalis\u00e9e\" width=\"800\" height=\"800\" srcset=\"https:\/\/www.marmottine.fr\/mag\/wp-content\/uploads\/2024\/03\/gourmettes-plaque-or-personnalisee.jpg 800w, https:\/\/www.marmottine.fr\/mag\/wp-content\/uploads\/2024\/03\/gourmettes-plaque-or-personnalisee-300x300.jpg 300w, https:\/\/www.marmottine.fr\/mag\/wp-content\/uploads\/2024\/03\/gourmettes-plaque-or-personnalisee-150x150.jpg 150w, https:\/\/www.marmottine.fr\/mag\/wp-content\/uploads\/2024\/03\/gourmettes-plaque-or-personnalisee-768x768.jpg 768w\" sizes=\"(max-width: 800px) 100vw, 800px\" \/><figcaption id=\"caption-attachment-308\" class=\"wp-caption-text\">gourmettes plaqu\u00e9 or personnalis\u00e9e<\/figcaption><\/figure>\n<p>La gourmette, bijou traditionnel et codifi\u00e9, a pris un s\u00e9rieux coup de jeune avec la mode des bijoux personnalis\u00e9s et les techniques de personnalisation toujours plus originales. Gravure diamant ou gravure laser, tout est permis, quel que soit l\u2019\u00e2ge de la personne \u00e0 qui ce bracelet est destin\u00e9.<\/p>\n<ul>\n<li><u>Comment graver un pr\u00e9nom sur une gourmette personnalis\u00e9e\u00a0?<\/u><\/li>\n<\/ul>\n<p>La gravure \u00e0 laquelle on pense spontan\u00e9ment pour une gourmette est le pr\u00e9nom, car c\u2019est la fonction premi\u00e8re de ce bijou. Pour les bracelets identit\u00e9 b\u00e9b\u00e9, on restera classique avec une \u00e9criture anglaise (pour les filles) ou une \u00e9criture b\u00e2ton (pour les gar\u00e7ons). Sur une gourmette destin\u00e9e \u00e0 un adulte, toutes les fantaisies sont permises\u00a0: on utilisera une typographie originale (gothique, moderne, ou d\u00e9pos\u00e9e par une marque), on \u00e9crira tout en majuscule si l\u2019on veut.<\/p>\n<ul>\n<li><u>Comment graver une date sur une gourmette personnalis\u00e9e\u00a0?<\/u><\/li>\n<\/ul>\n<p>La date est souvent mati\u00e8re \u00e0 discussion. G\u00e9n\u00e9ralement, on grave au verso la <strong>date de naissance<\/strong>. Mais rien n\u2019emp\u00eache d\u2019opter pour une date embl\u00e9matique\u00a0: la <strong>date du bapt\u00eame<\/strong> pour un petit, la <strong>date d\u2019un \u00e9v\u00e9nement<\/strong> particulier pour un adulte (mariage, dipl\u00f4me, rencontre\u2026).<\/p>\n<p>Quant \u00e0 la fa\u00e7on dont la date est grav\u00e9e, l\u00e0 aussi tout est admis. Les plus traditionnels opteront pour la date en toutes lettres (<em>25 mars 2012<\/em>), d\u2019autres pour la date en chiffres (<em>25-03-2012<\/em>), d\u2019autres encore se distingueront avec la date en chiffres romains (XXV-III-MMXII).<\/p>\n<ul>\n<li>Quel autre motif graver sur une gourmette personnalis\u00e9e ?<\/li>\n<\/ul>\n<p>De nos jours, on peut s\u2019amuser \u00e0 casser les codes et \u00e0 graver tout ce qui nous anime. Ce peut \u00eatre un symbole (un c\u0153ur, une croix, une \u00e9toile\u2026), un animal totem (chien, chat, oiseau\u2026), un signe astrologique, une empreinte, un dessin\u2026 Pour les tout-petits, certains motifs sont ajour\u00e9s pour apporter de la po\u00e9sie au bijou : un nounours d\u00e9tour\u00e9 sur le c\u00f4t\u00e9 par exemple. En r\u00e9alit\u00e9, la plaque de la gourmette est personnalisable \u00e0 l\u2019envi.<\/p>\n<h2><span class=\"ez-toc-section\" id=\"Quel_metal_choisir_pour_une_gourmette_personnalisee\"><\/span>Quel m\u00e9tal choisir pour une gourmette personnalis\u00e9e\u00a0?<span class=\"ez-toc-section-end\"><\/span><\/h2>\n<p>On trouve dans le commerce des gourmettes r\u00e9alis\u00e9es dans tous types de m\u00e9tal.<\/p>\n<p>La <strong><u>gourmette de bapt\u00eame<\/u><\/strong> est historiquement fabriqu\u00e9e en <strong>or jaune<\/strong> 18 carats, mais on la trouve de plus en plus en or blanc (pour les petits gar\u00e7ons) et parfois en <strong>argent<\/strong> ou <strong>plaqu\u00e9 or<\/strong>, quand il s\u2019agit d\u2019un petit cadeau offert par un proche de l\u2019enfant.<\/p>\n<p>La <strong><u>gourmette homme classique<\/u><\/strong> est un mod\u00e8le en <strong>argent massif<\/strong>, \u00e0 la lourde cha\u00eene. La taille et le poids de ce bracelet explique le choix de l\u2019argent. On trouve en bijouterie fantaisie certaines collections en acier inoxydable, beaucoup moins cher.<\/p>\n<p>Quant \u00e0 la <strong><u>gourmette pour femme<\/u><\/strong>, selon les diktats de la mode, on en trouve en bijouterie fantaisie en plaqu\u00e9 or et plaqu\u00e9 argent, comme en bijouterie classique, en argent massif, en or et m\u00eame en vermeil.<\/p>\n<p>A noter l\u2019apparition de <strong>bracelets magn\u00e9tiques<\/strong>, en forme de gourmette, un genre marginal que l\u2019on rencontre de plus en plus.<\/p>\n<h2><span class=\"ez-toc-section\" id=\"Quelle_chaine_choisir_pour_une_gourmette_personnalisee\"><\/span>Quelle cha\u00eene choisir pour une gourmette personnalis\u00e9e\u00a0?<span class=\"ez-toc-section-end\"><\/span><\/h2>\n<p>Historiquement, la cha\u00eene utilis\u00e9e est une <strong>cha\u00eene gourmette<\/strong>, qui tient son nom de ce bracelet unique, reconnaissable par ses maillons serr\u00e9s et l\u00e9g\u00e8rement aplatis.<\/p>\n<p>Avec le temps, l\u2019\u00e9volution des mod\u00e8les a introduit l\u2019usage d\u2019autres cha\u00eenes comme la <strong>maille for\u00e7at<\/strong> et la <strong>maille jaseron<\/strong>, souvent utilis\u00e9es pour les gourmettes b\u00e9b\u00e9. La <strong>cha\u00eene marine<\/strong>, identifiable \u00e0 sa maille allong\u00e9e divis\u00e9e par une barre transversale, \u00e9voque le grand large. La <strong>maille grain de caf\u00e9<\/strong>, qui comme son nom l\u2019indique \u00e9voque la forme d\u2019un petit grain de caf\u00e9 agr\u00e9ment\u00e9 de deux trous, apporte beaucoup d\u2019originalit\u00e9 et de caract\u00e8re.<\/p>\n<p><a href=\"https:\/\/www.marmottine.fr\/mag\/guides\/bijoux-personnalises\/choisir\/gourmette-personnalisee\/quand-la-gourmette-bebe-se-reinvente\">De nos jours, on trouve toutes sortes de cha\u00eenes<\/a>, m\u00eame les plus fantaisistes\u00a0: des cha\u00eenes perl\u00e9es, d\u2019autres avec des motifs en en filigrane. Le choix de la cha\u00eene contribue \u00e0 la personnalisation d\u2019une gourmette, tant le choix est vaste.<\/p>\n","protected":false},"excerpt":{"rendered":"<p>Que choisir comme gourmette personnalis\u00e9e ? La gourmette personnalis\u00e9e est un bijou, de base, personnalisable par la gravure d\u2019un pr\u00e9nom. [&hellip;]<\/p>\n","protected":false},"author":2,"featured_media":305,"parent":205,"menu_order":6,"comment_status":"closed","ping_status":"closed","template":"","meta":{"site-sidebar-layout":"default","site-content-layout":"","ast-site-content-layout":"default","site-content-style":"default","site-sidebar-style":"default","ast-global-header-display":"","ast-banner-title-visibility":"","ast-main-header-display":"","ast-hfb-above-header-display":"","ast-hfb-below-header-display":"","ast-hfb-mobile-header-display":"","site-post-title":"","ast-breadcrumbs-content":"","ast-featured-img":"","footer-sml-layout":"","theme-transparent-header-meta":"default","adv-header-id-meta":"","stick-header-meta":"","header-above-stick-meta":"","header-main-stick-meta":"","header-below-stick-meta":"","astra-migrate-meta-layouts":"set","ast-page-background-enabled":"default","ast-page-background-meta":{"desktop":{"background-color":"var(--ast-global-color-4)","background-image":"","background-repeat":"repeat","background-position":"center center","background-size":"auto","background-attachment":"scroll","background-type":"","background-media":"","overlay-type":"","overlay-color":"","overlay-gradient":""},"tablet":{"background-color":"","background-image":"","background-repeat":"repeat","background-position":"center center","background-size":"auto","background-attachment":"scroll","background-type":"","background-media":"","overlay-type":"","overlay-color":"","overlay-gradient":""},"mobile":{"background-color":"","background-image":"","background-repeat":"repeat","background-position":"center center","background-size":"auto","background-attachment":"scroll","background-type":"","background-media":"","overlay-type":"","overlay-color":"","overlay-gradient":""}},"ast-content-background-meta":{"desktop":{"background-color":"var(--ast-global-color-5)","background-image":"","background-repeat":"repeat","background-position":"center center","background-size":"auto","background-attachment":"scroll","background-type":"","background-media":"","overlay-type":"","overlay-color":"","overlay-gradient":""},"tablet":{"background-color":"var(--ast-global-color-5)","background-image":"","background-repeat":"repeat","background-position":"center center","background-size":"auto","background-attachment":"scroll","background-type":"","background-media":"","overlay-type":"","overlay-color":"","overlay-gradient":""},"mobile":{"background-color":"var(--ast-global-color-5)","background-image":"","background-repeat":"repeat","background-position":"center center","background-size":"auto","background-attachment":"scroll","background-type":"","background-media":"","overlay-type":"","overlay-color":"","overlay-gradient":""}},"footnotes":""},"aioseo_notices":[],"_links":{"self":[{"href":"https:\/\/www.marmottine.fr\/mag\/wp-json\/wp\/v2\/pages\/218"}],"collection":[{"href":"https:\/\/www.marmottine.fr\/mag\/wp-json\/wp\/v2\/pages"}],"about":[{"href":"https:\/\/www.marmottine.fr\/mag\/wp-json\/wp\/v2\/types\/page"}],"author":[{"embeddable":true,"href":"https:\/\/www.marmottine.fr\/mag\/wp-json\/wp\/v2\/users\/2"}],"replies":[{"embeddable":true,"href":"https:\/\/www.marmottine.fr\/mag\/wp-json\/wp\/v2\/comments?post=218"}],"version-history":[{"count":4,"href":"https:\/\/www.marmottine.fr\/mag\/wp-json\/wp\/v2\/pages\/218\/revisions"}],"predecessor-version":[{"id":1292,"href":"https:\/\/www.marmottine.fr\/mag\/wp-json\/wp\/v2\/pages\/218\/revisions\/1292"}],"up":[{"embeddable":true,"href":"https:\/\/www.marmottine.fr\/mag\/wp-json\/wp\/v2\/pages\/205"}],"wp:featuredmedia":[{"embeddable":true,"href":"https:\/\/www.marmottine.fr\/mag\/wp-json\/wp\/v2\/media\/305"}],"wp:attachment":[{"href":"https:\/\/www.marmottine.fr\/mag\/wp-json\/wp\/v2\/media?parent=218"}],"curies":[{"name":"wp","href":"https:\/\/api.w.org\/{rel}","templated":true}]}}