{"id":216,"date":"2024-04-09T11:02:12","date_gmt":"2024-04-09T09:02:12","guid":{"rendered":"https:\/\/www.marmottine.fr\/mag\/?page_id=216"},"modified":"2024-04-09T17:04:43","modified_gmt":"2024-04-09T15:04:43","slug":"collier-personnalise","status":"publish","type":"page","link":"https:\/\/www.marmottine.fr\/mag\/guides\/bijoux-personnalises\/choisir\/collier-personnalise","title":{"rendered":"Que choisir comme collier personnalis\u00e9 ?"},"content":{"rendered":"<h1><span class=\"ez-toc-section\" id=\"Que_choisir_comme_collier_personnalise\"><\/span>Que choisir comme collier personnalis\u00e9 ?<span class=\"ez-toc-section-end\"><\/span><\/h1><div id=\"ez-toc-container\" class=\"ez-toc-v2_0_69_1 counter-hierarchy ez-toc-counter ez-toc-grey ez-toc-container-direction\">\n<div class=\"ez-toc-title-container\">\n<p class=\"ez-toc-title\" style=\"cursor:inherit\">Sommaire<\/p>\n<span class=\"ez-toc-title-toggle\"><a href=\"#\" class=\"ez-toc-pull-right ez-toc-btn ez-toc-btn-xs ez-toc-btn-default ez-toc-toggle\" aria-label=\"Toggle Table of Content\"><span class=\"ez-toc-js-icon-con\"><span class=\"\"><span class=\"eztoc-hide\" style=\"display:none;\">Toggle<\/span><span class=\"ez-toc-icon-toggle-span\"><svg style=\"fill: #999;color:#999\" xmlns=\"http:\/\/www.w3.org\/2000\/svg\" class=\"list-377408\" width=\"20px\" height=\"20px\" viewBox=\"0 0 24 24\" fill=\"none\"><path d=\"M6 6H4v2h2V6zm14 0H8v2h12V6zM4 11h2v2H4v-2zm16 0H8v2h12v-2zM4 16h2v2H4v-2zm16 0H8v2h12v-2z\" fill=\"currentColor\"><\/path><\/svg><svg style=\"fill: #999;color:#999\" class=\"arrow-unsorted-368013\" xmlns=\"http:\/\/www.w3.org\/2000\/svg\" width=\"10px\" height=\"10px\" viewBox=\"0 0 24 24\" version=\"1.2\" baseProfile=\"tiny\"><path d=\"M18.2 9.3l-6.2-6.3-6.2 6.3c-.2.2-.3.4-.3.7s.1.5.3.7c.2.2.4.3.7.3h11c.3 0 .5-.1.7-.3.2-.2.3-.5.3-.7s-.1-.5-.3-.7zM5.8 14.7l6.2 6.3 6.2-6.3c.2-.2.3-.5.3-.7s-.1-.5-.3-.7c-.2-.2-.4-.3-.7-.3h-11c-.3 0-.5.1-.7.3-.2.2-.3.5-.3.7s.1.5.3.7z\"\/><\/svg><\/span><\/span><\/span><\/a><\/span><\/div>\n<nav><ul class='ez-toc-list ez-toc-list-level-1 ' ><li class='ez-toc-page-1 ez-toc-heading-level-1'><a class=\"ez-toc-link ez-toc-heading-1\" href=\"https:\/\/www.marmottine.fr\/mag\/guides\/bijoux-personnalises\/choisir\/collier-personnalise\/#Que_choisir_comme_collier_personnalise\" title=\"Que choisir comme collier personnalis\u00e9 ?\">Que choisir comme collier personnalis\u00e9 ?<\/a><ul class='ez-toc-list-level-2' ><li class='ez-toc-heading-level-2'><a class=\"ez-toc-link ez-toc-heading-2\" href=\"https:\/\/www.marmottine.fr\/mag\/guides\/bijoux-personnalises\/choisir\/collier-personnalise\/#Quels_sont_les_differents_styles_de_colliers_personnalises\" title=\"Quels sont les diff\u00e9rents styles de colliers personnalis\u00e9s ?\">Quels sont les diff\u00e9rents styles de colliers personnalis\u00e9s ?<\/a><\/li><li class='ez-toc-page-1 ez-toc-heading-level-2'><a class=\"ez-toc-link ez-toc-heading-3\" href=\"https:\/\/www.marmottine.fr\/mag\/guides\/bijoux-personnalises\/choisir\/collier-personnalise\/#Comment_choisir_un_collier_prenom\" title=\"Comment choisir un collier pr\u00e9nom\u00a0?\">Comment choisir un collier pr\u00e9nom\u00a0?<\/a><\/li><li class='ez-toc-page-1 ez-toc-heading-level-2'><a class=\"ez-toc-link ez-toc-heading-4\" href=\"https:\/\/www.marmottine.fr\/mag\/guides\/bijoux-personnalises\/choisir\/collier-personnalise\/#Comment_choisir_un_collier_de_couple_personnalise\" title=\"Comment choisir un collier de couple personnalis\u00e9\u00a0?\">Comment choisir un collier de couple personnalis\u00e9\u00a0?<\/a><\/li><li class='ez-toc-page-1 ez-toc-heading-level-2'><a class=\"ez-toc-link ez-toc-heading-5\" href=\"https:\/\/www.marmottine.fr\/mag\/guides\/bijoux-personnalises\/choisir\/collier-personnalise\/#Quelle_chaine_choisir_pour_son_collier_personnalise\" title=\"Quelle cha\u00eene choisir pour son collier personnalis\u00e9\u00a0?\">Quelle cha\u00eene choisir pour son collier personnalis\u00e9\u00a0?<\/a><\/li><li class='ez-toc-page-1 ez-toc-heading-level-2'><a class=\"ez-toc-link ez-toc-heading-6\" href=\"https:\/\/www.marmottine.fr\/mag\/guides\/bijoux-personnalises\/choisir\/collier-personnalise\/#Quelle_personnalisation_pour_un_collier\" title=\"Quelle personnalisation pour un collier\u00a0?\">Quelle personnalisation pour un collier\u00a0?<\/a><\/li><li class='ez-toc-page-1 ez-toc-heading-level-2'><a class=\"ez-toc-link ez-toc-heading-7\" href=\"https:\/\/www.marmottine.fr\/mag\/guides\/bijoux-personnalises\/choisir\/collier-personnalise\/#Quel_metal_choisir_pour_son_collier_personnalise\" title=\"Quel m\u00e9tal choisir pour son collier personnalis\u00e9\u00a0?\">Quel m\u00e9tal choisir pour son collier personnalis\u00e9\u00a0?<\/a><\/li><\/ul><\/li><\/ul><\/nav><\/div>\n\n<figure id=\"attachment_610\" aria-describedby=\"caption-attachment-610\" style=\"width: 800px\" class=\"wp-caption alignnone\"><img loading=\"lazy\" decoding=\"async\" class=\"size-full wp-image-610\" src=\"https:\/\/www.marmottine.fr\/mag\/wp-content\/uploads\/2024\/04\/collier-personnalise-medaille-trefle-plaque-or-1.jpg\" alt=\"Collier tr\u00e8fle \u00e0 personnaliser\" width=\"800\" height=\"800\" srcset=\"https:\/\/www.marmottine.fr\/mag\/wp-content\/uploads\/2024\/04\/collier-personnalise-medaille-trefle-plaque-or-1.jpg 800w, https:\/\/www.marmottine.fr\/mag\/wp-content\/uploads\/2024\/04\/collier-personnalise-medaille-trefle-plaque-or-1-300x300.jpg 300w, https:\/\/www.marmottine.fr\/mag\/wp-content\/uploads\/2024\/04\/collier-personnalise-medaille-trefle-plaque-or-1-150x150.jpg 150w, https:\/\/www.marmottine.fr\/mag\/wp-content\/uploads\/2024\/04\/collier-personnalise-medaille-trefle-plaque-or-1-768x768.jpg 768w\" sizes=\"(max-width: 800px) 100vw, 800px\" \/><figcaption id=\"caption-attachment-610\" class=\"wp-caption-text\">Collier tr\u00e8fle \u00e0 personnaliser<\/figcaption><\/figure>\n<p>Le collier est <strong><a href=\"https:\/\/www.marmottine.fr\/mag\/guides\/bijoux-personnalises\/choisir\">un choix de bijou personnalis\u00e9<\/a><\/strong> auquel on pense spontan\u00e9ment car il est tr\u00e8s visible, autour du cou, et pr\u00e9sente des milliers de combinaisons possibles en mati\u00e8re de customisation. Entre les diff\u00e9rents styles de collier qui existent, notamment les derni\u00e8res tendances, la cha\u00eene souhait\u00e9e, la personnalisation choisie et le m\u00e9tal utilis\u00e9, on explore dans ce chapitre toutes les options pour bien choisir son collier personnalis\u00e9.<\/p>\n<h2><span class=\"ez-toc-section\" id=\"Quels_sont_les_differents_styles_de_colliers_personnalises\"><\/span>Quels sont les diff\u00e9rents styles de colliers personnalis\u00e9s ?<span class=\"ez-toc-section-end\"><\/span><\/h2>\n<p>La plupart du temps, quand on parle de collier, il s\u2019agit d\u2019un bijou compos\u00e9 d\u2019une cha\u00eene et d\u2019un m\u00e9daillon (m\u00e9daille ou pendentif). Mais il peut prendre diff\u00e9rentes formes et diff\u00e9rentes appellations. En voici les principales\u00a0:<\/p>\n<ol>\n<li><strong>Le ras de cou<\/strong>: comme son nom l\u2019indique, ce collier se porte tout pr\u00e8s du cou, au-dessus des clavicules. Il se compose d\u2019une cha\u00eene fine et d\u2019un motif central qui peut \u00eatre un m\u00e9daillon, un pendentif, une perle, une pierre pr\u00e9cieuse ou un symbole.<\/li>\n<li><strong>Le collier de chien<\/strong>: l\u00e0 encore, le nom \u00e9voque clairement ce style de bijou\u00a0! il s\u2019agit g\u00e9n\u00e9ralement d\u2019un ruban large positionn\u00e9 sur le cou, fabriqu\u00e9 en tissu, en cuir, en perles ou tout autre mat\u00e9riau.<\/li>\n<li><strong>Le torque<\/strong>: toujours port\u00e9 pr\u00e8s du cou, en haut du d\u00e9collet\u00e9, le torque est un collier rigide, souvent en argent, aux allures ethniques et tribales. Il est compos\u00e9 d\u2019un tube en argent ou acier, plus ou moins large, lisse ou grav\u00e9 de formes g\u00e9om\u00e9triques. Le torque sert parfois de support \u00e0 un m\u00e9daillon.<\/li>\n<li><strong>Le plastron<\/strong>: il est plus qu\u2019un bijou, un \u00e9l\u00e9ment d\u00e9coratif qui couvre tout le d\u00e9collet\u00e9.\u00a0 Il est g\u00e9n\u00e9ralement compos\u00e9 de diff\u00e9rents mat\u00e9riaux.<\/li>\n<li><strong>Le sautoir<\/strong>: c\u2019est un collier muni d\u2019une tr\u00e8s longue cha\u00eene, qui se porte jusqu\u2019au nombril, voire plus bas. Tr\u00e8s en vogue dans les ann\u00e9es folles, le sautoir revient r\u00e9guli\u00e8rement dans les collections de bijoux.<\/li>\n<li><strong>Les nouvelles tendances de colliers<\/strong>: comme la mode, la bijouterie est un \u00e9ternel recommencement et on voit appara\u00eetre des nouvelles tendances. Actuellement, 2 types de collier font fureur\u00a0: le collier pr\u00e9nom et le collier de couple.<\/li>\n<\/ol>\n<h2><span class=\"ez-toc-section\" id=\"Comment_choisir_un_collier_prenom\"><\/span>Comment choisir un collier pr\u00e9nom\u00a0?<span class=\"ez-toc-section-end\"><\/span><\/h2>\n<figure id=\"attachment_303\" aria-describedby=\"caption-attachment-303\" style=\"width: 800px\" class=\"wp-caption alignnone\"><img loading=\"lazy\" decoding=\"async\" class=\"size-full wp-image-303\" src=\"https:\/\/www.marmottine.fr\/mag\/wp-content\/uploads\/2024\/03\/collier-personnalise-sur-mesure.jpg\" alt=\"collier personnalis\u00e9 pr\u00e9nom\" width=\"800\" height=\"800\" srcset=\"https:\/\/www.marmottine.fr\/mag\/wp-content\/uploads\/2024\/03\/collier-personnalise-sur-mesure.jpg 800w, https:\/\/www.marmottine.fr\/mag\/wp-content\/uploads\/2024\/03\/collier-personnalise-sur-mesure-300x300.jpg 300w, https:\/\/www.marmottine.fr\/mag\/wp-content\/uploads\/2024\/03\/collier-personnalise-sur-mesure-150x150.jpg 150w, https:\/\/www.marmottine.fr\/mag\/wp-content\/uploads\/2024\/03\/collier-personnalise-sur-mesure-768x768.jpg 768w\" sizes=\"(max-width: 800px) 100vw, 800px\" \/><figcaption id=\"caption-attachment-303\" class=\"wp-caption-text\">collier personnalis\u00e9 pr\u00e9nom<\/figcaption><\/figure>\n<p>Le collier pr\u00e9nom est le collier personnalis\u00e9 tr\u00e8s demand\u00e9 actuellement. L\u2019engouement est tel qu\u2019il est d\u00e9j\u00e0 d\u00e9clin\u00e9 de plusieurs mani\u00e8res.<\/p>\n<ol start=\"70\">\n<li><strong>Le collier pr\u00e9nom horizontal\u00a0<\/strong>: c\u2019est le plus classique, celui que nous avons h\u00e9rit\u00e9 des ann\u00e9es 70. Le pr\u00e9nom se pr\u00e9sente en lettres ajour\u00e9es selon plusieurs techniques\u00a0: la fonte \u00e0 la cire perdue, la d\u00e9coupe laser ou encore la sculpture des lettres sur un seul fil. Il est ensuite mont\u00e9 sur une cha\u00eene fine et il se porte en ras de cou.<\/li>\n<li><strong>Le collier pr\u00e9nom vertical\u00a0: <\/strong>c\u2019est une variante tr\u00e8s originale et r\u00e9cente. Le pr\u00e9nom est attach\u00e9 d\u2019un seul c\u00f4t\u00e9 \u00e0 la cha\u00eene, comme un pendentif. Il est parfois agr\u00e9ment\u00e9 d\u2019une fleur ajour\u00e9e, pour un look romantique.<\/li>\n<li><strong>Le collier pr\u00e9nom en lettres d\u00e9tach\u00e9es\u00a0: <\/strong>dans ce cas pr\u00e9cis, le pr\u00e9nom n\u2019est pas d\u2019un seul tenant mais il se devine en lisant les lettres qui sont ind\u00e9pendantes les unes des autres. Chaque lettre est un pendentif accroch\u00e9 \u00e0 la cha\u00eene.<\/li>\n<li><strong>Le collier initial\u00a0: <\/strong>la mode du minimalisme a r\u00e9duit \u00e0 l\u2019extr\u00eame le collier pr\u00e9nom en ne retenant que l\u2019initiale du patronyme, en pendentif.<\/li>\n<\/ol>\n<h2><span class=\"ez-toc-section\" id=\"Comment_choisir_un_collier_de_couple_personnalise\"><\/span>Comment choisir un collier de couple personnalis\u00e9\u00a0?<span class=\"ez-toc-section-end\"><\/span><\/h2>\n<p>Autre nouveaut\u00e9 en mati\u00e8re de collier personnalis\u00e9, le <strong>collier de couple<\/strong> est un genre de plus en plus demand\u00e9. Il s\u2019agit g\u00e9n\u00e9ralement d\u2019un m\u00e9daillon coup\u00e9 en deux, chaque partie \u00e9tant mont\u00e9e en pendentif s\u00e9par\u00e9ment, pour que chacun puisse porter la moiti\u00e9.<\/p>\n<p>La forme retenue est souvent un c\u0153ur. Le collier de couple s\u2019offre \u00e0 l\u2019occasion de la Saint Valentin, pour f\u00eater une rencontre ou un anniversaire de mariage.<\/p>\n<p>Le pendentif peut \u00eatre personnalis\u00e9 avec la gravure d\u2019un message qui se lit une fois les parties rapproch\u00e9es. Ou bien avec les pr\u00e9noms des amoureux.<\/p>\n<p>On peut aussi personnaliser son collier de couple en ajoutant une pierre pr\u00e9cieuse ou une photo.<\/p>\n<h2><span class=\"ez-toc-section\" id=\"Quelle_chaine_choisir_pour_son_collier_personnalise\"><\/span>Quelle cha\u00eene choisir pour son collier personnalis\u00e9\u00a0?<span class=\"ez-toc-section-end\"><\/span><\/h2>\n<p>La cha\u00eene fait partie int\u00e9grante de la personnalisation d\u2019un collier. Que ce soit en bijouterie fantaisie ou en bijouterie classique, on trouve une grande vari\u00e9t\u00e9 de cha\u00eenes que l\u2019on reconnait \u00e0 leurs maillons, et que l\u2019on choisira en fonction du style que l\u2019on souhaite donner \u00e0 son collier.<\/p>\n<p><strong>Pour un look classique<\/strong>\u00a0: la <u>maille for\u00e7at<\/u> et la <u>maille jaseron<\/u> sont les deux cha\u00eenes les plus fr\u00e9quemment utilis\u00e9es pour les colliers personnalis\u00e9s. Discr\u00e8tes, elles mettent en valeur le m\u00e9daillon et sa personnalisation.<\/p>\n<p><strong>Pour un look moderne<\/strong>\u00a0: la <u>maille gourmette<\/u> est l\u2019id\u00e9al. Elle existe dans plusieurs largeurs. Fine, elle convient parfaitement aux colliers personnalis\u00e9s pour enfants. Plus large, on la trouve au cou des hommes. En argent ou en or, la cha\u00eene gourmette est une valeur s\u00fbre. La <u>cha\u00eene boule<\/u> (aussi appel\u00e9e cha\u00eene lavabo) est l\u2019autre grande favorite des cha\u00eenes modernes.<\/p>\n<p><strong>Pour un look original<\/strong>\u00a0: plus rares, certaines cha\u00eenes sont tr\u00e8s travaill\u00e9es et contribuent \u00e0 personnaliser un collier avec beaucoup d\u2019originalit\u00e9. Parmi elles, on note la <u>cha\u00eene om\u00e9ga<\/u> et son c\u00e2ble semi rigide, la <u>cha\u00eene v\u00e9nitienne<\/u> et ses maillons carr\u00e9s, la <u>cha\u00eene avec motifs filigranes<\/u>, un peu d\u00e9mod\u00e9e mais toujours tr\u00e8s pris\u00e9e.<\/p>\n<h2><span class=\"ez-toc-section\" id=\"Quelle_personnalisation_pour_un_collier\"><\/span>Quelle personnalisation pour un collier\u00a0?<span class=\"ez-toc-section-end\"><\/span><\/h2>\n<figure id=\"attachment_611\" aria-describedby=\"caption-attachment-611\" style=\"width: 800px\" class=\"wp-caption alignnone\"><img loading=\"lazy\" decoding=\"async\" class=\"size-full wp-image-611\" src=\"https:\/\/www.marmottine.fr\/mag\/wp-content\/uploads\/2024\/04\/collier-pre-grave-douce-maman-femme-argent-1.jpg\" alt=\"Collier m\u00e9daille personnalis\u00e9\" width=\"800\" height=\"800\" srcset=\"https:\/\/www.marmottine.fr\/mag\/wp-content\/uploads\/2024\/04\/collier-pre-grave-douce-maman-femme-argent-1.jpg 800w, https:\/\/www.marmottine.fr\/mag\/wp-content\/uploads\/2024\/04\/collier-pre-grave-douce-maman-femme-argent-1-300x300.jpg 300w, https:\/\/www.marmottine.fr\/mag\/wp-content\/uploads\/2024\/04\/collier-pre-grave-douce-maman-femme-argent-1-150x150.jpg 150w, https:\/\/www.marmottine.fr\/mag\/wp-content\/uploads\/2024\/04\/collier-pre-grave-douce-maman-femme-argent-1-768x768.jpg 768w\" sizes=\"(max-width: 800px) 100vw, 800px\" \/><figcaption id=\"caption-attachment-611\" class=\"wp-caption-text\">Collier m\u00e9daille personnalis\u00e9<\/figcaption><\/figure>\n<p>On peut personnaliser un collier en choisissant la cha\u00eene mais surtout en personnalisant le m\u00e9daillon qu\u2019elle retient. Ce pendentif \u00e9tant tr\u00e8s visible, on prendra soin de bien choisir sa personnalisation parmi les nombreux choix possibles.<\/p>\n<ul>\n<li><u>Personnaliser un collier avec une gravure<\/u>:\u00a0c\u2019est la mani\u00e8re la plus fr\u00e9quemment rencontr\u00e9e. Gravure main ou gravure machine, on peut graver un pr\u00e9nom ou ceux de ses enfants, mais aussi un mot doux, un po\u00e8me, une citation, un message cod\u00e9.<\/li>\n<li><u>Personnaliser un collier avec une photo<\/u>: soit avec la technique de la photogravure, soit en capturant une vraie photo sous verre, le collier photo revient \u00e0 la mode. L\u00e0 encore, c\u2019est la photo de sa tribu qui l\u2019emporte, ou celle de son animal de compagnie.<\/li>\n<li><u>Personnaliser un collier avec un dessin<\/u>: les nouvelles techniques de gravure permettent de reproduire un dessin, que ce soit un dessin d\u2019enfant ou un dessin d\u2019adulte. Le r\u00e9sultat est bluffant et permet d\u2019obtenir un collier r\u00e9ellement personnalis\u00e9 qui ne ressemble \u00e0 aucun autre\u00a0!<\/li>\n<li><u>Personnaliser un collier avec des empreintes<\/u>: dans la m\u00eame id\u00e9e, on peut graver des empreintes digitales, des empreintes de main d\u2019enfant ou de pieds de b\u00e9b\u00e9. Ce type de gravure est tr\u00e8s touchant car il fige un instantan\u00e9 de vie pour l\u2019\u00e9ternit\u00e9.<strong style=\"font-size: 16px;\">\u00a0<\/strong><\/li>\n<\/ul>\n<h2><span class=\"ez-toc-section\" id=\"Quel_metal_choisir_pour_son_collier_personnalise\"><\/span>Quel m\u00e9tal choisir pour son collier personnalis\u00e9\u00a0?<span class=\"ez-toc-section-end\"><\/span><\/h2>\n<p>La mode des colliers personnalis\u00e9s s\u00e9vit en bijouterie fantaisie comme en joaillerie. On peut donc choisir son collier en fonction de ses go\u00fbts et de son budget.<\/p>\n<p>Si l\u2019on recherche un <strong>collier personnalis\u00e9 pas cher<\/strong>, on s\u2019orientera vers la fantaisie\u00a0: le plaqu\u00e9 or ou l\u2019acier inoxydable. Mais ce type de bijou n\u2019est pas \u00e9ternel, et au fil du temps la gravure s\u2019estompera, la surface ternira et le bijou aura beaucoup moins d\u2019\u00e9clat.<\/p>\n<p>Un collier, s\u2019il est customis\u00e9, est un bijou affectif que l\u2019on souhaite garder toute la vie. Mieux vaut donc commander un <strong>collier personnalis\u00e9 en argent ou en or<\/strong>. Selon son budget, on choisira l\u2019argent (m\u00e9tal pr\u00e9cieux encore tr\u00e8s accessible), l\u2019or 9 carats ou l\u2019or 18 carats. Et ainsi on pourra profiter longtemps de son bijou tant d\u00e9sir\u00e9\u00a0!<\/p>\n","protected":false},"excerpt":{"rendered":"<p>Que choisir comme collier personnalis\u00e9 ? Le collier est un choix de bijou personnalis\u00e9 auquel on pense spontan\u00e9ment car il [&hellip;]<\/p>\n","protected":false},"author":2,"featured_media":610,"parent":205,"menu_order":5,"comment_status":"closed","ping_status":"closed","template":"","meta":{"site-sidebar-layout":"default","site-content-layout":"","ast-site-content-layout":"default","site-content-style":"default","site-sidebar-style":"default","ast-global-header-display":"","ast-banner-title-visibility":"","ast-main-header-display":"","ast-hfb-above-header-display":"","ast-hfb-below-header-display":"","ast-hfb-mobile-header-display":"","site-post-title":"","ast-breadcrumbs-content":"","ast-featured-img":"","footer-sml-layout":"","theme-transparent-header-meta":"default","adv-header-id-meta":"","stick-header-meta":"","header-above-stick-meta":"","header-main-stick-meta":"","header-below-stick-meta":"","astra-migrate-meta-layouts":"set","ast-page-background-enabled":"default","ast-page-background-meta":{"desktop":{"background-color":"var(--ast-global-color-4)","background-image":"","background-repeat":"repeat","background-position":"center center","background-size":"auto","background-attachment":"scroll","background-type":"","background-media":"","overlay-type":"","overlay-color":"","overlay-gradient":""},"tablet":{"background-color":"","background-image":"","background-repeat":"repeat","background-position":"center center","background-size":"auto","background-attachment":"scroll","background-type":"","background-media":"","overlay-type":"","overlay-color":"","overlay-gradient":""},"mobile":{"background-color":"","background-image":"","background-repeat":"repeat","background-position":"center center","background-size":"auto","background-attachment":"scroll","background-type":"","background-media":"","overlay-type":"","overlay-color":"","overlay-gradient":""}},"ast-content-background-meta":{"desktop":{"background-color":"var(--ast-global-color-5)","background-image":"","background-repeat":"repeat","background-position":"center center","background-size":"auto","background-attachment":"scroll","background-type":"","background-media":"","overlay-type":"","overlay-color":"","overlay-gradient":""},"tablet":{"background-color":"var(--ast-global-color-5)","background-image":"","background-repeat":"repeat","background-position":"center center","background-size":"auto","background-attachment":"scroll","background-type":"","background-media":"","overlay-type":"","overlay-color":"","overlay-gradient":""},"mobile":{"background-color":"var(--ast-global-color-5)","background-image":"","background-repeat":"repeat","background-position":"center center","background-size":"auto","background-attachment":"scroll","background-type":"","background-media":"","overlay-type":"","overlay-color":"","overlay-gradient":""}},"footnotes":""},"aioseo_notices":[],"_links":{"self":[{"href":"https:\/\/www.marmottine.fr\/mag\/wp-json\/wp\/v2\/pages\/216"}],"collection":[{"href":"https:\/\/www.marmottine.fr\/mag\/wp-json\/wp\/v2\/pages"}],"about":[{"href":"https:\/\/www.marmottine.fr\/mag\/wp-json\/wp\/v2\/types\/page"}],"author":[{"embeddable":true,"href":"https:\/\/www.marmottine.fr\/mag\/wp-json\/wp\/v2\/users\/2"}],"replies":[{"embeddable":true,"href":"https:\/\/www.marmottine.fr\/mag\/wp-json\/wp\/v2\/comments?post=216"}],"version-history":[{"count":6,"href":"https:\/\/www.marmottine.fr\/mag\/wp-json\/wp\/v2\/pages\/216\/revisions"}],"predecessor-version":[{"id":613,"href":"https:\/\/www.marmottine.fr\/mag\/wp-json\/wp\/v2\/pages\/216\/revisions\/613"}],"up":[{"embeddable":true,"href":"https:\/\/www.marmottine.fr\/mag\/wp-json\/wp\/v2\/pages\/205"}],"wp:featuredmedia":[{"embeddable":true,"href":"https:\/\/www.marmottine.fr\/mag\/wp-json\/wp\/v2\/media\/610"}],"wp:attachment":[{"href":"https:\/\/www.marmottine.fr\/mag\/wp-json\/wp\/v2\/media?parent=216"}],"curies":[{"name":"wp","href":"https:\/\/api.w.org\/{rel}","templated":true}]}}