{"id":214,"date":"2024-04-09T11:01:26","date_gmt":"2024-04-09T09:01:26","guid":{"rendered":"https:\/\/www.marmottine.fr\/mag\/?page_id=214"},"modified":"2024-04-09T16:28:37","modified_gmt":"2024-04-09T14:28:37","slug":"chevaliere-personnalisee","status":"publish","type":"page","link":"https:\/\/www.marmottine.fr\/mag\/guides\/bijoux-personnalises\/choisir\/chevaliere-personnalisee","title":{"rendered":"Que choisir comme chevali\u00e8re personnalis\u00e9e ?"},"content":{"rendered":"<h1><span class=\"ez-toc-section\" id=\"Que_choisir_comme_chevaliere_personnalisee\"><\/span>Que choisir comme chevali\u00e8re personnalis\u00e9e ?<span class=\"ez-toc-section-end\"><\/span><\/h1><div id=\"ez-toc-container\" class=\"ez-toc-v2_0_69_1 counter-hierarchy ez-toc-counter ez-toc-grey ez-toc-container-direction\">\n<div class=\"ez-toc-title-container\">\n<p class=\"ez-toc-title\" style=\"cursor:inherit\">Sommaire<\/p>\n<span class=\"ez-toc-title-toggle\"><a href=\"#\" class=\"ez-toc-pull-right ez-toc-btn ez-toc-btn-xs ez-toc-btn-default ez-toc-toggle\" aria-label=\"Toggle Table of Content\"><span class=\"ez-toc-js-icon-con\"><span class=\"\"><span class=\"eztoc-hide\" style=\"display:none;\">Toggle<\/span><span class=\"ez-toc-icon-toggle-span\"><svg style=\"fill: #999;color:#999\" xmlns=\"http:\/\/www.w3.org\/2000\/svg\" class=\"list-377408\" width=\"20px\" height=\"20px\" viewBox=\"0 0 24 24\" fill=\"none\"><path d=\"M6 6H4v2h2V6zm14 0H8v2h12V6zM4 11h2v2H4v-2zm16 0H8v2h12v-2zM4 16h2v2H4v-2zm16 0H8v2h12v-2z\" fill=\"currentColor\"><\/path><\/svg><svg style=\"fill: #999;color:#999\" class=\"arrow-unsorted-368013\" xmlns=\"http:\/\/www.w3.org\/2000\/svg\" width=\"10px\" height=\"10px\" viewBox=\"0 0 24 24\" version=\"1.2\" baseProfile=\"tiny\"><path d=\"M18.2 9.3l-6.2-6.3-6.2 6.3c-.2.2-.3.4-.3.7s.1.5.3.7c.2.2.4.3.7.3h11c.3 0 .5-.1.7-.3.2-.2.3-.5.3-.7s-.1-.5-.3-.7zM5.8 14.7l6.2 6.3 6.2-6.3c.2-.2.3-.5.3-.7s-.1-.5-.3-.7c-.2-.2-.4-.3-.7-.3h-11c-.3 0-.5.1-.7.3-.2.2-.3.5-.3.7s.1.5.3.7z\"\/><\/svg><\/span><\/span><\/span><\/a><\/span><\/div>\n<nav><ul class='ez-toc-list ez-toc-list-level-1 ' ><li class='ez-toc-page-1 ez-toc-heading-level-1'><a class=\"ez-toc-link ez-toc-heading-1\" href=\"https:\/\/www.marmottine.fr\/mag\/guides\/bijoux-personnalises\/choisir\/chevaliere-personnalisee\/#Que_choisir_comme_chevaliere_personnalisee\" title=\"Que choisir comme chevali\u00e8re personnalis\u00e9e ?\">Que choisir comme chevali\u00e8re personnalis\u00e9e ?<\/a><ul class='ez-toc-list-level-2' ><li class='ez-toc-heading-level-2'><a class=\"ez-toc-link ez-toc-heading-2\" href=\"https:\/\/www.marmottine.fr\/mag\/guides\/bijoux-personnalises\/choisir\/chevaliere-personnalisee\/#Comment_bien_choisir_sa_chevaliere_personnalisee\" title=\"Comment bien choisir sa chevali\u00e8re personnalis\u00e9e\u00a0?\">Comment bien choisir sa chevali\u00e8re personnalis\u00e9e\u00a0?<\/a><\/li><li class='ez-toc-page-1 ez-toc-heading-level-2'><a class=\"ez-toc-link ez-toc-heading-3\" href=\"https:\/\/www.marmottine.fr\/mag\/guides\/bijoux-personnalises\/choisir\/chevaliere-personnalisee\/#Comment_personnaliser_une_chevaliere\" title=\"Comment personnaliser une chevali\u00e8re\u00a0?\">Comment personnaliser une chevali\u00e8re\u00a0?<\/a><\/li><li class='ez-toc-page-1 ez-toc-heading-level-2'><a class=\"ez-toc-link ez-toc-heading-4\" href=\"https:\/\/www.marmottine.fr\/mag\/guides\/bijoux-personnalises\/choisir\/chevaliere-personnalisee\/#Que_faire_graver_sur_une_chevaliere\" title=\"Que faire graver sur une chevali\u00e8re\u00a0?\">Que faire graver sur une chevali\u00e8re\u00a0?<\/a><\/li><li class='ez-toc-page-1 ez-toc-heading-level-2'><a class=\"ez-toc-link ez-toc-heading-5\" href=\"https:\/\/www.marmottine.fr\/mag\/guides\/bijoux-personnalises\/choisir\/chevaliere-personnalisee\/#Que_choisir_comme_chevaliere_personnalisee_pour_un_homme\" title=\"Que choisir comme chevali\u00e8re personnalis\u00e9e pour un homme\u00a0?\">Que choisir comme chevali\u00e8re personnalis\u00e9e pour un homme\u00a0?<\/a><\/li><li class='ez-toc-page-1 ez-toc-heading-level-2'><a class=\"ez-toc-link ez-toc-heading-6\" href=\"https:\/\/www.marmottine.fr\/mag\/guides\/bijoux-personnalises\/choisir\/chevaliere-personnalisee\/#_Que_choisir_comme_chevaliere_personnalisee_pour_une_femme\" title=\"\u00a0Que choisir comme chevali\u00e8re personnalis\u00e9e pour une femme\u00a0?\">\u00a0Que choisir comme chevali\u00e8re personnalis\u00e9e pour une femme\u00a0?<\/a><\/li><li class='ez-toc-page-1 ez-toc-heading-level-2'><a class=\"ez-toc-link ez-toc-heading-7\" href=\"https:\/\/www.marmottine.fr\/mag\/guides\/bijoux-personnalises\/choisir\/chevaliere-personnalisee\/#_Comment_choisir_une_chevaliere_personnalisee_en_argent\" title=\"\u00a0Comment choisir une chevali\u00e8re personnalis\u00e9e en argent\u00a0?\">\u00a0Comment choisir une chevali\u00e8re personnalis\u00e9e en argent\u00a0?<\/a><\/li><li class='ez-toc-page-1 ez-toc-heading-level-2'><a class=\"ez-toc-link ez-toc-heading-8\" href=\"https:\/\/www.marmottine.fr\/mag\/guides\/bijoux-personnalises\/choisir\/chevaliere-personnalisee\/#Comment_choisir_une_chevaliere_personnalisee_en_or\" title=\"Comment choisir une chevali\u00e8re personnalis\u00e9e en or\u00a0?\">Comment choisir une chevali\u00e8re personnalis\u00e9e en or\u00a0?<\/a><\/li><li class='ez-toc-page-1 ez-toc-heading-level-2'><a class=\"ez-toc-link ez-toc-heading-9\" href=\"https:\/\/www.marmottine.fr\/mag\/guides\/bijoux-personnalises\/choisir\/chevaliere-personnalisee\/#A_quel_doigt_porter_une_chevaliere_personnalisee\" title=\"A quel doigt porter une chevali\u00e8re personnalis\u00e9e\u00a0?\">A quel doigt porter une chevali\u00e8re personnalis\u00e9e\u00a0?<\/a><\/li><\/ul><\/li><\/ul><\/nav><\/div>\n\n<figure id=\"attachment_298\" aria-describedby=\"caption-attachment-298\" style=\"width: 800px\" class=\"wp-caption alignnone\"><img loading=\"lazy\" decoding=\"async\" class=\"size-full wp-image-298\" src=\"https:\/\/www.marmottine.fr\/mag\/wp-content\/uploads\/2024\/03\/chevaliere-personnalisee-initiale.jpg\" alt=\"chevali\u00e8re personnalis\u00e9e initiale\" width=\"800\" height=\"800\" srcset=\"https:\/\/www.marmottine.fr\/mag\/wp-content\/uploads\/2024\/03\/chevaliere-personnalisee-initiale.jpg 800w, https:\/\/www.marmottine.fr\/mag\/wp-content\/uploads\/2024\/03\/chevaliere-personnalisee-initiale-300x300.jpg 300w, https:\/\/www.marmottine.fr\/mag\/wp-content\/uploads\/2024\/03\/chevaliere-personnalisee-initiale-150x150.jpg 150w, https:\/\/www.marmottine.fr\/mag\/wp-content\/uploads\/2024\/03\/chevaliere-personnalisee-initiale-768x768.jpg 768w\" sizes=\"(max-width: 800px) 100vw, 800px\" \/><figcaption id=\"caption-attachment-298\" class=\"wp-caption-text\">chevali\u00e8re personnalis\u00e9e initiale<\/figcaption><\/figure>\n<p>Quand <strong><a href=\"https:\/\/www.marmottine.fr\/mag\/guides\/bijoux-personnalises\/choisir\">on se demande que choisir comme bijou personnalis\u00e9<\/a><\/strong>, on ne pense pas spontan\u00e9ment \u00e0 la chevali\u00e8re, pourtant c\u2019est LA bague personnalisable par excellence. Elle est le reflet de son histoire personnelle et familiale. Mais avant d\u2019offrir une chevali\u00e8re, il est important de bien comprendre les us et coutumes inh\u00e9rentes \u00e0 ce bijou hors du commun. Comment bien la choisir ? Quelle personnalisation ? A qui s\u2019adresse-t-elle ? Voici un guide pour choisir une chevali\u00e8re, cette bague qui, avant d\u2019\u00eatre un bijou personnalis\u00e9 contemporain, fut longtemps tr\u00e8s codifi\u00e9e.<\/p>\n<h2><span class=\"ez-toc-section\" id=\"Comment_bien_choisir_sa_chevaliere_personnalisee\"><\/span>Comment bien choisir sa chevali\u00e8re personnalis\u00e9e\u00a0?<span class=\"ez-toc-section-end\"><\/span><\/h2>\n<p>Pratiquement toutes les chevali\u00e8res sont personnalisables car cette bague ancestrale refl\u00e8te la personnalit\u00e9 de son porteur, voire m\u00eame une partie de son histoire familiale.<\/p>\n<ol>\n<li><strong>La chevali\u00e8re classique<\/strong>: bijou souvent masculin, c\u2019est une bague imposante, de forme souvent carr\u00e9e ou ronde, au plateau ouvrag\u00e9 mettant en sc\u00e8ne les initiales de la personne qui la porte. Souvent r\u00e9alis\u00e9e en or jaune, les mod\u00e8les \u00e9tant tr\u00e8s vari\u00e9s, chaque chevali\u00e8re classique est unique et correspond \u00e0 son porteur.<\/li>\n<li><strong>La chevali\u00e8re blason<\/strong>: on l\u2019appelle aussi \u00ab\u00a0<strong>chevali\u00e8re h\u00e9raldique<\/strong>\u00a0\u00bb ou \u00ab\u00a0<strong>chevali\u00e8re armori\u00e9e\u00a0<\/strong>\u00bb. Ce type de chevali\u00e8re se rencontre dans les familles nobles, qui font reproduire sur le plateau leurs armoiries familiales. Chaque membre de la famille commande la sienne en reproduisant fid\u00e8lement le blason familial, qui se transmet de g\u00e9n\u00e9ration en g\u00e9n\u00e9ration. Le ma\u00eetre graveur qui r\u00e9alise la chevali\u00e8re blason est un graveur h\u00e9raldiste.<\/li>\n<li><strong>La chevali\u00e8re moderne<\/strong>: plus proche de la bague, la chevali\u00e8re moderne est \u00e9pur\u00e9e, plus fine et se concentre sur les initiales \u00e0 reproduire dans le m\u00e9tal pr\u00e9cieux, plus que dans le d\u00e9cors entournant les lettres.<\/li>\n<li><strong>La chevali\u00e8re rockn\u2019roll<\/strong>: par extension, on nomme \u00e9galement \u00ab chevali\u00e8re \u00bb les grosses bagues imposantes. Certaines reprennent des motifs animaliers (le lion, l\u2019aigle), religieux (la croix chr\u00e9tienne) ou \u00e9sot\u00e9riques (sigles franc-ma\u00e7ons). Elles font la joie des rockeurs et des hipsters.<strong style=\"font-size: 16px;\">\u00a0<\/strong><\/li>\n<\/ol>\n<h2><span class=\"ez-toc-section\" id=\"Comment_personnaliser_une_chevaliere\"><\/span>Comment personnaliser une chevali\u00e8re\u00a0?<span class=\"ez-toc-section-end\"><\/span><\/h2>\n<p>La principale fa\u00e7on de personnaliser une chevali\u00e8re est d\u2019y apposer ses <u>initiales<\/u>, qu\u2019elles soient grav\u00e9es ou soud\u00e9es. Puis de choisir la <u>forme <\/u>de la chevali\u00e8re. Enfin, d\u2019autres mani\u00e8res sont apparues au fil des ann\u00e9es comme la personnalisation par la <u>couleur de la pierre<\/u> qui orne le plateau.<\/p>\n<ol>\n<li><u>Personnaliser sa chevali\u00e8re avec ses initiales<\/u>: grav\u00e9es ou soud\u00e9es, les initiales sont la raison d\u2019\u00eatre de la chevali\u00e8re, le d\u00e9tail rend cette bague unique et personnelle.<\/li>\n<li><u>Personnaliser sa chevali\u00e8re en choisissant sa forme\u00a0<\/u>: il existe plusieurs formes de plateau, qui donnent son nom \u00e0 la chevali\u00e8re. Les principales sont\u00a0: carr\u00e9e, tonneau, rectangulaire, ronde et ovale. On r\u00e9serve les formes carr\u00e9e et tonneau aux hommes, et les formes ronde et ovale aux femmes. Mais en fonction de la taille de la chevali\u00e8re, cette fronti\u00e8re tend \u00e0 s\u2019estomper.<\/li>\n<li><u>Personnaliser sa chevali\u00e8re avec la pierre du plateau<\/u>: on peut sertir la totalit\u00e9 du plateau avec une pierre dure de couleur comme l\u2019onyx, le nicolo, le jaspe, le lapis lazuli ou encore la cornaline. La pierre peut rester lisse, accueillir des lettres en or ou, quand la pierre le permet, cette derni\u00e8re peut \u00eatre grav\u00e9e comme un cam\u00e9e.<strong style=\"font-size: 16px;\">\u00a0<\/strong><\/li>\n<\/ol>\n<h2><span class=\"ez-toc-section\" id=\"Que_faire_graver_sur_une_chevaliere\"><\/span>Que faire graver sur une chevali\u00e8re\u00a0?<span class=\"ez-toc-section-end\"><\/span><\/h2>\n<ol>\n<li style=\"list-style-type: none;\">\n<ol>\n<li><strong>Des initiales grav\u00e9es<\/strong>: la typographie choisie changera compl\u00e9tement le look de la chevali\u00e8re. Une \u00e9criture anglaise sera tr\u00e8s classique et un brin d\u00e9suet. Une \u00e9criture b\u00e2ton la propulsera dans le XXI\u00e8me si\u00e8cle. Des initiales entrelac\u00e9es, autrement appel\u00e9es monogramme, sont une variante tr\u00e8s \u00e9l\u00e9gante, qui apporteront beaucoup de romantisme.<\/li>\n<li><strong>Les armoiries familiales<\/strong>: c\u2019est ainsi que l\u2019on personnalise les chevali\u00e8res blason. Ce dernier est grav\u00e9 dans le m\u00e9tal pr\u00e9cieux par un ma\u00eetre graveur qui reproduit les \u00e9l\u00e9ments distinctifs des armoiries de la famille (heaume, lambrequins, lion, cerf, fleur de lys\u2026).<\/li>\n<li><strong>Un logo<\/strong>: les <u>chevali\u00e8res universitaires<\/u>, ou <u>bagues am\u00e9ricaines<\/u>, reprennent les logos des universit\u00e9s qui sont grav\u00e9s sur le plateau. Elles sont personnalis\u00e9es par l\u2019embl\u00e8me de l\u2019\u00e9cole ou de la fac et sont port\u00e9es fi\u00e8rement par les \u00e9tudiants au sortir de leurs \u00e9tudes.<strong style=\"font-size: 16px;\">\u00a0<\/strong><\/li>\n<\/ol>\n<\/li>\n<\/ol>\n<h2><span class=\"ez-toc-section\" id=\"Que_choisir_comme_chevaliere_personnalisee_pour_un_homme\"><\/span>Que choisir comme chevali\u00e8re personnalis\u00e9e pour un homme\u00a0?<span class=\"ez-toc-section-end\"><\/span><\/h2>\n<p>Depuis la nuit des temps, les hommes portent des chevali\u00e8res. On a trouv\u00e9 des exemples dans l\u2019Egypte ancienne et au Moyen Age. Cette bague ancestrale \u00e9tait et demeure un marqueur social, o\u00f9 la personnalisation prend tout son sens. Pour les hommes, la chevali\u00e8re est avant tout un bijou identitaire qui contribue \u00e0 afficher leur statut dans la soci\u00e9t\u00e9.<\/p>\n<ol>\n<li><u>Une chevali\u00e8re homme personnalis\u00e9e avec ses initiales<\/u>: c\u2019est la plus r\u00e9pandue des chevali\u00e8res et celle qui pr\u00e9sente un \u00e9ventail de personnalisation \u00e9norme. Les initiales peuvent \u00eatre soud\u00e9es, en relief, pour apporter plus de prestance.<\/li>\n<li><u>Une chevali\u00e8re homme personnalis\u00e9e avec ses armes<\/u>: un homme qui porte une chevali\u00e8re blason affirme son appartenance \u00e0 une famille noble, c\u2019est un rep\u00e8re qui permet de se reconna\u00eetre en soci\u00e9t\u00e9.<\/li>\n<\/ol>\n<h2><span class=\"ez-toc-section\" id=\"_Que_choisir_comme_chevaliere_personnalisee_pour_une_femme\"><\/span>\u00a0Que choisir comme chevali\u00e8re personnalis\u00e9e pour une femme\u00a0?<span class=\"ez-toc-section-end\"><\/span><\/h2>\n<p>Chez la femme, exception faite de la chevali\u00e8re blason qui r\u00e9v\u00e8le son milieu social, la chevali\u00e8re est avant tout un bijou qui suit la mode et les tendances. Il en est de m\u00eame pour sa personnalisation.<\/p>\n<ol>\n<li><u>La chevali\u00e8re blason personnalis\u00e9e pour femme<\/u>: elle reprendra les m\u00eames armoiries familiales que celles de ses parents masculins, mais la forme de la bague sera plus petite, plus f\u00e9minine avec des courbes et des rondeurs (plateau rond ou ovale).<\/li>\n<li><u>La chevali\u00e8re personnalis\u00e9e pour femme<\/u> : comme pour les hommes, la chevali\u00e8re pour femme reprend les fondamentaux de cette bague historique\u00a0: un plateau large et les initiales grav\u00e9es. Sa forme sera plus petite et les lettres en italique, en \u00e9criture anglaise pench\u00e9e pour un rendu tr\u00e8s romantique.<\/li>\n<li><u>La chevali\u00e8re fantaisie personnalis\u00e9e pour femme<\/u>: la chevali\u00e8re \u00e9tant redevenue \u00e0 la mode, on voit apparaitre des mod\u00e8les en bijouterie fantaisie (en plaqu\u00e9 or). Beaucoup moins on\u00e9reuses que les mod\u00e8les en or, elles permettent de changer r\u00e9guli\u00e8rement. La mode des chevali\u00e8res a \u00e9rig\u00e9 cette bague au statut d\u2019ic\u00f4ne de la mode.<\/li>\n<\/ol>\n<h2><span class=\"ez-toc-section\" id=\"_Comment_choisir_une_chevaliere_personnalisee_en_argent\"><\/span><strong>\u00a0<\/strong>Comment choisir une chevali\u00e8re personnalis\u00e9e en argent\u00a0?<span class=\"ez-toc-section-end\"><\/span><\/h2>\n<p>Beaucoup de chevali\u00e8res sont propos\u00e9es en argent. Mais il existe tous les prix et pour \u00eatre s\u00fbr d\u2019acqu\u00e9rir une bague de qualit\u00e9, il est important de prendre quelques pr\u00e9cautions.<\/p>\n<p>Offrir une chevali\u00e8re personnalis\u00e9e en argent est une bonne mani\u00e8re de d\u00e9marrer avec ce type de bijou, surtout s\u2019il s\u2019agit d\u2019un cadeau pour un jeune, qui pr\u00e9f\u00e9rera ce m\u00e9tal \u00e0 l\u2019or, plus pr\u00e9cieux et plus imposant.<\/p>\n<p>Pour s\u2019assurer de la qualit\u00e9 d\u2019une chevali\u00e8re en argent, mieux vaut privil\u00e9gier l\u2019argent 925 milli\u00e8mes, celui qui est en vigueur en France, reconnaissable \u00e0 ses <strong>deux poin\u00e7ons<\/strong>\u00a0: le poin\u00e7on de l\u2019atelier de fabrication et le poin\u00e7on de garantie de l\u2019Etat, en forme de minerve. Autre d\u00e9tail important\u00a0: privil\u00e9gier une chevali\u00e8re en <strong>argent massif<\/strong> qui aura plus de tenue.<\/p>\n<h2><span class=\"ez-toc-section\" id=\"Comment_choisir_une_chevaliere_personnalisee_en_or\"><\/span>Comment choisir une chevali\u00e8re personnalis\u00e9e en or\u00a0?<span class=\"ez-toc-section-end\"><\/span><\/h2>\n<figure id=\"attachment_297\" aria-describedby=\"caption-attachment-297\" style=\"width: 800px\" class=\"wp-caption alignnone\"><img loading=\"lazy\" decoding=\"async\" class=\"size-full wp-image-297\" src=\"https:\/\/www.marmottine.fr\/mag\/wp-content\/uploads\/2024\/03\/chevaliere-monogramme.jpg\" alt=\"chevali\u00e8re monogramme\" width=\"800\" height=\"800\" srcset=\"https:\/\/www.marmottine.fr\/mag\/wp-content\/uploads\/2024\/03\/chevaliere-monogramme.jpg 800w, https:\/\/www.marmottine.fr\/mag\/wp-content\/uploads\/2024\/03\/chevaliere-monogramme-300x300.jpg 300w, https:\/\/www.marmottine.fr\/mag\/wp-content\/uploads\/2024\/03\/chevaliere-monogramme-150x150.jpg 150w, https:\/\/www.marmottine.fr\/mag\/wp-content\/uploads\/2024\/03\/chevaliere-monogramme-768x768.jpg 768w\" sizes=\"(max-width: 800px) 100vw, 800px\" \/><figcaption id=\"caption-attachment-297\" class=\"wp-caption-text\">chevali\u00e8re monogramme<\/figcaption><\/figure>\n<p>La chevali\u00e8re classique est historiquement en or massif et en or 18 carats. Mais la flamb\u00e9e du cours de l\u2019or a g\u00e9n\u00e9ralis\u00e9 l\u2019utilisation de l\u2019or 9 carats. Cela n\u2019enl\u00e8ve en rien la qualit\u00e9 d\u2019un bijou mais les puristes pr\u00e9f\u00e8reront le 18 carats.<\/p>\n<p>L\u2019or est le m\u00e9tal pr\u00e9cieux par excellence et toutes les personnalisations y sont applicables\u00a0: gravure des initiales ou d\u2019un blason, ajout de lettres soud\u00e9es. L\u2019or se pr\u00eate aussi \u00e0 l\u2019ajout de pierres pr\u00e9cieuses comme un diamant serti, une autre mani\u00e8re de personnaliser sa chevali\u00e8re, que l\u2019on soit un homme ou une femme.<\/p>\n<h2><span class=\"ez-toc-section\" id=\"A_quel_doigt_porter_une_chevaliere_personnalisee\"><\/span>A quel doigt porter une chevali\u00e8re personnalis\u00e9e\u00a0?<span class=\"ez-toc-section-end\"><\/span><\/h2>\n<p>Le port d\u2019une chevali\u00e8re blason est tr\u00e8s codifi\u00e9\u00a0: auriculaire droit pour les femmes, auriculaire gauche pour les hommes. Mais les chevali\u00e8res modernes se portent sans distinction\u00a0: \u00e0 l\u2019annulaire, en clin d\u2019\u0153il \u00e0 la tradition des chevali\u00e8res h\u00e9raldiques, mais aussi \u00e0 l\u2019annulaire droit ou l\u2019annulaire gauche, avec son alliance. De nos jours, la chevali\u00e8re personnalis\u00e9e est devenue une bague tr\u00e8s tendance \u00e0 part enti\u00e8re.<\/p>\n","protected":false},"excerpt":{"rendered":"<p>Que choisir comme chevali\u00e8re personnalis\u00e9e ? Quand on se demande que choisir comme bijou personnalis\u00e9, on ne pense pas spontan\u00e9ment [&hellip;]<\/p>\n","protected":false},"author":2,"featured_media":296,"parent":205,"menu_order":4,"comment_status":"closed","ping_status":"closed","template":"","meta":{"site-sidebar-layout":"default","site-content-layout":"","ast-site-content-layout":"default","site-content-style":"default","site-sidebar-style":"default","ast-global-header-display":"","ast-banner-title-visibility":"","ast-main-header-display":"","ast-hfb-above-header-display":"","ast-hfb-below-header-display":"","ast-hfb-mobile-header-display":"","site-post-title":"","ast-breadcrumbs-content":"","ast-featured-img":"","footer-sml-layout":"","theme-transparent-header-meta":"default","adv-header-id-meta":"","stick-header-meta":"","header-above-stick-meta":"","header-main-stick-meta":"","header-below-stick-meta":"","astra-migrate-meta-layouts":"set","ast-page-background-enabled":"default","ast-page-background-meta":{"desktop":{"background-color":"var(--ast-global-color-4)","background-image":"","background-repeat":"repeat","background-position":"center center","background-size":"auto","background-attachment":"scroll","background-type":"","background-media":"","overlay-type":"","overlay-color":"","overlay-gradient":""},"tablet":{"background-color":"","background-image":"","background-repeat":"repeat","background-position":"center center","background-size":"auto","background-attachment":"scroll","background-type":"","background-media":"","overlay-type":"","overlay-color":"","overlay-gradient":""},"mobile":{"background-color":"","background-image":"","background-repeat":"repeat","background-position":"center center","background-size":"auto","background-attachment":"scroll","background-type":"","background-media":"","overlay-type":"","overlay-color":"","overlay-gradient":""}},"ast-content-background-meta":{"desktop":{"background-color":"var(--ast-global-color-5)","background-image":"","background-repeat":"repeat","background-position":"center center","background-size":"auto","background-attachment":"scroll","background-type":"","background-media":"","overlay-type":"","overlay-color":"","overlay-gradient":""},"tablet":{"background-color":"var(--ast-global-color-5)","background-image":"","background-repeat":"repeat","background-position":"center center","background-size":"auto","background-attachment":"scroll","background-type":"","background-media":"","overlay-type":"","overlay-color":"","overlay-gradient":""},"mobile":{"background-color":"var(--ast-global-color-5)","background-image":"","background-repeat":"repeat","background-position":"center center","background-size":"auto","background-attachment":"scroll","background-type":"","background-media":"","overlay-type":"","overlay-color":"","overlay-gradient":""}},"footnotes":""},"aioseo_notices":[],"_links":{"self":[{"href":"https:\/\/www.marmottine.fr\/mag\/wp-json\/wp\/v2\/pages\/214"}],"collection":[{"href":"https:\/\/www.marmottine.fr\/mag\/wp-json\/wp\/v2\/pages"}],"about":[{"href":"https:\/\/www.marmottine.fr\/mag\/wp-json\/wp\/v2\/types\/page"}],"author":[{"embeddable":true,"href":"https:\/\/www.marmottine.fr\/mag\/wp-json\/wp\/v2\/users\/2"}],"replies":[{"embeddable":true,"href":"https:\/\/www.marmottine.fr\/mag\/wp-json\/wp\/v2\/comments?post=214"}],"version-history":[{"count":3,"href":"https:\/\/www.marmottine.fr\/mag\/wp-json\/wp\/v2\/pages\/214\/revisions"}],"predecessor-version":[{"id":582,"href":"https:\/\/www.marmottine.fr\/mag\/wp-json\/wp\/v2\/pages\/214\/revisions\/582"}],"up":[{"embeddable":true,"href":"https:\/\/www.marmottine.fr\/mag\/wp-json\/wp\/v2\/pages\/205"}],"wp:featuredmedia":[{"embeddable":true,"href":"https:\/\/www.marmottine.fr\/mag\/wp-json\/wp\/v2\/media\/296"}],"wp:attachment":[{"href":"https:\/\/www.marmottine.fr\/mag\/wp-json\/wp\/v2\/media?parent=214"}],"curies":[{"name":"wp","href":"https:\/\/api.w.org\/{rel}","templated":true}]}}