{"id":210,"date":"2024-04-09T10:59:48","date_gmt":"2024-04-09T08:59:48","guid":{"rendered":"https:\/\/www.marmottine.fr\/mag\/?page_id=210"},"modified":"2024-04-10T09:54:52","modified_gmt":"2024-04-10T07:54:52","slug":"boucles-doreilles-personnalisees","status":"publish","type":"page","link":"https:\/\/www.marmottine.fr\/mag\/guides\/bijoux-personnalises\/choisir\/boucles-doreilles-personnalisees","title":{"rendered":"Que choisir comme boucles d\u2019oreilles personnalis\u00e9es ?"},"content":{"rendered":"<h1><span class=\"ez-toc-section\" id=\"Que_choisir_comme_boucles_doreilles_personnalisees\"><\/span>Que choisir comme boucles d\u2019oreilles personnalis\u00e9es ?<span class=\"ez-toc-section-end\"><\/span><\/h1><div id=\"ez-toc-container\" class=\"ez-toc-v2_0_69_1 counter-hierarchy ez-toc-counter ez-toc-grey ez-toc-container-direction\">\n<div class=\"ez-toc-title-container\">\n<p class=\"ez-toc-title\" style=\"cursor:inherit\">Sommaire<\/p>\n<span class=\"ez-toc-title-toggle\"><a href=\"#\" class=\"ez-toc-pull-right ez-toc-btn ez-toc-btn-xs ez-toc-btn-default ez-toc-toggle\" aria-label=\"Toggle Table of Content\"><span class=\"ez-toc-js-icon-con\"><span class=\"\"><span class=\"eztoc-hide\" style=\"display:none;\">Toggle<\/span><span class=\"ez-toc-icon-toggle-span\"><svg style=\"fill: #999;color:#999\" xmlns=\"http:\/\/www.w3.org\/2000\/svg\" class=\"list-377408\" width=\"20px\" height=\"20px\" viewBox=\"0 0 24 24\" fill=\"none\"><path d=\"M6 6H4v2h2V6zm14 0H8v2h12V6zM4 11h2v2H4v-2zm16 0H8v2h12v-2zM4 16h2v2H4v-2zm16 0H8v2h12v-2z\" fill=\"currentColor\"><\/path><\/svg><svg style=\"fill: #999;color:#999\" class=\"arrow-unsorted-368013\" xmlns=\"http:\/\/www.w3.org\/2000\/svg\" width=\"10px\" height=\"10px\" viewBox=\"0 0 24 24\" version=\"1.2\" baseProfile=\"tiny\"><path d=\"M18.2 9.3l-6.2-6.3-6.2 6.3c-.2.2-.3.4-.3.7s.1.5.3.7c.2.2.4.3.7.3h11c.3 0 .5-.1.7-.3.2-.2.3-.5.3-.7s-.1-.5-.3-.7zM5.8 14.7l6.2 6.3 6.2-6.3c.2-.2.3-.5.3-.7s-.1-.5-.3-.7c-.2-.2-.4-.3-.7-.3h-11c-.3 0-.5.1-.7.3-.2.2-.3.5-.3.7s.1.5.3.7z\"\/><\/svg><\/span><\/span><\/span><\/a><\/span><\/div>\n<nav><ul class='ez-toc-list ez-toc-list-level-1 ' ><li class='ez-toc-page-1 ez-toc-heading-level-1'><a class=\"ez-toc-link ez-toc-heading-1\" href=\"https:\/\/www.marmottine.fr\/mag\/guides\/bijoux-personnalises\/choisir\/boucles-doreilles-personnalisees\/#Que_choisir_comme_boucles_doreilles_personnalisees\" title=\"Que choisir comme boucles d\u2019oreilles personnalis\u00e9es ?\">Que choisir comme boucles d\u2019oreilles personnalis\u00e9es ?<\/a><ul class='ez-toc-list-level-2' ><li class='ez-toc-heading-level-2'><a class=\"ez-toc-link ez-toc-heading-2\" href=\"https:\/\/www.marmottine.fr\/mag\/guides\/bijoux-personnalises\/choisir\/boucles-doreilles-personnalisees\/#Quels_sont_les_differents_styles_de_boucles_doreilles\" title=\"Quels sont les diff\u00e9rents styles de boucles d\u2019oreilles ?\">Quels sont les diff\u00e9rents styles de boucles d\u2019oreilles ?<\/a><\/li><li class='ez-toc-page-1 ez-toc-heading-level-2'><a class=\"ez-toc-link ez-toc-heading-3\" href=\"https:\/\/www.marmottine.fr\/mag\/guides\/bijoux-personnalises\/choisir\/boucles-doreilles-personnalisees\/#Comment_personnaliser_ses_boucles_doreilles_en_fonction_de_leur_forme\" title=\"Comment personnaliser ses boucles d\u2019oreilles en fonction de leur forme\u00a0?\">Comment personnaliser ses boucles d\u2019oreilles en fonction de leur forme\u00a0?<\/a><\/li><li class='ez-toc-page-1 ez-toc-heading-level-2'><a class=\"ez-toc-link ez-toc-heading-4\" href=\"https:\/\/www.marmottine.fr\/mag\/guides\/bijoux-personnalises\/choisir\/boucles-doreilles-personnalisees\/#Quelle_personnalisation_pour_des_boucles_doreilles_originales\" title=\"Quelle personnalisation pour des boucles d\u2019oreilles originales\u00a0?\">Quelle personnalisation pour des boucles d\u2019oreilles originales\u00a0?<\/a><\/li><li class='ez-toc-page-1 ez-toc-heading-level-2'><a class=\"ez-toc-link ez-toc-heading-5\" href=\"https:\/\/www.marmottine.fr\/mag\/guides\/bijoux-personnalises\/choisir\/boucles-doreilles-personnalisees\/#Comment_choisir_ses_boucles_doreilles_en_fonction_de_son_visage\" title=\"Comment choisir ses boucles d\u2019oreilles en fonction de son visage\u00a0?\">Comment choisir ses boucles d\u2019oreilles en fonction de son visage\u00a0?<\/a><\/li><li class='ez-toc-page-1 ez-toc-heading-level-2'><a class=\"ez-toc-link ez-toc-heading-6\" href=\"https:\/\/www.marmottine.fr\/mag\/guides\/bijoux-personnalises\/choisir\/boucles-doreilles-personnalisees\/#Quel_metal_privilegier_pour_des_boucles_doreilles_personnalisees\" title=\"Quel m\u00e9tal privil\u00e9gier pour des boucles d\u2019oreilles personnalis\u00e9es\u00a0?\">Quel m\u00e9tal privil\u00e9gier pour des boucles d\u2019oreilles personnalis\u00e9es\u00a0?<\/a><\/li><li class='ez-toc-page-1 ez-toc-heading-level-2'><a class=\"ez-toc-link ez-toc-heading-7\" href=\"https:\/\/www.marmottine.fr\/mag\/guides\/bijoux-personnalises\/choisir\/boucles-doreilles-personnalisees\/#Comment_choisir_la_couleur_de_ses_boucles_doreilles_personnalisees\" title=\"Comment choisir la couleur de ses boucles d\u2019oreilles personnalis\u00e9es\u00a0?\">Comment choisir la couleur de ses boucles d\u2019oreilles personnalis\u00e9es\u00a0?<\/a><\/li><li class='ez-toc-page-1 ez-toc-heading-level-2'><a class=\"ez-toc-link ez-toc-heading-8\" href=\"https:\/\/www.marmottine.fr\/mag\/guides\/bijoux-personnalises\/choisir\/boucles-doreilles-personnalisees\/#Peut-on_offrir_des_boucles_doreilles_personnalisees_a_une_petite_fille\" title=\"Peut-on offrir des boucles d\u2019oreilles personnalis\u00e9es \u00e0 une petite fille\u00a0?\">Peut-on offrir des boucles d\u2019oreilles personnalis\u00e9es \u00e0 une petite fille\u00a0?<\/a><\/li><\/ul><\/li><\/ul><\/nav><\/div>\n\n<figure id=\"attachment_632\" aria-describedby=\"caption-attachment-632\" style=\"width: 800px\" class=\"wp-caption alignnone\"><img loading=\"lazy\" decoding=\"async\" class=\"size-full wp-image-632\" src=\"https:\/\/www.marmottine.fr\/mag\/wp-content\/uploads\/2024\/04\/bo-personnalisables-bol1-800x800-1.jpg\" alt=\"Boucles d'oreilles \u00e0 personnaliser\" width=\"800\" height=\"800\" srcset=\"https:\/\/www.marmottine.fr\/mag\/wp-content\/uploads\/2024\/04\/bo-personnalisables-bol1-800x800-1.jpg 800w, https:\/\/www.marmottine.fr\/mag\/wp-content\/uploads\/2024\/04\/bo-personnalisables-bol1-800x800-1-300x300.jpg 300w, https:\/\/www.marmottine.fr\/mag\/wp-content\/uploads\/2024\/04\/bo-personnalisables-bol1-800x800-1-150x150.jpg 150w, https:\/\/www.marmottine.fr\/mag\/wp-content\/uploads\/2024\/04\/bo-personnalisables-bol1-800x800-1-768x768.jpg 768w\" sizes=\"(max-width: 800px) 100vw, 800px\" \/><figcaption id=\"caption-attachment-632\" class=\"wp-caption-text\">Boucles d&rsquo;oreilles \u00e0 personnaliser<\/figcaption><\/figure>\n<p>Les boucles d\u2019oreilles (BO pour les initi\u00e9s) sont des bijoux \u00e0 part enti\u00e8re. La team BO ne peut pas s\u2019en passer et elle les collectionne en fonction de son humeur, de ses tenues et des occasions. On pourrait croire que l\u2019\u00e9troitesse des boucles d\u2019oreilles rend difficile la personnalisation et pourtant elles se sont taill\u00e9 <strong><a href=\"https:\/\/www.marmottine.fr\/mag\/guides\/bijoux-personnalises\/choisir\">une place de choix parmi les formes de bijoux personnalis\u00e9s<\/a><\/strong>. Comment les customiser ? Quel mod\u00e8le choisir en fonction de son visage ? Quel m\u00e9tal privil\u00e9gier ? On vous dit tout pour bien choisir ses boucles d\u2019oreilles personnalis\u00e9es.<strong>\u00a0<\/strong><\/p>\n<h2><span class=\"ez-toc-section\" id=\"Quels_sont_les_differents_styles_de_boucles_doreilles\"><\/span>Quels sont les diff\u00e9rents styles de boucles d\u2019oreilles ?<span class=\"ez-toc-section-end\"><\/span><\/h2>\n<p>Avant de choisir des boucles d\u2019oreilles, qu\u2019elles soient personnalis\u00e9es ou pas, il est important de s\u2019assurer de leur finition. Il existe deux cat\u00e9gories de BO (Boucles d\u2019Oreilles)\u00a0: celles pour oreilles perc\u00e9es, et celles pour oreilles non perc\u00e9es, que l\u2019on fixe sur le lobe \u00e0 l\u2019aide d\u2019un clip.<\/p>\n<ol>\n<li><strong>Les boucles d\u2019oreilles pour oreilles perc\u00e9es\u00a0<\/strong>: ce sont les plus fr\u00e9quemment rencontr\u00e9es car la plupart des femmes ont les oreilles perc\u00e9es. Pratiquement toutes les formes conviennent, \u00e0 l\u2019exception des plus volumineuses, qui seraient trop lourdes et d\u00e9formeraient le lobe.<\/li>\n<li><strong>Les boucles d\u2019oreilles \u00e0 clip\u00a0: <\/strong>de plus en plus rares, ces BO concernent principalement les mod\u00e8les imposants et certains mod\u00e8les tr\u00e8s classiques pour permettre \u00e0 toutes les femmes de les porter.<\/li>\n<\/ol>\n<h2><span class=\"ez-toc-section\" id=\"Comment_personnaliser_ses_boucles_doreilles_en_fonction_de_leur_forme\"><\/span>Comment personnaliser ses boucles d\u2019oreilles en fonction de leur forme\u00a0?<span class=\"ez-toc-section-end\"><\/span><\/h2>\n<p>Une BO est un bijou petit qui peut pr\u00e9senter diff\u00e9rentes formes plus ou moins facile \u00e0 customiser.<\/p>\n<ol>\n<li><strong>Comment personnaliser des cr\u00e9oles<\/strong>: les cr\u00e9oles sont des anneaux de toutes tailles et de tous diam\u00e8tres. On note 2 mani\u00e8res de les personnaliser\u00a0: soit l\u2019anneau est aplati (comme un ruban) ce qui permet de graver des lettres sur la longueur, soit l\u2019anneau est fin et on y accroche une pampille sur laquelle on grave une initiale ou un symbole (une \u00e9toile, un c\u0153ur).<\/li>\n<li><strong>Comment personnaliser des puces d\u2019oreilles<\/strong>: comme son nom l\u2019indique, une puce d\u2019oreille est une toute petite boucle, on l\u2019appelle aussi \u00ab\u00a0clou\u00a0\u00bb, compos\u00e9e d\u2019une petite forme plate de 8 mm de diam\u00e8tre maximum pos\u00e9e sur une tige. On peut la personnaliser avec un ou deux caract\u00e8res (lettre ou symbole).<\/li>\n<li><strong>Comment personnaliser des dormeuses<\/strong>: la dormeuse est une forme de boucle d\u2019oreille ancienne que l\u2019on rencontrait beaucoup au 19eme si\u00e8cle. Il s\u2019agit une boucle en forme de crochet visible sur le devant, sur lequel pend un motif comme un m\u00e9daillon rond ou allong\u00e9. On rencontre beaucoup de cam\u00e9es en dormeuses. La surface \u00e0 graver est d\u00e9j\u00e0 plus importante, on peut donc imaginer une personnalisation plus dense comme un dessin, une empreinte, m\u00eame une photo.<\/li>\n<li><strong>Comment personnaliser des boucles d\u2019oreilles pendantes<\/strong>: cette forme de bijou se pr\u00eate moins \u00e0 la personnalisation car il s\u2019agit souvent d\u2019une cha\u00eene. Cependant, on voit des BO pendantes agr\u00e9ment\u00e9es de pastilles r\u00e9parties sur la cha\u00eene, qui peuvent \u00eatre grav\u00e9es.<\/li>\n<\/ol>\n<h2><span class=\"ez-toc-section\" id=\"Quelle_personnalisation_pour_des_boucles_doreilles_originales\"><\/span>Quelle personnalisation pour des boucles d\u2019oreilles originales\u00a0?<span class=\"ez-toc-section-end\"><\/span><\/h2>\n<p>Quand on \u00e9voque le th\u00e8me des boucles d\u2019oreilles personnalis\u00e9es, on pense spontan\u00e9ment \u00e0 une gravure. Mais, \u00e0 l\u2019instar des autres bijoux, les BO peuvent pr\u00e9senter des personnalisations tr\u00e8s originales. Parmi les tendances actuelles, notons celles-ci\u00a0:<\/p>\n<p><u>La boucle d\u2019oreille personnalis\u00e9e pr\u00e9nom<\/u>\u00a0: comme sur les colliers et bracelets du m\u00eame nom, le pr\u00e9nom est ajour\u00e9 et compose la totalit\u00e9 de la boucle, qui sera plus ou moins longue en fonction du patronyme de la personne\u00a0!<\/p>\n<p><u>La boucle d\u2019oreille personnalis\u00e9e photo<\/u>\u00a0: il s\u2019agit souvent d\u2019une dormeuse dont le pendant est une m\u00e9daille ronde ou ovale. La m\u00e9daille enferme une photo personnelle (souvent le portrait de ses enfants ou de son animal de compagnie, mais cela peut \u00eatre un paysage ou un objet f\u00e9tiche) ou bien la photo est grav\u00e9e directement sur le m\u00e9tal.<\/p>\n<p><u>La boucle d\u2019oreille personnalis\u00e9e lettre ou initiale<\/u>\u00a0: en majuscule ou minuscule, l\u2019initiale est la puce d\u2019oreille, directement fix\u00e9e sur la tige. La lettre appara\u00eet comme pos\u00e9e d\u00e9licatement sur le lobe de l\u2019oreille.<\/p>\n<p><u>La boucle d\u2019oreille martel\u00e9e<\/u>\u00a0: c\u2019est une tendance tr\u00e8s actuelle qui consiste \u00e0 marteler le m\u00e9tal, pour lui donner un aspect ethnique, artisanal et unique. Cette technique se rencontre sur toutes le formes de BO, des cr\u00e9oles aux dormeuses.<\/p>\n<h2><span class=\"ez-toc-section\" id=\"Comment_choisir_ses_boucles_doreilles_en_fonction_de_son_visage\"><\/span>Comment choisir ses boucles d\u2019oreilles en fonction de son visage\u00a0?<span class=\"ez-toc-section-end\"><\/span><\/h2>\n<p>Plus que n\u2019importe quel bijou, la boucle d\u2019oreille doit \u00eatre choisie en fonction de sa morphologie. La position de ce joyau, \u00e0 proximit\u00e9 du visage, en fait un accessoire qui peut \u00eatre un alli\u00e9, s\u2019il est bien choisi. Mais gare aux mauvais choix\u00a0!<\/p>\n<p><u>Pour un visage allong\u00e9<\/u> : on \u00e9vite les pendantes, qui accentuent la longueur, et on r\u00e9\u00e9quilibre avec des boucles d\u2019oreilles de taille moyenne. Mais attention, les puces risquent de d\u00e9s\u00e9quilibrer le tout.<\/p>\n<p><u>Pour un visage rond<\/u>\u00a0: toutes les formes de BO conviennent \u00e0 l\u2019exception des grosses boucles d\u2019oreilles volumineuses, qui ne feraient qu\u2019accentuer la rondeur. A l\u2019inverse, des boucles d\u2019oreilles pendante seront mises en valeur.<\/p>\n<p>Un visage ovale peut se permettre toutes les BO, toutes les fantaisies et toutes le formes de customisation.<\/p>\n<h2><span class=\"ez-toc-section\" id=\"Quel_metal_privilegier_pour_des_boucles_doreilles_personnalisees\"><\/span>Quel m\u00e9tal privil\u00e9gier pour des boucles d\u2019oreilles personnalis\u00e9es\u00a0?<span class=\"ez-toc-section-end\"><\/span><\/h2>\n<p>Plus que n\u2019importe quel autre bijou, les boucles d\u2019oreilles, surtout les perc\u00e9es, peuvent mal r\u00e9agir face \u00e0 une peau allergique. D\u2019autre part, pour s\u2019assurer une bonne tenue de la gravure dans le temps, mieux vaut miser sur un m\u00e9tal pr\u00e9cieux, l\u2019or ou l\u2019argent. Pour les peaux sensibles, on privil\u00e9gie <strong>l\u2019or<\/strong>. Le m\u00e9tal pr\u00e9cieux ne pr\u00e9sente aucun risque d\u2019allergie (\u00e0 part de rares exceptions). Certaines personnes ne supportent aucun autre m\u00e9tal au contact de leur oreille. Les boucles d\u2019oreilles personnalis\u00e9es en <strong>argent<\/strong> sont \u00e9galement un bon choix en terme de qualit\u00e9.<\/p>\n<p>Quant aux boucles d\u2019oreilles fantaisie \u00e0 customiser en plaqu\u00e9 or, en laiton ou en acier, elles pr\u00e9sentent deux inconv\u00e9nients\u00a0: la gravure risque de s\u2019estomper dans le temps, et ces mat\u00e9riaux peuvent pr\u00e9senter des risques d\u2019allergie pour certaines personnes. Une astuce pour les oreilles perc\u00e9es consiste \u00e0 vernir la partie en contact avec le lobe afin de d\u00e9poser un \u00e9cran entre le bijou et la peau.<\/p>\n<h2><span class=\"ez-toc-section\" id=\"Comment_choisir_la_couleur_de_ses_boucles_doreilles_personnalisees\"><\/span>Comment choisir la couleur de ses boucles d\u2019oreilles personnalis\u00e9es\u00a0?<span class=\"ez-toc-section-end\"><\/span><\/h2>\n<p>La couleur des BO fait partie de la personnalisation.<\/p>\n<p>On peut choisir la couleur des perles, que ce soit des pierres pr\u00e9cieuses, des pierres fines, des perles de culture ou des perles fantaisie.<\/p>\n<p>On peut aussi choisir la couleur de ruban, de laque, de plume, ou de tout autre accessoire qui personnalise la boucle.<\/p>\n<p>Une bonne astuce pour bien choisir la couleur de ses BO, est de les assortir \u00e0 ses yeux. Cet accessoire viendra sublimer le regard. On peut \u00e9galement matcher la couleur des BO \u00e0 ses v\u00eatements.<\/p>\n<h2><span class=\"ez-toc-section\" id=\"Peut-on_offrir_des_boucles_doreilles_personnalisees_a_une_petite_fille\"><\/span>Peut-on offrir des boucles d\u2019oreilles personnalis\u00e9es \u00e0 une petite fille\u00a0?<span class=\"ez-toc-section-end\"><\/span><\/h2>\n<p>Les fillettes ont les oreilles perc\u00e9es de plus en plus t\u00f4t, et l\u2019on trouve dans le commerce un large choix de BO pour petites filles, notamment des mod\u00e8les personnalisables. Cependant, \u00e9tant donn\u00e9 la petitesse de leurs lobes et de leurs visages, on privil\u00e9gie des mod\u00e8les de petite taille, l\u00e9gers et discrets.<\/p>\n<p>La puce d\u2019oreille pour enfant est le mod\u00e8le le plus r\u00e9pandu, sur lequel on grave un caract\u00e8re (lettre ou symbole) ou un tout petit dessin (un animal, une f\u00e9e&#8230;).<\/p>\n<p>Certaines petites cr\u00e9oles se pr\u00eatent \u00e0 la personnalisation.<\/p>\n<p>Enfin, on rencontre aussi de toutes petites pendantes au bout desquelles est attach\u00e9e une petite pampille pouvant accueillir une initiale.<\/p>\n<p>&nbsp;<\/p>\n","protected":false},"excerpt":{"rendered":"<p>Que choisir comme boucles d\u2019oreilles personnalis\u00e9es ? Les boucles d\u2019oreilles (BO pour les initi\u00e9s) sont des bijoux \u00e0 part enti\u00e8re. [&hellip;]<\/p>\n","protected":false},"author":2,"featured_media":632,"parent":205,"menu_order":2,"comment_status":"closed","ping_status":"closed","template":"","meta":{"site-sidebar-layout":"default","site-content-layout":"","ast-site-content-layout":"default","site-content-style":"default","site-sidebar-style":"default","ast-global-header-display":"","ast-banner-title-visibility":"","ast-main-header-display":"","ast-hfb-above-header-display":"","ast-hfb-below-header-display":"","ast-hfb-mobile-header-display":"","site-post-title":"","ast-breadcrumbs-content":"","ast-featured-img":"","footer-sml-layout":"","theme-transparent-header-meta":"default","adv-header-id-meta":"","stick-header-meta":"","header-above-stick-meta":"","header-main-stick-meta":"","header-below-stick-meta":"","astra-migrate-meta-layouts":"set","ast-page-background-enabled":"default","ast-page-background-meta":{"desktop":{"background-color":"var(--ast-global-color-4)","background-image":"","background-repeat":"repeat","background-position":"center center","background-size":"auto","background-attachment":"scroll","background-type":"","background-media":"","overlay-type":"","overlay-color":"","overlay-gradient":""},"tablet":{"background-color":"","background-image":"","background-repeat":"repeat","background-position":"center center","background-size":"auto","background-attachment":"scroll","background-type":"","background-media":"","overlay-type":"","overlay-color":"","overlay-gradient":""},"mobile":{"background-color":"","background-image":"","background-repeat":"repeat","background-position":"center center","background-size":"auto","background-attachment":"scroll","background-type":"","background-media":"","overlay-type":"","overlay-color":"","overlay-gradient":""}},"ast-content-background-meta":{"desktop":{"background-color":"var(--ast-global-color-5)","background-image":"","background-repeat":"repeat","background-position":"center center","background-size":"auto","background-attachment":"scroll","background-type":"","background-media":"","overlay-type":"","overlay-color":"","overlay-gradient":""},"tablet":{"background-color":"var(--ast-global-color-5)","background-image":"","background-repeat":"repeat","background-position":"center center","background-size":"auto","background-attachment":"scroll","background-type":"","background-media":"","overlay-type":"","overlay-color":"","overlay-gradient":""},"mobile":{"background-color":"var(--ast-global-color-5)","background-image":"","background-repeat":"repeat","background-position":"center center","background-size":"auto","background-attachment":"scroll","background-type":"","background-media":"","overlay-type":"","overlay-color":"","overlay-gradient":""}},"footnotes":""},"aioseo_notices":[],"_links":{"self":[{"href":"https:\/\/www.marmottine.fr\/mag\/wp-json\/wp\/v2\/pages\/210"}],"collection":[{"href":"https:\/\/www.marmottine.fr\/mag\/wp-json\/wp\/v2\/pages"}],"about":[{"href":"https:\/\/www.marmottine.fr\/mag\/wp-json\/wp\/v2\/types\/page"}],"author":[{"embeddable":true,"href":"https:\/\/www.marmottine.fr\/mag\/wp-json\/wp\/v2\/users\/2"}],"replies":[{"embeddable":true,"href":"https:\/\/www.marmottine.fr\/mag\/wp-json\/wp\/v2\/comments?post=210"}],"version-history":[{"count":3,"href":"https:\/\/www.marmottine.fr\/mag\/wp-json\/wp\/v2\/pages\/210\/revisions"}],"predecessor-version":[{"id":633,"href":"https:\/\/www.marmottine.fr\/mag\/wp-json\/wp\/v2\/pages\/210\/revisions\/633"}],"up":[{"embeddable":true,"href":"https:\/\/www.marmottine.fr\/mag\/wp-json\/wp\/v2\/pages\/205"}],"wp:featuredmedia":[{"embeddable":true,"href":"https:\/\/www.marmottine.fr\/mag\/wp-json\/wp\/v2\/media\/632"}],"wp:attachment":[{"href":"https:\/\/www.marmottine.fr\/mag\/wp-json\/wp\/v2\/media?parent=210"}],"curies":[{"name":"wp","href":"https:\/\/api.w.org\/{rel}","templated":true}]}}