{"id":208,"date":"2024-04-09T10:59:03","date_gmt":"2024-04-09T08:59:03","guid":{"rendered":"https:\/\/www.marmottine.fr\/mag\/?page_id=208"},"modified":"2024-04-09T16:25:10","modified_gmt":"2024-04-09T14:25:10","slug":"bague-personnalisee","status":"publish","type":"page","link":"https:\/\/www.marmottine.fr\/mag\/guides\/bijoux-personnalises\/choisir\/bague-personnalisee","title":{"rendered":"Que choisir comme bague personnalis\u00e9e ?"},"content":{"rendered":"<h1><span class=\"ez-toc-section\" id=\"Que_choisir_comme_bague_personnalisee\"><\/span>Que choisir comme bague personnalis\u00e9e ?<span class=\"ez-toc-section-end\"><\/span><\/h1><div id=\"ez-toc-container\" class=\"ez-toc-v2_0_69_1 counter-hierarchy ez-toc-counter ez-toc-grey ez-toc-container-direction\">\n<div class=\"ez-toc-title-container\">\n<p class=\"ez-toc-title\" style=\"cursor:inherit\">Sommaire<\/p>\n<span class=\"ez-toc-title-toggle\"><a href=\"#\" class=\"ez-toc-pull-right ez-toc-btn ez-toc-btn-xs ez-toc-btn-default ez-toc-toggle\" aria-label=\"Toggle Table of Content\"><span class=\"ez-toc-js-icon-con\"><span class=\"\"><span class=\"eztoc-hide\" style=\"display:none;\">Toggle<\/span><span class=\"ez-toc-icon-toggle-span\"><svg style=\"fill: #999;color:#999\" xmlns=\"http:\/\/www.w3.org\/2000\/svg\" class=\"list-377408\" width=\"20px\" height=\"20px\" viewBox=\"0 0 24 24\" fill=\"none\"><path d=\"M6 6H4v2h2V6zm14 0H8v2h12V6zM4 11h2v2H4v-2zm16 0H8v2h12v-2zM4 16h2v2H4v-2zm16 0H8v2h12v-2z\" fill=\"currentColor\"><\/path><\/svg><svg style=\"fill: #999;color:#999\" class=\"arrow-unsorted-368013\" xmlns=\"http:\/\/www.w3.org\/2000\/svg\" width=\"10px\" height=\"10px\" viewBox=\"0 0 24 24\" version=\"1.2\" baseProfile=\"tiny\"><path d=\"M18.2 9.3l-6.2-6.3-6.2 6.3c-.2.2-.3.4-.3.7s.1.5.3.7c.2.2.4.3.7.3h11c.3 0 .5-.1.7-.3.2-.2.3-.5.3-.7s-.1-.5-.3-.7zM5.8 14.7l6.2 6.3 6.2-6.3c.2-.2.3-.5.3-.7s-.1-.5-.3-.7c-.2-.2-.4-.3-.7-.3h-11c-.3 0-.5.1-.7.3-.2.2-.3.5-.3.7s.1.5.3.7z\"\/><\/svg><\/span><\/span><\/span><\/a><\/span><\/div>\n<nav><ul class='ez-toc-list ez-toc-list-level-1 ' ><li class='ez-toc-page-1 ez-toc-heading-level-1'><a class=\"ez-toc-link ez-toc-heading-1\" href=\"https:\/\/www.marmottine.fr\/mag\/guides\/bijoux-personnalises\/choisir\/bague-personnalisee\/#Que_choisir_comme_bague_personnalisee\" title=\"Que choisir comme bague personnalis\u00e9e ?\">Que choisir comme bague personnalis\u00e9e ?<\/a><ul class='ez-toc-list-level-2' ><li class='ez-toc-heading-level-2'><a class=\"ez-toc-link ez-toc-heading-2\" href=\"https:\/\/www.marmottine.fr\/mag\/guides\/bijoux-personnalises\/choisir\/bague-personnalisee\/#Quel_style_de_bague_personnalisee_choisir\" title=\"Quel style de bague personnalis\u00e9e choisir\u00a0?\">Quel style de bague personnalis\u00e9e choisir\u00a0?<\/a><\/li><li class='ez-toc-page-1 ez-toc-heading-level-2'><a class=\"ez-toc-link ez-toc-heading-3\" href=\"https:\/\/www.marmottine.fr\/mag\/guides\/bijoux-personnalises\/choisir\/bague-personnalisee\/#Comment_connaitre_sa_taille_de_bague_personnalisee\" title=\"Comment conna\u00eetre sa taille de bague personnalis\u00e9e\u00a0?\">Comment conna\u00eetre sa taille de bague personnalis\u00e9e\u00a0?<\/a><\/li><li class='ez-toc-page-1 ez-toc-heading-level-2'><a class=\"ez-toc-link ez-toc-heading-4\" href=\"https:\/\/www.marmottine.fr\/mag\/guides\/bijoux-personnalises\/choisir\/bague-personnalisee\/#A_quel_doigt_porter_une_bague_personnalisee\" title=\"A quel doigt porter une bague personnalis\u00e9e\u00a0?\">A quel doigt porter une bague personnalis\u00e9e\u00a0?<\/a><\/li><li class='ez-toc-page-1 ez-toc-heading-level-2'><a class=\"ez-toc-link ez-toc-heading-5\" href=\"https:\/\/www.marmottine.fr\/mag\/guides\/bijoux-personnalises\/choisir\/bague-personnalisee\/#Quelle_gravure_pour_une_bague_personnalisee\" title=\"Quelle gravure pour une bague personnalis\u00e9e\u00a0?\">Quelle gravure pour une bague personnalis\u00e9e\u00a0?<\/a><\/li><li class='ez-toc-page-1 ez-toc-heading-level-2'><a class=\"ez-toc-link ez-toc-heading-6\" href=\"https:\/\/www.marmottine.fr\/mag\/guides\/bijoux-personnalises\/choisir\/bague-personnalisee\/#Quelle_bague_personnalisee_choisir_pour_une_femme\" title=\"Quelle bague personnalis\u00e9e choisir pour une femme\u00a0?\">Quelle bague personnalis\u00e9e choisir pour une femme\u00a0?<\/a><\/li><li class='ez-toc-page-1 ez-toc-heading-level-2'><a class=\"ez-toc-link ez-toc-heading-7\" href=\"https:\/\/www.marmottine.fr\/mag\/guides\/bijoux-personnalises\/choisir\/bague-personnalisee\/#Quelle_bague_personnalisee_choisir_pour_un_homme\" title=\"Quelle bague personnalis\u00e9e choisir pour un homme\u00a0?\">Quelle bague personnalis\u00e9e choisir pour un homme\u00a0?<\/a><\/li><\/ul><\/li><\/ul><\/nav><\/div>\n\n<figure id=\"attachment_286\" aria-describedby=\"caption-attachment-286\" style=\"width: 800px\" class=\"wp-caption alignnone\"><img loading=\"lazy\" decoding=\"async\" class=\"size-full wp-image-286\" src=\"https:\/\/www.marmottine.fr\/mag\/wp-content\/uploads\/2024\/03\/alliance-jtm.jpg\" alt=\"Bague personnalis\u00e9e avec une gravure\" width=\"800\" height=\"800\" srcset=\"https:\/\/www.marmottine.fr\/mag\/wp-content\/uploads\/2024\/03\/alliance-jtm.jpg 800w, https:\/\/www.marmottine.fr\/mag\/wp-content\/uploads\/2024\/03\/alliance-jtm-300x300.jpg 300w, https:\/\/www.marmottine.fr\/mag\/wp-content\/uploads\/2024\/03\/alliance-jtm-150x150.jpg 150w, https:\/\/www.marmottine.fr\/mag\/wp-content\/uploads\/2024\/03\/alliance-jtm-768x768.jpg 768w\" sizes=\"(max-width: 800px) 100vw, 800px\" \/><figcaption id=\"caption-attachment-286\" class=\"wp-caption-text\">Bague personnalis\u00e9e avec une gravure<\/figcaption><\/figure>\n<p>La bague est un choix de plus en plus spontan\u00e9 <strong><a href=\"https:\/\/www.marmottine.fr\/mag\/guides\/bijoux-personnalises\/choisir\">d\u00e8s qu\u2019il s\u2019agit de choisir un bijou personnalis\u00e9<\/a><\/strong>. En effet, on porte cet ornement intime de mani\u00e8re tr\u00e8s codifi\u00e9e, en fonction de l\u2019occasion pour laquelle il est offert. <strong>Bague de fian\u00e7ailles<\/strong>, <strong>alliance<\/strong>, <strong>chevali\u00e8re<\/strong>, toutes les formes de bagues se pr\u00eatent \u00e0 la <strong>personnalisation<\/strong>, principalement celle de la gravure. Pour femme ou pour homme, les possibilit\u00e9s de personnalisation sont infinies gr\u00e2ce aux nouvelles techniques de gravure ultra perfectionn\u00e9es. Enfin, bien conna\u00eetre sa taille est essentiel, de m\u00eame que de d\u00e9finir \u00e0 quel doigt la <strong>bague personnalis\u00e9e<\/strong> est destin\u00e9e.<\/p>\n<h2><span class=\"ez-toc-section\" id=\"Quel_style_de_bague_personnalisee_choisir\"><\/span>Quel style de bague personnalis\u00e9e choisir\u00a0?<span class=\"ez-toc-section-end\"><\/span><\/h2>\n<p>Toutes les bagues sont personnalisables. Les techniques de personnalisation actuelles sont tellement perfectionn\u00e9es, qu\u2019il est possible de graver n\u2019importe quelle forme, m\u00eame les plus petites. Ce qui fera la diff\u00e9rence, c\u2019est le <strong>style de la bague<\/strong>.<\/p>\n<ol>\n<li><strong>Alliance personnalis\u00e9e<\/strong>: l\u2019alliance est LA bague intime par excellence, celle que l\u2019on garde toute sa vie, en permanence. Pendant longtemps, l\u2019alliance matrimoniale \u00e9tait un simple anneau en or jaune, dont l\u2019int\u00e9rieur \u00e9tait grav\u00e9 avec les pr\u00e9noms des \u00e9poux et la date de leur mariage. Aujourd\u2019hui, l\u2019alliance personnalis\u00e9e est tr\u00e8s r\u00e9pandue\u00a0: choix de la couleur, de la forme, sertissage de pierres pr\u00e9cieuses, gravure d\u2019un texte \u00e0 l\u2019ext\u00e9rieur, gravure d\u2019empreintes digitales, toutes les formes de personnalisation sont accept\u00e9es.<\/li>\n<li><strong>Chevali\u00e8re personnalis\u00e9e<\/strong>: la chevali\u00e8re est la premi\u00e8re bague historiquement personnalis\u00e9e car elle reprend les armoiries familiales des familles nobles. Pour les roturiers, elle affiche les initiales en lettres grav\u00e9es ou soud\u00e9es. Le style des chevali\u00e8res a \u00e9volu\u00e9 au fil des ann\u00e9es avec des personnalisations toujours plus imaginatives.<\/li>\n<li><strong>Bague de fian\u00e7ailles personnalis\u00e9e<\/strong>: c\u2019est la premi\u00e8re bague que l\u2019on porte fi\u00e8rement avant de l\u2019associer \u00e0 son alliance une fois le mariage c\u00e9l\u00e9br\u00e9. Longtemps repr\u00e9sent\u00e9e par un simple solitaire, la bague de fian\u00e7ailles a \u00e9volu\u00e9 au fil des ann\u00e9es pour correspondre au plus pr\u00e8s de la personnalit\u00e9 de la fianc\u00e9e. La pierre du mois offre une alternative originale \u00e0 l\u2019\u00e9ternel diamant, et il est admis de graver un message tr\u00e8s personnel \u00e0 l\u2019int\u00e9rieur, pour symboliser et immortaliser sa demande en mariage.<\/li>\n<li><strong>Bague pr\u00e9nom<\/strong>: elle fait fureur depuis quelques ann\u00e9es. A l\u2019instar du collier pr\u00e9nom et du bracelet pr\u00e9nom, la bague devient le support minimaliste de son patronyme sur un fil d\u2019or ou d\u2019argent. Selon l\u2019\u00e9criture choisie, la bague sera contemporaine, classique ou romantique.<\/li>\n<li><strong>Bague fantaisie personnalis\u00e9e<\/strong>: les marques de bijouterie fantaisie sp\u00e9cialis\u00e9es dans les bijoux personnalis\u00e9s proposent des bagues tr\u00e8s abordables en plaqu\u00e9 or avec des personnalisations inattendues, que l\u2019on doit aux techniques de gravure toujours plus performantes.<strong style=\"font-size: 16px;\">\u00a0<\/strong><\/li>\n<\/ol>\n<h2><span class=\"ez-toc-section\" id=\"Comment_connaitre_sa_taille_de_bague_personnalisee\"><\/span>Comment conna\u00eetre sa taille de bague personnalis\u00e9e\u00a0?<span class=\"ez-toc-section-end\"><\/span><\/h2>\n<p>Le principal souci avec les bagues est de conna\u00eetre le tour de doigt de la personne \u00e0 qui elle est destin\u00e9e. Pour cela, il existe diff\u00e9rentes techniques\u00a0:<\/p>\n<p><u>Rep\u00e9rer sa taille sur une bague existante<\/u>\u00a0: prendre une bague qui correspond parfaitement \u00e0 son tour de doigt et se procurer un baguier en version papier (disponible en bijouterie ou en t\u00e9l\u00e9chargement sur certains sites).<\/p>\n<p><u>Mesurer son doigt avec un ruban ou un fil\u00a0<\/u>: il suffit ensuite de mesurer la longueur obtenue sur un double d\u00e9cim\u00e8tre pour obtenir son tour de doigt. 54 mm correspond \u00e0 la taille 54.<\/p>\n<p><u>Utiliser un baguier\u00a0<\/u>: c\u2019est une sorte de bracelet compos\u00e9 d\u2019anneaux de tailles diff\u00e9rentes, du plus petit au plus grand. Il suffit de rep\u00e9rer l\u2019anneau qui convient parfaitement au doigt auquel est destin\u00e9 la bague pour conna\u00eetre sa taille.<\/p>\n<p><u>Utiliser un triboulet<\/u>\u00a0: cet outil professionnel en forme de c\u00f4ne tr\u00e8s allong\u00e9 permet de rep\u00e9rer son tour de doigt en faisant glisser sa bague jusqu\u2019\u00e0 la taille correspondante.<\/p>\n<p>Bon \u00e0 savoir\u00a0: il existe deux types de mesures de tour de doigt\u00a0: le r\u00e9f\u00e9rentiel en mm que nous utilisons en France, et la mesure anglosaxonne qui s\u2019exprime en pouces. Les tours de doigts en France vont de 40 \u00e0 80 mm.<\/p>\n<h2><span class=\"ez-toc-section\" id=\"A_quel_doigt_porter_une_bague_personnalisee\"><\/span>A quel doigt porter une bague personnalis\u00e9e\u00a0?<span class=\"ez-toc-section-end\"><\/span><\/h2>\n<p>Le port d\u2019une bague peut \u00eatre tr\u00e8s codifi\u00e9 et les bagues personnalis\u00e9es n\u2019\u00e9chappent pas \u00e0 la r\u00e8gle. En r\u00e9alit\u00e9, on peut porter une bague \u00e0 chaque doigt, et cela aura une signification particuli\u00e8re.<\/p>\n<p><u>Porter sa bague sur l\u2019annulaire<\/u>\u00a0: l\u2019annulaire gauche est le doigt sur lequel on porte son alliance, rejointe par sa bague de fian\u00e7ailles qui, elle, se porte \u00e0 l\u2019annulaire droit avant le mariage.<\/p>\n<p><u>Porter sa bague sur l\u2019auriculaire<\/u>\u00a0: on porte g\u00e9n\u00e9ralement les chevali\u00e8res au petit doigt, droit pour les femmes, gauche pour les hommes.<\/p>\n<p><u>Porter sa bague sur le pouce<\/u>\u00a0: est signe d\u2019anticonformisme, par opposition aux formes \u00ab\u00a0impos\u00e9es\u00a0\u00bb par les traditions.<\/p>\n<p><u>Porter sa bague sur l\u2019index ou sur le majeur<\/u>\u00a0: ainsi positionn\u00e9e, la bague est tr\u00e8s visible. Comme il est peut courant de porter une bague sur l\u2019un de ces doigts, c\u2019est une mani\u00e8re de mettre en exergue le bijou et d\u2019afficher son originalit\u00e9.<\/p>\n<h2><span class=\"ez-toc-section\" id=\"Quelle_gravure_pour_une_bague_personnalisee\"><\/span>Quelle gravure pour une bague personnalis\u00e9e\u00a0?<span class=\"ez-toc-section-end\"><\/span><\/h2>\n<figure id=\"attachment_287\" aria-describedby=\"caption-attachment-287\" style=\"width: 800px\" class=\"wp-caption alignnone\"><img loading=\"lazy\" decoding=\"async\" class=\"size-full wp-image-287\" src=\"https:\/\/www.marmottine.fr\/mag\/wp-content\/uploads\/2024\/03\/alliances-empreintes.jpg\" alt=\"Bague personnalis\u00e9e avec une empreinte digitale\" width=\"800\" height=\"800\" srcset=\"https:\/\/www.marmottine.fr\/mag\/wp-content\/uploads\/2024\/03\/alliances-empreintes.jpg 800w, https:\/\/www.marmottine.fr\/mag\/wp-content\/uploads\/2024\/03\/alliances-empreintes-300x300.jpg 300w, https:\/\/www.marmottine.fr\/mag\/wp-content\/uploads\/2024\/03\/alliances-empreintes-150x150.jpg 150w, https:\/\/www.marmottine.fr\/mag\/wp-content\/uploads\/2024\/03\/alliances-empreintes-768x768.jpg 768w\" sizes=\"(max-width: 800px) 100vw, 800px\" \/><figcaption id=\"caption-attachment-287\" class=\"wp-caption-text\">Bague personnalis\u00e9e avec une empreinte digitale<\/figcaption><\/figure>\n<p>On l\u2019a vu pr\u00e9c\u00e9demment, les nouvelles techniques de gravure permettent une vari\u00e9t\u00e9 infinie de personnalisation, que l\u2019on retrouve sur les bagues.<\/p>\n<p>On pense en premier \u00e0 la <strong>gravure d\u2019un pr\u00e9nom<\/strong>\u00a0: que ce soit \u00e0 l\u2019int\u00e9rieur de l\u2019anneau, ou \u00e0 l\u2019ext\u00e9rieur sur un pampille mobile,\u00a0il est possible de graver un pr\u00e9nom plus ou moins court. Sur le plateau d\u2019une chevali\u00e8re, on gravera simplement des <strong>initiales<\/strong>.<\/p>\n<p>Il est aussi possible d\u2019utiliser la technique de la <strong>photogravure<\/strong> pour reproduire une photo sur de l\u2019or ou de l\u2019argent.<\/p>\n<p>Autre tendance tr\u00e8s actuelle\u00a0: la <strong>gravure d\u2019un dessin d\u2019enfant<\/strong>. Le mod\u00e8le original est retranscrit de mani\u00e8re homoth\u00e9tique, m\u00eame sur un tout petit support, pour immortaliser les premiers dessins de ses enfants.<\/p>\n<p>Enfin, les <strong>empreintes digitales<\/strong> ou <strong>empreintes de mains<\/strong> sont parfaites pour \u00eatre grav\u00e9es sur une bague.<\/p>\n<h2><span class=\"ez-toc-section\" id=\"Quelle_bague_personnalisee_choisir_pour_une_femme\"><\/span>Quelle bague personnalis\u00e9e choisir pour une femme\u00a0?<span class=\"ez-toc-section-end\"><\/span><\/h2>\n<figure id=\"attachment_288\" aria-describedby=\"caption-attachment-288\" style=\"width: 800px\" class=\"wp-caption alignnone\"><img loading=\"lazy\" decoding=\"async\" class=\"size-full wp-image-288\" src=\"https:\/\/www.marmottine.fr\/mag\/wp-content\/uploads\/2024\/03\/bague-argent-empreintes-mai.jpg\" alt=\"Bague personnalis\u00e9e avec des empreintes de mains\" width=\"800\" height=\"800\" srcset=\"https:\/\/www.marmottine.fr\/mag\/wp-content\/uploads\/2024\/03\/bague-argent-empreintes-mai.jpg 800w, https:\/\/www.marmottine.fr\/mag\/wp-content\/uploads\/2024\/03\/bague-argent-empreintes-mai-300x300.jpg 300w, https:\/\/www.marmottine.fr\/mag\/wp-content\/uploads\/2024\/03\/bague-argent-empreintes-mai-150x150.jpg 150w, https:\/\/www.marmottine.fr\/mag\/wp-content\/uploads\/2024\/03\/bague-argent-empreintes-mai-768x768.jpg 768w\" sizes=\"(max-width: 800px) 100vw, 800px\" \/><figcaption id=\"caption-attachment-288\" class=\"wp-caption-text\">Bague personnalis\u00e9e avec des empreintes de mains<\/figcaption><\/figure>\n<p>La bague personnalis\u00e9e est une excellente id\u00e9e de cadeau pour une femme, quel que soit son style et l\u2019occasion. On r\u00e9servera la bague de fian\u00e7ailles et l\u2019alliance, bijoux en or et pierre pr\u00e9cieuse, pour la Saint Valentin et le mariage.<\/p>\n<p>Mais tous les \u00e9v\u00e9nements importants de la vie se pr\u00eatent \u00e0 offrir une bague personnalis\u00e9e, que l\u2019on choisira en fonction de <u>son style<\/u>.<\/p>\n<p>Une <strong>femme discr\u00e8te<\/strong> appr\u00e9ciera les bagues fines, \u00e0 la personnalisation minimaliste, voire cach\u00e9e.<\/p>\n<p>Une <strong>femme branch\u00e9e<\/strong> suivra la mode et sera sensible aux bagues actuelles\u00a0: chevali\u00e8res monogrammes et bagues pr\u00e9nom.<\/p>\n<p>Une <strong>maman poule<\/strong> adorera une bague personnalis\u00e9e par ses enfants avec leurs dessins, leurs empreintes ou encore leurs mots doux.<\/p>\n<h2><span class=\"ez-toc-section\" id=\"Quelle_bague_personnalisee_choisir_pour_un_homme\"><\/span>Quelle bague personnalis\u00e9e choisir pour un homme\u00a0?<span class=\"ez-toc-section-end\"><\/span><\/h2>\n<p>Les messieurs ne sont pas en reste\u00a0! Tous les mod\u00e8les de bague pour homme sont personnalisables, du moment que l\u2019on respecte le style viril et les codes de la bijouterie masculine.<\/p>\n<p>On privil\u00e9giera les <strong>grosses bagues<\/strong>\u00a0: grosses chevali\u00e8res avec les initiales en lettres soud\u00e9es ou en lettres grav\u00e9es dans une typographie moderne. Ou encore anneau XXL personnalis\u00e9 avec un message cod\u00e9 en quelques lettres.<\/p>\n<p><strong>Les alliances pour hommes<\/strong> sont de plus en plus personnalis\u00e9es avec la gravure d\u2019un texte ou d\u2019empreintes.<\/p>\n<p>La personnalisation des bagues pour homme concerne aussi le <strong>choix des mat\u00e9riaux<\/strong>\u00a0: bagues en argent, bagues en or blanc, mais aussi bagues en acier viennent enrichir l\u2019offre de bagues personnalis\u00e9s pour la gent masculine.<\/p>\n","protected":false},"excerpt":{"rendered":"<p>Que choisir comme bague personnalis\u00e9e ? La bague est un choix de plus en plus spontan\u00e9 d\u00e8s qu\u2019il s\u2019agit de [&hellip;]<\/p>\n","protected":false},"author":2,"featured_media":286,"parent":205,"menu_order":1,"comment_status":"closed","ping_status":"closed","template":"","meta":{"site-sidebar-layout":"default","site-content-layout":"","ast-site-content-layout":"default","site-content-style":"default","site-sidebar-style":"default","ast-global-header-display":"","ast-banner-title-visibility":"","ast-main-header-display":"","ast-hfb-above-header-display":"","ast-hfb-below-header-display":"","ast-hfb-mobile-header-display":"","site-post-title":"","ast-breadcrumbs-content":"","ast-featured-img":"","footer-sml-layout":"","theme-transparent-header-meta":"default","adv-header-id-meta":"","stick-header-meta":"","header-above-stick-meta":"","header-main-stick-meta":"","header-below-stick-meta":"","astra-migrate-meta-layouts":"set","ast-page-background-enabled":"default","ast-page-background-meta":{"desktop":{"background-color":"var(--ast-global-color-4)","background-image":"","background-repeat":"repeat","background-position":"center center","background-size":"auto","background-attachment":"scroll","background-type":"","background-media":"","overlay-type":"","overlay-color":"","overlay-gradient":""},"tablet":{"background-color":"","background-image":"","background-repeat":"repeat","background-position":"center center","background-size":"auto","background-attachment":"scroll","background-type":"","background-media":"","overlay-type":"","overlay-color":"","overlay-gradient":""},"mobile":{"background-color":"","background-image":"","background-repeat":"repeat","background-position":"center center","background-size":"auto","background-attachment":"scroll","background-type":"","background-media":"","overlay-type":"","overlay-color":"","overlay-gradient":""}},"ast-content-background-meta":{"desktop":{"background-color":"var(--ast-global-color-5)","background-image":"","background-repeat":"repeat","background-position":"center center","background-size":"auto","background-attachment":"scroll","background-type":"","background-media":"","overlay-type":"","overlay-color":"","overlay-gradient":""},"tablet":{"background-color":"var(--ast-global-color-5)","background-image":"","background-repeat":"repeat","background-position":"center center","background-size":"auto","background-attachment":"scroll","background-type":"","background-media":"","overlay-type":"","overlay-color":"","overlay-gradient":""},"mobile":{"background-color":"var(--ast-global-color-5)","background-image":"","background-repeat":"repeat","background-position":"center center","background-size":"auto","background-attachment":"scroll","background-type":"","background-media":"","overlay-type":"","overlay-color":"","overlay-gradient":""}},"footnotes":""},"aioseo_notices":[],"_links":{"self":[{"href":"https:\/\/www.marmottine.fr\/mag\/wp-json\/wp\/v2\/pages\/208"}],"collection":[{"href":"https:\/\/www.marmottine.fr\/mag\/wp-json\/wp\/v2\/pages"}],"about":[{"href":"https:\/\/www.marmottine.fr\/mag\/wp-json\/wp\/v2\/types\/page"}],"author":[{"embeddable":true,"href":"https:\/\/www.marmottine.fr\/mag\/wp-json\/wp\/v2\/users\/2"}],"replies":[{"embeddable":true,"href":"https:\/\/www.marmottine.fr\/mag\/wp-json\/wp\/v2\/comments?post=208"}],"version-history":[{"count":3,"href":"https:\/\/www.marmottine.fr\/mag\/wp-json\/wp\/v2\/pages\/208\/revisions"}],"predecessor-version":[{"id":579,"href":"https:\/\/www.marmottine.fr\/mag\/wp-json\/wp\/v2\/pages\/208\/revisions\/579"}],"up":[{"embeddable":true,"href":"https:\/\/www.marmottine.fr\/mag\/wp-json\/wp\/v2\/pages\/205"}],"wp:featuredmedia":[{"embeddable":true,"href":"https:\/\/www.marmottine.fr\/mag\/wp-json\/wp\/v2\/media\/286"}],"wp:attachment":[{"href":"https:\/\/www.marmottine.fr\/mag\/wp-json\/wp\/v2\/media?parent=208"}],"curies":[{"name":"wp","href":"https:\/\/api.w.org\/{rel}","templated":true}]}}