{"id":176,"date":"2024-04-05T20:49:04","date_gmt":"2024-04-05T18:49:04","guid":{"rendered":"https:\/\/www.marmottine.fr\/mag\/?page_id=176"},"modified":"2024-04-09T16:16:48","modified_gmt":"2024-04-09T14:16:48","slug":"comment-choisir-un-bijou-lettre","status":"publish","type":"page","link":"https:\/\/www.marmottine.fr\/mag\/guides\/bijoux-personnalises\/forme\/comment-choisir-un-bijou-lettre","title":{"rendered":"Comment choisir un bijou personnalis\u00e9 avec une lettre ?"},"content":{"rendered":"<h1><span class=\"ez-toc-section\" id=\"Comment_choisir_un_bijou_personnalise_avec_une_lettre\"><\/span>Comment choisir un bijou personnalis\u00e9 avec une lettre ?<span class=\"ez-toc-section-end\"><\/span><\/h1><div id=\"ez-toc-container\" class=\"ez-toc-v2_0_69_1 counter-hierarchy ez-toc-counter ez-toc-grey ez-toc-container-direction\">\n<div class=\"ez-toc-title-container\">\n<p class=\"ez-toc-title\" style=\"cursor:inherit\">Sommaire<\/p>\n<span class=\"ez-toc-title-toggle\"><a href=\"#\" class=\"ez-toc-pull-right ez-toc-btn ez-toc-btn-xs ez-toc-btn-default ez-toc-toggle\" aria-label=\"Toggle Table of Content\"><span class=\"ez-toc-js-icon-con\"><span class=\"\"><span class=\"eztoc-hide\" style=\"display:none;\">Toggle<\/span><span class=\"ez-toc-icon-toggle-span\"><svg style=\"fill: #999;color:#999\" xmlns=\"http:\/\/www.w3.org\/2000\/svg\" class=\"list-377408\" width=\"20px\" height=\"20px\" viewBox=\"0 0 24 24\" fill=\"none\"><path d=\"M6 6H4v2h2V6zm14 0H8v2h12V6zM4 11h2v2H4v-2zm16 0H8v2h12v-2zM4 16h2v2H4v-2zm16 0H8v2h12v-2z\" fill=\"currentColor\"><\/path><\/svg><svg style=\"fill: #999;color:#999\" class=\"arrow-unsorted-368013\" xmlns=\"http:\/\/www.w3.org\/2000\/svg\" width=\"10px\" height=\"10px\" viewBox=\"0 0 24 24\" version=\"1.2\" baseProfile=\"tiny\"><path d=\"M18.2 9.3l-6.2-6.3-6.2 6.3c-.2.2-.3.4-.3.7s.1.5.3.7c.2.2.4.3.7.3h11c.3 0 .5-.1.7-.3.2-.2.3-.5.3-.7s-.1-.5-.3-.7zM5.8 14.7l6.2 6.3 6.2-6.3c.2-.2.3-.5.3-.7s-.1-.5-.3-.7c-.2-.2-.4-.3-.7-.3h-11c-.3 0-.5.1-.7.3-.2.2-.3.5-.3.7s.1.5.3.7z\"\/><\/svg><\/span><\/span><\/span><\/a><\/span><\/div>\n<nav><ul class='ez-toc-list ez-toc-list-level-1 ' ><li class='ez-toc-page-1 ez-toc-heading-level-1'><a class=\"ez-toc-link ez-toc-heading-1\" href=\"https:\/\/www.marmottine.fr\/mag\/guides\/bijoux-personnalises\/forme\/comment-choisir-un-bijou-lettre\/#Comment_choisir_un_bijou_personnalise_avec_une_lettre\" title=\"Comment choisir un bijou personnalis\u00e9 avec une lettre ?\">Comment choisir un bijou personnalis\u00e9 avec une lettre ?<\/a><ul class='ez-toc-list-level-2' ><li class='ez-toc-heading-level-2'><a class=\"ez-toc-link ez-toc-heading-2\" href=\"https:\/\/www.marmottine.fr\/mag\/guides\/bijoux-personnalises\/forme\/comment-choisir-un-bijou-lettre\/#Quels_sont_les_bijoux_personnalises_avec_une_lettre\" title=\"Quels sont les bijoux personnalis\u00e9s avec une lettre\u00a0?\">Quels sont les bijoux personnalis\u00e9s avec une lettre\u00a0?<\/a><\/li><li class='ez-toc-page-1 ez-toc-heading-level-2'><a class=\"ez-toc-link ez-toc-heading-3\" href=\"https:\/\/www.marmottine.fr\/mag\/guides\/bijoux-personnalises\/forme\/comment-choisir-un-bijou-lettre\/#Quelle_lettre_choisir_pour_son_bijou\" title=\"Quelle lettre choisir pour son bijou\u00a0?\">Quelle lettre choisir pour son bijou\u00a0?<\/a><\/li><li class='ez-toc-page-1 ez-toc-heading-level-2'><a class=\"ez-toc-link ez-toc-heading-4\" href=\"https:\/\/www.marmottine.fr\/mag\/guides\/bijoux-personnalises\/forme\/comment-choisir-un-bijou-lettre\/#Quelle_forme_de_lettre_choisir\" title=\"Quelle forme de lettre choisir ?\">Quelle forme de lettre choisir ?<\/a><\/li><li class='ez-toc-page-1 ez-toc-heading-level-2'><a class=\"ez-toc-link ez-toc-heading-5\" href=\"https:\/\/www.marmottine.fr\/mag\/guides\/bijoux-personnalises\/forme\/comment-choisir-un-bijou-lettre\/#Comment_porter_un_bijou_lettre\" title=\"Comment porter un bijou lettre\u00a0?\">Comment porter un bijou lettre\u00a0?<\/a><\/li><li class='ez-toc-page-1 ez-toc-heading-level-2'><a class=\"ez-toc-link ez-toc-heading-6\" href=\"https:\/\/www.marmottine.fr\/mag\/guides\/bijoux-personnalises\/forme\/comment-choisir-un-bijou-lettre\/#Quelle_est_la_symbolique_du_collier_initiale\" title=\"Quelle est la symbolique du collier initiale\u00a0?\">Quelle est la symbolique du collier initiale\u00a0?<\/a><\/li><li class='ez-toc-page-1 ez-toc-heading-level-2'><a class=\"ez-toc-link ez-toc-heading-7\" href=\"https:\/\/www.marmottine.fr\/mag\/guides\/bijoux-personnalises\/forme\/comment-choisir-un-bijou-lettre\/#Quelle_chaine_pour_un_pendentif_lettre\" title=\"Quelle cha\u00eene pour un pendentif lettre\u00a0?\">Quelle cha\u00eene pour un pendentif lettre\u00a0?<\/a><\/li><li class='ez-toc-page-1 ez-toc-heading-level-2'><a class=\"ez-toc-link ez-toc-heading-8\" href=\"https:\/\/www.marmottine.fr\/mag\/guides\/bijoux-personnalises\/forme\/comment-choisir-un-bijou-lettre\/#A_qui_offrir_un_bijou_lettre\" title=\"A qui offrir un bijou lettre\u00a0?\">A qui offrir un bijou lettre\u00a0?<\/a><\/li><\/ul><\/li><\/ul><\/nav><\/div>\n\n<figure id=\"attachment_180\" aria-describedby=\"caption-attachment-180\" style=\"width: 800px\" class=\"wp-caption alignnone\"><img loading=\"lazy\" decoding=\"async\" class=\"size-full wp-image-180\" src=\"https:\/\/www.marmottine.fr\/mag\/wp-content\/uploads\/2024\/03\/Pendentif-lettre-ajouree.jpg\" alt=\"Pendentif lettre ajour\u00e9e\" width=\"800\" height=\"800\" srcset=\"https:\/\/www.marmottine.fr\/mag\/wp-content\/uploads\/2024\/03\/Pendentif-lettre-ajouree.jpg 800w, https:\/\/www.marmottine.fr\/mag\/wp-content\/uploads\/2024\/03\/Pendentif-lettre-ajouree-300x300.jpg 300w, https:\/\/www.marmottine.fr\/mag\/wp-content\/uploads\/2024\/03\/Pendentif-lettre-ajouree-150x150.jpg 150w, https:\/\/www.marmottine.fr\/mag\/wp-content\/uploads\/2024\/03\/Pendentif-lettre-ajouree-768x768.jpg 768w\" sizes=\"(max-width: 800px) 100vw, 800px\" \/><figcaption id=\"caption-attachment-180\" class=\"wp-caption-text\">Pendentif or jaune et lettre ajour\u00e9e<\/figcaption><\/figure>\n<p><strong><a href=\"https:\/\/www.marmottine.fr\/mag\/guides\/bijoux-personnalises\/forme\">Parmi les bijoux personnalis\u00e9s par forme<\/a><\/strong>, on retient une cat\u00e9gorie tr\u00e8s originale qui a beaucoup de succ\u00e8s actuellement\u00a0: les bijoux en forme de lettre, aussi appel\u00e9s bijoux initiales. L\u2019id\u00e9e est simple\u00a0: la lettre est fa\u00e7onn\u00e9e dans le m\u00e9tal pr\u00e9cieux et se porte en pendentif ou en bracelet. Certaines sont tr\u00e8s petites, comme des pampilles, d\u2019autres sont plus volumineuses. Tous les alphabets peuvent \u00eatres repr\u00e9sent\u00e9s, apportant ainsi une dimension culturelle, voire communautaire, au bijou. Le collier\u00a0 lettre, comme sa version bracelet, convient \u00e0 tous, hommes, femmes et enfants, car il peut prendre 1001 formes en fonction de la typographie choisie, du m\u00e9tal (argent ou or) et des finitions (pierres pr\u00e9cieuses, laque color\u00e9e, polisage\u2026).<\/p>\n<h2><span class=\"ez-toc-section\" id=\"Quels_sont_les_bijoux_personnalises_avec_une_lettre\"><\/span>Quels sont les bijoux personnalis\u00e9s avec une lettre\u00a0?<span class=\"ez-toc-section-end\"><\/span><\/h2>\n<p>Une lettre de l\u2019alphabet en pendentif ou en breloque est une jolie mani\u00e8re de personnaliser un bijou. On trouve cette forme originale principalement dans <strong>3 cat\u00e9gories de bijoux<\/strong>\u00a0:<\/p>\n<ol>\n<li><u>Le collier<\/u> avec une ou plusieurs lettres en pendentif\u00a0: on parle aussi de collier initiale.<\/li>\n<li><u>Le bracelet<\/u> avec une ou plusieurs lettres en breloques, ou en charms<\/li>\n<li><u>Les boucles d\u2019oreilles<\/u> avec une lettre unique\u00a0: la lettre forme la puce d\u2019oreille et se pose d\u00e9licatement sur le lobe<\/li>\n<li><u>Les boutons de manchettes<\/u> lettre\u00a0: seule ou en duo, les initiales en boutons de manchette offrent une belle signature \u00e0 un look f\u00e9minin ou masculin<\/li>\n<\/ol>\n<h2><span class=\"ez-toc-section\" id=\"Quelle_lettre_choisir_pour_son_bijou\"><\/span>Quelle lettre choisir pour son bijou\u00a0?<span class=\"ez-toc-section-end\"><\/span><\/h2>\n<figure id=\"attachment_181\" aria-describedby=\"caption-attachment-181\" style=\"width: 800px\" class=\"wp-caption alignnone\"><img loading=\"lazy\" decoding=\"async\" class=\"size-full wp-image-181\" src=\"https:\/\/www.marmottine.fr\/mag\/wp-content\/uploads\/2024\/03\/Pendentif-lettre-gothique.jpg\" alt=\"Pendentif lettre gothique\" width=\"800\" height=\"800\" srcset=\"https:\/\/www.marmottine.fr\/mag\/wp-content\/uploads\/2024\/03\/Pendentif-lettre-gothique.jpg 800w, https:\/\/www.marmottine.fr\/mag\/wp-content\/uploads\/2024\/03\/Pendentif-lettre-gothique-300x300.jpg 300w, https:\/\/www.marmottine.fr\/mag\/wp-content\/uploads\/2024\/03\/Pendentif-lettre-gothique-150x150.jpg 150w, https:\/\/www.marmottine.fr\/mag\/wp-content\/uploads\/2024\/03\/Pendentif-lettre-gothique-768x768.jpg 768w\" sizes=\"(max-width: 800px) 100vw, 800px\" \/><figcaption id=\"caption-attachment-181\" class=\"wp-caption-text\">Pendentif lettre gothique<\/figcaption><\/figure>\n<p>Quand on souhaite offrir un bijou personnalis\u00e9 avec une lettre, cette derni\u00e8re n\u2019est pas choisie au hasard.<\/p>\n<p><u>L\u2019initiale d\u2019un pr\u00e9nom<\/u>\u00a0: c\u2019est le choix le plus \u00e9vident, celui auquel on pense en premier. A pour Am\u00e9lie, B pour Barbara, C pour Caroline, etc\u2026 C\u2019est une mani\u00e8re discr\u00e8te de porter un bijou tr\u00e8s personnel qui \u00e9voque son identit\u00e9. On peut porter en pendentif l\u2019initiale de son pr\u00e9nom ou celle de son nom de famille. Par exemple, dans la famille Dupont, tout le monde porte un pendentif D en signe d\u2019appartenance \u00e0 la lign\u00e9e.<\/p>\n<p><u>La lettre myst\u00e8re<\/u>\u00a0: la lettre (ou 2 lettres entrelac\u00e9es) peut \u00e9voquer le pr\u00e9nom d\u2019une personne qui nous est ch\u00e8re (L\u2019initiale de son amoureux par exemple), un lieu important pour la personne qui la porte (NY pour New York), une marque (LV pour Louis Vuitton, CC pour Chanel).<\/p>\n<h2><span class=\"ez-toc-section\" id=\"Quelle_forme_de_lettre_choisir\"><\/span>Quelle forme de lettre choisir ?<span class=\"ez-toc-section-end\"><\/span><\/h2>\n<p>La bijouterie et la joaillerie se sont empar\u00e9 de cette nouvelle tendance, d\u00e9multipliant l\u2019offre. On trouve ainsi toutes les typographies possibles, classiques, anglaises, b\u00e2ton, moderne, \u00e9criture droite ou pench\u00e9e. Certaines lettres sont m\u00eame rehauss\u00e9es de strass ou de petits diamants pour un look glitter tr\u00e8s appr\u00e9ci\u00e9 par les fashionistas.<\/p>\n<ul>\n<li><strong>Le pendentif lettre<\/strong>: la lettre est le pendentif, surmont\u00e9e d\u2019une b\u00e9li\u00e8re pour pouvoir l\u2019accrocher \u00e0 une cha\u00eene.<\/li>\n<li><strong>Le charm\u2019s lettre<\/strong>: plus petit qu\u2019un pendentif, le charm\u2019s se rapproche plus de la breloque ou de la pampille, il s\u2019accroche \u00e0 n\u2019importe quel support \u00e0 l\u2019aide d\u2019un mousqueton.<\/li>\n<li><strong>La m\u00e9daille et la lettre ajour\u00e9e<\/strong>: une autre forme de bijou personnalis\u00e9 avec une lettre qui m\u00e9rite qu\u2019on s\u2019y attarde car l\u2019initiale ainsi d\u00e9tour\u00e9e ressort par transparence sur la peau avec beaucoup d\u2019\u00e9l\u00e9gance.<\/li>\n<\/ul>\n<h2><span class=\"ez-toc-section\" id=\"Comment_porter_un_bijou_lettre\"><\/span>Comment porter un bijou lettre\u00a0?<span class=\"ez-toc-section-end\"><\/span><\/h2>\n<p>Les bijoux lettres n\u2019\u00e9chappent pas \u00e0 la mode et conviennent \u00e0 plusieurs styles, auxquels on s\u2019adaptera dans la fa\u00e7on de les porter\u00a0:<\/p>\n<p><strong>Le style minimaliste<\/strong>\u00a0: la petite taille d\u2019un pendentif lettre se pr\u00eate bien \u00e0 ce style tr\u00e8s discret qui fait rage dans la bijouterie depuis plusieurs ann\u00e9es. Dans ce cas, on portera son initiale seule sur une cha\u00eene fine (type cha\u00eene for\u00e7at) en ras de cou, tout simplement, comme une signature.<\/p>\n<p><strong>Le style boh\u00e8me chic<\/strong>\u00a0: dans ce cas on portera plusieurs colliers cha\u00eenes de hauteurs diff\u00e9rentes, pour un faux effet n\u00e9glig\u00e9 savamment \u00e9tudi\u00e9. Sur l\u2019un on accrochera une seule initiale. Sur un autre on disposera plusieurs lettres pour former un mot ou un pr\u00e9nom. Les colliers se portent \u00e0 plusieurs (3-4 maximum).<\/p>\n<h2><span class=\"ez-toc-section\" id=\"Quelle_est_la_symbolique_du_collier_initiale\"><\/span>Quelle est la symbolique du collier initiale\u00a0?<span class=\"ez-toc-section-end\"><\/span><\/h2>\n<p>Le collier et sa lettre en pendentif n\u2019est pas nouveau. La lettre a m\u00eame \u00e9t\u00e9 l\u2019un des premiers th\u00e8mes de pendentif recens\u00e9 en bijouterie. Ce genre de collier n\u2019est pas un simple ornement car il <strong>d\u00e9livre un message<\/strong>. La lettre n\u2019est pas l\u00e0 que \u00ab\u00a0pour faire joli\u00a0\u00bb, elle offre toute une symbolique.<\/p>\n<ul>\n<li><u>La lettre signe votre identit\u00e9<\/u>, soit votre pr\u00e9nom, soit votre nom. D\u2019o\u00f9 le succ\u00e8s du collier initiale et du collier pr\u00e9nom. On aime porter ce signe distinctif, non ostentatoire, qui permet de se d\u00e9marquer.<\/li>\n<li><u>La lettre traduit votre appartenance \u00e0 une communaut\u00e9<\/u> si elle provient d\u2019un alphabet autre que l\u2019alphabet latin. L\u2019alphabet grec, h\u00e9breu, arabe, cyrillique, chinois peuvent \u00eatre repr\u00e9sent\u00e9s. On a m\u00eame vu des bijoux tactiles avec l\u2019alphabet braille.<\/li>\n<\/ul>\n<h2><span class=\"ez-toc-section\" id=\"Quelle_chaine_pour_un_pendentif_lettre\"><\/span>Quelle cha\u00eene pour un pendentif lettre\u00a0?<span class=\"ez-toc-section-end\"><\/span><\/h2>\n<p>Le choix de la cha\u00eene pour un collier est toujours important et il d\u00e9termine le look final du bijou. De plus, toutes les cha\u00eenes de conviendront pas aux m\u00eames pendentifs lettre.<\/p>\n<p>Pour une <strong>lettre classique<\/strong>, dans une typo traditionnelle ou anglaise, une cha\u00eene for\u00e7at sera parfaite.<\/p>\n<p>Pour un pendentif <strong>lettre moderne<\/strong>, voire original, il ne faut surtout pas h\u00e9siter \u00e0 opter pour une cha\u00eene inattendue qui sortira des sentiers battus et apportera beaucoup de cachet \u00e0 votre collier, comme une cha\u00eene avec une maille tr\u00e8s allong\u00e9e (hyper tendance actuellement).<\/p>\n<h2><span class=\"ez-toc-section\" id=\"A_qui_offrir_un_bijou_lettre\"><\/span>A qui offrir un bijou lettre\u00a0?<span class=\"ez-toc-section-end\"><\/span><\/h2>\n<figure id=\"attachment_178\" aria-describedby=\"caption-attachment-178\" style=\"width: 800px\" class=\"wp-caption alignnone\"><img loading=\"lazy\" decoding=\"async\" class=\"size-full wp-image-178\" src=\"https:\/\/www.marmottine.fr\/mag\/wp-content\/uploads\/2024\/03\/bracelet-bebe-initiale.jpg\" alt=\"Bracelet b\u00e9b\u00e9 initiale en minuscule\" width=\"800\" height=\"800\" srcset=\"https:\/\/www.marmottine.fr\/mag\/wp-content\/uploads\/2024\/03\/bracelet-bebe-initiale.jpg 800w, https:\/\/www.marmottine.fr\/mag\/wp-content\/uploads\/2024\/03\/bracelet-bebe-initiale-300x300.jpg 300w, https:\/\/www.marmottine.fr\/mag\/wp-content\/uploads\/2024\/03\/bracelet-bebe-initiale-150x150.jpg 150w, https:\/\/www.marmottine.fr\/mag\/wp-content\/uploads\/2024\/03\/bracelet-bebe-initiale-768x768.jpg 768w\" sizes=\"(max-width: 800px) 100vw, 800px\" \/><figcaption id=\"caption-attachment-178\" class=\"wp-caption-text\">Bracelet b\u00e9b\u00e9 initiale en minuscule<\/figcaption><\/figure>\n<p>On pense souvent \u00e0 tort qu\u2019un bijou personnalis\u00e9 avec une lettre est r\u00e9serv\u00e9 aux femmes. Il n\u2019en est rien\u00a0!<\/p>\n<ul>\n<li><strong>Offrez un bijou lettre \u00e0 un enfant<\/strong>: m\u00eame \u00e0 un nouveau-n\u00e9 comme cadeau de naissance\u00a0! Lui offrir un bijou avec son initiale est une belle mani\u00e8re de c\u00e9l\u00e9brer son identit\u00e9 d\u00e8s le berceau. De plus, le pendentif lettre l\u2019accompagnera toute la vie sur n\u2019importe quelle cha\u00eene de cou, en breloque pour accompagner ses futurs m\u00e9daillons.<\/li>\n<li><strong>Offrez un collier initiale \u00e0 un ado<\/strong>: ce bijou ultra tendance se pr\u00eate bien \u00e0 cette tranche d\u2019\u00e2ge o\u00f9 on veut \u00eatre \u00e0 la mode tout en se distinguant des autres. C\u2019est une id\u00e9e de cadeau id\u00e9ale pour une communion ou pour f\u00eater un anniversaire embl\u00e9matique (10 ans, 15 ans).<\/li>\n<li><strong>Offrez un bijou ou un accessoire \u00e0 un homme<\/strong> avec l\u2019initiale de son pr\u00e9nom dans une typographie moderne et masculine\u00a0: en bracelet cordon ou sur des boutons de manchettes par exemple. Vous lui offrirez une signature discr\u00e8te et tellement chic\u00a0!<\/li>\n<\/ul>\n","protected":false},"excerpt":{"rendered":"<p>Comment choisir un bijou personnalis\u00e9 avec une lettre ? Parmi les bijoux personnalis\u00e9s par forme, on retient une cat\u00e9gorie tr\u00e8s [&hellip;]<\/p>\n","protected":false},"author":2,"featured_media":180,"parent":119,"menu_order":6,"comment_status":"closed","ping_status":"closed","template":"","meta":{"site-sidebar-layout":"default","site-content-layout":"","ast-site-content-layout":"default","site-content-style":"default","site-sidebar-style":"default","ast-global-header-display":"","ast-banner-title-visibility":"","ast-main-header-display":"","ast-hfb-above-header-display":"","ast-hfb-below-header-display":"","ast-hfb-mobile-header-display":"","site-post-title":"","ast-breadcrumbs-content":"","ast-featured-img":"","footer-sml-layout":"","theme-transparent-header-meta":"default","adv-header-id-meta":"","stick-header-meta":"","header-above-stick-meta":"","header-main-stick-meta":"","header-below-stick-meta":"","astra-migrate-meta-layouts":"set","ast-page-background-enabled":"default","ast-page-background-meta":{"desktop":{"background-color":"var(--ast-global-color-4)","background-image":"","background-repeat":"repeat","background-position":"center center","background-size":"auto","background-attachment":"scroll","background-type":"","background-media":"","overlay-type":"","overlay-color":"","overlay-gradient":""},"tablet":{"background-color":"","background-image":"","background-repeat":"repeat","background-position":"center center","background-size":"auto","background-attachment":"scroll","background-type":"","background-media":"","overlay-type":"","overlay-color":"","overlay-gradient":""},"mobile":{"background-color":"","background-image":"","background-repeat":"repeat","background-position":"center center","background-size":"auto","background-attachment":"scroll","background-type":"","background-media":"","overlay-type":"","overlay-color":"","overlay-gradient":""}},"ast-content-background-meta":{"desktop":{"background-color":"var(--ast-global-color-5)","background-image":"","background-repeat":"repeat","background-position":"center center","background-size":"auto","background-attachment":"scroll","background-type":"","background-media":"","overlay-type":"","overlay-color":"","overlay-gradient":""},"tablet":{"background-color":"var(--ast-global-color-5)","background-image":"","background-repeat":"repeat","background-position":"center center","background-size":"auto","background-attachment":"scroll","background-type":"","background-media":"","overlay-type":"","overlay-color":"","overlay-gradient":""},"mobile":{"background-color":"var(--ast-global-color-5)","background-image":"","background-repeat":"repeat","background-position":"center center","background-size":"auto","background-attachment":"scroll","background-type":"","background-media":"","overlay-type":"","overlay-color":"","overlay-gradient":""}},"footnotes":""},"aioseo_notices":[],"_links":{"self":[{"href":"https:\/\/www.marmottine.fr\/mag\/wp-json\/wp\/v2\/pages\/176"}],"collection":[{"href":"https:\/\/www.marmottine.fr\/mag\/wp-json\/wp\/v2\/pages"}],"about":[{"href":"https:\/\/www.marmottine.fr\/mag\/wp-json\/wp\/v2\/types\/page"}],"author":[{"embeddable":true,"href":"https:\/\/www.marmottine.fr\/mag\/wp-json\/wp\/v2\/users\/2"}],"replies":[{"embeddable":true,"href":"https:\/\/www.marmottine.fr\/mag\/wp-json\/wp\/v2\/comments?post=176"}],"version-history":[{"count":3,"href":"https:\/\/www.marmottine.fr\/mag\/wp-json\/wp\/v2\/pages\/176\/revisions"}],"predecessor-version":[{"id":567,"href":"https:\/\/www.marmottine.fr\/mag\/wp-json\/wp\/v2\/pages\/176\/revisions\/567"}],"up":[{"embeddable":true,"href":"https:\/\/www.marmottine.fr\/mag\/wp-json\/wp\/v2\/pages\/119"}],"wp:featuredmedia":[{"embeddable":true,"href":"https:\/\/www.marmottine.fr\/mag\/wp-json\/wp\/v2\/media\/180"}],"wp:attachment":[{"href":"https:\/\/www.marmottine.fr\/mag\/wp-json\/wp\/v2\/media?parent=176"}],"curies":[{"name":"wp","href":"https:\/\/api.w.org\/{rel}","templated":true}]}}