{"id":167,"date":"2024-04-05T20:48:12","date_gmt":"2024-04-05T18:48:12","guid":{"rendered":"https:\/\/www.marmottine.fr\/mag\/?page_id=167"},"modified":"2024-04-09T16:16:13","modified_gmt":"2024-04-09T14:16:13","slug":"comment-choisir-un-bijou-etoile","status":"publish","type":"page","link":"https:\/\/www.marmottine.fr\/mag\/guides\/bijoux-personnalises\/forme\/comment-choisir-un-bijou-etoile","title":{"rendered":"Comment choisir un bijou personnalis\u00e9 \u00e9toile ?"},"content":{"rendered":"<h1><span class=\"ez-toc-section\" id=\"Comment_choisir_un_bijou_personnalise_etoile\"><\/span>Comment choisir un bijou personnalis\u00e9 \u00e9toile ?<span class=\"ez-toc-section-end\"><\/span><\/h1><div id=\"ez-toc-container\" class=\"ez-toc-v2_0_69_1 counter-hierarchy ez-toc-counter ez-toc-grey ez-toc-container-direction\">\n<div class=\"ez-toc-title-container\">\n<p class=\"ez-toc-title\" style=\"cursor:inherit\">Sommaire<\/p>\n<span class=\"ez-toc-title-toggle\"><a href=\"#\" class=\"ez-toc-pull-right ez-toc-btn ez-toc-btn-xs ez-toc-btn-default ez-toc-toggle\" aria-label=\"Toggle Table of Content\"><span class=\"ez-toc-js-icon-con\"><span class=\"\"><span class=\"eztoc-hide\" style=\"display:none;\">Toggle<\/span><span class=\"ez-toc-icon-toggle-span\"><svg style=\"fill: #999;color:#999\" xmlns=\"http:\/\/www.w3.org\/2000\/svg\" class=\"list-377408\" width=\"20px\" height=\"20px\" viewBox=\"0 0 24 24\" fill=\"none\"><path d=\"M6 6H4v2h2V6zm14 0H8v2h12V6zM4 11h2v2H4v-2zm16 0H8v2h12v-2zM4 16h2v2H4v-2zm16 0H8v2h12v-2z\" fill=\"currentColor\"><\/path><\/svg><svg style=\"fill: #999;color:#999\" class=\"arrow-unsorted-368013\" xmlns=\"http:\/\/www.w3.org\/2000\/svg\" width=\"10px\" height=\"10px\" viewBox=\"0 0 24 24\" version=\"1.2\" baseProfile=\"tiny\"><path d=\"M18.2 9.3l-6.2-6.3-6.2 6.3c-.2.2-.3.4-.3.7s.1.5.3.7c.2.2.4.3.7.3h11c.3 0 .5-.1.7-.3.2-.2.3-.5.3-.7s-.1-.5-.3-.7zM5.8 14.7l6.2 6.3 6.2-6.3c.2-.2.3-.5.3-.7s-.1-.5-.3-.7c-.2-.2-.4-.3-.7-.3h-11c-.3 0-.5.1-.7.3-.2.2-.3.5-.3.7s.1.5.3.7z\"\/><\/svg><\/span><\/span><\/span><\/a><\/span><\/div>\n<nav><ul class='ez-toc-list ez-toc-list-level-1 ' ><li class='ez-toc-page-1 ez-toc-heading-level-1'><a class=\"ez-toc-link ez-toc-heading-1\" href=\"https:\/\/www.marmottine.fr\/mag\/guides\/bijoux-personnalises\/forme\/comment-choisir-un-bijou-etoile\/#Comment_choisir_un_bijou_personnalise_etoile\" title=\"Comment choisir un bijou personnalis\u00e9 \u00e9toile ?\">Comment choisir un bijou personnalis\u00e9 \u00e9toile ?<\/a><ul class='ez-toc-list-level-2' ><li class='ez-toc-heading-level-2'><a class=\"ez-toc-link ez-toc-heading-2\" href=\"https:\/\/www.marmottine.fr\/mag\/guides\/bijoux-personnalises\/forme\/comment-choisir-un-bijou-etoile\/#Quelle_est_la_signification_de_letoile_sur_un_bijou\" title=\"Quelle est la signification de l\u2019\u00e9toile sur un bijou\u00a0?\">Quelle est la signification de l\u2019\u00e9toile sur un bijou\u00a0?<\/a><\/li><li class='ez-toc-page-1 ez-toc-heading-level-2'><a class=\"ez-toc-link ez-toc-heading-3\" href=\"https:\/\/www.marmottine.fr\/mag\/guides\/bijoux-personnalises\/forme\/comment-choisir-un-bijou-etoile\/#Quels_bijoux_peut-on_personnaliser_avec_une_etoile\" title=\"Quels bijoux peut-on personnaliser avec une \u00e9toile\u00a0?\">Quels bijoux peut-on personnaliser avec une \u00e9toile\u00a0?<\/a><\/li><li class='ez-toc-page-1 ez-toc-heading-level-2'><a class=\"ez-toc-link ez-toc-heading-4\" href=\"https:\/\/www.marmottine.fr\/mag\/guides\/bijoux-personnalises\/forme\/comment-choisir-un-bijou-etoile\/#Comment_choisir_un_bracelet_etoile_personnalise\" title=\"Comment choisir un bracelet \u00e9toile personnalis\u00e9\u00a0?\">Comment choisir un bracelet \u00e9toile personnalis\u00e9\u00a0?<\/a><\/li><li class='ez-toc-page-1 ez-toc-heading-level-2'><a class=\"ez-toc-link ez-toc-heading-5\" href=\"https:\/\/www.marmottine.fr\/mag\/guides\/bijoux-personnalises\/forme\/comment-choisir-un-bijou-etoile\/#Comment_choisir_un_pendentif_etoile_personnalise\" title=\"Comment choisir un pendentif \u00e9toile personnalis\u00e9\u00a0?\">Comment choisir un pendentif \u00e9toile personnalis\u00e9\u00a0?<\/a><\/li><li class='ez-toc-page-1 ez-toc-heading-level-2'><a class=\"ez-toc-link ez-toc-heading-6\" href=\"https:\/\/www.marmottine.fr\/mag\/guides\/bijoux-personnalises\/forme\/comment-choisir-un-bijou-etoile\/#Que_graver_sur_un_pendentif_ou_un_bracelet_etoile\" title=\"Que graver sur un pendentif ou un bracelet \u00e9toile ?\">Que graver sur un pendentif ou un bracelet \u00e9toile ?<\/a><\/li><li class='ez-toc-page-1 ez-toc-heading-level-2'><a class=\"ez-toc-link ez-toc-heading-7\" href=\"https:\/\/www.marmottine.fr\/mag\/guides\/bijoux-personnalises\/forme\/comment-choisir-un-bijou-etoile\/#A_qui_offrir_un_bijou_etoile\" title=\"A qui offrir un bijou \u00e9toile\u00a0?\">A qui offrir un bijou \u00e9toile\u00a0?<\/a><\/li><li class='ez-toc-page-1 ez-toc-heading-level-2'><a class=\"ez-toc-link ez-toc-heading-8\" href=\"https:\/\/www.marmottine.fr\/mag\/guides\/bijoux-personnalises\/forme\/comment-choisir-un-bijou-etoile\/#Quelles_marques_sont_connues_pour_leurs_bijoux_etoile\" title=\"Quelles marques sont connues pour leurs bijoux \u00e9toile\u00a0?\">Quelles marques sont connues pour leurs bijoux \u00e9toile\u00a0?<\/a><\/li><\/ul><\/li><\/ul><\/nav><\/div>\n\n<figure id=\"attachment_174\" aria-describedby=\"caption-attachment-174\" style=\"width: 800px\" class=\"wp-caption alignnone\"><img loading=\"lazy\" decoding=\"async\" class=\"size-full wp-image-174\" src=\"https:\/\/www.marmottine.fr\/mag\/wp-content\/uploads\/2024\/03\/pendentif-etoile-ajouree.jpg\" alt=\"Pendentif \u00e9toile ajour\u00e9\" width=\"800\" height=\"800\" srcset=\"https:\/\/www.marmottine.fr\/mag\/wp-content\/uploads\/2024\/03\/pendentif-etoile-ajouree.jpg 800w, https:\/\/www.marmottine.fr\/mag\/wp-content\/uploads\/2024\/03\/pendentif-etoile-ajouree-300x300.jpg 300w, https:\/\/www.marmottine.fr\/mag\/wp-content\/uploads\/2024\/03\/pendentif-etoile-ajouree-150x150.jpg 150w, https:\/\/www.marmottine.fr\/mag\/wp-content\/uploads\/2024\/03\/pendentif-etoile-ajouree-768x768.jpg 768w\" sizes=\"(max-width: 800px) 100vw, 800px\" \/><figcaption id=\"caption-attachment-174\" class=\"wp-caption-text\">Pendentif \u00e9toile ajour\u00e9<\/figcaption><\/figure>\n<p>L\u2019\u00e9toile est un symbole universel, religieux ou la\u00efque, repris dans de nombreuses cultures. On le retrouve donc sans surprise dans le <strong><a href=\"https:\/\/www.marmottine.fr\/mag\/guides\/bijoux-personnalises\/forme\">peloton de t\u00eate des bijoux personnalis\u00e9s par forme<\/a><\/strong>. En m\u00e9daille, en pendentif, en bracelet et m\u00eame en boucles d\u2019oreilles, l\u2019\u00e9toile se d\u00e9cline dans tous les m\u00e9taux m\u00eame les plus pr\u00e9cieux, elle se r\u00e9hausse de diamant pour briller de plus belle, et surtout, elle nous offre des possibilit\u00e9s infinies de personnalisation. Regardons de plus pr\u00e8s comment choisir un bijou personnalis\u00e9 en forme d\u2019\u00e9toile.<\/p>\n<h2><span class=\"ez-toc-section\" id=\"Quelle_est_la_signification_de_letoile_sur_un_bijou\"><\/span>Quelle est la signification de l\u2019\u00e9toile sur un bijou\u00a0?<span class=\"ez-toc-section-end\"><\/span><\/h2>\n<p>L\u2019\u00e9toile est un symbole universel qui peut avoir une <strong>signification <\/strong>diff\u00e9rente selon la culture ou la religion, mais aussi selon sa repr\u00e9sentation. Son succ\u00e8s fait qu\u2019on la retrouve m\u00eame en tatouage.<\/p>\n<p>Car il existe diff\u00e9rents types d\u2019\u00e9toiles\u00a0: <strong>\u00e9toile du berger<\/strong>, <strong>\u00e9toile de David<\/strong>, <strong>\u00e9toile polaire<\/strong>, <strong>\u00e9toile de mer<\/strong>,\u00a0<strong>\u00e9toile \u00e0 5 branches<\/strong>, <strong>\u00e9toile \u00e0 8 branches<\/strong>. Certains symboles sont m\u00eame repr\u00e9sent\u00e9s par une \u00e9toile comme la <strong>rose des vents<\/strong>.<\/p>\n<p>Chaque culture se l\u2019approprie en bijou comme un talisman, voire un guide spirituel.<\/p>\n<p>Dans le cas de l\u2019\u00e9toile de David et de l\u2019\u00e9toile du berger, ce sont respectivement des <strong>symboles religieux<\/strong> forts du Juda\u00efsme et de la Chr\u00e9tient\u00e9.<\/p>\n<p>L\u2019\u00e9toile de mer \u00e9voque les myst\u00e8res des fonds marins et l\u2019appel du grand large.<\/p>\n<p>Plus g\u00e9n\u00e9ralement, l\u2019\u00e9toile repr\u00e9sente un astre qui brille dans la nuit comme un ange <strong>qui veille<\/strong> sur nous. Ne dit-on pas \u00ab\u00a0avoir une bonne \u00e9toile\u00a0\u00bb, sous-entendu une force c\u00e9leste qui influence notre destin\u00e9e\u00a0?<\/p>\n<h2><span class=\"ez-toc-section\" id=\"Quels_bijoux_peut-on_personnaliser_avec_une_etoile\"><\/span>Quels bijoux peut-on personnaliser avec une \u00e9toile\u00a0?<span class=\"ez-toc-section-end\"><\/span><\/h2>\n<p>Les repr\u00e9sentations de l\u2019\u00e9toile en bijou sont infinies. On la retrouve sous toutes ses formes\u00a0: tr\u00e8s figurative ou stylis\u00e9e, na\u00efve ou sophistiqu\u00e9e. Elle se d\u00e9cline dans tous les mat\u00e9riaux, des plus bons march\u00e9s (r\u00e9sine, bak\u00e9lite, bois, plexis, acier, plaqu\u00e9 or) aux m\u00e9taux pr\u00e9cieux (argent, or jaune, or blanc et m\u00eame or rose).<\/p>\n<p>Tous les bijoux peuvent \u00eatre personnalis\u00e9s avec une \u00e9toile\u00a0:<\/p>\n<ul>\n<li>Un <strong>bracelet<\/strong> cordon ou cha\u00eene avec un m\u00e9daillon central \u00e9toile \u00e0 graver<\/li>\n<li>Un <strong>pendentif<\/strong> ou une <strong>m\u00e9daille<\/strong> en forme d\u2019\u00e9toile, plus ou moins grande, ajour\u00e9e ou pleine pour pouvoir graver un message<\/li>\n<li>Des <strong>boucles d\u2019oreilles<\/strong> \u00e9toiles\u00a0: en puce d\u2019oreille, en pendante ou en dormeuse, l\u2019\u00e9toile se pose d\u00e9licatement sur le lobe ou accompagne joyeusement les mouvements de la t\u00eate<\/li>\n<li>Une <strong>bague<\/strong> rehauss\u00e9e d\u2019une \u00e9toile sera du plus bel effet\u00a0: une bague minimaliste compos\u00e9e d\u2019un anneau fin surmont\u00e9 d\u2019une petite \u00e9toile ou une grosse bague type chevali\u00e8re au plateau imposant en forme d\u2019\u00e9toile.<\/li>\n<\/ul>\n<p>Dans certains cas, la personnalisation vient de l\u2019ajout d\u2019une \u00e9toile en breloque ou en pampille. Dans d\u2019autres cas, c\u2019est l\u2019\u00e9toile qui est personnalisable par une gravure.<\/p>\n<h2><span class=\"ez-toc-section\" id=\"Comment_choisir_un_bracelet_etoile_personnalise\"><\/span>Comment choisir un bracelet \u00e9toile personnalis\u00e9\u00a0?<span class=\"ez-toc-section-end\"><\/span><\/h2>\n<p>Une \u00e9toile pr\u00e9cieuse vient joliment agr\u00e9menter le plus classique des bracelets, qu\u2019il soit en plaqu\u00e9 or, en argent ou en or\u00a0!<\/p>\n<p><u>Sur un bracelet cordon<\/u>\u00a0: en m\u00e9daillon central sur le dessus du poignet, le m\u00e9daillon en forme d\u2019\u00e9toile peut se porter tel quel ou accueillir une gravure tel un pr\u00e9nom, un mot ou un court message.<\/p>\n<p><u>Sur un bracelet cha\u00eene<\/u>\u00a0: selon le m\u00eame principe d\u00e9crit plus haut, l\u2019\u00e9toile peut \u00eatre le m\u00e9daillon principal du bracelet. Mais elle peut aussi venir personnaliser le bracelet en pampille accroch\u00e9e sur la cha\u00eene.<\/p>\n<p><u>Sur un bracelet jonc<\/u>\u00a0:\u00a0 les joncs, ces bracelets rigides ouverts ou ferm\u00e9s, sont redevenus tr\u00e8s tendance et on les personnalise \u00e0 l\u2019envi. On trouve ainsi des joncs orn\u00e9s d\u2019une \u00e9toile fixe sur le dessus. D\u2019autres agr\u00e9ment\u00e9s d\u2019une \u00e9toile mobile en breloque.<\/p>\n<h2><span class=\"ez-toc-section\" id=\"Comment_choisir_un_pendentif_etoile_personnalise\"><\/span>Comment choisir un pendentif \u00e9toile personnalis\u00e9\u00a0?<span class=\"ez-toc-section-end\"><\/span><\/h2>\n<figure id=\"attachment_173\" aria-describedby=\"caption-attachment-173\" style=\"width: 800px\" class=\"wp-caption alignnone\"><img loading=\"lazy\" decoding=\"async\" class=\"size-full wp-image-173\" src=\"https:\/\/www.marmottine.fr\/mag\/wp-content\/uploads\/2024\/03\/pendentif-etoile-a-graver.jpg\" alt=\"Pendentif \u00e9toile personnalis\u00e9\" width=\"800\" height=\"800\" srcset=\"https:\/\/www.marmottine.fr\/mag\/wp-content\/uploads\/2024\/03\/pendentif-etoile-a-graver.jpg 800w, https:\/\/www.marmottine.fr\/mag\/wp-content\/uploads\/2024\/03\/pendentif-etoile-a-graver-300x300.jpg 300w, https:\/\/www.marmottine.fr\/mag\/wp-content\/uploads\/2024\/03\/pendentif-etoile-a-graver-150x150.jpg 150w, https:\/\/www.marmottine.fr\/mag\/wp-content\/uploads\/2024\/03\/pendentif-etoile-a-graver-768x768.jpg 768w\" sizes=\"(max-width: 800px) 100vw, 800px\" \/><figcaption id=\"caption-attachment-173\" class=\"wp-caption-text\">Pendentif \u00e9toile personnalis\u00e9 avec un pr\u00e9nom<\/figcaption><\/figure>\n<p>Le pendentif en forme d\u2019\u00e9toile est un bijou que l\u2019on rencontre fr\u00e9quemment en bijouterie\u00a0; en fonction de la repr\u00e9sentation de l\u2019astre et de la personnalisation, le pendentif aura une signification plus ou moins religieuse.<\/p>\n<ul>\n<li><strong>Un pendentif \u00e9toile de David personnalis\u00e9<\/strong>: symbole du juda\u00efsme, l\u2019\u00e9toile de David en pendentif est un incontournable pour les personnes de confession juive. Cette \u00e9toile \u00e0 6 branches compos\u00e9e de deux triangles invers\u00e9s peut \u00eatre pleine ou ajour\u00e9e. Dans sa version m\u00e9daille, on pourra graver le pr\u00e9nom de son porteur et une date (date de naissance ou date de Bar Mitsvah).<\/li>\n<li><strong>Un pendentif \u00e9toile en plaqu\u00e9 or<\/strong>: star des bijoux personnalis\u00e9s fantaisie, on le retrouve en petit, moyen et grand mod\u00e8le. Il est possible de le graver au recto et au verso.<\/li>\n<li><strong>Un pendentif \u00e9toile en or<\/strong>: en or jaune ou en or blanc, un pendentif \u00e9toile en or est une id\u00e9e de cadeau pr\u00e9cieux que l\u2019on r\u00e9serve aux grandes occasions comme un bapt\u00eame, une communion, un anniversaire embl\u00e9matique, ou un \u00e9v\u00e9nement important dans la vie.<\/li>\n<li><strong>Un pendentif \u00e9toile avec diamant<\/strong>: de nombreux mod\u00e8les de pendentifs \u00e9toiles \u00e0 personnaliser sont rehauss\u00e9s d\u2019un ou plusieurs diamants. Ce d\u00e9tail met en \u00e9vidence le caract\u00e8re scintillant de l\u2019astre et apporte une touche glitter tr\u00e8s appr\u00e9ci\u00e9e par les filles.<\/li>\n<\/ul>\n<h2><span class=\"ez-toc-section\" id=\"Que_graver_sur_un_pendentif_ou_un_bracelet_etoile\"><\/span>Que graver sur un pendentif ou un bracelet \u00e9toile ?<span class=\"ez-toc-section-end\"><\/span><\/h2>\n<p>Comme pour tous les bijoux personnalis\u00e9s, l\u2019\u00e9toile se pr\u00eate \u00e0 toutes sortes de personnalisation mais la plus courant est la gravure. Les diff\u00e9rentes techniques de gravure laser et de gravure diamant, combin\u00e9es aux logiciels de Gravure Assist\u00e9e par Ordinateur (GAO) ultra perfectionn\u00e9s, nous offre des possibilit\u00e9s infinies.<\/p>\n<ul>\n<li><strong><u>Personnaliser son bijou \u00e9toile avec la gravure d\u2019un texte\u00a0<\/u><\/strong>: un pr\u00e9nom, une date, un mot doux, un message, on laisse libre court \u00e0 son imagination\u00a0! Certains textes se pr\u00eatent plus que d\u2019autres \u00e0 la th\u00e9matique de l\u2019\u00e9toile\u00a0: le pr\u00e9nom <em>Stella<\/em>, le mot <em>Star, <\/em>ou un court message comme <em>ma petite \u00e9toile, tu es mon \u00e9toile, tu brilles dans nos coeurs<\/em>.<\/li>\n<li><strong><u>Personnaliser son bijou \u00e9toile avec la gravure d\u2019un dessin<\/u><\/strong>: on l\u2019a vu dans ce dossier sur les bijoux personnalis\u00e9s, la gravure de dessins est de plus en plus fr\u00e9quente. La forme de l\u2019\u00e9toile se pr\u00eate particuli\u00e8rement \u00e0 cette forme de personnalisation.<\/li>\n<\/ul>\n<h2><span class=\"ez-toc-section\" id=\"A_qui_offrir_un_bijou_etoile\"><\/span>A qui offrir un bijou \u00e9toile\u00a0?<span class=\"ez-toc-section-end\"><\/span><\/h2>\n<figure id=\"attachment_363\" aria-describedby=\"caption-attachment-363\" style=\"width: 800px\" class=\"wp-caption alignnone\"><img loading=\"lazy\" decoding=\"async\" class=\"size-full wp-image-363\" src=\"https:\/\/www.marmottine.fr\/mag\/wp-content\/uploads\/2024\/03\/bracelet-etoile.jpg\" alt=\"bracelet \u00e9toile\" width=\"800\" height=\"800\" srcset=\"https:\/\/www.marmottine.fr\/mag\/wp-content\/uploads\/2024\/03\/bracelet-etoile.jpg 800w, https:\/\/www.marmottine.fr\/mag\/wp-content\/uploads\/2024\/03\/bracelet-etoile-300x300.jpg 300w, https:\/\/www.marmottine.fr\/mag\/wp-content\/uploads\/2024\/03\/bracelet-etoile-150x150.jpg 150w, https:\/\/www.marmottine.fr\/mag\/wp-content\/uploads\/2024\/03\/bracelet-etoile-768x768.jpg 768w\" sizes=\"(max-width: 800px) 100vw, 800px\" \/><figcaption id=\"caption-attachment-363\" class=\"wp-caption-text\">bracelet \u00e9toile<\/figcaption><\/figure>\n<p>L\u2019\u00e9toile est un th\u00e8me tellement universel qu\u2019il convient \u00e0 tous, petits et grands, hommes, femmes et enfants. On adaptera juste la taille du sujet \u00e0 son destinataire.<\/p>\n<p>Un bijou \u00e9toile pour un enfant\u00a0: \u00e0 l\u2019occasion d\u2019une naissance, d\u2019un bapt\u00eame ou d\u2019une communion, l\u2019\u00e9toile est le sujet id\u00e9al pour offrir un bijou personnalis\u00e9. Il peut \u00eatre per\u00e7u comme symbole religieux ou la\u00efque, il se porte facilement sans \u00eatre ostentatoire.<\/p>\n<p>Un bijou \u00e9toile pour une femme\u00a0: c\u2019est l\u2019id\u00e9al pour lui montrer l\u2019affection et la bienveillance qu\u2019on lui porte. En lui offrant un tel bijou, on lui souhaite que l\u2019\u00e9toile veille sur elle comme un porte-bonheur.<\/p>\n<p>Un bijou \u00e9toile pour un homme\u00a0: ces messieurs porteront plus facilement une \u00e9toile stylis\u00e9e, en or blanc ou en argent.<\/p>\n<h2><span class=\"ez-toc-section\" id=\"Quelles_marques_sont_connues_pour_leurs_bijoux_etoile\"><\/span>Quelles marques sont connues pour leurs bijoux \u00e9toile\u00a0?<span class=\"ez-toc-section-end\"><\/span><\/h2>\n<p>On retrouve le symbole de l\u2019\u00e9toile en bijouterie, dans absolument toutes les collections. Parmi les marques de bijoux qui se sont faites remarquer pour leurs collections sur le th\u00e8me de l\u2019\u00e9toile, notons\u00a0:<\/p>\n<p>En bijouterie fantaisie, Pandora et ses in\u00e9vitables bracelets charm\u2019s, notamment son bracelet \u00e9toile, ZAG et ses petits bijoux bon march\u00e9, Swarovski et ses bijoux en cristal de couleur en forme d\u2019\u00e9toile.<\/p>\n<p>En joaillerie, Mauboussin et sa c\u00e9l\u00e8bre \u00e9toile devenue sa signature, Arthus Bertrand, ou encore Gigi Clozeau.<\/p>\n","protected":false},"excerpt":{"rendered":"<p>Comment choisir un bijou personnalis\u00e9 \u00e9toile ? L\u2019\u00e9toile est un symbole universel, religieux ou la\u00efque, repris dans de nombreuses cultures. [&hellip;]<\/p>\n","protected":false},"author":2,"featured_media":173,"parent":119,"menu_order":5,"comment_status":"closed","ping_status":"closed","template":"","meta":{"site-sidebar-layout":"default","site-content-layout":"","ast-site-content-layout":"default","site-content-style":"default","site-sidebar-style":"default","ast-global-header-display":"","ast-banner-title-visibility":"","ast-main-header-display":"","ast-hfb-above-header-display":"","ast-hfb-below-header-display":"","ast-hfb-mobile-header-display":"","site-post-title":"","ast-breadcrumbs-content":"","ast-featured-img":"","footer-sml-layout":"","theme-transparent-header-meta":"default","adv-header-id-meta":"","stick-header-meta":"","header-above-stick-meta":"","header-main-stick-meta":"","header-below-stick-meta":"","astra-migrate-meta-layouts":"set","ast-page-background-enabled":"default","ast-page-background-meta":{"desktop":{"background-color":"var(--ast-global-color-4)","background-image":"","background-repeat":"repeat","background-position":"center center","background-size":"auto","background-attachment":"scroll","background-type":"","background-media":"","overlay-type":"","overlay-color":"","overlay-gradient":""},"tablet":{"background-color":"","background-image":"","background-repeat":"repeat","background-position":"center center","background-size":"auto","background-attachment":"scroll","background-type":"","background-media":"","overlay-type":"","overlay-color":"","overlay-gradient":""},"mobile":{"background-color":"","background-image":"","background-repeat":"repeat","background-position":"center center","background-size":"auto","background-attachment":"scroll","background-type":"","background-media":"","overlay-type":"","overlay-color":"","overlay-gradient":""}},"ast-content-background-meta":{"desktop":{"background-color":"var(--ast-global-color-5)","background-image":"","background-repeat":"repeat","background-position":"center center","background-size":"auto","background-attachment":"scroll","background-type":"","background-media":"","overlay-type":"","overlay-color":"","overlay-gradient":""},"tablet":{"background-color":"var(--ast-global-color-5)","background-image":"","background-repeat":"repeat","background-position":"center center","background-size":"auto","background-attachment":"scroll","background-type":"","background-media":"","overlay-type":"","overlay-color":"","overlay-gradient":""},"mobile":{"background-color":"var(--ast-global-color-5)","background-image":"","background-repeat":"repeat","background-position":"center center","background-size":"auto","background-attachment":"scroll","background-type":"","background-media":"","overlay-type":"","overlay-color":"","overlay-gradient":""}},"footnotes":""},"aioseo_notices":[],"_links":{"self":[{"href":"https:\/\/www.marmottine.fr\/mag\/wp-json\/wp\/v2\/pages\/167"}],"collection":[{"href":"https:\/\/www.marmottine.fr\/mag\/wp-json\/wp\/v2\/pages"}],"about":[{"href":"https:\/\/www.marmottine.fr\/mag\/wp-json\/wp\/v2\/types\/page"}],"author":[{"embeddable":true,"href":"https:\/\/www.marmottine.fr\/mag\/wp-json\/wp\/v2\/users\/2"}],"replies":[{"embeddable":true,"href":"https:\/\/www.marmottine.fr\/mag\/wp-json\/wp\/v2\/comments?post=167"}],"version-history":[{"count":4,"href":"https:\/\/www.marmottine.fr\/mag\/wp-json\/wp\/v2\/pages\/167\/revisions"}],"predecessor-version":[{"id":566,"href":"https:\/\/www.marmottine.fr\/mag\/wp-json\/wp\/v2\/pages\/167\/revisions\/566"}],"up":[{"embeddable":true,"href":"https:\/\/www.marmottine.fr\/mag\/wp-json\/wp\/v2\/pages\/119"}],"wp:featuredmedia":[{"embeddable":true,"href":"https:\/\/www.marmottine.fr\/mag\/wp-json\/wp\/v2\/media\/173"}],"wp:attachment":[{"href":"https:\/\/www.marmottine.fr\/mag\/wp-json\/wp\/v2\/media?parent=167"}],"curies":[{"name":"wp","href":"https:\/\/api.w.org\/{rel}","templated":true}]}}