{"id":142,"date":"2024-03-28T16:45:35","date_gmt":"2024-03-28T15:45:35","guid":{"rendered":"https:\/\/www.marmottine.fr\/mag\/?page_id=142"},"modified":"2024-04-09T16:14:05","modified_gmt":"2024-04-09T14:14:05","slug":"coeur","status":"publish","type":"page","link":"https:\/\/www.marmottine.fr\/mag\/guides\/bijoux-personnalises\/forme\/coeur","title":{"rendered":"Comment choisir un bijou personnalis\u00e9 coeur ?"},"content":{"rendered":"<h1><span class=\"ez-toc-section\" id=\"Comment_choisir_un_bijou_personnalise_coeur\"><\/span>Comment choisir un bijou personnalis\u00e9 coeur\u00a0?<span class=\"ez-toc-section-end\"><\/span><\/h1><div id=\"ez-toc-container\" class=\"ez-toc-v2_0_69_1 counter-hierarchy ez-toc-counter ez-toc-grey ez-toc-container-direction\">\n<div class=\"ez-toc-title-container\">\n<p class=\"ez-toc-title\" style=\"cursor:inherit\">Sommaire<\/p>\n<span class=\"ez-toc-title-toggle\"><a href=\"#\" class=\"ez-toc-pull-right ez-toc-btn ez-toc-btn-xs ez-toc-btn-default ez-toc-toggle\" aria-label=\"Toggle Table of Content\"><span class=\"ez-toc-js-icon-con\"><span class=\"\"><span class=\"eztoc-hide\" style=\"display:none;\">Toggle<\/span><span class=\"ez-toc-icon-toggle-span\"><svg style=\"fill: #999;color:#999\" xmlns=\"http:\/\/www.w3.org\/2000\/svg\" class=\"list-377408\" width=\"20px\" height=\"20px\" viewBox=\"0 0 24 24\" fill=\"none\"><path d=\"M6 6H4v2h2V6zm14 0H8v2h12V6zM4 11h2v2H4v-2zm16 0H8v2h12v-2zM4 16h2v2H4v-2zm16 0H8v2h12v-2z\" fill=\"currentColor\"><\/path><\/svg><svg style=\"fill: #999;color:#999\" class=\"arrow-unsorted-368013\" xmlns=\"http:\/\/www.w3.org\/2000\/svg\" width=\"10px\" height=\"10px\" viewBox=\"0 0 24 24\" version=\"1.2\" baseProfile=\"tiny\"><path d=\"M18.2 9.3l-6.2-6.3-6.2 6.3c-.2.2-.3.4-.3.7s.1.5.3.7c.2.2.4.3.7.3h11c.3 0 .5-.1.7-.3.2-.2.3-.5.3-.7s-.1-.5-.3-.7zM5.8 14.7l6.2 6.3 6.2-6.3c.2-.2.3-.5.3-.7s-.1-.5-.3-.7c-.2-.2-.4-.3-.7-.3h-11c-.3 0-.5.1-.7.3-.2.2-.3.5-.3.7s.1.5.3.7z\"\/><\/svg><\/span><\/span><\/span><\/a><\/span><\/div>\n<nav><ul class='ez-toc-list ez-toc-list-level-1 ' ><li class='ez-toc-page-1 ez-toc-heading-level-1'><a class=\"ez-toc-link ez-toc-heading-1\" href=\"https:\/\/www.marmottine.fr\/mag\/guides\/bijoux-personnalises\/forme\/coeur\/#Comment_choisir_un_bijou_personnalise_coeur\" title=\"Comment choisir un bijou personnalis\u00e9 coeur\u00a0?\">Comment choisir un bijou personnalis\u00e9 coeur\u00a0?<\/a><ul class='ez-toc-list-level-2' ><li class='ez-toc-heading-level-2'><a class=\"ez-toc-link ez-toc-heading-2\" href=\"https:\/\/www.marmottine.fr\/mag\/guides\/bijoux-personnalises\/forme\/coeur\/#Quelle_est_la_symbolique_dun_bijou_en_forme_de_coeur\" title=\"Quelle est la symbolique d\u2019un bijou en forme de c\u0153ur\u00a0?\">Quelle est la symbolique d\u2019un bijou en forme de c\u0153ur\u00a0?<\/a><\/li><li class='ez-toc-page-1 ez-toc-heading-level-2'><a class=\"ez-toc-link ez-toc-heading-3\" href=\"https:\/\/www.marmottine.fr\/mag\/guides\/bijoux-personnalises\/forme\/coeur\/#A_qui_sadresse_un_bijou_en_forme_de_coeur\" title=\"A qui s\u2019adresse un bijou en forme de c\u0153ur\u00a0?\">A qui s\u2019adresse un bijou en forme de c\u0153ur\u00a0?<\/a><\/li><li class='ez-toc-page-1 ez-toc-heading-level-2'><a class=\"ez-toc-link ez-toc-heading-4\" href=\"https:\/\/www.marmottine.fr\/mag\/guides\/bijoux-personnalises\/forme\/coeur\/#Quelles_sont_les_differentes_formes_de_bijoux_coeur\" title=\"Quelles sont les diff\u00e9rentes formes de bijoux c\u0153ur\u00a0?\">Quelles sont les diff\u00e9rentes formes de bijoux c\u0153ur\u00a0?<\/a><\/li><li class='ez-toc-page-1 ez-toc-heading-level-2'><a class=\"ez-toc-link ez-toc-heading-5\" href=\"https:\/\/www.marmottine.fr\/mag\/guides\/bijoux-personnalises\/forme\/coeur\/#_La_Saint_Valentin_moment_phare_pour_offrir_un_bijou_coeur\" title=\"\u00a0La Saint Valentin, moment phare pour offrir un bijou c\u0153ur\">\u00a0La Saint Valentin, moment phare pour offrir un bijou c\u0153ur<\/a><\/li><li class='ez-toc-page-1 ez-toc-heading-level-2'><a class=\"ez-toc-link ez-toc-heading-6\" href=\"https:\/\/www.marmottine.fr\/mag\/guides\/bijoux-personnalises\/forme\/coeur\/#Comment_personnaliser_un_pendentif_coeur\" title=\"Comment personnaliser un pendentif c\u0153ur\u00a0?\">Comment personnaliser un pendentif c\u0153ur\u00a0?<\/a><\/li><li class='ez-toc-page-1 ez-toc-heading-level-2'><a class=\"ez-toc-link ez-toc-heading-7\" href=\"https:\/\/www.marmottine.fr\/mag\/guides\/bijoux-personnalises\/forme\/coeur\/#Comment_choisir_un_bracelet_coeur_personnalise\" title=\"Comment choisir un bracelet c\u0153ur personnalis\u00e9\u00a0?\">Comment choisir un bracelet c\u0153ur personnalis\u00e9\u00a0?<\/a><\/li><li class='ez-toc-page-1 ez-toc-heading-level-2'><a class=\"ez-toc-link ez-toc-heading-8\" href=\"https:\/\/www.marmottine.fr\/mag\/guides\/bijoux-personnalises\/forme\/coeur\/#Comment_personnaliser_un_bijou_coeur_avec_une_photo\" title=\"Comment personnaliser un bijou c\u0153ur avec une photo\u00a0?\">Comment personnaliser un bijou c\u0153ur avec une photo\u00a0?<\/a><\/li><\/ul><\/li><\/ul><\/nav><\/div>\n\n<figure id=\"attachment_146\" aria-describedby=\"caption-attachment-146\" style=\"width: 800px\" class=\"wp-caption alignnone\"><img loading=\"lazy\" decoding=\"async\" class=\"wp-image-146 size-full\" src=\"https:\/\/www.marmottine.fr\/mag\/wp-content\/uploads\/2024\/03\/medaille-coeur-grave.jpg\" alt=\"Collier coeur personnalis\u00e9\" width=\"800\" height=\"800\" srcset=\"https:\/\/www.marmottine.fr\/mag\/wp-content\/uploads\/2024\/03\/medaille-coeur-grave.jpg 800w, https:\/\/www.marmottine.fr\/mag\/wp-content\/uploads\/2024\/03\/medaille-coeur-grave-300x300.jpg 300w, https:\/\/www.marmottine.fr\/mag\/wp-content\/uploads\/2024\/03\/medaille-coeur-grave-150x150.jpg 150w, https:\/\/www.marmottine.fr\/mag\/wp-content\/uploads\/2024\/03\/medaille-coeur-grave-768x768.jpg 768w\" sizes=\"(max-width: 800px) 100vw, 800px\" \/><figcaption id=\"caption-attachment-146\" class=\"wp-caption-text\">Collier coeur personnalis\u00e9<\/figcaption><\/figure>\n<p>Depuis toujours, le c\u0153ur symbolise l\u2019amour. Il est donc logique de le retrouver en bijouterie, sous toutes ses formes\u00a0: petit, grand, plein, bomb\u00e9, ajour\u00e9, serti de pierres pr\u00e9cieuses, en collier, en bracelet, en pendentif, en charms ou en boucles d\u2019oreilles\u2026 de tous les bijoux personnalis\u00e9s par forme, ceux repr\u00e9sentant un c\u0153ur sont certainement les plus nombreux car les plus facile \u00e0 offrir en toute occasion. C\u0153ur grav\u00e9 ou c\u0153ur personnalis\u00e9, on vous dit tout sur <strong><a href=\"https:\/\/www.marmottine.fr\/mag\/guides\/bijoux-personnalises\/forme\">cette forme de bijou pas comme les autres<\/a><\/strong>.<\/p>\n<h2><span class=\"ez-toc-section\" id=\"Quelle_est_la_symbolique_dun_bijou_en_forme_de_coeur\"><\/span>Quelle est la symbolique d\u2019un bijou en forme de c\u0153ur\u00a0?<span class=\"ez-toc-section-end\"><\/span><\/h2>\n<p>Le c\u0153ur symbolise l\u2019amour sous toutes ses formes\u00a0: celui qui unit deux personnes, comme celui qui unit une famille. Voil\u00e0 pourquoi on retrouve ce symbole en bijouterie sur tous types de mod\u00e8les.<\/p>\n<p><u>Un bijou c\u0153ur pour symboliser l\u2019amour<\/u>\u00a0: m\u00eame si c\u2019est un peu clich\u00e9, les amoureux s\u2019offrent facilement un pendentif ou un collier en forme de c\u0153ur, avec leurs deux pr\u00e9noms grav\u00e9s, ou la date de leur rencontre. Le c\u0153ur est le motif le plus romantique qui soit, et jusqu\u2019\u00e0 ce jour le symbole le plus utilis\u00e9 en bijouterie pour manifester son amour.<\/p>\n<p><u>Un bijou c\u0153ur pour symboliser l\u2019union familiale<\/u>\u00a0: le c\u0153ur, c\u2019est aussi l\u2019amour qui unit les membres d\u2019une famille. Pour une maman ou une grand-m\u00e8re, offrir un bijou personnalis\u00e9 c\u0153ur est une mani\u00e8re d\u2019associer les membres de sa tribu \u00e0 l\u2019amour qu\u2019on lui porte.<\/p>\n<p><u>Un bijou c\u0153ur pour transmettre sa tendresse<\/u>\u00a0: notamment envers un petit enfant. A l\u2019occasion d\u2019une naissance, on n\u2019h\u00e9site pas \u00e0 offrir un petit bijou c\u0153ur pour montrer toute l\u2019affection qu\u2019on porte au b\u00e9b\u00e9 et tout le bonheur qu\u2019on lui souhaite.<\/p>\n<p><u>Un bijou c\u0153ur pour sceller une amiti\u00e9 sinc\u00e8re<\/u>\u00a0: le c\u0153ur est le symbole de l\u2019amour mais aussi de l\u2019amiti\u00e9, le collier \u00ab\u00a0best friend\u00a0\u00bb est l\u00e0 pour l\u2019attester.<\/p>\n<h2><span class=\"ez-toc-section\" id=\"A_qui_sadresse_un_bijou_en_forme_de_coeur\"><\/span>A qui s\u2019adresse un bijou en forme de c\u0153ur\u00a0?<span class=\"ez-toc-section-end\"><\/span><\/h2>\n<p>L\u2019int\u00e9r\u00eat d\u2019un bijou en forme de c\u0153ur est qu\u2019il s\u2019adresse \u00e0 tous, grands romantiques ou pas.<\/p>\n<p><u>Un b\u00e9b\u00e9<\/u> recevra avec bonheur un petit bijou en forme de c\u0153ur qu\u2019il gardera toute la vie, un peu comme un talisman.<\/p>\n<p><u>Un enfant<\/u> appr\u00e9ciera un joli pendentif ou un joli bracelet personnalis\u00e9 avec un c\u0153ur, symbole de la bienveillance que la personne lui porte.<\/p>\n<p><u>Une femme<\/u> se r\u00e9jouira toujours de recevoir en cadeau un bijou personnalis\u00e9 en forme de c\u0153ur ou avec un c\u0153ur grav\u00e9. Plus qu\u2019un bijou, c\u2019est un message d\u2019amour qu\u2019elle ne quittera plus.<\/p>\n<p><u>Un homme<\/u> sera peut-\u00eatre moins enclin \u00e0 porter un bijou en forme de c\u0153ur, \u00e0 moins que celui-ci soit stylis\u00e9 et graphique, porteur d\u2019un message fort de la personne aim\u00e9e.<\/p>\n<h2><span class=\"ez-toc-section\" id=\"Quelles_sont_les_differentes_formes_de_bijoux_coeur\"><\/span>Quelles sont les diff\u00e9rentes formes de bijoux c\u0153ur\u00a0?<span class=\"ez-toc-section-end\"><\/span><\/h2>\n<p>Que ce soit en pendentif, bracelet ou boucle d\u2019oreille, ou m\u00eame charm\u2019s, le bijou c\u0153ur peut prendre diff\u00e9rentes formes.<\/p>\n<ul>\n<li><strong>Le c\u0153ur plein<\/strong>: il offre une belle surface pour personnaliser \u00e0 l\u2019envi son bijou en faisant graver ce que l\u2019on veut\u00a0: un texte, un dessin, une empreinte, une photo.<\/li>\n<li><strong>Le c\u0153ur ajour\u00e9<\/strong> ou d\u00e9tour\u00e9\u00a0: plus l\u00e9ger, le c\u0153ur se devine \u00e0 l\u2019int\u00e9rieur d\u2019un m\u00e9daillon plein, autour duquel on peut graver un texte en arrondi<\/li>\n<li><strong>Le c\u0153ur coup\u00e9 en deux<\/strong>: c\u2019est le fameux bijou des best friends, ou meilleures amies, dont chaque partie revient \u00e0 l\u2019une ou l\u2019autre du duo.<\/li>\n<\/ul>\n<h2><span class=\"ez-toc-section\" id=\"_La_Saint_Valentin_moment_phare_pour_offrir_un_bijou_coeur\"><\/span><strong>\u00a0<\/strong>La Saint Valentin, moment phare pour offrir un bijou c\u0153ur<span class=\"ez-toc-section-end\"><\/span><\/h2>\n<figure id=\"attachment_143\" aria-describedby=\"caption-attachment-143\" style=\"width: 800px\" class=\"wp-caption alignnone\"><img loading=\"lazy\" decoding=\"async\" class=\"wp-image-143 size-full\" src=\"https:\/\/www.marmottine.fr\/mag\/wp-content\/uploads\/2024\/03\/bijou-coeur-empreinte.jpg\" alt=\"Bracelet coeur gravure empreinte digitale\" width=\"800\" height=\"800\" srcset=\"https:\/\/www.marmottine.fr\/mag\/wp-content\/uploads\/2024\/03\/bijou-coeur-empreinte.jpg 800w, https:\/\/www.marmottine.fr\/mag\/wp-content\/uploads\/2024\/03\/bijou-coeur-empreinte-300x300.jpg 300w, https:\/\/www.marmottine.fr\/mag\/wp-content\/uploads\/2024\/03\/bijou-coeur-empreinte-150x150.jpg 150w, https:\/\/www.marmottine.fr\/mag\/wp-content\/uploads\/2024\/03\/bijou-coeur-empreinte-768x768.jpg 768w\" sizes=\"(max-width: 800px) 100vw, 800px\" \/><figcaption id=\"caption-attachment-143\" class=\"wp-caption-text\">Bracelet coeur gravure empreinte digitale<\/figcaption><\/figure>\n<p>S\u2019il est un \u00e9v\u00e9nement dans l\u2019ann\u00e9e pour offrir un bijou c\u0153ur personnalis\u00e9, c\u2019est bien la <strong>Saint-Valentin<\/strong>\u00a0! La f\u00eate des <strong>amoureux <\/strong>est pr\u00e9texte \u00e0 s\u2019offrir un cadeau. Avec les fleurs, les chocolats et la lingerie fine, le bijou reste dans le peloton de t\u00eate du cadeau de la Saint-Valentin. <strong>Cadeau romantique<\/strong> s\u2019il en est, le bijou en forme de c\u0153ur fait l\u2019unanimit\u00e9.<\/p>\n<p>Cupidon a jet\u00e9 son d\u00e9volu sur des bijoux o\u00f9 le c\u0153ur, symbole de l\u2019amour \u00e9ternel, est omnipr\u00e9sent\u00a0: petit c\u0153ur en or, c\u0153ur en argent, c\u0153ur repr\u00e9sent\u00e9 par des pierres pr\u00e9cieuses, c\u0153ur coup\u00e9 en deux \u00e0 partager avec sa moiti\u00e9, pendentif c\u0153ur qui s\u2019ouvre avec la photo de l\u2019\u00eatre aim\u00e9 \u00e0 l\u2019int\u00e9rieur, collier c\u0153ur grav\u00e9 d\u2019un message d\u2019amour\u2026 les marques de bijoux rivalisent d\u2019imagination pour proposer chaque ann\u00e9e des bijoux en forme de c\u0153ur pour une Saint Valentin romantique \u00e0 souhait\u00a0!<\/p>\n<h2><span class=\"ez-toc-section\" id=\"Comment_personnaliser_un_pendentif_coeur\"><\/span>Comment personnaliser un pendentif c\u0153ur\u00a0?<span class=\"ez-toc-section-end\"><\/span><\/h2>\n<p>Si le bijou c\u0153ur est en soit tout un symbole, la mani\u00e8re dont il est personnalis\u00e9 d\u00e9termine le sens apport\u00e9 \u00e0 son cadeau.<\/p>\n<p><u>Le c\u0153ur personnalis\u00e9 avec un pr\u00e9nom<\/u>\u00a0: c\u2019est la mani\u00e8re la plus classique (mais la plus efficace) de personnaliser son bijou c\u0153ur, graver un ou plusieurs pr\u00e9noms dessus. Pour une maman ou une mamie par exemple, on offrira un pendentif c\u0153ur avec les pr\u00e9noms de leur tribu grav\u00e9s au recto ou au verso.<\/p>\n<p><u>Le c\u0153ur personnalis\u00e9 avec une photo<\/u>\u00a0: que ce soit la reproduction d\u2019une photo en miniature ou une photo gravure, le bijou photo a le vent en poupe. On peut choisir la photo de l\u2019\u00eatre aim\u00e9, d\u2019un enfant, d\u2019un animal de compagnie\u2026 tout est imaginable car enti\u00e8rement personnalisable.<\/p>\n<p><u>Le c\u0153ur personnalis\u00e9 avec un dessin<\/u>\u00a0: les mamans et les papas fondent devant ce type de personnalisation tellement attendrissante\u00a0! L\u2019id\u00e9e est de graver les lignes d\u2019un dessin d\u2019enfant pour le reproduire \u00e0 l\u2019identique mais \u00e0 la taille du bijou, dans le m\u00e9tal pr\u00e9cieux. Le r\u00e9sultat est unique, bluffant et les parents en tirent une \u00e9norme fiert\u00e9. Et qui sait, peut-\u00eatre portent-ils en collier le dessin d\u2019un futur Picasso\u00a0?<\/p>\n<p><u>Le c\u0153ur personnalis\u00e9 avec une empreinte digitale<\/u>\u00a0: c\u2019est une forme de gravure originale, unique (chaque empreinte est diff\u00e9rente) et intime. S\u2019offrir un bijou avec ses empreintes digitales en dit long sur le sentiment d\u2019appartenance qui lie deux personnes. Le nec plus ultra pour des amoureux\u00a0: positionner leurs deux empreintes l\u2019une sur l\u2019autre pour former un c\u0153ur\u00a0!<\/p>\n<h2><span class=\"ez-toc-section\" id=\"Comment_choisir_un_bracelet_coeur_personnalise\"><\/span>Comment choisir un bracelet c\u0153ur personnalis\u00e9\u00a0?<span class=\"ez-toc-section-end\"><\/span><\/h2>\n<figure id=\"attachment_144\" aria-describedby=\"caption-attachment-144\" style=\"width: 800px\" class=\"wp-caption alignnone\"><img loading=\"lazy\" decoding=\"async\" class=\"wp-image-144 size-full\" src=\"https:\/\/www.marmottine.fr\/mag\/wp-content\/uploads\/2024\/03\/bracelet-breloque-coeur.jpg\" alt=\"Bracelet Liberty coeur \u00e0 graver\" width=\"800\" height=\"800\" srcset=\"https:\/\/www.marmottine.fr\/mag\/wp-content\/uploads\/2024\/03\/bracelet-breloque-coeur.jpg 800w, https:\/\/www.marmottine.fr\/mag\/wp-content\/uploads\/2024\/03\/bracelet-breloque-coeur-300x300.jpg 300w, https:\/\/www.marmottine.fr\/mag\/wp-content\/uploads\/2024\/03\/bracelet-breloque-coeur-150x150.jpg 150w, https:\/\/www.marmottine.fr\/mag\/wp-content\/uploads\/2024\/03\/bracelet-breloque-coeur-768x768.jpg 768w\" sizes=\"(max-width: 800px) 100vw, 800px\" \/><figcaption id=\"caption-attachment-144\" class=\"wp-caption-text\">Bracelet Liberty coeur \u00e0 graver<\/figcaption><\/figure>\n<p>On l\u2019a vu \u00e0 maintes reprises, le bracelet personnalis\u00e9 est le mod\u00e8le de bijou le plus achet\u00e9 car le plus facile \u00e0 offrir et \u00e0 porter. Il en est de m\u00eame pour le bracelet personnalis\u00e9 en forme de c\u0153ur.<\/p>\n<p>On l\u2019offre en toute occasion pour petits et grands, en t\u00e9moignage de notre affection, en faisant graver un message court (Love, Amour, Joie, Bonheur\u2026), un pr\u00e9nom, une date importante, ou toute autre gravure originale comme on vient de le voir pr\u00e9c\u00e9demment.<\/p>\n<p>Pour un bracelet destin\u00e9 \u00e0 \u00eatre port\u00e9 au quotidien, on optera pour un bracelet cordon, grand gagnant de ces derni\u00e8res ann\u00e9es en bijouterie.<\/p>\n<p>Pour un bracelet plus pr\u00e9cieux, on le choisira sur une cha\u00eene, en veillant \u00e0 ce qu\u2019elle soit suffisamment solide pour le m\u00e9daillon en forme de c\u0153ur qu\u2019elle porte.<\/p>\n<h2><span class=\"ez-toc-section\" id=\"Comment_personnaliser_un_bijou_coeur_avec_une_photo\"><\/span>Comment personnaliser un bijou c\u0153ur avec une photo\u00a0?<span class=\"ez-toc-section-end\"><\/span><\/h2>\n<p>Ce type de personnalisation est tr\u00e8s en vogue depuis quelques temps et m\u00e9rite qu\u2019on s\u2019y arr\u00eate.<\/p>\n<p>L\u2019id\u00e9e est simple\u00a0: on reproduit en petit <strong>une photo<\/strong> que l\u2019on fixe sur un support (en l\u2019occurrence sur un c\u0153ur). Ce peut \u00eatre sur un pendentif c\u0153ur simple, ou m\u00e9daillon c\u0153ur qui s\u2019ouvre et d\u00e9couvre une photo \u00e0 l\u2019int\u00e9rieur.<\/p>\n<p>Mais il existe une autre fa\u00e7on de personnaliser un bijou c\u0153ur avec une photo\u00a0: la <strong>photogravure<\/strong>. Le principe est de reproduire en micro gravure les pixels d\u2019une photo sur un support en m\u00e9tal (argent ou or). Le r\u00e9sultat est spectaculaire car la photo apparait un peu comme en n\u00e9gatif sur la surface. La photo est ainsi grav\u00e9e pour l\u2019\u00e9ternit\u00e9\u00a0!<\/p>\n","protected":false},"excerpt":{"rendered":"<p>Comment choisir un bijou personnalis\u00e9 coeur\u00a0? Depuis toujours, le c\u0153ur symbolise l\u2019amour. Il est donc logique de le retrouver en [&hellip;]<\/p>\n","protected":false},"author":2,"featured_media":146,"parent":119,"menu_order":2,"comment_status":"closed","ping_status":"closed","template":"","meta":{"site-sidebar-layout":"default","site-content-layout":"","ast-site-content-layout":"default","site-content-style":"default","site-sidebar-style":"default","ast-global-header-display":"","ast-banner-title-visibility":"","ast-main-header-display":"","ast-hfb-above-header-display":"","ast-hfb-below-header-display":"","ast-hfb-mobile-header-display":"","site-post-title":"","ast-breadcrumbs-content":"","ast-featured-img":"","footer-sml-layout":"","theme-transparent-header-meta":"default","adv-header-id-meta":"","stick-header-meta":"","header-above-stick-meta":"","header-main-stick-meta":"","header-below-stick-meta":"","astra-migrate-meta-layouts":"set","ast-page-background-enabled":"default","ast-page-background-meta":{"desktop":{"background-color":"var(--ast-global-color-4)","background-image":"","background-repeat":"repeat","background-position":"center center","background-size":"auto","background-attachment":"scroll","background-type":"","background-media":"","overlay-type":"","overlay-color":"","overlay-gradient":""},"tablet":{"background-color":"","background-image":"","background-repeat":"repeat","background-position":"center center","background-size":"auto","background-attachment":"scroll","background-type":"","background-media":"","overlay-type":"","overlay-color":"","overlay-gradient":""},"mobile":{"background-color":"","background-image":"","background-repeat":"repeat","background-position":"center center","background-size":"auto","background-attachment":"scroll","background-type":"","background-media":"","overlay-type":"","overlay-color":"","overlay-gradient":""}},"ast-content-background-meta":{"desktop":{"background-color":"var(--ast-global-color-5)","background-image":"","background-repeat":"repeat","background-position":"center center","background-size":"auto","background-attachment":"scroll","background-type":"","background-media":"","overlay-type":"","overlay-color":"","overlay-gradient":""},"tablet":{"background-color":"var(--ast-global-color-5)","background-image":"","background-repeat":"repeat","background-position":"center center","background-size":"auto","background-attachment":"scroll","background-type":"","background-media":"","overlay-type":"","overlay-color":"","overlay-gradient":""},"mobile":{"background-color":"var(--ast-global-color-5)","background-image":"","background-repeat":"repeat","background-position":"center center","background-size":"auto","background-attachment":"scroll","background-type":"","background-media":"","overlay-type":"","overlay-color":"","overlay-gradient":""}},"footnotes":""},"aioseo_notices":[],"_links":{"self":[{"href":"https:\/\/www.marmottine.fr\/mag\/wp-json\/wp\/v2\/pages\/142"}],"collection":[{"href":"https:\/\/www.marmottine.fr\/mag\/wp-json\/wp\/v2\/pages"}],"about":[{"href":"https:\/\/www.marmottine.fr\/mag\/wp-json\/wp\/v2\/types\/page"}],"author":[{"embeddable":true,"href":"https:\/\/www.marmottine.fr\/mag\/wp-json\/wp\/v2\/users\/2"}],"replies":[{"embeddable":true,"href":"https:\/\/www.marmottine.fr\/mag\/wp-json\/wp\/v2\/comments?post=142"}],"version-history":[{"count":6,"href":"https:\/\/www.marmottine.fr\/mag\/wp-json\/wp\/v2\/pages\/142\/revisions"}],"predecessor-version":[{"id":563,"href":"https:\/\/www.marmottine.fr\/mag\/wp-json\/wp\/v2\/pages\/142\/revisions\/563"}],"up":[{"embeddable":true,"href":"https:\/\/www.marmottine.fr\/mag\/wp-json\/wp\/v2\/pages\/119"}],"wp:featuredmedia":[{"embeddable":true,"href":"https:\/\/www.marmottine.fr\/mag\/wp-json\/wp\/v2\/media\/146"}],"wp:attachment":[{"href":"https:\/\/www.marmottine.fr\/mag\/wp-json\/wp\/v2\/media?parent=142"}],"curies":[{"name":"wp","href":"https:\/\/api.w.org\/{rel}","templated":true}]}}