{"id":122,"date":"2024-03-28T16:34:04","date_gmt":"2024-03-28T15:34:04","guid":{"rendered":"https:\/\/www.marmottine.fr\/mag\/?page_id=122"},"modified":"2024-11-04T18:05:53","modified_gmt":"2024-11-04T17:05:53","slug":"arbre-de-vie","status":"publish","type":"page","link":"https:\/\/www.marmottine.fr\/mag\/guides\/bijoux-personnalises\/forme\/arbre-de-vie","title":{"rendered":"Comment choisir un bijou personnalis\u00e9 arbre de vie ?"},"content":{"rendered":"<h1><span class=\"ez-toc-section\" id=\"Comment_choisir_un_bijou_personnalise_arbre_de_vie\"><\/span>Comment choisir un bijou personnalis\u00e9 arbre de vie ?<span class=\"ez-toc-section-end\"><\/span><\/h1><div id=\"ez-toc-container\" class=\"ez-toc-v2_0_69_1 counter-hierarchy ez-toc-counter ez-toc-grey ez-toc-container-direction\">\n<div class=\"ez-toc-title-container\">\n<p class=\"ez-toc-title\" style=\"cursor:inherit\">Sommaire<\/p>\n<span class=\"ez-toc-title-toggle\"><a href=\"#\" class=\"ez-toc-pull-right ez-toc-btn ez-toc-btn-xs ez-toc-btn-default ez-toc-toggle\" aria-label=\"Toggle Table of Content\"><span class=\"ez-toc-js-icon-con\"><span class=\"\"><span class=\"eztoc-hide\" style=\"display:none;\">Toggle<\/span><span class=\"ez-toc-icon-toggle-span\"><svg style=\"fill: #999;color:#999\" xmlns=\"http:\/\/www.w3.org\/2000\/svg\" class=\"list-377408\" width=\"20px\" height=\"20px\" viewBox=\"0 0 24 24\" fill=\"none\"><path d=\"M6 6H4v2h2V6zm14 0H8v2h12V6zM4 11h2v2H4v-2zm16 0H8v2h12v-2zM4 16h2v2H4v-2zm16 0H8v2h12v-2z\" fill=\"currentColor\"><\/path><\/svg><svg style=\"fill: #999;color:#999\" class=\"arrow-unsorted-368013\" xmlns=\"http:\/\/www.w3.org\/2000\/svg\" width=\"10px\" height=\"10px\" viewBox=\"0 0 24 24\" version=\"1.2\" baseProfile=\"tiny\"><path d=\"M18.2 9.3l-6.2-6.3-6.2 6.3c-.2.2-.3.4-.3.7s.1.5.3.7c.2.2.4.3.7.3h11c.3 0 .5-.1.7-.3.2-.2.3-.5.3-.7s-.1-.5-.3-.7zM5.8 14.7l6.2 6.3 6.2-6.3c.2-.2.3-.5.3-.7s-.1-.5-.3-.7c-.2-.2-.4-.3-.7-.3h-11c-.3 0-.5.1-.7.3-.2.2-.3.5-.3.7s.1.5.3.7z\"\/><\/svg><\/span><\/span><\/span><\/a><\/span><\/div>\n<nav><ul class='ez-toc-list ez-toc-list-level-1 ' ><li class='ez-toc-page-1 ez-toc-heading-level-1'><a class=\"ez-toc-link ez-toc-heading-1\" href=\"https:\/\/www.marmottine.fr\/mag\/guides\/bijoux-personnalises\/forme\/arbre-de-vie\/#Comment_choisir_un_bijou_personnalise_arbre_de_vie\" title=\"Comment choisir un bijou personnalis\u00e9 arbre de vie ?\">Comment choisir un bijou personnalis\u00e9 arbre de vie ?<\/a><ul class='ez-toc-list-level-2' ><li class='ez-toc-heading-level-2'><a class=\"ez-toc-link ez-toc-heading-2\" href=\"https:\/\/www.marmottine.fr\/mag\/guides\/bijoux-personnalises\/forme\/arbre-de-vie\/#Quelles_est_la_signification_dun_bijou_arbre_de_vie\" title=\"Quelles est la signification d\u2019un bijou arbre de vie\u00a0?\">Quelles est la signification d\u2019un bijou arbre de vie\u00a0?<\/a><\/li><li class='ez-toc-page-1 ez-toc-heading-level-2'><a class=\"ez-toc-link ez-toc-heading-3\" href=\"https:\/\/www.marmottine.fr\/mag\/guides\/bijoux-personnalises\/forme\/arbre-de-vie\/#Comment_choisir_une_medaille_ou_un_pendentif_personnalise_arbre_de_vie\" title=\"Comment choisir une m\u00e9daille ou un pendentif personnalis\u00e9 arbre de vie\u00a0?\">Comment choisir une m\u00e9daille ou un pendentif personnalis\u00e9 arbre de vie\u00a0?<\/a><\/li><li class='ez-toc-page-1 ez-toc-heading-level-2'><a class=\"ez-toc-link ez-toc-heading-4\" href=\"https:\/\/www.marmottine.fr\/mag\/guides\/bijoux-personnalises\/forme\/arbre-de-vie\/#Comment_choisir_une_bague_personnalisee_arbre_de_vie\" title=\"Comment choisir une bague personnalis\u00e9e arbre de vie\u00a0?\">Comment choisir une bague personnalis\u00e9e arbre de vie\u00a0?<\/a><\/li><li class='ez-toc-page-1 ez-toc-heading-level-2'><a class=\"ez-toc-link ez-toc-heading-5\" href=\"https:\/\/www.marmottine.fr\/mag\/guides\/bijoux-personnalises\/forme\/arbre-de-vie\/#Comment_choisir_un_bracelet_personnalise_arbre_de_vie\" title=\"Comment choisir un bracelet personnalis\u00e9 arbre de vie\u00a0?\">Comment choisir un bracelet personnalis\u00e9 arbre de vie\u00a0?<\/a><\/li><li class='ez-toc-page-1 ez-toc-heading-level-2'><a class=\"ez-toc-link ez-toc-heading-6\" href=\"https:\/\/www.marmottine.fr\/mag\/guides\/bijoux-personnalises\/forme\/arbre-de-vie\/#Que_graver_sur_un_bijou_personnalise_arbre_de_vie\" title=\"Que graver sur un bijou personnalis\u00e9 arbre de vie\u00a0?\">Que graver sur un bijou personnalis\u00e9 arbre de vie\u00a0?<\/a><\/li><li class='ez-toc-page-1 ez-toc-heading-level-2'><a class=\"ez-toc-link ez-toc-heading-7\" href=\"https:\/\/www.marmottine.fr\/mag\/guides\/bijoux-personnalises\/forme\/arbre-de-vie\/#Quel_bijou_personnalise_arbre_de_vie_pour_femme\" title=\"Quel bijou personnalis\u00e9 arbre de vie pour femme\u00a0?\">Quel bijou personnalis\u00e9 arbre de vie pour femme\u00a0?<\/a><\/li><li class='ez-toc-page-1 ez-toc-heading-level-2'><a class=\"ez-toc-link ez-toc-heading-8\" href=\"https:\/\/www.marmottine.fr\/mag\/guides\/bijoux-personnalises\/forme\/arbre-de-vie\/#Quel_bijou_personnalise_arbre_de_vie_pour_homme\" title=\"Quel bijou personnalis\u00e9 arbre de vie pour homme\u00a0?\">Quel bijou personnalis\u00e9 arbre de vie pour homme\u00a0?<\/a><\/li><\/ul><\/li><\/ul><\/nav><\/div>\n\n<figure id=\"attachment_127\" aria-describedby=\"caption-attachment-127\" style=\"width: 800px\" class=\"wp-caption alignnone\"><img loading=\"lazy\" decoding=\"async\" class=\"wp-image-127 size-full\" src=\"https:\/\/www.marmottine.fr\/mag\/wp-content\/uploads\/2024\/03\/arbre-de-vie-personnalise.jpg\" alt=\"M\u00e9daille arbre de vie en or\" width=\"800\" height=\"800\" srcset=\"https:\/\/www.marmottine.fr\/mag\/wp-content\/uploads\/2024\/03\/arbre-de-vie-personnalise.jpg 800w, https:\/\/www.marmottine.fr\/mag\/wp-content\/uploads\/2024\/03\/arbre-de-vie-personnalise-300x300.jpg 300w, https:\/\/www.marmottine.fr\/mag\/wp-content\/uploads\/2024\/03\/arbre-de-vie-personnalise-150x150.jpg 150w, https:\/\/www.marmottine.fr\/mag\/wp-content\/uploads\/2024\/03\/arbre-de-vie-personnalise-768x768.jpg 768w\" sizes=\"(max-width: 800px) 100vw, 800px\" \/><figcaption id=\"caption-attachment-127\" class=\"wp-caption-text\">M\u00e9daille arbre de vie en or<\/figcaption><\/figure>\n<p>L<strong>\u2019arbre de vie<\/strong> a d\u00e9barqu\u00e9 en bijouterie depuis quelques ann\u00e9es comme un tsunami, il \u00e9tait donc normal qu\u2019il trouve <strong><a href=\"https:\/\/www.marmottine.fr\/mag\/guides\/bijoux-personnalises\/forme\">sa place parmi les bijoux personnalis\u00e9s par forme<\/a><\/strong>. Symbole riche de sens, l\u2019arbre se d\u00e9cline en m\u00e9daille ou pendentif, en bague et en bracelet et pr\u00e9sente des possibilit\u00e9s de customisation infinies. Que ce soit pour femme, pour enfant ou pour homme, ce chapitre d\u00e9crypte la signification d\u2019un bijou arbre de vie, lequel choisir et comment le graver.<\/p>\n<h2><span class=\"ez-toc-section\" id=\"Quelles_est_la_signification_dun_bijou_arbre_de_vie\"><\/span>Quelles est la signification d\u2019un bijou arbre de vie\u00a0?<span class=\"ez-toc-section-end\"><\/span><\/h2>\n<p>L\u2019arbre est depuis la nuit des temps un <strong>symbole fort<\/strong>, au c\u0153ur du cycle de la vie. Il \u00e9voque la terre nourrici\u00e8re, la renaissance de la nature et l\u2019\u00e9ternel recommencement des saisons. On le retrouve dans toutes les civilisations et dans la plupart des religions, dont les trois religions monoth\u00e9istes (chr\u00e9tienne, juda\u00efque et musulmane). Il est donc tout naturel de le retrouver sur des bijoux\u00a0!<\/p>\n<ul>\n<li>L\u2019arbre repr\u00e9sente<strong> l\u2019ancrage<\/strong>, la <strong>stabilit\u00e9<\/strong> et la <strong>force<\/strong>. D\u2019ailleurs, ne parle-t-on pas d\u2019arbre g\u00e9n\u00e9alogique et de racines quand on \u00e9voque l\u2019histoire familiale et les origines d\u2019une lign\u00e9e\u00a0?<\/li>\n<li>Le tronc est l\u2019enracinement dans la terre, le rep\u00e8re qui guide nos pas. Deux troncs entrem\u00eal\u00e9s peuvent repr\u00e9senter deux \u00e2mes engag\u00e9es dans la vie.<\/li>\n<li>Les branches \u00e9voquent <strong>le chemin de vie<\/strong>: parfois tortueux, cass\u00e9, ou au contraire droit et tranquille. Elles s\u2019\u00e9l\u00e8vent vers le ciel quoi qu\u2019il arrive, et donnent vie \u00e0 un feuillage touffu.<\/li>\n<li>Quant aux feuilles, elles sont autant de m\u00e9taphores pour \u00e9voquer tous les <strong>\u00e9v\u00e9nements du quotidien<\/strong> qui font le sel de la vie, chaque jour qui passe et apporte son lot de bonheurs.<\/li>\n<\/ul>\n<p>Pour toutes ces raisons, offrir un <strong>bijou arbre de vie<\/strong> est porteur de sens, c\u2019est pourquoi on l\u2019offre symboliquement pour f\u00eater un \u00e9v\u00e9nement important comme une naissance, un bapt\u00eame, un anniversaire embl\u00e9matique comme la majorit\u00e9, un mariage ou encore la Saint Valentin, pour symboliser un amour qui grandit.<\/p>\n<h2><span class=\"ez-toc-section\" id=\"Comment_choisir_une_medaille_ou_un_pendentif_personnalise_arbre_de_vie\"><\/span>Comment choisir une m\u00e9daille ou un pendentif personnalis\u00e9 arbre de vie\u00a0?<span class=\"ez-toc-section-end\"><\/span><\/h2>\n<figure id=\"attachment_361\" aria-describedby=\"caption-attachment-361\" style=\"width: 800px\" class=\"wp-caption alignnone\"><img loading=\"lazy\" decoding=\"async\" class=\"size-full wp-image-361\" src=\"https:\/\/www.marmottine.fr\/mag\/wp-content\/uploads\/2024\/03\/medaille-arbre-de-vie-oiseaux.jpg\" alt=\"m\u00e9daille arbre de vie oiseaux\" width=\"800\" height=\"800\" srcset=\"https:\/\/www.marmottine.fr\/mag\/wp-content\/uploads\/2024\/03\/medaille-arbre-de-vie-oiseaux.jpg 800w, https:\/\/www.marmottine.fr\/mag\/wp-content\/uploads\/2024\/03\/medaille-arbre-de-vie-oiseaux-300x300.jpg 300w, https:\/\/www.marmottine.fr\/mag\/wp-content\/uploads\/2024\/03\/medaille-arbre-de-vie-oiseaux-150x150.jpg 150w, https:\/\/www.marmottine.fr\/mag\/wp-content\/uploads\/2024\/03\/medaille-arbre-de-vie-oiseaux-768x768.jpg 768w\" sizes=\"(max-width: 800px) 100vw, 800px\" \/><figcaption id=\"caption-attachment-361\" class=\"wp-caption-text\">m\u00e9daille arbre de vie oiseaux<\/figcaption><\/figure>\n<p>De tous les bijoux, le m\u00e9daillon est celui qui est souvent retenu pour repr\u00e9senter un arbre de vie, car l\u2019arbre repose joliment sur le d\u00e9collet\u00e9, bien visible.<\/p>\n<p>La <strong>m\u00e9daille personnalis\u00e9e arbre de vie<\/strong> est g\u00e9n\u00e9ralement un m\u00e9daillon rond et lisse, pr\u00e9sentant un arbre grav\u00e9 au recto, et laissant le verso uni pour pouvoir graver un pr\u00e9nom, une date ou un mot doux. Tous les arbres peuvent \u00eatre repr\u00e9sent\u00e9s, parfois ils sont m\u00eame imagin\u00e9s, avec des c\u0153urs \u00e0 la place des feuilles, ou agr\u00e9ment\u00e9s d\u2019un oiseau ou d\u2019un personnage.<\/p>\n<p>Le <strong>pendentif personnalis\u00e9 arbre de vie<\/strong> peut prendre diverses formes car c\u2019est l\u2019arbre qui constitue le m\u00e9daillon. Parfois cet arbre est ajour\u00e9, mettant en exergue certains \u00e9l\u00e9ments comme le tronc, les branches ou le feuillage.<\/p>\n<h2><span class=\"ez-toc-section\" id=\"Comment_choisir_une_bague_personnalisee_arbre_de_vie\"><\/span>Comment choisir une bague personnalis\u00e9e arbre de vie\u00a0?<span class=\"ez-toc-section-end\"><\/span><\/h2>\n<p>Tout type de bague peut recevoir comme personnalisation un arbre\u00a0:<\/p>\n<ul>\n<li>La bague ruban et un arbre grav\u00e9 au centre.<\/li>\n<li>La bague chevali\u00e8re et l\u2019arbre sculpt\u00e9 sur le plateau.<\/li>\n<li>La bague anneau et une pampille sur laquelle on vient graver un arbre.<\/li>\n<li>La bague classique avec un anneau fin et un plateau rond ajour\u00e9 \u00e9voquant un arbre.<\/li>\n<\/ul>\n<p>Le choix d\u00e9pendra de l\u2019importance que l\u2019on veut donner \u00e0 son bijou, si l\u2019on veut qu\u2019il soit voyant ou discret.<\/p>\n<h2><span class=\"ez-toc-section\" id=\"Comment_choisir_un_bracelet_personnalise_arbre_de_vie\"><\/span>Comment choisir un bracelet personnalis\u00e9 arbre de vie\u00a0?<span class=\"ez-toc-section-end\"><\/span><\/h2>\n<p>On l\u2019a souvent vu dans ce guide, le bracelet est le bijou le plus pl\u00e9biscit\u00e9 et tr\u00e8s facile \u00e0 offrir. Le bracelet arbre de vie n\u2019\u00e9chappe pas \u00e0 la r\u00e8gle, d\u2019autant plus qu\u2019il existe mille et un mod\u00e8les de bracelets.<\/p>\n<ol>\n<li>Le <strong>bracelet cordon et sa m\u00e9daille en forme d\u2019arbre<\/strong> est le plus fr\u00e9quemment rencontr\u00e9. La m\u00e9daille est soit pleine et l\u2019arbre grav\u00e9, soit ajour\u00e9e, laissant appara\u00eetre la peau par transparence. Selon la taille du poignet, le motif central sera plus ou moins grand (de 10 mm \u00e0 20 mm de diam\u00e8tre).<\/li>\n<li>Une version plus glamour est le <strong>bracelet sur cha\u00eene<\/strong>, ind\u00e9modable, et tellement chic\u00a0!<\/li>\n<li>Le <strong>bracelet perles et un arbre<\/strong> en breloque est le must have du moment\u00a0: ce genre de bracelet se collectionne sur le poignet\u00a0; les breloques sont autant de grigris porte-bonheurs.<\/li>\n<li>Le <strong>bracelet jonc et l\u2019arbre de vie <\/strong>pos\u00e9 sur le dessus\u00a0: il allie deux tendances fortes du moment, le jonc et l\u2019arbre.<\/li>\n<\/ol>\n<h2><span class=\"ez-toc-section\" id=\"Que_graver_sur_un_bijou_personnalise_arbre_de_vie\"><\/span>Que graver sur un bijou personnalis\u00e9 arbre de vie\u00a0?<span class=\"ez-toc-section-end\"><\/span><\/h2>\n<p>Comme on l\u2019a vu pr\u00e9c\u00e9demment, <strong>l\u2019arbre de vie<\/strong> est un symbole fort et selon le mod\u00e8le choisi on pourra personnaliser diff\u00e9rents \u00e9l\u00e9ments\u00a0: <strong>graver le tronc<\/strong> de l\u2019arbre, l<strong>es branches<\/strong>, <strong>les feuilles<\/strong>, le verso de la m\u00e9daille, \u2026 on peut tout imaginer.<\/p>\n<p>Quant \u00e0 savoir quoi graver, cela d\u00e9pend de la personne \u00e0 qui le bijou s\u2019adresse et en quelle occasion il est offert. Voici quelques exemples de gravure\u00a0:<\/p>\n<ul>\n<li>Symbole m\u00eame de l\u2019union familiale, on peut <u>graver les pr\u00e9noms des membres d\u2019une famille<\/u> soit autour de l\u2019arbre, soit sur chaque branche.<\/li>\n<li>Symbole d\u2019\u00e9ternit\u00e9, l\u2019arbre est le support id\u00e9al pour <u>graver son amour<\/u> avec l\u2019\u00e9criture d\u2019une citation sur le contour de l\u2019arbre.<\/li>\n<li>S\u2019il s\u2019agit d\u2019une m\u00e9daille de bapt\u00eame, on pourra <u>graver le pr\u00e9nom et la date de naissance<\/u> de l\u2019enfant au verso.<\/li>\n<\/ul>\n<figure id=\"attachment_125\" aria-describedby=\"caption-attachment-125\" style=\"width: 800px\" class=\"wp-caption alignnone\"><img loading=\"lazy\" decoding=\"async\" class=\"wp-image-125 size-full\" src=\"https:\/\/www.marmottine.fr\/mag\/wp-content\/uploads\/2024\/03\/arbre-de-vie-a-graver.jpg\" alt=\"M\u00e9daille arbre de vie en or blanc\" width=\"800\" height=\"800\" srcset=\"https:\/\/www.marmottine.fr\/mag\/wp-content\/uploads\/2024\/03\/arbre-de-vie-a-graver.jpg 800w, https:\/\/www.marmottine.fr\/mag\/wp-content\/uploads\/2024\/03\/arbre-de-vie-a-graver-300x300.jpg 300w, https:\/\/www.marmottine.fr\/mag\/wp-content\/uploads\/2024\/03\/arbre-de-vie-a-graver-150x150.jpg 150w, https:\/\/www.marmottine.fr\/mag\/wp-content\/uploads\/2024\/03\/arbre-de-vie-a-graver-768x768.jpg 768w\" sizes=\"(max-width: 800px) 100vw, 800px\" \/><figcaption id=\"caption-attachment-125\" class=\"wp-caption-text\">M\u00e9daille arbre de vie en or blanc<\/figcaption><\/figure>\n<h2><\/h2>\n<h2><span class=\"ez-toc-section\" id=\"Quel_bijou_personnalise_arbre_de_vie_pour_femme\"><\/span>Quel bijou personnalis\u00e9 arbre de vie pour femme\u00a0?<span class=\"ez-toc-section-end\"><\/span><\/h2>\n<p>L\u2019arbre symbolise souvent la force et la structure familiale, le bijou personnalis\u00e9 arbre de vie est donc le <strong>cadeau id\u00e9al pour une maman<\/strong> ou une grand-m\u00e8re, avec un clin d\u2019\u0153il \u00e0 leur situation de cheffe de tribu. On gravera les pr\u00e9noms des membres de cette famille sur les branches, les initiales des petits sur les feuilles, par exemple. Riche en symbole, ce bijou s\u2019offrira pour la f\u00eate des m\u00e8res, la f\u00eate des grands-m\u00e8res, No\u00ebl ou son anniversaire, sous forme de pendentif, m\u00e9daille ou bracelet.<\/p>\n<p>L\u2019arbre peut aussi symboliser l\u2019union de deux personnes, avec deux troncs m\u00eal\u00e9s et indissociables pour la vie. Dans ce cas, quel plus beau message que d\u2019offrir \u00e0 son <strong>amoureuse<\/strong> un pendentif ou une bague personnalis\u00e9e avec ses deux noms, pour sceller son amour\u00a0?<\/p>\n<p>Quant au m\u00e9tal, plaqu\u00e9 or, argent, or, tout pla\u00eet aux femmes, du moment que \u00e7a brille\u00a0? De l\u2019importance de l\u2019\u00e9v\u00e9nement d\u00e9pendra le budget et le choix du m\u00e9tal.<\/p>\n<p>Enfin, rien n\u2019emp\u00eache d\u2019ajouter des pierres pr\u00e9cieuses de couleur (rubis, saphir ou diamant) parsem\u00e9es dans l\u2019arbre comme autant de fruits m\u00fbrs pr\u00eats \u00e0 \u00eatre cueillis.<\/p>\n<h2><span class=\"ez-toc-section\" id=\"Quel_bijou_personnalise_arbre_de_vie_pour_homme\"><\/span>Quel bijou personnalis\u00e9 arbre de vie pour homme\u00a0?<span class=\"ez-toc-section-end\"><\/span><\/h2>\n<p>On trouve des <strong>bijoux arbres de vie tr\u00e8s modernes<\/strong> et tr\u00e8s stylis\u00e9s qui conviennent aux hommes, car ils \u00e9voquent la puissance, la force physique et la robustesse\u00a0que l\u2019on attribue g\u00e9n\u00e9ralement \u00e0 la gent masculine\u2026. Ce sont les <strong>pendentifs <\/strong>et les <strong>bracelets cordons<\/strong> qui remportent l\u2019unanimit\u00e9. Mais on trouve aussi des <strong>boutons de manchettes arbre de vie<\/strong>, accessoires originaux et personnalisables aussi.<\/p>\n<p>On les choisira en <strong>argent <\/strong>ou en <strong>or blanc<\/strong>, et pour ce qui est du cordon, on pr\u00e9f\u00e9rera des couleurs masculines comme le bleu marine, le chocolat, le gold, le vert sapin, ou, si l\u2019on veut rester ultra classique, le noir. Le <strong>bracelet cuir<\/strong> <a href=\"https:\/\/www.marmottine.fr\/mag\/guides\/bijoux-personnalises\/forme\/arbre-de-vie\/larbre-de-vie-envahit-la-bijouterie\">avec une m\u00e9daille arbre de vie<\/a> est aussi un mod\u00e8le appr\u00e9ci\u00e9 par les hommes.<\/p>\n","protected":false},"excerpt":{"rendered":"<p>Comment choisir un bijou personnalis\u00e9 arbre de vie ? L\u2019arbre de vie a d\u00e9barqu\u00e9 en bijouterie depuis quelques ann\u00e9es comme [&hellip;]<\/p>\n","protected":false},"author":2,"featured_media":127,"parent":119,"menu_order":0,"comment_status":"closed","ping_status":"closed","template":"","meta":{"site-sidebar-layout":"default","site-content-layout":"","ast-site-content-layout":"default","site-content-style":"default","site-sidebar-style":"default","ast-global-header-display":"","ast-banner-title-visibility":"","ast-main-header-display":"","ast-hfb-above-header-display":"","ast-hfb-below-header-display":"","ast-hfb-mobile-header-display":"","site-post-title":"","ast-breadcrumbs-content":"","ast-featured-img":"","footer-sml-layout":"","theme-transparent-header-meta":"default","adv-header-id-meta":"","stick-header-meta":"","header-above-stick-meta":"","header-main-stick-meta":"","header-below-stick-meta":"","astra-migrate-meta-layouts":"set","ast-page-background-enabled":"default","ast-page-background-meta":{"desktop":{"background-color":"var(--ast-global-color-4)","background-image":"","background-repeat":"repeat","background-position":"center center","background-size":"auto","background-attachment":"scroll","background-type":"","background-media":"","overlay-type":"","overlay-color":"","overlay-gradient":""},"tablet":{"background-color":"","background-image":"","background-repeat":"repeat","background-position":"center center","background-size":"auto","background-attachment":"scroll","background-type":"","background-media":"","overlay-type":"","overlay-color":"","overlay-gradient":""},"mobile":{"background-color":"","background-image":"","background-repeat":"repeat","background-position":"center center","background-size":"auto","background-attachment":"scroll","background-type":"","background-media":"","overlay-type":"","overlay-color":"","overlay-gradient":""}},"ast-content-background-meta":{"desktop":{"background-color":"var(--ast-global-color-5)","background-image":"","background-repeat":"repeat","background-position":"center center","background-size":"auto","background-attachment":"scroll","background-type":"","background-media":"","overlay-type":"","overlay-color":"","overlay-gradient":""},"tablet":{"background-color":"var(--ast-global-color-5)","background-image":"","background-repeat":"repeat","background-position":"center center","background-size":"auto","background-attachment":"scroll","background-type":"","background-media":"","overlay-type":"","overlay-color":"","overlay-gradient":""},"mobile":{"background-color":"var(--ast-global-color-5)","background-image":"","background-repeat":"repeat","background-position":"center center","background-size":"auto","background-attachment":"scroll","background-type":"","background-media":"","overlay-type":"","overlay-color":"","overlay-gradient":""}},"footnotes":""},"aioseo_notices":[],"_links":{"self":[{"href":"https:\/\/www.marmottine.fr\/mag\/wp-json\/wp\/v2\/pages\/122"}],"collection":[{"href":"https:\/\/www.marmottine.fr\/mag\/wp-json\/wp\/v2\/pages"}],"about":[{"href":"https:\/\/www.marmottine.fr\/mag\/wp-json\/wp\/v2\/types\/page"}],"author":[{"embeddable":true,"href":"https:\/\/www.marmottine.fr\/mag\/wp-json\/wp\/v2\/users\/2"}],"replies":[{"embeddable":true,"href":"https:\/\/www.marmottine.fr\/mag\/wp-json\/wp\/v2\/comments?post=122"}],"version-history":[{"count":13,"href":"https:\/\/www.marmottine.fr\/mag\/wp-json\/wp\/v2\/pages\/122\/revisions"}],"predecessor-version":[{"id":1260,"href":"https:\/\/www.marmottine.fr\/mag\/wp-json\/wp\/v2\/pages\/122\/revisions\/1260"}],"up":[{"embeddable":true,"href":"https:\/\/www.marmottine.fr\/mag\/wp-json\/wp\/v2\/pages\/119"}],"wp:featuredmedia":[{"embeddable":true,"href":"https:\/\/www.marmottine.fr\/mag\/wp-json\/wp\/v2\/media\/127"}],"wp:attachment":[{"href":"https:\/\/www.marmottine.fr\/mag\/wp-json\/wp\/v2\/media?parent=122"}],"curies":[{"name":"wp","href":"https:\/\/api.w.org\/{rel}","templated":true}]}}