{"id":1205,"date":"2024-11-04T18:19:21","date_gmt":"2024-11-04T17:19:21","guid":{"rendered":"https:\/\/www.marmottine.fr\/mag\/?page_id=1205"},"modified":"2024-11-04T18:20:04","modified_gmt":"2024-11-04T17:20:04","slug":"pour-votre-mariage-creez-votre-alliance-personnalisee-a-votre-image","status":"publish","type":"page","link":"https:\/\/www.marmottine.fr\/mag\/guides\/bijoux-personnalises\/choisir-selon-occasion\/pour-un-mariage\/pour-votre-mariage-creez-votre-alliance-personnalisee-a-votre-image","title":{"rendered":"Pour votre mariage, cr\u00e9ez votre alliance personnalis\u00e9e \u00e0 votre image"},"content":{"rendered":"<h1 class=\"page-item-title\">Pour votre mariage, cr\u00e9ez votre alliance personnalis\u00e9e \u00e0 votre image<\/h1>\n<p><img loading=\"lazy\" decoding=\"async\" class=\"alignnone wp-image-1206 size-full\" src=\"https:\/\/www.marmottine.fr\/mag\/wp-content\/uploads\/2024\/10\/Pour-votre-mariage-creez-votre-alliance-pers.jpg\" alt=\"\" width=\"700\" height=\"420\" srcset=\"https:\/\/www.marmottine.fr\/mag\/wp-content\/uploads\/2024\/10\/Pour-votre-mariage-creez-votre-alliance-pers.jpg 700w, https:\/\/www.marmottine.fr\/mag\/wp-content\/uploads\/2024\/10\/Pour-votre-mariage-creez-votre-alliance-pers-300x180.jpg 300w\" sizes=\"(max-width: 700px) 100vw, 700px\" \/><\/p>\n<div class=\"articleContent\">\n<p><span style=\"font-size: 1.7em; font-weight: bold;\">Votre mariage : le travail d\u2019une ann\u00e9e !<\/span><\/p>\n<\/div>\n<div>\n<div class=\"sdsarticle-des\">\n<div class=\"e-content\">\n<p>Dans quelques mois <a href=\"https:\/\/www.marmottine.fr\/mag\/guides\/bijoux-personnalises\/choisir-selon-occasion\/pour-un-mariage\">vous vous direz oui pour votre mariage<\/a> ! Un engagement fort qui mobilise toute votre \u00e9nergie depuis des semaines d\u00e9j\u00e0 : publication des bans, lieu de la r\u00e9ception, traiteur, robe de mari\u00e9e, costume de monsieur, faire-part, tenue des enfants d\u2019honneur\u2026 <strong>l\u2019organisation d\u2019un mariage<\/strong>\u00a0est le travail d\u2019une ann\u00e9e qui durera une journ\u00e9e. Mais avez-vous pens\u00e9 \u00e0\u00a0<strong>vos alliances<\/strong>\u00a0? Ces deux anneaux d\u2019or que vous \u00e9changerez le jour J resteront \u00e0 jamais (on vous le souhaite) \u00e0 votre doigt. Symbole de votre union, de votre promesse d\u2019amour et de fid\u00e9lit\u00e9, vous les porterez quotidiennement. Il est donc primordial que vous preniez le temps de les choisir avec soin\u00a0!<\/p>\n<h2>Des alliances qui vous ressemblent<\/h2>\n<p>Depuis quelques ann\u00e9es, la tendance est \u00e0\u00a0\u00a0<strong>l\u2019alliance personnalis\u00e9e<\/strong>. On ne vous parle pas ici de la gravure d\u2019un texte \u00e0 l\u2019int\u00e9rieur de l\u2019anneau. Mais de la cr\u00e9ation d\u2019un mod\u00e8le original, d\u2019une bague qui ne ressemblera qu\u2019\u00e0 vous car c\u2019est vous qui l\u2019aurez dessin\u00e9e. Tout d\u2019abord le m\u00e9tal pr\u00e9cieux\u00a0: \u00eates-vous plut\u00f4t or jaune ou or blanc\u00a0? De plus en plus de mari\u00e9s (notamment les hommes) optent pour l\u2019argent. Ensuite la largeur de l\u2019anneau\u00a0: en fonction de ce que vous allez graver sur la bague, en fonction \u00e9galement de la grosseur de votre doigt, vous opterez pour un anneau fin (4mm) ou plus large (jusqu\u2019\u00e0 8 mm) pour un rendu tr\u00e8s contemporain.<\/p>\n<p>La gravure est d\u00e9terminante\u00a0: vous pouvez aujourd\u2019hui faire graver n\u2019importe quel motif (un texte, un dessin, une empreinte digitale, une empreinte de mains). Les plus r\u00e9serv\u00e9s feront graver \u00e0 l\u2019int\u00e9rieur de l\u2019alliance, les autres afficheront fi\u00e8rement la gravure de leur choix.<\/p>\n<p>\u00ab\u00a0Diamonds are a girl\u2019s best friend\u00a0\u00bb disait Marilyn, et elle avait raison\u00a0! Rien de tel pour sublimer une bague que de lui ajouter un ou plusieurs diamants\u00a0! Les plus originaux opteront pour des saphirs de couleur.<\/p>\n<p>La seule limite est celle de votre imagination ! Alors n\u2019h\u00e9sitez pas \u00e0 nous demander conseil pour vous aider \u00e0 r\u00e9aliser le bijou de votre vie : votre alliance personnalis\u00e9e !<\/p>\n<\/div>\n<\/div>\n<\/div>\n","protected":false},"excerpt":{"rendered":"<p>Pour votre mariage, cr\u00e9ez votre alliance personnalis\u00e9e \u00e0 votre image Votre mariage : le travail d\u2019une ann\u00e9e ! Dans quelques [&hellip;]<\/p>\n","protected":false},"author":5,"featured_media":1206,"parent":792,"menu_order":0,"comment_status":"closed","ping_status":"closed","template":"","meta":{"site-sidebar-layout":"default","site-content-layout":"","ast-site-content-layout":"default","site-content-style":"default","site-sidebar-style":"default","ast-global-header-display":"","ast-banner-title-visibility":"","ast-main-header-display":"","ast-hfb-above-header-display":"","ast-hfb-below-header-display":"","ast-hfb-mobile-header-display":"","site-post-title":"","ast-breadcrumbs-content":"","ast-featured-img":"","footer-sml-layout":"","theme-transparent-header-meta":"default","adv-header-id-meta":"","stick-header-meta":"","header-above-stick-meta":"","header-main-stick-meta":"","header-below-stick-meta":"","astra-migrate-meta-layouts":"set","ast-page-background-enabled":"default","ast-page-background-meta":{"desktop":{"background-color":"var(--ast-global-color-4)","background-image":"","background-repeat":"repeat","background-position":"center center","background-size":"auto","background-attachment":"scroll","background-type":"","background-media":"","overlay-type":"","overlay-color":"","overlay-gradient":""},"tablet":{"background-color":"","background-image":"","background-repeat":"repeat","background-position":"center center","background-size":"auto","background-attachment":"scroll","background-type":"","background-media":"","overlay-type":"","overlay-color":"","overlay-gradient":""},"mobile":{"background-color":"","background-image":"","background-repeat":"repeat","background-position":"center center","background-size":"auto","background-attachment":"scroll","background-type":"","background-media":"","overlay-type":"","overlay-color":"","overlay-gradient":""}},"ast-content-background-meta":{"desktop":{"background-color":"var(--ast-global-color-5)","background-image":"","background-repeat":"repeat","background-position":"center center","background-size":"auto","background-attachment":"scroll","background-type":"","background-media":"","overlay-type":"","overlay-color":"","overlay-gradient":""},"tablet":{"background-color":"var(--ast-global-color-5)","background-image":"","background-repeat":"repeat","background-position":"center center","background-size":"auto","background-attachment":"scroll","background-type":"","background-media":"","overlay-type":"","overlay-color":"","overlay-gradient":""},"mobile":{"background-color":"var(--ast-global-color-5)","background-image":"","background-repeat":"repeat","background-position":"center center","background-size":"auto","background-attachment":"scroll","background-type":"","background-media":"","overlay-type":"","overlay-color":"","overlay-gradient":""}},"footnotes":""},"aioseo_notices":[],"_links":{"self":[{"href":"https:\/\/www.marmottine.fr\/mag\/wp-json\/wp\/v2\/pages\/1205"}],"collection":[{"href":"https:\/\/www.marmottine.fr\/mag\/wp-json\/wp\/v2\/pages"}],"about":[{"href":"https:\/\/www.marmottine.fr\/mag\/wp-json\/wp\/v2\/types\/page"}],"author":[{"embeddable":true,"href":"https:\/\/www.marmottine.fr\/mag\/wp-json\/wp\/v2\/users\/5"}],"replies":[{"embeddable":true,"href":"https:\/\/www.marmottine.fr\/mag\/wp-json\/wp\/v2\/comments?post=1205"}],"version-history":[{"count":7,"href":"https:\/\/www.marmottine.fr\/mag\/wp-json\/wp\/v2\/pages\/1205\/revisions"}],"predecessor-version":[{"id":1279,"href":"https:\/\/www.marmottine.fr\/mag\/wp-json\/wp\/v2\/pages\/1205\/revisions\/1279"}],"up":[{"embeddable":true,"href":"https:\/\/www.marmottine.fr\/mag\/wp-json\/wp\/v2\/pages\/792"}],"wp:featuredmedia":[{"embeddable":true,"href":"https:\/\/www.marmottine.fr\/mag\/wp-json\/wp\/v2\/media\/1206"}],"wp:attachment":[{"href":"https:\/\/www.marmottine.fr\/mag\/wp-json\/wp\/v2\/media?parent=1205"}],"curies":[{"name":"wp","href":"https:\/\/api.w.org\/{rel}","templated":true}]}}